{"id":4586,"date":"2024-05-21T15:19:00","date_gmt":"2024-05-21T15:19:00","guid":{"rendered":"https:\/\/mf.alexcappello.eu\/materiales\/acero-inoxidable-astm-a193-b8m-a320-b8m-aisi-316l-w-1-4404\/"},"modified":"2024-05-21T15:19:00","modified_gmt":"2024-05-21T15:19:00","slug":"acero-inoxidable-astm-a193-b8m-a320-b8m-aisi-316l-w-1-4404","status":"publish","type":"page","link":"https:\/\/mfinox.com\/es\/materiales\/acero-inoxidable-astm-a193-b8m-a320-b8m-aisi-316l-w-1-4404\/","title":{"rendered":"Acero inoxidable ASTM A193 B8M A320 B8M AISI 316L W 1.4404"},"content":{"rendered":"<p>La especificaci\u00f3n <a href=\"https:\/\/mfinox.com\/es\/materiales\/acero-inoxidable-astm-a193-b8ma-a320-b8ma-w-1-4435\/\" style=\"text-decoration: underline;\">ASTM A193<\/a> grado B8M o A320 grado B8M define las caracter\u00edsticas t\u00e9cnicas de las fijaciones de acero inoxidable para aplicaciones de recipientes a presi\u00f3n a alta temperatura (temperaturas de servicio -196\u00b0C &#8211; 800\u00b0C); este tipo de fijaciones se utiliza mucho en los sectores del petr\u00f3leo, la miner\u00eda y las plantas qu\u00edmicas energ\u00e9ticas.<\/p>\n<p>Las especificaciones ASME SA 193 B8M recuerdan a las <a href=\"https:\/\/mfinox.com\/es\/materiales\/acero-inoxidable-astm-a193-b8ma-a320-b8ma-w-1-4435\/\" style=\"text-decoration: underline;\">ASTM A193<\/a> B8M. Este material es adecuado para la fabricaci\u00f3n de componentes que cumplan las normas EN ISO 3506-1 y EN ISO 3506-2 en las diferentes caracter\u00edsticas de resistencia mec\u00e1nica en funci\u00f3n del estado de la pieza acabada (A4-50, A4-70 y A4-80).<\/p>\n<h2><b>COMPOSICI\u00d3N QU\u00cdMICA ASTM A193 B8M A320 B8M AISI 316L W 1.4404<\/b><\/h2>\n<table class=\"responsive-table\">\n<thead>\n<tr>\n<th>Elemento<\/th>\n<th>Contenido<\/th>\n<\/tr>\n<\/thead>\n<tbody>\n<tr>\n<td data-label=\"Elemento\">C m\u00e1ximo<\/td>\n<td data-label=\"Contenuto\">0.08<\/td>\n<\/tr>\n<tr>\n<td data-label=\"Elemento\">S m\u00e1x<\/td>\n<td data-label=\"Contenuto\">0.030<\/td>\n<\/tr>\n<tr>\n<td data-label=\"Elemento\">P m\u00e1x<\/td>\n<td data-label=\"Contenuto\">0.045<\/td>\n<\/tr>\n<tr>\n<td data-label=\"Elemento\">S\u00ed m\u00e1x<\/td>\n<td data-label=\"Contenuto\">1.0<\/td>\n<\/tr>\n<tr>\n<td data-label=\"Elemento\">Mn m\u00e1x<\/td>\n<td data-label=\"Contenuto\">2.0<\/td>\n<\/tr>\n<tr>\n<td data-label=\"Elemento\">Cr<\/td>\n<td data-label=\"Contenuto\">16.0 &#8211; 18.0<\/td>\n<\/tr>\n<tr>\n<td data-label=\"Elemento\">Ni<\/td>\n<td data-label=\"Contenuto\">10.0 &#8211; 14.0<\/td>\n<\/tr>\n<tr>\n<td data-label=\"Elemento\">Mo<\/td>\n<td data-label=\"Contenuto\">2.0 &#8211; 3.0<\/td>\n<\/tr>\n<\/tbody>\n<\/table>\n<h2><b>CARACTER\u00cdSTICAS MEC\u00c1NICAS ASTM A193 B8M A320 B8M AISI 316L W 1.4404<\/b><\/h2>\n<table class=\"responsive-table\">\n<thead>\n<tr>\n<th>Material<\/th>\n<th>Liga<\/th>\n<th>Rm min<\/th>\n<th>Rp 0,2 min<\/th>\n<th>A% min<\/th>\n<th>Z% min<\/th>\n<th>Dureza m\u00e1x.<\/th>\n<\/tr>\n<\/thead>\n<tbody>\n<tr>\n<td data-label=\"Materiale\">ASTM A193 B8M Clase 1<\/td>\n<td data-label=\"Lega\">1.4404<\/td>\n<td data-label=\"Rm min\">515<\/td>\n<td data-label=\"Rp 0.2 min\">205<\/td>\n<td data-label=\"A% min\">30<\/td>\n<td data-label=\"Z% min\">50<\/td>\n<td data-label=\"Durezza max\">223 HB<\/td>\n<\/tr>\n<tr>\n<td data-label=\"Materiale\">ASTM A193 B8MA Clase 1<\/td>\n<td data-label=\"Lega\">1.4404<\/td>\n<td data-label=\"Rm min\">515<\/td>\n<td data-label=\"Rp 0.2 min\">205<\/td>\n<td data-label=\"A% min\">30<\/td>\n<td data-label=\"Z% min\">50<\/td>\n<td data-label=\"Durezza max\">223 HB<\/td>\n<\/tr>\n<tr>\n<td data-label=\"Materiale\">ASTM A193 B8M Clase 2 \u2264 20 mm<\/td>\n<td data-label=\"Lega\">1.4404<\/td>\n<td data-label=\"Rm min\">760<\/td>\n<td data-label=\"Rp 0.2 min\">655<\/td>\n<td data-label=\"A% min\">15<\/td>\n<td data-label=\"Z% min\">45<\/td>\n<td data-label=\"Durezza max\">321 HB<\/td>\n<\/tr>\n<tr>\n<td data-label=\"Materiale\"><24 mm{{{wpml_tag_143}}}\n            {{{wpml_tag_144}}}1.4404{{{wpml_tag_145}}}\n            {{{wpml_tag_146}}}690{{{wpml_tag_147}}}\n            {{{wpml_tag_148}}}345{{{wpml_tag_149}}}\n            {{{wpml_tag_150}}}28{{{wpml_tag_151}}}\n            {{{wpml_tag_152}}}45{{{wpml_tag_153}}}\n            {{{wpml_tag_154}}}321 HB{{{wpml_tag_155}}}\n        {{{wpml_tag_156}}}\n        {{{wpml_tag_157}}}\n            {{{wpml_tag_158}}}ASTM A193 B8M Class 2 > <30 mm{{{wpml_tag_160}}}\n            {{{wpml_tag_161}}}1.4404{{{wpml_tag_162}}}\n            {{{wpml_tag_163}}}655{{{wpml_tag_164}}}\n            {{{wpml_tag_165}}}450{{{wpml_tag_166}}}\n            {{{wpml_tag_167}}}25{{{wpml_tag_168}}}\n            {{{wpml_tag_169}}}45{{{wpml_tag_170}}}\n            {{{wpml_tag_171}}}321 HB{{{wpml_tag_172}}}\n        {{{wpml_tag_173}}}\n        {{{wpml_tag_174}}}\n            {{{wpml_tag_175}}}ASTM A193 B8M Class 2 > ASTM A193 B8M Clase 2 &gt; 20 mm &amp; 24 mm &amp; 30 mm &amp; &lt;36 mm<\/td>\n<td data-label=\"Lega\">1.4404<\/td>\n<td data-label=\"Rm min\">620<\/td>\n<td data-label=\"Rp 0.2 min\">345<\/td>\n<td data-label=\"A% min\">30<\/td>\n<td data-label=\"Z% min\">45<\/td>\n<td data-label=\"Durezza max\">321 HB<\/td>\n<\/tr>\n<\/tbody>\n<\/table>\n<h2><b>PROPIEDADES F\u00cdSICAS ASTM A193 B8M A320 B8M AISI 316L W 1.4404<\/b><\/h2>\n<ul>\n<li><strong>Densidad<\/strong>: 8,0 kg\/cm\u00b3 a 20\u00b0C<\/li>\n<li><strong>M\u00f3dulo de elasticidad<\/strong>: 200.000 N\/mm\u00b2 a 20\u00b0C<\/li>\n<li><strong>Conductividad t\u00e9rmica<\/strong>: 14,6 W\/m.K a 20\u00b0C<\/li>\n<li><strong>Calor espec\u00edfico<\/strong>: 500 J\/g.K a 20\u00b0C<\/li>\n<li><strong>Coeficientes de dilataci\u00f3n lineal<\/strong>: 16,5 (20\u00b0 &#8211; 200\u00b0C), 17,5 (20\u00b0 &#8211; 400\u00b0C), 19,0 (20\u00b0 &#8211; 600\u00b0C)<\/li>\n<li><strong>Resistividad el\u00e9ctrica<\/strong>: 0,75 \u03a9 mm\u00b2\/m a 20\u00b0C<\/li>\n<li><strong>No es magn\u00e9tico.<\/strong><\/li>\n<\/ul>\n<h2><b>CORRESPONDENCIA Y ESPECIFICACIONES ASTM A193 B8M<\/b><\/h2>\n<ul>\n<li>EN 10088\/3: X2 Cr Ni Mo 17-12-2<\/li>\n<li>W.: 1.4404<\/li>\n<li>JIS: G4303 &#8211; SUS316<\/li>\n<li>AISI: 316 L<\/li>\n<li>ISO: 3506-1, 3506-2<\/li>\n<\/ul>\n\t\t<div data-elementor-type=\"section\" data-elementor-id=\"2152\" class=\"elementor elementor-2152\" data-elementor-post-type=\"elementor_library\">\n\t\t\t<div class=\"elementor-element elementor-element-1a5312d e-flex e-con-boxed e-con e-parent\" data-id=\"1a5312d\" data-element_type=\"container\" data-e-type=\"container\">\n\t\t\t\t\t<div class=\"e-con-inner\">\n\t\t\t\t<div class=\"elementor-element elementor-element-703a4b7 elementor-widget elementor-widget-spacer\" data-id=\"703a4b7\" data-element_type=\"widget\" data-e-type=\"widget\" data-widget_type=\"spacer.default\">\n\t\t\t\t<div class=\"elementor-widget-container\">\n\t\t\t\t\t\t\t<div class=\"elementor-spacer\">\n\t\t\t<div class=\"elementor-spacer-inner\"><\/div>\n\t\t<\/div>\n\t\t\t\t\t\t<\/div>\n\t\t\t\t<\/div>\n\t\t\t\t\t<\/div>\n\t\t\t\t<\/div>\n\t\t\t\t<\/div>\n\t\t\n","protected":false},"excerpt":{"rendered":"<p>La especificaci\u00f3n ASTM A193 grado B8M o A320 grado B8M define las caracter\u00edsticas t\u00e9cnicas de las fijaciones de acero inoxidable para aplicaciones de recipientes a presi\u00f3n a alta temperatura (temperaturas de servicio -196\u00b0C &#8211; 800\u00b0C); este tipo de fijaciones se utiliza mucho en los sectores del petr\u00f3leo, la miner\u00eda y las plantas qu\u00edmicas energ\u00e9ticas. Las [&hellip;]<\/p>\n","protected":false},"author":1,"featured_media":0,"parent":4513,"menu_order":0,"comment_status":"closed","ping_status":"closed","template":"","meta":{"footnotes":""},"class_list":["post-4586","page","type-page","status-publish","hentry"],"yoast_head":"<!-- This site is optimized with the Yoast SEO plugin v27.5 - https:\/\/yoast.com\/product\/yoast-seo-wordpress\/ -->\n<title>Acero inoxidable ASTM A193 B8M A320 B8M AISI 316L W 1.4404 - M.F. INOX<\/title>\n<meta name=\"robots\" content=\"index, follow, max-snippet:-1, max-image-preview:large, max-video-preview:-1\" \/>\n<link rel=\"canonical\" href=\"https:\/\/mfinox.com\/es\/materiales\/acero-inoxidable-astm-a193-b8m-a320-b8m-aisi-316l-w-1-4404\/\" \/>\n<meta property=\"og:locale\" content=\"es_ES\" \/>\n<meta property=\"og:type\" content=\"article\" \/>\n<meta property=\"og:title\" content=\"Acero inoxidable ASTM A193 B8M A320 B8M AISI 316L W 1.4404 - M.F. INOX\" \/>\n<meta property=\"og:description\" content=\"La especificaci\u00f3n ASTM A193 grado B8M o A320 grado B8M define las caracter\u00edsticas t\u00e9cnicas de las fijaciones de acero inoxidable para aplicaciones de recipientes a presi\u00f3n a alta temperatura (temperaturas de servicio -196\u00b0C &#8211; 800\u00b0C); este tipo de fijaciones se utiliza mucho en los sectores del petr\u00f3leo, la miner\u00eda y las plantas qu\u00edmicas energ\u00e9ticas. Las [&hellip;]\" \/>\n<meta property=\"og:url\" content=\"https:\/\/mfinox.com\/es\/materiales\/acero-inoxidable-astm-a193-b8m-a320-b8m-aisi-316l-w-1-4404\/\" \/>\n<meta property=\"og:site_name\" content=\"M.F. INOX\" \/>\n<meta name=\"twitter:card\" content=\"summary_large_image\" \/>\n<meta name=\"twitter:label1\" content=\"Tiempo de lectura\" \/>\n\t<meta name=\"twitter:data1\" content=\"2 minutos\" \/>\n<script type=\"application\/ld+json\" class=\"yoast-schema-graph\">{\"@context\":\"https:\\\/\\\/schema.org\",\"@graph\":[{\"@type\":\"WebPage\",\"@id\":\"https:\\\/\\\/mfinox.com\\\/es\\\/materiales\\\/acero-inoxidable-astm-a193-b8m-a320-b8m-aisi-316l-w-1-4404\\\/\",\"url\":\"https:\\\/\\\/mfinox.com\\\/es\\\/materiales\\\/acero-inoxidable-astm-a193-b8m-a320-b8m-aisi-316l-w-1-4404\\\/\",\"name\":\"Acero inoxidable ASTM A193 B8M A320 B8M AISI 316L W 1.4404 - M.F. INOX\",\"isPartOf\":{\"@id\":\"https:\\\/\\\/mfinox.com\\\/es\\\/#website\"},\"datePublished\":\"2024-05-21T15:19:00+00:00\",\"breadcrumb\":{\"@id\":\"https:\\\/\\\/mfinox.com\\\/es\\\/materiales\\\/acero-inoxidable-astm-a193-b8m-a320-b8m-aisi-316l-w-1-4404\\\/#breadcrumb\"},\"inLanguage\":\"es\",\"potentialAction\":[{\"@type\":\"ReadAction\",\"target\":[\"https:\\\/\\\/mfinox.com\\\/es\\\/materiales\\\/acero-inoxidable-astm-a193-b8m-a320-b8m-aisi-316l-w-1-4404\\\/\"]}]},{\"@type\":\"BreadcrumbList\",\"@id\":\"https:\\\/\\\/mfinox.com\\\/es\\\/materiales\\\/acero-inoxidable-astm-a193-b8m-a320-b8m-aisi-316l-w-1-4404\\\/#breadcrumb\",\"itemListElement\":[{\"@type\":\"ListItem\",\"position\":1,\"name\":\"Home\",\"item\":\"https:\\\/\\\/mfinox.com\\\/es\\\/\"},{\"@type\":\"ListItem\",\"position\":2,\"name\":\"Materiales\",\"item\":\"https:\\\/\\\/mfinox.com\\\/es\\\/materiales\\\/\"},{\"@type\":\"ListItem\",\"position\":3,\"name\":\"Acero inoxidable ASTM A193 B8M A320 B8M AISI 316L W 1.4404\"}]},{\"@type\":\"WebSite\",\"@id\":\"https:\\\/\\\/mfinox.com\\\/es\\\/#website\",\"url\":\"https:\\\/\\\/mfinox.com\\\/es\\\/\",\"name\":\"M.F. INOX\",\"description\":\"\",\"publisher\":{\"@id\":\"https:\\\/\\\/mfinox.com\\\/es\\\/#organization\"},\"potentialAction\":[{\"@type\":\"SearchAction\",\"target\":{\"@type\":\"EntryPoint\",\"urlTemplate\":\"https:\\\/\\\/mfinox.com\\\/es\\\/?s={search_term_string}\"},\"query-input\":{\"@type\":\"PropertyValueSpecification\",\"valueRequired\":true,\"valueName\":\"search_term_string\"}}],\"inLanguage\":\"es\"},{\"@type\":\"Organization\",\"@id\":\"https:\\\/\\\/mfinox.com\\\/es\\\/#organization\",\"name\":\"M.F. INOX\",\"url\":\"https:\\\/\\\/mfinox.com\\\/es\\\/\",\"logo\":{\"@type\":\"ImageObject\",\"inLanguage\":\"es\",\"@id\":\"https:\\\/\\\/mfinox.com\\\/es\\\/#\\\/schema\\\/logo\\\/image\\\/\",\"url\":\"https:\\\/\\\/mfinox.com\\\/wp-content\\\/uploads\\\/2024\\\/05\\\/mf-inox_logo_neg.png\",\"contentUrl\":\"https:\\\/\\\/mfinox.com\\\/wp-content\\\/uploads\\\/2024\\\/05\\\/mf-inox_logo_neg.png\",\"width\":1949,\"height\":662,\"caption\":\"M.F. INOX\"},\"image\":{\"@id\":\"https:\\\/\\\/mfinox.com\\\/es\\\/#\\\/schema\\\/logo\\\/image\\\/\"}}]}<\/script>\n<!-- \/ Yoast SEO plugin. -->","yoast_head_json":{"title":"Acero inoxidable ASTM A193 B8M A320 B8M AISI 316L W 1.4404 - M.F. INOX","robots":{"index":"index","follow":"follow","max-snippet":"max-snippet:-1","max-image-preview":"max-image-preview:large","max-video-preview":"max-video-preview:-1"},"canonical":"https:\/\/mfinox.com\/es\/materiales\/acero-inoxidable-astm-a193-b8m-a320-b8m-aisi-316l-w-1-4404\/","og_locale":"es_ES","og_type":"article","og_title":"Acero inoxidable ASTM A193 B8M A320 B8M AISI 316L W 1.4404 - M.F. INOX","og_description":"La especificaci\u00f3n ASTM A193 grado B8M o A320 grado B8M define las caracter\u00edsticas t\u00e9cnicas de las fijaciones de acero inoxidable para aplicaciones de recipientes a presi\u00f3n a alta temperatura (temperaturas de servicio -196\u00b0C &#8211; 800\u00b0C); este tipo de fijaciones se utiliza mucho en los sectores del petr\u00f3leo, la miner\u00eda y las plantas qu\u00edmicas energ\u00e9ticas. Las [&hellip;]","og_url":"https:\/\/mfinox.com\/es\/materiales\/acero-inoxidable-astm-a193-b8m-a320-b8m-aisi-316l-w-1-4404\/","og_site_name":"M.F. INOX","twitter_card":"summary_large_image","twitter_misc":{"Tiempo de lectura":"2 minutos"},"schema":{"@context":"https:\/\/schema.org","@graph":[{"@type":"WebPage","@id":"https:\/\/mfinox.com\/es\/materiales\/acero-inoxidable-astm-a193-b8m-a320-b8m-aisi-316l-w-1-4404\/","url":"https:\/\/mfinox.com\/es\/materiales\/acero-inoxidable-astm-a193-b8m-a320-b8m-aisi-316l-w-1-4404\/","name":"Acero inoxidable ASTM A193 B8M A320 B8M AISI 316L W 1.4404 - M.F. INOX","isPartOf":{"@id":"https:\/\/mfinox.com\/es\/#website"},"datePublished":"2024-05-21T15:19:00+00:00","breadcrumb":{"@id":"https:\/\/mfinox.com\/es\/materiales\/acero-inoxidable-astm-a193-b8m-a320-b8m-aisi-316l-w-1-4404\/#breadcrumb"},"inLanguage":"es","potentialAction":[{"@type":"ReadAction","target":["https:\/\/mfinox.com\/es\/materiales\/acero-inoxidable-astm-a193-b8m-a320-b8m-aisi-316l-w-1-4404\/"]}]},{"@type":"BreadcrumbList","@id":"https:\/\/mfinox.com\/es\/materiales\/acero-inoxidable-astm-a193-b8m-a320-b8m-aisi-316l-w-1-4404\/#breadcrumb","itemListElement":[{"@type":"ListItem","position":1,"name":"Home","item":"https:\/\/mfinox.com\/es\/"},{"@type":"ListItem","position":2,"name":"Materiales","item":"https:\/\/mfinox.com\/es\/materiales\/"},{"@type":"ListItem","position":3,"name":"Acero inoxidable ASTM A193 B8M A320 B8M AISI 316L W 1.4404"}]},{"@type":"WebSite","@id":"https:\/\/mfinox.com\/es\/#website","url":"https:\/\/mfinox.com\/es\/","name":"M.F. INOX","description":"","publisher":{"@id":"https:\/\/mfinox.com\/es\/#organization"},"potentialAction":[{"@type":"SearchAction","target":{"@type":"EntryPoint","urlTemplate":"https:\/\/mfinox.com\/es\/?s={search_term_string}"},"query-input":{"@type":"PropertyValueSpecification","valueRequired":true,"valueName":"search_term_string"}}],"inLanguage":"es"},{"@type":"Organization","@id":"https:\/\/mfinox.com\/es\/#organization","name":"M.F. INOX","url":"https:\/\/mfinox.com\/es\/","logo":{"@type":"ImageObject","inLanguage":"es","@id":"https:\/\/mfinox.com\/es\/#\/schema\/logo\/image\/","url":"https:\/\/mfinox.com\/wp-content\/uploads\/2024\/05\/mf-inox_logo_neg.png","contentUrl":"https:\/\/mfinox.com\/wp-content\/uploads\/2024\/05\/mf-inox_logo_neg.png","width":1949,"height":662,"caption":"M.F. INOX"},"image":{"@id":"https:\/\/mfinox.com\/es\/#\/schema\/logo\/image\/"}}]}},"_links":{"self":[{"href":"https:\/\/mfinox.com\/es\/wp-json\/wp\/v2\/pages\/4586","targetHints":{"allow":["GET"]}}],"collection":[{"href":"https:\/\/mfinox.com\/es\/wp-json\/wp\/v2\/pages"}],"about":[{"href":"https:\/\/mfinox.com\/es\/wp-json\/wp\/v2\/types\/page"}],"author":[{"embeddable":true,"href":"https:\/\/mfinox.com\/es\/wp-json\/wp\/v2\/users\/1"}],"replies":[{"embeddable":true,"href":"https:\/\/mfinox.com\/es\/wp-json\/wp\/v2\/comments?post=4586"}],"version-history":[{"count":0,"href":"https:\/\/mfinox.com\/es\/wp-json\/wp\/v2\/pages\/4586\/revisions"}],"up":[{"embeddable":true,"href":"https:\/\/mfinox.com\/es\/wp-json\/wp\/v2\/pages\/4513"}],"wp:attachment":[{"href":"https:\/\/mfinox.com\/es\/wp-json\/wp\/v2\/media?parent=4586"}],"curies":[{"name":"wp","href":"https:\/\/api.w.org\/{rel}","templated":true}]}}