{"id":4581,"date":"2024-05-21T15:32:42","date_gmt":"2024-05-21T15:32:42","guid":{"rendered":"https:\/\/mf.alexcappello.eu\/materiales\/acero-inoxidable-astm-a193-b8a-a320-b8a-w-1-4307-aisi-304l\/"},"modified":"2024-07-16T15:58:54","modified_gmt":"2024-07-16T15:58:54","slug":"acero-inoxidable-astm-a193-b8a-a320-b8a-w-1-4307-aisi-304l","status":"publish","type":"page","link":"https:\/\/mfinox.com\/es\/materiales\/acero-inoxidable-astm-a193-b8a-a320-b8a-w-1-4307-aisi-304l\/","title":{"rendered":"Acero inoxidable ASTM A193 B8A A320 B8A W 1.4307 AISI 304L"},"content":{"rendered":"\t\t<div data-elementor-type=\"wp-page\" data-elementor-id=\"4581\" class=\"elementor elementor-4581 elementor-784\" data-elementor-post-type=\"page\">\n\t\t\t\t<div class=\"elementor-element elementor-element-33173553 e-flex e-con-boxed e-con e-parent\" data-id=\"33173553\" data-element_type=\"container\" data-e-type=\"container\" data-settings=\"{&quot;background_background&quot;:&quot;classic&quot;}\">\n\t\t\t\t\t<div class=\"e-con-inner\">\n\t\t\t\t<div class=\"elementor-element elementor-element-2d5e2dc3 elementor-invisible elementor-widget elementor-widget-heading\" data-id=\"2d5e2dc3\" data-element_type=\"widget\" data-e-type=\"widget\" data-settings=\"{&quot;_animation&quot;:&quot;fadeIn&quot;}\" data-widget_type=\"heading.default\">\n\t\t\t\t<div class=\"elementor-widget-container\">\n\t\t\t\t\t<h1 class=\"elementor-heading-title elementor-size-default\">ASTM A193 B8A A320 B8A W 1.4307 AISI 304L<\/h1>\t\t\t\t<\/div>\n\t\t\t\t<\/div>\n\t\t\t\t<div class=\"elementor-element elementor-element-4a92a1a0 elementor-invisible elementor-widget elementor-widget-shortcode\" data-id=\"4a92a1a0\" data-element_type=\"widget\" data-e-type=\"widget\" data-settings=\"{&quot;_animation&quot;:&quot;fadeIn&quot;}\" data-widget_type=\"shortcode.default\">\n\t\t\t\t<div class=\"elementor-widget-container\">\n\t\t\t\t\t\t\t<div class=\"elementor-shortcode\"><nav aria-label=\"breadcrumb\"><div class=\"breadcrumb\"><span class=\"breadcrumb-item\"><a href=\"https:\/\/mfinox.com\/es\/\" style=\"color: #F3912E;\">Home<\/a><\/span><\/div><\/nav><\/div>\n\t\t\t\t\t\t<\/div>\n\t\t\t\t<\/div>\n\t\t\t\t\t<\/div>\n\t\t\t\t<\/div>\n\t\t<div class=\"elementor-element elementor-element-376cc4c e-flex e-con-boxed e-con e-parent\" data-id=\"376cc4c\" data-element_type=\"container\" data-e-type=\"container\">\n\t\t\t\t\t<div class=\"e-con-inner\">\n\t\t\t\t<div class=\"elementor-element elementor-element-68c5d77 elementor-widget elementor-widget-text-editor\" data-id=\"68c5d77\" data-element_type=\"widget\" data-e-type=\"widget\" data-widget_type=\"text-editor.default\">\n\t\t\t\t<div class=\"elementor-widget-container\">\n\t\t\t\t\t\t\t\t\t<p>La especificaci\u00f3n <a href=\"https:\/\/mfinox.com\/es\/materiales\/acero-inoxidable-astm-a193-b8ma-a320-b8ma-w-1-4435\/\" style=\"text-decoration: underline;\">ASTM A193<\/a> grado B8A o A320 grado B8A define las caracter\u00edsticas t\u00e9cnicas de las fijaciones de acero inoxidable adecuadas para su aplicaci\u00f3n en recipientes a presi\u00f3n y en presencia de temperaturas altas o bajas (temperaturas de servicio de -196\u00b0C a 800\u00b0C); este tipo de fijaci\u00f3n se utiliza ampliamente en los sectores qu\u00edmico, minero y energ\u00e9tico. Se diferencia de la <a href=\"https:\/\/mfinox.com\/es\/materiales\/acero-inoxidable-astm-a193-b8ma-a320-b8ma-w-1-4435\/\" style=\"text-decoration: underline;\">ASTM A193<\/a> B8A A320 B8 en que las piezas en estado acabado se someten a un tratamiento de disoluci\u00f3n para alcanzar una dureza final comprendida entre 90 y 192 HB.<\/p>\n\n<h2><b>COMPOSICI\u00d3N QU\u00cdMICA ASTM A193 B8A A320 B8A W 1.4307 AISI 304L<\/b><\/h2>\n<table class=\"responsive-table\">\n    <thead>\n        <tr>\n            <th>Elemento<\/th>\n            <th>Contenido<\/th>\n        <\/tr>\n    <\/thead>\n    <tbody>\n        <tr>\n            <td data-label=\"Elemento\">C m\u00e1ximo<\/td>\n            <td data-label=\"Contenuto\">0.08<\/td>\n        <\/tr>\n        <tr>\n            <td data-label=\"Elemento\">S m\u00e1x<\/td>\n            <td data-label=\"Contenuto\">0.03<\/td>\n        <\/tr>\n        <tr>\n            <td data-label=\"Elemento\">P m\u00e1x<\/td>\n            <td data-label=\"Contenuto\">0.045<\/td>\n        <\/tr>\n        <tr>\n            <td data-label=\"Elemento\">S\u00ed m\u00e1x<\/td>\n            <td data-label=\"Contenuto\">1.0<\/td>\n        <\/tr>\n        <tr>\n            <td data-label=\"Elemento\">Mn m\u00e1x<\/td>\n            <td data-label=\"Contenuto\">2.0<\/td>\n        <\/tr>\n        <tr>\n            <td data-label=\"Elemento\">Cr<\/td>\n            <td data-label=\"Contenuto\">18.0-22.0<\/td>\n        <\/tr>\n        <tr>\n            <td data-label=\"Elemento\">Ni<\/td>\n            <td data-label=\"Contenuto\">8.0-11.0<\/td>\n        <\/tr>\n    <\/tbody>\n<\/table>\n\n<h2><b>CARACTER\u00cdSTICAS MEC\u00c1NICAS ASTM A193 B8A A320 B8A W 1.4307 AISI 304L<\/b><\/h2>\n<table class=\"responsive-table\">\n    <thead>\n        <tr>\n            <th>Grado<\/th>\n            <th>Talla<\/th>\n            <th>Rm min (MPa)<\/th>\n            <th>Rp 0,2 min (MPa)<\/th>\n            <th>E% min<\/th>\n            <th>RA min<\/th>\n        <\/tr>\n    <\/thead>\n    <tbody>\n        <tr>\n            <td data-label=\"Grado\">B8A<\/td>\n            <td data-label=\"Dimensione\">Todos los di\u00e1metros<\/td>\n            <td data-label=\"Rm min (MPa)\">515<\/td>\n            <td data-label=\"Rp 0.2 min (MPa)\">205<\/td>\n            <td data-label=\"E% min\">30<\/td>\n            <td data-label=\"RA min\">50<\/td>\n        <\/tr>\n    <\/tbody>\n<\/table>\n\n<h2><b>PROPIEDADES F\u00cdSICAS ASTM A193 B8A A320 B8A W 1.4307 AISI 304L<\/b><\/h2>\n<ul>\n    <li><strong>Densidad<\/strong>: 7,9 g\/cm\u00b3 a 20\u00b0C<\/li>\n    <li><strong>M\u00f3dulo de elasticidad<\/strong>: 200.000 N\/mm\u00b2 a 20\u00b0C<\/li>\n    <li><strong>Conductividad t\u00e9rmica<\/strong>: 14,6 W\/m.K a 20\u00b0C<\/li>\n    <li><strong>Calor espec\u00edfico<\/strong>: 500 J\/g.K a 20\u00b0C<\/li>\n    <li><strong>Coeficientes de dilataci\u00f3n lineal<\/strong>: 16,5 (20\u00b0 &#8211; 200\u00b0C), 17,5 (20\u00b0 &#8211; 400\u00b0C), 18,5 (20\u00b0 &#8211; 600\u00b0C)<\/li>\n    <li><strong>Resistividad el\u00e9ctrica<\/strong>: 0,73 \u03a9 mm\u00b2\/m a 20\u00b0C<\/li>\n    <li><strong>Magn\u00e9tico<\/strong>: S\u00ed<\/li>\n<\/ul>\n\n<h2><b>CORRESPONDENCIA ASTM A193 B8A A320 B8A W 1.4307 AISI 304L<\/b><\/h2>\n<ul>\n    <li>EN 10088\/3: X2 Cr Ni 1811<\/li>\n    <li>W: 1.4307 &#8211; 1.4306<\/li>\n    <li>JIS: G4303 &#8211; SUS304<\/li>\n    <li>AISI: 304 L<\/li>\n    <li>EN 3506-1\/2: A2-50<\/li>\n<\/ul>\n\t\t<div data-elementor-type=\"section\" data-elementor-id=\"2152\" class=\"elementor elementor-2152\" data-elementor-post-type=\"elementor_library\">\n\t\t\t<div class=\"elementor-element elementor-element-1a5312d e-flex e-con-boxed e-con e-parent\" data-id=\"1a5312d\" data-element_type=\"container\" data-e-type=\"container\">\n\t\t\t\t\t<div class=\"e-con-inner\">\n\t\t\t\t<div class=\"elementor-element elementor-element-703a4b7 elementor-widget elementor-widget-spacer\" data-id=\"703a4b7\" data-element_type=\"widget\" data-e-type=\"widget\" data-widget_type=\"spacer.default\">\n\t\t\t\t<div class=\"elementor-widget-container\">\n\t\t\t\t\t\t\t<div class=\"elementor-spacer\">\n\t\t\t<div class=\"elementor-spacer-inner\"><\/div>\n\t\t<\/div>\n\t\t\t\t\t\t<\/div>\n\t\t\t\t<\/div>\n\t\t\t\t\t<\/div>\n\t\t\t\t<\/div>\n\t\t\t\t<\/div>\n\t\t\t\t\t\t\t\t\t\t<\/div>\n\t\t\t\t<\/div>\n\t\t\t\t\t<\/div>\n\t\t\t\t<\/div>\n\t\t\t\t<\/div>\n\t\t","protected":false},"excerpt":{"rendered":"<p>ASTM A193 B8A A320 B8A W 1.4307 AISI 304L La especificaci\u00f3n ASTM A193 grado B8A o A320 grado B8A define las caracter\u00edsticas t\u00e9cnicas de las fijaciones de acero inoxidable adecuadas para su aplicaci\u00f3n en recipientes a presi\u00f3n y en presencia de temperaturas altas o bajas (temperaturas de servicio de -196\u00b0C a 800\u00b0C); este tipo de [&hellip;]<\/p>\n","protected":false},"author":1,"featured_media":0,"parent":4513,"menu_order":0,"comment_status":"closed","ping_status":"closed","template":"","meta":{"footnotes":""},"class_list":["post-4581","page","type-page","status-publish","hentry"],"yoast_head":"<!-- This site is optimized with the Yoast SEO plugin v27.6 - https:\/\/yoast.com\/product\/yoast-seo-wordpress\/ -->\n<title>Acero inoxidable ASTM A193 B8A A320 B8A W 1.4307 AISI 304L - M.F. INOX<\/title>\n<meta name=\"robots\" content=\"index, follow, max-snippet:-1, max-image-preview:large, max-video-preview:-1\" \/>\n<link rel=\"canonical\" href=\"https:\/\/mfinox.com\/es\/materiales\/acero-inoxidable-astm-a193-b8a-a320-b8a-w-1-4307-aisi-304l\/\" \/>\n<meta property=\"og:locale\" content=\"es_ES\" \/>\n<meta property=\"og:type\" content=\"article\" \/>\n<meta property=\"og:title\" content=\"Acero inoxidable ASTM A193 B8A A320 B8A W 1.4307 AISI 304L - M.F. INOX\" \/>\n<meta property=\"og:description\" content=\"ASTM A193 B8A A320 B8A W 1.4307 AISI 304L La especificaci\u00f3n ASTM A193 grado B8A o A320 grado B8A define las caracter\u00edsticas t\u00e9cnicas de las fijaciones de acero inoxidable adecuadas para su aplicaci\u00f3n en recipientes a presi\u00f3n y en presencia de temperaturas altas o bajas (temperaturas de servicio de -196\u00b0C a 800\u00b0C); este tipo de [&hellip;]\" \/>\n<meta property=\"og:url\" content=\"https:\/\/mfinox.com\/es\/materiales\/acero-inoxidable-astm-a193-b8a-a320-b8a-w-1-4307-aisi-304l\/\" \/>\n<meta property=\"og:site_name\" content=\"M.F. INOX\" \/>\n<meta property=\"article:modified_time\" content=\"2024-07-16T15:58:54+00:00\" \/>\n<meta name=\"twitter:card\" content=\"summary_large_image\" \/>\n<meta name=\"twitter:label1\" content=\"Tiempo de lectura\" \/>\n\t<meta name=\"twitter:data1\" content=\"1 minuto\" \/>\n<script type=\"application\/ld+json\" class=\"yoast-schema-graph\">{\"@context\":\"https:\\\/\\\/schema.org\",\"@graph\":[{\"@type\":\"WebPage\",\"@id\":\"https:\\\/\\\/mfinox.com\\\/es\\\/materiales\\\/acero-inoxidable-astm-a193-b8a-a320-b8a-w-1-4307-aisi-304l\\\/\",\"url\":\"https:\\\/\\\/mfinox.com\\\/es\\\/materiales\\\/acero-inoxidable-astm-a193-b8a-a320-b8a-w-1-4307-aisi-304l\\\/\",\"name\":\"Acero inoxidable ASTM A193 B8A A320 B8A W 1.4307 AISI 304L - M.F. INOX\",\"isPartOf\":{\"@id\":\"https:\\\/\\\/mfinox.com\\\/es\\\/#website\"},\"datePublished\":\"2024-05-21T15:32:42+00:00\",\"dateModified\":\"2024-07-16T15:58:54+00:00\",\"breadcrumb\":{\"@id\":\"https:\\\/\\\/mfinox.com\\\/es\\\/materiales\\\/acero-inoxidable-astm-a193-b8a-a320-b8a-w-1-4307-aisi-304l\\\/#breadcrumb\"},\"inLanguage\":\"es\",\"potentialAction\":[{\"@type\":\"ReadAction\",\"target\":[\"https:\\\/\\\/mfinox.com\\\/es\\\/materiales\\\/acero-inoxidable-astm-a193-b8a-a320-b8a-w-1-4307-aisi-304l\\\/\"]}]},{\"@type\":\"BreadcrumbList\",\"@id\":\"https:\\\/\\\/mfinox.com\\\/es\\\/materiales\\\/acero-inoxidable-astm-a193-b8a-a320-b8a-w-1-4307-aisi-304l\\\/#breadcrumb\",\"itemListElement\":[{\"@type\":\"ListItem\",\"position\":1,\"name\":\"Home\",\"item\":\"https:\\\/\\\/mfinox.com\\\/es\\\/\"},{\"@type\":\"ListItem\",\"position\":2,\"name\":\"Materiales\",\"item\":\"https:\\\/\\\/mfinox.com\\\/es\\\/materiales\\\/\"},{\"@type\":\"ListItem\",\"position\":3,\"name\":\"Acero inoxidable ASTM A193 B8A A320 B8A W 1.4307 AISI 304L\"}]},{\"@type\":\"WebSite\",\"@id\":\"https:\\\/\\\/mfinox.com\\\/es\\\/#website\",\"url\":\"https:\\\/\\\/mfinox.com\\\/es\\\/\",\"name\":\"M.F. INOX\",\"description\":\"\",\"publisher\":{\"@id\":\"https:\\\/\\\/mfinox.com\\\/es\\\/#organization\"},\"potentialAction\":[{\"@type\":\"SearchAction\",\"target\":{\"@type\":\"EntryPoint\",\"urlTemplate\":\"https:\\\/\\\/mfinox.com\\\/es\\\/?s={search_term_string}\"},\"query-input\":{\"@type\":\"PropertyValueSpecification\",\"valueRequired\":true,\"valueName\":\"search_term_string\"}}],\"inLanguage\":\"es\"},{\"@type\":\"Organization\",\"@id\":\"https:\\\/\\\/mfinox.com\\\/es\\\/#organization\",\"name\":\"M.F. INOX\",\"url\":\"https:\\\/\\\/mfinox.com\\\/es\\\/\",\"logo\":{\"@type\":\"ImageObject\",\"inLanguage\":\"es\",\"@id\":\"https:\\\/\\\/mfinox.com\\\/es\\\/#\\\/schema\\\/logo\\\/image\\\/\",\"url\":\"https:\\\/\\\/mfinox.com\\\/wp-content\\\/uploads\\\/2024\\\/05\\\/mf-inox_logo_neg.png\",\"contentUrl\":\"https:\\\/\\\/mfinox.com\\\/wp-content\\\/uploads\\\/2024\\\/05\\\/mf-inox_logo_neg.png\",\"width\":1949,\"height\":662,\"caption\":\"M.F. INOX\"},\"image\":{\"@id\":\"https:\\\/\\\/mfinox.com\\\/es\\\/#\\\/schema\\\/logo\\\/image\\\/\"}}]}<\/script>\n<!-- \/ Yoast SEO plugin. -->","yoast_head_json":{"title":"Acero inoxidable ASTM A193 B8A A320 B8A W 1.4307 AISI 304L - M.F. INOX","robots":{"index":"index","follow":"follow","max-snippet":"max-snippet:-1","max-image-preview":"max-image-preview:large","max-video-preview":"max-video-preview:-1"},"canonical":"https:\/\/mfinox.com\/es\/materiales\/acero-inoxidable-astm-a193-b8a-a320-b8a-w-1-4307-aisi-304l\/","og_locale":"es_ES","og_type":"article","og_title":"Acero inoxidable ASTM A193 B8A A320 B8A W 1.4307 AISI 304L - M.F. INOX","og_description":"ASTM A193 B8A A320 B8A W 1.4307 AISI 304L La especificaci\u00f3n ASTM A193 grado B8A o A320 grado B8A define las caracter\u00edsticas t\u00e9cnicas de las fijaciones de acero inoxidable adecuadas para su aplicaci\u00f3n en recipientes a presi\u00f3n y en presencia de temperaturas altas o bajas (temperaturas de servicio de -196\u00b0C a 800\u00b0C); este tipo de [&hellip;]","og_url":"https:\/\/mfinox.com\/es\/materiales\/acero-inoxidable-astm-a193-b8a-a320-b8a-w-1-4307-aisi-304l\/","og_site_name":"M.F. INOX","article_modified_time":"2024-07-16T15:58:54+00:00","twitter_card":"summary_large_image","twitter_misc":{"Tiempo de lectura":"1 minuto"},"schema":{"@context":"https:\/\/schema.org","@graph":[{"@type":"WebPage","@id":"https:\/\/mfinox.com\/es\/materiales\/acero-inoxidable-astm-a193-b8a-a320-b8a-w-1-4307-aisi-304l\/","url":"https:\/\/mfinox.com\/es\/materiales\/acero-inoxidable-astm-a193-b8a-a320-b8a-w-1-4307-aisi-304l\/","name":"Acero inoxidable ASTM A193 B8A A320 B8A W 1.4307 AISI 304L - M.F. INOX","isPartOf":{"@id":"https:\/\/mfinox.com\/es\/#website"},"datePublished":"2024-05-21T15:32:42+00:00","dateModified":"2024-07-16T15:58:54+00:00","breadcrumb":{"@id":"https:\/\/mfinox.com\/es\/materiales\/acero-inoxidable-astm-a193-b8a-a320-b8a-w-1-4307-aisi-304l\/#breadcrumb"},"inLanguage":"es","potentialAction":[{"@type":"ReadAction","target":["https:\/\/mfinox.com\/es\/materiales\/acero-inoxidable-astm-a193-b8a-a320-b8a-w-1-4307-aisi-304l\/"]}]},{"@type":"BreadcrumbList","@id":"https:\/\/mfinox.com\/es\/materiales\/acero-inoxidable-astm-a193-b8a-a320-b8a-w-1-4307-aisi-304l\/#breadcrumb","itemListElement":[{"@type":"ListItem","position":1,"name":"Home","item":"https:\/\/mfinox.com\/es\/"},{"@type":"ListItem","position":2,"name":"Materiales","item":"https:\/\/mfinox.com\/es\/materiales\/"},{"@type":"ListItem","position":3,"name":"Acero inoxidable ASTM A193 B8A A320 B8A W 1.4307 AISI 304L"}]},{"@type":"WebSite","@id":"https:\/\/mfinox.com\/es\/#website","url":"https:\/\/mfinox.com\/es\/","name":"M.F. INOX","description":"","publisher":{"@id":"https:\/\/mfinox.com\/es\/#organization"},"potentialAction":[{"@type":"SearchAction","target":{"@type":"EntryPoint","urlTemplate":"https:\/\/mfinox.com\/es\/?s={search_term_string}"},"query-input":{"@type":"PropertyValueSpecification","valueRequired":true,"valueName":"search_term_string"}}],"inLanguage":"es"},{"@type":"Organization","@id":"https:\/\/mfinox.com\/es\/#organization","name":"M.F. INOX","url":"https:\/\/mfinox.com\/es\/","logo":{"@type":"ImageObject","inLanguage":"es","@id":"https:\/\/mfinox.com\/es\/#\/schema\/logo\/image\/","url":"https:\/\/mfinox.com\/wp-content\/uploads\/2024\/05\/mf-inox_logo_neg.png","contentUrl":"https:\/\/mfinox.com\/wp-content\/uploads\/2024\/05\/mf-inox_logo_neg.png","width":1949,"height":662,"caption":"M.F. INOX"},"image":{"@id":"https:\/\/mfinox.com\/es\/#\/schema\/logo\/image\/"}}]}},"_links":{"self":[{"href":"https:\/\/mfinox.com\/es\/wp-json\/wp\/v2\/pages\/4581","targetHints":{"allow":["GET"]}}],"collection":[{"href":"https:\/\/mfinox.com\/es\/wp-json\/wp\/v2\/pages"}],"about":[{"href":"https:\/\/mfinox.com\/es\/wp-json\/wp\/v2\/types\/page"}],"author":[{"embeddable":true,"href":"https:\/\/mfinox.com\/es\/wp-json\/wp\/v2\/users\/1"}],"replies":[{"embeddable":true,"href":"https:\/\/mfinox.com\/es\/wp-json\/wp\/v2\/comments?post=4581"}],"version-history":[{"count":0,"href":"https:\/\/mfinox.com\/es\/wp-json\/wp\/v2\/pages\/4581\/revisions"}],"up":[{"embeddable":true,"href":"https:\/\/mfinox.com\/es\/wp-json\/wp\/v2\/pages\/4513"}],"wp:attachment":[{"href":"https:\/\/mfinox.com\/es\/wp-json\/wp\/v2\/media?parent=4581"}],"curies":[{"name":"wp","href":"https:\/\/api.w.org\/{rel}","templated":true}]}}