{"id":4534,"date":"2024-05-15T05:49:19","date_gmt":"2024-05-15T05:49:19","guid":{"rendered":"https:\/\/mf.alexcappello.eu\/materiales\/14307-x2crni19-11-304l-s30403-a193-b8-a320-b8\/"},"modified":"2024-09-04T10:12:17","modified_gmt":"2024-09-04T10:12:17","slug":"14307-x2crni19-11-304l-s30403-a193-b8-a320-b8","status":"publish","type":"page","link":"https:\/\/mfinox.com\/es\/materiales\/14307-x2crni19-11-304l-s30403-a193-b8-a320-b8\/","title":{"rendered":"14307 X2CrNi19-11 304L S30403 A193 B8 A320 B8"},"content":{"rendered":"\t\t<div data-elementor-type=\"wp-page\" data-elementor-id=\"4534\" class=\"elementor elementor-4534 elementor-701\" data-elementor-post-type=\"page\">\n\t\t\t\t<div class=\"elementor-element elementor-element-67a2c1fd e-flex e-con-boxed e-con e-parent\" data-id=\"67a2c1fd\" data-element_type=\"container\" data-e-type=\"container\">\n\t\t\t\t\t<div class=\"e-con-inner\">\n\t\t\t\t\t<\/div>\n\t\t\t\t<\/div>\n\t\t<div class=\"elementor-element elementor-element-2f6e420e e-flex e-con-boxed e-con e-parent\" data-id=\"2f6e420e\" data-element_type=\"container\" data-e-type=\"container\" data-settings=\"{&quot;background_background&quot;:&quot;classic&quot;}\">\n\t\t\t\t\t<div class=\"e-con-inner\">\n\t\t\t\t<div class=\"elementor-element elementor-element-adf93b9 titolo-materiali elementor-invisible elementor-widget elementor-widget-heading\" data-id=\"adf93b9\" data-element_type=\"widget\" data-e-type=\"widget\" data-settings=\"{&quot;_animation&quot;:&quot;fadeIn&quot;}\" data-widget_type=\"heading.default\">\n\t\t\t\t<div class=\"elementor-widget-container\">\n\t\t\t\t\t<h1 class=\"elementor-heading-title elementor-size-default\">14307 X2CrNi19-11 304L S30403 A193 B8 A320 B8<\/h1>\t\t\t\t<\/div>\n\t\t\t\t<\/div>\n\t\t\t\t<div class=\"elementor-element elementor-element-60b05f09 elementor-invisible elementor-widget elementor-widget-shortcode\" data-id=\"60b05f09\" data-element_type=\"widget\" data-e-type=\"widget\" data-settings=\"{&quot;_animation&quot;:&quot;fadeIn&quot;}\" data-widget_type=\"shortcode.default\">\n\t\t\t\t<div class=\"elementor-widget-container\">\n\t\t\t\t\t\t\t<div class=\"elementor-shortcode\"><nav aria-label=\"breadcrumb\"><div class=\"breadcrumb\"><span class=\"breadcrumb-item\"><a href=\"https:\/\/mfinox.com\/es\/\" style=\"color: #F3912E;\">Home<\/a><\/span><\/div><\/nav><\/div>\n\t\t\t\t\t\t<\/div>\n\t\t\t\t<\/div>\n\t\t\t\t\t<\/div>\n\t\t\t\t<\/div>\n\t\t<div class=\"elementor-element elementor-element-27c8b25d e-flex e-con-boxed elementor-invisible e-con e-parent\" data-id=\"27c8b25d\" data-element_type=\"container\" data-e-type=\"container\" data-settings=\"{&quot;animation&quot;:&quot;fadeInUp&quot;}\">\n\t\t\t\t\t<div class=\"e-con-inner\">\n\t\t\t\t<div class=\"elementor-element elementor-element-42831ad5 elementor-widget elementor-widget-text-editor\" data-id=\"42831ad5\" data-element_type=\"widget\" data-e-type=\"widget\" data-widget_type=\"text-editor.default\">\n\t\t\t\t<div class=\"elementor-widget-container\">\n\t\t\t\t\t\t\t\t\t    <p>La especificaci\u00f3n <strong><a href=\"https:\/\/mfinox.com\/es\/materiales\/acero-inoxidable-astm-a193-b8ma-a320-b8ma-w-1-4435\/\" style=\"text-decoration: underline;\">ASTM A193<\/a> grado B8 o A320 grado B8<\/strong> define las caracter\u00edsticas t\u00e9cnicas de las fijaciones de acero inoxidable adecuadas para su aplicaci\u00f3n en recipientes a presi\u00f3n y en presencia de temperaturas altas o bajas (temperaturas de servicio de -196\u00b0C a 800\u00b0C); este tipo de fijaci\u00f3n se utiliza ampliamente en los sectores qu\u00edmico, minero y energ\u00e9tico.<\/p>\n    <p>Las especificaciones <strong>ASME SA 193 B8 SA 320 B8<\/strong> recuerdan a las especificaciones <strong><a href=\"https:\/\/mfinox.com\/es\/materiales\/acero-inoxidable-astm-a193-b8ma-a320-b8ma-w-1-4435\/\" style=\"text-decoration: underline;\">ASTM A193<\/a> B8 A320 B8<\/strong><\/p>\n    \n    <h2><strong>CORRESPONDENCIA ASTM A193 B8 A320 B8<\/strong><\/h2>\n    <table class=\"responsive-table\">\n        <thead>\n            <tr>\n                <th>EN 10088\/3<\/th><th>W<\/th><th>JIS<\/th><th>AISI<\/th>\n            <\/tr>\n        <\/thead>\n        <tbody>\n            <tr>\n                <td data-label=\"EN 10088\/3\">X 2 Cr Ni 1811 X 2 Cr Ni 1811<\/td><td data-label=\"W\">1.4307 &#8211; 1.4306<\/td><td data-label=\"JIS\">G4303 &#8211; SUS304<\/td><td data-label=\"AISI\">304 L<\/td>\n            <\/tr>\n        <\/tbody>\n    <\/table>\n    \n    <h2><strong>CARACTER\u00cdSTICAS MEC\u00c1NICAS ASTM A193 B8 A320 B8<\/strong><\/h2>\n    <table class=\"responsive-table\">\n        <thead>\n            <tr>\n                <th>Grado<\/th>\n                <th>Talla<\/th>\n                <th>Rm Mpa<\/th>\n                <th>Rp 02 Mpa<\/th>\n                <th>E%<\/th>\n                <th>RA<\/th>\n            <\/tr>\n        <\/thead>\n        <tbody>\n            <tr>\n                <td data-label=\"Grado\">B8<\/td>\n                <td data-label=\"Dimensione\">Todos los di\u00e1metros<\/td>\n                <td data-label=\"Rm Mpa\">515<\/td>\n                <td data-label=\"Rp 02 Mpa\">205<\/td>\n                <td data-label=\"E%\">30<\/td>\n                <td data-label=\"RA\">50<\/td>\n            <\/tr>\n        <\/tbody>\n    <\/table>\n    \n    <h2><strong>COMPOSICI\u00d3N QU\u00cdMICA ASTM A193 B8 A320 B8<\/strong><\/h2>\n    <table class=\"responsive-table\">\n        <thead>\n            <tr>\n                <th>C m\u00e1ximo<\/th>\n                <th>S m\u00e1x<\/th>\n                <th>P m\u00e1x<\/th>\n                <th>S\u00ed m\u00e1x<\/th>\n                <th>Mn m\u00e1x<\/th>\n                <th>Cr<\/th>\n                <th>Ni<\/th>\n            <\/tr>\n        <\/thead>\n        <tbody>\n            <tr>\n                <td data-label=\"C max\">0.08<\/td>\n                <td data-label=\"S max\">0.03<\/td>\n                <td data-label=\"P max\">0.045<\/td>\n                <td data-label=\"Si max\">1.0<\/td>\n                <td data-label=\"Mn max\">2.0<\/td>\n                <td data-label=\"Cr\">18.0-22.0<\/td>\n                <td data-label=\"Ni\">8.0-11.0<\/td>\n            <\/tr>\n        <\/tbody>\n    <\/table>\n    \n    <p><strong>Densidad m\u00e1sica<\/strong>: g\/cm\u00b3 20\u00b0C &#8211; 7,9<\/p>\n    <p><strong>M\u00f3dulo de elasticidad<\/strong>: N\/mm2 20\u00b0C &#8211; 200.000<\/p>\n    <p><strong>Conductividad t\u00e9rmica<\/strong>: W\/m.K. (20\u00b0C) &#8211; 14,6<\/p>\n    <p><strong>Calor<\/strong> espec\u00edfico: J\/g.K. (20\u00b0C) &#8211; 500<\/p>\n    <p><strong>Coeficientes de dilataci\u00f3n lineal<\/strong>: 20\u00b0 &#8211; 200\u00b0C &#8211; 16,5, 20\u00b0 &#8211; 400\u00b0C &#8211; 17,5, 20\u00b0 &#8211; 600\u00b0C &#8211; 18,5<\/p>\n    <p><strong>Resistividad<\/strong> el\u00e9ctrica: \u03a9 mm\u00b2\/m 20\u00b0C 0,73<\/p>\n    <p>No es magn\u00e9tico.<\/p>\n\n\t\t\t\t\t\t\t\t<\/div>\n\t\t\t\t<\/div>\n\t\t\t\t\t<\/div>\n\t\t\t\t<\/div>\n\t\t\t\t<\/div>\n\t\t","protected":false},"excerpt":{"rendered":"<p>14307 X2CrNi19-11 304L S30403 A193 B8 A320 B8 La especificaci\u00f3n ASTM A193 grado B8 o A320 grado B8 define las caracter\u00edsticas t\u00e9cnicas de las fijaciones de acero inoxidable adecuadas para su aplicaci\u00f3n en recipientes a presi\u00f3n y en presencia de temperaturas altas o bajas (temperaturas de servicio de -196\u00b0C a 800\u00b0C); este tipo de fijaci\u00f3n [&hellip;]<\/p>\n","protected":false},"author":1,"featured_media":0,"parent":4513,"menu_order":0,"comment_status":"closed","ping_status":"closed","template":"","meta":{"footnotes":""},"class_list":["post-4534","page","type-page","status-publish","hentry"],"yoast_head":"<!-- This site is optimized with the Yoast SEO plugin v27.4 - https:\/\/yoast.com\/product\/yoast-seo-wordpress\/ -->\n<title>14307 X2CrNi19-11 304L S30403 A193 B8 A320 B8 - M.F. INOX<\/title>\n<meta name=\"robots\" content=\"index, follow, max-snippet:-1, max-image-preview:large, max-video-preview:-1\" \/>\n<link rel=\"canonical\" href=\"https:\/\/mfinox.com\/es\/materiales\/14307-x2crni19-11-304l-s30403-a193-b8-a320-b8\/\" \/>\n<meta property=\"og:locale\" content=\"es_ES\" \/>\n<meta property=\"og:type\" content=\"article\" \/>\n<meta property=\"og:title\" content=\"14307 X2CrNi19-11 304L S30403 A193 B8 A320 B8 - M.F. INOX\" \/>\n<meta property=\"og:description\" content=\"14307 X2CrNi19-11 304L S30403 A193 B8 A320 B8 La especificaci\u00f3n ASTM A193 grado B8 o A320 grado B8 define las caracter\u00edsticas t\u00e9cnicas de las fijaciones de acero inoxidable adecuadas para su aplicaci\u00f3n en recipientes a presi\u00f3n y en presencia de temperaturas altas o bajas (temperaturas de servicio de -196\u00b0C a 800\u00b0C); este tipo de fijaci\u00f3n [&hellip;]\" \/>\n<meta property=\"og:url\" content=\"https:\/\/mfinox.com\/es\/materiales\/14307-x2crni19-11-304l-s30403-a193-b8-a320-b8\/\" \/>\n<meta property=\"og:site_name\" content=\"M.F. INOX\" \/>\n<meta property=\"article:modified_time\" content=\"2024-09-04T10:12:17+00:00\" \/>\n<meta name=\"twitter:card\" content=\"summary_large_image\" \/>\n<meta name=\"twitter:label1\" content=\"Tiempo de lectura\" \/>\n\t<meta name=\"twitter:data1\" content=\"1 minuto\" \/>\n<script type=\"application\/ld+json\" class=\"yoast-schema-graph\">{\"@context\":\"https:\\\/\\\/schema.org\",\"@graph\":[{\"@type\":\"WebPage\",\"@id\":\"https:\\\/\\\/mfinox.com\\\/es\\\/materiales\\\/14307-x2crni19-11-304l-s30403-a193-b8-a320-b8\\\/\",\"url\":\"https:\\\/\\\/mfinox.com\\\/es\\\/materiales\\\/14307-x2crni19-11-304l-s30403-a193-b8-a320-b8\\\/\",\"name\":\"14307 X2CrNi19-11 304L S30403 A193 B8 A320 B8 - M.F. INOX\",\"isPartOf\":{\"@id\":\"https:\\\/\\\/mfinox.com\\\/es\\\/#website\"},\"datePublished\":\"2024-05-15T05:49:19+00:00\",\"dateModified\":\"2024-09-04T10:12:17+00:00\",\"breadcrumb\":{\"@id\":\"https:\\\/\\\/mfinox.com\\\/es\\\/materiales\\\/14307-x2crni19-11-304l-s30403-a193-b8-a320-b8\\\/#breadcrumb\"},\"inLanguage\":\"es\",\"potentialAction\":[{\"@type\":\"ReadAction\",\"target\":[\"https:\\\/\\\/mfinox.com\\\/es\\\/materiales\\\/14307-x2crni19-11-304l-s30403-a193-b8-a320-b8\\\/\"]}]},{\"@type\":\"BreadcrumbList\",\"@id\":\"https:\\\/\\\/mfinox.com\\\/es\\\/materiales\\\/14307-x2crni19-11-304l-s30403-a193-b8-a320-b8\\\/#breadcrumb\",\"itemListElement\":[{\"@type\":\"ListItem\",\"position\":1,\"name\":\"Home\",\"item\":\"https:\\\/\\\/mfinox.com\\\/es\\\/\"},{\"@type\":\"ListItem\",\"position\":2,\"name\":\"Materiales\",\"item\":\"https:\\\/\\\/mfinox.com\\\/es\\\/materiales\\\/\"},{\"@type\":\"ListItem\",\"position\":3,\"name\":\"14307 X2CrNi19-11 304L S30403 A193 B8 A320 B8\"}]},{\"@type\":\"WebSite\",\"@id\":\"https:\\\/\\\/mfinox.com\\\/es\\\/#website\",\"url\":\"https:\\\/\\\/mfinox.com\\\/es\\\/\",\"name\":\"M.F. INOX\",\"description\":\"\",\"publisher\":{\"@id\":\"https:\\\/\\\/mfinox.com\\\/es\\\/#organization\"},\"potentialAction\":[{\"@type\":\"SearchAction\",\"target\":{\"@type\":\"EntryPoint\",\"urlTemplate\":\"https:\\\/\\\/mfinox.com\\\/es\\\/?s={search_term_string}\"},\"query-input\":{\"@type\":\"PropertyValueSpecification\",\"valueRequired\":true,\"valueName\":\"search_term_string\"}}],\"inLanguage\":\"es\"},{\"@type\":\"Organization\",\"@id\":\"https:\\\/\\\/mfinox.com\\\/es\\\/#organization\",\"name\":\"M.F. INOX\",\"url\":\"https:\\\/\\\/mfinox.com\\\/es\\\/\",\"logo\":{\"@type\":\"ImageObject\",\"inLanguage\":\"es\",\"@id\":\"https:\\\/\\\/mfinox.com\\\/es\\\/#\\\/schema\\\/logo\\\/image\\\/\",\"url\":\"https:\\\/\\\/mfinox.com\\\/wp-content\\\/uploads\\\/2024\\\/05\\\/mf-inox_logo_neg.png\",\"contentUrl\":\"https:\\\/\\\/mfinox.com\\\/wp-content\\\/uploads\\\/2024\\\/05\\\/mf-inox_logo_neg.png\",\"width\":1949,\"height\":662,\"caption\":\"M.F. INOX\"},\"image\":{\"@id\":\"https:\\\/\\\/mfinox.com\\\/es\\\/#\\\/schema\\\/logo\\\/image\\\/\"}}]}<\/script>\n<!-- \/ Yoast SEO plugin. -->","yoast_head_json":{"title":"14307 X2CrNi19-11 304L S30403 A193 B8 A320 B8 - M.F. INOX","robots":{"index":"index","follow":"follow","max-snippet":"max-snippet:-1","max-image-preview":"max-image-preview:large","max-video-preview":"max-video-preview:-1"},"canonical":"https:\/\/mfinox.com\/es\/materiales\/14307-x2crni19-11-304l-s30403-a193-b8-a320-b8\/","og_locale":"es_ES","og_type":"article","og_title":"14307 X2CrNi19-11 304L S30403 A193 B8 A320 B8 - M.F. INOX","og_description":"14307 X2CrNi19-11 304L S30403 A193 B8 A320 B8 La especificaci\u00f3n ASTM A193 grado B8 o A320 grado B8 define las caracter\u00edsticas t\u00e9cnicas de las fijaciones de acero inoxidable adecuadas para su aplicaci\u00f3n en recipientes a presi\u00f3n y en presencia de temperaturas altas o bajas (temperaturas de servicio de -196\u00b0C a 800\u00b0C); este tipo de fijaci\u00f3n [&hellip;]","og_url":"https:\/\/mfinox.com\/es\/materiales\/14307-x2crni19-11-304l-s30403-a193-b8-a320-b8\/","og_site_name":"M.F. INOX","article_modified_time":"2024-09-04T10:12:17+00:00","twitter_card":"summary_large_image","twitter_misc":{"Tiempo de lectura":"1 minuto"},"schema":{"@context":"https:\/\/schema.org","@graph":[{"@type":"WebPage","@id":"https:\/\/mfinox.com\/es\/materiales\/14307-x2crni19-11-304l-s30403-a193-b8-a320-b8\/","url":"https:\/\/mfinox.com\/es\/materiales\/14307-x2crni19-11-304l-s30403-a193-b8-a320-b8\/","name":"14307 X2CrNi19-11 304L S30403 A193 B8 A320 B8 - M.F. INOX","isPartOf":{"@id":"https:\/\/mfinox.com\/es\/#website"},"datePublished":"2024-05-15T05:49:19+00:00","dateModified":"2024-09-04T10:12:17+00:00","breadcrumb":{"@id":"https:\/\/mfinox.com\/es\/materiales\/14307-x2crni19-11-304l-s30403-a193-b8-a320-b8\/#breadcrumb"},"inLanguage":"es","potentialAction":[{"@type":"ReadAction","target":["https:\/\/mfinox.com\/es\/materiales\/14307-x2crni19-11-304l-s30403-a193-b8-a320-b8\/"]}]},{"@type":"BreadcrumbList","@id":"https:\/\/mfinox.com\/es\/materiales\/14307-x2crni19-11-304l-s30403-a193-b8-a320-b8\/#breadcrumb","itemListElement":[{"@type":"ListItem","position":1,"name":"Home","item":"https:\/\/mfinox.com\/es\/"},{"@type":"ListItem","position":2,"name":"Materiales","item":"https:\/\/mfinox.com\/es\/materiales\/"},{"@type":"ListItem","position":3,"name":"14307 X2CrNi19-11 304L S30403 A193 B8 A320 B8"}]},{"@type":"WebSite","@id":"https:\/\/mfinox.com\/es\/#website","url":"https:\/\/mfinox.com\/es\/","name":"M.F. INOX","description":"","publisher":{"@id":"https:\/\/mfinox.com\/es\/#organization"},"potentialAction":[{"@type":"SearchAction","target":{"@type":"EntryPoint","urlTemplate":"https:\/\/mfinox.com\/es\/?s={search_term_string}"},"query-input":{"@type":"PropertyValueSpecification","valueRequired":true,"valueName":"search_term_string"}}],"inLanguage":"es"},{"@type":"Organization","@id":"https:\/\/mfinox.com\/es\/#organization","name":"M.F. INOX","url":"https:\/\/mfinox.com\/es\/","logo":{"@type":"ImageObject","inLanguage":"es","@id":"https:\/\/mfinox.com\/es\/#\/schema\/logo\/image\/","url":"https:\/\/mfinox.com\/wp-content\/uploads\/2024\/05\/mf-inox_logo_neg.png","contentUrl":"https:\/\/mfinox.com\/wp-content\/uploads\/2024\/05\/mf-inox_logo_neg.png","width":1949,"height":662,"caption":"M.F. INOX"},"image":{"@id":"https:\/\/mfinox.com\/es\/#\/schema\/logo\/image\/"}}]}},"_links":{"self":[{"href":"https:\/\/mfinox.com\/es\/wp-json\/wp\/v2\/pages\/4534","targetHints":{"allow":["GET"]}}],"collection":[{"href":"https:\/\/mfinox.com\/es\/wp-json\/wp\/v2\/pages"}],"about":[{"href":"https:\/\/mfinox.com\/es\/wp-json\/wp\/v2\/types\/page"}],"author":[{"embeddable":true,"href":"https:\/\/mfinox.com\/es\/wp-json\/wp\/v2\/users\/1"}],"replies":[{"embeddable":true,"href":"https:\/\/mfinox.com\/es\/wp-json\/wp\/v2\/comments?post=4534"}],"version-history":[{"count":0,"href":"https:\/\/mfinox.com\/es\/wp-json\/wp\/v2\/pages\/4534\/revisions"}],"up":[{"embeddable":true,"href":"https:\/\/mfinox.com\/es\/wp-json\/wp\/v2\/pages\/4513"}],"wp:attachment":[{"href":"https:\/\/mfinox.com\/es\/wp-json\/wp\/v2\/media?parent=4534"}],"curies":[{"name":"wp","href":"https:\/\/api.w.org\/{rel}","templated":true}]}}