{"id":7348,"date":"2024-10-15T16:04:31","date_gmt":"2024-10-15T14:04:31","guid":{"rendered":"https:\/\/mfinox.com\/iso-3506\/"},"modified":"2026-03-30T13:00:37","modified_gmt":"2026-03-30T11:00:37","slug":"iso-3506","status":"publish","type":"page","link":"https:\/\/mfinox.com\/de\/iso-3506\/","title":{"rendered":"ISO 3506"},"content":{"rendered":"\t\t<div data-elementor-type=\"wp-page\" data-elementor-id=\"7348\" class=\"elementor elementor-7348 elementor-6772\" data-elementor-post-type=\"page\">\n\t\t\t\t<div class=\"elementor-element elementor-element-6de979d3 e-flex e-con-boxed e-con e-parent\" data-id=\"6de979d3\" data-element_type=\"container\" data-e-type=\"container\" data-settings=\"{&quot;background_background&quot;:&quot;classic&quot;}\">\n\t\t\t\t\t<div class=\"e-con-inner\">\n\t\t\t\t<div class=\"elementor-element elementor-element-43f85fd2 titolo-materiali elementor-invisible elementor-widget elementor-widget-heading\" data-id=\"43f85fd2\" data-element_type=\"widget\" data-e-type=\"widget\" data-settings=\"{&quot;_animation&quot;:&quot;fadeIn&quot;}\" data-widget_type=\"heading.default\">\n\t\t\t\t<div class=\"elementor-widget-container\">\n\t\t\t\t\t<h1 class=\"elementor-heading-title elementor-size-default\">ISO 3506<\/h1>\t\t\t\t<\/div>\n\t\t\t\t<\/div>\n\t\t\t\t<div class=\"elementor-element elementor-element-8b46ab0 elementor-invisible elementor-widget elementor-widget-shortcode\" data-id=\"8b46ab0\" data-element_type=\"widget\" data-e-type=\"widget\" data-settings=\"{&quot;_animation&quot;:&quot;fadeIn&quot;}\" data-widget_type=\"shortcode.default\">\n\t\t\t\t<div class=\"elementor-widget-container\">\n\t\t\t\t\t\t\t<div class=\"elementor-shortcode\"><nav aria-label=\"breadcrumb\"><div class=\"breadcrumb\"><span class=\"breadcrumb-item\"><a href=\"https:\/\/mfinox.com\/de\/\" style=\"color: #F3912E;\">Home<\/a><\/span><\/div><\/nav><\/div>\n\t\t\t\t\t\t<\/div>\n\t\t\t\t<\/div>\n\t\t\t\t\t<\/div>\n\t\t\t\t<\/div>\n\t\t<div class=\"elementor-element elementor-element-5b4e5354 e-flex e-con-boxed elementor-invisible e-con e-parent\" data-id=\"5b4e5354\" data-element_type=\"container\" data-e-type=\"container\" data-settings=\"{&quot;animation&quot;:&quot;fadeInUp&quot;}\">\n\t\t\t\t\t<div class=\"e-con-inner\">\n\t\t\t\t<div class=\"elementor-element elementor-element-81ac661 elementor-widget elementor-widget-text-editor\" data-id=\"81ac661\" data-element_type=\"widget\" data-e-type=\"widget\" data-widget_type=\"text-editor.default\">\n\t\t\t\t<div class=\"elementor-widget-container\">\n\t\t\t\t\t\t\t\t\t<p>ISO 3506 wird verwendet, um sicherzustellen, dass Verbindungselemente wie Schrauben, Muttern, Bolzen und Unterlegscheiben aus rostfreiem Stahl den internationalen Normen f\u00fcr mechanische Festigkeit und Korrosionsbest\u00e4ndigkeit in industriellen Anwendungen und kritischen Umgebungen wie der Schifffahrt und der Chemie entsprechen.<\/p>\n<p>Die Tabelle fasst die mechanischen Spezifikationen f\u00fcr jede Stahlsorte und Festigkeitsklasse in der ISO 3506 zusammen und ist damit ein n\u00fctzliches Hilfsmittel bei der Auswahl des richtigen Materials f\u00fcr Ihre speziellen Anforderungen.<\/p>\n<p>&nbsp;<\/p>\n<h2>Stahltypen<\/h2>\n<p>&nbsp;<\/p>\n<p>Die Norm sieht die Festlegung von Standards f\u00fcr die Herstellung von Verbindungselementen aus nichtrostendem Stahl der folgenden Familien vor:<\/p>\n<ul>\n<li><strong>Austenitisch (A):<\/strong> St\u00e4hle mit ausgezeichneter Korrosionsbest\u00e4ndigkeit, nicht magnetisch.<\/li>\n<li><strong>Martensitisch (C):<\/strong> St\u00e4hle mit hoher mechanischer Festigkeit, die geh\u00e4rtet werden k\u00f6nnen.<\/li>\n<li><strong>Ferritisch (F):<\/strong> St\u00e4hle mit guter Korrosionsbest\u00e4ndigkeit und mittleren Eigenschaften.<\/li>\n<li><strong>Duplex (D):<\/strong> St\u00e4hle, die die Eigenschaften von Austeniten und Ferriten kombinieren, mit hoher mechanischer Festigkeit und guter Korrosionsbest\u00e4ndigkeit.<\/li>\n<\/ul>\n<p>&nbsp;<\/p>\n<h2>Mechanische Spezifikationen<\/h2>\n<p>&nbsp;<\/p>\n<table>\n<tbody>\n<tr>\n<th>Art von Stahl<\/th>\n<th>Widerstandsklasse<\/th>\n<th>Zugfestigkeit (Rm)<\/th>\n<th>Streckgrenze (Rp02)<\/th>\n<th>Minimale Dehnung (A)<\/th>\n<th>H\u00e4rte (HV)<\/th>\n<\/tr>\n<tr>\n<td>Austenitisch (A)<\/td>\n<td>A1-50, A2-50, A3-50<\/td>\n<td>500 MPa<\/td>\n<td>Nicht angegeben<\/td>\n<td>0,6 x d<\/td>\n<td>125 HV max<\/td>\n<\/tr>\n<tr>\n<td><\/td>\nA1-70, A2-70, A3-70700 MPa450 MPa0,4 x d190 HV max\n<\/tr>\n<tr>\n<td><\/td>\nA1-80, A2-80, A3-80800 MPa600 MPa0,3 x d250 HV max\n<\/tr>\n<tr>\n<td><\/td>\nA8-70700 MPa450 MPa0,4 x d220 HV max\n<\/tr>\n<tr>\n<td><\/td>\nA8-80800 MPa600 MPa0,3 x d270 HV max\n<\/tr>\n<tr>\n<td>Martensitisch (C)<\/td>\n<td>C1-50, C3-50<\/td>\n<td>500 MPa<\/td>\n<td>350 MPa<\/td>\n<td>0,6 x d<\/td>\n<td>255 HV max<\/td>\n<\/tr>\n<tr>\n<td><\/td>\nC1-70, C3-70700 MPa550 MPa0,4 x d335 HV max.\n<\/tr>\n<tr>\n<td>Ferritisch (F)<\/td>\n<td>F1-45, F2-45<\/td>\n<td>450 MPa<\/td>\n<td>250 MPa<\/td>\n<td>0,6 x d<\/td>\n<td>150 HV max.<\/td>\n<\/tr>\n<tr>\n<td><\/td>\nF1-60, F2-60600 MPa400 MPa0,4 x d220 HV max\n<\/tr>\n<tr>\n<td>Duplex (D)<\/td>\n<td>D6-80<\/td>\n<td>800 MPa<\/td>\n<td>600 MPa<\/td>\n<td>0,3 x d<\/td>\n<td>270 HV max<\/td>\n<\/tr>\n<tr>\n<td><\/td>\n<td>D6-100<\/td>\n<td>1000 MPa<\/td>\n<td>750 MPa<\/td>\n<td>0,25 x d<\/td>\n<td>320 HV max<\/td>\n<\/tr>\n<tr>\n<td>Superduplex (SD)<\/td>\n<td>D8-80<\/td>\n<td>800 MPa<\/td>\n<td>640 MPa<\/td>\n<td>0,3 x d<\/td>\n<td>300 HV max<\/td>\n<\/tr>\n<tr>\n<td><\/td>\n<td>D8-110<\/td>\n<td>1100 MPa<\/td>\n<td>850 MPa<\/td>\n<td>0,25 x d<\/td>\n<td>350 HV max<\/td>\n<\/tr>\n<\/tbody>\n<\/table>\n<p>&nbsp;<\/p>\n<h2>Zus\u00e4tzliche Merkmale<\/h2>\n<p>&nbsp;<\/p>\n<h3>Austenitisch A8<\/h3>\n<p>A8-70, A8-80: Diese austenitischen St\u00e4hle bieten eine h\u00f6here Korrosionsbest\u00e4ndigkeit als die traditionellen A2 und A4, aber auch eine h\u00f6here mechanische Festigkeit. Sie werden f\u00fcr Anwendungen verwendet, die eine h\u00f6here Festigkeit und Zuverl\u00e4ssigkeit bei hohen Belastungen erfordern. <\/p>\n<h3>Superduplex (SD)<\/h3>\n<p>D8-80, D8-110: Superduplex-St\u00e4hle kombinieren eine erh\u00f6hte Korrosionsbest\u00e4ndigkeit mit einer extrem hohen mechanischen Festigkeit. Sie werden f\u00fcr Anwendungen in stark korrosiven Umgebungen wie der Offshore- und Chemieindustrie verwendet.<\/p>\n<p><strong>Mechanische Eigenschaften:<\/strong> Sie bieten eine deutlich h\u00f6here Zugfestigkeit und Streckgrenze als Standard-Duplex und sind damit ideal f\u00fcr extreme Einsatzbedingungen.<\/p>\n<h2>\u00dcberlegungen<\/h2>\n<p><strong>Austenitisch A8:<\/strong> eignet sich besonders f\u00fcr Anwendungen, die Korrosionsbest\u00e4ndigkeit in Kombination mit einer h\u00f6heren mechanischen Festigkeit als bei A2 und A4 erfordern.<\/p>\n<p><strong>Superduplex (SD):<\/strong> bietet eine fortschrittliche L\u00f6sung f\u00fcr Bereiche, die sehr aggressiven Umweltbedingungen ausgesetzt sind, mit hoher mechanischer Festigkeit.<\/p>\t\t\t\t\t\t\t\t<\/div>\n\t\t\t\t<\/div>\n\t\t\t\t\t<\/div>\n\t\t\t\t<\/div>\n\t\t\t\t<\/div>\n\t\t","protected":false},"excerpt":{"rendered":"<p>ISO 3506 ISO 3506 wird verwendet, um sicherzustellen, dass Verbindungselemente wie Schrauben, Muttern, Bolzen und Unterlegscheiben aus rostfreiem Stahl den internationalen Normen f\u00fcr mechanische Festigkeit und Korrosionsbest\u00e4ndigkeit in industriellen Anwendungen und kritischen Umgebungen wie der Schifffahrt und der Chemie entsprechen. Die Tabelle fasst die mechanischen Spezifikationen f\u00fcr jede Stahlsorte und Festigkeitsklasse in der ISO 3506 [&hellip;]<\/p>\n","protected":false},"author":1,"featured_media":0,"parent":0,"menu_order":0,"comment_status":"closed","ping_status":"closed","template":"","meta":{"footnotes":""},"class_list":["post-7348","page","type-page","status-publish","hentry"],"yoast_head":"<!-- This site is optimized with the Yoast SEO plugin v27.6 - https:\/\/yoast.com\/product\/yoast-seo-wordpress\/ -->\n<title>ISO 3506 - M.F. INOX<\/title>\n<meta name=\"robots\" content=\"index, follow, max-snippet:-1, max-image-preview:large, max-video-preview:-1\" \/>\n<link rel=\"canonical\" href=\"https:\/\/mfinox.com\/de\/iso-3506\/\" \/>\n<meta property=\"og:locale\" content=\"de_DE\" \/>\n<meta property=\"og:type\" content=\"article\" \/>\n<meta property=\"og:title\" content=\"ISO 3506 - M.F. INOX\" \/>\n<meta property=\"og:description\" content=\"ISO 3506 ISO 3506 wird verwendet, um sicherzustellen, dass Verbindungselemente wie Schrauben, Muttern, Bolzen und Unterlegscheiben aus rostfreiem Stahl den internationalen Normen f\u00fcr mechanische Festigkeit und Korrosionsbest\u00e4ndigkeit in industriellen Anwendungen und kritischen Umgebungen wie der Schifffahrt und der Chemie entsprechen. Die Tabelle fasst die mechanischen Spezifikationen f\u00fcr jede Stahlsorte und Festigkeitsklasse in der ISO 3506 [&hellip;]\" \/>\n<meta property=\"og:url\" content=\"https:\/\/mfinox.com\/de\/iso-3506\/\" \/>\n<meta property=\"og:site_name\" content=\"M.F. INOX\" \/>\n<meta property=\"article:modified_time\" content=\"2026-03-30T11:00:37+00:00\" \/>\n<meta name=\"twitter:card\" content=\"summary_large_image\" \/>\n<meta name=\"twitter:label1\" content=\"Gesch\u00e4tzte Lesezeit\" \/>\n\t<meta name=\"twitter:data1\" content=\"2\u00a0Minuten\" \/>\n<script type=\"application\/ld+json\" class=\"yoast-schema-graph\">{\"@context\":\"https:\\\/\\\/schema.org\",\"@graph\":[{\"@type\":\"WebPage\",\"@id\":\"https:\\\/\\\/mfinox.com\\\/de\\\/iso-3506\\\/\",\"url\":\"https:\\\/\\\/mfinox.com\\\/de\\\/iso-3506\\\/\",\"name\":\"ISO 3506 - M.F. INOX\",\"isPartOf\":{\"@id\":\"https:\\\/\\\/mfinox.com\\\/de\\\/#website\"},\"datePublished\":\"2024-10-15T14:04:31+00:00\",\"dateModified\":\"2026-03-30T11:00:37+00:00\",\"breadcrumb\":{\"@id\":\"https:\\\/\\\/mfinox.com\\\/de\\\/iso-3506\\\/#breadcrumb\"},\"inLanguage\":\"de\",\"potentialAction\":[{\"@type\":\"ReadAction\",\"target\":[\"https:\\\/\\\/mfinox.com\\\/de\\\/iso-3506\\\/\"]}]},{\"@type\":\"BreadcrumbList\",\"@id\":\"https:\\\/\\\/mfinox.com\\\/de\\\/iso-3506\\\/#breadcrumb\",\"itemListElement\":[{\"@type\":\"ListItem\",\"position\":1,\"name\":\"Home\",\"item\":\"https:\\\/\\\/mfinox.com\\\/de\\\/\"},{\"@type\":\"ListItem\",\"position\":2,\"name\":\"ISO 3506\"}]},{\"@type\":\"WebSite\",\"@id\":\"https:\\\/\\\/mfinox.com\\\/de\\\/#website\",\"url\":\"https:\\\/\\\/mfinox.com\\\/de\\\/\",\"name\":\"M.F. INOX\",\"description\":\"\",\"publisher\":{\"@id\":\"https:\\\/\\\/mfinox.com\\\/de\\\/#organization\"},\"potentialAction\":[{\"@type\":\"SearchAction\",\"target\":{\"@type\":\"EntryPoint\",\"urlTemplate\":\"https:\\\/\\\/mfinox.com\\\/de\\\/?s={search_term_string}\"},\"query-input\":{\"@type\":\"PropertyValueSpecification\",\"valueRequired\":true,\"valueName\":\"search_term_string\"}}],\"inLanguage\":\"de\"},{\"@type\":\"Organization\",\"@id\":\"https:\\\/\\\/mfinox.com\\\/de\\\/#organization\",\"name\":\"M.F. INOX\",\"url\":\"https:\\\/\\\/mfinox.com\\\/de\\\/\",\"logo\":{\"@type\":\"ImageObject\",\"inLanguage\":\"de\",\"@id\":\"https:\\\/\\\/mfinox.com\\\/de\\\/#\\\/schema\\\/logo\\\/image\\\/\",\"url\":\"https:\\\/\\\/mfinox.com\\\/wp-content\\\/uploads\\\/2024\\\/05\\\/mf-inox_logo_neg.png\",\"contentUrl\":\"https:\\\/\\\/mfinox.com\\\/wp-content\\\/uploads\\\/2024\\\/05\\\/mf-inox_logo_neg.png\",\"width\":1949,\"height\":662,\"caption\":\"M.F. INOX\"},\"image\":{\"@id\":\"https:\\\/\\\/mfinox.com\\\/de\\\/#\\\/schema\\\/logo\\\/image\\\/\"}}]}<\/script>\n<!-- \/ Yoast SEO plugin. -->","yoast_head_json":{"title":"ISO 3506 - M.F. INOX","robots":{"index":"index","follow":"follow","max-snippet":"max-snippet:-1","max-image-preview":"max-image-preview:large","max-video-preview":"max-video-preview:-1"},"canonical":"https:\/\/mfinox.com\/de\/iso-3506\/","og_locale":"de_DE","og_type":"article","og_title":"ISO 3506 - M.F. INOX","og_description":"ISO 3506 ISO 3506 wird verwendet, um sicherzustellen, dass Verbindungselemente wie Schrauben, Muttern, Bolzen und Unterlegscheiben aus rostfreiem Stahl den internationalen Normen f\u00fcr mechanische Festigkeit und Korrosionsbest\u00e4ndigkeit in industriellen Anwendungen und kritischen Umgebungen wie der Schifffahrt und der Chemie entsprechen. Die Tabelle fasst die mechanischen Spezifikationen f\u00fcr jede Stahlsorte und Festigkeitsklasse in der ISO 3506 [&hellip;]","og_url":"https:\/\/mfinox.com\/de\/iso-3506\/","og_site_name":"M.F. INOX","article_modified_time":"2026-03-30T11:00:37+00:00","twitter_card":"summary_large_image","twitter_misc":{"Gesch\u00e4tzte Lesezeit":"2\u00a0Minuten"},"schema":{"@context":"https:\/\/schema.org","@graph":[{"@type":"WebPage","@id":"https:\/\/mfinox.com\/de\/iso-3506\/","url":"https:\/\/mfinox.com\/de\/iso-3506\/","name":"ISO 3506 - M.F. INOX","isPartOf":{"@id":"https:\/\/mfinox.com\/de\/#website"},"datePublished":"2024-10-15T14:04:31+00:00","dateModified":"2026-03-30T11:00:37+00:00","breadcrumb":{"@id":"https:\/\/mfinox.com\/de\/iso-3506\/#breadcrumb"},"inLanguage":"de","potentialAction":[{"@type":"ReadAction","target":["https:\/\/mfinox.com\/de\/iso-3506\/"]}]},{"@type":"BreadcrumbList","@id":"https:\/\/mfinox.com\/de\/iso-3506\/#breadcrumb","itemListElement":[{"@type":"ListItem","position":1,"name":"Home","item":"https:\/\/mfinox.com\/de\/"},{"@type":"ListItem","position":2,"name":"ISO 3506"}]},{"@type":"WebSite","@id":"https:\/\/mfinox.com\/de\/#website","url":"https:\/\/mfinox.com\/de\/","name":"M.F. INOX","description":"","publisher":{"@id":"https:\/\/mfinox.com\/de\/#organization"},"potentialAction":[{"@type":"SearchAction","target":{"@type":"EntryPoint","urlTemplate":"https:\/\/mfinox.com\/de\/?s={search_term_string}"},"query-input":{"@type":"PropertyValueSpecification","valueRequired":true,"valueName":"search_term_string"}}],"inLanguage":"de"},{"@type":"Organization","@id":"https:\/\/mfinox.com\/de\/#organization","name":"M.F. INOX","url":"https:\/\/mfinox.com\/de\/","logo":{"@type":"ImageObject","inLanguage":"de","@id":"https:\/\/mfinox.com\/de\/#\/schema\/logo\/image\/","url":"https:\/\/mfinox.com\/wp-content\/uploads\/2024\/05\/mf-inox_logo_neg.png","contentUrl":"https:\/\/mfinox.com\/wp-content\/uploads\/2024\/05\/mf-inox_logo_neg.png","width":1949,"height":662,"caption":"M.F. INOX"},"image":{"@id":"https:\/\/mfinox.com\/de\/#\/schema\/logo\/image\/"}}]}},"_links":{"self":[{"href":"https:\/\/mfinox.com\/de\/wp-json\/wp\/v2\/pages\/7348","targetHints":{"allow":["GET"]}}],"collection":[{"href":"https:\/\/mfinox.com\/de\/wp-json\/wp\/v2\/pages"}],"about":[{"href":"https:\/\/mfinox.com\/de\/wp-json\/wp\/v2\/types\/page"}],"author":[{"embeddable":true,"href":"https:\/\/mfinox.com\/de\/wp-json\/wp\/v2\/users\/1"}],"replies":[{"embeddable":true,"href":"https:\/\/mfinox.com\/de\/wp-json\/wp\/v2\/comments?post=7348"}],"version-history":[{"count":0,"href":"https:\/\/mfinox.com\/de\/wp-json\/wp\/v2\/pages\/7348\/revisions"}],"wp:attachment":[{"href":"https:\/\/mfinox.com\/de\/wp-json\/wp\/v2\/media?parent=7348"}],"curies":[{"name":"wp","href":"https:\/\/api.w.org\/{rel}","templated":true}]}}