{"id":7018,"date":"2024-12-05T20:11:38","date_gmt":"2024-12-05T18:11:38","guid":{"rendered":"https:\/\/mfinox.com\/materialien\/alloy-20-werkstoff-2-4660-uns-n08020\/"},"modified":"2025-01-08T19:43:33","modified_gmt":"2025-01-08T17:43:33","slug":"alloy-20-werkstoff-2-4660-uns-n08020","status":"publish","type":"page","link":"https:\/\/mfinox.com\/de\/materialien\/alloy-20-werkstoff-2-4660-uns-n08020\/","title":{"rendered":"ALLOY 20 &#8211; Werkstoff 2.4660 UNS N08020"},"content":{"rendered":"\t\t<div data-elementor-type=\"wp-page\" data-elementor-id=\"7018\" class=\"elementor elementor-7018 elementor-7003\" data-elementor-post-type=\"page\">\n\t\t\t\t<div class=\"elementor-element elementor-element-2fb62f52 e-flex e-con-boxed e-con e-parent\" data-id=\"2fb62f52\" data-element_type=\"container\" data-e-type=\"container\" data-settings=\"{&quot;background_background&quot;:&quot;classic&quot;}\">\n\t\t\t\t\t<div class=\"e-con-inner\">\n\t\t\t\t<div class=\"elementor-element elementor-element-39c0a83c titolo-materiali elementor-invisible elementor-widget elementor-widget-heading\" data-id=\"39c0a83c\" data-element_type=\"widget\" data-e-type=\"widget\" data-settings=\"{&quot;_animation&quot;:&quot;fadeIn&quot;}\" data-widget_type=\"heading.default\">\n\t\t\t\t<div class=\"elementor-widget-container\">\n\t\t\t\t\t<h1 class=\"elementor-heading-title elementor-size-default\">ALLOY 20 - Werkstoff 2.4660 UNS N08020<\/h1>\t\t\t\t<\/div>\n\t\t\t\t<\/div>\n\t\t\t\t<div class=\"elementor-element elementor-element-1106be2 elementor-invisible elementor-widget elementor-widget-shortcode\" data-id=\"1106be2\" data-element_type=\"widget\" data-e-type=\"widget\" data-settings=\"{&quot;_animation&quot;:&quot;fadeIn&quot;}\" data-widget_type=\"shortcode.default\">\n\t\t\t\t<div class=\"elementor-widget-container\">\n\t\t\t\t\t\t\t<div class=\"elementor-shortcode\"><nav aria-label=\"breadcrumb\"><div class=\"breadcrumb\"><span class=\"breadcrumb-item\"><a href=\"https:\/\/mfinox.com\/de\/\" style=\"color: #F3912E;\">Home<\/a><\/span><\/div><\/nav><\/div>\n\t\t\t\t\t\t<\/div>\n\t\t\t\t<\/div>\n\t\t\t\t\t<\/div>\n\t\t\t\t<\/div>\n\t\t<div class=\"elementor-element elementor-element-5f7a4416 e-flex e-con-boxed elementor-invisible e-con e-parent\" data-id=\"5f7a4416\" data-element_type=\"container\" data-e-type=\"container\" data-settings=\"{&quot;animation&quot;:&quot;fadeInUp&quot;}\">\n\t\t\t\t\t<div class=\"e-con-inner\">\n\t\t\t\t<div class=\"elementor-element elementor-element-3f138894 elementor-widget elementor-widget-text-editor\" data-id=\"3f138894\" data-element_type=\"widget\" data-e-type=\"widget\" data-widget_type=\"text-editor.default\">\n\t\t\t\t<div class=\"elementor-widget-container\">\n\t\t\t\t\t\t\t\t\t<p>ALLOY 20, werkstoff 2.4660 UNS N08020, ist eine austenitische Superlegierung, die entwickelt wurde, um au\u00dfergew\u00f6hnliche Korrosionsbest\u00e4ndigkeit zu bieten, insbesondere in sauren Umgebungen. Diese Legierung besteht haupts\u00e4chlich aus Nickel, Eisen und Chrom, mit dem Zusatz von Kupfer und Molybd\u00e4n, um die Korrosions- und Lochfra\u00dfbest\u00e4ndigkeit weiter zu verbessern. <\/p>\n\n    <p>Im Bereich der Herstellung von Verbindungselementen ist die Verwendung von ALLOY 20, werkstoff 2.4660 UNS N08020 sehr vorteilhaft bei Anwendungen, bei denen Korrosion die Integrit\u00e4t und Haltbarkeit des Verbindungselements beeintr\u00e4chtigen k\u00f6nnte. Die Legierung eignet sich besonders gut f\u00fcr den Einsatz in Schwefels\u00e4ure, Phosphors\u00e4ure und anderen chemisch aggressiven Umgebungen und ist daher ideal f\u00fcr Bereiche wie die chemische, petrochemische, pharmazeutische und Lebensmittelindustrie. <\/p>\n\n    <h2>Chemische Zusammensetzung<\/h2>\n    <table>\n\n<th><\/th><td>Ni<\/td><td>Cr<\/td><td>Fe<\/td><td>Mo<\/td><td>C<\/td><td>Mn<\/td><td>S<\/td><td>Ja<\/td><td>P<\/td><td>Cu<\/td><td>Nb<\/td>\n\n<tr><td>Min<\/td><td>32.50<\/td><td>19,00<\/td><td><\/td><td>2.00<\/td><td>&#8212;<\/td><td>&#8212;<\/td><td>&#8212;<\/td><td>&#8212;<\/td><td>&#8212;<\/td><td>3.00<\/td><td>8xC<\/td><\/tr>\n\n<tr><td>Max<\/td><td>38.00<\/td><td>21,00<\/td><td>bal<\/td><td>3.00<\/td><td>0,07<\/td><td>2,00<\/td><td>0,035<\/td><td>1,00<\/td><td>0,045<\/td><td>4.00<\/td><td>1.00<\/td><\/tr>\n\n<\/table>\n\n    <h2>Mechanische Eigenschaften<\/h2>\n    <table>\n        <tr>\n            <th>Material<\/th>\n            <th>Liga<\/th>\n            <th>Rm min (MPa)<\/th>\n            <th>Rp 0,2 min (MPa)<\/th>\n            <th>A% min<\/th>\n            <th>Max. H\u00e4rte (HB)<\/th>\n        <\/tr>\n        <tr>\n            <td>ALLOY 20<\/td>\n            <td>2.4660<\/td>\n            <td>551<\/td>\n            <td>241<\/td>\n            <td>30<\/td>\n            <td>325<\/td>\n        <\/tr>\n    <\/table>\n\n    <h2>Physikalische Eigenschaften<\/h2>\n    <ul>\n        <li><strong>Spezifisches Gewicht bei 20\u00b0C:<\/strong> 8,08 kg\/dm\u00b3<\/li>\n        <li><strong>Elastizit\u00e4tsmodul bei 20\u00b0C:<\/strong> 193.000 N\/mm\u00b2.<\/li>\n        <li><strong>Ausdehnungskoeffizient bei 20\u00b0C:<\/strong> 14,36 \u00b5m\/m \u00b0C<\/li>\n    <\/ul>\n\n    <h2>Korrespondenz und Spezifikationen<\/h2>\n    <table>\n        <tr>\n            <th>W.<\/th>\n            <th>UNS<\/th>\n            <th>ISO<\/th>\n        <\/tr>\n        <tr>\n            <td>2.4660<\/td>\n            <td>N08020<\/td>\n            <td>15156-3<\/td>\n        <\/tr>\n    <\/table>\t\t\t\t\t\t\t\t<\/div>\n\t\t\t\t<\/div>\n\t\t\t\t\t<\/div>\n\t\t\t\t<\/div>\n\t\t\t\t<\/div>\n\t\t","protected":false},"excerpt":{"rendered":"<p>ALLOY 20 &#8211; Werkstoff 2.4660 UNS N08020 ALLOY 20, werkstoff 2.4660 UNS N08020, ist eine austenitische Superlegierung, die entwickelt wurde, um au\u00dfergew\u00f6hnliche Korrosionsbest\u00e4ndigkeit zu bieten, insbesondere in sauren Umgebungen. Diese Legierung besteht haupts\u00e4chlich aus Nickel, Eisen und Chrom, mit dem Zusatz von Kupfer und Molybd\u00e4n, um die Korrosions- und Lochfra\u00dfbest\u00e4ndigkeit weiter zu verbessern. Im Bereich [&hellip;]<\/p>\n","protected":false},"author":1,"featured_media":0,"parent":4508,"menu_order":0,"comment_status":"closed","ping_status":"closed","template":"","meta":{"footnotes":""},"class_list":["post-7018","page","type-page","status-publish","hentry"],"yoast_head":"<!-- This site is optimized with the Yoast SEO plugin v27.4 - https:\/\/yoast.com\/product\/yoast-seo-wordpress\/ -->\n<title>ALLOY 20 - Werkstoff 2.4660 UNS N08020 - M.F. INOX<\/title>\n<meta name=\"robots\" content=\"index, follow, max-snippet:-1, max-image-preview:large, max-video-preview:-1\" \/>\n<link rel=\"canonical\" href=\"https:\/\/mfinox.com\/de\/materialien\/alloy-20-werkstoff-2-4660-uns-n08020\/\" \/>\n<meta property=\"og:locale\" content=\"de_DE\" \/>\n<meta property=\"og:type\" content=\"article\" \/>\n<meta property=\"og:title\" content=\"ALLOY 20 - Werkstoff 2.4660 UNS N08020 - M.F. INOX\" \/>\n<meta property=\"og:description\" content=\"ALLOY 20 &#8211; Werkstoff 2.4660 UNS N08020 ALLOY 20, werkstoff 2.4660 UNS N08020, ist eine austenitische Superlegierung, die entwickelt wurde, um au\u00dfergew\u00f6hnliche Korrosionsbest\u00e4ndigkeit zu bieten, insbesondere in sauren Umgebungen. Diese Legierung besteht haupts\u00e4chlich aus Nickel, Eisen und Chrom, mit dem Zusatz von Kupfer und Molybd\u00e4n, um die Korrosions- und Lochfra\u00dfbest\u00e4ndigkeit weiter zu verbessern. Im Bereich [&hellip;]\" \/>\n<meta property=\"og:url\" content=\"https:\/\/mfinox.com\/de\/materialien\/alloy-20-werkstoff-2-4660-uns-n08020\/\" \/>\n<meta property=\"og:site_name\" content=\"M.F. INOX\" \/>\n<meta property=\"article:modified_time\" content=\"2025-01-08T17:43:33+00:00\" \/>\n<meta name=\"twitter:card\" content=\"summary_large_image\" \/>\n<meta name=\"twitter:label1\" content=\"Gesch\u00e4tzte Lesezeit\" \/>\n\t<meta name=\"twitter:data1\" content=\"1\u00a0Minute\" \/>\n<script type=\"application\/ld+json\" class=\"yoast-schema-graph\">{\"@context\":\"https:\\\/\\\/schema.org\",\"@graph\":[{\"@type\":\"WebPage\",\"@id\":\"https:\\\/\\\/mfinox.com\\\/de\\\/materialien\\\/alloy-20-werkstoff-2-4660-uns-n08020\\\/\",\"url\":\"https:\\\/\\\/mfinox.com\\\/de\\\/materialien\\\/alloy-20-werkstoff-2-4660-uns-n08020\\\/\",\"name\":\"ALLOY 20 - Werkstoff 2.4660 UNS N08020 - M.F. INOX\",\"isPartOf\":{\"@id\":\"https:\\\/\\\/mfinox.com\\\/de\\\/#website\"},\"datePublished\":\"2024-12-05T18:11:38+00:00\",\"dateModified\":\"2025-01-08T17:43:33+00:00\",\"breadcrumb\":{\"@id\":\"https:\\\/\\\/mfinox.com\\\/de\\\/materialien\\\/alloy-20-werkstoff-2-4660-uns-n08020\\\/#breadcrumb\"},\"inLanguage\":\"de\",\"potentialAction\":[{\"@type\":\"ReadAction\",\"target\":[\"https:\\\/\\\/mfinox.com\\\/de\\\/materialien\\\/alloy-20-werkstoff-2-4660-uns-n08020\\\/\"]}]},{\"@type\":\"BreadcrumbList\",\"@id\":\"https:\\\/\\\/mfinox.com\\\/de\\\/materialien\\\/alloy-20-werkstoff-2-4660-uns-n08020\\\/#breadcrumb\",\"itemListElement\":[{\"@type\":\"ListItem\",\"position\":1,\"name\":\"Home\",\"item\":\"https:\\\/\\\/mfinox.com\\\/de\\\/\"},{\"@type\":\"ListItem\",\"position\":2,\"name\":\"Materialien\",\"item\":\"https:\\\/\\\/mfinox.com\\\/de\\\/materialien\\\/\"},{\"@type\":\"ListItem\",\"position\":3,\"name\":\"ALLOY 20 &#8211; Werkstoff 2.4660 UNS N08020\"}]},{\"@type\":\"WebSite\",\"@id\":\"https:\\\/\\\/mfinox.com\\\/de\\\/#website\",\"url\":\"https:\\\/\\\/mfinox.com\\\/de\\\/\",\"name\":\"M.F. INOX\",\"description\":\"\",\"publisher\":{\"@id\":\"https:\\\/\\\/mfinox.com\\\/de\\\/#organization\"},\"potentialAction\":[{\"@type\":\"SearchAction\",\"target\":{\"@type\":\"EntryPoint\",\"urlTemplate\":\"https:\\\/\\\/mfinox.com\\\/de\\\/?s={search_term_string}\"},\"query-input\":{\"@type\":\"PropertyValueSpecification\",\"valueRequired\":true,\"valueName\":\"search_term_string\"}}],\"inLanguage\":\"de\"},{\"@type\":\"Organization\",\"@id\":\"https:\\\/\\\/mfinox.com\\\/de\\\/#organization\",\"name\":\"M.F. INOX\",\"url\":\"https:\\\/\\\/mfinox.com\\\/de\\\/\",\"logo\":{\"@type\":\"ImageObject\",\"inLanguage\":\"de\",\"@id\":\"https:\\\/\\\/mfinox.com\\\/de\\\/#\\\/schema\\\/logo\\\/image\\\/\",\"url\":\"https:\\\/\\\/mfinox.com\\\/wp-content\\\/uploads\\\/2024\\\/05\\\/mf-inox_logo_neg.png\",\"contentUrl\":\"https:\\\/\\\/mfinox.com\\\/wp-content\\\/uploads\\\/2024\\\/05\\\/mf-inox_logo_neg.png\",\"width\":1949,\"height\":662,\"caption\":\"M.F. INOX\"},\"image\":{\"@id\":\"https:\\\/\\\/mfinox.com\\\/de\\\/#\\\/schema\\\/logo\\\/image\\\/\"}}]}<\/script>\n<!-- \/ Yoast SEO plugin. -->","yoast_head_json":{"title":"ALLOY 20 - Werkstoff 2.4660 UNS N08020 - M.F. INOX","robots":{"index":"index","follow":"follow","max-snippet":"max-snippet:-1","max-image-preview":"max-image-preview:large","max-video-preview":"max-video-preview:-1"},"canonical":"https:\/\/mfinox.com\/de\/materialien\/alloy-20-werkstoff-2-4660-uns-n08020\/","og_locale":"de_DE","og_type":"article","og_title":"ALLOY 20 - Werkstoff 2.4660 UNS N08020 - M.F. INOX","og_description":"ALLOY 20 &#8211; Werkstoff 2.4660 UNS N08020 ALLOY 20, werkstoff 2.4660 UNS N08020, ist eine austenitische Superlegierung, die entwickelt wurde, um au\u00dfergew\u00f6hnliche Korrosionsbest\u00e4ndigkeit zu bieten, insbesondere in sauren Umgebungen. Diese Legierung besteht haupts\u00e4chlich aus Nickel, Eisen und Chrom, mit dem Zusatz von Kupfer und Molybd\u00e4n, um die Korrosions- und Lochfra\u00dfbest\u00e4ndigkeit weiter zu verbessern. Im Bereich [&hellip;]","og_url":"https:\/\/mfinox.com\/de\/materialien\/alloy-20-werkstoff-2-4660-uns-n08020\/","og_site_name":"M.F. INOX","article_modified_time":"2025-01-08T17:43:33+00:00","twitter_card":"summary_large_image","twitter_misc":{"Gesch\u00e4tzte Lesezeit":"1\u00a0Minute"},"schema":{"@context":"https:\/\/schema.org","@graph":[{"@type":"WebPage","@id":"https:\/\/mfinox.com\/de\/materialien\/alloy-20-werkstoff-2-4660-uns-n08020\/","url":"https:\/\/mfinox.com\/de\/materialien\/alloy-20-werkstoff-2-4660-uns-n08020\/","name":"ALLOY 20 - Werkstoff 2.4660 UNS N08020 - M.F. INOX","isPartOf":{"@id":"https:\/\/mfinox.com\/de\/#website"},"datePublished":"2024-12-05T18:11:38+00:00","dateModified":"2025-01-08T17:43:33+00:00","breadcrumb":{"@id":"https:\/\/mfinox.com\/de\/materialien\/alloy-20-werkstoff-2-4660-uns-n08020\/#breadcrumb"},"inLanguage":"de","potentialAction":[{"@type":"ReadAction","target":["https:\/\/mfinox.com\/de\/materialien\/alloy-20-werkstoff-2-4660-uns-n08020\/"]}]},{"@type":"BreadcrumbList","@id":"https:\/\/mfinox.com\/de\/materialien\/alloy-20-werkstoff-2-4660-uns-n08020\/#breadcrumb","itemListElement":[{"@type":"ListItem","position":1,"name":"Home","item":"https:\/\/mfinox.com\/de\/"},{"@type":"ListItem","position":2,"name":"Materialien","item":"https:\/\/mfinox.com\/de\/materialien\/"},{"@type":"ListItem","position":3,"name":"ALLOY 20 &#8211; Werkstoff 2.4660 UNS N08020"}]},{"@type":"WebSite","@id":"https:\/\/mfinox.com\/de\/#website","url":"https:\/\/mfinox.com\/de\/","name":"M.F. INOX","description":"","publisher":{"@id":"https:\/\/mfinox.com\/de\/#organization"},"potentialAction":[{"@type":"SearchAction","target":{"@type":"EntryPoint","urlTemplate":"https:\/\/mfinox.com\/de\/?s={search_term_string}"},"query-input":{"@type":"PropertyValueSpecification","valueRequired":true,"valueName":"search_term_string"}}],"inLanguage":"de"},{"@type":"Organization","@id":"https:\/\/mfinox.com\/de\/#organization","name":"M.F. INOX","url":"https:\/\/mfinox.com\/de\/","logo":{"@type":"ImageObject","inLanguage":"de","@id":"https:\/\/mfinox.com\/de\/#\/schema\/logo\/image\/","url":"https:\/\/mfinox.com\/wp-content\/uploads\/2024\/05\/mf-inox_logo_neg.png","contentUrl":"https:\/\/mfinox.com\/wp-content\/uploads\/2024\/05\/mf-inox_logo_neg.png","width":1949,"height":662,"caption":"M.F. INOX"},"image":{"@id":"https:\/\/mfinox.com\/de\/#\/schema\/logo\/image\/"}}]}},"_links":{"self":[{"href":"https:\/\/mfinox.com\/de\/wp-json\/wp\/v2\/pages\/7018","targetHints":{"allow":["GET"]}}],"collection":[{"href":"https:\/\/mfinox.com\/de\/wp-json\/wp\/v2\/pages"}],"about":[{"href":"https:\/\/mfinox.com\/de\/wp-json\/wp\/v2\/types\/page"}],"author":[{"embeddable":true,"href":"https:\/\/mfinox.com\/de\/wp-json\/wp\/v2\/users\/1"}],"replies":[{"embeddable":true,"href":"https:\/\/mfinox.com\/de\/wp-json\/wp\/v2\/comments?post=7018"}],"version-history":[{"count":0,"href":"https:\/\/mfinox.com\/de\/wp-json\/wp\/v2\/pages\/7018\/revisions"}],"up":[{"embeddable":true,"href":"https:\/\/mfinox.com\/de\/wp-json\/wp\/v2\/pages\/4508"}],"wp:attachment":[{"href":"https:\/\/mfinox.com\/de\/wp-json\/wp\/v2\/media?parent=7018"}],"curies":[{"name":"wp","href":"https:\/\/api.w.org\/{rel}","templated":true}]}}