{"id":6300,"date":"2024-05-21T15:17:50","date_gmt":"2024-05-21T13:17:50","guid":{"rendered":"https:\/\/mfinox.com\/materialien\/super-duplex-a182-f55-uns-s32760-werkstoff-1-4501\/"},"modified":"2024-09-06T14:06:12","modified_gmt":"2024-09-06T14:06:12","slug":"super-duplex-a182-f55-uns-s32760-werkstoff-1-4501","status":"publish","type":"page","link":"https:\/\/mfinox.com\/de\/materialien\/super-duplex-a182-f55-uns-s32760-werkstoff-1-4501\/","title":{"rendered":"Super Duplex A182 F55 UNS S32760 Werkstoff 1.4501"},"content":{"rendered":"\t\t<div data-elementor-type=\"wp-page\" data-elementor-id=\"6300\" class=\"elementor elementor-6300 elementor-763\" data-elementor-post-type=\"page\">\n\t\t\t\t<div class=\"elementor-element elementor-element-1af6501b e-flex e-con-boxed e-con e-parent\" data-id=\"1af6501b\" data-element_type=\"container\" data-e-type=\"container\" data-settings=\"{&quot;background_background&quot;:&quot;classic&quot;}\">\n\t\t\t\t\t<div class=\"e-con-inner\">\n\t\t\t\t<div class=\"elementor-element elementor-element-1a1a3b17 titolo-materiali elementor-invisible elementor-widget elementor-widget-heading\" data-id=\"1a1a3b17\" data-element_type=\"widget\" data-e-type=\"widget\" data-settings=\"{&quot;_animation&quot;:&quot;fadeIn&quot;}\" data-widget_type=\"heading.default\">\n\t\t\t\t<div class=\"elementor-widget-container\">\n\t\t\t\t\t<h1 class=\"elementor-heading-title elementor-size-default\">Super Duplex A182 F55 UNS S32760 Werkstoff 1.4501  <\/h1>\t\t\t\t<\/div>\n\t\t\t\t<\/div>\n\t\t\t\t<div class=\"elementor-element elementor-element-5feb3fd7 elementor-invisible elementor-widget elementor-widget-shortcode\" data-id=\"5feb3fd7\" data-element_type=\"widget\" data-e-type=\"widget\" data-settings=\"{&quot;_animation&quot;:&quot;fadeIn&quot;}\" data-widget_type=\"shortcode.default\">\n\t\t\t\t<div class=\"elementor-widget-container\">\n\t\t\t\t\t\t\t<div class=\"elementor-shortcode\"><nav aria-label=\"breadcrumb\"><div class=\"breadcrumb\"><span class=\"breadcrumb-item\"><a href=\"https:\/\/mfinox.com\/de\/\" style=\"color: #F3912E;\">Home<\/a><\/span><\/div><\/nav><\/div>\n\t\t\t\t\t\t<\/div>\n\t\t\t\t<\/div>\n\t\t\t\t\t<\/div>\n\t\t\t\t<\/div>\n\t\t<div class=\"elementor-element elementor-element-502b2ae0 e-flex e-con-boxed elementor-invisible e-con e-parent\" data-id=\"502b2ae0\" data-element_type=\"container\" data-e-type=\"container\" data-settings=\"{&quot;animation&quot;:&quot;fadeInUp&quot;}\">\n\t\t\t\t\t<div class=\"e-con-inner\">\n\t\t\t\t<div class=\"elementor-element elementor-element-5c0f0b74 elementor-widget elementor-widget-text-editor\" data-id=\"5c0f0b74\" data-element_type=\"widget\" data-e-type=\"widget\" data-widget_type=\"text-editor.default\">\n\t\t\t\t<div class=\"elementor-widget-container\">\n\t\t\t\t\t\t\t\t\tDer Superduplexstahl A182 F55 UNS S32760 Werkstoff 1.4501 ist ein rostfreier Stahl mit einem hohen Cr-Gehalt von \u00fcber 25% und biphasischem Ni-Mo-N (gemischtes austenitisches und ferritisches Gef\u00fcge), der best\u00e4ndig gegen Lochfra\u00df und Spannungskorrosion ist.\nDer Zusatz von Stickstoff verleiht dieser Legierung eine ausgezeichnete mechanische Festigkeit und hohe Z\u00e4higkeit und verbessert die Korrosionsbest\u00e4ndigkeit und die Stabilit\u00e4t bei hohen Temperaturen erheblich.\nDie Korrosionsbest\u00e4ndigkeit von Super Duplex A182 F55 UNS S32760 Werkstoff 1.4501 ist im l\u00f6sungsgegl\u00fchten Zustand und bei hohen Pitting Resistance Equivalent Number (PREN = %Cr + 33-%Mo + 16-%N) Werten optimal.\n&gt;Alle nichtrostenden Duplexst\u00e4hle mit PREN 40 sind der Super-Duplex-Familie zuzurechnen.\nDie Verwendung bei Temperaturen unter 300\u00b0C wird empfohlen.\nSuper Duplex A182 F55 UNS S32760 Werkstoff 1.4501 wird f\u00fcr Ventilkomponenten, Pumpen, Rohrleitungen, Infrastruktur und alle Komponenten verwendet, die sehr starken korrosiven Bedingungen ausgesetzt sind, was ihn ideal f\u00fcr die Schifffahrt macht.      <h2><b>CHEMISCHE ZUSAMMENSETZUNG SUPER DUPLEX A182 F55 UNS S32760 EN 1.4501<\/b><\/h2>\n<table class=\"responsive-table\">\n<thead>\n<tr>\n<th>Element<\/th><th>Inhalt<\/th>\n<\/tr>\n<\/thead>\n<tbody>\n<tr>\n<td data-label=\"Elemento\">C<\/td><td data-label=\"Contenuto\">0.02<\/td>\n<\/tr>\n<tr>\n<td data-label=\"Elemento\">S<\/td><td data-label=\"Contenuto\">&lt;0.005<\/td>\n<\/tr>\n<tr>\n<td data-label=\"Elemento\">P<\/td><td data-label=\"Contenuto\">0.025<\/td>\n<\/tr>\n<tr>\n<td data-label=\"Elemento\">Ja<\/td><td data-label=\"Contenuto\">0.50<\/td>\n<\/tr>\n<tr>\n<td data-label=\"Elemento\">Mn<\/td><td data-label=\"Contenuto\">0.60<\/td>\n<\/tr>\n<tr>\n<td data-label=\"Elemento\">Cr<\/td><td data-label=\"Contenuto\">25<\/td>\n<\/tr>\n<tr>\n<td data-label=\"Elemento\">Ni<\/td><td data-label=\"Contenuto\">7.00<\/td>\n<\/tr>\n<tr>\n<td data-label=\"Elemento\">Mo<\/td><td data-label=\"Contenuto\">3.6<\/td>\n<\/tr>\n<tr>\n<td data-label=\"Elemento\">Cu<\/td><td data-label=\"Contenuto\">0.60<\/td>\n<\/tr>\n<tr>\n<td data-label=\"Elemento\">W<\/td><td data-label=\"Contenuto\">0.60<\/td>\n<\/tr>\n<tr>\n<td data-label=\"Elemento\">N<\/td><td data-label=\"Contenuto\">0.25<\/td>\n<\/tr>\n<\/tbody>\n<\/table>\n<h2><b>MECHANISCHE EIGENSCHAFTEN SUPER DUPLEX A182 F55 UNS 32760 EN 1.4501<\/b><\/h2>\n<table class=\"responsive-table\">\n<thead>\n<tr>\n<th>Material<\/th><th>Legierung<\/th><th>Rm min (MPa)<\/th><th>Rp 0,2 min (MPa)<\/th><th>A% min<\/th>\n<\/tr>\n<\/thead>\n<tbody>\n<tr>\n<td data-label=\"Materiale\">A182 F55 UNS S32760 DE 1.4501<\/td><td data-label=\"Lega\">1.4501<\/td><td data-label=\"Rm min (MPa)\">730-1050<\/td><td data-label=\"Rp 0.2 min (MPa)\">530<\/td><td data-label=\"A% min\">25<\/td>\n<\/tr>\n<\/tbody>\n<\/table>\n<h2><b>PHYSIKALISCHE EIGENSCHAFTEN SUPER DUPLEX A182 F55 UNS S32760 EN 1.4501<\/b><\/h2>\n<ul>\n \t<li><strong>Dichte<\/strong>: bei 20\u00b0C 7,75 kg\/dm\u00b3<\/li>\n \t<li><strong>Elastizit\u00e4tsmodul<\/strong>: bei 20\u00b0C 206.000 N\/mm\u00b2<\/li>\n \t<li><strong>W\u00e4rmeleitf\u00e4higkeit<\/strong>: bei 20\u00b0C 15 W\/m.K<\/li>\n \t<li><strong>Magnetisch<\/strong>: Nein<\/li>\n<\/ul>\n&nbsp;\n<h2><b>SUPER DUPLEX SPEZIFIKATIONEN A182 F55 UNS S32760 EN 1.4501<\/b><\/h2>\n<ul>\n \t<li>EN 10088\/3: X2 Cr Ni Mo Cu W N 15-7-4<\/li>\n \t<li>W.: 1.4501<\/li>\n \t<li>UNS: UNS S32760<\/li>\n \t<li>AISI: F55 A182 \/ A479<\/li>\n \t<li>MARKE: URANUS 52N FERRALIUM 255<\/li>\n \t<li>NORSOK: M630 MDS D57 M650<\/li>\n \t<li>ANDERE: NACE MR01-75, ISO 15156, EN 10088-3, PED 97\/23\/EC, ASTM G48, ASTM A751, API 6A<\/li>\n<\/ul>\n\t\t<div data-elementor-type=\"section\" data-elementor-id=\"2152\" class=\"elementor elementor-2152\" data-elementor-post-type=\"elementor_library\">\n\t\t\t<div class=\"elementor-element elementor-element-1a5312d e-flex e-con-boxed e-con e-parent\" data-id=\"1a5312d\" data-element_type=\"container\" data-e-type=\"container\">\n\t\t\t\t\t<div class=\"e-con-inner\">\n\t\t\t\t<div class=\"elementor-element elementor-element-703a4b7 elementor-widget elementor-widget-spacer\" data-id=\"703a4b7\" data-element_type=\"widget\" data-e-type=\"widget\" data-widget_type=\"spacer.default\">\n\t\t\t\t<div class=\"elementor-widget-container\">\n\t\t\t\t\t\t\t<div class=\"elementor-spacer\">\n\t\t\t<div class=\"elementor-spacer-inner\"><\/div>\n\t\t<\/div>\n\t\t\t\t\t\t<\/div>\n\t\t\t\t<\/div>\n\t\t\t\t\t<\/div>\n\t\t\t\t<\/div>\n\t\t\t\t<\/div>\n\t\t\t\t\t\t\t\t\t\t<\/div>\n\t\t\t\t<\/div>\n\t\t\t\t\t<\/div>\n\t\t\t\t<\/div>\n\t\t\t\t<\/div>\n\t\t","protected":false},"excerpt":{"rendered":"<p>Super Duplex A182 F55 UNS S32760 Werkstoff 1.4501 Der Superduplexstahl A182 F55 UNS S32760 Werkstoff 1.4501 ist ein rostfreier Stahl mit einem hohen Cr-Gehalt von \u00fcber 25% und biphasischem Ni-Mo-N (gemischtes austenitisches und ferritisches Gef\u00fcge), der best\u00e4ndig gegen Lochfra\u00df und Spannungskorrosion ist. Der Zusatz von Stickstoff verleiht dieser Legierung eine ausgezeichnete mechanische Festigkeit und hohe [&hellip;]<\/p>\n","protected":false},"author":1,"featured_media":0,"parent":4508,"menu_order":0,"comment_status":"closed","ping_status":"closed","template":"","meta":{"footnotes":""},"class_list":["post-6300","page","type-page","status-publish","hentry"],"yoast_head":"<!-- This site is optimized with the Yoast SEO plugin v27.6 - https:\/\/yoast.com\/product\/yoast-seo-wordpress\/ -->\n<title>Super Duplex A182 F55 UNS S32760 Werkstoff 1.4501 - M.F. INOX<\/title>\n<meta name=\"robots\" content=\"index, follow, max-snippet:-1, max-image-preview:large, max-video-preview:-1\" \/>\n<link rel=\"canonical\" href=\"https:\/\/mfinox.com\/de\/materialien\/super-duplex-a182-f55-uns-s32760-werkstoff-1-4501\/\" \/>\n<meta property=\"og:locale\" content=\"de_DE\" \/>\n<meta property=\"og:type\" content=\"article\" \/>\n<meta property=\"og:title\" content=\"Super Duplex A182 F55 UNS S32760 Werkstoff 1.4501 - M.F. INOX\" \/>\n<meta property=\"og:description\" content=\"Super Duplex A182 F55 UNS S32760 Werkstoff 1.4501 Der Superduplexstahl A182 F55 UNS S32760 Werkstoff 1.4501 ist ein rostfreier Stahl mit einem hohen Cr-Gehalt von \u00fcber 25% und biphasischem Ni-Mo-N (gemischtes austenitisches und ferritisches Gef\u00fcge), der best\u00e4ndig gegen Lochfra\u00df und Spannungskorrosion ist. Der Zusatz von Stickstoff verleiht dieser Legierung eine ausgezeichnete mechanische Festigkeit und hohe [&hellip;]\" \/>\n<meta property=\"og:url\" content=\"https:\/\/mfinox.com\/de\/materialien\/super-duplex-a182-f55-uns-s32760-werkstoff-1-4501\/\" \/>\n<meta property=\"og:site_name\" content=\"M.F. INOX\" \/>\n<meta property=\"article:modified_time\" content=\"2024-09-06T14:06:12+00:00\" \/>\n<meta name=\"twitter:card\" content=\"summary_large_image\" \/>\n<meta name=\"twitter:label1\" content=\"Gesch\u00e4tzte Lesezeit\" \/>\n\t<meta name=\"twitter:data1\" content=\"1\u00a0Minute\" \/>\n<script type=\"application\/ld+json\" class=\"yoast-schema-graph\">{\"@context\":\"https:\\\/\\\/schema.org\",\"@graph\":[{\"@type\":\"WebPage\",\"@id\":\"https:\\\/\\\/mfinox.com\\\/de\\\/materialien\\\/super-duplex-a182-f55-uns-s32760-werkstoff-1-4501\\\/\",\"url\":\"https:\\\/\\\/mfinox.com\\\/de\\\/materialien\\\/super-duplex-a182-f55-uns-s32760-werkstoff-1-4501\\\/\",\"name\":\"Super Duplex A182 F55 UNS S32760 Werkstoff 1.4501 - M.F. INOX\",\"isPartOf\":{\"@id\":\"https:\\\/\\\/mfinox.com\\\/de\\\/#website\"},\"datePublished\":\"2024-05-21T13:17:50+00:00\",\"dateModified\":\"2024-09-06T14:06:12+00:00\",\"breadcrumb\":{\"@id\":\"https:\\\/\\\/mfinox.com\\\/de\\\/materialien\\\/super-duplex-a182-f55-uns-s32760-werkstoff-1-4501\\\/#breadcrumb\"},\"inLanguage\":\"de\",\"potentialAction\":[{\"@type\":\"ReadAction\",\"target\":[\"https:\\\/\\\/mfinox.com\\\/de\\\/materialien\\\/super-duplex-a182-f55-uns-s32760-werkstoff-1-4501\\\/\"]}]},{\"@type\":\"BreadcrumbList\",\"@id\":\"https:\\\/\\\/mfinox.com\\\/de\\\/materialien\\\/super-duplex-a182-f55-uns-s32760-werkstoff-1-4501\\\/#breadcrumb\",\"itemListElement\":[{\"@type\":\"ListItem\",\"position\":1,\"name\":\"Home\",\"item\":\"https:\\\/\\\/mfinox.com\\\/de\\\/\"},{\"@type\":\"ListItem\",\"position\":2,\"name\":\"Materialien\",\"item\":\"https:\\\/\\\/mfinox.com\\\/de\\\/materialien\\\/\"},{\"@type\":\"ListItem\",\"position\":3,\"name\":\"Super Duplex A182 F55 UNS S32760 Werkstoff 1.4501\"}]},{\"@type\":\"WebSite\",\"@id\":\"https:\\\/\\\/mfinox.com\\\/de\\\/#website\",\"url\":\"https:\\\/\\\/mfinox.com\\\/de\\\/\",\"name\":\"M.F. INOX\",\"description\":\"\",\"publisher\":{\"@id\":\"https:\\\/\\\/mfinox.com\\\/de\\\/#organization\"},\"potentialAction\":[{\"@type\":\"SearchAction\",\"target\":{\"@type\":\"EntryPoint\",\"urlTemplate\":\"https:\\\/\\\/mfinox.com\\\/de\\\/?s={search_term_string}\"},\"query-input\":{\"@type\":\"PropertyValueSpecification\",\"valueRequired\":true,\"valueName\":\"search_term_string\"}}],\"inLanguage\":\"de\"},{\"@type\":\"Organization\",\"@id\":\"https:\\\/\\\/mfinox.com\\\/de\\\/#organization\",\"name\":\"M.F. INOX\",\"url\":\"https:\\\/\\\/mfinox.com\\\/de\\\/\",\"logo\":{\"@type\":\"ImageObject\",\"inLanguage\":\"de\",\"@id\":\"https:\\\/\\\/mfinox.com\\\/de\\\/#\\\/schema\\\/logo\\\/image\\\/\",\"url\":\"https:\\\/\\\/mfinox.com\\\/wp-content\\\/uploads\\\/2024\\\/05\\\/mf-inox_logo_neg.png\",\"contentUrl\":\"https:\\\/\\\/mfinox.com\\\/wp-content\\\/uploads\\\/2024\\\/05\\\/mf-inox_logo_neg.png\",\"width\":1949,\"height\":662,\"caption\":\"M.F. INOX\"},\"image\":{\"@id\":\"https:\\\/\\\/mfinox.com\\\/de\\\/#\\\/schema\\\/logo\\\/image\\\/\"}}]}<\/script>\n<!-- \/ Yoast SEO plugin. -->","yoast_head_json":{"title":"Super Duplex A182 F55 UNS S32760 Werkstoff 1.4501 - M.F. INOX","robots":{"index":"index","follow":"follow","max-snippet":"max-snippet:-1","max-image-preview":"max-image-preview:large","max-video-preview":"max-video-preview:-1"},"canonical":"https:\/\/mfinox.com\/de\/materialien\/super-duplex-a182-f55-uns-s32760-werkstoff-1-4501\/","og_locale":"de_DE","og_type":"article","og_title":"Super Duplex A182 F55 UNS S32760 Werkstoff 1.4501 - M.F. INOX","og_description":"Super Duplex A182 F55 UNS S32760 Werkstoff 1.4501 Der Superduplexstahl A182 F55 UNS S32760 Werkstoff 1.4501 ist ein rostfreier Stahl mit einem hohen Cr-Gehalt von \u00fcber 25% und biphasischem Ni-Mo-N (gemischtes austenitisches und ferritisches Gef\u00fcge), der best\u00e4ndig gegen Lochfra\u00df und Spannungskorrosion ist. Der Zusatz von Stickstoff verleiht dieser Legierung eine ausgezeichnete mechanische Festigkeit und hohe [&hellip;]","og_url":"https:\/\/mfinox.com\/de\/materialien\/super-duplex-a182-f55-uns-s32760-werkstoff-1-4501\/","og_site_name":"M.F. INOX","article_modified_time":"2024-09-06T14:06:12+00:00","twitter_card":"summary_large_image","twitter_misc":{"Gesch\u00e4tzte Lesezeit":"1\u00a0Minute"},"schema":{"@context":"https:\/\/schema.org","@graph":[{"@type":"WebPage","@id":"https:\/\/mfinox.com\/de\/materialien\/super-duplex-a182-f55-uns-s32760-werkstoff-1-4501\/","url":"https:\/\/mfinox.com\/de\/materialien\/super-duplex-a182-f55-uns-s32760-werkstoff-1-4501\/","name":"Super Duplex A182 F55 UNS S32760 Werkstoff 1.4501 - M.F. INOX","isPartOf":{"@id":"https:\/\/mfinox.com\/de\/#website"},"datePublished":"2024-05-21T13:17:50+00:00","dateModified":"2024-09-06T14:06:12+00:00","breadcrumb":{"@id":"https:\/\/mfinox.com\/de\/materialien\/super-duplex-a182-f55-uns-s32760-werkstoff-1-4501\/#breadcrumb"},"inLanguage":"de","potentialAction":[{"@type":"ReadAction","target":["https:\/\/mfinox.com\/de\/materialien\/super-duplex-a182-f55-uns-s32760-werkstoff-1-4501\/"]}]},{"@type":"BreadcrumbList","@id":"https:\/\/mfinox.com\/de\/materialien\/super-duplex-a182-f55-uns-s32760-werkstoff-1-4501\/#breadcrumb","itemListElement":[{"@type":"ListItem","position":1,"name":"Home","item":"https:\/\/mfinox.com\/de\/"},{"@type":"ListItem","position":2,"name":"Materialien","item":"https:\/\/mfinox.com\/de\/materialien\/"},{"@type":"ListItem","position":3,"name":"Super Duplex A182 F55 UNS S32760 Werkstoff 1.4501"}]},{"@type":"WebSite","@id":"https:\/\/mfinox.com\/de\/#website","url":"https:\/\/mfinox.com\/de\/","name":"M.F. INOX","description":"","publisher":{"@id":"https:\/\/mfinox.com\/de\/#organization"},"potentialAction":[{"@type":"SearchAction","target":{"@type":"EntryPoint","urlTemplate":"https:\/\/mfinox.com\/de\/?s={search_term_string}"},"query-input":{"@type":"PropertyValueSpecification","valueRequired":true,"valueName":"search_term_string"}}],"inLanguage":"de"},{"@type":"Organization","@id":"https:\/\/mfinox.com\/de\/#organization","name":"M.F. INOX","url":"https:\/\/mfinox.com\/de\/","logo":{"@type":"ImageObject","inLanguage":"de","@id":"https:\/\/mfinox.com\/de\/#\/schema\/logo\/image\/","url":"https:\/\/mfinox.com\/wp-content\/uploads\/2024\/05\/mf-inox_logo_neg.png","contentUrl":"https:\/\/mfinox.com\/wp-content\/uploads\/2024\/05\/mf-inox_logo_neg.png","width":1949,"height":662,"caption":"M.F. INOX"},"image":{"@id":"https:\/\/mfinox.com\/de\/#\/schema\/logo\/image\/"}}]}},"_links":{"self":[{"href":"https:\/\/mfinox.com\/de\/wp-json\/wp\/v2\/pages\/6300","targetHints":{"allow":["GET"]}}],"collection":[{"href":"https:\/\/mfinox.com\/de\/wp-json\/wp\/v2\/pages"}],"about":[{"href":"https:\/\/mfinox.com\/de\/wp-json\/wp\/v2\/types\/page"}],"author":[{"embeddable":true,"href":"https:\/\/mfinox.com\/de\/wp-json\/wp\/v2\/users\/1"}],"replies":[{"embeddable":true,"href":"https:\/\/mfinox.com\/de\/wp-json\/wp\/v2\/comments?post=6300"}],"version-history":[{"count":0,"href":"https:\/\/mfinox.com\/de\/wp-json\/wp\/v2\/pages\/6300\/revisions"}],"up":[{"embeddable":true,"href":"https:\/\/mfinox.com\/de\/wp-json\/wp\/v2\/pages\/4508"}],"wp:attachment":[{"href":"https:\/\/mfinox.com\/de\/wp-json\/wp\/v2\/media?parent=6300"}],"curies":[{"name":"wp","href":"https:\/\/api.w.org\/{rel}","templated":true}]}}