{"id":6293,"date":"2024-05-21T15:49:59","date_gmt":"2024-05-21T13:49:59","guid":{"rendered":"https:\/\/mfinox.com\/materialien\/nickellegierung-nimonic-80a-uns-n07080-alloy-80a-werkstoff-2-4952\/"},"modified":"2024-09-06T14:04:37","modified_gmt":"2024-09-06T14:04:37","slug":"nickellegierung-nimonic-80a-uns-n07080-alloy-80a-werkstoff-2-4952","status":"publish","type":"page","link":"https:\/\/mfinox.com\/de\/materialien\/nickellegierung-nimonic-80a-uns-n07080-alloy-80a-werkstoff-2-4952\/","title":{"rendered":"Nickellegierung NIMONIC\u00ae 80A UNS N07080 ALLOY 80A werkstoff 2.4952"},"content":{"rendered":"\t\t<div data-elementor-type=\"wp-page\" data-elementor-id=\"6293\" class=\"elementor elementor-6293 elementor-801\" data-elementor-post-type=\"page\">\n\t\t\t\t<div class=\"elementor-element elementor-element-1681aa8 e-flex e-con-boxed e-con e-parent\" data-id=\"1681aa8\" data-element_type=\"container\" data-e-type=\"container\" data-settings=\"{&quot;background_background&quot;:&quot;classic&quot;}\">\n\t\t\t\t\t<div class=\"e-con-inner\">\n\t\t\t\t<div class=\"elementor-element elementor-element-44682539 titolo-materiali elementor-invisible elementor-widget elementor-widget-heading\" data-id=\"44682539\" data-element_type=\"widget\" data-e-type=\"widget\" data-settings=\"{&quot;_animation&quot;:&quot;fadeIn&quot;}\" data-widget_type=\"heading.default\">\n\t\t\t\t<div class=\"elementor-widget-container\">\n\t\t\t\t\t<h1 class=\"elementor-heading-title elementor-size-default\">NIMONIC\u00ae 80A UNS N07080 ALLOY 80A werkstoff 2.4952<\/h1>\t\t\t\t<\/div>\n\t\t\t\t<\/div>\n\t\t\t\t<div class=\"elementor-element elementor-element-4d2e5583 elementor-invisible elementor-widget elementor-widget-shortcode\" data-id=\"4d2e5583\" data-element_type=\"widget\" data-e-type=\"widget\" data-settings=\"{&quot;_animation&quot;:&quot;fadeIn&quot;}\" data-widget_type=\"shortcode.default\">\n\t\t\t\t<div class=\"elementor-widget-container\">\n\t\t\t\t\t\t\t<div class=\"elementor-shortcode\"><nav aria-label=\"breadcrumb\"><div class=\"breadcrumb\"><span class=\"breadcrumb-item\"><a href=\"https:\/\/mfinox.com\/de\/\" style=\"color: #F3912E;\">Home<\/a><\/span><\/div><\/nav><\/div>\n\t\t\t\t\t\t<\/div>\n\t\t\t\t<\/div>\n\t\t\t\t\t<\/div>\n\t\t\t\t<\/div>\n\t\t<div class=\"elementor-element elementor-element-64965c00 e-flex e-con-boxed elementor-invisible e-con e-parent\" data-id=\"64965c00\" data-element_type=\"container\" data-e-type=\"container\" data-settings=\"{&quot;animation&quot;:&quot;fadeInUp&quot;}\">\n\t\t\t\t\t<div class=\"e-con-inner\">\n\t\t\t\t<div class=\"elementor-element elementor-element-d89b9ca elementor-widget elementor-widget-text-editor\" data-id=\"d89b9ca\" data-element_type=\"widget\" data-e-type=\"widget\" data-widget_type=\"text-editor.default\">\n\t\t\t\t<div class=\"elementor-widget-container\">\n\t\t\t\t\t\t\t\t\tDie Nickellegierung NIMONIC\u00ae 80A UNS N07080 ALLOY 80A W. Nr. 2.4952 ist eine Nickel-Chrom-Legierung mit Zus\u00e4tzen von Titan, Aluminium und Kohlenstoff, die durch Aush\u00e4rtung geh\u00e4rtet werden kann und f\u00fcr den Einsatz bei Temperaturen bis zu 815\u00b0C (1500\u00b0F) ausgelegt ist.\nNIMONIC\u00ae Alloy 80A UNS N07080 ALLOY 80A W. Nr. 2.4952 wird derzeit f\u00fcr Gasturbinenteile, Komponenten (Schaufeln, Ringe und Scheiben), Bolzen, Kernkraftwerkskomponenten, Kesselrohrtr\u00e4ger, Eins\u00e4tze und Kerne f\u00fcr den Druckguss sowie f\u00fcr Ventile und Komponenten f\u00fcr Autoabgassysteme verwendet.   &nbsp;\n\n<h2>CHEMISCHE ZUSAMMENSETZUNG NIMONIC\u00ae 80A UNS N07080 ALLOY 80A werkstoff 2.4952<\/h2>\n<table class=\"responsive-table\">\n<tbody>\n<tr>\n<th>Element<\/th><th>Min<\/th><th>Max<\/th>\n<\/tr>\n<tr>\n<td>Ni<\/td><td>Bilanz<\/td><td>&#8212;<\/td>\n<\/tr>\n<tr>\n<td>Cr<\/td><td>18.00<\/td><td>21.00<\/td>\n<\/tr>\n<tr>\n<td>Zi<\/td><td>&#8212;<\/td><td>0.15<\/td>\n<\/tr>\n<tr>\n<td>Ti<\/td><td>1.80<\/td><td>2.70<\/td>\n<\/tr>\n<tr>\n<td>Unter<\/td><td>1.00<\/td><td>1.80<\/td>\n<\/tr>\n<tr>\n<td>Co<\/td><td>&#8212;<\/td><td>2.00<\/td>\n<\/tr>\n<tr>\n<td>C<\/td><td>&#8212;<\/td><td>0.10<\/td>\n<\/tr>\n<tr>\n<td>Mn<\/td><td>&#8212;<\/td><td>1.00<\/td>\n<\/tr>\n<tr>\n<td>Ja<\/td><td>&#8212;<\/td><td>1.00<\/td>\n<\/tr>\n<tr>\n<td>Pb<\/td><td>&#8212;<\/td><td>0.0025<\/td>\n<\/tr>\n<tr>\n<td>S<\/td><td>&#8212;<\/td><td>0.015<\/td>\n<\/tr>\n<tr>\n<td>B<\/td><td>&#8212;<\/td><td>0.008<\/td>\n<\/tr>\n<tr>\n<td>Cu<\/td><td>&#8212;<\/td><td>0.20<\/td>\n<\/tr>\n<tr>\n<td>Fe<\/td><td>&#8212;<\/td><td>3.00<\/td>\n<\/tr>\n<\/tbody>\n<\/table>\n<h2>MECHANISCHE EIGENSCHAFTEN NIMONIC\u00ae 80A UNS N07080 ALLOY 80A werkstoff 2.4952<\/h2>\n<table class=\"responsive-table\">\n<tbody>\n<tr>\n<th>Material<\/th>\n<th>Liga<\/th>\n<th>Rm min (MPa)<\/th>\n<th>Rp 0,2 min (MPa)<\/th>\n<th>A% min<\/th>\n<th>Z% min<\/th>\n<th>Sto\u00dffestigkeit ISO-V 20\u00b0C KV2 min<\/th>\n<\/tr>\n<tr>\n<td>NIMONIC\u00ae 80A UNS N07080 LEGIERUNG 80A<\/td>\n<td>2.4952+AT+P<\/td>\n<td>1000 &#8211; 1300<\/td>\n<td>600<\/td>\n<td>12<\/td>\n<td>12<\/td>\n<td>20 J<\/td>\n<\/tr>\n<\/tbody>\n<\/table>\n<h2>PHYSIKALISCHE EIGENSCHAFTEN NIMONIC\u00ae 80A UNS N07080 ALLOY 80A werkstoff 2.4952<\/h2>\n<ul>\n \t<li>Spezifisches Gewicht bei 20\u00b0C: 819 kg\/dm\u00b3<\/li>\n \t<li>Elastizit\u00e4tsmodul bei 20\u00b0C: 222.000 N\/mm\u00b2.<\/li>\n \t<li>Linearer Ausdehnungskoeffizient (20-100\u00b0C): 129 \u00b5m\/m \u00b0C<\/li>\n \t<li>Magnetisch: Nein<\/li>\n<\/ul>\n<h2>KORRESPONDENZEN UND SPEZIFIKATIONEN NIMONIC\u00ae 80A UNS N07080 ALLOY 80A werkstoff 2.4952<\/h2>\n<ul>\n \t<li>DIN 17752: NiCr20TiAl<\/li>\n \t<li>W: 2.4952<\/li>\n \t<li>ASTM: B637<\/li>\n \t<li>UNS: N07080<\/li>\n \t<li>MARKE: NIMONIC\u00ae 80A, Nicrofer 7520 Ti<\/li>\n \t<li>DE: 10269<\/li>\n<\/ul>\t\t\t\t\t\t\t\t<\/div>\n\t\t\t\t<\/div>\n\t\t\t\t\t<\/div>\n\t\t\t\t<\/div>\n\t\t\t\t<\/div>\n\t\t","protected":false},"excerpt":{"rendered":"<p>NIMONIC\u00ae 80A UNS N07080 ALLOY 80A werkstoff 2.4952 Die Nickellegierung NIMONIC\u00ae 80A UNS N07080 ALLOY 80A W. Nr. 2.4952 ist eine Nickel-Chrom-Legierung mit Zus\u00e4tzen von Titan, Aluminium und Kohlenstoff, die durch Aush\u00e4rtung geh\u00e4rtet werden kann und f\u00fcr den Einsatz bei Temperaturen bis zu 815\u00b0C (1500\u00b0F) ausgelegt ist. NIMONIC\u00ae Alloy 80A UNS N07080 ALLOY 80A W. [&hellip;]<\/p>\n","protected":false},"author":1,"featured_media":0,"parent":4508,"menu_order":0,"comment_status":"closed","ping_status":"closed","template":"","meta":{"footnotes":""},"class_list":["post-6293","page","type-page","status-publish","hentry"],"yoast_head":"<!-- This site is optimized with the Yoast SEO plugin v27.6 - https:\/\/yoast.com\/product\/yoast-seo-wordpress\/ -->\n<title>Nickellegierung NIMONIC\u00ae 80A UNS N07080 ALLOY 80A werkstoff 2.4952 - M.F. INOX<\/title>\n<meta name=\"robots\" content=\"index, follow, max-snippet:-1, max-image-preview:large, max-video-preview:-1\" \/>\n<link rel=\"canonical\" href=\"https:\/\/mfinox.com\/de\/materialien\/nickellegierung-nimonic-80a-uns-n07080-alloy-80a-werkstoff-2-4952\/\" \/>\n<meta property=\"og:locale\" content=\"de_DE\" \/>\n<meta property=\"og:type\" content=\"article\" \/>\n<meta property=\"og:title\" content=\"Nickellegierung NIMONIC\u00ae 80A UNS N07080 ALLOY 80A werkstoff 2.4952 - M.F. INOX\" \/>\n<meta property=\"og:description\" content=\"NIMONIC\u00ae 80A UNS N07080 ALLOY 80A werkstoff 2.4952 Die Nickellegierung NIMONIC\u00ae 80A UNS N07080 ALLOY 80A W. Nr. 2.4952 ist eine Nickel-Chrom-Legierung mit Zus\u00e4tzen von Titan, Aluminium und Kohlenstoff, die durch Aush\u00e4rtung geh\u00e4rtet werden kann und f\u00fcr den Einsatz bei Temperaturen bis zu 815\u00b0C (1500\u00b0F) ausgelegt ist. NIMONIC\u00ae Alloy 80A UNS N07080 ALLOY 80A W. [&hellip;]\" \/>\n<meta property=\"og:url\" content=\"https:\/\/mfinox.com\/de\/materialien\/nickellegierung-nimonic-80a-uns-n07080-alloy-80a-werkstoff-2-4952\/\" \/>\n<meta property=\"og:site_name\" content=\"M.F. INOX\" \/>\n<meta property=\"article:modified_time\" content=\"2024-09-06T14:04:37+00:00\" \/>\n<meta name=\"twitter:card\" content=\"summary_large_image\" \/>\n<meta name=\"twitter:label1\" content=\"Gesch\u00e4tzte Lesezeit\" \/>\n\t<meta name=\"twitter:data1\" content=\"1\u00a0Minute\" \/>\n<script type=\"application\/ld+json\" class=\"yoast-schema-graph\">{\"@context\":\"https:\\\/\\\/schema.org\",\"@graph\":[{\"@type\":\"WebPage\",\"@id\":\"https:\\\/\\\/mfinox.com\\\/de\\\/materialien\\\/nickellegierung-nimonic-80a-uns-n07080-alloy-80a-werkstoff-2-4952\\\/\",\"url\":\"https:\\\/\\\/mfinox.com\\\/de\\\/materialien\\\/nickellegierung-nimonic-80a-uns-n07080-alloy-80a-werkstoff-2-4952\\\/\",\"name\":\"Nickellegierung NIMONIC\u00ae 80A UNS N07080 ALLOY 80A werkstoff 2.4952 - M.F. INOX\",\"isPartOf\":{\"@id\":\"https:\\\/\\\/mfinox.com\\\/de\\\/#website\"},\"datePublished\":\"2024-05-21T13:49:59+00:00\",\"dateModified\":\"2024-09-06T14:04:37+00:00\",\"breadcrumb\":{\"@id\":\"https:\\\/\\\/mfinox.com\\\/de\\\/materialien\\\/nickellegierung-nimonic-80a-uns-n07080-alloy-80a-werkstoff-2-4952\\\/#breadcrumb\"},\"inLanguage\":\"de\",\"potentialAction\":[{\"@type\":\"ReadAction\",\"target\":[\"https:\\\/\\\/mfinox.com\\\/de\\\/materialien\\\/nickellegierung-nimonic-80a-uns-n07080-alloy-80a-werkstoff-2-4952\\\/\"]}]},{\"@type\":\"BreadcrumbList\",\"@id\":\"https:\\\/\\\/mfinox.com\\\/de\\\/materialien\\\/nickellegierung-nimonic-80a-uns-n07080-alloy-80a-werkstoff-2-4952\\\/#breadcrumb\",\"itemListElement\":[{\"@type\":\"ListItem\",\"position\":1,\"name\":\"Home\",\"item\":\"https:\\\/\\\/mfinox.com\\\/de\\\/\"},{\"@type\":\"ListItem\",\"position\":2,\"name\":\"Materialien\",\"item\":\"https:\\\/\\\/mfinox.com\\\/de\\\/materialien\\\/\"},{\"@type\":\"ListItem\",\"position\":3,\"name\":\"Nickellegierung NIMONIC\u00ae 80A UNS N07080 ALLOY 80A werkstoff 2.4952\"}]},{\"@type\":\"WebSite\",\"@id\":\"https:\\\/\\\/mfinox.com\\\/de\\\/#website\",\"url\":\"https:\\\/\\\/mfinox.com\\\/de\\\/\",\"name\":\"M.F. INOX\",\"description\":\"\",\"publisher\":{\"@id\":\"https:\\\/\\\/mfinox.com\\\/de\\\/#organization\"},\"potentialAction\":[{\"@type\":\"SearchAction\",\"target\":{\"@type\":\"EntryPoint\",\"urlTemplate\":\"https:\\\/\\\/mfinox.com\\\/de\\\/?s={search_term_string}\"},\"query-input\":{\"@type\":\"PropertyValueSpecification\",\"valueRequired\":true,\"valueName\":\"search_term_string\"}}],\"inLanguage\":\"de\"},{\"@type\":\"Organization\",\"@id\":\"https:\\\/\\\/mfinox.com\\\/de\\\/#organization\",\"name\":\"M.F. INOX\",\"url\":\"https:\\\/\\\/mfinox.com\\\/de\\\/\",\"logo\":{\"@type\":\"ImageObject\",\"inLanguage\":\"de\",\"@id\":\"https:\\\/\\\/mfinox.com\\\/de\\\/#\\\/schema\\\/logo\\\/image\\\/\",\"url\":\"https:\\\/\\\/mfinox.com\\\/wp-content\\\/uploads\\\/2024\\\/05\\\/mf-inox_logo_neg.png\",\"contentUrl\":\"https:\\\/\\\/mfinox.com\\\/wp-content\\\/uploads\\\/2024\\\/05\\\/mf-inox_logo_neg.png\",\"width\":1949,\"height\":662,\"caption\":\"M.F. INOX\"},\"image\":{\"@id\":\"https:\\\/\\\/mfinox.com\\\/de\\\/#\\\/schema\\\/logo\\\/image\\\/\"}}]}<\/script>\n<!-- \/ Yoast SEO plugin. -->","yoast_head_json":{"title":"Nickellegierung NIMONIC\u00ae 80A UNS N07080 ALLOY 80A werkstoff 2.4952 - M.F. INOX","robots":{"index":"index","follow":"follow","max-snippet":"max-snippet:-1","max-image-preview":"max-image-preview:large","max-video-preview":"max-video-preview:-1"},"canonical":"https:\/\/mfinox.com\/de\/materialien\/nickellegierung-nimonic-80a-uns-n07080-alloy-80a-werkstoff-2-4952\/","og_locale":"de_DE","og_type":"article","og_title":"Nickellegierung NIMONIC\u00ae 80A UNS N07080 ALLOY 80A werkstoff 2.4952 - M.F. INOX","og_description":"NIMONIC\u00ae 80A UNS N07080 ALLOY 80A werkstoff 2.4952 Die Nickellegierung NIMONIC\u00ae 80A UNS N07080 ALLOY 80A W. Nr. 2.4952 ist eine Nickel-Chrom-Legierung mit Zus\u00e4tzen von Titan, Aluminium und Kohlenstoff, die durch Aush\u00e4rtung geh\u00e4rtet werden kann und f\u00fcr den Einsatz bei Temperaturen bis zu 815\u00b0C (1500\u00b0F) ausgelegt ist. NIMONIC\u00ae Alloy 80A UNS N07080 ALLOY 80A W. [&hellip;]","og_url":"https:\/\/mfinox.com\/de\/materialien\/nickellegierung-nimonic-80a-uns-n07080-alloy-80a-werkstoff-2-4952\/","og_site_name":"M.F. INOX","article_modified_time":"2024-09-06T14:04:37+00:00","twitter_card":"summary_large_image","twitter_misc":{"Gesch\u00e4tzte Lesezeit":"1\u00a0Minute"},"schema":{"@context":"https:\/\/schema.org","@graph":[{"@type":"WebPage","@id":"https:\/\/mfinox.com\/de\/materialien\/nickellegierung-nimonic-80a-uns-n07080-alloy-80a-werkstoff-2-4952\/","url":"https:\/\/mfinox.com\/de\/materialien\/nickellegierung-nimonic-80a-uns-n07080-alloy-80a-werkstoff-2-4952\/","name":"Nickellegierung NIMONIC\u00ae 80A UNS N07080 ALLOY 80A werkstoff 2.4952 - M.F. INOX","isPartOf":{"@id":"https:\/\/mfinox.com\/de\/#website"},"datePublished":"2024-05-21T13:49:59+00:00","dateModified":"2024-09-06T14:04:37+00:00","breadcrumb":{"@id":"https:\/\/mfinox.com\/de\/materialien\/nickellegierung-nimonic-80a-uns-n07080-alloy-80a-werkstoff-2-4952\/#breadcrumb"},"inLanguage":"de","potentialAction":[{"@type":"ReadAction","target":["https:\/\/mfinox.com\/de\/materialien\/nickellegierung-nimonic-80a-uns-n07080-alloy-80a-werkstoff-2-4952\/"]}]},{"@type":"BreadcrumbList","@id":"https:\/\/mfinox.com\/de\/materialien\/nickellegierung-nimonic-80a-uns-n07080-alloy-80a-werkstoff-2-4952\/#breadcrumb","itemListElement":[{"@type":"ListItem","position":1,"name":"Home","item":"https:\/\/mfinox.com\/de\/"},{"@type":"ListItem","position":2,"name":"Materialien","item":"https:\/\/mfinox.com\/de\/materialien\/"},{"@type":"ListItem","position":3,"name":"Nickellegierung NIMONIC\u00ae 80A UNS N07080 ALLOY 80A werkstoff 2.4952"}]},{"@type":"WebSite","@id":"https:\/\/mfinox.com\/de\/#website","url":"https:\/\/mfinox.com\/de\/","name":"M.F. INOX","description":"","publisher":{"@id":"https:\/\/mfinox.com\/de\/#organization"},"potentialAction":[{"@type":"SearchAction","target":{"@type":"EntryPoint","urlTemplate":"https:\/\/mfinox.com\/de\/?s={search_term_string}"},"query-input":{"@type":"PropertyValueSpecification","valueRequired":true,"valueName":"search_term_string"}}],"inLanguage":"de"},{"@type":"Organization","@id":"https:\/\/mfinox.com\/de\/#organization","name":"M.F. INOX","url":"https:\/\/mfinox.com\/de\/","logo":{"@type":"ImageObject","inLanguage":"de","@id":"https:\/\/mfinox.com\/de\/#\/schema\/logo\/image\/","url":"https:\/\/mfinox.com\/wp-content\/uploads\/2024\/05\/mf-inox_logo_neg.png","contentUrl":"https:\/\/mfinox.com\/wp-content\/uploads\/2024\/05\/mf-inox_logo_neg.png","width":1949,"height":662,"caption":"M.F. INOX"},"image":{"@id":"https:\/\/mfinox.com\/de\/#\/schema\/logo\/image\/"}}]}},"_links":{"self":[{"href":"https:\/\/mfinox.com\/de\/wp-json\/wp\/v2\/pages\/6293","targetHints":{"allow":["GET"]}}],"collection":[{"href":"https:\/\/mfinox.com\/de\/wp-json\/wp\/v2\/pages"}],"about":[{"href":"https:\/\/mfinox.com\/de\/wp-json\/wp\/v2\/types\/page"}],"author":[{"embeddable":true,"href":"https:\/\/mfinox.com\/de\/wp-json\/wp\/v2\/users\/1"}],"replies":[{"embeddable":true,"href":"https:\/\/mfinox.com\/de\/wp-json\/wp\/v2\/comments?post=6293"}],"version-history":[{"count":0,"href":"https:\/\/mfinox.com\/de\/wp-json\/wp\/v2\/pages\/6293\/revisions"}],"up":[{"embeddable":true,"href":"https:\/\/mfinox.com\/de\/wp-json\/wp\/v2\/pages\/4508"}],"wp:attachment":[{"href":"https:\/\/mfinox.com\/de\/wp-json\/wp\/v2\/media?parent=6293"}],"curies":[{"name":"wp","href":"https:\/\/api.w.org\/{rel}","templated":true}]}}