{"id":6291,"date":"2024-05-21T15:46:25","date_gmt":"2024-05-21T13:46:25","guid":{"rendered":"https:\/\/mfinox.com\/materialien\/nickellegierung-inconel-625-uns-n06625-alloy-625-werkstoff-2-4856\/"},"modified":"2026-03-23T09:30:21","modified_gmt":"2026-03-23T07:30:21","slug":"nickellegierung-inconel-625-uns-n06625-alloy-625-werkstoff-2-4856","status":"publish","type":"page","link":"https:\/\/mfinox.com\/de\/materialien\/nickellegierung-inconel-625-uns-n06625-alloy-625-werkstoff-2-4856\/","title":{"rendered":"Nickellegierung INCONEL\u00ae 625 UNS N06625 ALLOY 625 werkstoff 2.4856"},"content":{"rendered":"\t\t<div data-elementor-type=\"wp-page\" data-elementor-id=\"6291\" class=\"elementor elementor-6291 elementor-797\" data-elementor-post-type=\"page\">\n\t\t\t\t<div class=\"elementor-element elementor-element-3337d498 e-flex e-con-boxed e-con e-parent\" data-id=\"3337d498\" data-element_type=\"container\" data-e-type=\"container\" data-settings=\"{&quot;background_background&quot;:&quot;classic&quot;}\">\n\t\t\t\t\t<div class=\"e-con-inner\">\n\t\t\t\t<div class=\"elementor-element elementor-element-3079d92e titolo-materiali elementor-invisible elementor-widget elementor-widget-heading\" data-id=\"3079d92e\" data-element_type=\"widget\" data-e-type=\"widget\" data-settings=\"{&quot;_animation&quot;:&quot;fadeIn&quot;}\" data-widget_type=\"heading.default\">\n\t\t\t\t<div class=\"elementor-widget-container\">\n\t\t\t\t\t<h1 class=\"elementor-heading-title elementor-size-default\">INCONEL\u00ae 625 UNS N06625 ALLOY 625 werkstoff 2.4856<\/h1>\t\t\t\t<\/div>\n\t\t\t\t<\/div>\n\t\t\t\t<div class=\"elementor-element elementor-element-7e4eca2b elementor-invisible elementor-widget elementor-widget-shortcode\" data-id=\"7e4eca2b\" data-element_type=\"widget\" data-e-type=\"widget\" data-settings=\"{&quot;_animation&quot;:&quot;fadeIn&quot;}\" data-widget_type=\"shortcode.default\">\n\t\t\t\t<div class=\"elementor-widget-container\">\n\t\t\t\t\t\t\t<div class=\"elementor-shortcode\"><nav aria-label=\"breadcrumb\"><div class=\"breadcrumb\"><span class=\"breadcrumb-item\"><a href=\"https:\/\/mfinox.com\/de\/\" style=\"color: #F3912E;\">Home<\/a><\/span><\/div><\/nav><\/div>\n\t\t\t\t\t\t<\/div>\n\t\t\t\t<\/div>\n\t\t\t\t\t<\/div>\n\t\t\t\t<\/div>\n\t\t<div class=\"elementor-element elementor-element-5cf5141a e-flex e-con-boxed elementor-invisible e-con e-parent\" data-id=\"5cf5141a\" data-element_type=\"container\" data-e-type=\"container\" data-settings=\"{&quot;animation&quot;:&quot;fadeInUp&quot;}\">\n\t\t\t\t\t<div class=\"e-con-inner\">\n\t\t\t\t<div class=\"elementor-element elementor-element-4490aaaf elementor-widget elementor-widget-text-editor\" data-id=\"4490aaaf\" data-element_type=\"widget\" data-e-type=\"widget\" data-widget_type=\"text-editor.default\">\n\t\t\t\t<div class=\"elementor-widget-container\">\n\t\t\t\t\t\t\t\t\tDie Nickellegierung INCONEL\u00ae 625 UNS N06625 ALLOY 625 werkstoff 2.4856 ist eine Nickel-Chrom-Legierung mit Zusatz von Molybd\u00e4n und Niob.\nDiese Zus\u00e4tze verleihen der Legierung bessere mechanische Eigenschaften und erh\u00f6hte Korrosionsbest\u00e4ndigkeit, ohne dass eine Alterungsbehandlung erforderlich ist.\nINCONEL\u00ae 625 UNS N06625 ALLOY 625 werkstoff 2.4856 wird f\u00fcr Unterwasser- und Raumfahrtanwendungen sowie in Rauchgas- und Fl\u00fcssigkeitsaufbereitungsanlagen verwendet.\nINCONEL\u00ae 625 UNS N06625 ALLOY 625 werkstoff 2.4856 wird in Teilen von Flugzeugtriebwerken, Ventilen, Pumpen, Abstandshaltern, Schrauben und Befestigungselementen verwendet.     &nbsp;\n\n<h2>CHEMISCHE ZUSAMMENSETZUNG INCONEL\u00ae 625 UNS N06625 werkstoff 2.4856<\/h2>\n<table class=\"responsive-table\">\n<tbody>\n<tr>\n<th>Element<\/th><th>Min<\/th><th>Max<\/th>\n<\/tr>\n<tr>\n<td>Ni<\/td><td>58<\/td><td>&#8212;<\/td>\n<\/tr>\n<tr>\n<td>Cr<\/td><td>20<\/td><td>23<\/td>\n<\/tr>\n<tr>\n<td>Nb+Ta<\/td><td>3.15<\/td><td>4.15<\/td>\n<\/tr>\n<tr>\n<td>Mo<\/td><td>8<\/td><td>10<\/td>\n<\/tr>\n<tr>\n<td>Ti<\/td><td>&#8212;<\/td><td>0.4<\/td>\n<\/tr>\n<tr>\n<td>Unter<\/td><td>&#8212;<\/td><td>0.4<\/td>\n<\/tr>\n<tr>\n<td>Co<\/td><td>&#8212;<\/td><td>1.0<\/td>\n<\/tr>\n<tr>\n<td>C<\/td><td>&#8212;<\/td><td>0.1<\/td>\n<\/tr>\n<tr>\n<td>Mn<\/td><td>&#8212;<\/td><td>0.5<\/td>\n<\/tr>\n<tr>\n<td>Ja<\/td><td>&#8212;<\/td><td>0.5<\/td>\n<\/tr>\n<tr>\n<td>P<\/td><td>&#8212;<\/td><td>0.015<\/td>\n<\/tr>\n<tr>\n<td>S<\/td><td>&#8212;<\/td><td>0.015<\/td>\n<\/tr>\n<tr>\n<td>Fe<\/td><td>&#8212;<\/td><td>5<\/td>\n<\/tr>\n<\/tbody>\n<\/table>\n<h2>MECHANISCHE EIGENSCHAFTEN INCONEL\u00ae 625 UNS N06625 werkstoff 2.4856<\/h2>\n<table class=\"responsive-table\">\n<tbody>\n<tr>\n<th>Material<\/th>\n<th>Liga<\/th>\n<th>Rm min (MPa)<\/th>\n<th>Rp 0,2 min (MPa)<\/th>\n<th>A% min<\/th>\n<th>Max. H\u00e4rte (HBW)<\/th>\n<\/tr>\n<tr>\n<td>INCONEL\u00ae 625 UNS N06625<\/td>\n<td>2.4856<\/td>\n<td>965<\/td>\n<td>479<\/td>\n<td>30<\/td>\n<td>240<\/td>\n<\/tr>\n<\/tbody>\n<\/table>\n<h2>PHYSIKALISCHE EIGENSCHAFTEN INCONEL\u00ae 625 UNS N06625 werkstoff 2.4856<\/h2>\n<ul>\n \t<li>Spezifisches Gewicht bei 20\u00b0C: 8,44 kg\/dm\u00b3<\/li>\n \t<li>Elastizit\u00e4tsmodul bei 20\u00b0C: 207.500 N\/mm\u00b2<\/li>\n<\/ul>\n<h2>KORRESPONDENZEN UND SPEZIFIKATIONEN INCONEL\u00ae 625 UNS N06625 werkstoff 2.4856<\/h2>\n<ul>\n \t<li>W: 2.4856<\/li>\n \t<li>DIN 17752: NiCr2Mo9Nb<\/li>\n \t<li>ASTM: B446<\/li>\n \t<li>UNS: N06625<\/li>\n \t<li>AMS: 5666<\/li>\n \t<li>ASME: SB 446<\/li>\n \t<li>NACE MR0175<\/li>\n<\/ul>\t\t\t\t\t\t\t\t<\/div>\n\t\t\t\t<\/div>\n\t\t\t\t\t<\/div>\n\t\t\t\t<\/div>\n\t\t\t\t<\/div>\n\t\t","protected":false},"excerpt":{"rendered":"<p>INCONEL\u00ae 625 UNS N06625 ALLOY 625 werkstoff 2.4856 Die Nickellegierung INCONEL\u00ae 625 UNS N06625 ALLOY 625 werkstoff 2.4856 ist eine Nickel-Chrom-Legierung mit Zusatz von Molybd\u00e4n und Niob. Diese Zus\u00e4tze verleihen der Legierung bessere mechanische Eigenschaften und erh\u00f6hte Korrosionsbest\u00e4ndigkeit, ohne dass eine Alterungsbehandlung erforderlich ist. INCONEL\u00ae 625 UNS N06625 ALLOY 625 werkstoff 2.4856 wird f\u00fcr Unterwasser- [&hellip;]<\/p>\n","protected":false},"author":1,"featured_media":0,"parent":4508,"menu_order":0,"comment_status":"closed","ping_status":"closed","template":"","meta":{"footnotes":""},"class_list":["post-6291","page","type-page","status-publish","hentry"],"yoast_head":"<!-- This site is optimized with the Yoast SEO plugin v27.6 - https:\/\/yoast.com\/product\/yoast-seo-wordpress\/ -->\n<title>Nickellegierung INCONEL\u00ae 625 UNS N06625 ALLOY 625 werkstoff 2.4856 - M.F. INOX<\/title>\n<meta name=\"robots\" content=\"index, follow, max-snippet:-1, max-image-preview:large, max-video-preview:-1\" \/>\n<link rel=\"canonical\" href=\"https:\/\/mfinox.com\/de\/materialien\/nickellegierung-inconel-625-uns-n06625-alloy-625-werkstoff-2-4856\/\" \/>\n<meta property=\"og:locale\" content=\"de_DE\" \/>\n<meta property=\"og:type\" content=\"article\" \/>\n<meta property=\"og:title\" content=\"Nickellegierung INCONEL\u00ae 625 UNS N06625 ALLOY 625 werkstoff 2.4856 - M.F. INOX\" \/>\n<meta property=\"og:description\" content=\"INCONEL\u00ae 625 UNS N06625 ALLOY 625 werkstoff 2.4856 Die Nickellegierung INCONEL\u00ae 625 UNS N06625 ALLOY 625 werkstoff 2.4856 ist eine Nickel-Chrom-Legierung mit Zusatz von Molybd\u00e4n und Niob. Diese Zus\u00e4tze verleihen der Legierung bessere mechanische Eigenschaften und erh\u00f6hte Korrosionsbest\u00e4ndigkeit, ohne dass eine Alterungsbehandlung erforderlich ist. INCONEL\u00ae 625 UNS N06625 ALLOY 625 werkstoff 2.4856 wird f\u00fcr Unterwasser- [&hellip;]\" \/>\n<meta property=\"og:url\" content=\"https:\/\/mfinox.com\/de\/materialien\/nickellegierung-inconel-625-uns-n06625-alloy-625-werkstoff-2-4856\/\" \/>\n<meta property=\"og:site_name\" content=\"M.F. INOX\" \/>\n<meta property=\"article:modified_time\" content=\"2026-03-23T07:30:21+00:00\" \/>\n<meta name=\"twitter:card\" content=\"summary_large_image\" \/>\n<meta name=\"twitter:label1\" content=\"Gesch\u00e4tzte Lesezeit\" \/>\n\t<meta name=\"twitter:data1\" content=\"2\u00a0Minuten\" \/>\n<script type=\"application\/ld+json\" class=\"yoast-schema-graph\">{\"@context\":\"https:\\\/\\\/schema.org\",\"@graph\":[{\"@type\":\"WebPage\",\"@id\":\"https:\\\/\\\/mfinox.com\\\/de\\\/materialien\\\/nickellegierung-inconel-625-uns-n06625-alloy-625-werkstoff-2-4856\\\/\",\"url\":\"https:\\\/\\\/mfinox.com\\\/de\\\/materialien\\\/nickellegierung-inconel-625-uns-n06625-alloy-625-werkstoff-2-4856\\\/\",\"name\":\"Nickellegierung INCONEL\u00ae 625 UNS N06625 ALLOY 625 werkstoff 2.4856 - M.F. INOX\",\"isPartOf\":{\"@id\":\"https:\\\/\\\/mfinox.com\\\/de\\\/#website\"},\"datePublished\":\"2024-05-21T13:46:25+00:00\",\"dateModified\":\"2026-03-23T07:30:21+00:00\",\"breadcrumb\":{\"@id\":\"https:\\\/\\\/mfinox.com\\\/de\\\/materialien\\\/nickellegierung-inconel-625-uns-n06625-alloy-625-werkstoff-2-4856\\\/#breadcrumb\"},\"inLanguage\":\"de\",\"potentialAction\":[{\"@type\":\"ReadAction\",\"target\":[\"https:\\\/\\\/mfinox.com\\\/de\\\/materialien\\\/nickellegierung-inconel-625-uns-n06625-alloy-625-werkstoff-2-4856\\\/\"]}]},{\"@type\":\"BreadcrumbList\",\"@id\":\"https:\\\/\\\/mfinox.com\\\/de\\\/materialien\\\/nickellegierung-inconel-625-uns-n06625-alloy-625-werkstoff-2-4856\\\/#breadcrumb\",\"itemListElement\":[{\"@type\":\"ListItem\",\"position\":1,\"name\":\"Home\",\"item\":\"https:\\\/\\\/mfinox.com\\\/de\\\/\"},{\"@type\":\"ListItem\",\"position\":2,\"name\":\"Materialien\",\"item\":\"https:\\\/\\\/mfinox.com\\\/de\\\/materialien\\\/\"},{\"@type\":\"ListItem\",\"position\":3,\"name\":\"https:\\\/\\\/mfinox.com\\\/de\\\/materialien\\\/nickellegierung-inconel-625-uns-n06625-alloy-625-werkstoff-2-4856\\\/\"}]},{\"@type\":\"WebSite\",\"@id\":\"https:\\\/\\\/mfinox.com\\\/de\\\/#website\",\"url\":\"https:\\\/\\\/mfinox.com\\\/de\\\/\",\"name\":\"M.F. INOX\",\"description\":\"\",\"publisher\":{\"@id\":\"https:\\\/\\\/mfinox.com\\\/de\\\/#organization\"},\"potentialAction\":[{\"@type\":\"SearchAction\",\"target\":{\"@type\":\"EntryPoint\",\"urlTemplate\":\"https:\\\/\\\/mfinox.com\\\/de\\\/?s={search_term_string}\"},\"query-input\":{\"@type\":\"PropertyValueSpecification\",\"valueRequired\":true,\"valueName\":\"search_term_string\"}}],\"inLanguage\":\"de\"},{\"@type\":\"Organization\",\"@id\":\"https:\\\/\\\/mfinox.com\\\/de\\\/#organization\",\"name\":\"M.F. INOX\",\"url\":\"https:\\\/\\\/mfinox.com\\\/de\\\/\",\"logo\":{\"@type\":\"ImageObject\",\"inLanguage\":\"de\",\"@id\":\"https:\\\/\\\/mfinox.com\\\/de\\\/#\\\/schema\\\/logo\\\/image\\\/\",\"url\":\"https:\\\/\\\/mfinox.com\\\/wp-content\\\/uploads\\\/2024\\\/05\\\/mf-inox_logo_neg.png\",\"contentUrl\":\"https:\\\/\\\/mfinox.com\\\/wp-content\\\/uploads\\\/2024\\\/05\\\/mf-inox_logo_neg.png\",\"width\":1949,\"height\":662,\"caption\":\"M.F. INOX\"},\"image\":{\"@id\":\"https:\\\/\\\/mfinox.com\\\/de\\\/#\\\/schema\\\/logo\\\/image\\\/\"}}]}<\/script>\n<!-- \/ Yoast SEO plugin. -->","yoast_head_json":{"title":"Nickellegierung INCONEL\u00ae 625 UNS N06625 ALLOY 625 werkstoff 2.4856 - M.F. INOX","robots":{"index":"index","follow":"follow","max-snippet":"max-snippet:-1","max-image-preview":"max-image-preview:large","max-video-preview":"max-video-preview:-1"},"canonical":"https:\/\/mfinox.com\/de\/materialien\/nickellegierung-inconel-625-uns-n06625-alloy-625-werkstoff-2-4856\/","og_locale":"de_DE","og_type":"article","og_title":"Nickellegierung INCONEL\u00ae 625 UNS N06625 ALLOY 625 werkstoff 2.4856 - M.F. INOX","og_description":"INCONEL\u00ae 625 UNS N06625 ALLOY 625 werkstoff 2.4856 Die Nickellegierung INCONEL\u00ae 625 UNS N06625 ALLOY 625 werkstoff 2.4856 ist eine Nickel-Chrom-Legierung mit Zusatz von Molybd\u00e4n und Niob. Diese Zus\u00e4tze verleihen der Legierung bessere mechanische Eigenschaften und erh\u00f6hte Korrosionsbest\u00e4ndigkeit, ohne dass eine Alterungsbehandlung erforderlich ist. INCONEL\u00ae 625 UNS N06625 ALLOY 625 werkstoff 2.4856 wird f\u00fcr Unterwasser- [&hellip;]","og_url":"https:\/\/mfinox.com\/de\/materialien\/nickellegierung-inconel-625-uns-n06625-alloy-625-werkstoff-2-4856\/","og_site_name":"M.F. INOX","article_modified_time":"2026-03-23T07:30:21+00:00","twitter_card":"summary_large_image","twitter_misc":{"Gesch\u00e4tzte Lesezeit":"2\u00a0Minuten"},"schema":{"@context":"https:\/\/schema.org","@graph":[{"@type":"WebPage","@id":"https:\/\/mfinox.com\/de\/materialien\/nickellegierung-inconel-625-uns-n06625-alloy-625-werkstoff-2-4856\/","url":"https:\/\/mfinox.com\/de\/materialien\/nickellegierung-inconel-625-uns-n06625-alloy-625-werkstoff-2-4856\/","name":"Nickellegierung INCONEL\u00ae 625 UNS N06625 ALLOY 625 werkstoff 2.4856 - M.F. INOX","isPartOf":{"@id":"https:\/\/mfinox.com\/de\/#website"},"datePublished":"2024-05-21T13:46:25+00:00","dateModified":"2026-03-23T07:30:21+00:00","breadcrumb":{"@id":"https:\/\/mfinox.com\/de\/materialien\/nickellegierung-inconel-625-uns-n06625-alloy-625-werkstoff-2-4856\/#breadcrumb"},"inLanguage":"de","potentialAction":[{"@type":"ReadAction","target":["https:\/\/mfinox.com\/de\/materialien\/nickellegierung-inconel-625-uns-n06625-alloy-625-werkstoff-2-4856\/"]}]},{"@type":"BreadcrumbList","@id":"https:\/\/mfinox.com\/de\/materialien\/nickellegierung-inconel-625-uns-n06625-alloy-625-werkstoff-2-4856\/#breadcrumb","itemListElement":[{"@type":"ListItem","position":1,"name":"Home","item":"https:\/\/mfinox.com\/de\/"},{"@type":"ListItem","position":2,"name":"Materialien","item":"https:\/\/mfinox.com\/de\/materialien\/"},{"@type":"ListItem","position":3,"name":"https:\/\/mfinox.com\/de\/materialien\/nickellegierung-inconel-625-uns-n06625-alloy-625-werkstoff-2-4856\/"}]},{"@type":"WebSite","@id":"https:\/\/mfinox.com\/de\/#website","url":"https:\/\/mfinox.com\/de\/","name":"M.F. INOX","description":"","publisher":{"@id":"https:\/\/mfinox.com\/de\/#organization"},"potentialAction":[{"@type":"SearchAction","target":{"@type":"EntryPoint","urlTemplate":"https:\/\/mfinox.com\/de\/?s={search_term_string}"},"query-input":{"@type":"PropertyValueSpecification","valueRequired":true,"valueName":"search_term_string"}}],"inLanguage":"de"},{"@type":"Organization","@id":"https:\/\/mfinox.com\/de\/#organization","name":"M.F. INOX","url":"https:\/\/mfinox.com\/de\/","logo":{"@type":"ImageObject","inLanguage":"de","@id":"https:\/\/mfinox.com\/de\/#\/schema\/logo\/image\/","url":"https:\/\/mfinox.com\/wp-content\/uploads\/2024\/05\/mf-inox_logo_neg.png","contentUrl":"https:\/\/mfinox.com\/wp-content\/uploads\/2024\/05\/mf-inox_logo_neg.png","width":1949,"height":662,"caption":"M.F. INOX"},"image":{"@id":"https:\/\/mfinox.com\/de\/#\/schema\/logo\/image\/"}}]}},"_links":{"self":[{"href":"https:\/\/mfinox.com\/de\/wp-json\/wp\/v2\/pages\/6291","targetHints":{"allow":["GET"]}}],"collection":[{"href":"https:\/\/mfinox.com\/de\/wp-json\/wp\/v2\/pages"}],"about":[{"href":"https:\/\/mfinox.com\/de\/wp-json\/wp\/v2\/types\/page"}],"author":[{"embeddable":true,"href":"https:\/\/mfinox.com\/de\/wp-json\/wp\/v2\/users\/1"}],"replies":[{"embeddable":true,"href":"https:\/\/mfinox.com\/de\/wp-json\/wp\/v2\/comments?post=6291"}],"version-history":[{"count":0,"href":"https:\/\/mfinox.com\/de\/wp-json\/wp\/v2\/pages\/6291\/revisions"}],"up":[{"embeddable":true,"href":"https:\/\/mfinox.com\/de\/wp-json\/wp\/v2\/pages\/4508"}],"wp:attachment":[{"href":"https:\/\/mfinox.com\/de\/wp-json\/wp\/v2\/media?parent=6291"}],"curies":[{"name":"wp","href":"https:\/\/api.w.org\/{rel}","templated":true}]}}