{"id":6288,"date":"2024-05-21T15:41:24","date_gmt":"2024-05-21T13:41:24","guid":{"rendered":"https:\/\/mfinox.com\/materialien\/nickellegierung-incoloy-825-uns-n08825-alloy-825-werkstoff-2-4858\/"},"modified":"2024-09-06T14:03:30","modified_gmt":"2024-09-06T14:03:30","slug":"nickellegierung-incoloy-825-uns-n08825-alloy-825-werkstoff-2-4858","status":"publish","type":"page","link":"https:\/\/mfinox.com\/de\/materialien\/nickellegierung-incoloy-825-uns-n08825-alloy-825-werkstoff-2-4858\/","title":{"rendered":"Nickellegierung INCOLOY\u00ae 825 UNS N08825 ALLOY 825 werkstoff 2.4858"},"content":{"rendered":"\t\t<div data-elementor-type=\"wp-page\" data-elementor-id=\"6288\" class=\"elementor elementor-6288 elementor-793\" data-elementor-post-type=\"page\">\n\t\t\t\t<div class=\"elementor-element elementor-element-71e0088d e-flex e-con-boxed e-con e-parent\" data-id=\"71e0088d\" data-element_type=\"container\" data-e-type=\"container\" data-settings=\"{&quot;background_background&quot;:&quot;classic&quot;}\">\n\t\t\t\t\t<div class=\"e-con-inner\">\n\t\t\t\t<div class=\"elementor-element elementor-element-26d361d8 titolo-materiali elementor-invisible elementor-widget elementor-widget-heading\" data-id=\"26d361d8\" data-element_type=\"widget\" data-e-type=\"widget\" data-settings=\"{&quot;_animation&quot;:&quot;fadeIn&quot;}\" data-widget_type=\"heading.default\">\n\t\t\t\t<div class=\"elementor-widget-container\">\n\t\t\t\t\t<h1 class=\"elementor-heading-title elementor-size-default\">INCOLOY\u00ae 825 UNS N08825 ALLOY 825 werkstoff 2.4858<\/h1>\t\t\t\t<\/div>\n\t\t\t\t<\/div>\n\t\t\t\t<div class=\"elementor-element elementor-element-117e757e elementor-invisible elementor-widget elementor-widget-shortcode\" data-id=\"117e757e\" data-element_type=\"widget\" data-e-type=\"widget\" data-settings=\"{&quot;_animation&quot;:&quot;fadeIn&quot;}\" data-widget_type=\"shortcode.default\">\n\t\t\t\t<div class=\"elementor-widget-container\">\n\t\t\t\t\t\t\t<div class=\"elementor-shortcode\"><nav aria-label=\"breadcrumb\"><div class=\"breadcrumb\"><span class=\"breadcrumb-item\"><a href=\"https:\/\/mfinox.com\/de\/\" style=\"color: #F3912E;\">Home<\/a><\/span><\/div><\/nav><\/div>\n\t\t\t\t\t\t<\/div>\n\t\t\t\t<\/div>\n\t\t\t\t\t<\/div>\n\t\t\t\t<\/div>\n\t\t<div class=\"elementor-element elementor-element-6e0bf599 e-flex e-con-boxed elementor-invisible e-con e-parent\" data-id=\"6e0bf599\" data-element_type=\"container\" data-e-type=\"container\" data-settings=\"{&quot;animation&quot;:&quot;fadeInUp&quot;}\">\n\t\t\t\t\t<div class=\"e-con-inner\">\n\t\t\t\t<div class=\"elementor-element elementor-element-508b59fd elementor-widget elementor-widget-text-editor\" data-id=\"508b59fd\" data-element_type=\"widget\" data-e-type=\"widget\" data-widget_type=\"text-editor.default\">\n\t\t\t\t<div class=\"elementor-widget-container\">\n\t\t\t\t\t\t\t\t\tINCOLOY\u00ae Nickellegierung 825 UNS N08825 ALLOY 825 werkstoff 2.4858 ist eine Nickel-Eisen-Chrom-Legierung mit Zusatz von Molybd\u00e4n und Kupfer.\nDie chemische Zusammensetzung dieser Nickellegierung ist so konzipiert, dass sie eine au\u00dfergew\u00f6hnliche Best\u00e4ndigkeit gegen viele korrosive Umgebungen bietet.\nSie \u00e4hnelt der Legierung des Typs 800, hat aber eine bessere Korrosionsbest\u00e4ndigkeit in Wasser.\nSie weist eine ausgezeichnete Best\u00e4ndigkeit gegen saure Oxidationsmittel, Spannungsrisskorrosion und \u00f6rtlich begrenzte Angriffe wie Lochfra\u00df und Spaltkorrosion auf.\nDie INCOLOY\u00ae Nickellegierung 825 UNS N08825 werkstoff 2.4858 ist besonders widerstandsf\u00e4hig gegen Schwefel- und Phosphors\u00e4ure und wird daher f\u00fcr die Herstellung von Komponenten f\u00fcr Chemieanlagen, Anlagen zur Bek\u00e4mpfung der Umweltverschmutzung, \u00d6l- und Gasanlagen, Wiederaufbereitung von Kernbrennstoffen und Beizanlagen verwendet.      <b> <\/b>\n<h2>CHEMISCHE ZUSAMMENSETZUNG INCOLOY\u00ae 825 UNS N08825 werkstoff 2.4858<\/h2>\n<table class=\"responsive-table\">\n<tbody>\n<tr>\n<th>Element<\/th><th>Min<\/th><th>Max<\/th>\n<\/tr>\n<tr>\n<td>Ni<\/td><td>38<\/td><td>46<\/td>\n<\/tr>\n<tr>\n<td>Cr<\/td><td>19.5<\/td><td>23.5<\/td>\n<\/tr>\n<tr>\n<td>Fe<\/td><td>22<\/td><td>&#8212;<\/td>\n<\/tr>\n<tr>\n<td>Mo<\/td><td>2.5<\/td><td>3.5<\/td>\n<\/tr>\n<tr>\n<td>Cu<\/td><td>1.5<\/td><td>3<\/td>\n<\/tr>\n<tr>\n<td>Ti<\/td><td>0.6<\/td><td>1.2<\/td>\n<\/tr>\n<tr>\n<td>C<\/td><td>&#8212;<\/td><td>0.02<\/td>\n<\/tr>\n<tr>\n<td>Mn<\/td><td>&#8212;<\/td><td>1.0<\/td>\n<\/tr>\n<tr>\n<td>S<\/td><td>&#8212;<\/td><td>0.005<\/td>\n<\/tr>\n<tr>\n<td>Ja<\/td><td>&#8212;<\/td><td>0.5<\/td>\n<\/tr>\n<tr>\n<td>P<\/td><td>&#8212;<\/td><td>0.02<\/td>\n<\/tr>\n<tr>\n<td>Unter<\/td><td>&#8212;<\/td><td>0.2<\/td>\n<\/tr>\n<\/tbody>\n<\/table>\n<h2>MECHANISCHE EIGENSCHAFTEN INCOLOY\u00ae 825 UNS N08825 werkstoff 2.4858<\/h2>\n<table class=\"responsive-table\">\n<tbody>\n<tr>\n<th>Material<\/th>\n<th>Liga<\/th>\n<th>Rm min (MPa)<\/th>\n<th>Rp 0,2 min (MPa)<\/th>\n<th>A% min<\/th>\n<th>Max. H\u00e4rte (HBW)<\/th>\n<\/tr>\n<tr>\n<td>INCOLOY\u00ae 825 UNS N08825<\/td>\n<td>2.4858<\/td>\n<td>590<\/td>\n<td>241<\/td>\n<td>30<\/td>\n<td>210<\/td>\n<\/tr>\n<\/tbody>\n<\/table>\n<h2>PHYSIKALISCHE EIGENSCHAFTEN INCOLOY\u00ae 825 UNS N08825 werkstoff 2.4858<\/h2>\n<ul>\n \t<li>Spezifisches Gewicht bei 20\u00b0C: 8,14 kg\/dm\u00b3<\/li>\n \t<li>Elastizit\u00e4tsmodul bei 20\u00b0C: 196.000 N\/mm\u00b2.<\/li>\n<\/ul>\n<h2>KORRESPONDENZEN UND SPEZIFIKATIONEN INCOLOY\u00ae 825 UNS N08825 werkstoff 2.4858<\/h2>\n<ul>\n \t<li>W: 2.4858<\/li>\n \t<li>ASTM: B423<\/li>\n \t<li>UNS: N08825<\/li>\n \t<li>ASME: SB 423, SB 425<\/li>\n \t<li>DIN 17744: NiCr21Mo<\/li>\n \t<li>MARKE: Nicrofer\u00ae 4221<\/li>\n \t<li>NACE MR0175<\/li>\n<\/ul>\t\t\t\t\t\t\t\t<\/div>\n\t\t\t\t<\/div>\n\t\t\t\t\t<\/div>\n\t\t\t\t<\/div>\n\t\t\t\t<\/div>\n\t\t","protected":false},"excerpt":{"rendered":"<p>INCOLOY\u00ae 825 UNS N08825 ALLOY 825 werkstoff 2.4858 INCOLOY\u00ae Nickellegierung 825 UNS N08825 ALLOY 825 werkstoff 2.4858 ist eine Nickel-Eisen-Chrom-Legierung mit Zusatz von Molybd\u00e4n und Kupfer. Die chemische Zusammensetzung dieser Nickellegierung ist so konzipiert, dass sie eine au\u00dfergew\u00f6hnliche Best\u00e4ndigkeit gegen viele korrosive Umgebungen bietet. Sie \u00e4hnelt der Legierung des Typs 800, hat aber eine bessere [&hellip;]<\/p>\n","protected":false},"author":1,"featured_media":0,"parent":4508,"menu_order":0,"comment_status":"closed","ping_status":"closed","template":"","meta":{"footnotes":""},"class_list":["post-6288","page","type-page","status-publish","hentry"],"yoast_head":"<!-- This site is optimized with the Yoast SEO plugin v27.6 - https:\/\/yoast.com\/product\/yoast-seo-wordpress\/ -->\n<title>Nickellegierung INCOLOY\u00ae 825 UNS N08825 ALLOY 825 werkstoff 2.4858 - M.F. INOX<\/title>\n<meta name=\"robots\" content=\"index, follow, max-snippet:-1, max-image-preview:large, max-video-preview:-1\" \/>\n<link rel=\"canonical\" href=\"https:\/\/mfinox.com\/de\/materialien\/nickellegierung-incoloy-825-uns-n08825-alloy-825-werkstoff-2-4858\/\" \/>\n<meta property=\"og:locale\" content=\"de_DE\" \/>\n<meta property=\"og:type\" content=\"article\" \/>\n<meta property=\"og:title\" content=\"Nickellegierung INCOLOY\u00ae 825 UNS N08825 ALLOY 825 werkstoff 2.4858 - M.F. INOX\" \/>\n<meta property=\"og:description\" content=\"INCOLOY\u00ae 825 UNS N08825 ALLOY 825 werkstoff 2.4858 INCOLOY\u00ae Nickellegierung 825 UNS N08825 ALLOY 825 werkstoff 2.4858 ist eine Nickel-Eisen-Chrom-Legierung mit Zusatz von Molybd\u00e4n und Kupfer. Die chemische Zusammensetzung dieser Nickellegierung ist so konzipiert, dass sie eine au\u00dfergew\u00f6hnliche Best\u00e4ndigkeit gegen viele korrosive Umgebungen bietet. Sie \u00e4hnelt der Legierung des Typs 800, hat aber eine bessere [&hellip;]\" \/>\n<meta property=\"og:url\" content=\"https:\/\/mfinox.com\/de\/materialien\/nickellegierung-incoloy-825-uns-n08825-alloy-825-werkstoff-2-4858\/\" \/>\n<meta property=\"og:site_name\" content=\"M.F. INOX\" \/>\n<meta property=\"article:modified_time\" content=\"2024-09-06T14:03:30+00:00\" \/>\n<meta name=\"twitter:card\" content=\"summary_large_image\" \/>\n<meta name=\"twitter:label1\" content=\"Gesch\u00e4tzte Lesezeit\" \/>\n\t<meta name=\"twitter:data1\" content=\"1\u00a0Minute\" \/>\n<script type=\"application\/ld+json\" class=\"yoast-schema-graph\">{\"@context\":\"https:\\\/\\\/schema.org\",\"@graph\":[{\"@type\":\"WebPage\",\"@id\":\"https:\\\/\\\/mfinox.com\\\/de\\\/materialien\\\/nickellegierung-incoloy-825-uns-n08825-alloy-825-werkstoff-2-4858\\\/\",\"url\":\"https:\\\/\\\/mfinox.com\\\/de\\\/materialien\\\/nickellegierung-incoloy-825-uns-n08825-alloy-825-werkstoff-2-4858\\\/\",\"name\":\"Nickellegierung INCOLOY\u00ae 825 UNS N08825 ALLOY 825 werkstoff 2.4858 - M.F. INOX\",\"isPartOf\":{\"@id\":\"https:\\\/\\\/mfinox.com\\\/de\\\/#website\"},\"datePublished\":\"2024-05-21T13:41:24+00:00\",\"dateModified\":\"2024-09-06T14:03:30+00:00\",\"breadcrumb\":{\"@id\":\"https:\\\/\\\/mfinox.com\\\/de\\\/materialien\\\/nickellegierung-incoloy-825-uns-n08825-alloy-825-werkstoff-2-4858\\\/#breadcrumb\"},\"inLanguage\":\"de\",\"potentialAction\":[{\"@type\":\"ReadAction\",\"target\":[\"https:\\\/\\\/mfinox.com\\\/de\\\/materialien\\\/nickellegierung-incoloy-825-uns-n08825-alloy-825-werkstoff-2-4858\\\/\"]}]},{\"@type\":\"BreadcrumbList\",\"@id\":\"https:\\\/\\\/mfinox.com\\\/de\\\/materialien\\\/nickellegierung-incoloy-825-uns-n08825-alloy-825-werkstoff-2-4858\\\/#breadcrumb\",\"itemListElement\":[{\"@type\":\"ListItem\",\"position\":1,\"name\":\"Home\",\"item\":\"https:\\\/\\\/mfinox.com\\\/de\\\/\"},{\"@type\":\"ListItem\",\"position\":2,\"name\":\"Materialien\",\"item\":\"https:\\\/\\\/mfinox.com\\\/de\\\/materialien\\\/\"},{\"@type\":\"ListItem\",\"position\":3,\"name\":\"Nickellegierung INCOLOY\u00ae 825 UNS N08825 ALLOY 825 werkstoff 2.4858\"}]},{\"@type\":\"WebSite\",\"@id\":\"https:\\\/\\\/mfinox.com\\\/de\\\/#website\",\"url\":\"https:\\\/\\\/mfinox.com\\\/de\\\/\",\"name\":\"M.F. INOX\",\"description\":\"\",\"publisher\":{\"@id\":\"https:\\\/\\\/mfinox.com\\\/de\\\/#organization\"},\"potentialAction\":[{\"@type\":\"SearchAction\",\"target\":{\"@type\":\"EntryPoint\",\"urlTemplate\":\"https:\\\/\\\/mfinox.com\\\/de\\\/?s={search_term_string}\"},\"query-input\":{\"@type\":\"PropertyValueSpecification\",\"valueRequired\":true,\"valueName\":\"search_term_string\"}}],\"inLanguage\":\"de\"},{\"@type\":\"Organization\",\"@id\":\"https:\\\/\\\/mfinox.com\\\/de\\\/#organization\",\"name\":\"M.F. INOX\",\"url\":\"https:\\\/\\\/mfinox.com\\\/de\\\/\",\"logo\":{\"@type\":\"ImageObject\",\"inLanguage\":\"de\",\"@id\":\"https:\\\/\\\/mfinox.com\\\/de\\\/#\\\/schema\\\/logo\\\/image\\\/\",\"url\":\"https:\\\/\\\/mfinox.com\\\/wp-content\\\/uploads\\\/2024\\\/05\\\/mf-inox_logo_neg.png\",\"contentUrl\":\"https:\\\/\\\/mfinox.com\\\/wp-content\\\/uploads\\\/2024\\\/05\\\/mf-inox_logo_neg.png\",\"width\":1949,\"height\":662,\"caption\":\"M.F. INOX\"},\"image\":{\"@id\":\"https:\\\/\\\/mfinox.com\\\/de\\\/#\\\/schema\\\/logo\\\/image\\\/\"}}]}<\/script>\n<!-- \/ Yoast SEO plugin. -->","yoast_head_json":{"title":"Nickellegierung INCOLOY\u00ae 825 UNS N08825 ALLOY 825 werkstoff 2.4858 - M.F. INOX","robots":{"index":"index","follow":"follow","max-snippet":"max-snippet:-1","max-image-preview":"max-image-preview:large","max-video-preview":"max-video-preview:-1"},"canonical":"https:\/\/mfinox.com\/de\/materialien\/nickellegierung-incoloy-825-uns-n08825-alloy-825-werkstoff-2-4858\/","og_locale":"de_DE","og_type":"article","og_title":"Nickellegierung INCOLOY\u00ae 825 UNS N08825 ALLOY 825 werkstoff 2.4858 - M.F. INOX","og_description":"INCOLOY\u00ae 825 UNS N08825 ALLOY 825 werkstoff 2.4858 INCOLOY\u00ae Nickellegierung 825 UNS N08825 ALLOY 825 werkstoff 2.4858 ist eine Nickel-Eisen-Chrom-Legierung mit Zusatz von Molybd\u00e4n und Kupfer. Die chemische Zusammensetzung dieser Nickellegierung ist so konzipiert, dass sie eine au\u00dfergew\u00f6hnliche Best\u00e4ndigkeit gegen viele korrosive Umgebungen bietet. Sie \u00e4hnelt der Legierung des Typs 800, hat aber eine bessere [&hellip;]","og_url":"https:\/\/mfinox.com\/de\/materialien\/nickellegierung-incoloy-825-uns-n08825-alloy-825-werkstoff-2-4858\/","og_site_name":"M.F. INOX","article_modified_time":"2024-09-06T14:03:30+00:00","twitter_card":"summary_large_image","twitter_misc":{"Gesch\u00e4tzte Lesezeit":"1\u00a0Minute"},"schema":{"@context":"https:\/\/schema.org","@graph":[{"@type":"WebPage","@id":"https:\/\/mfinox.com\/de\/materialien\/nickellegierung-incoloy-825-uns-n08825-alloy-825-werkstoff-2-4858\/","url":"https:\/\/mfinox.com\/de\/materialien\/nickellegierung-incoloy-825-uns-n08825-alloy-825-werkstoff-2-4858\/","name":"Nickellegierung INCOLOY\u00ae 825 UNS N08825 ALLOY 825 werkstoff 2.4858 - M.F. INOX","isPartOf":{"@id":"https:\/\/mfinox.com\/de\/#website"},"datePublished":"2024-05-21T13:41:24+00:00","dateModified":"2024-09-06T14:03:30+00:00","breadcrumb":{"@id":"https:\/\/mfinox.com\/de\/materialien\/nickellegierung-incoloy-825-uns-n08825-alloy-825-werkstoff-2-4858\/#breadcrumb"},"inLanguage":"de","potentialAction":[{"@type":"ReadAction","target":["https:\/\/mfinox.com\/de\/materialien\/nickellegierung-incoloy-825-uns-n08825-alloy-825-werkstoff-2-4858\/"]}]},{"@type":"BreadcrumbList","@id":"https:\/\/mfinox.com\/de\/materialien\/nickellegierung-incoloy-825-uns-n08825-alloy-825-werkstoff-2-4858\/#breadcrumb","itemListElement":[{"@type":"ListItem","position":1,"name":"Home","item":"https:\/\/mfinox.com\/de\/"},{"@type":"ListItem","position":2,"name":"Materialien","item":"https:\/\/mfinox.com\/de\/materialien\/"},{"@type":"ListItem","position":3,"name":"Nickellegierung INCOLOY\u00ae 825 UNS N08825 ALLOY 825 werkstoff 2.4858"}]},{"@type":"WebSite","@id":"https:\/\/mfinox.com\/de\/#website","url":"https:\/\/mfinox.com\/de\/","name":"M.F. INOX","description":"","publisher":{"@id":"https:\/\/mfinox.com\/de\/#organization"},"potentialAction":[{"@type":"SearchAction","target":{"@type":"EntryPoint","urlTemplate":"https:\/\/mfinox.com\/de\/?s={search_term_string}"},"query-input":{"@type":"PropertyValueSpecification","valueRequired":true,"valueName":"search_term_string"}}],"inLanguage":"de"},{"@type":"Organization","@id":"https:\/\/mfinox.com\/de\/#organization","name":"M.F. INOX","url":"https:\/\/mfinox.com\/de\/","logo":{"@type":"ImageObject","inLanguage":"de","@id":"https:\/\/mfinox.com\/de\/#\/schema\/logo\/image\/","url":"https:\/\/mfinox.com\/wp-content\/uploads\/2024\/05\/mf-inox_logo_neg.png","contentUrl":"https:\/\/mfinox.com\/wp-content\/uploads\/2024\/05\/mf-inox_logo_neg.png","width":1949,"height":662,"caption":"M.F. INOX"},"image":{"@id":"https:\/\/mfinox.com\/de\/#\/schema\/logo\/image\/"}}]}},"_links":{"self":[{"href":"https:\/\/mfinox.com\/de\/wp-json\/wp\/v2\/pages\/6288","targetHints":{"allow":["GET"]}}],"collection":[{"href":"https:\/\/mfinox.com\/de\/wp-json\/wp\/v2\/pages"}],"about":[{"href":"https:\/\/mfinox.com\/de\/wp-json\/wp\/v2\/types\/page"}],"author":[{"embeddable":true,"href":"https:\/\/mfinox.com\/de\/wp-json\/wp\/v2\/users\/1"}],"replies":[{"embeddable":true,"href":"https:\/\/mfinox.com\/de\/wp-json\/wp\/v2\/comments?post=6288"}],"version-history":[{"count":0,"href":"https:\/\/mfinox.com\/de\/wp-json\/wp\/v2\/pages\/6288\/revisions"}],"up":[{"embeddable":true,"href":"https:\/\/mfinox.com\/de\/wp-json\/wp\/v2\/pages\/4508"}],"wp:attachment":[{"href":"https:\/\/mfinox.com\/de\/wp-json\/wp\/v2\/media?parent=6288"}],"curies":[{"name":"wp","href":"https:\/\/api.w.org\/{rel}","templated":true}]}}