{"id":6286,"date":"2024-05-21T15:45:04","date_gmt":"2024-05-21T15:45:04","guid":{"rendered":"https:\/\/mfinox.com\/materialien\/nickellegierung-incoloy-925-alloy-925-uns-n09925\/"},"modified":"2024-09-06T14:03:30","modified_gmt":"2024-09-06T14:03:30","slug":"nickellegierung-incoloy-925-alloy-925-uns-n09925","status":"publish","type":"page","link":"https:\/\/mfinox.com\/de\/materialien\/nickellegierung-incoloy-925-alloy-925-uns-n09925\/","title":{"rendered":"Nickellegierung INCOLOY\u00ae 925 ALLOY 925 UNS N09925"},"content":{"rendered":"\t\t<div data-elementor-type=\"wp-page\" data-elementor-id=\"6286\" class=\"elementor elementor-6286 elementor-795\" data-elementor-post-type=\"page\">\n\t\t\t\t<div class=\"elementor-element elementor-element-1194d539 e-flex e-con-boxed e-con e-parent\" data-id=\"1194d539\" data-element_type=\"container\" data-e-type=\"container\" data-settings=\"{&quot;background_background&quot;:&quot;classic&quot;}\">\n\t\t\t\t\t<div class=\"e-con-inner\">\n\t\t\t\t<div class=\"elementor-element elementor-element-2f07dfb4 titolo-materiali elementor-invisible elementor-widget elementor-widget-heading\" data-id=\"2f07dfb4\" data-element_type=\"widget\" data-e-type=\"widget\" data-settings=\"{&quot;_animation&quot;:&quot;fadeIn&quot;}\" data-widget_type=\"heading.default\">\n\t\t\t\t<div class=\"elementor-widget-container\">\n\t\t\t\t\t<h1 class=\"elementor-heading-title elementor-size-default\">INCOLOY\u00ae 925 LEGIERUNG 925 UNS N09925<\/h1>\t\t\t\t<\/div>\n\t\t\t\t<\/div>\n\t\t\t\t<div class=\"elementor-element elementor-element-28feed39 elementor-invisible elementor-widget elementor-widget-shortcode\" data-id=\"28feed39\" data-element_type=\"widget\" data-e-type=\"widget\" data-settings=\"{&quot;_animation&quot;:&quot;fadeIn&quot;}\" data-widget_type=\"shortcode.default\">\n\t\t\t\t<div class=\"elementor-widget-container\">\n\t\t\t\t\t\t\t<div class=\"elementor-shortcode\"><nav aria-label=\"breadcrumb\"><div class=\"breadcrumb\"><span class=\"breadcrumb-item\"><a href=\"https:\/\/mfinox.com\/de\/\" style=\"color: #F3912E;\">Home<\/a><\/span><\/div><\/nav><\/div>\n\t\t\t\t\t\t<\/div>\n\t\t\t\t<\/div>\n\t\t\t\t\t<\/div>\n\t\t\t\t<\/div>\n\t\t<div class=\"elementor-element elementor-element-3134a4f1 e-flex e-con-boxed elementor-invisible e-con e-parent\" data-id=\"3134a4f1\" data-element_type=\"container\" data-e-type=\"container\" data-settings=\"{&quot;animation&quot;:&quot;fadeInUp&quot;}\">\n\t\t\t\t\t<div class=\"e-con-inner\">\n\t\t\t\t<div class=\"elementor-element elementor-element-4370af90 elementor-widget elementor-widget-text-editor\" data-id=\"4370af90\" data-element_type=\"widget\" data-e-type=\"widget\" data-widget_type=\"text-editor.default\">\n\t\t\t\t<div class=\"elementor-widget-container\">\n\t\t\t\t\t\t\t\t\tINCOLOY\u00ae 925 ALLOY 925 UNS N09925 ist eine f\u00fcr die Ausscheidungsh\u00e4rtung geeignete Nickel-Eisen-Chrom-Legierung mit Zus\u00e4tzen von Molybd\u00e4n, Titan, Aluminium und Kupfer.\nSie kombiniert eine hohe mechanische Festigkeit, die durch Ausscheidungsh\u00e4rtung erzielt wird, mit einer hervorragenden Korrosionsbest\u00e4ndigkeit, die mit der von INCOLOY\u00ae alloy 825 vergleichbar ist.\nDie Nickellegierung INCOLOY\u00ae 925 ALLOY 925 UNS N09925 ist bis zu einer Temperatur von ca. 650\u00b0C \u00e4u\u00dferst widerstandsf\u00e4hig und eignet sich daher f\u00fcr Hochtemperaturanwendungen.\nDiese Legierung zeichnet sich allgemein durch hohe Korrosionsbest\u00e4ndigkeit, Spaltkorrosion und Spannungsrisse in vielen w\u00e4ssrigen Umgebungen aus, auch in solchen, die Sulfide und Chloride enthalten.\nDie Nickellegierung INCOLOY\u00ae 925 ALLOY 925 UNS N09925 wird f\u00fcr Komponenten von Chemieanlagen sowie \u00d6l- und Gasanlagen wie Ventile, Pumpen usw. verwendet.      <h2>CHEMISCHE ZUSAMMENSETZUNG INCOLOY\u00ae 925 LEGIERUNG 925 UNS N09925<\/h2>\n<table class=\"responsive-table\">\n<tbody>\n<tr>\n<th>Element<\/th><th>Min<\/th><th>Max<\/th>\n<\/tr>\n<tr>\n<td>Ni<\/td><td>42.00<\/td><td>46.00<\/td>\n<\/tr>\n<tr>\n<td>Cr<\/td><td>19.50<\/td><td>22.50<\/td>\n<\/tr>\n<tr>\n<td>Fe<\/td><td>22.00<\/td><td>&#8212;<\/td>\n<\/tr>\n<tr>\n<td>Mo<\/td><td>2.50<\/td><td>3.50<\/td>\n<\/tr>\n<tr>\n<td>Nb<\/td><td>&#8212;<\/td><td>0.50<\/td>\n<\/tr>\n<tr>\n<td>Mn<\/td><td>&#8212;<\/td><td>1.00<\/td>\n<\/tr>\n<tr>\n<td>Cu<\/td><td>1.00<\/td><td>3.00<\/td>\n<\/tr>\n<tr>\n<td>Unter<\/td><td>0.10<\/td><td>0.50<\/td>\n<\/tr>\n<tr>\n<td>Ti<\/td><td>1.90<\/td><td>2.40<\/td>\n<\/tr>\n<tr>\n<td>Ja<\/td><td>&#8212;<\/td><td>0.50<\/td>\n<\/tr>\n<tr>\n<td>C<\/td><td>&#8212;<\/td><td>0.03<\/td>\n<\/tr>\n<tr>\n<td>S<\/td><td>&#8212;<\/td><td>0.03<\/td>\n<\/tr>\n<tr>\n<td>P<\/td><td>&#8212;<\/td><td>0.02<\/td>\n<\/tr>\n<\/tbody>\n<\/table>\n<h2>MECHANISCHE EIGENSCHAFTEN INCOLOY\u00ae 925 LEGIERUNG 925 UNS N09925<\/h2>\n<table class=\"responsive-table\">\n<tbody>\n<tr>\n<th>Material<\/th>\n<th>Liga<\/th>\n<th>Rm min (MPa)<\/th>\n<th>Rp 0,2 min (MPa)<\/th>\n<th>A% min<\/th>\n<th>H\u00e4rte<\/th>\n<\/tr>\n<tr>\n<td>INCOLOY\u00ae 925 ALLOY 925 UNS N09925 l\u00f6slich gemacht<\/td>\n<td>N09925<\/td>\n<td>685<\/td>\n<td>271<\/td>\n<td>56<\/td>\n<td>76 HRB<\/td>\n<\/tr>\n<tr>\n<td>INCOLOY\u00ae 925 ALLOY 925 UNS N09925 gealtert<\/td>\n<td>N09925<\/td>\n<td>1154<\/td>\n<td>832<\/td>\n<td>27<\/td>\n<td>26 &#8211; 32 HRC<\/td>\n<\/tr>\n<\/tbody>\n<\/table>\n<h2>PHYSIKALISCHE EIGENSCHAFTEN INCOLOY\u00ae 925 LEGIERUNG 925 UNS N09925<\/h2>\n<ul>\n \t<li>Dichte bei 20\u00b0C: 8,08 kg\/dm\u00b3<\/li>\n \t<li>Elastizit\u00e4tsmodul bei 20\u00b0C: 199.000 N\/mm\u00b2<\/li>\n \t<li>Linearer Ausdehnungskoeffizient: 13,2 \u03bcm\/m \u00b0C<\/li>\n<\/ul>\n<h2>KORRESPONDENZ UND SPEZIFIKATIONEN INCOLOY\u00ae 925 LEGIERUNG 925 UNS N09925<\/h2>\n<ul>\n \t<li>UNS: N09925<\/li>\n \t<li>NACE MR-0175<\/li>\n<\/ul>\t\t\t\t\t\t\t\t<\/div>\n\t\t\t\t<\/div>\n\t\t\t\t\t<\/div>\n\t\t\t\t<\/div>\n\t\t\t\t<\/div>\n\t\t","protected":false},"excerpt":{"rendered":"<p>INCOLOY\u00ae 925 LEGIERUNG 925 UNS N09925 INCOLOY\u00ae 925 ALLOY 925 UNS N09925 ist eine f\u00fcr die Ausscheidungsh\u00e4rtung geeignete Nickel-Eisen-Chrom-Legierung mit Zus\u00e4tzen von Molybd\u00e4n, Titan, Aluminium und Kupfer. Sie kombiniert eine hohe mechanische Festigkeit, die durch Ausscheidungsh\u00e4rtung erzielt wird, mit einer hervorragenden Korrosionsbest\u00e4ndigkeit, die mit der von INCOLOY\u00ae alloy 825 vergleichbar ist. Die Nickellegierung INCOLOY\u00ae 925 [&hellip;]<\/p>\n","protected":false},"author":1,"featured_media":0,"parent":4508,"menu_order":0,"comment_status":"closed","ping_status":"closed","template":"","meta":{"footnotes":""},"class_list":["post-6286","page","type-page","status-publish","hentry"],"yoast_head":"<!-- This site is optimized with the Yoast SEO plugin v27.6 - https:\/\/yoast.com\/product\/yoast-seo-wordpress\/ -->\n<title>Nickellegierung INCOLOY\u00ae 925 ALLOY 925 UNS N09925 - M.F. INOX<\/title>\n<meta name=\"robots\" content=\"index, follow, max-snippet:-1, max-image-preview:large, max-video-preview:-1\" \/>\n<link rel=\"canonical\" href=\"https:\/\/mfinox.com\/de\/materialien\/nickellegierung-incoloy-925-alloy-925-uns-n09925\/\" \/>\n<meta property=\"og:locale\" content=\"de_DE\" \/>\n<meta property=\"og:type\" content=\"article\" \/>\n<meta property=\"og:title\" content=\"Nickellegierung INCOLOY\u00ae 925 ALLOY 925 UNS N09925 - M.F. INOX\" \/>\n<meta property=\"og:description\" content=\"INCOLOY\u00ae 925 LEGIERUNG 925 UNS N09925 INCOLOY\u00ae 925 ALLOY 925 UNS N09925 ist eine f\u00fcr die Ausscheidungsh\u00e4rtung geeignete Nickel-Eisen-Chrom-Legierung mit Zus\u00e4tzen von Molybd\u00e4n, Titan, Aluminium und Kupfer. Sie kombiniert eine hohe mechanische Festigkeit, die durch Ausscheidungsh\u00e4rtung erzielt wird, mit einer hervorragenden Korrosionsbest\u00e4ndigkeit, die mit der von INCOLOY\u00ae alloy 825 vergleichbar ist. Die Nickellegierung INCOLOY\u00ae 925 [&hellip;]\" \/>\n<meta property=\"og:url\" content=\"https:\/\/mfinox.com\/de\/materialien\/nickellegierung-incoloy-925-alloy-925-uns-n09925\/\" \/>\n<meta property=\"og:site_name\" content=\"M.F. INOX\" \/>\n<meta property=\"article:modified_time\" content=\"2024-09-06T14:03:30+00:00\" \/>\n<meta name=\"twitter:card\" content=\"summary_large_image\" \/>\n<meta name=\"twitter:label1\" content=\"Gesch\u00e4tzte Lesezeit\" \/>\n\t<meta name=\"twitter:data1\" content=\"1\u00a0Minute\" \/>\n<script type=\"application\/ld+json\" class=\"yoast-schema-graph\">{\"@context\":\"https:\\\/\\\/schema.org\",\"@graph\":[{\"@type\":\"WebPage\",\"@id\":\"https:\\\/\\\/mfinox.com\\\/de\\\/materialien\\\/nickellegierung-incoloy-925-alloy-925-uns-n09925\\\/\",\"url\":\"https:\\\/\\\/mfinox.com\\\/de\\\/materialien\\\/nickellegierung-incoloy-925-alloy-925-uns-n09925\\\/\",\"name\":\"Nickellegierung INCOLOY\u00ae 925 ALLOY 925 UNS N09925 - M.F. INOX\",\"isPartOf\":{\"@id\":\"https:\\\/\\\/mfinox.com\\\/de\\\/#website\"},\"datePublished\":\"2024-05-21T15:45:04+00:00\",\"dateModified\":\"2024-09-06T14:03:30+00:00\",\"breadcrumb\":{\"@id\":\"https:\\\/\\\/mfinox.com\\\/de\\\/materialien\\\/nickellegierung-incoloy-925-alloy-925-uns-n09925\\\/#breadcrumb\"},\"inLanguage\":\"de\",\"potentialAction\":[{\"@type\":\"ReadAction\",\"target\":[\"https:\\\/\\\/mfinox.com\\\/de\\\/materialien\\\/nickellegierung-incoloy-925-alloy-925-uns-n09925\\\/\"]}]},{\"@type\":\"BreadcrumbList\",\"@id\":\"https:\\\/\\\/mfinox.com\\\/de\\\/materialien\\\/nickellegierung-incoloy-925-alloy-925-uns-n09925\\\/#breadcrumb\",\"itemListElement\":[{\"@type\":\"ListItem\",\"position\":1,\"name\":\"Home\",\"item\":\"https:\\\/\\\/mfinox.com\\\/de\\\/\"},{\"@type\":\"ListItem\",\"position\":2,\"name\":\"Materialien\",\"item\":\"https:\\\/\\\/mfinox.com\\\/de\\\/materialien\\\/\"},{\"@type\":\"ListItem\",\"position\":3,\"name\":\"Nickellegierung INCOLOY\u00ae 925 ALLOY 925 UNS N09925\"}]},{\"@type\":\"WebSite\",\"@id\":\"https:\\\/\\\/mfinox.com\\\/de\\\/#website\",\"url\":\"https:\\\/\\\/mfinox.com\\\/de\\\/\",\"name\":\"M.F. INOX\",\"description\":\"\",\"publisher\":{\"@id\":\"https:\\\/\\\/mfinox.com\\\/de\\\/#organization\"},\"potentialAction\":[{\"@type\":\"SearchAction\",\"target\":{\"@type\":\"EntryPoint\",\"urlTemplate\":\"https:\\\/\\\/mfinox.com\\\/de\\\/?s={search_term_string}\"},\"query-input\":{\"@type\":\"PropertyValueSpecification\",\"valueRequired\":true,\"valueName\":\"search_term_string\"}}],\"inLanguage\":\"de\"},{\"@type\":\"Organization\",\"@id\":\"https:\\\/\\\/mfinox.com\\\/de\\\/#organization\",\"name\":\"M.F. INOX\",\"url\":\"https:\\\/\\\/mfinox.com\\\/de\\\/\",\"logo\":{\"@type\":\"ImageObject\",\"inLanguage\":\"de\",\"@id\":\"https:\\\/\\\/mfinox.com\\\/de\\\/#\\\/schema\\\/logo\\\/image\\\/\",\"url\":\"https:\\\/\\\/mfinox.com\\\/wp-content\\\/uploads\\\/2024\\\/05\\\/mf-inox_logo_neg.png\",\"contentUrl\":\"https:\\\/\\\/mfinox.com\\\/wp-content\\\/uploads\\\/2024\\\/05\\\/mf-inox_logo_neg.png\",\"width\":1949,\"height\":662,\"caption\":\"M.F. INOX\"},\"image\":{\"@id\":\"https:\\\/\\\/mfinox.com\\\/de\\\/#\\\/schema\\\/logo\\\/image\\\/\"}}]}<\/script>\n<!-- \/ Yoast SEO plugin. -->","yoast_head_json":{"title":"Nickellegierung INCOLOY\u00ae 925 ALLOY 925 UNS N09925 - M.F. INOX","robots":{"index":"index","follow":"follow","max-snippet":"max-snippet:-1","max-image-preview":"max-image-preview:large","max-video-preview":"max-video-preview:-1"},"canonical":"https:\/\/mfinox.com\/de\/materialien\/nickellegierung-incoloy-925-alloy-925-uns-n09925\/","og_locale":"de_DE","og_type":"article","og_title":"Nickellegierung INCOLOY\u00ae 925 ALLOY 925 UNS N09925 - M.F. INOX","og_description":"INCOLOY\u00ae 925 LEGIERUNG 925 UNS N09925 INCOLOY\u00ae 925 ALLOY 925 UNS N09925 ist eine f\u00fcr die Ausscheidungsh\u00e4rtung geeignete Nickel-Eisen-Chrom-Legierung mit Zus\u00e4tzen von Molybd\u00e4n, Titan, Aluminium und Kupfer. Sie kombiniert eine hohe mechanische Festigkeit, die durch Ausscheidungsh\u00e4rtung erzielt wird, mit einer hervorragenden Korrosionsbest\u00e4ndigkeit, die mit der von INCOLOY\u00ae alloy 825 vergleichbar ist. Die Nickellegierung INCOLOY\u00ae 925 [&hellip;]","og_url":"https:\/\/mfinox.com\/de\/materialien\/nickellegierung-incoloy-925-alloy-925-uns-n09925\/","og_site_name":"M.F. INOX","article_modified_time":"2024-09-06T14:03:30+00:00","twitter_card":"summary_large_image","twitter_misc":{"Gesch\u00e4tzte Lesezeit":"1\u00a0Minute"},"schema":{"@context":"https:\/\/schema.org","@graph":[{"@type":"WebPage","@id":"https:\/\/mfinox.com\/de\/materialien\/nickellegierung-incoloy-925-alloy-925-uns-n09925\/","url":"https:\/\/mfinox.com\/de\/materialien\/nickellegierung-incoloy-925-alloy-925-uns-n09925\/","name":"Nickellegierung INCOLOY\u00ae 925 ALLOY 925 UNS N09925 - M.F. INOX","isPartOf":{"@id":"https:\/\/mfinox.com\/de\/#website"},"datePublished":"2024-05-21T15:45:04+00:00","dateModified":"2024-09-06T14:03:30+00:00","breadcrumb":{"@id":"https:\/\/mfinox.com\/de\/materialien\/nickellegierung-incoloy-925-alloy-925-uns-n09925\/#breadcrumb"},"inLanguage":"de","potentialAction":[{"@type":"ReadAction","target":["https:\/\/mfinox.com\/de\/materialien\/nickellegierung-incoloy-925-alloy-925-uns-n09925\/"]}]},{"@type":"BreadcrumbList","@id":"https:\/\/mfinox.com\/de\/materialien\/nickellegierung-incoloy-925-alloy-925-uns-n09925\/#breadcrumb","itemListElement":[{"@type":"ListItem","position":1,"name":"Home","item":"https:\/\/mfinox.com\/de\/"},{"@type":"ListItem","position":2,"name":"Materialien","item":"https:\/\/mfinox.com\/de\/materialien\/"},{"@type":"ListItem","position":3,"name":"Nickellegierung INCOLOY\u00ae 925 ALLOY 925 UNS N09925"}]},{"@type":"WebSite","@id":"https:\/\/mfinox.com\/de\/#website","url":"https:\/\/mfinox.com\/de\/","name":"M.F. INOX","description":"","publisher":{"@id":"https:\/\/mfinox.com\/de\/#organization"},"potentialAction":[{"@type":"SearchAction","target":{"@type":"EntryPoint","urlTemplate":"https:\/\/mfinox.com\/de\/?s={search_term_string}"},"query-input":{"@type":"PropertyValueSpecification","valueRequired":true,"valueName":"search_term_string"}}],"inLanguage":"de"},{"@type":"Organization","@id":"https:\/\/mfinox.com\/de\/#organization","name":"M.F. INOX","url":"https:\/\/mfinox.com\/de\/","logo":{"@type":"ImageObject","inLanguage":"de","@id":"https:\/\/mfinox.com\/de\/#\/schema\/logo\/image\/","url":"https:\/\/mfinox.com\/wp-content\/uploads\/2024\/05\/mf-inox_logo_neg.png","contentUrl":"https:\/\/mfinox.com\/wp-content\/uploads\/2024\/05\/mf-inox_logo_neg.png","width":1949,"height":662,"caption":"M.F. INOX"},"image":{"@id":"https:\/\/mfinox.com\/de\/#\/schema\/logo\/image\/"}}]}},"_links":{"self":[{"href":"https:\/\/mfinox.com\/de\/wp-json\/wp\/v2\/pages\/6286","targetHints":{"allow":["GET"]}}],"collection":[{"href":"https:\/\/mfinox.com\/de\/wp-json\/wp\/v2\/pages"}],"about":[{"href":"https:\/\/mfinox.com\/de\/wp-json\/wp\/v2\/types\/page"}],"author":[{"embeddable":true,"href":"https:\/\/mfinox.com\/de\/wp-json\/wp\/v2\/users\/1"}],"replies":[{"embeddable":true,"href":"https:\/\/mfinox.com\/de\/wp-json\/wp\/v2\/comments?post=6286"}],"version-history":[{"count":0,"href":"https:\/\/mfinox.com\/de\/wp-json\/wp\/v2\/pages\/6286\/revisions"}],"up":[{"embeddable":true,"href":"https:\/\/mfinox.com\/de\/wp-json\/wp\/v2\/pages\/4508"}],"wp:attachment":[{"href":"https:\/\/mfinox.com\/de\/wp-json\/wp\/v2\/media?parent=6286"}],"curies":[{"name":"wp","href":"https:\/\/api.w.org\/{rel}","templated":true}]}}