{"id":6283,"date":"2024-05-21T15:37:26","date_gmt":"2024-05-21T15:37:26","guid":{"rendered":"https:\/\/mfinox.com\/materialien\/nickellegierung-hastelloy-c-22-uns-n06022-werkstoff-2-4602\/"},"modified":"2024-09-06T14:02:55","modified_gmt":"2024-09-06T14:02:55","slug":"nickellegierung-hastelloy-c-22-uns-n06022-werkstoff-2-4602","status":"publish","type":"page","link":"https:\/\/mfinox.com\/de\/materialien\/nickellegierung-hastelloy-c-22-uns-n06022-werkstoff-2-4602\/","title":{"rendered":"Nickellegierung HASTELLOY\u00ae C-22 UNS N06022 werkstoff 2.4602"},"content":{"rendered":"\t\t<div data-elementor-type=\"wp-page\" data-elementor-id=\"6283\" class=\"elementor elementor-6283 elementor-787\" data-elementor-post-type=\"page\">\n\t\t\t\t<div class=\"elementor-element elementor-element-3b180d37 e-flex e-con-boxed e-con e-parent\" data-id=\"3b180d37\" data-element_type=\"container\" data-e-type=\"container\" data-settings=\"{&quot;background_background&quot;:&quot;classic&quot;}\">\n\t\t\t\t\t<div class=\"e-con-inner\">\n\t\t\t\t<div class=\"elementor-element elementor-element-1caa6a36 titolo-materiali elementor-invisible elementor-widget elementor-widget-heading\" data-id=\"1caa6a36\" data-element_type=\"widget\" data-e-type=\"widget\" data-settings=\"{&quot;_animation&quot;:&quot;fadeIn&quot;}\" data-widget_type=\"heading.default\">\n\t\t\t\t<div class=\"elementor-widget-container\">\n\t\t\t\t\t<h1 class=\"elementor-heading-title elementor-size-default\">HASTELLOY\u00ae C-22 UNS N06022 werkstoff 2.4602<\/h1>\t\t\t\t<\/div>\n\t\t\t\t<\/div>\n\t\t\t\t<div class=\"elementor-element elementor-element-2b1edd89 elementor-invisible elementor-widget elementor-widget-shortcode\" data-id=\"2b1edd89\" data-element_type=\"widget\" data-e-type=\"widget\" data-settings=\"{&quot;_animation&quot;:&quot;fadeIn&quot;}\" data-widget_type=\"shortcode.default\">\n\t\t\t\t<div class=\"elementor-widget-container\">\n\t\t\t\t\t\t\t<div class=\"elementor-shortcode\"><nav aria-label=\"breadcrumb\"><div class=\"breadcrumb\"><span class=\"breadcrumb-item\"><a href=\"https:\/\/mfinox.com\/de\/\" style=\"color: #F3912E;\">Home<\/a><\/span><\/div><\/nav><\/div>\n\t\t\t\t\t\t<\/div>\n\t\t\t\t<\/div>\n\t\t\t\t\t<\/div>\n\t\t\t\t<\/div>\n\t\t<div class=\"elementor-element elementor-element-6aa23bef e-flex e-con-boxed elementor-invisible e-con e-parent\" data-id=\"6aa23bef\" data-element_type=\"container\" data-e-type=\"container\" data-settings=\"{&quot;animation&quot;:&quot;fadeInUp&quot;}\">\n\t\t\t\t\t<div class=\"e-con-inner\">\n\t\t\t\t<div class=\"elementor-element elementor-element-520340dc elementor-widget elementor-widget-text-editor\" data-id=\"520340dc\" data-element_type=\"widget\" data-e-type=\"widget\" data-widget_type=\"text-editor.default\">\n\t\t\t\t<div class=\"elementor-widget-container\">\n\t\t\t\t\t\t\t\t\tDie Nickellegierung HASTELLOY\u00ae C-22 UNS N06022 werkstoff 2.4602 ist eine sehr vielseitige Nickel-Chrom-Molybd\u00e4n-Wolfram-Legierung, die im Vergleich zu Nickel-Chrom-Molybd\u00e4n-Legierungen (C-4- und C-276-Legierungen) eine hervorragende Korrosionsbest\u00e4ndigkeit aufweist.\nSie zeigt ein ausgezeichnetes Verhalten in Umgebungen, die Lochfra\u00df und Spaltkorrosion erzeugen, und bietet eine hervorragende Best\u00e4ndigkeit gegen Spannungsrisskorrosion.\nHastelloy\u00ae C-22 UNS N06022 werkstoff 2.4602 weist aufgrund des hohen Chromgehalts im Vergleich zu den anderen Legierungen der C-Serie auch eine ausgezeichnete Best\u00e4ndigkeit gegen Oxidationsmittel in Salpeters\u00e4ure-, Eisen- und Chlorionenl\u00f6sungen auf.\nAufgrund des Molybd\u00e4ns weist sie au\u00dferdem eine gute Best\u00e4ndigkeit gegen Reduktionsmittel auf.\nDie Nickellegierung Hastelloy\u00ae C-22 UNS N06022 werkstoff 2.4602 wird f\u00fcr Komponenten in chemischen Anlagen, Umweltschutzeinrichtungen, pharmazeutischen Anlagen sowie \u00d6l- und Gasanlagen verwendet.      <h2><b>CHEMISCHE ZUSAMMENSETZUNG HASTELLOY\u00ae C-22 UNS N06022<\/b><\/h2>\n<table class=\"responsive-table\">\n<thead>\n<tr>\n<th>Element<\/th><th>Min<\/th><th>Max<\/th>\n<\/tr>\n<\/thead>\n<tbody>\n<tr>\n<td data-label=\"Elemento\">Ni<\/td><td data-label=\"Min\">56<\/td><td data-label=\"Max\">&#8212;<\/td>\n<\/tr>\n<tr>\n<td data-label=\"Elemento\">Cr<\/td><td data-label=\"Min\">20<\/td><td data-label=\"Max\">22.5<\/td>\n<\/tr>\n<tr>\n<td data-label=\"Elemento\">Fe<\/td><td data-label=\"Min\">2<\/td><td data-label=\"Max\">6<\/td>\n<\/tr>\n<tr>\n<td data-label=\"Elemento\">Mo<\/td><td data-label=\"Min\">12.5<\/td><td data-label=\"Max\">14.5<\/td>\n<\/tr>\n<tr>\n<td data-label=\"Elemento\">W<\/td><td data-label=\"Min\">2.5<\/td><td data-label=\"Max\">3.5<\/td>\n<\/tr>\n<tr>\n<td data-label=\"Elemento\">C<\/td><td data-label=\"Min\">&#8212;<\/td><td data-label=\"Max\">0.01<\/td>\n<\/tr>\n<tr>\n<td data-label=\"Elemento\">Mn<\/td><td data-label=\"Min\">&#8212;<\/td><td data-label=\"Max\">0.5<\/td>\n<\/tr>\n<tr>\n<td data-label=\"Elemento\">S<\/td><td data-label=\"Min\">&#8212;<\/td><td data-label=\"Max\">0.02<\/td>\n<\/tr>\n<tr>\n<td data-label=\"Elemento\">Ja<\/td><td data-label=\"Min\">&#8212;<\/td><td data-label=\"Max\">0.08<\/td>\n<\/tr>\n<tr>\n<td data-label=\"Elemento\">P<\/td><td data-label=\"Min\">&#8212;<\/td><td data-label=\"Max\">0.02<\/td>\n<\/tr>\n<tr>\n<td data-label=\"Elemento\">V<\/td><td data-label=\"Min\">&#8212;<\/td><td data-label=\"Max\">0.35<\/td>\n<\/tr>\n<\/tbody>\n<\/table>\n<h2><b>MECHANISCHE EIGENSCHAFTEN HASTELLOY\u00ae C-22 UNS N06022 werkstoff 2.4602<\/b><\/h2>\n<table class=\"responsive-table\">\n<thead>\n<tr>\n<th>Material<\/th><th>Legierung<\/th><th>Rm min (MPa)<\/th><th>Rp 0,2 min (MPa)<\/th><th>A% min<\/th>\n<\/tr>\n<\/thead>\n<tbody>\n<tr>\n<td data-label=\"Materiale\">HASTELLOY\u00ae C-22 UNS N06022<\/td><td data-label=\"Lega\">2.4602<\/td><td data-label=\"Rm min (MPa)\">690<\/td><td data-label=\"Rp 0.2 min (MPa)\">310<\/td><td data-label=\"A% min\">45<\/td>\n<\/tr>\n<\/tbody>\n<\/table>\n<h2><b>PHYSIKALISCHE EIGENSCHAFTEN HASTELLOY\u00ae C-22 UNS N06022 werkstoff 2.4602<\/b><\/h2>\n<ul>\n \t<li><strong>Spezifisches Gewicht<\/strong>: bei 20\u00b0C 8,69 kg\/dm\u00b3<\/li>\n \t<li><strong>Elastizit\u00e4tsmodul<\/strong>: bei 20\u00b0C 205.500 N\/mm\u00b2<\/li>\n \t<li><strong>Ausdehnungskoeffizient<\/strong>: 20-100\u00b0C 12,4 \u03bcm\/m \u00b0C<\/li>\n \t<li><strong>Steifigkeitsmodul<\/strong>: 78,6 kN\/mm\u00b2<\/li>\n<\/ul>\n&nbsp;\n<h2><b>KORRESPONDENZ UND SPEZIFIKATIONEN HASTELLOY\u00ae C-22 UNS N06022<\/b><\/h2>\n<ul>\n \t<li>W: 2.4602<\/li>\n \t<li>ASTM: B575<\/li>\n \t<li>UNS: N06022<\/li>\n \t<li>ASTM: B574, B575, B619<\/li>\n \t<li>ISO: 15156-3<\/li>\n \t<li>NACE MR 0175<\/li>\n<\/ul>\n\t\t<div data-elementor-type=\"section\" data-elementor-id=\"2152\" class=\"elementor elementor-2152\" data-elementor-post-type=\"elementor_library\">\n\t\t\t<div class=\"elementor-element elementor-element-1a5312d e-flex e-con-boxed e-con e-parent\" data-id=\"1a5312d\" data-element_type=\"container\" data-e-type=\"container\">\n\t\t\t\t\t<div class=\"e-con-inner\">\n\t\t\t\t<div class=\"elementor-element elementor-element-703a4b7 elementor-widget elementor-widget-spacer\" data-id=\"703a4b7\" data-element_type=\"widget\" data-e-type=\"widget\" data-widget_type=\"spacer.default\">\n\t\t\t\t<div class=\"elementor-widget-container\">\n\t\t\t\t\t\t\t<div class=\"elementor-spacer\">\n\t\t\t<div class=\"elementor-spacer-inner\"><\/div>\n\t\t<\/div>\n\t\t\t\t\t\t<\/div>\n\t\t\t\t<\/div>\n\t\t\t\t\t<\/div>\n\t\t\t\t<\/div>\n\t\t\t\t<\/div>\n\t\t\t\t\t\t\t\t\t\t<\/div>\n\t\t\t\t<\/div>\n\t\t\t\t\t<\/div>\n\t\t\t\t<\/div>\n\t\t\t\t<\/div>\n\t\t","protected":false},"excerpt":{"rendered":"<p>HASTELLOY\u00ae C-22 UNS N06022 werkstoff 2.4602 Die Nickellegierung HASTELLOY\u00ae C-22 UNS N06022 werkstoff 2.4602 ist eine sehr vielseitige Nickel-Chrom-Molybd\u00e4n-Wolfram-Legierung, die im Vergleich zu Nickel-Chrom-Molybd\u00e4n-Legierungen (C-4- und C-276-Legierungen) eine hervorragende Korrosionsbest\u00e4ndigkeit aufweist. Sie zeigt ein ausgezeichnetes Verhalten in Umgebungen, die Lochfra\u00df und Spaltkorrosion erzeugen, und bietet eine hervorragende Best\u00e4ndigkeit gegen Spannungsrisskorrosion. Hastelloy\u00ae C-22 UNS N06022 werkstoff [&hellip;]<\/p>\n","protected":false},"author":1,"featured_media":0,"parent":4508,"menu_order":0,"comment_status":"closed","ping_status":"closed","template":"","meta":{"footnotes":""},"class_list":["post-6283","page","type-page","status-publish","hentry"],"yoast_head":"<!-- This site is optimized with the Yoast SEO plugin v27.6 - https:\/\/yoast.com\/product\/yoast-seo-wordpress\/ -->\n<title>Nickellegierung HASTELLOY\u00ae C-22 UNS N06022 werkstoff 2.4602 - M.F. INOX<\/title>\n<meta name=\"robots\" content=\"index, follow, max-snippet:-1, max-image-preview:large, max-video-preview:-1\" \/>\n<link rel=\"canonical\" href=\"https:\/\/mfinox.com\/de\/materialien\/nickellegierung-hastelloy-c-22-uns-n06022-werkstoff-2-4602\/\" \/>\n<meta property=\"og:locale\" content=\"de_DE\" \/>\n<meta property=\"og:type\" content=\"article\" \/>\n<meta property=\"og:title\" content=\"Nickellegierung HASTELLOY\u00ae C-22 UNS N06022 werkstoff 2.4602 - M.F. INOX\" \/>\n<meta property=\"og:description\" content=\"HASTELLOY\u00ae C-22 UNS N06022 werkstoff 2.4602 Die Nickellegierung HASTELLOY\u00ae C-22 UNS N06022 werkstoff 2.4602 ist eine sehr vielseitige Nickel-Chrom-Molybd\u00e4n-Wolfram-Legierung, die im Vergleich zu Nickel-Chrom-Molybd\u00e4n-Legierungen (C-4- und C-276-Legierungen) eine hervorragende Korrosionsbest\u00e4ndigkeit aufweist. Sie zeigt ein ausgezeichnetes Verhalten in Umgebungen, die Lochfra\u00df und Spaltkorrosion erzeugen, und bietet eine hervorragende Best\u00e4ndigkeit gegen Spannungsrisskorrosion. Hastelloy\u00ae C-22 UNS N06022 werkstoff [&hellip;]\" \/>\n<meta property=\"og:url\" content=\"https:\/\/mfinox.com\/de\/materialien\/nickellegierung-hastelloy-c-22-uns-n06022-werkstoff-2-4602\/\" \/>\n<meta property=\"og:site_name\" content=\"M.F. INOX\" \/>\n<meta property=\"article:modified_time\" content=\"2024-09-06T14:02:55+00:00\" \/>\n<meta name=\"twitter:card\" content=\"summary_large_image\" \/>\n<meta name=\"twitter:label1\" content=\"Gesch\u00e4tzte Lesezeit\" \/>\n\t<meta name=\"twitter:data1\" content=\"1\u00a0Minute\" \/>\n<script type=\"application\/ld+json\" class=\"yoast-schema-graph\">{\"@context\":\"https:\\\/\\\/schema.org\",\"@graph\":[{\"@type\":\"WebPage\",\"@id\":\"https:\\\/\\\/mfinox.com\\\/de\\\/materialien\\\/nickellegierung-hastelloy-c-22-uns-n06022-werkstoff-2-4602\\\/\",\"url\":\"https:\\\/\\\/mfinox.com\\\/de\\\/materialien\\\/nickellegierung-hastelloy-c-22-uns-n06022-werkstoff-2-4602\\\/\",\"name\":\"Nickellegierung HASTELLOY\u00ae C-22 UNS N06022 werkstoff 2.4602 - M.F. INOX\",\"isPartOf\":{\"@id\":\"https:\\\/\\\/mfinox.com\\\/de\\\/#website\"},\"datePublished\":\"2024-05-21T15:37:26+00:00\",\"dateModified\":\"2024-09-06T14:02:55+00:00\",\"breadcrumb\":{\"@id\":\"https:\\\/\\\/mfinox.com\\\/de\\\/materialien\\\/nickellegierung-hastelloy-c-22-uns-n06022-werkstoff-2-4602\\\/#breadcrumb\"},\"inLanguage\":\"de\",\"potentialAction\":[{\"@type\":\"ReadAction\",\"target\":[\"https:\\\/\\\/mfinox.com\\\/de\\\/materialien\\\/nickellegierung-hastelloy-c-22-uns-n06022-werkstoff-2-4602\\\/\"]}]},{\"@type\":\"BreadcrumbList\",\"@id\":\"https:\\\/\\\/mfinox.com\\\/de\\\/materialien\\\/nickellegierung-hastelloy-c-22-uns-n06022-werkstoff-2-4602\\\/#breadcrumb\",\"itemListElement\":[{\"@type\":\"ListItem\",\"position\":1,\"name\":\"Home\",\"item\":\"https:\\\/\\\/mfinox.com\\\/de\\\/\"},{\"@type\":\"ListItem\",\"position\":2,\"name\":\"Materialien\",\"item\":\"https:\\\/\\\/mfinox.com\\\/de\\\/materialien\\\/\"},{\"@type\":\"ListItem\",\"position\":3,\"name\":\"Nickellegierung HASTELLOY\u00ae C-22 UNS N06022 werkstoff 2.4602\"}]},{\"@type\":\"WebSite\",\"@id\":\"https:\\\/\\\/mfinox.com\\\/de\\\/#website\",\"url\":\"https:\\\/\\\/mfinox.com\\\/de\\\/\",\"name\":\"M.F. INOX\",\"description\":\"\",\"publisher\":{\"@id\":\"https:\\\/\\\/mfinox.com\\\/de\\\/#organization\"},\"potentialAction\":[{\"@type\":\"SearchAction\",\"target\":{\"@type\":\"EntryPoint\",\"urlTemplate\":\"https:\\\/\\\/mfinox.com\\\/de\\\/?s={search_term_string}\"},\"query-input\":{\"@type\":\"PropertyValueSpecification\",\"valueRequired\":true,\"valueName\":\"search_term_string\"}}],\"inLanguage\":\"de\"},{\"@type\":\"Organization\",\"@id\":\"https:\\\/\\\/mfinox.com\\\/de\\\/#organization\",\"name\":\"M.F. INOX\",\"url\":\"https:\\\/\\\/mfinox.com\\\/de\\\/\",\"logo\":{\"@type\":\"ImageObject\",\"inLanguage\":\"de\",\"@id\":\"https:\\\/\\\/mfinox.com\\\/de\\\/#\\\/schema\\\/logo\\\/image\\\/\",\"url\":\"https:\\\/\\\/mfinox.com\\\/wp-content\\\/uploads\\\/2024\\\/05\\\/mf-inox_logo_neg.png\",\"contentUrl\":\"https:\\\/\\\/mfinox.com\\\/wp-content\\\/uploads\\\/2024\\\/05\\\/mf-inox_logo_neg.png\",\"width\":1949,\"height\":662,\"caption\":\"M.F. INOX\"},\"image\":{\"@id\":\"https:\\\/\\\/mfinox.com\\\/de\\\/#\\\/schema\\\/logo\\\/image\\\/\"}}]}<\/script>\n<!-- \/ Yoast SEO plugin. -->","yoast_head_json":{"title":"Nickellegierung HASTELLOY\u00ae C-22 UNS N06022 werkstoff 2.4602 - M.F. INOX","robots":{"index":"index","follow":"follow","max-snippet":"max-snippet:-1","max-image-preview":"max-image-preview:large","max-video-preview":"max-video-preview:-1"},"canonical":"https:\/\/mfinox.com\/de\/materialien\/nickellegierung-hastelloy-c-22-uns-n06022-werkstoff-2-4602\/","og_locale":"de_DE","og_type":"article","og_title":"Nickellegierung HASTELLOY\u00ae C-22 UNS N06022 werkstoff 2.4602 - M.F. INOX","og_description":"HASTELLOY\u00ae C-22 UNS N06022 werkstoff 2.4602 Die Nickellegierung HASTELLOY\u00ae C-22 UNS N06022 werkstoff 2.4602 ist eine sehr vielseitige Nickel-Chrom-Molybd\u00e4n-Wolfram-Legierung, die im Vergleich zu Nickel-Chrom-Molybd\u00e4n-Legierungen (C-4- und C-276-Legierungen) eine hervorragende Korrosionsbest\u00e4ndigkeit aufweist. Sie zeigt ein ausgezeichnetes Verhalten in Umgebungen, die Lochfra\u00df und Spaltkorrosion erzeugen, und bietet eine hervorragende Best\u00e4ndigkeit gegen Spannungsrisskorrosion. Hastelloy\u00ae C-22 UNS N06022 werkstoff [&hellip;]","og_url":"https:\/\/mfinox.com\/de\/materialien\/nickellegierung-hastelloy-c-22-uns-n06022-werkstoff-2-4602\/","og_site_name":"M.F. INOX","article_modified_time":"2024-09-06T14:02:55+00:00","twitter_card":"summary_large_image","twitter_misc":{"Gesch\u00e4tzte Lesezeit":"1\u00a0Minute"},"schema":{"@context":"https:\/\/schema.org","@graph":[{"@type":"WebPage","@id":"https:\/\/mfinox.com\/de\/materialien\/nickellegierung-hastelloy-c-22-uns-n06022-werkstoff-2-4602\/","url":"https:\/\/mfinox.com\/de\/materialien\/nickellegierung-hastelloy-c-22-uns-n06022-werkstoff-2-4602\/","name":"Nickellegierung HASTELLOY\u00ae C-22 UNS N06022 werkstoff 2.4602 - M.F. INOX","isPartOf":{"@id":"https:\/\/mfinox.com\/de\/#website"},"datePublished":"2024-05-21T15:37:26+00:00","dateModified":"2024-09-06T14:02:55+00:00","breadcrumb":{"@id":"https:\/\/mfinox.com\/de\/materialien\/nickellegierung-hastelloy-c-22-uns-n06022-werkstoff-2-4602\/#breadcrumb"},"inLanguage":"de","potentialAction":[{"@type":"ReadAction","target":["https:\/\/mfinox.com\/de\/materialien\/nickellegierung-hastelloy-c-22-uns-n06022-werkstoff-2-4602\/"]}]},{"@type":"BreadcrumbList","@id":"https:\/\/mfinox.com\/de\/materialien\/nickellegierung-hastelloy-c-22-uns-n06022-werkstoff-2-4602\/#breadcrumb","itemListElement":[{"@type":"ListItem","position":1,"name":"Home","item":"https:\/\/mfinox.com\/de\/"},{"@type":"ListItem","position":2,"name":"Materialien","item":"https:\/\/mfinox.com\/de\/materialien\/"},{"@type":"ListItem","position":3,"name":"Nickellegierung HASTELLOY\u00ae C-22 UNS N06022 werkstoff 2.4602"}]},{"@type":"WebSite","@id":"https:\/\/mfinox.com\/de\/#website","url":"https:\/\/mfinox.com\/de\/","name":"M.F. INOX","description":"","publisher":{"@id":"https:\/\/mfinox.com\/de\/#organization"},"potentialAction":[{"@type":"SearchAction","target":{"@type":"EntryPoint","urlTemplate":"https:\/\/mfinox.com\/de\/?s={search_term_string}"},"query-input":{"@type":"PropertyValueSpecification","valueRequired":true,"valueName":"search_term_string"}}],"inLanguage":"de"},{"@type":"Organization","@id":"https:\/\/mfinox.com\/de\/#organization","name":"M.F. INOX","url":"https:\/\/mfinox.com\/de\/","logo":{"@type":"ImageObject","inLanguage":"de","@id":"https:\/\/mfinox.com\/de\/#\/schema\/logo\/image\/","url":"https:\/\/mfinox.com\/wp-content\/uploads\/2024\/05\/mf-inox_logo_neg.png","contentUrl":"https:\/\/mfinox.com\/wp-content\/uploads\/2024\/05\/mf-inox_logo_neg.png","width":1949,"height":662,"caption":"M.F. INOX"},"image":{"@id":"https:\/\/mfinox.com\/de\/#\/schema\/logo\/image\/"}}]}},"_links":{"self":[{"href":"https:\/\/mfinox.com\/de\/wp-json\/wp\/v2\/pages\/6283","targetHints":{"allow":["GET"]}}],"collection":[{"href":"https:\/\/mfinox.com\/de\/wp-json\/wp\/v2\/pages"}],"about":[{"href":"https:\/\/mfinox.com\/de\/wp-json\/wp\/v2\/types\/page"}],"author":[{"embeddable":true,"href":"https:\/\/mfinox.com\/de\/wp-json\/wp\/v2\/users\/1"}],"replies":[{"embeddable":true,"href":"https:\/\/mfinox.com\/de\/wp-json\/wp\/v2\/comments?post=6283"}],"version-history":[{"count":0,"href":"https:\/\/mfinox.com\/de\/wp-json\/wp\/v2\/pages\/6283\/revisions"}],"up":[{"embeddable":true,"href":"https:\/\/mfinox.com\/de\/wp-json\/wp\/v2\/pages\/4508"}],"wp:attachment":[{"href":"https:\/\/mfinox.com\/de\/wp-json\/wp\/v2\/media?parent=6283"}],"curies":[{"name":"wp","href":"https:\/\/api.w.org\/{rel}","templated":true}]}}