{"id":6281,"date":"2024-05-21T15:39:48","date_gmt":"2024-05-21T15:39:48","guid":{"rendered":"https:\/\/mfinox.com\/materialien\/nickellegierung-hastelloy-c-276-uns-n010286-alloy-276-werkstoff-2-4819\/"},"modified":"2024-09-06T14:02:55","modified_gmt":"2024-09-06T14:02:55","slug":"nickellegierung-hastelloy-c-276-uns-n010286-alloy-276-werkstoff-2-4819","status":"publish","type":"page","link":"https:\/\/mfinox.com\/de\/materialien\/nickellegierung-hastelloy-c-276-uns-n010286-alloy-276-werkstoff-2-4819\/","title":{"rendered":"Nickellegierung HASTELLOY\u00ae C-276 UNS N010286 ALLOY 276 werkstoff 2.4819"},"content":{"rendered":"\t\t<div data-elementor-type=\"wp-page\" data-elementor-id=\"6281\" class=\"elementor elementor-6281 elementor-790\" data-elementor-post-type=\"page\">\n\t\t\t\t<div class=\"elementor-element elementor-element-d5fc56d e-flex e-con-boxed e-con e-parent\" data-id=\"d5fc56d\" data-element_type=\"container\" data-e-type=\"container\" data-settings=\"{&quot;background_background&quot;:&quot;classic&quot;}\">\n\t\t\t\t\t<div class=\"e-con-inner\">\n\t\t\t\t<div class=\"elementor-element elementor-element-7574d37 titolo-materiali elementor-invisible elementor-widget elementor-widget-heading\" data-id=\"7574d37\" data-element_type=\"widget\" data-e-type=\"widget\" data-settings=\"{&quot;_animation&quot;:&quot;fadeIn&quot;}\" data-widget_type=\"heading.default\">\n\t\t\t\t<div class=\"elementor-widget-container\">\n\t\t\t\t\t<h1 class=\"elementor-heading-title elementor-size-default\">HASTELLOY\u00ae C-276 UNS N010286 ALLOY 276 werkstoff 2.4819<\/h1>\t\t\t\t<\/div>\n\t\t\t\t<\/div>\n\t\t\t\t<div class=\"elementor-element elementor-element-2ac5597d elementor-invisible elementor-widget elementor-widget-shortcode\" data-id=\"2ac5597d\" data-element_type=\"widget\" data-e-type=\"widget\" data-settings=\"{&quot;_animation&quot;:&quot;fadeIn&quot;}\" data-widget_type=\"shortcode.default\">\n\t\t\t\t<div class=\"elementor-widget-container\">\n\t\t\t\t\t\t\t<div class=\"elementor-shortcode\"><nav aria-label=\"breadcrumb\"><div class=\"breadcrumb\"><span class=\"breadcrumb-item\"><a href=\"https:\/\/mfinox.com\/de\/\" style=\"color: #F3912E;\">Home<\/a><\/span><\/div><\/nav><\/div>\n\t\t\t\t\t\t<\/div>\n\t\t\t\t<\/div>\n\t\t\t\t\t<\/div>\n\t\t\t\t<\/div>\n\t\t<div class=\"elementor-element elementor-element-120dd397 e-flex e-con-boxed elementor-invisible e-con e-parent\" data-id=\"120dd397\" data-element_type=\"container\" data-e-type=\"container\" data-settings=\"{&quot;animation&quot;:&quot;fadeInUp&quot;}\">\n\t\t\t\t\t<div class=\"e-con-inner\">\n\t\t\t\t<div class=\"elementor-element elementor-element-5972f8ed elementor-widget elementor-widget-text-editor\" data-id=\"5972f8ed\" data-element_type=\"widget\" data-e-type=\"widget\" data-widget_type=\"text-editor.default\">\n\t\t\t\t<div class=\"elementor-widget-container\">\n\t\t\t\t\t\t\t\t\tHASTELLOY\u00ae alloy C-276 UNS N010286 ALLOY 276 werkstoff 2.4819 ist eine \u00e4u\u00dferst vielseitige Nickel-Molybd\u00e4n-Chrom-Legierung, die eine ausgezeichnete Korrosionsbest\u00e4ndigkeit mit einer guten thermischen Stabilit\u00e4t verbindet, die durch eine geringe Neigung zur Ausscheidung an den Korngrenzen erreicht wird.\nDank dieser Eigenschaft eignet sie sich f\u00fcr eine Vielzahl von Anwendungen im Bereich chemischer Anlagen, bei denen Schwei\u00dfkonstruktionen erforderlich sind.\nSollte dies nicht der Fall sein, ist Hastelloy C-22 die ideale L\u00f6sung, da es eine hervorragende thermische Stabilit\u00e4t aufweist.\nDas Vorhandensein einer angemessenen Menge an Chrom und Molybd\u00e4n verleiht Hastelloy\u00ae C-276 eine ausgezeichnete Best\u00e4ndigkeit sowohl gegen oxidierende als auch gegen reduzierende Agenzien; der hohe Molybd\u00e4ngehalt macht es jedoch geeigneter f\u00fcr Umgebungen, in denen ein reduzierender Angriff vorhanden ist.\nMolybd\u00e4n sorgt auch f\u00fcr ein ausgezeichnetes Verhalten bei lokaler Korrosion wie Lochfra\u00df oder &#8218;Spaltkorrosion&#8216; und &#8218;Spannungsrisskorrosion&#8216;.\nDie Hastelloy\u00ae-Legierung C-276 weist auch eine gute Best\u00e4ndigkeit gegen\u00fcber Entschwefelungsanlagengasen auf.\nDie Legierung HASTELLOY\u00ae C-276 UNS N010286 ALLOY 276 werkstoff 2.4819 wird f\u00fcr Komponenten von Chemieanlagen, Umweltschutzeinrichtungen und \u00d6l- und Gasanlagen verwendet.        <h2><b>CHEMISCHE ZUSAMMENSETZUNG HASTELLOY\u00ae C-276 UNS N010286<\/b><\/h2>\n<table class=\"responsive-table\">\n<thead>\n<tr>\n<th>Element<\/th><th>Min<\/th><th>Max<\/th>\n<\/tr>\n<\/thead>\n<tbody>\n<tr>\n<td data-label=\"Elemento\">Ni<\/td><td data-label=\"Min\">55<\/td><td data-label=\"Max\">&#8212;<\/td>\n<\/tr>\n<tr>\n<td data-label=\"Elemento\">Cr<\/td><td data-label=\"Min\">14.5<\/td><td data-label=\"Max\">16.5<\/td>\n<\/tr>\n<tr>\n<td data-label=\"Elemento\">Fe<\/td><td data-label=\"Min\">4<\/td><td data-label=\"Max\">7<\/td>\n<\/tr>\n<tr>\n<td data-label=\"Elemento\">Mo<\/td><td data-label=\"Min\">15<\/td><td data-label=\"Max\">17<\/td>\n<\/tr>\n<tr>\n<td data-label=\"Elemento\">W<\/td><td data-label=\"Min\">3<\/td><td data-label=\"Max\">4.5<\/td>\n<\/tr>\n<tr>\n<td data-label=\"Elemento\">C<\/td><td data-label=\"Min\">&#8212;<\/td><td data-label=\"Max\">0.01<\/td>\n<\/tr>\n<tr>\n<td data-label=\"Elemento\">Mn<\/td><td data-label=\"Min\">&#8212;<\/td><td data-label=\"Max\">1<\/td>\n<\/tr>\n<tr>\n<td data-label=\"Elemento\">S<\/td><td data-label=\"Min\">&#8212;<\/td><td data-label=\"Max\">0.03<\/td>\n<\/tr>\n<tr>\n<td data-label=\"Elemento\">Ja<\/td><td data-label=\"Min\">&#8212;<\/td><td data-label=\"Max\">0.08<\/td>\n<\/tr>\n<tr>\n<td data-label=\"Elemento\">P<\/td><td data-label=\"Min\">&#8212;<\/td><td data-label=\"Max\">0.04<\/td>\n<\/tr>\n<tr>\n<td data-label=\"Elemento\">V<\/td><td data-label=\"Min\">&#8212;<\/td><td data-label=\"Max\">0.35<\/td>\n<\/tr>\n<\/tbody>\n<\/table>\n<h2><b>MECHANISCHE EIGENSCHAFTEN HASTELLOY\u00ae C-276 UNS N010286 ALLOY 276 werkstoff 2.4819<\/b><\/h2>\n<table class=\"responsive-table\">\n<thead>\n<tr>\n<th>Material<\/th>\n<th>Liga<\/th>\n<th>Rm min (MPa)<\/th>\n<th>Rp 0,2 min (MPa)<\/th>\n<th>A% min<\/th>\n<th>Max. H\u00e4rte (HRC)<\/th>\n<\/tr>\n<\/thead>\n<tbody>\n<tr>\n<td data-label=\"Materiale\">HASTELLOY\u00ae C-276 UNS N010286 LEGIERUNG 276<\/td>\n<td data-label=\"Lega\">2.4819<\/td>\n<td data-label=\"Rm min (MPa)\">690<\/td>\n<td data-label=\"Rp 0.2 min (MPa)\">282<\/td>\n<td data-label=\"A% min\">40<\/td>\n<td data-label=\"Durezza max (HRC)\">35<\/td>\n<\/tr>\n<\/tbody>\n<\/table>\n<h2><b>PHYSIKALISCHE EIGENSCHAFTEN HASTELLOY\u00ae C-276 UNS N010286 ALLOY 276 werkstoff 2.4819<\/b><\/h2>\n<ul>\n \t<li><strong>Spezifisches Gewicht<\/strong>: bei 20\u00b0C 8,89 kg\/dm\u00b3<\/li>\n \t<li><strong>Elastizit\u00e4tsmodul<\/strong>: bei 20\u00b0C 205.500 N\/mm\u00b2<\/li>\n \t<li><strong>Ausdehnungskoeffizient<\/strong>: bei 20\u00b0C 12,4 \u03bcm\/m \u00b0C<\/li>\n \t<li><strong>Steifigkeitsmodul<\/strong>: 78,6 kN\/mm\u00b2<\/li>\n<\/ul>\n&nbsp;\n<h2><b>KORRESPONDENZEN UND SPEZIFIKATIONEN HASTELLOY\u00ae C-276 UNS N010286 ALLOY 276 werkstoff 2.4819<\/b><\/h2>\n<ul>\n \t<li>W: 2.4819<\/li>\n \t<li>ASTM: B574<\/li>\n \t<li>UNS: N010276<\/li>\n \t<li>ASME: SB574, SB564<\/li>\n \t<li>DIN 17774: NiMo16Cr15W<\/li>\n \t<li>ISO: 15156-3<\/li>\n \t<li>ASTM: G48<\/li>\n<\/ul>\n\t\t<div data-elementor-type=\"section\" data-elementor-id=\"2152\" class=\"elementor elementor-2152\" data-elementor-post-type=\"elementor_library\">\n\t\t\t<div class=\"elementor-element elementor-element-1a5312d e-flex e-con-boxed e-con e-parent\" data-id=\"1a5312d\" data-element_type=\"container\" data-e-type=\"container\">\n\t\t\t\t\t<div class=\"e-con-inner\">\n\t\t\t\t<div class=\"elementor-element elementor-element-703a4b7 elementor-widget elementor-widget-spacer\" data-id=\"703a4b7\" data-element_type=\"widget\" data-e-type=\"widget\" data-widget_type=\"spacer.default\">\n\t\t\t\t<div class=\"elementor-widget-container\">\n\t\t\t\t\t\t\t<div class=\"elementor-spacer\">\n\t\t\t<div class=\"elementor-spacer-inner\"><\/div>\n\t\t<\/div>\n\t\t\t\t\t\t<\/div>\n\t\t\t\t<\/div>\n\t\t\t\t\t<\/div>\n\t\t\t\t<\/div>\n\t\t\t\t<\/div>\n\t\t\t\t\t\t\t\t\t\t<\/div>\n\t\t\t\t<\/div>\n\t\t\t\t\t<\/div>\n\t\t\t\t<\/div>\n\t\t\t\t<\/div>\n\t\t","protected":false},"excerpt":{"rendered":"<p>HASTELLOY\u00ae C-276 UNS N010286 ALLOY 276 werkstoff 2.4819 HASTELLOY\u00ae alloy C-276 UNS N010286 ALLOY 276 werkstoff 2.4819 ist eine \u00e4u\u00dferst vielseitige Nickel-Molybd\u00e4n-Chrom-Legierung, die eine ausgezeichnete Korrosionsbest\u00e4ndigkeit mit einer guten thermischen Stabilit\u00e4t verbindet, die durch eine geringe Neigung zur Ausscheidung an den Korngrenzen erreicht wird. Dank dieser Eigenschaft eignet sie sich f\u00fcr eine Vielzahl von Anwendungen [&hellip;]<\/p>\n","protected":false},"author":1,"featured_media":0,"parent":4508,"menu_order":0,"comment_status":"closed","ping_status":"closed","template":"","meta":{"footnotes":""},"class_list":["post-6281","page","type-page","status-publish","hentry"],"yoast_head":"<!-- This site is optimized with the Yoast SEO plugin v27.6 - https:\/\/yoast.com\/product\/yoast-seo-wordpress\/ -->\n<title>Nickellegierung HASTELLOY\u00ae C-276 UNS N010286 ALLOY 276 werkstoff 2.4819 - M.F. INOX<\/title>\n<meta name=\"robots\" content=\"index, follow, max-snippet:-1, max-image-preview:large, max-video-preview:-1\" \/>\n<link rel=\"canonical\" href=\"https:\/\/mfinox.com\/de\/materialien\/nickellegierung-hastelloy-c-276-uns-n010286-alloy-276-werkstoff-2-4819\/\" \/>\n<meta property=\"og:locale\" content=\"de_DE\" \/>\n<meta property=\"og:type\" content=\"article\" \/>\n<meta property=\"og:title\" content=\"Nickellegierung HASTELLOY\u00ae C-276 UNS N010286 ALLOY 276 werkstoff 2.4819 - M.F. INOX\" \/>\n<meta property=\"og:description\" content=\"HASTELLOY\u00ae C-276 UNS N010286 ALLOY 276 werkstoff 2.4819 HASTELLOY\u00ae alloy C-276 UNS N010286 ALLOY 276 werkstoff 2.4819 ist eine \u00e4u\u00dferst vielseitige Nickel-Molybd\u00e4n-Chrom-Legierung, die eine ausgezeichnete Korrosionsbest\u00e4ndigkeit mit einer guten thermischen Stabilit\u00e4t verbindet, die durch eine geringe Neigung zur Ausscheidung an den Korngrenzen erreicht wird. Dank dieser Eigenschaft eignet sie sich f\u00fcr eine Vielzahl von Anwendungen [&hellip;]\" \/>\n<meta property=\"og:url\" content=\"https:\/\/mfinox.com\/de\/materialien\/nickellegierung-hastelloy-c-276-uns-n010286-alloy-276-werkstoff-2-4819\/\" \/>\n<meta property=\"og:site_name\" content=\"M.F. INOX\" \/>\n<meta property=\"article:modified_time\" content=\"2024-09-06T14:02:55+00:00\" \/>\n<meta name=\"twitter:card\" content=\"summary_large_image\" \/>\n<meta name=\"twitter:label1\" content=\"Gesch\u00e4tzte Lesezeit\" \/>\n\t<meta name=\"twitter:data1\" content=\"1\u00a0Minute\" \/>\n<script type=\"application\/ld+json\" class=\"yoast-schema-graph\">{\"@context\":\"https:\\\/\\\/schema.org\",\"@graph\":[{\"@type\":\"WebPage\",\"@id\":\"https:\\\/\\\/mfinox.com\\\/de\\\/materialien\\\/nickellegierung-hastelloy-c-276-uns-n010286-alloy-276-werkstoff-2-4819\\\/\",\"url\":\"https:\\\/\\\/mfinox.com\\\/de\\\/materialien\\\/nickellegierung-hastelloy-c-276-uns-n010286-alloy-276-werkstoff-2-4819\\\/\",\"name\":\"Nickellegierung HASTELLOY\u00ae C-276 UNS N010286 ALLOY 276 werkstoff 2.4819 - M.F. INOX\",\"isPartOf\":{\"@id\":\"https:\\\/\\\/mfinox.com\\\/de\\\/#website\"},\"datePublished\":\"2024-05-21T15:39:48+00:00\",\"dateModified\":\"2024-09-06T14:02:55+00:00\",\"breadcrumb\":{\"@id\":\"https:\\\/\\\/mfinox.com\\\/de\\\/materialien\\\/nickellegierung-hastelloy-c-276-uns-n010286-alloy-276-werkstoff-2-4819\\\/#breadcrumb\"},\"inLanguage\":\"de\",\"potentialAction\":[{\"@type\":\"ReadAction\",\"target\":[\"https:\\\/\\\/mfinox.com\\\/de\\\/materialien\\\/nickellegierung-hastelloy-c-276-uns-n010286-alloy-276-werkstoff-2-4819\\\/\"]}]},{\"@type\":\"BreadcrumbList\",\"@id\":\"https:\\\/\\\/mfinox.com\\\/de\\\/materialien\\\/nickellegierung-hastelloy-c-276-uns-n010286-alloy-276-werkstoff-2-4819\\\/#breadcrumb\",\"itemListElement\":[{\"@type\":\"ListItem\",\"position\":1,\"name\":\"Home\",\"item\":\"https:\\\/\\\/mfinox.com\\\/de\\\/\"},{\"@type\":\"ListItem\",\"position\":2,\"name\":\"Materialien\",\"item\":\"https:\\\/\\\/mfinox.com\\\/de\\\/materialien\\\/\"},{\"@type\":\"ListItem\",\"position\":3,\"name\":\"Nickellegierung HASTELLOY\u00ae C-276 UNS N010286 ALLOY 276 werkstoff 2.4819\"}]},{\"@type\":\"WebSite\",\"@id\":\"https:\\\/\\\/mfinox.com\\\/de\\\/#website\",\"url\":\"https:\\\/\\\/mfinox.com\\\/de\\\/\",\"name\":\"M.F. INOX\",\"description\":\"\",\"publisher\":{\"@id\":\"https:\\\/\\\/mfinox.com\\\/de\\\/#organization\"},\"potentialAction\":[{\"@type\":\"SearchAction\",\"target\":{\"@type\":\"EntryPoint\",\"urlTemplate\":\"https:\\\/\\\/mfinox.com\\\/de\\\/?s={search_term_string}\"},\"query-input\":{\"@type\":\"PropertyValueSpecification\",\"valueRequired\":true,\"valueName\":\"search_term_string\"}}],\"inLanguage\":\"de\"},{\"@type\":\"Organization\",\"@id\":\"https:\\\/\\\/mfinox.com\\\/de\\\/#organization\",\"name\":\"M.F. INOX\",\"url\":\"https:\\\/\\\/mfinox.com\\\/de\\\/\",\"logo\":{\"@type\":\"ImageObject\",\"inLanguage\":\"de\",\"@id\":\"https:\\\/\\\/mfinox.com\\\/de\\\/#\\\/schema\\\/logo\\\/image\\\/\",\"url\":\"https:\\\/\\\/mfinox.com\\\/wp-content\\\/uploads\\\/2024\\\/05\\\/mf-inox_logo_neg.png\",\"contentUrl\":\"https:\\\/\\\/mfinox.com\\\/wp-content\\\/uploads\\\/2024\\\/05\\\/mf-inox_logo_neg.png\",\"width\":1949,\"height\":662,\"caption\":\"M.F. INOX\"},\"image\":{\"@id\":\"https:\\\/\\\/mfinox.com\\\/de\\\/#\\\/schema\\\/logo\\\/image\\\/\"}}]}<\/script>\n<!-- \/ Yoast SEO plugin. -->","yoast_head_json":{"title":"Nickellegierung HASTELLOY\u00ae C-276 UNS N010286 ALLOY 276 werkstoff 2.4819 - M.F. INOX","robots":{"index":"index","follow":"follow","max-snippet":"max-snippet:-1","max-image-preview":"max-image-preview:large","max-video-preview":"max-video-preview:-1"},"canonical":"https:\/\/mfinox.com\/de\/materialien\/nickellegierung-hastelloy-c-276-uns-n010286-alloy-276-werkstoff-2-4819\/","og_locale":"de_DE","og_type":"article","og_title":"Nickellegierung HASTELLOY\u00ae C-276 UNS N010286 ALLOY 276 werkstoff 2.4819 - M.F. INOX","og_description":"HASTELLOY\u00ae C-276 UNS N010286 ALLOY 276 werkstoff 2.4819 HASTELLOY\u00ae alloy C-276 UNS N010286 ALLOY 276 werkstoff 2.4819 ist eine \u00e4u\u00dferst vielseitige Nickel-Molybd\u00e4n-Chrom-Legierung, die eine ausgezeichnete Korrosionsbest\u00e4ndigkeit mit einer guten thermischen Stabilit\u00e4t verbindet, die durch eine geringe Neigung zur Ausscheidung an den Korngrenzen erreicht wird. Dank dieser Eigenschaft eignet sie sich f\u00fcr eine Vielzahl von Anwendungen [&hellip;]","og_url":"https:\/\/mfinox.com\/de\/materialien\/nickellegierung-hastelloy-c-276-uns-n010286-alloy-276-werkstoff-2-4819\/","og_site_name":"M.F. INOX","article_modified_time":"2024-09-06T14:02:55+00:00","twitter_card":"summary_large_image","twitter_misc":{"Gesch\u00e4tzte Lesezeit":"1\u00a0Minute"},"schema":{"@context":"https:\/\/schema.org","@graph":[{"@type":"WebPage","@id":"https:\/\/mfinox.com\/de\/materialien\/nickellegierung-hastelloy-c-276-uns-n010286-alloy-276-werkstoff-2-4819\/","url":"https:\/\/mfinox.com\/de\/materialien\/nickellegierung-hastelloy-c-276-uns-n010286-alloy-276-werkstoff-2-4819\/","name":"Nickellegierung HASTELLOY\u00ae C-276 UNS N010286 ALLOY 276 werkstoff 2.4819 - M.F. INOX","isPartOf":{"@id":"https:\/\/mfinox.com\/de\/#website"},"datePublished":"2024-05-21T15:39:48+00:00","dateModified":"2024-09-06T14:02:55+00:00","breadcrumb":{"@id":"https:\/\/mfinox.com\/de\/materialien\/nickellegierung-hastelloy-c-276-uns-n010286-alloy-276-werkstoff-2-4819\/#breadcrumb"},"inLanguage":"de","potentialAction":[{"@type":"ReadAction","target":["https:\/\/mfinox.com\/de\/materialien\/nickellegierung-hastelloy-c-276-uns-n010286-alloy-276-werkstoff-2-4819\/"]}]},{"@type":"BreadcrumbList","@id":"https:\/\/mfinox.com\/de\/materialien\/nickellegierung-hastelloy-c-276-uns-n010286-alloy-276-werkstoff-2-4819\/#breadcrumb","itemListElement":[{"@type":"ListItem","position":1,"name":"Home","item":"https:\/\/mfinox.com\/de\/"},{"@type":"ListItem","position":2,"name":"Materialien","item":"https:\/\/mfinox.com\/de\/materialien\/"},{"@type":"ListItem","position":3,"name":"Nickellegierung HASTELLOY\u00ae C-276 UNS N010286 ALLOY 276 werkstoff 2.4819"}]},{"@type":"WebSite","@id":"https:\/\/mfinox.com\/de\/#website","url":"https:\/\/mfinox.com\/de\/","name":"M.F. INOX","description":"","publisher":{"@id":"https:\/\/mfinox.com\/de\/#organization"},"potentialAction":[{"@type":"SearchAction","target":{"@type":"EntryPoint","urlTemplate":"https:\/\/mfinox.com\/de\/?s={search_term_string}"},"query-input":{"@type":"PropertyValueSpecification","valueRequired":true,"valueName":"search_term_string"}}],"inLanguage":"de"},{"@type":"Organization","@id":"https:\/\/mfinox.com\/de\/#organization","name":"M.F. INOX","url":"https:\/\/mfinox.com\/de\/","logo":{"@type":"ImageObject","inLanguage":"de","@id":"https:\/\/mfinox.com\/de\/#\/schema\/logo\/image\/","url":"https:\/\/mfinox.com\/wp-content\/uploads\/2024\/05\/mf-inox_logo_neg.png","contentUrl":"https:\/\/mfinox.com\/wp-content\/uploads\/2024\/05\/mf-inox_logo_neg.png","width":1949,"height":662,"caption":"M.F. INOX"},"image":{"@id":"https:\/\/mfinox.com\/de\/#\/schema\/logo\/image\/"}}]}},"_links":{"self":[{"href":"https:\/\/mfinox.com\/de\/wp-json\/wp\/v2\/pages\/6281","targetHints":{"allow":["GET"]}}],"collection":[{"href":"https:\/\/mfinox.com\/de\/wp-json\/wp\/v2\/pages"}],"about":[{"href":"https:\/\/mfinox.com\/de\/wp-json\/wp\/v2\/types\/page"}],"author":[{"embeddable":true,"href":"https:\/\/mfinox.com\/de\/wp-json\/wp\/v2\/users\/1"}],"replies":[{"embeddable":true,"href":"https:\/\/mfinox.com\/de\/wp-json\/wp\/v2\/comments?post=6281"}],"version-history":[{"count":0,"href":"https:\/\/mfinox.com\/de\/wp-json\/wp\/v2\/pages\/6281\/revisions"}],"up":[{"embeddable":true,"href":"https:\/\/mfinox.com\/de\/wp-json\/wp\/v2\/pages\/4508"}],"wp:attachment":[{"href":"https:\/\/mfinox.com\/de\/wp-json\/wp\/v2\/media?parent=6281"}],"curies":[{"name":"wp","href":"https:\/\/api.w.org\/{rel}","templated":true}]}}