{"id":6279,"date":"2024-05-21T15:10:56","date_gmt":"2024-05-21T15:10:56","guid":{"rendered":"https:\/\/mfinox.com\/materialien\/duplex-a182-f51-uns-s31803-werkstoff-1-4462-saf-2205\/"},"modified":"2024-09-06T14:02:07","modified_gmt":"2024-09-06T14:02:07","slug":"duplex-a182-f51-uns-s31803-werkstoff-1-4462-saf-2205","status":"publish","type":"page","link":"https:\/\/mfinox.com\/de\/materialien\/duplex-a182-f51-uns-s31803-werkstoff-1-4462-saf-2205\/","title":{"rendered":"Duplex A182 F51 UNS S31803 Werkstoff 1.4462 SAF 2205"},"content":{"rendered":"\t\t<div data-elementor-type=\"wp-page\" data-elementor-id=\"6279\" class=\"elementor elementor-6279 elementor-757\" data-elementor-post-type=\"page\">\n\t\t\t\t<div class=\"elementor-element elementor-element-1fecffb0 e-flex e-con-boxed e-con e-parent\" data-id=\"1fecffb0\" data-element_type=\"container\" data-e-type=\"container\" data-settings=\"{&quot;background_background&quot;:&quot;classic&quot;}\">\n\t\t\t\t\t<div class=\"e-con-inner\">\n\t\t\t\t<div class=\"elementor-element elementor-element-6d3da6a0 titolo-materiali elementor-invisible elementor-widget elementor-widget-heading\" data-id=\"6d3da6a0\" data-element_type=\"widget\" data-e-type=\"widget\" data-settings=\"{&quot;_animation&quot;:&quot;fadeIn&quot;}\" data-widget_type=\"heading.default\">\n\t\t\t\t<div class=\"elementor-widget-container\">\n\t\t\t\t\t<h1 class=\"elementor-heading-title elementor-size-default\">Duplex A182 F51 UNS S31803 Werkstoff 1.4462 SAF 2205  <\/h1>\t\t\t\t<\/div>\n\t\t\t\t<\/div>\n\t\t\t\t<div class=\"elementor-element elementor-element-7e72db63 elementor-invisible elementor-widget elementor-widget-shortcode\" data-id=\"7e72db63\" data-element_type=\"widget\" data-e-type=\"widget\" data-settings=\"{&quot;_animation&quot;:&quot;fadeIn&quot;}\" data-widget_type=\"shortcode.default\">\n\t\t\t\t<div class=\"elementor-widget-container\">\n\t\t\t\t\t\t\t<div class=\"elementor-shortcode\"><nav aria-label=\"breadcrumb\"><div class=\"breadcrumb\"><span class=\"breadcrumb-item\"><a href=\"https:\/\/mfinox.com\/de\/\" style=\"color: #F3912E;\">Home<\/a><\/span><\/div><\/nav><\/div>\n\t\t\t\t\t\t<\/div>\n\t\t\t\t<\/div>\n\t\t\t\t\t<\/div>\n\t\t\t\t<\/div>\n\t\t<div class=\"elementor-element elementor-element-4fc828cf e-flex e-con-boxed elementor-invisible e-con e-parent\" data-id=\"4fc828cf\" data-element_type=\"container\" data-e-type=\"container\" data-settings=\"{&quot;animation&quot;:&quot;fadeInUp&quot;}\">\n\t\t\t\t\t<div class=\"e-con-inner\">\n\t\t\t\t<div class=\"elementor-element elementor-element-40faf0ad elementor-widget elementor-widget-text-editor\" data-id=\"40faf0ad\" data-element_type=\"widget\" data-e-type=\"widget\" data-widget_type=\"text-editor.default\">\n\t\t\t\t<div class=\"elementor-widget-container\">\n\t\t\t\t\t\t\t\t\tDuplex A182 F51 UNS S31803 Werkstoff 1.4462 SAF 2205 ist ein zweiphasiger rostfreier Cr-Ni-Mo-N-Stahl (austenitische und ferritische Struktur), der gegen Lochfra\u00df und Spannungskorrosion best\u00e4ndig ist.\nEr verf\u00fcgt \u00fcber eine gute mechanische Festigkeit in Kombination mit einer ausgezeichneten Korrosionsbest\u00e4ndigkeit, wodurch er f\u00fcr Anwendungen im Meerwasser geeignet ist.\nA182 F51 UNS S31803 Werkstoff 1.4462 SAF 2205 wird dort eingesetzt, wo normale austenitische Edelst\u00e4hle AISI 304 und 316 den korrosiven Umweltbedingungen nicht standhalten k\u00f6nnen.\nEr wird daher f\u00fcr die Konstruktion von Bauteilen f\u00fcr Ventile, Pumpen, Waschanlagen, Filtersysteme, Befestigungssysteme f\u00fcr die maritime Infrastruktur und alle Ger\u00e4te verwendet, die sehr starken korrosiven Bedingungen ausgesetzt sind.\nEN ISO 3506-1 und EN 3506-2 klassifizieren dieses Material als D6, geeignet f\u00fcr strukturelle Anwendungen gem\u00e4\u00df DIN-EN 1993-1-4:2015-10\/EUROCODE 3-ANNEX A CRC Klassen.      <h2><b>CHEMISCHE ZUSAMMENSETZUNG DUPLEX A182 F51 UNS S31803 Werkstoff 1.4462 SAF 2205<\/b><\/h2>\n<table class=\"responsive-table\">\n<thead>\n<tr>\n<th>Element<\/th><th>Inhalt<\/th>\n<\/tr>\n<\/thead>\n<tbody>\n<tr>\n<td data-label=\"Elemento\">C<\/td><td data-label=\"Contenuto\">0.02<\/td>\n<\/tr>\n<tr>\n<td data-label=\"Elemento\">S<\/td><td data-label=\"Contenuto\">&lt;0.015<\/td>\n<\/tr>\n<tr>\n<td data-label=\"Elemento\">P<\/td><td data-label=\"Contenuto\">0.025<\/td>\n<\/tr>\n<tr>\n<td data-label=\"Elemento\">Ja<\/td><td data-label=\"Contenuto\">0.50<\/td>\n<\/tr>\n<tr>\n<td data-label=\"Elemento\">Mn<\/td><td data-label=\"Contenuto\">1.4<\/td>\n<\/tr>\n<tr>\n<td data-label=\"Elemento\">Cr<\/td><td data-label=\"Contenuto\">22.70<\/td>\n<\/tr>\n<tr>\n<td data-label=\"Elemento\">Ni<\/td><td data-label=\"Contenuto\">5.6<\/td>\n<\/tr>\n<tr>\n<td data-label=\"Elemento\">Mo<\/td><td data-label=\"Contenuto\">3.2<\/td>\n<\/tr>\n<tr>\n<td data-label=\"Elemento\">N<\/td><td data-label=\"Contenuto\">0.16<\/td>\n<\/tr>\n<\/tbody>\n<\/table>\n<h2><b>MECHANISCHE EIGENSCHAFTEN DUPLEX A182 F51 UNS S31803 Werkstoff 1.4462 SAF 2205<\/b><\/h2>\n<table class=\"responsive-table\">\n<thead>\n<tr>\n<th>Material<\/th>\n<th>Liga<\/th>\n<th>Rm min (MPa)<\/th>\n<th>Rp 0,2 min (MPa)<\/th>\n<th>A% min<\/th>\n<th>Z% min<\/th>\n<th>H\u00e4rte<\/th>\n<\/tr>\n<\/thead>\n<tbody>\n<tr>\n<td data-label=\"Materiale\">ASTM A182 F51 1.4462 SAF 2205<\/td><td data-label=\"Lega\">1.4462<\/td><td data-label=\"Rm min (MPa)\">655<\/td><td data-label=\"Rp 0.2 min (MPa)\">450<\/td><td data-label=\"A% min\">45<\/td>\n<td data-label=\"Z% min\"><\/td>\n<td data-label=\"Durezza\"><\/td>\n<\/tr>\n<\/tbody>\n<\/table>\n<h2><b>PHYSIKALISCHE EIGENSCHAFTEN A182 F51 UNS S31803 Werkstoff 1.4462 SAF 2205<\/b><\/h2>\n<ul>\n \t<li><strong>Sch\u00fcttdichte<\/strong>: bei 20\u00b0C 7,8 g\/cm\u00b3<\/li>\n \t<li><strong>Elastizit\u00e4tsmodul<\/strong>: bei 20\u00b0C 200.000 N\/mm\u00b2<\/li>\n \t<li><strong>Magnetisch<\/strong>: Nein<\/li>\n<\/ul>\n&nbsp;\n<h2><b>KORRESPONDENZEN UND SPEZIFIKATIONEN DUPLEX A182 F51 UNS S31803 Werkstoff 1.4462 SAF 2205<\/b><\/h2>\n<ul>\n \t<li>EN 10088\/3: X3 Cr Ni Mo N 22-5-3<\/li>\n \t<li>W.: 1.4462<\/li>\n \t<li>MARKE: SAF 2205 URANUS 45N<\/li>\n \t<li>ASTM: F51 A182 \/ A479<\/li>\n \t<li>ISO: 3506<\/li>\n \t<li>DIN EN: 1993-1-4:2015-10<\/li>\n<\/ul>\n\t\t<div data-elementor-type=\"section\" data-elementor-id=\"2152\" class=\"elementor elementor-2152\" data-elementor-post-type=\"elementor_library\">\n\t\t\t<div class=\"elementor-element elementor-element-1a5312d e-flex e-con-boxed e-con e-parent\" data-id=\"1a5312d\" data-element_type=\"container\" data-e-type=\"container\">\n\t\t\t\t\t<div class=\"e-con-inner\">\n\t\t\t\t<div class=\"elementor-element elementor-element-703a4b7 elementor-widget elementor-widget-spacer\" data-id=\"703a4b7\" data-element_type=\"widget\" data-e-type=\"widget\" data-widget_type=\"spacer.default\">\n\t\t\t\t<div class=\"elementor-widget-container\">\n\t\t\t\t\t\t\t<div class=\"elementor-spacer\">\n\t\t\t<div class=\"elementor-spacer-inner\"><\/div>\n\t\t<\/div>\n\t\t\t\t\t\t<\/div>\n\t\t\t\t<\/div>\n\t\t\t\t\t<\/div>\n\t\t\t\t<\/div>\n\t\t\t\t<\/div>\n\t\t\t\t\t\t\t\t\t\t<\/div>\n\t\t\t\t<\/div>\n\t\t\t\t\t<\/div>\n\t\t\t\t<\/div>\n\t\t\t\t<\/div>\n\t\t","protected":false},"excerpt":{"rendered":"<p>Duplex A182 F51 UNS S31803 Werkstoff 1.4462 SAF 2205 Duplex A182 F51 UNS S31803 Werkstoff 1.4462 SAF 2205 ist ein zweiphasiger rostfreier Cr-Ni-Mo-N-Stahl (austenitische und ferritische Struktur), der gegen Lochfra\u00df und Spannungskorrosion best\u00e4ndig ist. Er verf\u00fcgt \u00fcber eine gute mechanische Festigkeit in Kombination mit einer ausgezeichneten Korrosionsbest\u00e4ndigkeit, wodurch er f\u00fcr Anwendungen im Meerwasser geeignet ist. [&hellip;]<\/p>\n","protected":false},"author":1,"featured_media":0,"parent":4508,"menu_order":0,"comment_status":"closed","ping_status":"closed","template":"","meta":{"footnotes":""},"class_list":["post-6279","page","type-page","status-publish","hentry"],"yoast_head":"<!-- This site is optimized with the Yoast SEO plugin v27.4 - https:\/\/yoast.com\/product\/yoast-seo-wordpress\/ -->\n<title>Duplex A182 F51 UNS S31803 Werkstoff 1.4462 SAF 2205 - M.F. INOX<\/title>\n<meta name=\"robots\" content=\"index, follow, max-snippet:-1, max-image-preview:large, max-video-preview:-1\" \/>\n<link rel=\"canonical\" href=\"https:\/\/mfinox.com\/de\/materialien\/duplex-a182-f51-uns-s31803-werkstoff-1-4462-saf-2205\/\" \/>\n<meta property=\"og:locale\" content=\"de_DE\" \/>\n<meta property=\"og:type\" content=\"article\" \/>\n<meta property=\"og:title\" content=\"Duplex A182 F51 UNS S31803 Werkstoff 1.4462 SAF 2205 - M.F. INOX\" \/>\n<meta property=\"og:description\" content=\"Duplex A182 F51 UNS S31803 Werkstoff 1.4462 SAF 2205 Duplex A182 F51 UNS S31803 Werkstoff 1.4462 SAF 2205 ist ein zweiphasiger rostfreier Cr-Ni-Mo-N-Stahl (austenitische und ferritische Struktur), der gegen Lochfra\u00df und Spannungskorrosion best\u00e4ndig ist. Er verf\u00fcgt \u00fcber eine gute mechanische Festigkeit in Kombination mit einer ausgezeichneten Korrosionsbest\u00e4ndigkeit, wodurch er f\u00fcr Anwendungen im Meerwasser geeignet ist. [&hellip;]\" \/>\n<meta property=\"og:url\" content=\"https:\/\/mfinox.com\/de\/materialien\/duplex-a182-f51-uns-s31803-werkstoff-1-4462-saf-2205\/\" \/>\n<meta property=\"og:site_name\" content=\"M.F. INOX\" \/>\n<meta property=\"article:modified_time\" content=\"2024-09-06T14:02:07+00:00\" \/>\n<meta name=\"twitter:card\" content=\"summary_large_image\" \/>\n<meta name=\"twitter:label1\" content=\"Gesch\u00e4tzte Lesezeit\" \/>\n\t<meta name=\"twitter:data1\" content=\"1\u00a0Minute\" \/>\n<script type=\"application\/ld+json\" class=\"yoast-schema-graph\">{\"@context\":\"https:\\\/\\\/schema.org\",\"@graph\":[{\"@type\":\"WebPage\",\"@id\":\"https:\\\/\\\/mfinox.com\\\/de\\\/materialien\\\/duplex-a182-f51-uns-s31803-werkstoff-1-4462-saf-2205\\\/\",\"url\":\"https:\\\/\\\/mfinox.com\\\/de\\\/materialien\\\/duplex-a182-f51-uns-s31803-werkstoff-1-4462-saf-2205\\\/\",\"name\":\"Duplex A182 F51 UNS S31803 Werkstoff 1.4462 SAF 2205 - M.F. INOX\",\"isPartOf\":{\"@id\":\"https:\\\/\\\/mfinox.com\\\/de\\\/#website\"},\"datePublished\":\"2024-05-21T15:10:56+00:00\",\"dateModified\":\"2024-09-06T14:02:07+00:00\",\"breadcrumb\":{\"@id\":\"https:\\\/\\\/mfinox.com\\\/de\\\/materialien\\\/duplex-a182-f51-uns-s31803-werkstoff-1-4462-saf-2205\\\/#breadcrumb\"},\"inLanguage\":\"de\",\"potentialAction\":[{\"@type\":\"ReadAction\",\"target\":[\"https:\\\/\\\/mfinox.com\\\/de\\\/materialien\\\/duplex-a182-f51-uns-s31803-werkstoff-1-4462-saf-2205\\\/\"]}]},{\"@type\":\"BreadcrumbList\",\"@id\":\"https:\\\/\\\/mfinox.com\\\/de\\\/materialien\\\/duplex-a182-f51-uns-s31803-werkstoff-1-4462-saf-2205\\\/#breadcrumb\",\"itemListElement\":[{\"@type\":\"ListItem\",\"position\":1,\"name\":\"Home\",\"item\":\"https:\\\/\\\/mfinox.com\\\/de\\\/\"},{\"@type\":\"ListItem\",\"position\":2,\"name\":\"Materialien\",\"item\":\"https:\\\/\\\/mfinox.com\\\/de\\\/materialien\\\/\"},{\"@type\":\"ListItem\",\"position\":3,\"name\":\"Duplex A182 F51 UNS S31803 Werkstoff 1.4462 SAF 2205\"}]},{\"@type\":\"WebSite\",\"@id\":\"https:\\\/\\\/mfinox.com\\\/de\\\/#website\",\"url\":\"https:\\\/\\\/mfinox.com\\\/de\\\/\",\"name\":\"M.F. INOX\",\"description\":\"\",\"publisher\":{\"@id\":\"https:\\\/\\\/mfinox.com\\\/de\\\/#organization\"},\"potentialAction\":[{\"@type\":\"SearchAction\",\"target\":{\"@type\":\"EntryPoint\",\"urlTemplate\":\"https:\\\/\\\/mfinox.com\\\/de\\\/?s={search_term_string}\"},\"query-input\":{\"@type\":\"PropertyValueSpecification\",\"valueRequired\":true,\"valueName\":\"search_term_string\"}}],\"inLanguage\":\"de\"},{\"@type\":\"Organization\",\"@id\":\"https:\\\/\\\/mfinox.com\\\/de\\\/#organization\",\"name\":\"M.F. INOX\",\"url\":\"https:\\\/\\\/mfinox.com\\\/de\\\/\",\"logo\":{\"@type\":\"ImageObject\",\"inLanguage\":\"de\",\"@id\":\"https:\\\/\\\/mfinox.com\\\/de\\\/#\\\/schema\\\/logo\\\/image\\\/\",\"url\":\"https:\\\/\\\/mfinox.com\\\/wp-content\\\/uploads\\\/2024\\\/05\\\/mf-inox_logo_neg.png\",\"contentUrl\":\"https:\\\/\\\/mfinox.com\\\/wp-content\\\/uploads\\\/2024\\\/05\\\/mf-inox_logo_neg.png\",\"width\":1949,\"height\":662,\"caption\":\"M.F. INOX\"},\"image\":{\"@id\":\"https:\\\/\\\/mfinox.com\\\/de\\\/#\\\/schema\\\/logo\\\/image\\\/\"}}]}<\/script>\n<!-- \/ Yoast SEO plugin. -->","yoast_head_json":{"title":"Duplex A182 F51 UNS S31803 Werkstoff 1.4462 SAF 2205 - M.F. INOX","robots":{"index":"index","follow":"follow","max-snippet":"max-snippet:-1","max-image-preview":"max-image-preview:large","max-video-preview":"max-video-preview:-1"},"canonical":"https:\/\/mfinox.com\/de\/materialien\/duplex-a182-f51-uns-s31803-werkstoff-1-4462-saf-2205\/","og_locale":"de_DE","og_type":"article","og_title":"Duplex A182 F51 UNS S31803 Werkstoff 1.4462 SAF 2205 - M.F. INOX","og_description":"Duplex A182 F51 UNS S31803 Werkstoff 1.4462 SAF 2205 Duplex A182 F51 UNS S31803 Werkstoff 1.4462 SAF 2205 ist ein zweiphasiger rostfreier Cr-Ni-Mo-N-Stahl (austenitische und ferritische Struktur), der gegen Lochfra\u00df und Spannungskorrosion best\u00e4ndig ist. Er verf\u00fcgt \u00fcber eine gute mechanische Festigkeit in Kombination mit einer ausgezeichneten Korrosionsbest\u00e4ndigkeit, wodurch er f\u00fcr Anwendungen im Meerwasser geeignet ist. [&hellip;]","og_url":"https:\/\/mfinox.com\/de\/materialien\/duplex-a182-f51-uns-s31803-werkstoff-1-4462-saf-2205\/","og_site_name":"M.F. INOX","article_modified_time":"2024-09-06T14:02:07+00:00","twitter_card":"summary_large_image","twitter_misc":{"Gesch\u00e4tzte Lesezeit":"1\u00a0Minute"},"schema":{"@context":"https:\/\/schema.org","@graph":[{"@type":"WebPage","@id":"https:\/\/mfinox.com\/de\/materialien\/duplex-a182-f51-uns-s31803-werkstoff-1-4462-saf-2205\/","url":"https:\/\/mfinox.com\/de\/materialien\/duplex-a182-f51-uns-s31803-werkstoff-1-4462-saf-2205\/","name":"Duplex A182 F51 UNS S31803 Werkstoff 1.4462 SAF 2205 - M.F. INOX","isPartOf":{"@id":"https:\/\/mfinox.com\/de\/#website"},"datePublished":"2024-05-21T15:10:56+00:00","dateModified":"2024-09-06T14:02:07+00:00","breadcrumb":{"@id":"https:\/\/mfinox.com\/de\/materialien\/duplex-a182-f51-uns-s31803-werkstoff-1-4462-saf-2205\/#breadcrumb"},"inLanguage":"de","potentialAction":[{"@type":"ReadAction","target":["https:\/\/mfinox.com\/de\/materialien\/duplex-a182-f51-uns-s31803-werkstoff-1-4462-saf-2205\/"]}]},{"@type":"BreadcrumbList","@id":"https:\/\/mfinox.com\/de\/materialien\/duplex-a182-f51-uns-s31803-werkstoff-1-4462-saf-2205\/#breadcrumb","itemListElement":[{"@type":"ListItem","position":1,"name":"Home","item":"https:\/\/mfinox.com\/de\/"},{"@type":"ListItem","position":2,"name":"Materialien","item":"https:\/\/mfinox.com\/de\/materialien\/"},{"@type":"ListItem","position":3,"name":"Duplex A182 F51 UNS S31803 Werkstoff 1.4462 SAF 2205"}]},{"@type":"WebSite","@id":"https:\/\/mfinox.com\/de\/#website","url":"https:\/\/mfinox.com\/de\/","name":"M.F. INOX","description":"","publisher":{"@id":"https:\/\/mfinox.com\/de\/#organization"},"potentialAction":[{"@type":"SearchAction","target":{"@type":"EntryPoint","urlTemplate":"https:\/\/mfinox.com\/de\/?s={search_term_string}"},"query-input":{"@type":"PropertyValueSpecification","valueRequired":true,"valueName":"search_term_string"}}],"inLanguage":"de"},{"@type":"Organization","@id":"https:\/\/mfinox.com\/de\/#organization","name":"M.F. INOX","url":"https:\/\/mfinox.com\/de\/","logo":{"@type":"ImageObject","inLanguage":"de","@id":"https:\/\/mfinox.com\/de\/#\/schema\/logo\/image\/","url":"https:\/\/mfinox.com\/wp-content\/uploads\/2024\/05\/mf-inox_logo_neg.png","contentUrl":"https:\/\/mfinox.com\/wp-content\/uploads\/2024\/05\/mf-inox_logo_neg.png","width":1949,"height":662,"caption":"M.F. INOX"},"image":{"@id":"https:\/\/mfinox.com\/de\/#\/schema\/logo\/image\/"}}]}},"_links":{"self":[{"href":"https:\/\/mfinox.com\/de\/wp-json\/wp\/v2\/pages\/6279","targetHints":{"allow":["GET"]}}],"collection":[{"href":"https:\/\/mfinox.com\/de\/wp-json\/wp\/v2\/pages"}],"about":[{"href":"https:\/\/mfinox.com\/de\/wp-json\/wp\/v2\/types\/page"}],"author":[{"embeddable":true,"href":"https:\/\/mfinox.com\/de\/wp-json\/wp\/v2\/users\/1"}],"replies":[{"embeddable":true,"href":"https:\/\/mfinox.com\/de\/wp-json\/wp\/v2\/comments?post=6279"}],"version-history":[{"count":0,"href":"https:\/\/mfinox.com\/de\/wp-json\/wp\/v2\/pages\/6279\/revisions"}],"up":[{"embeddable":true,"href":"https:\/\/mfinox.com\/de\/wp-json\/wp\/v2\/pages\/4508"}],"wp:attachment":[{"href":"https:\/\/mfinox.com\/de\/wp-json\/wp\/v2\/media?parent=6279"}],"curies":[{"name":"wp","href":"https:\/\/api.w.org\/{rel}","templated":true}]}}