{"id":6277,"date":"2024-05-10T13:30:19","date_gmt":"2024-05-10T11:30:19","guid":{"rendered":"https:\/\/mfinox.com\/qualitaet\/"},"modified":"2025-05-28T08:37:45","modified_gmt":"2025-05-28T06:37:45","slug":"qualitaet","status":"publish","type":"page","link":"https:\/\/mfinox.com\/de\/qualitaet\/","title":{"rendered":"Qualit\u00e4t"},"content":{"rendered":"\t\t<div data-elementor-type=\"wp-page\" data-elementor-id=\"6277\" class=\"elementor elementor-6277 elementor-383\" data-elementor-post-type=\"page\">\n\t\t\t\t<div class=\"elementor-element elementor-element-dd517d6 e-flex e-con-boxed e-con e-parent\" data-id=\"dd517d6\" data-element_type=\"container\" data-e-type=\"container\" data-settings=\"{&quot;background_background&quot;:&quot;classic&quot;}\">\n\t\t\t\t\t<div class=\"e-con-inner\">\n\t\t\t\t<div class=\"elementor-element elementor-element-b322442 elementor-invisible elementor-widget elementor-widget-heading\" data-id=\"b322442\" data-element_type=\"widget\" data-e-type=\"widget\" data-settings=\"{&quot;_animation&quot;:&quot;fadeIn&quot;}\" data-widget_type=\"heading.default\">\n\t\t\t\t<div class=\"elementor-widget-container\">\n\t\t\t\t\t<h1 class=\"elementor-heading-title elementor-size-default\">Qualit\u00e4t<\/h1>\t\t\t\t<\/div>\n\t\t\t\t<\/div>\n\t\t\t\t<div class=\"elementor-element elementor-element-f5ab11c elementor-invisible elementor-widget elementor-widget-shortcode\" data-id=\"f5ab11c\" data-element_type=\"widget\" data-e-type=\"widget\" data-settings=\"{&quot;_animation&quot;:&quot;fadeIn&quot;}\" data-widget_type=\"shortcode.default\">\n\t\t\t\t<div class=\"elementor-widget-container\">\n\t\t\t\t\t\t\t<div class=\"elementor-shortcode\"><nav aria-label=\"breadcrumb\"><div class=\"breadcrumb\"><span class=\"breadcrumb-item\"><a href=\"https:\/\/mfinox.com\/de\/\" style=\"color: #F3912E;\">Home<\/a><\/span><\/div><\/nav><\/div>\n\t\t\t\t\t\t<\/div>\n\t\t\t\t<\/div>\n\t\t\t\t\t<\/div>\n\t\t\t\t<\/div>\n\t\t<div class=\"elementor-element elementor-element-9fabeb7 e-flex e-con-boxed elementor-invisible e-con e-parent\" data-id=\"9fabeb7\" data-element_type=\"container\" data-e-type=\"container\" data-settings=\"{&quot;animation&quot;:&quot;fadeInUp&quot;}\">\n\t\t\t\t\t<div class=\"e-con-inner\">\n\t\t\t\t<div class=\"elementor-element elementor-element-ed0bd9d elementor-widget elementor-widget-text-editor\" data-id=\"ed0bd9d\" data-element_type=\"widget\" data-e-type=\"widget\" data-widget_type=\"text-editor.default\">\n\t\t\t\t<div class=\"elementor-widget-container\">\n\t\t\t\t\t\t\t\t\t<h2><b>Qualit\u00e4t<\/b><\/h2>\nF\u00fcr MF INOX ist die Zufriedenheit der Kunden und anderer Stakeholder ein strategisches Ziel, das wir durch die Innovation unserer Produktionsprozesse verfolgen.\nWir setzen neue Technologien und die fortschrittlichsten Organisationsphilosophien ein, um eine Qualit\u00e4tskultur zu verbreiten, die auf der Einbeziehung der Menschen, der Entwicklung von F\u00e4higkeiten, der Verbesserung des Arbeitsplatzes und dem Schutz der Umwelt beruht.\nWir sind st\u00e4ndig bestrebt, die Effektivit\u00e4t und Effizienz unserer Prozesse zu verbessern, um die Ziele einer Organisation zu erreichen, die nach Spitzenleistungen strebt.\n<h2><b>Workshop<\/b><\/h2>\nMF INOX garantiert direkt, \u00fcber die Gruppe oder \u00fcber Unterauftragnehmer die M\u00f6glichkeit, alle Arten von Tests durchzuf\u00fchren, um die \u00dcbereinstimmung der Produktionsprozesse mit den geforderten Spezifikationen zu validieren: Funktionstests (Zug, Erm\u00fcdung, Scherung, Elastizit\u00e4t, Reibungskoeffizient, Mikroh\u00e4rte), Elastizit\u00e4t bei Raumtemperatur und bei niedrigen Temperaturen (-73, -101 und -196\u00b0C), Geometrie (optischer Profilprojektor, Rauheit), Korrosionstests (Salzspr\u00fchnebeltest), chemische Analyse mit Spektrometer und Fluoreszenzanalysatoren, Ultraschall, fl\u00fcssige Eindringmittel und magnetische Pulver, Zertifizierung durch Dritte EN 10204 3.2, Korrosionspr\u00fcfung nach NACE MR0175 und ASTM G48.\n<h2><b>Partnerschaft<\/b><\/h2>\nEin wichtiger Aspekt unseres Gesch\u00e4ftsmodells ist die Partnerschaft.\nWir arbeiten bei der Entwicklung von L\u00f6sungen eng mit unseren Kunden zusammen und greifen dabei auf das umfangreiche Fachwissen zur\u00fcck, das wir in unserer mehr als 30-j\u00e4hrigen Gesch\u00e4ftst\u00e4tigkeit erworben haben.\nWir bei MF INOX sind der Meinung, dass die beste Befestigungsl\u00f6sung aus der Kombination der funktionalen Anforderungen des Projekts mit dem Know-how \u00fcber Materialien und Prozesstechnologien entsteht. Dadurch werden die Produktionskosten optimiert und die Qualit\u00e4tsstandards und die hohe Leistung des Befestigungssystems erhalten.\n<h2><b>Zertifizierung<\/b><\/h2>\n<span style=\"text-decoration: underline;\"><a href=\"https:\/\/mfinox.com\/wp-content\/uploads\/2024\/07\/CERT3013Rev.007.pdf\">Download &#8218;ISO 9001 TUV&#8216; Zertifikat<\/a><\/span>\n<br>\n<h2><b>Qualit\u00e4tspolitik<\/b><\/h2>\n<span style=\"text-decoration: underline;\"><a target=\"_blank\" href=\"https:\/\/mfinox.com\/wp-content\/uploads\/2024\/11\/Quality_Policy_rev.1_ENG-signed.pdf\">Qualit\u00e4tszertifikat herunterladen<\/a><\/span>\t\t\t\t\t\t\t\t<\/div>\n\t\t\t\t<\/div>\n\t\t\t\t\t<\/div>\n\t\t\t\t<\/div>\n\t\t\t\t<\/div>\n\t\t","protected":false},"excerpt":{"rendered":"<p>Qualit\u00e4t Qualit\u00e4t F\u00fcr MF INOX ist die Zufriedenheit der Kunden und anderer Stakeholder ein strategisches Ziel, das wir durch die Innovation unserer Produktionsprozesse verfolgen. Wir setzen neue Technologien und die fortschrittlichsten Organisationsphilosophien ein, um eine Qualit\u00e4tskultur zu verbreiten, die auf der Einbeziehung der Menschen, der Entwicklung von F\u00e4higkeiten, der Verbesserung des Arbeitsplatzes und dem Schutz [&hellip;]<\/p>\n","protected":false},"author":1,"featured_media":0,"parent":0,"menu_order":0,"comment_status":"closed","ping_status":"closed","template":"","meta":{"footnotes":""},"class_list":["post-6277","page","type-page","status-publish","hentry"],"yoast_head":"<!-- This site is optimized with the Yoast SEO plugin v27.4 - https:\/\/yoast.com\/product\/yoast-seo-wordpress\/ -->\n<title>Qualit\u00e4t - M.F. INOX<\/title>\n<meta name=\"robots\" content=\"index, follow, max-snippet:-1, max-image-preview:large, max-video-preview:-1\" \/>\n<link rel=\"canonical\" href=\"https:\/\/mfinox.com\/de\/qualitaet\/\" \/>\n<meta property=\"og:locale\" content=\"de_DE\" \/>\n<meta property=\"og:type\" content=\"article\" \/>\n<meta property=\"og:title\" content=\"Qualit\u00e4t - M.F. INOX\" \/>\n<meta property=\"og:description\" content=\"Qualit\u00e4t Qualit\u00e4t F\u00fcr MF INOX ist die Zufriedenheit der Kunden und anderer Stakeholder ein strategisches Ziel, das wir durch die Innovation unserer Produktionsprozesse verfolgen. Wir setzen neue Technologien und die fortschrittlichsten Organisationsphilosophien ein, um eine Qualit\u00e4tskultur zu verbreiten, die auf der Einbeziehung der Menschen, der Entwicklung von F\u00e4higkeiten, der Verbesserung des Arbeitsplatzes und dem Schutz [&hellip;]\" \/>\n<meta property=\"og:url\" content=\"https:\/\/mfinox.com\/de\/qualitaet\/\" \/>\n<meta property=\"og:site_name\" content=\"M.F. INOX\" \/>\n<meta property=\"article:modified_time\" content=\"2025-05-28T06:37:45+00:00\" \/>\n<meta name=\"twitter:card\" content=\"summary_large_image\" \/>\n<meta name=\"twitter:label1\" content=\"Gesch\u00e4tzte Lesezeit\" \/>\n\t<meta name=\"twitter:data1\" content=\"2\u00a0Minuten\" \/>\n<script type=\"application\/ld+json\" class=\"yoast-schema-graph\">{\"@context\":\"https:\\\/\\\/schema.org\",\"@graph\":[{\"@type\":\"WebPage\",\"@id\":\"https:\\\/\\\/mfinox.com\\\/de\\\/qualitaet\\\/\",\"url\":\"https:\\\/\\\/mfinox.com\\\/de\\\/qualitaet\\\/\",\"name\":\"Qualit\u00e4t - M.F. INOX\",\"isPartOf\":{\"@id\":\"https:\\\/\\\/mfinox.com\\\/de\\\/#website\"},\"datePublished\":\"2024-05-10T11:30:19+00:00\",\"dateModified\":\"2025-05-28T06:37:45+00:00\",\"breadcrumb\":{\"@id\":\"https:\\\/\\\/mfinox.com\\\/de\\\/qualitaet\\\/#breadcrumb\"},\"inLanguage\":\"de\",\"potentialAction\":[{\"@type\":\"ReadAction\",\"target\":[\"https:\\\/\\\/mfinox.com\\\/de\\\/qualitaet\\\/\"]}]},{\"@type\":\"BreadcrumbList\",\"@id\":\"https:\\\/\\\/mfinox.com\\\/de\\\/qualitaet\\\/#breadcrumb\",\"itemListElement\":[{\"@type\":\"ListItem\",\"position\":1,\"name\":\"Home\",\"item\":\"https:\\\/\\\/mfinox.com\\\/de\\\/\"},{\"@type\":\"ListItem\",\"position\":2,\"name\":\"Qualit\u00e4t\"}]},{\"@type\":\"WebSite\",\"@id\":\"https:\\\/\\\/mfinox.com\\\/de\\\/#website\",\"url\":\"https:\\\/\\\/mfinox.com\\\/de\\\/\",\"name\":\"M.F. INOX\",\"description\":\"\",\"publisher\":{\"@id\":\"https:\\\/\\\/mfinox.com\\\/de\\\/#organization\"},\"potentialAction\":[{\"@type\":\"SearchAction\",\"target\":{\"@type\":\"EntryPoint\",\"urlTemplate\":\"https:\\\/\\\/mfinox.com\\\/de\\\/?s={search_term_string}\"},\"query-input\":{\"@type\":\"PropertyValueSpecification\",\"valueRequired\":true,\"valueName\":\"search_term_string\"}}],\"inLanguage\":\"de\"},{\"@type\":\"Organization\",\"@id\":\"https:\\\/\\\/mfinox.com\\\/de\\\/#organization\",\"name\":\"M.F. INOX\",\"url\":\"https:\\\/\\\/mfinox.com\\\/de\\\/\",\"logo\":{\"@type\":\"ImageObject\",\"inLanguage\":\"de\",\"@id\":\"https:\\\/\\\/mfinox.com\\\/de\\\/#\\\/schema\\\/logo\\\/image\\\/\",\"url\":\"https:\\\/\\\/mfinox.com\\\/wp-content\\\/uploads\\\/2024\\\/05\\\/mf-inox_logo_neg.png\",\"contentUrl\":\"https:\\\/\\\/mfinox.com\\\/wp-content\\\/uploads\\\/2024\\\/05\\\/mf-inox_logo_neg.png\",\"width\":1949,\"height\":662,\"caption\":\"M.F. INOX\"},\"image\":{\"@id\":\"https:\\\/\\\/mfinox.com\\\/de\\\/#\\\/schema\\\/logo\\\/image\\\/\"}}]}<\/script>\n<!-- \/ Yoast SEO plugin. -->","yoast_head_json":{"title":"Qualit\u00e4t - M.F. INOX","robots":{"index":"index","follow":"follow","max-snippet":"max-snippet:-1","max-image-preview":"max-image-preview:large","max-video-preview":"max-video-preview:-1"},"canonical":"https:\/\/mfinox.com\/de\/qualitaet\/","og_locale":"de_DE","og_type":"article","og_title":"Qualit\u00e4t - M.F. INOX","og_description":"Qualit\u00e4t Qualit\u00e4t F\u00fcr MF INOX ist die Zufriedenheit der Kunden und anderer Stakeholder ein strategisches Ziel, das wir durch die Innovation unserer Produktionsprozesse verfolgen. Wir setzen neue Technologien und die fortschrittlichsten Organisationsphilosophien ein, um eine Qualit\u00e4tskultur zu verbreiten, die auf der Einbeziehung der Menschen, der Entwicklung von F\u00e4higkeiten, der Verbesserung des Arbeitsplatzes und dem Schutz [&hellip;]","og_url":"https:\/\/mfinox.com\/de\/qualitaet\/","og_site_name":"M.F. INOX","article_modified_time":"2025-05-28T06:37:45+00:00","twitter_card":"summary_large_image","twitter_misc":{"Gesch\u00e4tzte Lesezeit":"2\u00a0Minuten"},"schema":{"@context":"https:\/\/schema.org","@graph":[{"@type":"WebPage","@id":"https:\/\/mfinox.com\/de\/qualitaet\/","url":"https:\/\/mfinox.com\/de\/qualitaet\/","name":"Qualit\u00e4t - M.F. INOX","isPartOf":{"@id":"https:\/\/mfinox.com\/de\/#website"},"datePublished":"2024-05-10T11:30:19+00:00","dateModified":"2025-05-28T06:37:45+00:00","breadcrumb":{"@id":"https:\/\/mfinox.com\/de\/qualitaet\/#breadcrumb"},"inLanguage":"de","potentialAction":[{"@type":"ReadAction","target":["https:\/\/mfinox.com\/de\/qualitaet\/"]}]},{"@type":"BreadcrumbList","@id":"https:\/\/mfinox.com\/de\/qualitaet\/#breadcrumb","itemListElement":[{"@type":"ListItem","position":1,"name":"Home","item":"https:\/\/mfinox.com\/de\/"},{"@type":"ListItem","position":2,"name":"Qualit\u00e4t"}]},{"@type":"WebSite","@id":"https:\/\/mfinox.com\/de\/#website","url":"https:\/\/mfinox.com\/de\/","name":"M.F. INOX","description":"","publisher":{"@id":"https:\/\/mfinox.com\/de\/#organization"},"potentialAction":[{"@type":"SearchAction","target":{"@type":"EntryPoint","urlTemplate":"https:\/\/mfinox.com\/de\/?s={search_term_string}"},"query-input":{"@type":"PropertyValueSpecification","valueRequired":true,"valueName":"search_term_string"}}],"inLanguage":"de"},{"@type":"Organization","@id":"https:\/\/mfinox.com\/de\/#organization","name":"M.F. INOX","url":"https:\/\/mfinox.com\/de\/","logo":{"@type":"ImageObject","inLanguage":"de","@id":"https:\/\/mfinox.com\/de\/#\/schema\/logo\/image\/","url":"https:\/\/mfinox.com\/wp-content\/uploads\/2024\/05\/mf-inox_logo_neg.png","contentUrl":"https:\/\/mfinox.com\/wp-content\/uploads\/2024\/05\/mf-inox_logo_neg.png","width":1949,"height":662,"caption":"M.F. INOX"},"image":{"@id":"https:\/\/mfinox.com\/de\/#\/schema\/logo\/image\/"}}]}},"_links":{"self":[{"href":"https:\/\/mfinox.com\/de\/wp-json\/wp\/v2\/pages\/6277","targetHints":{"allow":["GET"]}}],"collection":[{"href":"https:\/\/mfinox.com\/de\/wp-json\/wp\/v2\/pages"}],"about":[{"href":"https:\/\/mfinox.com\/de\/wp-json\/wp\/v2\/types\/page"}],"author":[{"embeddable":true,"href":"https:\/\/mfinox.com\/de\/wp-json\/wp\/v2\/users\/1"}],"replies":[{"embeddable":true,"href":"https:\/\/mfinox.com\/de\/wp-json\/wp\/v2\/comments?post=6277"}],"version-history":[{"count":0,"href":"https:\/\/mfinox.com\/de\/wp-json\/wp\/v2\/pages\/6277\/revisions"}],"wp:attachment":[{"href":"https:\/\/mfinox.com\/de\/wp-json\/wp\/v2\/media?parent=6277"}],"curies":[{"name":"wp","href":"https:\/\/api.w.org\/{rel}","templated":true}]}}