{"id":5998,"date":"2024-06-04T11:42:04","date_gmt":"2024-06-04T11:42:04","guid":{"rendered":"https:\/\/mfinox.com\/materialien\/monel-k-500-w-2-4375-uns-n05500\/"},"modified":"2024-09-06T10:21:10","modified_gmt":"2024-09-06T10:21:10","slug":"monel-k-500-w-2-4375-uns-n05500","status":"publish","type":"page","link":"https:\/\/mfinox.com\/de\/materialien\/monel-k-500-w-2-4375-uns-n05500\/","title":{"rendered":"MONEL\u00ae K-500 W 2.4375 UNS N05500"},"content":{"rendered":"\t\t<div data-elementor-type=\"wp-page\" data-elementor-id=\"5998\" class=\"elementor elementor-5998 elementor-1819\" data-elementor-post-type=\"page\">\n\t\t\t\t<div class=\"elementor-element elementor-element-cbb999a e-flex e-con-boxed e-con e-parent\" data-id=\"cbb999a\" data-element_type=\"container\" data-e-type=\"container\" data-settings=\"{&quot;background_background&quot;:&quot;classic&quot;}\">\n\t\t\t\t\t<div class=\"e-con-inner\">\n\t\t\t\t<div class=\"elementor-element elementor-element-d29995f titolo-materiali elementor-invisible elementor-widget elementor-widget-heading\" data-id=\"d29995f\" data-element_type=\"widget\" data-e-type=\"widget\" data-settings=\"{&quot;_animation&quot;:&quot;fadeIn&quot;}\" data-widget_type=\"heading.default\">\n\t\t\t\t<div class=\"elementor-widget-container\">\n\t\t\t\t\t<h1 class=\"elementor-heading-title elementor-size-default\">MONEL\u00ae K-500 W 2.4375 UNS N05500  <\/h1>\t\t\t\t<\/div>\n\t\t\t\t<\/div>\n\t\t\t\t<div class=\"elementor-element elementor-element-3e2ba280 elementor-invisible elementor-widget elementor-widget-shortcode\" data-id=\"3e2ba280\" data-element_type=\"widget\" data-e-type=\"widget\" data-settings=\"{&quot;_animation&quot;:&quot;fadeIn&quot;}\" data-widget_type=\"shortcode.default\">\n\t\t\t\t<div class=\"elementor-widget-container\">\n\t\t\t\t\t\t\t<div class=\"elementor-shortcode\"><nav aria-label=\"breadcrumb\"><div class=\"breadcrumb\"><span class=\"breadcrumb-item\"><a href=\"https:\/\/mfinox.com\/de\/\" style=\"color: #F3912E;\">Home<\/a><\/span><\/div><\/nav><\/div>\n\t\t\t\t\t\t<\/div>\n\t\t\t\t<\/div>\n\t\t\t\t\t<\/div>\n\t\t\t\t<\/div>\n\t\t<div class=\"elementor-element elementor-element-6c1e9d1b e-flex e-con-boxed elementor-invisible e-con e-parent\" data-id=\"6c1e9d1b\" data-element_type=\"container\" data-e-type=\"container\" data-settings=\"{&quot;animation&quot;:&quot;fadeInUp&quot;}\">\n\t\t\t\t\t<div class=\"e-con-inner\">\n\t\t\t\t<div class=\"elementor-element elementor-element-673a87f0 elementor-widget elementor-widget-text-editor\" data-id=\"673a87f0\" data-element_type=\"widget\" data-e-type=\"widget\" data-widget_type=\"text-editor.default\">\n\t\t\t\t<div class=\"elementor-widget-container\">\n\t\t\t\t\t\t\t\t\tMONEL\u00ae alloy K-500 W 2.4375 UNS N05500 ist eine Nickel-Kupfer-Legierung, die die ausgezeichnete Korrosionsbest\u00e4ndigkeit der MONEL 400-Legierung mit den zus\u00e4tzlichen Vorteilen einer erh\u00f6hten mechanischen Festigkeit und H\u00e4rte durch den Zusatz von Aluminium und Titan verbindet.\nDieser Werkstoff ist im Gegensatz zu MONEL 400 durch Aush\u00e4rtung h\u00e4rtbar.\nMONEL\u00ae alloy K-500 W 2.4375 UNS N05500 eignet sich f\u00fcr Anwendungen bei niedrigen und hohen Temperaturen in korrosiven Umgebungen.\nTypische Anwendungen f\u00fcr die MONEL\u00ae-Legierung K-500 W 2.4375 UNS N05500 sind: Befestigungselemente und Federn f\u00fcr die Schifffahrt Pumpen- und Ventilkomponenten f\u00fcr die Chemie- und \u00d6lraffinerie und den Bergbau.     <h2><b>CHEMISCHE ZUSAMMENSETZUNG MONEL\u00ae K-500 W 2.4375 UNS N05500<\/b><\/h2>\n<table class=\"responsive-table\">\n<tbody>\n<tr>\n<th>Element<\/th><th>Min<\/th><th>Max<\/th>\n<\/tr>\n<tr>\n<td>Ni<\/td><td>63<\/td><td>&#8212;<\/td>\n<\/tr>\n<tr>\n<td>C<\/td><td>&#8212;<\/td><td>0.25<\/td>\n<\/tr>\n<tr>\n<td>Mn<\/td><td>&#8212;<\/td><td>1.5<\/td>\n<\/tr>\n<tr>\n<td>Ja<\/td><td>&#8212;<\/td><td>0.5<\/td>\n<\/tr>\n<tr>\n<td>S<\/td><td>&#8212;<\/td><td>0.01<\/td>\n<\/tr>\n<tr>\n<td>Cu<\/td><td>27.0<\/td><td>33.0<\/td>\n<\/tr>\n<tr>\n<td>Unter<\/td><td>2.30<\/td><td>3.15<\/td>\n<\/tr>\n<tr>\n<td>Ti<\/td><td>0.35<\/td><td>0.85<\/td>\n<\/tr>\n<\/tbody>\n<\/table>\n<h2><b>MECHANISCHE EIGENSCHAFTEN MONEL\u00ae K-500 W 2.4375 UNS N05500<\/b><\/h2>\n<table class=\"responsive-table\">\n<tbody>\n<tr>\n<th>Material<\/th>\n<th>Liga<\/th>\n<th>Rm min (MPa)<\/th>\n<th>Rp 0,2 min (MPa)<\/th>\n<th>A% min<\/th>\n<th>H\u00e4rte<\/th>\n<\/tr>\n<tr>\n<td>MONEL\u00ae K-500 UNS N05500<\/td>\n<td>2.4375<\/td>\n<td>896 &#8211; 1310<\/td>\n<td>586 &#8211; 827<\/td>\n<td>32-20<\/td>\n<td>24-35 HRC<\/td>\n<\/tr>\n<\/tbody>\n<\/table>\n<h2><b>PHYSIKALISCHE EIGENSCHAFTEN MONEL\u00ae K-500 W 2.4375 UNS N05500<\/b><\/h2>\n<ul>\n \t<li>Spezifisches Gewicht: 844 kg\/dm\u00b3 bei 20\u00b0C<\/li>\n \t<li>Elastizit\u00e4tsmodul: 260.000 N\/mm\u00b2 bei 20\u00b0C<\/li>\n \t<li>Nicht-magnetisch (bis zu -101\u00b0C)<\/li>\n<\/ul>\n&nbsp;\n<h2><b>KORRESPONDENZ UND SPEZIFIKATIONEN MONEL\u00ae K-500 W 2.4375 UNS N05500<\/b><\/h2>\n<ul>\n \t<li>W: 2.4375<\/li>\n \t<li>NACE: MR-01-75<\/li>\n \t<li>UNS: N05500<\/li>\n \t<li>QQ-N-286<\/li>\n \t<li>ASTM: B865<\/li>\n<\/ul>\n\t\t<div data-elementor-type=\"section\" data-elementor-id=\"2152\" class=\"elementor elementor-2152\" data-elementor-post-type=\"elementor_library\">\n\t\t\t<div class=\"elementor-element elementor-element-1a5312d e-flex e-con-boxed e-con e-parent\" data-id=\"1a5312d\" data-element_type=\"container\" data-e-type=\"container\">\n\t\t\t\t\t<div class=\"e-con-inner\">\n\t\t\t\t<div class=\"elementor-element elementor-element-703a4b7 elementor-widget elementor-widget-spacer\" data-id=\"703a4b7\" data-element_type=\"widget\" data-e-type=\"widget\" data-widget_type=\"spacer.default\">\n\t\t\t\t<div class=\"elementor-widget-container\">\n\t\t\t\t\t\t\t<div class=\"elementor-spacer\">\n\t\t\t<div class=\"elementor-spacer-inner\"><\/div>\n\t\t<\/div>\n\t\t\t\t\t\t<\/div>\n\t\t\t\t<\/div>\n\t\t\t\t\t<\/div>\n\t\t\t\t<\/div>\n\t\t\t\t<\/div>\n\t\t\t\t\t\t\t\t\t\t<\/div>\n\t\t\t\t<\/div>\n\t\t\t\t\t<\/div>\n\t\t\t\t<\/div>\n\t\t\t\t<\/div>\n\t\t","protected":false},"excerpt":{"rendered":"<p>MONEL\u00ae K-500 W 2.4375 UNS N05500 MONEL\u00ae alloy K-500 W 2.4375 UNS N05500 ist eine Nickel-Kupfer-Legierung, die die ausgezeichnete Korrosionsbest\u00e4ndigkeit der MONEL 400-Legierung mit den zus\u00e4tzlichen Vorteilen einer erh\u00f6hten mechanischen Festigkeit und H\u00e4rte durch den Zusatz von Aluminium und Titan verbindet. Dieser Werkstoff ist im Gegensatz zu MONEL 400 durch Aush\u00e4rtung h\u00e4rtbar. MONEL\u00ae alloy K-500 [&hellip;]<\/p>\n","protected":false},"author":1,"featured_media":0,"parent":4508,"menu_order":0,"comment_status":"closed","ping_status":"closed","template":"","meta":{"footnotes":""},"class_list":["post-5998","page","type-page","status-publish","hentry"],"yoast_head":"<!-- This site is optimized with the Yoast SEO plugin v27.6 - https:\/\/yoast.com\/product\/yoast-seo-wordpress\/ -->\n<title>MONEL\u00ae K-500 W 2.4375 UNS N05500 - M.F. INOX<\/title>\n<meta name=\"robots\" content=\"index, follow, max-snippet:-1, max-image-preview:large, max-video-preview:-1\" \/>\n<link rel=\"canonical\" href=\"https:\/\/mfinox.com\/de\/materialien\/monel-k-500-w-2-4375-uns-n05500\/\" \/>\n<meta property=\"og:locale\" content=\"de_DE\" \/>\n<meta property=\"og:type\" content=\"article\" \/>\n<meta property=\"og:title\" content=\"MONEL\u00ae K-500 W 2.4375 UNS N05500 - M.F. INOX\" \/>\n<meta property=\"og:description\" content=\"MONEL\u00ae K-500 W 2.4375 UNS N05500 MONEL\u00ae alloy K-500 W 2.4375 UNS N05500 ist eine Nickel-Kupfer-Legierung, die die ausgezeichnete Korrosionsbest\u00e4ndigkeit der MONEL 400-Legierung mit den zus\u00e4tzlichen Vorteilen einer erh\u00f6hten mechanischen Festigkeit und H\u00e4rte durch den Zusatz von Aluminium und Titan verbindet. Dieser Werkstoff ist im Gegensatz zu MONEL 400 durch Aush\u00e4rtung h\u00e4rtbar. MONEL\u00ae alloy K-500 [&hellip;]\" \/>\n<meta property=\"og:url\" content=\"https:\/\/mfinox.com\/de\/materialien\/monel-k-500-w-2-4375-uns-n05500\/\" \/>\n<meta property=\"og:site_name\" content=\"M.F. INOX\" \/>\n<meta property=\"article:modified_time\" content=\"2024-09-06T10:21:10+00:00\" \/>\n<meta name=\"twitter:card\" content=\"summary_large_image\" \/>\n<meta name=\"twitter:label1\" content=\"Gesch\u00e4tzte Lesezeit\" \/>\n\t<meta name=\"twitter:data1\" content=\"1\u00a0Minute\" \/>\n<script type=\"application\/ld+json\" class=\"yoast-schema-graph\">{\"@context\":\"https:\\\/\\\/schema.org\",\"@graph\":[{\"@type\":\"WebPage\",\"@id\":\"https:\\\/\\\/mfinox.com\\\/de\\\/materialien\\\/monel-k-500-w-2-4375-uns-n05500\\\/\",\"url\":\"https:\\\/\\\/mfinox.com\\\/de\\\/materialien\\\/monel-k-500-w-2-4375-uns-n05500\\\/\",\"name\":\"MONEL\u00ae K-500 W 2.4375 UNS N05500 - M.F. INOX\",\"isPartOf\":{\"@id\":\"https:\\\/\\\/mfinox.com\\\/de\\\/#website\"},\"datePublished\":\"2024-06-04T11:42:04+00:00\",\"dateModified\":\"2024-09-06T10:21:10+00:00\",\"breadcrumb\":{\"@id\":\"https:\\\/\\\/mfinox.com\\\/de\\\/materialien\\\/monel-k-500-w-2-4375-uns-n05500\\\/#breadcrumb\"},\"inLanguage\":\"de\",\"potentialAction\":[{\"@type\":\"ReadAction\",\"target\":[\"https:\\\/\\\/mfinox.com\\\/de\\\/materialien\\\/monel-k-500-w-2-4375-uns-n05500\\\/\"]}]},{\"@type\":\"BreadcrumbList\",\"@id\":\"https:\\\/\\\/mfinox.com\\\/de\\\/materialien\\\/monel-k-500-w-2-4375-uns-n05500\\\/#breadcrumb\",\"itemListElement\":[{\"@type\":\"ListItem\",\"position\":1,\"name\":\"Home\",\"item\":\"https:\\\/\\\/mfinox.com\\\/de\\\/\"},{\"@type\":\"ListItem\",\"position\":2,\"name\":\"Materialien\",\"item\":\"https:\\\/\\\/mfinox.com\\\/de\\\/materialien\\\/\"},{\"@type\":\"ListItem\",\"position\":3,\"name\":\"MONEL\u00ae K-500 W 2.4375 UNS N05500\"}]},{\"@type\":\"WebSite\",\"@id\":\"https:\\\/\\\/mfinox.com\\\/de\\\/#website\",\"url\":\"https:\\\/\\\/mfinox.com\\\/de\\\/\",\"name\":\"M.F. INOX\",\"description\":\"\",\"publisher\":{\"@id\":\"https:\\\/\\\/mfinox.com\\\/de\\\/#organization\"},\"potentialAction\":[{\"@type\":\"SearchAction\",\"target\":{\"@type\":\"EntryPoint\",\"urlTemplate\":\"https:\\\/\\\/mfinox.com\\\/de\\\/?s={search_term_string}\"},\"query-input\":{\"@type\":\"PropertyValueSpecification\",\"valueRequired\":true,\"valueName\":\"search_term_string\"}}],\"inLanguage\":\"de\"},{\"@type\":\"Organization\",\"@id\":\"https:\\\/\\\/mfinox.com\\\/de\\\/#organization\",\"name\":\"M.F. INOX\",\"url\":\"https:\\\/\\\/mfinox.com\\\/de\\\/\",\"logo\":{\"@type\":\"ImageObject\",\"inLanguage\":\"de\",\"@id\":\"https:\\\/\\\/mfinox.com\\\/de\\\/#\\\/schema\\\/logo\\\/image\\\/\",\"url\":\"https:\\\/\\\/mfinox.com\\\/wp-content\\\/uploads\\\/2024\\\/05\\\/mf-inox_logo_neg.png\",\"contentUrl\":\"https:\\\/\\\/mfinox.com\\\/wp-content\\\/uploads\\\/2024\\\/05\\\/mf-inox_logo_neg.png\",\"width\":1949,\"height\":662,\"caption\":\"M.F. INOX\"},\"image\":{\"@id\":\"https:\\\/\\\/mfinox.com\\\/de\\\/#\\\/schema\\\/logo\\\/image\\\/\"}}]}<\/script>\n<!-- \/ Yoast SEO plugin. -->","yoast_head_json":{"title":"MONEL\u00ae K-500 W 2.4375 UNS N05500 - M.F. INOX","robots":{"index":"index","follow":"follow","max-snippet":"max-snippet:-1","max-image-preview":"max-image-preview:large","max-video-preview":"max-video-preview:-1"},"canonical":"https:\/\/mfinox.com\/de\/materialien\/monel-k-500-w-2-4375-uns-n05500\/","og_locale":"de_DE","og_type":"article","og_title":"MONEL\u00ae K-500 W 2.4375 UNS N05500 - M.F. INOX","og_description":"MONEL\u00ae K-500 W 2.4375 UNS N05500 MONEL\u00ae alloy K-500 W 2.4375 UNS N05500 ist eine Nickel-Kupfer-Legierung, die die ausgezeichnete Korrosionsbest\u00e4ndigkeit der MONEL 400-Legierung mit den zus\u00e4tzlichen Vorteilen einer erh\u00f6hten mechanischen Festigkeit und H\u00e4rte durch den Zusatz von Aluminium und Titan verbindet. Dieser Werkstoff ist im Gegensatz zu MONEL 400 durch Aush\u00e4rtung h\u00e4rtbar. MONEL\u00ae alloy K-500 [&hellip;]","og_url":"https:\/\/mfinox.com\/de\/materialien\/monel-k-500-w-2-4375-uns-n05500\/","og_site_name":"M.F. INOX","article_modified_time":"2024-09-06T10:21:10+00:00","twitter_card":"summary_large_image","twitter_misc":{"Gesch\u00e4tzte Lesezeit":"1\u00a0Minute"},"schema":{"@context":"https:\/\/schema.org","@graph":[{"@type":"WebPage","@id":"https:\/\/mfinox.com\/de\/materialien\/monel-k-500-w-2-4375-uns-n05500\/","url":"https:\/\/mfinox.com\/de\/materialien\/monel-k-500-w-2-4375-uns-n05500\/","name":"MONEL\u00ae K-500 W 2.4375 UNS N05500 - M.F. INOX","isPartOf":{"@id":"https:\/\/mfinox.com\/de\/#website"},"datePublished":"2024-06-04T11:42:04+00:00","dateModified":"2024-09-06T10:21:10+00:00","breadcrumb":{"@id":"https:\/\/mfinox.com\/de\/materialien\/monel-k-500-w-2-4375-uns-n05500\/#breadcrumb"},"inLanguage":"de","potentialAction":[{"@type":"ReadAction","target":["https:\/\/mfinox.com\/de\/materialien\/monel-k-500-w-2-4375-uns-n05500\/"]}]},{"@type":"BreadcrumbList","@id":"https:\/\/mfinox.com\/de\/materialien\/monel-k-500-w-2-4375-uns-n05500\/#breadcrumb","itemListElement":[{"@type":"ListItem","position":1,"name":"Home","item":"https:\/\/mfinox.com\/de\/"},{"@type":"ListItem","position":2,"name":"Materialien","item":"https:\/\/mfinox.com\/de\/materialien\/"},{"@type":"ListItem","position":3,"name":"MONEL\u00ae K-500 W 2.4375 UNS N05500"}]},{"@type":"WebSite","@id":"https:\/\/mfinox.com\/de\/#website","url":"https:\/\/mfinox.com\/de\/","name":"M.F. INOX","description":"","publisher":{"@id":"https:\/\/mfinox.com\/de\/#organization"},"potentialAction":[{"@type":"SearchAction","target":{"@type":"EntryPoint","urlTemplate":"https:\/\/mfinox.com\/de\/?s={search_term_string}"},"query-input":{"@type":"PropertyValueSpecification","valueRequired":true,"valueName":"search_term_string"}}],"inLanguage":"de"},{"@type":"Organization","@id":"https:\/\/mfinox.com\/de\/#organization","name":"M.F. INOX","url":"https:\/\/mfinox.com\/de\/","logo":{"@type":"ImageObject","inLanguage":"de","@id":"https:\/\/mfinox.com\/de\/#\/schema\/logo\/image\/","url":"https:\/\/mfinox.com\/wp-content\/uploads\/2024\/05\/mf-inox_logo_neg.png","contentUrl":"https:\/\/mfinox.com\/wp-content\/uploads\/2024\/05\/mf-inox_logo_neg.png","width":1949,"height":662,"caption":"M.F. INOX"},"image":{"@id":"https:\/\/mfinox.com\/de\/#\/schema\/logo\/image\/"}}]}},"_links":{"self":[{"href":"https:\/\/mfinox.com\/de\/wp-json\/wp\/v2\/pages\/5998","targetHints":{"allow":["GET"]}}],"collection":[{"href":"https:\/\/mfinox.com\/de\/wp-json\/wp\/v2\/pages"}],"about":[{"href":"https:\/\/mfinox.com\/de\/wp-json\/wp\/v2\/types\/page"}],"author":[{"embeddable":true,"href":"https:\/\/mfinox.com\/de\/wp-json\/wp\/v2\/users\/1"}],"replies":[{"embeddable":true,"href":"https:\/\/mfinox.com\/de\/wp-json\/wp\/v2\/comments?post=5998"}],"version-history":[{"count":0,"href":"https:\/\/mfinox.com\/de\/wp-json\/wp\/v2\/pages\/5998\/revisions"}],"up":[{"embeddable":true,"href":"https:\/\/mfinox.com\/de\/wp-json\/wp\/v2\/pages\/4508"}],"wp:attachment":[{"href":"https:\/\/mfinox.com\/de\/wp-json\/wp\/v2\/media?parent=5998"}],"curies":[{"name":"wp","href":"https:\/\/api.w.org\/{rel}","templated":true}]}}