{"id":5993,"date":"2024-06-04T11:45:19","date_gmt":"2024-06-04T11:45:19","guid":{"rendered":"https:\/\/mfinox.com\/materialien\/werkstoff-1-4057-aisi-431-uns-s43100\/"},"modified":"2024-09-06T10:21:10","modified_gmt":"2024-09-06T10:21:10","slug":"werkstoff-1-4057-aisi-431-uns-s43100","status":"publish","type":"page","link":"https:\/\/mfinox.com\/de\/materialien\/werkstoff-1-4057-aisi-431-uns-s43100\/","title":{"rendered":"Werkstoff 1.4057 AISI 431 UNS S43100"},"content":{"rendered":"\t\t<div data-elementor-type=\"wp-page\" data-elementor-id=\"5993\" class=\"elementor elementor-5993 elementor-1822\" data-elementor-post-type=\"page\">\n\t\t\t\t<div class=\"elementor-element elementor-element-1dc7385b e-flex e-con-boxed e-con e-parent\" data-id=\"1dc7385b\" data-element_type=\"container\" data-e-type=\"container\" data-settings=\"{&quot;background_background&quot;:&quot;classic&quot;}\">\n\t\t\t\t\t<div class=\"e-con-inner\">\n\t\t\t\t<div class=\"elementor-element elementor-element-3eec79c2 titolo-materiali elementor-invisible elementor-widget elementor-widget-heading\" data-id=\"3eec79c2\" data-element_type=\"widget\" data-e-type=\"widget\" data-settings=\"{&quot;_animation&quot;:&quot;fadeIn&quot;}\" data-widget_type=\"heading.default\">\n\t\t\t\t<div class=\"elementor-widget-container\">\n\t\t\t\t\t<h1 class=\"elementor-heading-title elementor-size-default\">Werkstoff 1.4057 AISI 431 UNS S43100  <\/h1>\t\t\t\t<\/div>\n\t\t\t\t<\/div>\n\t\t\t\t<div class=\"elementor-element elementor-element-9e37f57 elementor-invisible elementor-widget elementor-widget-shortcode\" data-id=\"9e37f57\" data-element_type=\"widget\" data-e-type=\"widget\" data-settings=\"{&quot;_animation&quot;:&quot;fadeIn&quot;}\" data-widget_type=\"shortcode.default\">\n\t\t\t\t<div class=\"elementor-widget-container\">\n\t\t\t\t\t\t\t<div class=\"elementor-shortcode\"><nav aria-label=\"breadcrumb\"><div class=\"breadcrumb\"><span class=\"breadcrumb-item\"><a href=\"https:\/\/mfinox.com\/de\/\" style=\"color: #F3912E;\">Home<\/a><\/span><\/div><\/nav><\/div>\n\t\t\t\t\t\t<\/div>\n\t\t\t\t<\/div>\n\t\t\t\t\t<\/div>\n\t\t\t\t<\/div>\n\t\t<div class=\"elementor-element elementor-element-1f7e4af4 e-flex e-con-boxed elementor-invisible e-con e-parent\" data-id=\"1f7e4af4\" data-element_type=\"container\" data-e-type=\"container\" data-settings=\"{&quot;animation&quot;:&quot;fadeInUp&quot;}\">\n\t\t\t\t\t<div class=\"e-con-inner\">\n\t\t\t\t<div class=\"elementor-element elementor-element-d4fe51f elementor-widget elementor-widget-text-editor\" data-id=\"d4fe51f\" data-element_type=\"widget\" data-e-type=\"widget\" data-widget_type=\"text-editor.default\">\n\t\t\t\t<div class=\"elementor-widget-container\">\n\t\t\t\t\t\t\t\t\tDer martensitische rostfreie Stahl Werkstoff 1.4057 AISI 431 UNS S43100 hat die Besonderheit, dass er h\u00e4rtbar ist und unter den rostfreien St\u00e4hlen eine h\u00f6here mechanische Festigkeit und Erm\u00fcdungsfestigkeit in Verbindung mit Korrosionsbest\u00e4ndigkeit bietet als reine Chromst\u00e4hle.\nEr ist die wirtschaftlichste L\u00f6sung f\u00fcr hochfeste Befestigungssysteme f\u00fcr korrosive Anwendungen.\nDie Norm EN 3506 definiert ihn als geeignetes Material f\u00fcr die Herstellung von C3-80 Schrauben.    <h2><b>CHEMISCHE ZUSAMMENSETZUNG Werkstoff 1.4057 AISI 431 UNS S43100<\/b><\/h2>\n<table class=\"responsive-table\">\n<thead>\n<tr>\n<th>Element<\/th><th>Min<\/th><th>Max<\/th>\n<\/tr>\n<\/thead>\n<tbody>\n<tr>\n<td>C<\/td><td>0.17<\/td><td>0.25<\/td>\n<\/tr>\n<tr>\n<td>Ja max<\/td><td><\/td><td>1.00<\/td>\n<\/tr>\n<tr>\n<td>Mn max<\/td><td><\/td><td>1.00<\/td>\n<\/tr>\n<tr>\n<td>Cr<\/td><td>16.0<\/td><td>18.0<\/td>\n<\/tr>\n<tr>\n<td>S max<\/td><td><\/td><td>0.003<\/td>\n<\/tr>\n<tr>\n<td>P max<\/td><td><\/td><td>0.04<\/td>\n<\/tr>\n<tr>\n<td>Ni<\/td><td>1.50<\/td><td>2.50<\/td>\n<\/tr>\n<\/tbody>\n<\/table>\n<h2><b>MECHANISCHE EIGENSCHAFTEN Werkstoff 1.4057 AISI 431 UNS S43100<\/b><\/h2>\n<table class=\"responsive-table\">\n<thead>\n<tr>\n<th>Material<\/th>\n<th>Liga<\/th>\n<th>Rm min (MPa)<\/th>\n<th>Rp 0,2 min (MPa)<\/th>\n<th>A% min<\/th>\n<th>H\u00e4rte<\/th>\n<\/tr>\n<\/thead>\n<tbody>\n<tr>\n<td>AISI 431 &#8211; C3-80<\/td>\n<td>1.4057<\/td>\n<td>800 &#8211; 950<\/td>\n<td>640<\/td>\n<td>0.2d<\/td>\n<td>21 &#8211; 35 HRC<\/td>\n<\/tr>\n<\/tbody>\n<\/table>\n<h2><b>PHYSIKALISCHE EIGENSCHAFTEN Werkstoff 1.4057 AISI 431 UNS S43100<\/b><\/h2>\n<ul>\n \t<li>Spezifisches Gewicht: Kg\/cm\u00b3 20\u00b0C &#8211; 77 Kg\/dm\u00b3<\/li>\n \t<li>Elastizit\u00e4tsmodul: N\/mm\u00b2 20\u00b0C &#8211; 216.000<\/li>\n \t<li>W\u00e4rmeleitf\u00e4higkeit: W\/m.K. (20\u00b0C) &#8211; 25.0<\/li>\n \t<li>Magnetisch<\/li>\n<\/ul>\n<h2><b>KORRESPONDENZEN UND SPEZIFIKATIONEN Werkstoff 1.4057 AISI 431 UNS S43100<\/b><\/h2>\n<ul>\n \t<li>EN 10088\/3: X 17 Cr Ni 16-2<\/li>\n \t<li>W: 1.4057<\/li>\n \t<li>JIS: SUS 431<\/li>\n \t<li>AISI: 431<\/li>\n \t<li>UNS: S43100<\/li>\n \t<li>ISO: 3506-1 C3-80<\/li>\n<\/ul>\n\t\t<div data-elementor-type=\"section\" data-elementor-id=\"2152\" class=\"elementor elementor-2152\" data-elementor-post-type=\"elementor_library\">\n\t\t\t<div class=\"elementor-element elementor-element-1a5312d e-flex e-con-boxed e-con e-parent\" data-id=\"1a5312d\" data-element_type=\"container\" data-e-type=\"container\">\n\t\t\t\t\t<div class=\"e-con-inner\">\n\t\t\t\t<div class=\"elementor-element elementor-element-703a4b7 elementor-widget elementor-widget-spacer\" data-id=\"703a4b7\" data-element_type=\"widget\" data-e-type=\"widget\" data-widget_type=\"spacer.default\">\n\t\t\t\t<div class=\"elementor-widget-container\">\n\t\t\t\t\t\t\t<div class=\"elementor-spacer\">\n\t\t\t<div class=\"elementor-spacer-inner\"><\/div>\n\t\t<\/div>\n\t\t\t\t\t\t<\/div>\n\t\t\t\t<\/div>\n\t\t\t\t\t<\/div>\n\t\t\t\t<\/div>\n\t\t\t\t<\/div>\n\t\t\t\t\t\t\t\t\t\t<\/div>\n\t\t\t\t<\/div>\n\t\t\t\t\t<\/div>\n\t\t\t\t<\/div>\n\t\t\t\t<\/div>\n\t\t","protected":false},"excerpt":{"rendered":"<p>Werkstoff 1.4057 AISI 431 UNS S43100 Der martensitische rostfreie Stahl Werkstoff 1.4057 AISI 431 UNS S43100 hat die Besonderheit, dass er h\u00e4rtbar ist und unter den rostfreien St\u00e4hlen eine h\u00f6here mechanische Festigkeit und Erm\u00fcdungsfestigkeit in Verbindung mit Korrosionsbest\u00e4ndigkeit bietet als reine Chromst\u00e4hle. Er ist die wirtschaftlichste L\u00f6sung f\u00fcr hochfeste Befestigungssysteme f\u00fcr korrosive Anwendungen. Die Norm [&hellip;]<\/p>\n","protected":false},"author":1,"featured_media":0,"parent":4508,"menu_order":0,"comment_status":"closed","ping_status":"closed","template":"","meta":{"footnotes":""},"class_list":["post-5993","page","type-page","status-publish","hentry"],"yoast_head":"<!-- This site is optimized with the Yoast SEO plugin v27.4 - https:\/\/yoast.com\/product\/yoast-seo-wordpress\/ -->\n<title>Werkstoff 1.4057 AISI 431 UNS S43100 - M.F. INOX<\/title>\n<meta name=\"robots\" content=\"index, follow, max-snippet:-1, max-image-preview:large, max-video-preview:-1\" \/>\n<link rel=\"canonical\" href=\"https:\/\/mfinox.com\/de\/materialien\/werkstoff-1-4057-aisi-431-uns-s43100\/\" \/>\n<meta property=\"og:locale\" content=\"de_DE\" \/>\n<meta property=\"og:type\" content=\"article\" \/>\n<meta property=\"og:title\" content=\"Werkstoff 1.4057 AISI 431 UNS S43100 - M.F. INOX\" \/>\n<meta property=\"og:description\" content=\"Werkstoff 1.4057 AISI 431 UNS S43100 Der martensitische rostfreie Stahl Werkstoff 1.4057 AISI 431 UNS S43100 hat die Besonderheit, dass er h\u00e4rtbar ist und unter den rostfreien St\u00e4hlen eine h\u00f6here mechanische Festigkeit und Erm\u00fcdungsfestigkeit in Verbindung mit Korrosionsbest\u00e4ndigkeit bietet als reine Chromst\u00e4hle. Er ist die wirtschaftlichste L\u00f6sung f\u00fcr hochfeste Befestigungssysteme f\u00fcr korrosive Anwendungen. Die Norm [&hellip;]\" \/>\n<meta property=\"og:url\" content=\"https:\/\/mfinox.com\/de\/materialien\/werkstoff-1-4057-aisi-431-uns-s43100\/\" \/>\n<meta property=\"og:site_name\" content=\"M.F. INOX\" \/>\n<meta property=\"article:modified_time\" content=\"2024-09-06T10:21:10+00:00\" \/>\n<meta name=\"twitter:card\" content=\"summary_large_image\" \/>\n<meta name=\"twitter:label1\" content=\"Gesch\u00e4tzte Lesezeit\" \/>\n\t<meta name=\"twitter:data1\" content=\"1\u00a0Minute\" \/>\n<script type=\"application\/ld+json\" class=\"yoast-schema-graph\">{\"@context\":\"https:\\\/\\\/schema.org\",\"@graph\":[{\"@type\":\"WebPage\",\"@id\":\"https:\\\/\\\/mfinox.com\\\/de\\\/materialien\\\/werkstoff-1-4057-aisi-431-uns-s43100\\\/\",\"url\":\"https:\\\/\\\/mfinox.com\\\/de\\\/materialien\\\/werkstoff-1-4057-aisi-431-uns-s43100\\\/\",\"name\":\"Werkstoff 1.4057 AISI 431 UNS S43100 - M.F. INOX\",\"isPartOf\":{\"@id\":\"https:\\\/\\\/mfinox.com\\\/de\\\/#website\"},\"datePublished\":\"2024-06-04T11:45:19+00:00\",\"dateModified\":\"2024-09-06T10:21:10+00:00\",\"breadcrumb\":{\"@id\":\"https:\\\/\\\/mfinox.com\\\/de\\\/materialien\\\/werkstoff-1-4057-aisi-431-uns-s43100\\\/#breadcrumb\"},\"inLanguage\":\"de\",\"potentialAction\":[{\"@type\":\"ReadAction\",\"target\":[\"https:\\\/\\\/mfinox.com\\\/de\\\/materialien\\\/werkstoff-1-4057-aisi-431-uns-s43100\\\/\"]}]},{\"@type\":\"BreadcrumbList\",\"@id\":\"https:\\\/\\\/mfinox.com\\\/de\\\/materialien\\\/werkstoff-1-4057-aisi-431-uns-s43100\\\/#breadcrumb\",\"itemListElement\":[{\"@type\":\"ListItem\",\"position\":1,\"name\":\"Home\",\"item\":\"https:\\\/\\\/mfinox.com\\\/de\\\/\"},{\"@type\":\"ListItem\",\"position\":2,\"name\":\"Materialien\",\"item\":\"https:\\\/\\\/mfinox.com\\\/de\\\/materialien\\\/\"},{\"@type\":\"ListItem\",\"position\":3,\"name\":\"Werkstoff 1.4057 AISI 431 UNS S43100\"}]},{\"@type\":\"WebSite\",\"@id\":\"https:\\\/\\\/mfinox.com\\\/de\\\/#website\",\"url\":\"https:\\\/\\\/mfinox.com\\\/de\\\/\",\"name\":\"M.F. INOX\",\"description\":\"\",\"publisher\":{\"@id\":\"https:\\\/\\\/mfinox.com\\\/de\\\/#organization\"},\"potentialAction\":[{\"@type\":\"SearchAction\",\"target\":{\"@type\":\"EntryPoint\",\"urlTemplate\":\"https:\\\/\\\/mfinox.com\\\/de\\\/?s={search_term_string}\"},\"query-input\":{\"@type\":\"PropertyValueSpecification\",\"valueRequired\":true,\"valueName\":\"search_term_string\"}}],\"inLanguage\":\"de\"},{\"@type\":\"Organization\",\"@id\":\"https:\\\/\\\/mfinox.com\\\/de\\\/#organization\",\"name\":\"M.F. INOX\",\"url\":\"https:\\\/\\\/mfinox.com\\\/de\\\/\",\"logo\":{\"@type\":\"ImageObject\",\"inLanguage\":\"de\",\"@id\":\"https:\\\/\\\/mfinox.com\\\/de\\\/#\\\/schema\\\/logo\\\/image\\\/\",\"url\":\"https:\\\/\\\/mfinox.com\\\/wp-content\\\/uploads\\\/2024\\\/05\\\/mf-inox_logo_neg.png\",\"contentUrl\":\"https:\\\/\\\/mfinox.com\\\/wp-content\\\/uploads\\\/2024\\\/05\\\/mf-inox_logo_neg.png\",\"width\":1949,\"height\":662,\"caption\":\"M.F. INOX\"},\"image\":{\"@id\":\"https:\\\/\\\/mfinox.com\\\/de\\\/#\\\/schema\\\/logo\\\/image\\\/\"}}]}<\/script>\n<!-- \/ Yoast SEO plugin. -->","yoast_head_json":{"title":"Werkstoff 1.4057 AISI 431 UNS S43100 - M.F. INOX","robots":{"index":"index","follow":"follow","max-snippet":"max-snippet:-1","max-image-preview":"max-image-preview:large","max-video-preview":"max-video-preview:-1"},"canonical":"https:\/\/mfinox.com\/de\/materialien\/werkstoff-1-4057-aisi-431-uns-s43100\/","og_locale":"de_DE","og_type":"article","og_title":"Werkstoff 1.4057 AISI 431 UNS S43100 - M.F. INOX","og_description":"Werkstoff 1.4057 AISI 431 UNS S43100 Der martensitische rostfreie Stahl Werkstoff 1.4057 AISI 431 UNS S43100 hat die Besonderheit, dass er h\u00e4rtbar ist und unter den rostfreien St\u00e4hlen eine h\u00f6here mechanische Festigkeit und Erm\u00fcdungsfestigkeit in Verbindung mit Korrosionsbest\u00e4ndigkeit bietet als reine Chromst\u00e4hle. Er ist die wirtschaftlichste L\u00f6sung f\u00fcr hochfeste Befestigungssysteme f\u00fcr korrosive Anwendungen. Die Norm [&hellip;]","og_url":"https:\/\/mfinox.com\/de\/materialien\/werkstoff-1-4057-aisi-431-uns-s43100\/","og_site_name":"M.F. INOX","article_modified_time":"2024-09-06T10:21:10+00:00","twitter_card":"summary_large_image","twitter_misc":{"Gesch\u00e4tzte Lesezeit":"1\u00a0Minute"},"schema":{"@context":"https:\/\/schema.org","@graph":[{"@type":"WebPage","@id":"https:\/\/mfinox.com\/de\/materialien\/werkstoff-1-4057-aisi-431-uns-s43100\/","url":"https:\/\/mfinox.com\/de\/materialien\/werkstoff-1-4057-aisi-431-uns-s43100\/","name":"Werkstoff 1.4057 AISI 431 UNS S43100 - M.F. INOX","isPartOf":{"@id":"https:\/\/mfinox.com\/de\/#website"},"datePublished":"2024-06-04T11:45:19+00:00","dateModified":"2024-09-06T10:21:10+00:00","breadcrumb":{"@id":"https:\/\/mfinox.com\/de\/materialien\/werkstoff-1-4057-aisi-431-uns-s43100\/#breadcrumb"},"inLanguage":"de","potentialAction":[{"@type":"ReadAction","target":["https:\/\/mfinox.com\/de\/materialien\/werkstoff-1-4057-aisi-431-uns-s43100\/"]}]},{"@type":"BreadcrumbList","@id":"https:\/\/mfinox.com\/de\/materialien\/werkstoff-1-4057-aisi-431-uns-s43100\/#breadcrumb","itemListElement":[{"@type":"ListItem","position":1,"name":"Home","item":"https:\/\/mfinox.com\/de\/"},{"@type":"ListItem","position":2,"name":"Materialien","item":"https:\/\/mfinox.com\/de\/materialien\/"},{"@type":"ListItem","position":3,"name":"Werkstoff 1.4057 AISI 431 UNS S43100"}]},{"@type":"WebSite","@id":"https:\/\/mfinox.com\/de\/#website","url":"https:\/\/mfinox.com\/de\/","name":"M.F. INOX","description":"","publisher":{"@id":"https:\/\/mfinox.com\/de\/#organization"},"potentialAction":[{"@type":"SearchAction","target":{"@type":"EntryPoint","urlTemplate":"https:\/\/mfinox.com\/de\/?s={search_term_string}"},"query-input":{"@type":"PropertyValueSpecification","valueRequired":true,"valueName":"search_term_string"}}],"inLanguage":"de"},{"@type":"Organization","@id":"https:\/\/mfinox.com\/de\/#organization","name":"M.F. INOX","url":"https:\/\/mfinox.com\/de\/","logo":{"@type":"ImageObject","inLanguage":"de","@id":"https:\/\/mfinox.com\/de\/#\/schema\/logo\/image\/","url":"https:\/\/mfinox.com\/wp-content\/uploads\/2024\/05\/mf-inox_logo_neg.png","contentUrl":"https:\/\/mfinox.com\/wp-content\/uploads\/2024\/05\/mf-inox_logo_neg.png","width":1949,"height":662,"caption":"M.F. INOX"},"image":{"@id":"https:\/\/mfinox.com\/de\/#\/schema\/logo\/image\/"}}]}},"_links":{"self":[{"href":"https:\/\/mfinox.com\/de\/wp-json\/wp\/v2\/pages\/5993","targetHints":{"allow":["GET"]}}],"collection":[{"href":"https:\/\/mfinox.com\/de\/wp-json\/wp\/v2\/pages"}],"about":[{"href":"https:\/\/mfinox.com\/de\/wp-json\/wp\/v2\/types\/page"}],"author":[{"embeddable":true,"href":"https:\/\/mfinox.com\/de\/wp-json\/wp\/v2\/users\/1"}],"replies":[{"embeddable":true,"href":"https:\/\/mfinox.com\/de\/wp-json\/wp\/v2\/comments?post=5993"}],"version-history":[{"count":0,"href":"https:\/\/mfinox.com\/de\/wp-json\/wp\/v2\/pages\/5993\/revisions"}],"up":[{"embeddable":true,"href":"https:\/\/mfinox.com\/de\/wp-json\/wp\/v2\/pages\/4508"}],"wp:attachment":[{"href":"https:\/\/mfinox.com\/de\/wp-json\/wp\/v2\/media?parent=5993"}],"curies":[{"name":"wp","href":"https:\/\/api.w.org\/{rel}","templated":true}]}}