{"id":5977,"date":"2024-06-11T16:36:45","date_gmt":"2024-06-11T16:36:45","guid":{"rendered":"https:\/\/mfinox.com\/unterlegscheiben\/"},"modified":"2024-09-06T10:24:22","modified_gmt":"2024-09-06T10:24:22","slug":"unterlegscheiben","status":"publish","type":"page","link":"https:\/\/mfinox.com\/de\/produkte\/unterlegscheiben\/","title":{"rendered":"Unterlegscheiben"},"content":{"rendered":"\t\t<div data-elementor-type=\"wp-page\" data-elementor-id=\"5977\" class=\"elementor elementor-5977 elementor-1838\" data-elementor-post-type=\"page\">\n\t\t\t\t<div class=\"elementor-element elementor-element-7b87a266 e-flex e-con-boxed e-con e-parent\" data-id=\"7b87a266\" data-element_type=\"container\" data-e-type=\"container\" data-settings=\"{&quot;background_background&quot;:&quot;classic&quot;}\">\n\t\t\t\t\t<div class=\"e-con-inner\">\n\t\t\t\t<div class=\"elementor-element elementor-element-81f574 elementor-invisible elementor-widget elementor-widget-heading\" data-id=\"81f574\" data-element_type=\"widget\" data-e-type=\"widget\" data-settings=\"{&quot;_animation&quot;:&quot;fadeIn&quot;}\" data-widget_type=\"heading.default\">\n\t\t\t\t<div class=\"elementor-widget-container\">\n\t\t\t\t\t<h1 class=\"elementor-heading-title elementor-size-default\">Unterlegscheiben<\/h1>\t\t\t\t<\/div>\n\t\t\t\t<\/div>\n\t\t\t\t<div class=\"elementor-element elementor-element-540553d4 elementor-invisible elementor-widget elementor-widget-shortcode\" data-id=\"540553d4\" data-element_type=\"widget\" data-e-type=\"widget\" data-settings=\"{&quot;_animation&quot;:&quot;fadeIn&quot;}\" data-widget_type=\"shortcode.default\">\n\t\t\t\t<div class=\"elementor-widget-container\">\n\t\t\t\t\t\t\t<div class=\"elementor-shortcode\"><nav aria-label=\"breadcrumb\"><div class=\"breadcrumb\"><span class=\"breadcrumb-item\"><a href=\"https:\/\/mfinox.com\/de\/\" style=\"color: #F3912E;\">Home<\/a><\/span><\/div><\/nav><\/div>\n\t\t\t\t\t\t<\/div>\n\t\t\t\t<\/div>\n\t\t\t\t\t<\/div>\n\t\t\t\t<\/div>\n\t\t<div class=\"elementor-element elementor-element-9bcc3a1 e-flex e-con-boxed elementor-invisible e-con e-parent\" data-id=\"9bcc3a1\" data-element_type=\"container\" data-e-type=\"container\" data-settings=\"{&quot;animation&quot;:&quot;fadeInUp&quot;}\">\n\t\t\t\t\t<div class=\"e-con-inner\">\n\t\t\t\t<div class=\"elementor-element elementor-element-222376bc elementor-widget elementor-widget-text-editor\" data-id=\"222376bc\" data-element_type=\"widget\" data-e-type=\"widget\" data-widget_type=\"text-editor.default\">\n\t\t\t\t<div class=\"elementor-widget-container\">\n\t\t\t\t\t\t\t\t\t<p>Die Unterlegscheiben aus rostfreiem Stahl von MF INOX werden unter Einhaltung der wichtigsten internationalen Normen hergestellt, um maximale Korrosionsbest\u00e4ndigkeit und Haltbarkeit zu gew\u00e4hrleisten.<\/p>\n<p>Sie sind in verschiedenen Gr\u00f6\u00dfen und Dicken erh\u00e4ltlich, um verschiedenen Befestigungsanforderungen gerecht zu werden.<\/p>\n<p><\/p>\n<h2>Hauptmerkmale<\/h2>\n<ul>\n<li><strong>Korrosionsbest\u00e4ndigkeit:<\/strong> Perfekt f\u00fcr aggressive Umgebungen und ung\u00fcnstige Wetterbedingungen.<\/li>\n<li><strong>Langlebigkeit:<\/strong> Hochwertige Materialien sorgen f\u00fcr eine lange Nutzungsdauer.<\/li>\n<li><strong>Vielseitigkeit:<\/strong> Erh\u00e4ltlich in verschiedenen Formen und Gr\u00f6\u00dfen f\u00fcr eine breite Palette von Befestigungsanwendungen.<\/li>\n<\/ul>\n<h2>Materialien<\/h2>\n<p>Unsere Waschmaschinen werden aus hochwertigen Materialien hergestellt, um eine optimale Leistung unter verschiedenen Betriebsbedingungen zu gew\u00e4hrleisten:<\/p>\n<ul>\n<li><strong>Rostfreie St\u00e4hle:<\/strong> bieten eine hervorragende Korrosionsbest\u00e4ndigkeit und sind ideal f\u00fcr Anwendungen in der Schifffahrt, Chemie und Industrie.<\/li>\n<li><strong>Duplex- und Super-Duplex-St\u00e4hle:<\/strong> Diese St\u00e4hle vereinen hohe mechanische Festigkeit mit au\u00dfergew\u00f6hnlicher Korrosionsbest\u00e4ndigkeit und eignen sich besonders f\u00fcr den Einsatz in der Schifffahrt und in chemischen Anwendungen.<\/li>\n<li><strong>Nickellegierungen:<\/strong> bieten eine hervorragende Best\u00e4ndigkeit gegen Korrosion und hohe Temperaturen, perfekt f\u00fcr extrem aggressive Umgebungen.<\/li>\n<li>Titan<strong>:<\/strong> Titan ist f\u00fcr seine Leichtigkeit und St\u00e4rke bekannt und bietet eine au\u00dfergew\u00f6hnliche Korrosionsbest\u00e4ndigkeit, ideal f\u00fcr die Luft- und Raumfahrt und medizinische Anwendungen.<\/li>\n<\/ul>\n<h2>Arten von Unterlegscheiben<\/h2>\n<p>Entdecken Sie unser Angebot an Waschmaschinen:<\/p>\n<p><\/p>\n<table class=\"responsive-table\">\n<thead>\n<tr>\n<th>DIN<\/th><th>ISO<\/th><th>NFE<\/th><th>ANSI<\/th><th>UNI<\/th>\n<\/tr>\n<\/thead>\n<tbody>\n<tr>\n<td>125<\/td><td>7089<\/td><td>25513<\/td><td>B18.22.1<\/td><td>6592<\/td>\n<\/tr>\n<tr>\n<td>126<\/td><td>7090<\/td><td>25115<\/td><td>B18.21.1<\/td><td>6593<\/td>\n<\/tr>\n<tr>\n<td>127<\/td><td>7092<\/td><td>25514<\/td>\n<td>&nbsp;<\/td>\n<td>&nbsp;<\/td>\n<\/tr>\n<tr>\n<td>1751<\/td>\n<td>&nbsp;<\/td>\n<td>&nbsp;<\/td>\n<td>&nbsp;<\/td>\n<td>&nbsp;<\/td>\n<\/tr>\n<tr>\n<td>9021<\/td><td>7093<\/td><td>27711<\/td>\n<td>&nbsp;<\/td>\n<td>&nbsp;<\/td>\n<\/tr>\n<tr>\n<td>5714<\/td>\n<td>&nbsp;<\/td>\n<td>&nbsp;<\/td>\n<td>&nbsp;<\/td>\n<td>&nbsp;<\/td>\n<\/tr>\n<tr>\n<td>6916<\/td><td>&nbsp;<\/td><td>25513<\/td><td>&nbsp;<\/td><td>&nbsp;<\/td>\n<\/tr>\n<tr>\n<td>6600<\/td><td>&nbsp;<\/td><td>25514<\/td><td>&nbsp;<\/td><td>&nbsp;<\/td>\n<\/tr>\n<tr>\n<td>463<\/td>\n<td>&nbsp;<\/td>\n<td>&nbsp;<\/td>\n<td>&nbsp;<\/td>\n<td>&nbsp;<\/td>\n<\/tr>\n<tr>\n<td>433<\/td>\n<td>&nbsp;<\/td>\n<td>&nbsp;<\/td>\n<td>&nbsp;<\/td>\n<td>&nbsp;<\/td>\n<\/tr>\n<tr>\n<td>436<\/td>\n<td>&nbsp;<\/td>\n<td>&nbsp;<\/td>\n<td>&nbsp;<\/td>\n<td>&nbsp;<\/td>\n<\/tr>\n<tr>\n<td>7989<\/td>\n<td>&nbsp;<\/td>\n<td>&nbsp;<\/td>\n<td>&nbsp;<\/td>\n<td>&nbsp;<\/td>\n<\/tr>\n<\/tbody>\n<\/table>\n<h2>Referenzstandards:<\/h2>\n<ul>\n<li><strong>ISO 3506<\/strong><\/li>\n<li><strong>DE 898<\/strong><\/li>\n<li><strong>NACE MR0103\/0175<\/strong><\/li>\n<\/ul>\n<p><\/p>\t\t\t\t\t\t\t\t<\/div>\n\t\t\t\t<\/div>\n\t\t\t\t\t<\/div>\n\t\t\t\t<\/div>\n\t\t<div class=\"elementor-element elementor-element-354de40 e-flex e-con-boxed e-con e-parent\" data-id=\"354de40\" data-element_type=\"container\" data-e-type=\"container\">\n\t\t\t\t\t<div class=\"e-con-inner\">\n\t\t\t\t<div class=\"elementor-element elementor-element-fb5ba20 elementor-widget elementor-widget-shortcode\" data-id=\"fb5ba20\" data-element_type=\"widget\" data-e-type=\"widget\" data-widget_type=\"shortcode.default\">\n\t\t\t\t<div class=\"elementor-widget-container\">\n\t\t\t\t\t\t\t<div class=\"elementor-shortcode\">\t\t<div data-elementor-type=\"section\" data-elementor-id=\"3064\" class=\"elementor elementor-3064\" data-elementor-post-type=\"elementor_library\">\n\t\t\t<div class=\"elementor-element elementor-element-41265a3 e-flex e-con-boxed e-con e-parent\" data-id=\"41265a3\" data-element_type=\"container\" data-e-type=\"container\">\n\t\t\t\t\t<div class=\"e-con-inner\">\n\t\t\t\t<div class=\"elementor-element elementor-element-bcf5082 elementor-widget elementor-widget-shortcode\" data-id=\"bcf5082\" data-element_type=\"widget\" data-e-type=\"widget\" data-widget_type=\"shortcode.default\">\n\t\t\t\t<div class=\"elementor-widget-container\">\n\t\t\t\t\t\t\t<div class=\"elementor-shortcode\">\t\t<div data-elementor-type=\"section\" data-elementor-id=\"1050\" class=\"elementor elementor-1050\" data-elementor-post-type=\"elementor_library\">\n\t\t\t<div class=\"elementor-element elementor-element-44c4cce e-flex e-con-boxed e-con e-parent\" data-id=\"44c4cce\" data-element_type=\"container\" data-e-type=\"container\">\n\t\t\t\t\t<div class=\"e-con-inner\">\n\t\t\t\t<div class=\"elementor-element elementor-element-f4915f6 elementor-align-center elementor-widget elementor-widget-button\" data-id=\"f4915f6\" data-element_type=\"widget\" data-e-type=\"widget\" data-widget_type=\"button.default\">\n\t\t\t\t<div class=\"elementor-widget-container\">\n\t\t\t\t\t\t\t\t\t<div class=\"elementor-button-wrapper\">\n\t\t\t\t\t<a class=\"elementor-button elementor-button-link elementor-size-sm\" href=\"https:\/\/mfinox.com\/contatti\/\">\n\t\t\t\t\t\t<span class=\"elementor-button-content-wrapper\">\n\t\t\t\t\t\t\t\t\t<span class=\"elementor-button-text\">Contattaci<\/span>\n\t\t\t\t\t<\/span>\n\t\t\t\t\t<\/a>\n\t\t\t\t<\/div>\n\t\t\t\t\t\t\t\t<\/div>\n\t\t\t\t<\/div>\n\t\t\t\t\t<\/div>\n\t\t\t\t<\/div>\n\t\t\t\t<\/div>\n\t\t<\/div>\n\t\t\t\t\t\t<\/div>\n\t\t\t\t<\/div>\n\t\t\t\t\t<\/div>\n\t\t\t\t<\/div>\n\t\t\t\t<\/div>\n\t\t<\/div>\n\t\t\t\t\t\t<\/div>\n\t\t\t\t<\/div>\n\t\t\t\t\t<\/div>\n\t\t\t\t<\/div>\n\t\t\t\t<\/div>\n\t\t","protected":false},"excerpt":{"rendered":"<p>Unterlegscheiben Die Unterlegscheiben aus rostfreiem Stahl von MF INOX werden unter Einhaltung der wichtigsten internationalen Normen hergestellt, um maximale Korrosionsbest\u00e4ndigkeit und Haltbarkeit zu gew\u00e4hrleisten. Sie sind in verschiedenen Gr\u00f6\u00dfen und Dicken erh\u00e4ltlich, um verschiedenen Befestigungsanforderungen gerecht zu werden. Hauptmerkmale Korrosionsbest\u00e4ndigkeit: Perfekt f\u00fcr aggressive Umgebungen und ung\u00fcnstige Wetterbedingungen. Langlebigkeit: Hochwertige Materialien sorgen f\u00fcr eine lange Nutzungsdauer. [&hellip;]<\/p>\n","protected":false},"author":1,"featured_media":0,"parent":6018,"menu_order":0,"comment_status":"closed","ping_status":"closed","template":"","meta":{"footnotes":""},"class_list":["post-5977","page","type-page","status-publish","hentry"],"yoast_head":"<!-- This site is optimized with the Yoast SEO plugin v27.6 - https:\/\/yoast.com\/product\/yoast-seo-wordpress\/ -->\n<title>Unterlegscheiben - M.F. INOX<\/title>\n<meta name=\"robots\" content=\"index, follow, max-snippet:-1, max-image-preview:large, max-video-preview:-1\" \/>\n<link rel=\"canonical\" href=\"https:\/\/mfinox.com\/de\/produkte\/unterlegscheiben\/\" \/>\n<meta property=\"og:locale\" content=\"de_DE\" \/>\n<meta property=\"og:type\" content=\"article\" \/>\n<meta property=\"og:title\" content=\"Unterlegscheiben - M.F. INOX\" \/>\n<meta property=\"og:description\" content=\"Unterlegscheiben Die Unterlegscheiben aus rostfreiem Stahl von MF INOX werden unter Einhaltung der wichtigsten internationalen Normen hergestellt, um maximale Korrosionsbest\u00e4ndigkeit und Haltbarkeit zu gew\u00e4hrleisten. Sie sind in verschiedenen Gr\u00f6\u00dfen und Dicken erh\u00e4ltlich, um verschiedenen Befestigungsanforderungen gerecht zu werden. Hauptmerkmale Korrosionsbest\u00e4ndigkeit: Perfekt f\u00fcr aggressive Umgebungen und ung\u00fcnstige Wetterbedingungen. Langlebigkeit: Hochwertige Materialien sorgen f\u00fcr eine lange Nutzungsdauer. [&hellip;]\" \/>\n<meta property=\"og:url\" content=\"https:\/\/mfinox.com\/de\/produkte\/unterlegscheiben\/\" \/>\n<meta property=\"og:site_name\" content=\"M.F. INOX\" \/>\n<meta property=\"article:modified_time\" content=\"2024-09-06T10:24:22+00:00\" \/>\n<meta name=\"twitter:card\" content=\"summary_large_image\" \/>\n<meta name=\"twitter:label1\" content=\"Gesch\u00e4tzte Lesezeit\" \/>\n\t<meta name=\"twitter:data1\" content=\"1\u00a0Minute\" \/>\n<script type=\"application\/ld+json\" class=\"yoast-schema-graph\">{\"@context\":\"https:\\\/\\\/schema.org\",\"@graph\":[{\"@type\":\"WebPage\",\"@id\":\"https:\\\/\\\/mfinox.com\\\/de\\\/produkte\\\/unterlegscheiben\\\/\",\"url\":\"https:\\\/\\\/mfinox.com\\\/de\\\/produkte\\\/unterlegscheiben\\\/\",\"name\":\"Unterlegscheiben - M.F. INOX\",\"isPartOf\":{\"@id\":\"https:\\\/\\\/mfinox.com\\\/de\\\/#website\"},\"datePublished\":\"2024-06-11T16:36:45+00:00\",\"dateModified\":\"2024-09-06T10:24:22+00:00\",\"breadcrumb\":{\"@id\":\"https:\\\/\\\/mfinox.com\\\/de\\\/produkte\\\/unterlegscheiben\\\/#breadcrumb\"},\"inLanguage\":\"de\",\"potentialAction\":[{\"@type\":\"ReadAction\",\"target\":[\"https:\\\/\\\/mfinox.com\\\/de\\\/produkte\\\/unterlegscheiben\\\/\"]}]},{\"@type\":\"BreadcrumbList\",\"@id\":\"https:\\\/\\\/mfinox.com\\\/de\\\/produkte\\\/unterlegscheiben\\\/#breadcrumb\",\"itemListElement\":[{\"@type\":\"ListItem\",\"position\":1,\"name\":\"Home\",\"item\":\"https:\\\/\\\/mfinox.com\\\/de\\\/\"},{\"@type\":\"ListItem\",\"position\":2,\"name\":\"Produkte\",\"item\":\"https:\\\/\\\/mfinox.com\\\/de\\\/produkte\\\/\"},{\"@type\":\"ListItem\",\"position\":3,\"name\":\"Unterlegscheiben\"}]},{\"@type\":\"WebSite\",\"@id\":\"https:\\\/\\\/mfinox.com\\\/de\\\/#website\",\"url\":\"https:\\\/\\\/mfinox.com\\\/de\\\/\",\"name\":\"M.F. INOX\",\"description\":\"\",\"publisher\":{\"@id\":\"https:\\\/\\\/mfinox.com\\\/de\\\/#organization\"},\"potentialAction\":[{\"@type\":\"SearchAction\",\"target\":{\"@type\":\"EntryPoint\",\"urlTemplate\":\"https:\\\/\\\/mfinox.com\\\/de\\\/?s={search_term_string}\"},\"query-input\":{\"@type\":\"PropertyValueSpecification\",\"valueRequired\":true,\"valueName\":\"search_term_string\"}}],\"inLanguage\":\"de\"},{\"@type\":\"Organization\",\"@id\":\"https:\\\/\\\/mfinox.com\\\/de\\\/#organization\",\"name\":\"M.F. INOX\",\"url\":\"https:\\\/\\\/mfinox.com\\\/de\\\/\",\"logo\":{\"@type\":\"ImageObject\",\"inLanguage\":\"de\",\"@id\":\"https:\\\/\\\/mfinox.com\\\/de\\\/#\\\/schema\\\/logo\\\/image\\\/\",\"url\":\"https:\\\/\\\/mfinox.com\\\/wp-content\\\/uploads\\\/2024\\\/05\\\/mf-inox_logo_neg.png\",\"contentUrl\":\"https:\\\/\\\/mfinox.com\\\/wp-content\\\/uploads\\\/2024\\\/05\\\/mf-inox_logo_neg.png\",\"width\":1949,\"height\":662,\"caption\":\"M.F. INOX\"},\"image\":{\"@id\":\"https:\\\/\\\/mfinox.com\\\/de\\\/#\\\/schema\\\/logo\\\/image\\\/\"}}]}<\/script>\n<!-- \/ Yoast SEO plugin. -->","yoast_head_json":{"title":"Unterlegscheiben - M.F. INOX","robots":{"index":"index","follow":"follow","max-snippet":"max-snippet:-1","max-image-preview":"max-image-preview:large","max-video-preview":"max-video-preview:-1"},"canonical":"https:\/\/mfinox.com\/de\/produkte\/unterlegscheiben\/","og_locale":"de_DE","og_type":"article","og_title":"Unterlegscheiben - M.F. INOX","og_description":"Unterlegscheiben Die Unterlegscheiben aus rostfreiem Stahl von MF INOX werden unter Einhaltung der wichtigsten internationalen Normen hergestellt, um maximale Korrosionsbest\u00e4ndigkeit und Haltbarkeit zu gew\u00e4hrleisten. Sie sind in verschiedenen Gr\u00f6\u00dfen und Dicken erh\u00e4ltlich, um verschiedenen Befestigungsanforderungen gerecht zu werden. Hauptmerkmale Korrosionsbest\u00e4ndigkeit: Perfekt f\u00fcr aggressive Umgebungen und ung\u00fcnstige Wetterbedingungen. Langlebigkeit: Hochwertige Materialien sorgen f\u00fcr eine lange Nutzungsdauer. [&hellip;]","og_url":"https:\/\/mfinox.com\/de\/produkte\/unterlegscheiben\/","og_site_name":"M.F. INOX","article_modified_time":"2024-09-06T10:24:22+00:00","twitter_card":"summary_large_image","twitter_misc":{"Gesch\u00e4tzte Lesezeit":"1\u00a0Minute"},"schema":{"@context":"https:\/\/schema.org","@graph":[{"@type":"WebPage","@id":"https:\/\/mfinox.com\/de\/produkte\/unterlegscheiben\/","url":"https:\/\/mfinox.com\/de\/produkte\/unterlegscheiben\/","name":"Unterlegscheiben - M.F. INOX","isPartOf":{"@id":"https:\/\/mfinox.com\/de\/#website"},"datePublished":"2024-06-11T16:36:45+00:00","dateModified":"2024-09-06T10:24:22+00:00","breadcrumb":{"@id":"https:\/\/mfinox.com\/de\/produkte\/unterlegscheiben\/#breadcrumb"},"inLanguage":"de","potentialAction":[{"@type":"ReadAction","target":["https:\/\/mfinox.com\/de\/produkte\/unterlegscheiben\/"]}]},{"@type":"BreadcrumbList","@id":"https:\/\/mfinox.com\/de\/produkte\/unterlegscheiben\/#breadcrumb","itemListElement":[{"@type":"ListItem","position":1,"name":"Home","item":"https:\/\/mfinox.com\/de\/"},{"@type":"ListItem","position":2,"name":"Produkte","item":"https:\/\/mfinox.com\/de\/produkte\/"},{"@type":"ListItem","position":3,"name":"Unterlegscheiben"}]},{"@type":"WebSite","@id":"https:\/\/mfinox.com\/de\/#website","url":"https:\/\/mfinox.com\/de\/","name":"M.F. INOX","description":"","publisher":{"@id":"https:\/\/mfinox.com\/de\/#organization"},"potentialAction":[{"@type":"SearchAction","target":{"@type":"EntryPoint","urlTemplate":"https:\/\/mfinox.com\/de\/?s={search_term_string}"},"query-input":{"@type":"PropertyValueSpecification","valueRequired":true,"valueName":"search_term_string"}}],"inLanguage":"de"},{"@type":"Organization","@id":"https:\/\/mfinox.com\/de\/#organization","name":"M.F. INOX","url":"https:\/\/mfinox.com\/de\/","logo":{"@type":"ImageObject","inLanguage":"de","@id":"https:\/\/mfinox.com\/de\/#\/schema\/logo\/image\/","url":"https:\/\/mfinox.com\/wp-content\/uploads\/2024\/05\/mf-inox_logo_neg.png","contentUrl":"https:\/\/mfinox.com\/wp-content\/uploads\/2024\/05\/mf-inox_logo_neg.png","width":1949,"height":662,"caption":"M.F. INOX"},"image":{"@id":"https:\/\/mfinox.com\/de\/#\/schema\/logo\/image\/"}}]}},"_links":{"self":[{"href":"https:\/\/mfinox.com\/de\/wp-json\/wp\/v2\/pages\/5977","targetHints":{"allow":["GET"]}}],"collection":[{"href":"https:\/\/mfinox.com\/de\/wp-json\/wp\/v2\/pages"}],"about":[{"href":"https:\/\/mfinox.com\/de\/wp-json\/wp\/v2\/types\/page"}],"author":[{"embeddable":true,"href":"https:\/\/mfinox.com\/de\/wp-json\/wp\/v2\/users\/1"}],"replies":[{"embeddable":true,"href":"https:\/\/mfinox.com\/de\/wp-json\/wp\/v2\/comments?post=5977"}],"version-history":[{"count":0,"href":"https:\/\/mfinox.com\/de\/wp-json\/wp\/v2\/pages\/5977\/revisions"}],"up":[{"embeddable":true,"href":"https:\/\/mfinox.com\/de\/wp-json\/wp\/v2\/pages\/6018"}],"wp:attachment":[{"href":"https:\/\/mfinox.com\/de\/wp-json\/wp\/v2\/media?parent=5977"}],"curies":[{"name":"wp","href":"https:\/\/api.w.org\/{rel}","templated":true}]}}