{"id":5964,"date":"2024-06-11T16:34:12","date_gmt":"2024-06-11T16:34:12","guid":{"rendered":"https:\/\/mfinox.com\/nuesse\/"},"modified":"2024-09-06T10:24:22","modified_gmt":"2024-09-06T10:24:22","slug":"nuesse","status":"publish","type":"page","link":"https:\/\/mfinox.com\/de\/produkte\/nuesse\/","title":{"rendered":"N\u00fcsse"},"content":{"rendered":"\t\t<div data-elementor-type=\"wp-page\" data-elementor-id=\"5964\" class=\"elementor elementor-5964 elementor-1836\" data-elementor-post-type=\"page\">\n\t\t\t\t<div class=\"elementor-element elementor-element-52fbfd6d e-flex e-con-boxed e-con e-parent\" data-id=\"52fbfd6d\" data-element_type=\"container\" data-e-type=\"container\" data-settings=\"{&quot;background_background&quot;:&quot;classic&quot;}\">\n\t\t\t\t\t<div class=\"e-con-inner\">\n\t\t\t\t<div class=\"elementor-element elementor-element-55bd7916 elementor-invisible elementor-widget elementor-widget-heading\" data-id=\"55bd7916\" data-element_type=\"widget\" data-e-type=\"widget\" data-settings=\"{&quot;_animation&quot;:&quot;fadeIn&quot;}\" data-widget_type=\"heading.default\">\n\t\t\t\t<div class=\"elementor-widget-container\">\n\t\t\t\t\t<h1 class=\"elementor-heading-title elementor-size-default\">N\u00fcsse<\/h1>\t\t\t\t<\/div>\n\t\t\t\t<\/div>\n\t\t\t\t<div class=\"elementor-element elementor-element-c90bd44 elementor-invisible elementor-widget elementor-widget-shortcode\" data-id=\"c90bd44\" data-element_type=\"widget\" data-e-type=\"widget\" data-settings=\"{&quot;_animation&quot;:&quot;fadeIn&quot;}\" data-widget_type=\"shortcode.default\">\n\t\t\t\t<div class=\"elementor-widget-container\">\n\t\t\t\t\t\t\t<div class=\"elementor-shortcode\"><nav aria-label=\"breadcrumb\"><div class=\"breadcrumb\"><span class=\"breadcrumb-item\"><a href=\"https:\/\/mfinox.com\/de\/\" style=\"color: #F3912E;\">Home<\/a><\/span><\/div><\/nav><\/div>\n\t\t\t\t\t\t<\/div>\n\t\t\t\t<\/div>\n\t\t\t\t\t<\/div>\n\t\t\t\t<\/div>\n\t\t<div class=\"elementor-element elementor-element-37d68f73 e-flex e-con-boxed elementor-invisible e-con e-parent\" data-id=\"37d68f73\" data-element_type=\"container\" data-e-type=\"container\" data-settings=\"{&quot;animation&quot;:&quot;fadeInUp&quot;}\">\n\t\t\t\t\t<div class=\"e-con-inner\">\n\t\t\t\t<div class=\"elementor-element elementor-element-178ad971 elementor-widget elementor-widget-text-editor\" data-id=\"178ad971\" data-element_type=\"widget\" data-e-type=\"widget\" data-widget_type=\"text-editor.default\">\n\t\t\t\t<div class=\"elementor-widget-container\">\n\t\t\t\t\t\t\t\t\t<p>Unsere warmgeschmiedeten oder bearbeiteten Muttern aus Duplex-, Super Duplex-, Nickel- und Titanlegierungen sind die ideale Wahl f\u00fcr Ihre kritischsten Anwendungen, insbesondere in korrosionsbest\u00e4ndigen Umgebungen, wie sie f\u00fcr die Energie-, Marine-, Unterwasser-, Infrastruktur- sowie \u00d6l- und Gasindustrie typisch sind.<\/p>\n<\/p>\n<h2>Einhaltung gesetzlicher Vorschriften<\/h2>\n<p>Wir stellen hohe, niedrige und mittlere Sechskantmuttern, hohe und niedrige selbstsichernde Muttern, selbstsichernde Muttern aus Metall mit Grob- und Feingewinde her, alle in \u00dcbereinstimmung mit den wichtigsten internationalen Normen DIN, ISO, NFE, ANSI, UNI, BS, unter denen die wichtigsten sind:<\/p>\n<p><\/p>\n<table class=\"responsive-table\">\n<tbody>\n<tr>\n<th>DIN<\/th>\n<th>ISO<\/th>\n<th>NFE<\/th>\n<th>ANSI<\/th>\n<th>UNI<\/th>\n<th>BS<\/th>\n<\/tr>\n<tr>\n<td>934<\/td>\n<td>4032<\/td>\n<td>25401<\/td>\n<td>B 18.2.2<\/td>\n<td>5588<\/td>\n<td>3692<\/td>\n<\/tr>\n<tr>\n<td>439<\/td>\n<td>4033<\/td>\n<td>25402<\/td>\n<td> <\/td>\n<td>5589<\/td>\n<td> <\/td>\n<\/tr>\n<tr>\n<td>936<\/td>\n<td>4035<\/td>\n<td>25405<\/td>\n<td> <\/td>\n<td>5590<\/td>\n<td> <\/td>\n<\/tr>\n<tr>\n<td>2510<\/td>\n<td>10511<\/td>\n<td>24032<\/td>\n<td> <\/td>\n<td>5587<\/td>\n<td> <\/td>\n<\/tr>\n<tr>\n<td>982<\/td>\n<td>10512<\/td>\n<td>24035<\/td>\n<td> <\/td>\n<td>5713<\/td>\n<td> <\/td>\n<\/tr>\n<tr>\n<td>985<\/td>\n<td>7042<\/td>\n<td>25405<\/td>\n<td> <\/td>\n<td> <\/td>\n<td> <\/td>\n<\/tr>\n<tr>\n<td>980<\/td>\n<td>7040<\/td>\n<td>25125<\/td>\n<td> <\/td>\n<td> <\/td>\n<td> <\/td>\n<\/tr>\n<tr>\n<td>6330<\/td>\n<td>7043<\/td>\n<td>24762<\/td>\n<td> <\/td>\n<td> <\/td>\n<td> <\/td>\n<\/tr>\n<tr>\n<td>6334<\/td>\n<td>7414<\/td>\n<td>27711<\/td>\n<td> <\/td>\n<td> <\/td>\n<td> <\/td>\n<\/tr>\n<tr>\n<td>6915<\/td>\n<td> <\/td>\n<td> <\/td>\n<td> <\/td>\n<td> <\/td>\n<td> <\/td>\n<\/tr>\n<\/tbody>\n<\/table>\n<h2>Normative Referenzen<\/h2>\n<ul>\n<li>ISO 3506-2<\/li>\n<li>DE 898<\/li>\n<li>EN 10269<\/li>\n<li>DIN 2510<\/li>\n<li>UNI 3740<\/li>\n<li>ASTM F468<\/li>\n<li>1993-1-4:2015-10\/EUROCODE 3-ANNEX A CRC-Klasse<\/li>\n<li>NACE MR0103\/0175<\/li>\n<\/ul>\n\t\t\t\t\t\t\t\t<\/div>\n\t\t\t\t<\/div>\n\t\t\t\t\t<\/div>\n\t\t\t\t<\/div>\n\t\t<div class=\"elementor-element elementor-element-1f0146a e-flex e-con-boxed e-con e-parent\" data-id=\"1f0146a\" data-element_type=\"container\" data-e-type=\"container\">\n\t\t\t\t\t<div class=\"e-con-inner\">\n\t\t\t\t<div class=\"elementor-element elementor-element-9d859ff elementor-widget elementor-widget-shortcode\" data-id=\"9d859ff\" data-element_type=\"widget\" data-e-type=\"widget\" data-widget_type=\"shortcode.default\">\n\t\t\t\t<div class=\"elementor-widget-container\">\n\t\t\t\t\t\t\t<div class=\"elementor-shortcode\">\t\t<div data-elementor-type=\"section\" data-elementor-id=\"3064\" class=\"elementor elementor-3064\" data-elementor-post-type=\"elementor_library\">\n\t\t\t<div class=\"elementor-element elementor-element-41265a3 e-flex e-con-boxed e-con e-parent\" data-id=\"41265a3\" data-element_type=\"container\" data-e-type=\"container\">\n\t\t\t\t\t<div class=\"e-con-inner\">\n\t\t\t\t<div class=\"elementor-element elementor-element-bcf5082 elementor-widget elementor-widget-shortcode\" data-id=\"bcf5082\" data-element_type=\"widget\" data-e-type=\"widget\" data-widget_type=\"shortcode.default\">\n\t\t\t\t<div class=\"elementor-widget-container\">\n\t\t\t\t\t\t\t<div class=\"elementor-shortcode\">\t\t<div data-elementor-type=\"section\" data-elementor-id=\"1050\" class=\"elementor elementor-1050\" data-elementor-post-type=\"elementor_library\">\n\t\t\t<div class=\"elementor-element elementor-element-44c4cce e-flex e-con-boxed e-con e-parent\" data-id=\"44c4cce\" data-element_type=\"container\" data-e-type=\"container\">\n\t\t\t\t\t<div class=\"e-con-inner\">\n\t\t\t\t<div class=\"elementor-element elementor-element-f4915f6 elementor-align-center elementor-widget elementor-widget-button\" data-id=\"f4915f6\" data-element_type=\"widget\" data-e-type=\"widget\" data-widget_type=\"button.default\">\n\t\t\t\t<div class=\"elementor-widget-container\">\n\t\t\t\t\t\t\t\t\t<div class=\"elementor-button-wrapper\">\n\t\t\t\t\t<a class=\"elementor-button elementor-button-link elementor-size-sm\" href=\"https:\/\/mfinox.com\/contatti\/\">\n\t\t\t\t\t\t<span class=\"elementor-button-content-wrapper\">\n\t\t\t\t\t\t\t\t\t<span class=\"elementor-button-text\">Contattaci<\/span>\n\t\t\t\t\t<\/span>\n\t\t\t\t\t<\/a>\n\t\t\t\t<\/div>\n\t\t\t\t\t\t\t\t<\/div>\n\t\t\t\t<\/div>\n\t\t\t\t\t<\/div>\n\t\t\t\t<\/div>\n\t\t\t\t<\/div>\n\t\t<\/div>\n\t\t\t\t\t\t<\/div>\n\t\t\t\t<\/div>\n\t\t\t\t\t<\/div>\n\t\t\t\t<\/div>\n\t\t\t\t<\/div>\n\t\t<\/div>\n\t\t\t\t\t\t<\/div>\n\t\t\t\t<\/div>\n\t\t\t\t\t<\/div>\n\t\t\t\t<\/div>\n\t\t\t\t<\/div>\n\t\t","protected":false},"excerpt":{"rendered":"<p>N\u00fcsse Unsere warmgeschmiedeten oder bearbeiteten Muttern aus Duplex-, Super Duplex-, Nickel- und Titanlegierungen sind die ideale Wahl f\u00fcr Ihre kritischsten Anwendungen, insbesondere in korrosionsbest\u00e4ndigen Umgebungen, wie sie f\u00fcr die Energie-, Marine-, Unterwasser-, Infrastruktur- sowie \u00d6l- und Gasindustrie typisch sind. Einhaltung gesetzlicher Vorschriften Wir stellen hohe, niedrige und mittlere Sechskantmuttern, hohe und niedrige selbstsichernde Muttern, selbstsichernde [&hellip;]<\/p>\n","protected":false},"author":1,"featured_media":0,"parent":6018,"menu_order":0,"comment_status":"closed","ping_status":"closed","template":"","meta":{"footnotes":""},"class_list":["post-5964","page","type-page","status-publish","hentry"],"yoast_head":"<!-- This site is optimized with the Yoast SEO plugin v27.4 - https:\/\/yoast.com\/product\/yoast-seo-wordpress\/ -->\n<title>N\u00fcsse - M.F. INOX<\/title>\n<meta name=\"robots\" content=\"index, follow, max-snippet:-1, max-image-preview:large, max-video-preview:-1\" \/>\n<link rel=\"canonical\" href=\"https:\/\/mfinox.com\/de\/produkte\/nuesse\/\" \/>\n<meta property=\"og:locale\" content=\"de_DE\" \/>\n<meta property=\"og:type\" content=\"article\" \/>\n<meta property=\"og:title\" content=\"N\u00fcsse - M.F. INOX\" \/>\n<meta property=\"og:description\" content=\"N\u00fcsse Unsere warmgeschmiedeten oder bearbeiteten Muttern aus Duplex-, Super Duplex-, Nickel- und Titanlegierungen sind die ideale Wahl f\u00fcr Ihre kritischsten Anwendungen, insbesondere in korrosionsbest\u00e4ndigen Umgebungen, wie sie f\u00fcr die Energie-, Marine-, Unterwasser-, Infrastruktur- sowie \u00d6l- und Gasindustrie typisch sind. Einhaltung gesetzlicher Vorschriften Wir stellen hohe, niedrige und mittlere Sechskantmuttern, hohe und niedrige selbstsichernde Muttern, selbstsichernde [&hellip;]\" \/>\n<meta property=\"og:url\" content=\"https:\/\/mfinox.com\/de\/produkte\/nuesse\/\" \/>\n<meta property=\"og:site_name\" content=\"M.F. INOX\" \/>\n<meta property=\"article:modified_time\" content=\"2024-09-06T10:24:22+00:00\" \/>\n<meta name=\"twitter:card\" content=\"summary_large_image\" \/>\n<meta name=\"twitter:label1\" content=\"Gesch\u00e4tzte Lesezeit\" \/>\n\t<meta name=\"twitter:data1\" content=\"1\u00a0Minute\" \/>\n<script type=\"application\/ld+json\" class=\"yoast-schema-graph\">{\"@context\":\"https:\\\/\\\/schema.org\",\"@graph\":[{\"@type\":\"WebPage\",\"@id\":\"https:\\\/\\\/mfinox.com\\\/de\\\/produkte\\\/nuesse\\\/\",\"url\":\"https:\\\/\\\/mfinox.com\\\/de\\\/produkte\\\/nuesse\\\/\",\"name\":\"N\u00fcsse - M.F. INOX\",\"isPartOf\":{\"@id\":\"https:\\\/\\\/mfinox.com\\\/de\\\/#website\"},\"datePublished\":\"2024-06-11T16:34:12+00:00\",\"dateModified\":\"2024-09-06T10:24:22+00:00\",\"breadcrumb\":{\"@id\":\"https:\\\/\\\/mfinox.com\\\/de\\\/produkte\\\/nuesse\\\/#breadcrumb\"},\"inLanguage\":\"de\",\"potentialAction\":[{\"@type\":\"ReadAction\",\"target\":[\"https:\\\/\\\/mfinox.com\\\/de\\\/produkte\\\/nuesse\\\/\"]}]},{\"@type\":\"BreadcrumbList\",\"@id\":\"https:\\\/\\\/mfinox.com\\\/de\\\/produkte\\\/nuesse\\\/#breadcrumb\",\"itemListElement\":[{\"@type\":\"ListItem\",\"position\":1,\"name\":\"Home\",\"item\":\"https:\\\/\\\/mfinox.com\\\/de\\\/\"},{\"@type\":\"ListItem\",\"position\":2,\"name\":\"Produkte\",\"item\":\"https:\\\/\\\/mfinox.com\\\/de\\\/produkte\\\/\"},{\"@type\":\"ListItem\",\"position\":3,\"name\":\"N\u00fcsse\"}]},{\"@type\":\"WebSite\",\"@id\":\"https:\\\/\\\/mfinox.com\\\/de\\\/#website\",\"url\":\"https:\\\/\\\/mfinox.com\\\/de\\\/\",\"name\":\"M.F. INOX\",\"description\":\"\",\"publisher\":{\"@id\":\"https:\\\/\\\/mfinox.com\\\/de\\\/#organization\"},\"potentialAction\":[{\"@type\":\"SearchAction\",\"target\":{\"@type\":\"EntryPoint\",\"urlTemplate\":\"https:\\\/\\\/mfinox.com\\\/de\\\/?s={search_term_string}\"},\"query-input\":{\"@type\":\"PropertyValueSpecification\",\"valueRequired\":true,\"valueName\":\"search_term_string\"}}],\"inLanguage\":\"de\"},{\"@type\":\"Organization\",\"@id\":\"https:\\\/\\\/mfinox.com\\\/de\\\/#organization\",\"name\":\"M.F. INOX\",\"url\":\"https:\\\/\\\/mfinox.com\\\/de\\\/\",\"logo\":{\"@type\":\"ImageObject\",\"inLanguage\":\"de\",\"@id\":\"https:\\\/\\\/mfinox.com\\\/de\\\/#\\\/schema\\\/logo\\\/image\\\/\",\"url\":\"https:\\\/\\\/mfinox.com\\\/wp-content\\\/uploads\\\/2024\\\/05\\\/mf-inox_logo_neg.png\",\"contentUrl\":\"https:\\\/\\\/mfinox.com\\\/wp-content\\\/uploads\\\/2024\\\/05\\\/mf-inox_logo_neg.png\",\"width\":1949,\"height\":662,\"caption\":\"M.F. INOX\"},\"image\":{\"@id\":\"https:\\\/\\\/mfinox.com\\\/de\\\/#\\\/schema\\\/logo\\\/image\\\/\"}}]}<\/script>\n<!-- \/ Yoast SEO plugin. -->","yoast_head_json":{"title":"N\u00fcsse - M.F. INOX","robots":{"index":"index","follow":"follow","max-snippet":"max-snippet:-1","max-image-preview":"max-image-preview:large","max-video-preview":"max-video-preview:-1"},"canonical":"https:\/\/mfinox.com\/de\/produkte\/nuesse\/","og_locale":"de_DE","og_type":"article","og_title":"N\u00fcsse - M.F. INOX","og_description":"N\u00fcsse Unsere warmgeschmiedeten oder bearbeiteten Muttern aus Duplex-, Super Duplex-, Nickel- und Titanlegierungen sind die ideale Wahl f\u00fcr Ihre kritischsten Anwendungen, insbesondere in korrosionsbest\u00e4ndigen Umgebungen, wie sie f\u00fcr die Energie-, Marine-, Unterwasser-, Infrastruktur- sowie \u00d6l- und Gasindustrie typisch sind. Einhaltung gesetzlicher Vorschriften Wir stellen hohe, niedrige und mittlere Sechskantmuttern, hohe und niedrige selbstsichernde Muttern, selbstsichernde [&hellip;]","og_url":"https:\/\/mfinox.com\/de\/produkte\/nuesse\/","og_site_name":"M.F. INOX","article_modified_time":"2024-09-06T10:24:22+00:00","twitter_card":"summary_large_image","twitter_misc":{"Gesch\u00e4tzte Lesezeit":"1\u00a0Minute"},"schema":{"@context":"https:\/\/schema.org","@graph":[{"@type":"WebPage","@id":"https:\/\/mfinox.com\/de\/produkte\/nuesse\/","url":"https:\/\/mfinox.com\/de\/produkte\/nuesse\/","name":"N\u00fcsse - M.F. INOX","isPartOf":{"@id":"https:\/\/mfinox.com\/de\/#website"},"datePublished":"2024-06-11T16:34:12+00:00","dateModified":"2024-09-06T10:24:22+00:00","breadcrumb":{"@id":"https:\/\/mfinox.com\/de\/produkte\/nuesse\/#breadcrumb"},"inLanguage":"de","potentialAction":[{"@type":"ReadAction","target":["https:\/\/mfinox.com\/de\/produkte\/nuesse\/"]}]},{"@type":"BreadcrumbList","@id":"https:\/\/mfinox.com\/de\/produkte\/nuesse\/#breadcrumb","itemListElement":[{"@type":"ListItem","position":1,"name":"Home","item":"https:\/\/mfinox.com\/de\/"},{"@type":"ListItem","position":2,"name":"Produkte","item":"https:\/\/mfinox.com\/de\/produkte\/"},{"@type":"ListItem","position":3,"name":"N\u00fcsse"}]},{"@type":"WebSite","@id":"https:\/\/mfinox.com\/de\/#website","url":"https:\/\/mfinox.com\/de\/","name":"M.F. INOX","description":"","publisher":{"@id":"https:\/\/mfinox.com\/de\/#organization"},"potentialAction":[{"@type":"SearchAction","target":{"@type":"EntryPoint","urlTemplate":"https:\/\/mfinox.com\/de\/?s={search_term_string}"},"query-input":{"@type":"PropertyValueSpecification","valueRequired":true,"valueName":"search_term_string"}}],"inLanguage":"de"},{"@type":"Organization","@id":"https:\/\/mfinox.com\/de\/#organization","name":"M.F. INOX","url":"https:\/\/mfinox.com\/de\/","logo":{"@type":"ImageObject","inLanguage":"de","@id":"https:\/\/mfinox.com\/de\/#\/schema\/logo\/image\/","url":"https:\/\/mfinox.com\/wp-content\/uploads\/2024\/05\/mf-inox_logo_neg.png","contentUrl":"https:\/\/mfinox.com\/wp-content\/uploads\/2024\/05\/mf-inox_logo_neg.png","width":1949,"height":662,"caption":"M.F. INOX"},"image":{"@id":"https:\/\/mfinox.com\/de\/#\/schema\/logo\/image\/"}}]}},"_links":{"self":[{"href":"https:\/\/mfinox.com\/de\/wp-json\/wp\/v2\/pages\/5964","targetHints":{"allow":["GET"]}}],"collection":[{"href":"https:\/\/mfinox.com\/de\/wp-json\/wp\/v2\/pages"}],"about":[{"href":"https:\/\/mfinox.com\/de\/wp-json\/wp\/v2\/types\/page"}],"author":[{"embeddable":true,"href":"https:\/\/mfinox.com\/de\/wp-json\/wp\/v2\/users\/1"}],"replies":[{"embeddable":true,"href":"https:\/\/mfinox.com\/de\/wp-json\/wp\/v2\/comments?post=5964"}],"version-history":[{"count":0,"href":"https:\/\/mfinox.com\/de\/wp-json\/wp\/v2\/pages\/5964\/revisions"}],"up":[{"embeddable":true,"href":"https:\/\/mfinox.com\/de\/wp-json\/wp\/v2\/pages\/6018"}],"wp:attachment":[{"href":"https:\/\/mfinox.com\/de\/wp-json\/wp\/v2\/media?parent=5964"}],"curies":[{"name":"wp","href":"https:\/\/api.w.org\/{rel}","templated":true}]}}