{"id":5958,"date":"2024-06-11T16:43:01","date_gmt":"2024-06-11T16:43:01","guid":{"rendered":"https:\/\/mfinox.com\/auge-zugstangen\/"},"modified":"2024-09-06T10:24:22","modified_gmt":"2024-09-06T10:24:22","slug":"auge-zugstangen","status":"publish","type":"page","link":"https:\/\/mfinox.com\/de\/produkte\/auge-zugstangen\/","title":{"rendered":"Auge Zugstangen"},"content":{"rendered":"\t\t<div data-elementor-type=\"wp-page\" data-elementor-id=\"5958\" class=\"elementor elementor-5958 elementor-1842\" data-elementor-post-type=\"page\">\n\t\t\t\t<div class=\"elementor-element elementor-element-732ffe03 e-flex e-con-boxed e-con e-parent\" data-id=\"732ffe03\" data-element_type=\"container\" data-e-type=\"container\" data-settings=\"{&quot;background_background&quot;:&quot;classic&quot;}\">\n\t\t\t\t\t<div class=\"e-con-inner\">\n\t\t\t\t<div class=\"elementor-element elementor-element-26e2ad12 titolo-materiali elementor-invisible elementor-widget elementor-widget-heading\" data-id=\"26e2ad12\" data-element_type=\"widget\" data-e-type=\"widget\" data-settings=\"{&quot;_animation&quot;:&quot;fadeIn&quot;}\" data-widget_type=\"heading.default\">\n\t\t\t\t<div class=\"elementor-widget-container\">\n\t\t\t\t\t<h1 class=\"elementor-heading-title elementor-size-default\">Auge Zugstangen<\/h1>\t\t\t\t<\/div>\n\t\t\t\t<\/div>\n\t\t\t\t<div class=\"elementor-element elementor-element-5181bf66 elementor-invisible elementor-widget elementor-widget-shortcode\" data-id=\"5181bf66\" data-element_type=\"widget\" data-e-type=\"widget\" data-settings=\"{&quot;_animation&quot;:&quot;fadeIn&quot;}\" data-widget_type=\"shortcode.default\">\n\t\t\t\t<div class=\"elementor-widget-container\">\n\t\t\t\t\t\t\t<div class=\"elementor-shortcode\"><nav aria-label=\"breadcrumb\"><div class=\"breadcrumb\"><span class=\"breadcrumb-item\"><a href=\"https:\/\/mfinox.com\/de\/\" style=\"color: #F3912E;\">Home<\/a><\/span><\/div><\/nav><\/div>\n\t\t\t\t\t\t<\/div>\n\t\t\t\t<\/div>\n\t\t\t\t\t<\/div>\n\t\t\t\t<\/div>\n\t\t<div class=\"elementor-element elementor-element-71e4aa28 e-flex e-con-boxed elementor-invisible e-con e-parent\" data-id=\"71e4aa28\" data-element_type=\"container\" data-e-type=\"container\" data-settings=\"{&quot;animation&quot;:&quot;fadeInUp&quot;}\">\n\t\t\t\t\t<div class=\"e-con-inner\">\n\t\t\t\t<div class=\"elementor-element elementor-element-2df9df1b elementor-widget elementor-widget-text-editor\" data-id=\"2df9df1b\" data-element_type=\"widget\" data-e-type=\"widget\" data-widget_type=\"text-editor.default\">\n\t\t\t\t<div class=\"elementor-widget-container\">\n\t\t\t\t\t\t\t\t\t<p>Unsere Ringschrauben werden so entwickelt und hergestellt, dass sie die strengsten Anforderungen der Industrie weltweit erf\u00fcllen und Zuverl\u00e4ssigkeit, Sicherheit und die Einhaltung internationaler Vorschriften gew\u00e4hrleisten.<\/p>\n<\/p>\n<h2>Unsere Qualit\u00e4t<\/h2>\n<p>Bei MF Inox steht die Qualit\u00e4t im Mittelpunkt unseres Handelns.<br \/>\nWir verwenden eine gro\u00dfe Auswahl an hochwertigen Materialien f\u00fcr unsere Augenschrauben: <\/p>\n<ul>\n<li><strong>Rostfreier Stahl:<\/strong> f\u00fcr Korrosionsbest\u00e4ndigkeit und Langlebigkeit.<\/li>\n<li><strong>Duplex:<\/strong> f\u00fcr erh\u00f6hte Korrosions- und Zugfestigkeit.<\/li>\n<li><strong>Nickellegierungen:<\/strong> f\u00fcr hohe Leistung in korrosiven Umgebungen und bei hohen Temperaturen.<\/li>\n<\/ul>\n<p>Wir f\u00fchren strenge Produktionskontrollen durch, um eine hervorragende Leistung und Haltbarkeit aller unserer Materialien zu gew\u00e4hrleisten.<\/p>\n<\/p>\n<h2>Einhaltung gesetzlicher Vorschriften<\/h2>\n<p>Wir sind stolz darauf, Augenschrauben anbieten zu k\u00f6nnen, die allen wichtigen internationalen Normen entsprechen:<\/p>\n<ul>\n<li>ISO 9001 Normen: um ein effektives Qualit\u00e4tsmanagementsystem zu gew\u00e4hrleisten.<\/li>\n<li>Norm EN 13411-1: f\u00fcr \u00d6senschrauben aus rostfreiem Stahl f\u00fcr allgemeine Zwecke.<\/li>\n<li>ASME B30.26-Normen: zur Gew\u00e4hrleistung der Sicherheit bei der Installation und Verwendung von Ringschrauben.<\/li>\n<li>DIN 444 Normen: Ma\u00dfe und Toleranzen und f\u00fcr die Herstellung von Augenschrauben.<\/li>\n<li>IN 6058 Normen: Abmessungen und Toleranzen und f\u00fcr die Herstellung von Augenschrauben.<\/li>\n<li>PED (Druckger\u00e4terichtlinie): zur Gew\u00e4hrleistung der Konformit\u00e4t von Ringschrauben, die f\u00fcr die Verwendung in Druckbeh\u00e4ltern bestimmt sind.<\/li>\n<\/ul>\n<h2>Produktzertifizierung EN 10204 3.2<\/h2>\n<p>MF Inox liefert Augenschrauben zusammen mit einer Produktzertifizierung gem\u00e4\u00df EN 10204 3.2.<br \/>\nDiese Zertifizierung bescheinigt die Konformit\u00e4t des Materials, der Abmessungen und der mechanischen Eigenschaften unserer Augenschrauben mit den geforderten Normen. <\/p>\n<\/p>\n<h2>Anwendungen<\/h2>\n<p>Unsere Ringschrauben sind f\u00fcr eine Vielzahl von Anwendungen geeignet:<\/p>\n<ul>\n<li>Heben und Tragen von schweren Lasten.<\/li>\n<li>Anwendungen f\u00fcr die Marine und den Schiffsbau.<\/li>\n<li>Industrielle und kommerzielle Nutzung.<\/li>\n<li>Verwendung in Verankerungs- und Befestigungssystemen.<\/li>\n<\/ul>\n\t\t\t\t\t\t\t\t<\/div>\n\t\t\t\t<\/div>\n\t\t\t\t\t<\/div>\n\t\t\t\t<\/div>\n\t\t<div class=\"elementor-element elementor-element-1e56e9a e-flex e-con-boxed e-con e-parent\" data-id=\"1e56e9a\" data-element_type=\"container\" data-e-type=\"container\">\n\t\t\t\t\t<div class=\"e-con-inner\">\n\t\t\t\t<div class=\"elementor-element elementor-element-60099e2 elementor-widget elementor-widget-shortcode\" data-id=\"60099e2\" data-element_type=\"widget\" data-e-type=\"widget\" data-widget_type=\"shortcode.default\">\n\t\t\t\t<div class=\"elementor-widget-container\">\n\t\t\t\t\t\t\t<div class=\"elementor-shortcode\">\t\t<div data-elementor-type=\"section\" data-elementor-id=\"3064\" class=\"elementor elementor-3064\" data-elementor-post-type=\"elementor_library\">\n\t\t\t<div class=\"elementor-element elementor-element-41265a3 e-flex e-con-boxed e-con e-parent\" data-id=\"41265a3\" data-element_type=\"container\" data-e-type=\"container\">\n\t\t\t\t\t<div class=\"e-con-inner\">\n\t\t\t\t<div class=\"elementor-element elementor-element-bcf5082 elementor-widget elementor-widget-shortcode\" data-id=\"bcf5082\" data-element_type=\"widget\" data-e-type=\"widget\" data-widget_type=\"shortcode.default\">\n\t\t\t\t<div class=\"elementor-widget-container\">\n\t\t\t\t\t\t\t<div class=\"elementor-shortcode\">\t\t<div data-elementor-type=\"section\" data-elementor-id=\"1050\" class=\"elementor elementor-1050\" data-elementor-post-type=\"elementor_library\">\n\t\t\t<div class=\"elementor-element elementor-element-44c4cce e-flex e-con-boxed e-con e-parent\" data-id=\"44c4cce\" data-element_type=\"container\" data-e-type=\"container\">\n\t\t\t\t\t<div class=\"e-con-inner\">\n\t\t\t\t<div class=\"elementor-element elementor-element-f4915f6 elementor-align-center elementor-widget elementor-widget-button\" data-id=\"f4915f6\" data-element_type=\"widget\" data-e-type=\"widget\" data-widget_type=\"button.default\">\n\t\t\t\t<div class=\"elementor-widget-container\">\n\t\t\t\t\t\t\t\t\t<div class=\"elementor-button-wrapper\">\n\t\t\t\t\t<a class=\"elementor-button elementor-button-link elementor-size-sm\" href=\"https:\/\/mfinox.com\/contatti\/\">\n\t\t\t\t\t\t<span class=\"elementor-button-content-wrapper\">\n\t\t\t\t\t\t\t\t\t<span class=\"elementor-button-text\">Contattaci<\/span>\n\t\t\t\t\t<\/span>\n\t\t\t\t\t<\/a>\n\t\t\t\t<\/div>\n\t\t\t\t\t\t\t\t<\/div>\n\t\t\t\t<\/div>\n\t\t\t\t\t<\/div>\n\t\t\t\t<\/div>\n\t\t\t\t<\/div>\n\t\t<\/div>\n\t\t\t\t\t\t<\/div>\n\t\t\t\t<\/div>\n\t\t\t\t\t<\/div>\n\t\t\t\t<\/div>\n\t\t\t\t<\/div>\n\t\t<\/div>\n\t\t\t\t\t\t<\/div>\n\t\t\t\t<\/div>\n\t\t\t\t\t<\/div>\n\t\t\t\t<\/div>\n\t\t\t\t<\/div>\n\t\t","protected":false},"excerpt":{"rendered":"<p>Auge Zugstangen Unsere Ringschrauben werden so entwickelt und hergestellt, dass sie die strengsten Anforderungen der Industrie weltweit erf\u00fcllen und Zuverl\u00e4ssigkeit, Sicherheit und die Einhaltung internationaler Vorschriften gew\u00e4hrleisten. Unsere Qualit\u00e4t Bei MF Inox steht die Qualit\u00e4t im Mittelpunkt unseres Handelns. Wir verwenden eine gro\u00dfe Auswahl an hochwertigen Materialien f\u00fcr unsere Augenschrauben: Rostfreier Stahl: f\u00fcr Korrosionsbest\u00e4ndigkeit und [&hellip;]<\/p>\n","protected":false},"author":1,"featured_media":0,"parent":6018,"menu_order":0,"comment_status":"closed","ping_status":"closed","template":"","meta":{"footnotes":""},"class_list":["post-5958","page","type-page","status-publish","hentry"],"yoast_head":"<!-- This site is optimized with the Yoast SEO plugin v27.6 - https:\/\/yoast.com\/product\/yoast-seo-wordpress\/ -->\n<title>Auge Zugstangen - M.F. INOX<\/title>\n<meta name=\"robots\" content=\"index, follow, max-snippet:-1, max-image-preview:large, max-video-preview:-1\" \/>\n<link rel=\"canonical\" href=\"https:\/\/mfinox.com\/de\/produkte\/auge-zugstangen\/\" \/>\n<meta property=\"og:locale\" content=\"de_DE\" \/>\n<meta property=\"og:type\" content=\"article\" \/>\n<meta property=\"og:title\" content=\"Auge Zugstangen - M.F. INOX\" \/>\n<meta property=\"og:description\" content=\"Auge Zugstangen Unsere Ringschrauben werden so entwickelt und hergestellt, dass sie die strengsten Anforderungen der Industrie weltweit erf\u00fcllen und Zuverl\u00e4ssigkeit, Sicherheit und die Einhaltung internationaler Vorschriften gew\u00e4hrleisten. Unsere Qualit\u00e4t Bei MF Inox steht die Qualit\u00e4t im Mittelpunkt unseres Handelns. Wir verwenden eine gro\u00dfe Auswahl an hochwertigen Materialien f\u00fcr unsere Augenschrauben: Rostfreier Stahl: f\u00fcr Korrosionsbest\u00e4ndigkeit und [&hellip;]\" \/>\n<meta property=\"og:url\" content=\"https:\/\/mfinox.com\/de\/produkte\/auge-zugstangen\/\" \/>\n<meta property=\"og:site_name\" content=\"M.F. INOX\" \/>\n<meta property=\"article:modified_time\" content=\"2024-09-06T10:24:22+00:00\" \/>\n<meta name=\"twitter:card\" content=\"summary_large_image\" \/>\n<meta name=\"twitter:label1\" content=\"Gesch\u00e4tzte Lesezeit\" \/>\n\t<meta name=\"twitter:data1\" content=\"1\u00a0Minute\" \/>\n<script type=\"application\/ld+json\" class=\"yoast-schema-graph\">{\"@context\":\"https:\\\/\\\/schema.org\",\"@graph\":[{\"@type\":\"WebPage\",\"@id\":\"https:\\\/\\\/mfinox.com\\\/de\\\/produkte\\\/auge-zugstangen\\\/\",\"url\":\"https:\\\/\\\/mfinox.com\\\/de\\\/produkte\\\/auge-zugstangen\\\/\",\"name\":\"Auge Zugstangen - M.F. INOX\",\"isPartOf\":{\"@id\":\"https:\\\/\\\/mfinox.com\\\/de\\\/#website\"},\"datePublished\":\"2024-06-11T16:43:01+00:00\",\"dateModified\":\"2024-09-06T10:24:22+00:00\",\"breadcrumb\":{\"@id\":\"https:\\\/\\\/mfinox.com\\\/de\\\/produkte\\\/auge-zugstangen\\\/#breadcrumb\"},\"inLanguage\":\"de\",\"potentialAction\":[{\"@type\":\"ReadAction\",\"target\":[\"https:\\\/\\\/mfinox.com\\\/de\\\/produkte\\\/auge-zugstangen\\\/\"]}]},{\"@type\":\"BreadcrumbList\",\"@id\":\"https:\\\/\\\/mfinox.com\\\/de\\\/produkte\\\/auge-zugstangen\\\/#breadcrumb\",\"itemListElement\":[{\"@type\":\"ListItem\",\"position\":1,\"name\":\"Home\",\"item\":\"https:\\\/\\\/mfinox.com\\\/de\\\/\"},{\"@type\":\"ListItem\",\"position\":2,\"name\":\"Produkte\",\"item\":\"https:\\\/\\\/mfinox.com\\\/de\\\/produkte\\\/\"},{\"@type\":\"ListItem\",\"position\":3,\"name\":\"Auge Zugstangen\"}]},{\"@type\":\"WebSite\",\"@id\":\"https:\\\/\\\/mfinox.com\\\/de\\\/#website\",\"url\":\"https:\\\/\\\/mfinox.com\\\/de\\\/\",\"name\":\"M.F. INOX\",\"description\":\"\",\"publisher\":{\"@id\":\"https:\\\/\\\/mfinox.com\\\/de\\\/#organization\"},\"potentialAction\":[{\"@type\":\"SearchAction\",\"target\":{\"@type\":\"EntryPoint\",\"urlTemplate\":\"https:\\\/\\\/mfinox.com\\\/de\\\/?s={search_term_string}\"},\"query-input\":{\"@type\":\"PropertyValueSpecification\",\"valueRequired\":true,\"valueName\":\"search_term_string\"}}],\"inLanguage\":\"de\"},{\"@type\":\"Organization\",\"@id\":\"https:\\\/\\\/mfinox.com\\\/de\\\/#organization\",\"name\":\"M.F. INOX\",\"url\":\"https:\\\/\\\/mfinox.com\\\/de\\\/\",\"logo\":{\"@type\":\"ImageObject\",\"inLanguage\":\"de\",\"@id\":\"https:\\\/\\\/mfinox.com\\\/de\\\/#\\\/schema\\\/logo\\\/image\\\/\",\"url\":\"https:\\\/\\\/mfinox.com\\\/wp-content\\\/uploads\\\/2024\\\/05\\\/mf-inox_logo_neg.png\",\"contentUrl\":\"https:\\\/\\\/mfinox.com\\\/wp-content\\\/uploads\\\/2024\\\/05\\\/mf-inox_logo_neg.png\",\"width\":1949,\"height\":662,\"caption\":\"M.F. INOX\"},\"image\":{\"@id\":\"https:\\\/\\\/mfinox.com\\\/de\\\/#\\\/schema\\\/logo\\\/image\\\/\"}}]}<\/script>\n<!-- \/ Yoast SEO plugin. -->","yoast_head_json":{"title":"Auge Zugstangen - M.F. INOX","robots":{"index":"index","follow":"follow","max-snippet":"max-snippet:-1","max-image-preview":"max-image-preview:large","max-video-preview":"max-video-preview:-1"},"canonical":"https:\/\/mfinox.com\/de\/produkte\/auge-zugstangen\/","og_locale":"de_DE","og_type":"article","og_title":"Auge Zugstangen - M.F. INOX","og_description":"Auge Zugstangen Unsere Ringschrauben werden so entwickelt und hergestellt, dass sie die strengsten Anforderungen der Industrie weltweit erf\u00fcllen und Zuverl\u00e4ssigkeit, Sicherheit und die Einhaltung internationaler Vorschriften gew\u00e4hrleisten. Unsere Qualit\u00e4t Bei MF Inox steht die Qualit\u00e4t im Mittelpunkt unseres Handelns. Wir verwenden eine gro\u00dfe Auswahl an hochwertigen Materialien f\u00fcr unsere Augenschrauben: Rostfreier Stahl: f\u00fcr Korrosionsbest\u00e4ndigkeit und [&hellip;]","og_url":"https:\/\/mfinox.com\/de\/produkte\/auge-zugstangen\/","og_site_name":"M.F. INOX","article_modified_time":"2024-09-06T10:24:22+00:00","twitter_card":"summary_large_image","twitter_misc":{"Gesch\u00e4tzte Lesezeit":"1\u00a0Minute"},"schema":{"@context":"https:\/\/schema.org","@graph":[{"@type":"WebPage","@id":"https:\/\/mfinox.com\/de\/produkte\/auge-zugstangen\/","url":"https:\/\/mfinox.com\/de\/produkte\/auge-zugstangen\/","name":"Auge Zugstangen - M.F. INOX","isPartOf":{"@id":"https:\/\/mfinox.com\/de\/#website"},"datePublished":"2024-06-11T16:43:01+00:00","dateModified":"2024-09-06T10:24:22+00:00","breadcrumb":{"@id":"https:\/\/mfinox.com\/de\/produkte\/auge-zugstangen\/#breadcrumb"},"inLanguage":"de","potentialAction":[{"@type":"ReadAction","target":["https:\/\/mfinox.com\/de\/produkte\/auge-zugstangen\/"]}]},{"@type":"BreadcrumbList","@id":"https:\/\/mfinox.com\/de\/produkte\/auge-zugstangen\/#breadcrumb","itemListElement":[{"@type":"ListItem","position":1,"name":"Home","item":"https:\/\/mfinox.com\/de\/"},{"@type":"ListItem","position":2,"name":"Produkte","item":"https:\/\/mfinox.com\/de\/produkte\/"},{"@type":"ListItem","position":3,"name":"Auge Zugstangen"}]},{"@type":"WebSite","@id":"https:\/\/mfinox.com\/de\/#website","url":"https:\/\/mfinox.com\/de\/","name":"M.F. INOX","description":"","publisher":{"@id":"https:\/\/mfinox.com\/de\/#organization"},"potentialAction":[{"@type":"SearchAction","target":{"@type":"EntryPoint","urlTemplate":"https:\/\/mfinox.com\/de\/?s={search_term_string}"},"query-input":{"@type":"PropertyValueSpecification","valueRequired":true,"valueName":"search_term_string"}}],"inLanguage":"de"},{"@type":"Organization","@id":"https:\/\/mfinox.com\/de\/#organization","name":"M.F. INOX","url":"https:\/\/mfinox.com\/de\/","logo":{"@type":"ImageObject","inLanguage":"de","@id":"https:\/\/mfinox.com\/de\/#\/schema\/logo\/image\/","url":"https:\/\/mfinox.com\/wp-content\/uploads\/2024\/05\/mf-inox_logo_neg.png","contentUrl":"https:\/\/mfinox.com\/wp-content\/uploads\/2024\/05\/mf-inox_logo_neg.png","width":1949,"height":662,"caption":"M.F. INOX"},"image":{"@id":"https:\/\/mfinox.com\/de\/#\/schema\/logo\/image\/"}}]}},"_links":{"self":[{"href":"https:\/\/mfinox.com\/de\/wp-json\/wp\/v2\/pages\/5958","targetHints":{"allow":["GET"]}}],"collection":[{"href":"https:\/\/mfinox.com\/de\/wp-json\/wp\/v2\/pages"}],"about":[{"href":"https:\/\/mfinox.com\/de\/wp-json\/wp\/v2\/types\/page"}],"author":[{"embeddable":true,"href":"https:\/\/mfinox.com\/de\/wp-json\/wp\/v2\/users\/1"}],"replies":[{"embeddable":true,"href":"https:\/\/mfinox.com\/de\/wp-json\/wp\/v2\/comments?post=5958"}],"version-history":[{"count":0,"href":"https:\/\/mfinox.com\/de\/wp-json\/wp\/v2\/pages\/5958\/revisions"}],"up":[{"embeddable":true,"href":"https:\/\/mfinox.com\/de\/wp-json\/wp\/v2\/pages\/6018"}],"wp:attachment":[{"href":"https:\/\/mfinox.com\/de\/wp-json\/wp\/v2\/media?parent=5958"}],"curies":[{"name":"wp","href":"https:\/\/api.w.org\/{rel}","templated":true}]}}