{"id":5926,"date":"2024-06-11T16:52:00","date_gmt":"2024-06-11T16:52:00","guid":{"rendered":"https:\/\/mfinox.com\/schrauben\/"},"modified":"2024-09-06T10:24:22","modified_gmt":"2024-09-06T10:24:22","slug":"schrauben","status":"publish","type":"page","link":"https:\/\/mfinox.com\/de\/produkte\/schrauben\/","title":{"rendered":"Schrauben"},"content":{"rendered":"\t\t<div data-elementor-type=\"wp-page\" data-elementor-id=\"5926\" class=\"elementor elementor-5926 elementor-1847\" data-elementor-post-type=\"page\">\n\t\t\t\t<div class=\"elementor-element elementor-element-6a0b5a2f e-flex e-con-boxed e-con e-parent\" data-id=\"6a0b5a2f\" data-element_type=\"container\" data-e-type=\"container\" data-settings=\"{&quot;background_background&quot;:&quot;classic&quot;}\">\n\t\t\t\t\t<div class=\"e-con-inner\">\n\t\t\t\t<div class=\"elementor-element elementor-element-18c6203a elementor-invisible elementor-widget elementor-widget-heading\" data-id=\"18c6203a\" data-element_type=\"widget\" data-e-type=\"widget\" data-settings=\"{&quot;_animation&quot;:&quot;fadeIn&quot;}\" data-widget_type=\"heading.default\">\n\t\t\t\t<div class=\"elementor-widget-container\">\n\t\t\t\t\t<h1 class=\"elementor-heading-title elementor-size-default\">Schrauben<\/h1>\t\t\t\t<\/div>\n\t\t\t\t<\/div>\n\t\t\t\t<div class=\"elementor-element elementor-element-6f327a12 elementor-invisible elementor-widget elementor-widget-shortcode\" data-id=\"6f327a12\" data-element_type=\"widget\" data-e-type=\"widget\" data-settings=\"{&quot;_animation&quot;:&quot;fadeIn&quot;}\" data-widget_type=\"shortcode.default\">\n\t\t\t\t<div class=\"elementor-widget-container\">\n\t\t\t\t\t\t\t<div class=\"elementor-shortcode\"><nav aria-label=\"breadcrumb\"><div class=\"breadcrumb\"><span class=\"breadcrumb-item\"><a href=\"https:\/\/mfinox.com\/de\/\" style=\"color: #F3912E;\">Home<\/a><\/span><\/div><\/nav><\/div>\n\t\t\t\t\t\t<\/div>\n\t\t\t\t<\/div>\n\t\t\t\t\t<\/div>\n\t\t\t\t<\/div>\n\t\t<div class=\"elementor-element elementor-element-25845d67 e-flex e-con-boxed elementor-invisible e-con e-parent\" data-id=\"25845d67\" data-element_type=\"container\" data-e-type=\"container\" data-settings=\"{&quot;animation&quot;:&quot;fadeInUp&quot;}\">\n\t\t\t\t\t<div class=\"e-con-inner\">\n\t\t\t\t<div class=\"elementor-element elementor-element-bc42f15 elementor-widget elementor-widget-text-editor\" data-id=\"bc42f15\" data-element_type=\"widget\" data-e-type=\"widget\" data-widget_type=\"text-editor.default\">\n\t\t\t\t<div class=\"elementor-widget-container\">\n\t\t\t\t\t\t\t\t\t<p>Wenn Sie zuverl\u00e4ssige und international konforme Schrauben f\u00fcr Ihre Projekte unter kritischen Umweltbedingungen ben\u00f6tigen, entdecken Sie unser Angebot an Schrauben, die sich in den Bereichen Energie, Marine und Unterwasser, Infrastruktur, \u00d6l &amp; Gas und Chemieanlagen auszeichnen.<br \/>\nKonform mit ISO-, DIN-, EN-, UNI-, EF-, ANSI- und BS-Normen und anpassbar an Ihr Design, bieten wir ma\u00dfgeschneiderte L\u00f6sungen im Bereich M6 &#8211; M64 und \u00bc&#8220; &#8211; 2&#8243;1\/2.<br \/>\nUnsere Schrauben werden aus hochwertigen Materialien wie Edelstahl, Duplex, Super Duplex, hochwarmfesten St\u00e4hlen, Nickel- und Titanlegierungen hergestellt und garantieren selbst unter den extremsten Bedingungen eine hervorragende Leistung.<br \/>\nMaximale Anpassungsf\u00e4higkeit, Zuverl\u00e4ssigkeit und Qualit\u00e4t sind unsere Verpflichtung.   <\/p>\n<h2>Einhaltung gesetzlicher Vorschriften<\/h2>\n<p>Wir stellen Sechskant-, Teilgewinde- und Vollgewindeschrauben, Hohlkopfschrauben, Hammerkopfschrauben, Senkkopfschrauben, Flachkopfschrauben, Vierkantschrauben mit Grob- und Feingewinde her, alle in \u00dcbereinstimmung mit den wichtigsten internationalen Normen DIN, ISO, NFE, ANSI, UNI, BS, von denen die wichtigsten sind:<\/p>\n<table class=\"responsive-table\">\n<thead>\n<tr>\n<th>DIN<\/th>\n<th>ISO<\/th>\n<th>NFE<\/th>\n<th>ANSI<\/th>\n<th>UNI<\/th>\n<th>BS<\/th>\n<\/tr>\n<\/thead>\n<tbody>\n<tr>\n<td>931<\/td>\n<td>4014<\/td>\n<td>25114<\/td>\n<td>B 18.2.1<\/td>\n<td>5737<\/td>\n<td>3692<\/td>\n<\/tr>\n<tr>\n<td>933<\/td>\n<td>4017<\/td>\n<td>24017<\/td>\n<td>B 18.3<\/td>\n<td>5739<\/td>\n<td>4168<\/td>\n<\/tr>\n<tr>\n<td>912<\/td>\n<td>4762<\/td>\n<td>25115<\/td>\n<td>IFI 115<\/td>\n<td>5738<\/td>\n<td>2470<\/td>\n<\/tr>\n<tr>\n<td>7991<\/td>\n<td>7380<\/td>\n<td>24018<\/td>\n<td>B 18.5<\/td>\n<td>5740<\/td>\n<\/tr>\n<tr>\n<td>6912<\/td>\n<td>10642<\/td>\n<td>27311<\/td>\n<td>IFI 111<\/td>\n<td>5931<\/td>\n<\/tr>\n<tr>\n<td>6921<\/td>\n<td>14579<\/td>\n<td>28676<\/td>\n<td>B 18.9<\/td>\n<td>5932<\/td>\n<\/tr>\n<tr>\n<td>7984<\/td>\n<td>12474<\/td>\n<td>28677<\/td>\n<td>B 18.10<\/td>\n<td>5933<\/td>\n<\/tr>\n<tr>\n<td>603<\/td>\n<td>1662<\/td>\n<td>27311<\/td>\n<\/tr>\n<tr>\n<td>604<\/td>\n<td>7379<\/td>\n<td>28765<\/td>\n<\/tr>\n<tr>\n<td>963<\/td>\n<td>8676<\/td>\n<td>25125<\/td>\n<\/tr>\n<tr>\n<td>964<\/td>\n<td>8765<\/td>\n<td>25112<\/td>\n<\/tr>\n<tr>\n<td>186<\/td>\n<td>14580<\/td>\n<\/tr>\n<tr>\n<td>609<\/td>\n<td>14581<\/td>\n<\/tr>\n<tr>\n<td>610<\/td>\n<td>14399<\/td>\n<\/tr>\n<tr>\n<td>961<\/td>\n<td>1665<\/td>\n<\/tr>\n<tr>\n<td>960<\/td>\n<\/tr>\n<tr>\n<td>558<\/td>\n<\/tr>\n<tr>\n<td>6914<\/td>\n<\/tr>\n<\/tbody>\n<\/table>\n<h2>Normative Referenzen<\/h2>\n<ul>\n<li>ISO 3506-1<\/li>\n<li>DE 898<\/li>\n<li>EN 10269<\/li>\n<li>DIN 267-13<\/li>\n<li>DIN 13<\/li>\n<li>DIN 2510<\/li>\n<li>ISO 6157<\/li>\n<li>UNI 3740<\/li>\n<li>ASTM F467<\/li>\n<li>ISO 10664<\/li>\n<li>EN 10088<\/li>\n<li>1993-1-4:2015-10\/EUROCODE 3-ANNEX A CRC-Klasse<\/li>\n<li>NACE MR0103\/0175<\/li>\n<\/ul>\n\t\t\t\t\t\t\t\t<\/div>\n\t\t\t\t<\/div>\n\t\t\t\t\t<\/div>\n\t\t\t\t<\/div>\n\t\t<div class=\"elementor-element elementor-element-2252f21 e-flex e-con-boxed e-con e-parent\" data-id=\"2252f21\" data-element_type=\"container\" data-e-type=\"container\">\n\t\t\t\t\t<div class=\"e-con-inner\">\n\t\t\t\t<div class=\"elementor-element elementor-element-01a2a72 elementor-widget elementor-widget-shortcode\" data-id=\"01a2a72\" data-element_type=\"widget\" data-e-type=\"widget\" data-widget_type=\"shortcode.default\">\n\t\t\t\t<div class=\"elementor-widget-container\">\n\t\t\t\t\t\t\t<div class=\"elementor-shortcode\">\t\t<div data-elementor-type=\"section\" data-elementor-id=\"3064\" class=\"elementor elementor-3064\" data-elementor-post-type=\"elementor_library\">\n\t\t\t<div class=\"elementor-element elementor-element-41265a3 e-flex e-con-boxed e-con e-parent\" data-id=\"41265a3\" data-element_type=\"container\" data-e-type=\"container\">\n\t\t\t\t\t<div class=\"e-con-inner\">\n\t\t\t\t<div class=\"elementor-element elementor-element-bcf5082 elementor-widget elementor-widget-shortcode\" data-id=\"bcf5082\" data-element_type=\"widget\" data-e-type=\"widget\" data-widget_type=\"shortcode.default\">\n\t\t\t\t<div class=\"elementor-widget-container\">\n\t\t\t\t\t\t\t<div class=\"elementor-shortcode\">\t\t<div data-elementor-type=\"section\" data-elementor-id=\"1050\" class=\"elementor elementor-1050\" data-elementor-post-type=\"elementor_library\">\n\t\t\t<div class=\"elementor-element elementor-element-44c4cce e-flex e-con-boxed e-con e-parent\" data-id=\"44c4cce\" data-element_type=\"container\" data-e-type=\"container\">\n\t\t\t\t\t<div class=\"e-con-inner\">\n\t\t\t\t<div class=\"elementor-element elementor-element-f4915f6 elementor-align-center elementor-widget elementor-widget-button\" data-id=\"f4915f6\" data-element_type=\"widget\" data-e-type=\"widget\" data-widget_type=\"button.default\">\n\t\t\t\t<div class=\"elementor-widget-container\">\n\t\t\t\t\t\t\t\t\t<div class=\"elementor-button-wrapper\">\n\t\t\t\t\t<a class=\"elementor-button elementor-button-link elementor-size-sm\" href=\"https:\/\/mfinox.com\/contatti\/\">\n\t\t\t\t\t\t<span class=\"elementor-button-content-wrapper\">\n\t\t\t\t\t\t\t\t\t<span class=\"elementor-button-text\">Contattaci<\/span>\n\t\t\t\t\t<\/span>\n\t\t\t\t\t<\/a>\n\t\t\t\t<\/div>\n\t\t\t\t\t\t\t\t<\/div>\n\t\t\t\t<\/div>\n\t\t\t\t\t<\/div>\n\t\t\t\t<\/div>\n\t\t\t\t<\/div>\n\t\t<\/div>\n\t\t\t\t\t\t<\/div>\n\t\t\t\t<\/div>\n\t\t\t\t\t<\/div>\n\t\t\t\t<\/div>\n\t\t\t\t<\/div>\n\t\t<\/div>\n\t\t\t\t\t\t<\/div>\n\t\t\t\t<\/div>\n\t\t\t\t\t<\/div>\n\t\t\t\t<\/div>\n\t\t\t\t<\/div>\n\t\t","protected":false},"excerpt":{"rendered":"<p>Schrauben Wenn Sie zuverl\u00e4ssige und international konforme Schrauben f\u00fcr Ihre Projekte unter kritischen Umweltbedingungen ben\u00f6tigen, entdecken Sie unser Angebot an Schrauben, die sich in den Bereichen Energie, Marine und Unterwasser, Infrastruktur, \u00d6l &amp; Gas und Chemieanlagen auszeichnen. Konform mit ISO-, DIN-, EN-, UNI-, EF-, ANSI- und BS-Normen und anpassbar an Ihr Design, bieten wir ma\u00dfgeschneiderte [&hellip;]<\/p>\n","protected":false},"author":1,"featured_media":2413,"parent":6018,"menu_order":0,"comment_status":"closed","ping_status":"closed","template":"","meta":{"footnotes":""},"class_list":["post-5926","page","type-page","status-publish","has-post-thumbnail","hentry"],"yoast_head":"<!-- This site is optimized with the Yoast SEO plugin v27.4 - https:\/\/yoast.com\/product\/yoast-seo-wordpress\/ -->\n<title>Schrauben - M.F. INOX<\/title>\n<meta name=\"robots\" content=\"index, follow, max-snippet:-1, max-image-preview:large, max-video-preview:-1\" \/>\n<link rel=\"canonical\" href=\"https:\/\/mfinox.com\/de\/produkte\/schrauben\/\" \/>\n<meta property=\"og:locale\" content=\"de_DE\" \/>\n<meta property=\"og:type\" content=\"article\" \/>\n<meta property=\"og:title\" content=\"Schrauben - M.F. INOX\" \/>\n<meta property=\"og:description\" content=\"Schrauben Wenn Sie zuverl\u00e4ssige und international konforme Schrauben f\u00fcr Ihre Projekte unter kritischen Umweltbedingungen ben\u00f6tigen, entdecken Sie unser Angebot an Schrauben, die sich in den Bereichen Energie, Marine und Unterwasser, Infrastruktur, \u00d6l &amp; Gas und Chemieanlagen auszeichnen. Konform mit ISO-, DIN-, EN-, UNI-, EF-, ANSI- und BS-Normen und anpassbar an Ihr Design, bieten wir ma\u00dfgeschneiderte [&hellip;]\" \/>\n<meta property=\"og:url\" content=\"https:\/\/mfinox.com\/de\/produkte\/schrauben\/\" \/>\n<meta property=\"og:site_name\" content=\"M.F. INOX\" \/>\n<meta property=\"article:modified_time\" content=\"2024-09-06T10:24:22+00:00\" \/>\n<meta property=\"og:image\" content=\"https:\/\/mfinox.com\/wp-content\/uploads\/2024\/06\/Viti-1-scaled.jpg\" \/>\n\t<meta property=\"og:image:width\" content=\"2560\" \/>\n\t<meta property=\"og:image:height\" content=\"1707\" \/>\n\t<meta property=\"og:image:type\" content=\"image\/jpeg\" \/>\n<meta name=\"twitter:card\" content=\"summary_large_image\" \/>\n<meta name=\"twitter:label1\" content=\"Gesch\u00e4tzte Lesezeit\" \/>\n\t<meta name=\"twitter:data1\" content=\"1\u00a0Minute\" \/>\n<script type=\"application\/ld+json\" class=\"yoast-schema-graph\">{\"@context\":\"https:\\\/\\\/schema.org\",\"@graph\":[{\"@type\":\"WebPage\",\"@id\":\"https:\\\/\\\/mfinox.com\\\/de\\\/produkte\\\/schrauben\\\/\",\"url\":\"https:\\\/\\\/mfinox.com\\\/de\\\/produkte\\\/schrauben\\\/\",\"name\":\"Schrauben - M.F. INOX\",\"isPartOf\":{\"@id\":\"https:\\\/\\\/mfinox.com\\\/de\\\/#website\"},\"primaryImageOfPage\":{\"@id\":\"https:\\\/\\\/mfinox.com\\\/de\\\/produkte\\\/schrauben\\\/#primaryimage\"},\"image\":{\"@id\":\"https:\\\/\\\/mfinox.com\\\/de\\\/produkte\\\/schrauben\\\/#primaryimage\"},\"thumbnailUrl\":\"https:\\\/\\\/mfinox.com\\\/wp-content\\\/uploads\\\/2024\\\/06\\\/Viti-1-scaled.jpg\",\"datePublished\":\"2024-06-11T16:52:00+00:00\",\"dateModified\":\"2024-09-06T10:24:22+00:00\",\"breadcrumb\":{\"@id\":\"https:\\\/\\\/mfinox.com\\\/de\\\/produkte\\\/schrauben\\\/#breadcrumb\"},\"inLanguage\":\"de\",\"potentialAction\":[{\"@type\":\"ReadAction\",\"target\":[\"https:\\\/\\\/mfinox.com\\\/de\\\/produkte\\\/schrauben\\\/\"]}]},{\"@type\":\"ImageObject\",\"inLanguage\":\"de\",\"@id\":\"https:\\\/\\\/mfinox.com\\\/de\\\/produkte\\\/schrauben\\\/#primaryimage\",\"url\":\"https:\\\/\\\/mfinox.com\\\/wp-content\\\/uploads\\\/2024\\\/06\\\/Viti-1-scaled.jpg\",\"contentUrl\":\"https:\\\/\\\/mfinox.com\\\/wp-content\\\/uploads\\\/2024\\\/06\\\/Viti-1-scaled.jpg\",\"width\":2560,\"height\":1707},{\"@type\":\"BreadcrumbList\",\"@id\":\"https:\\\/\\\/mfinox.com\\\/de\\\/produkte\\\/schrauben\\\/#breadcrumb\",\"itemListElement\":[{\"@type\":\"ListItem\",\"position\":1,\"name\":\"Home\",\"item\":\"https:\\\/\\\/mfinox.com\\\/de\\\/\"},{\"@type\":\"ListItem\",\"position\":2,\"name\":\"Produkte\",\"item\":\"https:\\\/\\\/mfinox.com\\\/de\\\/produkte\\\/\"},{\"@type\":\"ListItem\",\"position\":3,\"name\":\"Schrauben\"}]},{\"@type\":\"WebSite\",\"@id\":\"https:\\\/\\\/mfinox.com\\\/de\\\/#website\",\"url\":\"https:\\\/\\\/mfinox.com\\\/de\\\/\",\"name\":\"M.F. INOX\",\"description\":\"\",\"publisher\":{\"@id\":\"https:\\\/\\\/mfinox.com\\\/de\\\/#organization\"},\"potentialAction\":[{\"@type\":\"SearchAction\",\"target\":{\"@type\":\"EntryPoint\",\"urlTemplate\":\"https:\\\/\\\/mfinox.com\\\/de\\\/?s={search_term_string}\"},\"query-input\":{\"@type\":\"PropertyValueSpecification\",\"valueRequired\":true,\"valueName\":\"search_term_string\"}}],\"inLanguage\":\"de\"},{\"@type\":\"Organization\",\"@id\":\"https:\\\/\\\/mfinox.com\\\/de\\\/#organization\",\"name\":\"M.F. INOX\",\"url\":\"https:\\\/\\\/mfinox.com\\\/de\\\/\",\"logo\":{\"@type\":\"ImageObject\",\"inLanguage\":\"de\",\"@id\":\"https:\\\/\\\/mfinox.com\\\/de\\\/#\\\/schema\\\/logo\\\/image\\\/\",\"url\":\"https:\\\/\\\/mfinox.com\\\/wp-content\\\/uploads\\\/2024\\\/05\\\/mf-inox_logo_neg.png\",\"contentUrl\":\"https:\\\/\\\/mfinox.com\\\/wp-content\\\/uploads\\\/2024\\\/05\\\/mf-inox_logo_neg.png\",\"width\":1949,\"height\":662,\"caption\":\"M.F. INOX\"},\"image\":{\"@id\":\"https:\\\/\\\/mfinox.com\\\/de\\\/#\\\/schema\\\/logo\\\/image\\\/\"}}]}<\/script>\n<!-- \/ Yoast SEO plugin. -->","yoast_head_json":{"title":"Schrauben - M.F. INOX","robots":{"index":"index","follow":"follow","max-snippet":"max-snippet:-1","max-image-preview":"max-image-preview:large","max-video-preview":"max-video-preview:-1"},"canonical":"https:\/\/mfinox.com\/de\/produkte\/schrauben\/","og_locale":"de_DE","og_type":"article","og_title":"Schrauben - M.F. INOX","og_description":"Schrauben Wenn Sie zuverl\u00e4ssige und international konforme Schrauben f\u00fcr Ihre Projekte unter kritischen Umweltbedingungen ben\u00f6tigen, entdecken Sie unser Angebot an Schrauben, die sich in den Bereichen Energie, Marine und Unterwasser, Infrastruktur, \u00d6l &amp; Gas und Chemieanlagen auszeichnen. Konform mit ISO-, DIN-, EN-, UNI-, EF-, ANSI- und BS-Normen und anpassbar an Ihr Design, bieten wir ma\u00dfgeschneiderte [&hellip;]","og_url":"https:\/\/mfinox.com\/de\/produkte\/schrauben\/","og_site_name":"M.F. INOX","article_modified_time":"2024-09-06T10:24:22+00:00","og_image":[{"width":2560,"height":1707,"url":"https:\/\/mfinox.com\/wp-content\/uploads\/2024\/06\/Viti-1-scaled.jpg","type":"image\/jpeg"}],"twitter_card":"summary_large_image","twitter_misc":{"Gesch\u00e4tzte Lesezeit":"1\u00a0Minute"},"schema":{"@context":"https:\/\/schema.org","@graph":[{"@type":"WebPage","@id":"https:\/\/mfinox.com\/de\/produkte\/schrauben\/","url":"https:\/\/mfinox.com\/de\/produkte\/schrauben\/","name":"Schrauben - M.F. INOX","isPartOf":{"@id":"https:\/\/mfinox.com\/de\/#website"},"primaryImageOfPage":{"@id":"https:\/\/mfinox.com\/de\/produkte\/schrauben\/#primaryimage"},"image":{"@id":"https:\/\/mfinox.com\/de\/produkte\/schrauben\/#primaryimage"},"thumbnailUrl":"https:\/\/mfinox.com\/wp-content\/uploads\/2024\/06\/Viti-1-scaled.jpg","datePublished":"2024-06-11T16:52:00+00:00","dateModified":"2024-09-06T10:24:22+00:00","breadcrumb":{"@id":"https:\/\/mfinox.com\/de\/produkte\/schrauben\/#breadcrumb"},"inLanguage":"de","potentialAction":[{"@type":"ReadAction","target":["https:\/\/mfinox.com\/de\/produkte\/schrauben\/"]}]},{"@type":"ImageObject","inLanguage":"de","@id":"https:\/\/mfinox.com\/de\/produkte\/schrauben\/#primaryimage","url":"https:\/\/mfinox.com\/wp-content\/uploads\/2024\/06\/Viti-1-scaled.jpg","contentUrl":"https:\/\/mfinox.com\/wp-content\/uploads\/2024\/06\/Viti-1-scaled.jpg","width":2560,"height":1707},{"@type":"BreadcrumbList","@id":"https:\/\/mfinox.com\/de\/produkte\/schrauben\/#breadcrumb","itemListElement":[{"@type":"ListItem","position":1,"name":"Home","item":"https:\/\/mfinox.com\/de\/"},{"@type":"ListItem","position":2,"name":"Produkte","item":"https:\/\/mfinox.com\/de\/produkte\/"},{"@type":"ListItem","position":3,"name":"Schrauben"}]},{"@type":"WebSite","@id":"https:\/\/mfinox.com\/de\/#website","url":"https:\/\/mfinox.com\/de\/","name":"M.F. INOX","description":"","publisher":{"@id":"https:\/\/mfinox.com\/de\/#organization"},"potentialAction":[{"@type":"SearchAction","target":{"@type":"EntryPoint","urlTemplate":"https:\/\/mfinox.com\/de\/?s={search_term_string}"},"query-input":{"@type":"PropertyValueSpecification","valueRequired":true,"valueName":"search_term_string"}}],"inLanguage":"de"},{"@type":"Organization","@id":"https:\/\/mfinox.com\/de\/#organization","name":"M.F. INOX","url":"https:\/\/mfinox.com\/de\/","logo":{"@type":"ImageObject","inLanguage":"de","@id":"https:\/\/mfinox.com\/de\/#\/schema\/logo\/image\/","url":"https:\/\/mfinox.com\/wp-content\/uploads\/2024\/05\/mf-inox_logo_neg.png","contentUrl":"https:\/\/mfinox.com\/wp-content\/uploads\/2024\/05\/mf-inox_logo_neg.png","width":1949,"height":662,"caption":"M.F. INOX"},"image":{"@id":"https:\/\/mfinox.com\/de\/#\/schema\/logo\/image\/"}}]}},"_links":{"self":[{"href":"https:\/\/mfinox.com\/de\/wp-json\/wp\/v2\/pages\/5926","targetHints":{"allow":["GET"]}}],"collection":[{"href":"https:\/\/mfinox.com\/de\/wp-json\/wp\/v2\/pages"}],"about":[{"href":"https:\/\/mfinox.com\/de\/wp-json\/wp\/v2\/types\/page"}],"author":[{"embeddable":true,"href":"https:\/\/mfinox.com\/de\/wp-json\/wp\/v2\/users\/1"}],"replies":[{"embeddable":true,"href":"https:\/\/mfinox.com\/de\/wp-json\/wp\/v2\/comments?post=5926"}],"version-history":[{"count":0,"href":"https:\/\/mfinox.com\/de\/wp-json\/wp\/v2\/pages\/5926\/revisions"}],"up":[{"embeddable":true,"href":"https:\/\/mfinox.com\/de\/wp-json\/wp\/v2\/pages\/6018"}],"wp:featuredmedia":[{"embeddable":true,"href":"https:\/\/mfinox.com\/de\/wp-json\/wp\/v2\/media\/2413"}],"wp:attachment":[{"href":"https:\/\/mfinox.com\/de\/wp-json\/wp\/v2\/media?parent=5926"}],"curies":[{"name":"wp","href":"https:\/\/api.w.org\/{rel}","templated":true}]}}