{"id":5907,"date":"2024-06-13T07:07:12","date_gmt":"2024-06-13T07:07:12","guid":{"rendered":"https:\/\/mfinox.com\/besondere-stuecke\/"},"modified":"2024-09-06T10:24:22","modified_gmt":"2024-09-06T10:24:22","slug":"besondere-stuecke","status":"publish","type":"page","link":"https:\/\/mfinox.com\/de\/produkte\/besondere-stuecke\/","title":{"rendered":"Besondere St\u00fccke"},"content":{"rendered":"\t\t<div data-elementor-type=\"wp-page\" data-elementor-id=\"5907\" class=\"elementor elementor-5907 elementor-1880\" data-elementor-post-type=\"page\">\n\t\t\t\t<div class=\"elementor-element elementor-element-77ebc078 e-flex e-con-boxed e-con e-parent\" data-id=\"77ebc078\" data-element_type=\"container\" data-e-type=\"container\" data-settings=\"{&quot;background_background&quot;:&quot;classic&quot;}\">\n\t\t\t\t\t<div class=\"e-con-inner\">\n\t\t\t\t<div class=\"elementor-element elementor-element-53a0d90d elementor-invisible elementor-widget elementor-widget-heading\" data-id=\"53a0d90d\" data-element_type=\"widget\" data-e-type=\"widget\" data-settings=\"{&quot;_animation&quot;:&quot;fadeIn&quot;}\" data-widget_type=\"heading.default\">\n\t\t\t\t<div class=\"elementor-widget-container\">\n\t\t\t\t\t<h1 class=\"elementor-heading-title elementor-size-default\">Besondere St\u00fccke<\/h1>\t\t\t\t<\/div>\n\t\t\t\t<\/div>\n\t\t\t\t<div class=\"elementor-element elementor-element-5e4539a4 elementor-invisible elementor-widget elementor-widget-shortcode\" data-id=\"5e4539a4\" data-element_type=\"widget\" data-e-type=\"widget\" data-settings=\"{&quot;_animation&quot;:&quot;fadeIn&quot;}\" data-widget_type=\"shortcode.default\">\n\t\t\t\t<div class=\"elementor-widget-container\">\n\t\t\t\t\t\t\t<div class=\"elementor-shortcode\"><nav aria-label=\"breadcrumb\"><div class=\"breadcrumb\"><span class=\"breadcrumb-item\"><a href=\"https:\/\/mfinox.com\/de\/\" style=\"color: #F3912E;\">Home<\/a><\/span><\/div><\/nav><\/div>\n\t\t\t\t\t\t<\/div>\n\t\t\t\t<\/div>\n\t\t\t\t\t<\/div>\n\t\t\t\t<\/div>\n\t\t<div class=\"elementor-element elementor-element-1a06979b e-flex e-con-boxed elementor-invisible e-con e-parent\" data-id=\"1a06979b\" data-element_type=\"container\" data-e-type=\"container\" data-settings=\"{&quot;animation&quot;:&quot;fadeInUp&quot;}\">\n\t\t\t\t\t<div class=\"e-con-inner\">\n\t\t\t\t<div class=\"elementor-element elementor-element-6f803ce4 elementor-widget elementor-widget-text-editor\" data-id=\"6f803ce4\" data-element_type=\"widget\" data-e-type=\"widget\" data-widget_type=\"text-editor.default\">\n\t\t\t\t<div class=\"elementor-widget-container\">\n\t\t\t\t\t\t\t\t\t<p>MF INOX srl ist auf die Herstellung von Spezialteilen f\u00fcr die Bereiche \u00d6l &amp; Gas, Energie, Infrastruktur, Unterwasser und Marine spezialisiert.<br \/>\nUnsere L\u00f6sungen werden auch in Zusammenarbeit mit unseren Kunden hergestellt, um extremen Umweltbedingungen wie korrosiven Umgebungen und sowohl niedrigen als auch hohen Temperaturen zu widerstehen. <\/p>\n<p>Wir verf\u00fcgen \u00fcber eine Reihe fortschrittlicher Materialien, die den spezifischen Anforderungen jeder Anwendung gerecht werden, mit einem Betriebstemperaturbereich von -196\u00b0C bis \u00fcber 1000\u00b0C.<br \/>\nDiese Bedingungen sind typisch f\u00fcr kryogene Umgebungen, in denen eine hohe K\u00e4ltebest\u00e4ndigkeit erforderlich ist, oder f\u00fcr Industrieanlagen, in denen die von den Maschinen w\u00e4hrend des Betriebs erzeugte Hitze Hochleistungskomponenten erfordert. <\/p>\n<p>Wir verwenden hochwertige Materialien, die entsprechend der Betriebsumgebung ausgew\u00e4hlt werden, darunter Edelstahl, Nickellegierungen und andere Speziallegierungen, die eine maximale Korrosions- und Oxidationsbest\u00e4ndigkeit garantieren und gleichzeitig Zuverl\u00e4ssigkeit, Sicherheit und Langlebigkeit gew\u00e4hrleisten.<\/p>\n<p>Durch die Verwendung von Hochleistungsmaterialien tragen unsere Spezialteile erheblich zur Energieeinsparung bei, indem sie die Betriebseffizienz verbessern und den Verbrauch senken.<\/p>\n<p>Wenn Sie sich f\u00fcr MF INOX srl entscheiden, investieren Sie in Produkte, die auch unter den anspruchsvollsten Bedingungen hervorragende Leistungen bieten.<\/p>\n\t\t\t\t\t\t\t\t<\/div>\n\t\t\t\t<\/div>\n\t\t\t\t\t<\/div>\n\t\t\t\t<\/div>\n\t\t<div class=\"elementor-element elementor-element-3e85288 e-flex e-con-boxed e-con e-parent\" data-id=\"3e85288\" data-element_type=\"container\" data-e-type=\"container\">\n\t\t\t\t\t<div class=\"e-con-inner\">\n\t\t\t\t<div class=\"elementor-element elementor-element-6d34da3 elementor-widget elementor-widget-shortcode\" data-id=\"6d34da3\" data-element_type=\"widget\" data-e-type=\"widget\" data-widget_type=\"shortcode.default\">\n\t\t\t\t<div class=\"elementor-widget-container\">\n\t\t\t\t\t\t\t<div class=\"elementor-shortcode\">\t\t<div data-elementor-type=\"section\" data-elementor-id=\"3064\" class=\"elementor elementor-3064\" data-elementor-post-type=\"elementor_library\">\n\t\t\t<div class=\"elementor-element elementor-element-41265a3 e-flex e-con-boxed e-con e-parent\" data-id=\"41265a3\" data-element_type=\"container\" data-e-type=\"container\">\n\t\t\t\t\t<div class=\"e-con-inner\">\n\t\t\t\t<div class=\"elementor-element elementor-element-bcf5082 elementor-widget elementor-widget-shortcode\" data-id=\"bcf5082\" data-element_type=\"widget\" data-e-type=\"widget\" data-widget_type=\"shortcode.default\">\n\t\t\t\t<div class=\"elementor-widget-container\">\n\t\t\t\t\t\t\t<div class=\"elementor-shortcode\">\t\t<div data-elementor-type=\"section\" data-elementor-id=\"1050\" class=\"elementor elementor-1050\" data-elementor-post-type=\"elementor_library\">\n\t\t\t<div class=\"elementor-element elementor-element-44c4cce e-flex e-con-boxed e-con e-parent\" data-id=\"44c4cce\" data-element_type=\"container\" data-e-type=\"container\">\n\t\t\t\t\t<div class=\"e-con-inner\">\n\t\t\t\t<div class=\"elementor-element elementor-element-f4915f6 elementor-align-center elementor-widget elementor-widget-button\" data-id=\"f4915f6\" data-element_type=\"widget\" data-e-type=\"widget\" data-widget_type=\"button.default\">\n\t\t\t\t<div class=\"elementor-widget-container\">\n\t\t\t\t\t\t\t\t\t<div class=\"elementor-button-wrapper\">\n\t\t\t\t\t<a class=\"elementor-button elementor-button-link elementor-size-sm\" href=\"https:\/\/mfinox.com\/contatti\/\">\n\t\t\t\t\t\t<span class=\"elementor-button-content-wrapper\">\n\t\t\t\t\t\t\t\t\t<span class=\"elementor-button-text\">Contattaci<\/span>\n\t\t\t\t\t<\/span>\n\t\t\t\t\t<\/a>\n\t\t\t\t<\/div>\n\t\t\t\t\t\t\t\t<\/div>\n\t\t\t\t<\/div>\n\t\t\t\t\t<\/div>\n\t\t\t\t<\/div>\n\t\t\t\t<\/div>\n\t\t<\/div>\n\t\t\t\t\t\t<\/div>\n\t\t\t\t<\/div>\n\t\t\t\t\t<\/div>\n\t\t\t\t<\/div>\n\t\t\t\t<\/div>\n\t\t<\/div>\n\t\t\t\t\t\t<\/div>\n\t\t\t\t<\/div>\n\t\t\t\t\t<\/div>\n\t\t\t\t<\/div>\n\t\t\t\t<\/div>\n\t\t","protected":false},"excerpt":{"rendered":"<p>Besondere St\u00fccke MF INOX srl ist auf die Herstellung von Spezialteilen f\u00fcr die Bereiche \u00d6l &amp; Gas, Energie, Infrastruktur, Unterwasser und Marine spezialisiert. Unsere L\u00f6sungen werden auch in Zusammenarbeit mit unseren Kunden hergestellt, um extremen Umweltbedingungen wie korrosiven Umgebungen und sowohl niedrigen als auch hohen Temperaturen zu widerstehen. Wir verf\u00fcgen \u00fcber eine Reihe fortschrittlicher Materialien, [&hellip;]<\/p>\n","protected":false},"author":1,"featured_media":0,"parent":6018,"menu_order":0,"comment_status":"closed","ping_status":"closed","template":"","meta":{"footnotes":""},"class_list":["post-5907","page","type-page","status-publish","hentry"],"yoast_head":"<!-- This site is optimized with the Yoast SEO plugin v27.6 - https:\/\/yoast.com\/product\/yoast-seo-wordpress\/ -->\n<title>Besondere St\u00fccke - M.F. INOX<\/title>\n<meta name=\"robots\" content=\"index, follow, max-snippet:-1, max-image-preview:large, max-video-preview:-1\" \/>\n<link rel=\"canonical\" href=\"https:\/\/mfinox.com\/de\/produkte\/besondere-stuecke\/\" \/>\n<meta property=\"og:locale\" content=\"de_DE\" \/>\n<meta property=\"og:type\" content=\"article\" \/>\n<meta property=\"og:title\" content=\"Besondere St\u00fccke - M.F. INOX\" \/>\n<meta property=\"og:description\" content=\"Besondere St\u00fccke MF INOX srl ist auf die Herstellung von Spezialteilen f\u00fcr die Bereiche \u00d6l &amp; Gas, Energie, Infrastruktur, Unterwasser und Marine spezialisiert. Unsere L\u00f6sungen werden auch in Zusammenarbeit mit unseren Kunden hergestellt, um extremen Umweltbedingungen wie korrosiven Umgebungen und sowohl niedrigen als auch hohen Temperaturen zu widerstehen. Wir verf\u00fcgen \u00fcber eine Reihe fortschrittlicher Materialien, [&hellip;]\" \/>\n<meta property=\"og:url\" content=\"https:\/\/mfinox.com\/de\/produkte\/besondere-stuecke\/\" \/>\n<meta property=\"og:site_name\" content=\"M.F. INOX\" \/>\n<meta property=\"article:modified_time\" content=\"2024-09-06T10:24:22+00:00\" \/>\n<meta name=\"twitter:card\" content=\"summary_large_image\" \/>\n<meta name=\"twitter:label1\" content=\"Gesch\u00e4tzte Lesezeit\" \/>\n\t<meta name=\"twitter:data1\" content=\"1\u00a0Minute\" \/>\n<script type=\"application\/ld+json\" class=\"yoast-schema-graph\">{\"@context\":\"https:\\\/\\\/schema.org\",\"@graph\":[{\"@type\":\"WebPage\",\"@id\":\"https:\\\/\\\/mfinox.com\\\/de\\\/produkte\\\/besondere-stuecke\\\/\",\"url\":\"https:\\\/\\\/mfinox.com\\\/de\\\/produkte\\\/besondere-stuecke\\\/\",\"name\":\"Besondere St\u00fccke - M.F. INOX\",\"isPartOf\":{\"@id\":\"https:\\\/\\\/mfinox.com\\\/de\\\/#website\"},\"datePublished\":\"2024-06-13T07:07:12+00:00\",\"dateModified\":\"2024-09-06T10:24:22+00:00\",\"breadcrumb\":{\"@id\":\"https:\\\/\\\/mfinox.com\\\/de\\\/produkte\\\/besondere-stuecke\\\/#breadcrumb\"},\"inLanguage\":\"de\",\"potentialAction\":[{\"@type\":\"ReadAction\",\"target\":[\"https:\\\/\\\/mfinox.com\\\/de\\\/produkte\\\/besondere-stuecke\\\/\"]}]},{\"@type\":\"BreadcrumbList\",\"@id\":\"https:\\\/\\\/mfinox.com\\\/de\\\/produkte\\\/besondere-stuecke\\\/#breadcrumb\",\"itemListElement\":[{\"@type\":\"ListItem\",\"position\":1,\"name\":\"Home\",\"item\":\"https:\\\/\\\/mfinox.com\\\/de\\\/\"},{\"@type\":\"ListItem\",\"position\":2,\"name\":\"Produkte\",\"item\":\"https:\\\/\\\/mfinox.com\\\/de\\\/produkte\\\/\"},{\"@type\":\"ListItem\",\"position\":3,\"name\":\"Besondere St\u00fccke\"}]},{\"@type\":\"WebSite\",\"@id\":\"https:\\\/\\\/mfinox.com\\\/de\\\/#website\",\"url\":\"https:\\\/\\\/mfinox.com\\\/de\\\/\",\"name\":\"M.F. INOX\",\"description\":\"\",\"publisher\":{\"@id\":\"https:\\\/\\\/mfinox.com\\\/de\\\/#organization\"},\"potentialAction\":[{\"@type\":\"SearchAction\",\"target\":{\"@type\":\"EntryPoint\",\"urlTemplate\":\"https:\\\/\\\/mfinox.com\\\/de\\\/?s={search_term_string}\"},\"query-input\":{\"@type\":\"PropertyValueSpecification\",\"valueRequired\":true,\"valueName\":\"search_term_string\"}}],\"inLanguage\":\"de\"},{\"@type\":\"Organization\",\"@id\":\"https:\\\/\\\/mfinox.com\\\/de\\\/#organization\",\"name\":\"M.F. INOX\",\"url\":\"https:\\\/\\\/mfinox.com\\\/de\\\/\",\"logo\":{\"@type\":\"ImageObject\",\"inLanguage\":\"de\",\"@id\":\"https:\\\/\\\/mfinox.com\\\/de\\\/#\\\/schema\\\/logo\\\/image\\\/\",\"url\":\"https:\\\/\\\/mfinox.com\\\/wp-content\\\/uploads\\\/2024\\\/05\\\/mf-inox_logo_neg.png\",\"contentUrl\":\"https:\\\/\\\/mfinox.com\\\/wp-content\\\/uploads\\\/2024\\\/05\\\/mf-inox_logo_neg.png\",\"width\":1949,\"height\":662,\"caption\":\"M.F. INOX\"},\"image\":{\"@id\":\"https:\\\/\\\/mfinox.com\\\/de\\\/#\\\/schema\\\/logo\\\/image\\\/\"}}]}<\/script>\n<!-- \/ Yoast SEO plugin. -->","yoast_head_json":{"title":"Besondere St\u00fccke - M.F. INOX","robots":{"index":"index","follow":"follow","max-snippet":"max-snippet:-1","max-image-preview":"max-image-preview:large","max-video-preview":"max-video-preview:-1"},"canonical":"https:\/\/mfinox.com\/de\/produkte\/besondere-stuecke\/","og_locale":"de_DE","og_type":"article","og_title":"Besondere St\u00fccke - M.F. INOX","og_description":"Besondere St\u00fccke MF INOX srl ist auf die Herstellung von Spezialteilen f\u00fcr die Bereiche \u00d6l &amp; Gas, Energie, Infrastruktur, Unterwasser und Marine spezialisiert. Unsere L\u00f6sungen werden auch in Zusammenarbeit mit unseren Kunden hergestellt, um extremen Umweltbedingungen wie korrosiven Umgebungen und sowohl niedrigen als auch hohen Temperaturen zu widerstehen. Wir verf\u00fcgen \u00fcber eine Reihe fortschrittlicher Materialien, [&hellip;]","og_url":"https:\/\/mfinox.com\/de\/produkte\/besondere-stuecke\/","og_site_name":"M.F. INOX","article_modified_time":"2024-09-06T10:24:22+00:00","twitter_card":"summary_large_image","twitter_misc":{"Gesch\u00e4tzte Lesezeit":"1\u00a0Minute"},"schema":{"@context":"https:\/\/schema.org","@graph":[{"@type":"WebPage","@id":"https:\/\/mfinox.com\/de\/produkte\/besondere-stuecke\/","url":"https:\/\/mfinox.com\/de\/produkte\/besondere-stuecke\/","name":"Besondere St\u00fccke - M.F. INOX","isPartOf":{"@id":"https:\/\/mfinox.com\/de\/#website"},"datePublished":"2024-06-13T07:07:12+00:00","dateModified":"2024-09-06T10:24:22+00:00","breadcrumb":{"@id":"https:\/\/mfinox.com\/de\/produkte\/besondere-stuecke\/#breadcrumb"},"inLanguage":"de","potentialAction":[{"@type":"ReadAction","target":["https:\/\/mfinox.com\/de\/produkte\/besondere-stuecke\/"]}]},{"@type":"BreadcrumbList","@id":"https:\/\/mfinox.com\/de\/produkte\/besondere-stuecke\/#breadcrumb","itemListElement":[{"@type":"ListItem","position":1,"name":"Home","item":"https:\/\/mfinox.com\/de\/"},{"@type":"ListItem","position":2,"name":"Produkte","item":"https:\/\/mfinox.com\/de\/produkte\/"},{"@type":"ListItem","position":3,"name":"Besondere St\u00fccke"}]},{"@type":"WebSite","@id":"https:\/\/mfinox.com\/de\/#website","url":"https:\/\/mfinox.com\/de\/","name":"M.F. INOX","description":"","publisher":{"@id":"https:\/\/mfinox.com\/de\/#organization"},"potentialAction":[{"@type":"SearchAction","target":{"@type":"EntryPoint","urlTemplate":"https:\/\/mfinox.com\/de\/?s={search_term_string}"},"query-input":{"@type":"PropertyValueSpecification","valueRequired":true,"valueName":"search_term_string"}}],"inLanguage":"de"},{"@type":"Organization","@id":"https:\/\/mfinox.com\/de\/#organization","name":"M.F. INOX","url":"https:\/\/mfinox.com\/de\/","logo":{"@type":"ImageObject","inLanguage":"de","@id":"https:\/\/mfinox.com\/de\/#\/schema\/logo\/image\/","url":"https:\/\/mfinox.com\/wp-content\/uploads\/2024\/05\/mf-inox_logo_neg.png","contentUrl":"https:\/\/mfinox.com\/wp-content\/uploads\/2024\/05\/mf-inox_logo_neg.png","width":1949,"height":662,"caption":"M.F. INOX"},"image":{"@id":"https:\/\/mfinox.com\/de\/#\/schema\/logo\/image\/"}}]}},"_links":{"self":[{"href":"https:\/\/mfinox.com\/de\/wp-json\/wp\/v2\/pages\/5907","targetHints":{"allow":["GET"]}}],"collection":[{"href":"https:\/\/mfinox.com\/de\/wp-json\/wp\/v2\/pages"}],"about":[{"href":"https:\/\/mfinox.com\/de\/wp-json\/wp\/v2\/types\/page"}],"author":[{"embeddable":true,"href":"https:\/\/mfinox.com\/de\/wp-json\/wp\/v2\/users\/1"}],"replies":[{"embeddable":true,"href":"https:\/\/mfinox.com\/de\/wp-json\/wp\/v2\/comments?post=5907"}],"version-history":[{"count":0,"href":"https:\/\/mfinox.com\/de\/wp-json\/wp\/v2\/pages\/5907\/revisions"}],"up":[{"embeddable":true,"href":"https:\/\/mfinox.com\/de\/wp-json\/wp\/v2\/pages\/6018"}],"wp:attachment":[{"href":"https:\/\/mfinox.com\/de\/wp-json\/wp\/v2\/media?parent=5907"}],"curies":[{"name":"wp","href":"https:\/\/api.w.org\/{rel}","templated":true}]}}