{"id":5882,"date":"2024-06-18T17:06:20","date_gmt":"2024-06-18T17:06:20","guid":{"rendered":"https:\/\/mfinox.com\/materialien\/titan-grad-7-w-3-7235-uns-r52400\/"},"modified":"2024-09-06T10:08:31","modified_gmt":"2024-09-06T10:08:31","slug":"titan-grad-7-w-3-7235-uns-r52400","status":"publish","type":"page","link":"https:\/\/mfinox.com\/de\/materialien\/titan-grad-7-w-3-7235-uns-r52400\/","title":{"rendered":"Titan Grad 7 W 3.7235 UNS R52400"},"content":{"rendered":"\t\t<div data-elementor-type=\"wp-page\" data-elementor-id=\"5882\" class=\"elementor elementor-5882 elementor-2216\" data-elementor-post-type=\"page\">\n\t\t\t\t<div class=\"elementor-element elementor-element-569652a7 e-flex e-con-boxed e-con e-parent\" data-id=\"569652a7\" data-element_type=\"container\" data-e-type=\"container\" data-settings=\"{&quot;background_background&quot;:&quot;classic&quot;}\">\n\t\t\t\t\t<div class=\"e-con-inner\">\n\t\t\t\t<div class=\"elementor-element elementor-element-1d5c4ed0 titolo-materiali elementor-invisible elementor-widget elementor-widget-heading\" data-id=\"1d5c4ed0\" data-element_type=\"widget\" data-e-type=\"widget\" data-settings=\"{&quot;_animation&quot;:&quot;fadeIn&quot;}\" data-widget_type=\"heading.default\">\n\t\t\t\t<div class=\"elementor-widget-container\">\n\t\t\t\t\t<h1 class=\"elementor-heading-title elementor-size-default\">Titan Grad 7 W 3.7235 UNS R52400<\/h1>\t\t\t\t<\/div>\n\t\t\t\t<\/div>\n\t\t\t\t<div class=\"elementor-element elementor-element-bc50b9a elementor-invisible elementor-widget elementor-widget-shortcode\" data-id=\"bc50b9a\" data-element_type=\"widget\" data-e-type=\"widget\" data-settings=\"{&quot;_animation&quot;:&quot;fadeIn&quot;}\" data-widget_type=\"shortcode.default\">\n\t\t\t\t<div class=\"elementor-widget-container\">\n\t\t\t\t\t\t\t<div class=\"elementor-shortcode\"><nav aria-label=\"breadcrumb\"><div class=\"breadcrumb\"><span class=\"breadcrumb-item\"><a href=\"https:\/\/mfinox.com\/de\/\" style=\"color: #F3912E;\">Home<\/a><\/span><\/div><\/nav><\/div>\n\t\t\t\t\t\t<\/div>\n\t\t\t\t<\/div>\n\t\t\t\t\t<\/div>\n\t\t\t\t<\/div>\n\t\t<div class=\"elementor-element elementor-element-57e216 e-flex e-con-boxed elementor-invisible e-con e-parent\" data-id=\"57e216\" data-element_type=\"container\" data-e-type=\"container\" data-settings=\"{&quot;animation&quot;:&quot;fadeInUp&quot;}\">\n\t\t\t\t\t<div class=\"e-con-inner\">\n\t\t\t\t<div class=\"elementor-element elementor-element-5e2cbe45 elementor-widget elementor-widget-text-editor\" data-id=\"5e2cbe45\" data-element_type=\"widget\" data-e-type=\"widget\" data-widget_type=\"text-editor.default\">\n\t\t\t\t<div class=\"elementor-widget-container\">\n\t\t\t\t\t\t\t\t\tTitan Grade 7 W 3.7235 UNS R52400 ist eine ausgezeichnete Wahl f\u00fcr Anwendungen, die eine au\u00dfergew\u00f6hnliche Korrosionsbest\u00e4ndigkeit, ein geringes Gewicht und eine lange Lebensdauer erfordern.\nDank des Zusatzes von Palladium bietet Titan Grade 7 einen hervorragenden Schutz gegen die aggressivsten Umgebungen, einschlie\u00dflich der maritimen und chemischen, und ist damit ideal f\u00fcr Branchen wie Chemie, Luft- und Raumfahrt und Medizin.\nSeine einzigartige Kombination aus mechanischen Eigenschaften und Korrosionsbest\u00e4ndigkeit macht es zum Material der Wahl f\u00fcr Projekte, die langfristige Zuverl\u00e4ssigkeit und Leistung erfordern.    <h2><b>CHEMISCHE ZUSAMMENSETZUNG Titanium Grade 7 W 3.7235 UNS R52400<\/b><\/h2>\n<table class=\"responsive-table\">\n<tbody>\n<tr>\n<th>Element<\/th><th>Min<\/th><th>Max<\/th>\n<\/tr>\n<tr>\n<td>C max<\/td><td><\/td><td>0.08<\/td>\n<\/tr>\n<tr>\n<td>N<\/td><td><\/td><td>0.03<\/td>\n<\/tr>\n<tr>\n<td>H<\/td><td><\/td><td>0.015<\/td>\n<\/tr>\n<tr>\n<td>Fe<\/td><td><\/td><td>0.30<\/td>\n<\/tr>\n<tr>\n<td>O<\/td><td><\/td><td>0.25<\/td>\n<\/tr>\n<tr>\n<td>Pd<\/td><td>0.12<\/td><td>0.25<\/td>\n<\/tr>\n<tr>\n<td>Fe max<\/td><td><\/td><td>0.25<\/td>\n<\/tr>\n<tr>\n<td>Ti<\/td><td><\/td><td>bal<\/td>\n<\/tr>\n<\/tbody>\n<\/table>\n<h2><b>MECHANISCHE EIGENSCHAFTEN Titanium Grade 7 W 3.7235 UNS R52400<\/b><\/h2>\n<table class=\"responsive-table\">\n<tbody>\n<tr>\n<th>Material<\/th>\n<th>Liga<\/th>\n<th>Rm (MPa)<\/th>\n<th>Rp 0,2 (MPa)<\/th>\n<th>A% min<\/th>\n<th>Max. H\u00e4rte<\/th>\n<\/tr>\n<tr>\n<td>Titan Grad 7<\/td>\n<td>3.7235<\/td>\n<td>345 &#8211; 550<\/td>\n<td>275 &#8211; 450<\/td>\n<td>10 &#8211; 20<\/td>\n<td>140-180 HV<\/td>\n<\/tr>\n<\/tbody>\n<\/table>\n<h2><b>PHYSIKALISCHE EIGENSCHAFTEN Titan Grade 7 W 3.7235 UNS R52400<\/b><\/h2>\n<ul>\n \t<li>Massendichte: g\/cm3 20\u00b0C &#8211; 4.48<\/li>\n \t<li>Elastizit\u00e4tsmodul: N\/mm2 20\u00b0C &#8211; 114.000<\/li>\n \t<li>Amagnetisch<\/li>\n<\/ul>\n<h2><b>AKTUELL Titan Grad 7 W 3.7235 UNS R52400<\/b><\/h2>\n<ul>\n \t<li>ASTM: B348<\/li>\n \t<li>W: 3.7235<\/li>\n \t<li>UNS: R52400<\/li>\n<\/ul>\n\t\t<div data-elementor-type=\"section\" data-elementor-id=\"2152\" class=\"elementor elementor-2152\" data-elementor-post-type=\"elementor_library\">\n\t\t\t<div class=\"elementor-element elementor-element-1a5312d e-flex e-con-boxed e-con e-parent\" data-id=\"1a5312d\" data-element_type=\"container\" data-e-type=\"container\">\n\t\t\t\t\t<div class=\"e-con-inner\">\n\t\t\t\t<div class=\"elementor-element elementor-element-703a4b7 elementor-widget elementor-widget-spacer\" data-id=\"703a4b7\" data-element_type=\"widget\" data-e-type=\"widget\" data-widget_type=\"spacer.default\">\n\t\t\t\t<div class=\"elementor-widget-container\">\n\t\t\t\t\t\t\t<div class=\"elementor-spacer\">\n\t\t\t<div class=\"elementor-spacer-inner\"><\/div>\n\t\t<\/div>\n\t\t\t\t\t\t<\/div>\n\t\t\t\t<\/div>\n\t\t\t\t\t<\/div>\n\t\t\t\t<\/div>\n\t\t\t\t<\/div>\n\t\t\t\t\t\t\t\t\t\t<\/div>\n\t\t\t\t<\/div>\n\t\t\t\t\t<\/div>\n\t\t\t\t<\/div>\n\t\t\t\t<\/div>\n\t\t","protected":false},"excerpt":{"rendered":"<p>Titan Grad 7 W 3.7235 UNS R52400 Titan Grade 7 W 3.7235 UNS R52400 ist eine ausgezeichnete Wahl f\u00fcr Anwendungen, die eine au\u00dfergew\u00f6hnliche Korrosionsbest\u00e4ndigkeit, ein geringes Gewicht und eine lange Lebensdauer erfordern. Dank des Zusatzes von Palladium bietet Titan Grade 7 einen hervorragenden Schutz gegen die aggressivsten Umgebungen, einschlie\u00dflich der maritimen und chemischen, und ist [&hellip;]<\/p>\n","protected":false},"author":1,"featured_media":0,"parent":4508,"menu_order":0,"comment_status":"closed","ping_status":"closed","template":"","meta":{"footnotes":""},"class_list":["post-5882","page","type-page","status-publish","hentry"],"yoast_head":"<!-- This site is optimized with the Yoast SEO plugin v27.6 - https:\/\/yoast.com\/product\/yoast-seo-wordpress\/ -->\n<title>Titan Grad 7 W 3.7235 UNS R52400 - M.F. INOX<\/title>\n<meta name=\"robots\" content=\"index, follow, max-snippet:-1, max-image-preview:large, max-video-preview:-1\" \/>\n<link rel=\"canonical\" href=\"https:\/\/mfinox.com\/de\/materialien\/titan-grad-7-w-3-7235-uns-r52400\/\" \/>\n<meta property=\"og:locale\" content=\"de_DE\" \/>\n<meta property=\"og:type\" content=\"article\" \/>\n<meta property=\"og:title\" content=\"Titan Grad 7 W 3.7235 UNS R52400 - M.F. INOX\" \/>\n<meta property=\"og:description\" content=\"Titan Grad 7 W 3.7235 UNS R52400 Titan Grade 7 W 3.7235 UNS R52400 ist eine ausgezeichnete Wahl f\u00fcr Anwendungen, die eine au\u00dfergew\u00f6hnliche Korrosionsbest\u00e4ndigkeit, ein geringes Gewicht und eine lange Lebensdauer erfordern. Dank des Zusatzes von Palladium bietet Titan Grade 7 einen hervorragenden Schutz gegen die aggressivsten Umgebungen, einschlie\u00dflich der maritimen und chemischen, und ist [&hellip;]\" \/>\n<meta property=\"og:url\" content=\"https:\/\/mfinox.com\/de\/materialien\/titan-grad-7-w-3-7235-uns-r52400\/\" \/>\n<meta property=\"og:site_name\" content=\"M.F. INOX\" \/>\n<meta property=\"article:modified_time\" content=\"2024-09-06T10:08:31+00:00\" \/>\n<meta name=\"twitter:card\" content=\"summary_large_image\" \/>\n<meta name=\"twitter:label1\" content=\"Gesch\u00e4tzte Lesezeit\" \/>\n\t<meta name=\"twitter:data1\" content=\"1\u00a0Minute\" \/>\n<script type=\"application\/ld+json\" class=\"yoast-schema-graph\">{\"@context\":\"https:\\\/\\\/schema.org\",\"@graph\":[{\"@type\":\"WebPage\",\"@id\":\"https:\\\/\\\/mfinox.com\\\/de\\\/materialien\\\/titan-grad-7-w-3-7235-uns-r52400\\\/\",\"url\":\"https:\\\/\\\/mfinox.com\\\/de\\\/materialien\\\/titan-grad-7-w-3-7235-uns-r52400\\\/\",\"name\":\"Titan Grad 7 W 3.7235 UNS R52400 - M.F. INOX\",\"isPartOf\":{\"@id\":\"https:\\\/\\\/mfinox.com\\\/de\\\/#website\"},\"datePublished\":\"2024-06-18T17:06:20+00:00\",\"dateModified\":\"2024-09-06T10:08:31+00:00\",\"breadcrumb\":{\"@id\":\"https:\\\/\\\/mfinox.com\\\/de\\\/materialien\\\/titan-grad-7-w-3-7235-uns-r52400\\\/#breadcrumb\"},\"inLanguage\":\"de\",\"potentialAction\":[{\"@type\":\"ReadAction\",\"target\":[\"https:\\\/\\\/mfinox.com\\\/de\\\/materialien\\\/titan-grad-7-w-3-7235-uns-r52400\\\/\"]}]},{\"@type\":\"BreadcrumbList\",\"@id\":\"https:\\\/\\\/mfinox.com\\\/de\\\/materialien\\\/titan-grad-7-w-3-7235-uns-r52400\\\/#breadcrumb\",\"itemListElement\":[{\"@type\":\"ListItem\",\"position\":1,\"name\":\"Home\",\"item\":\"https:\\\/\\\/mfinox.com\\\/de\\\/\"},{\"@type\":\"ListItem\",\"position\":2,\"name\":\"Materialien\",\"item\":\"https:\\\/\\\/mfinox.com\\\/de\\\/materialien\\\/\"},{\"@type\":\"ListItem\",\"position\":3,\"name\":\"Titan Grad 7 W 3.7235 UNS R52400\"}]},{\"@type\":\"WebSite\",\"@id\":\"https:\\\/\\\/mfinox.com\\\/de\\\/#website\",\"url\":\"https:\\\/\\\/mfinox.com\\\/de\\\/\",\"name\":\"M.F. INOX\",\"description\":\"\",\"publisher\":{\"@id\":\"https:\\\/\\\/mfinox.com\\\/de\\\/#organization\"},\"potentialAction\":[{\"@type\":\"SearchAction\",\"target\":{\"@type\":\"EntryPoint\",\"urlTemplate\":\"https:\\\/\\\/mfinox.com\\\/de\\\/?s={search_term_string}\"},\"query-input\":{\"@type\":\"PropertyValueSpecification\",\"valueRequired\":true,\"valueName\":\"search_term_string\"}}],\"inLanguage\":\"de\"},{\"@type\":\"Organization\",\"@id\":\"https:\\\/\\\/mfinox.com\\\/de\\\/#organization\",\"name\":\"M.F. INOX\",\"url\":\"https:\\\/\\\/mfinox.com\\\/de\\\/\",\"logo\":{\"@type\":\"ImageObject\",\"inLanguage\":\"de\",\"@id\":\"https:\\\/\\\/mfinox.com\\\/de\\\/#\\\/schema\\\/logo\\\/image\\\/\",\"url\":\"https:\\\/\\\/mfinox.com\\\/wp-content\\\/uploads\\\/2024\\\/05\\\/mf-inox_logo_neg.png\",\"contentUrl\":\"https:\\\/\\\/mfinox.com\\\/wp-content\\\/uploads\\\/2024\\\/05\\\/mf-inox_logo_neg.png\",\"width\":1949,\"height\":662,\"caption\":\"M.F. INOX\"},\"image\":{\"@id\":\"https:\\\/\\\/mfinox.com\\\/de\\\/#\\\/schema\\\/logo\\\/image\\\/\"}}]}<\/script>\n<!-- \/ Yoast SEO plugin. -->","yoast_head_json":{"title":"Titan Grad 7 W 3.7235 UNS R52400 - M.F. INOX","robots":{"index":"index","follow":"follow","max-snippet":"max-snippet:-1","max-image-preview":"max-image-preview:large","max-video-preview":"max-video-preview:-1"},"canonical":"https:\/\/mfinox.com\/de\/materialien\/titan-grad-7-w-3-7235-uns-r52400\/","og_locale":"de_DE","og_type":"article","og_title":"Titan Grad 7 W 3.7235 UNS R52400 - M.F. INOX","og_description":"Titan Grad 7 W 3.7235 UNS R52400 Titan Grade 7 W 3.7235 UNS R52400 ist eine ausgezeichnete Wahl f\u00fcr Anwendungen, die eine au\u00dfergew\u00f6hnliche Korrosionsbest\u00e4ndigkeit, ein geringes Gewicht und eine lange Lebensdauer erfordern. Dank des Zusatzes von Palladium bietet Titan Grade 7 einen hervorragenden Schutz gegen die aggressivsten Umgebungen, einschlie\u00dflich der maritimen und chemischen, und ist [&hellip;]","og_url":"https:\/\/mfinox.com\/de\/materialien\/titan-grad-7-w-3-7235-uns-r52400\/","og_site_name":"M.F. INOX","article_modified_time":"2024-09-06T10:08:31+00:00","twitter_card":"summary_large_image","twitter_misc":{"Gesch\u00e4tzte Lesezeit":"1\u00a0Minute"},"schema":{"@context":"https:\/\/schema.org","@graph":[{"@type":"WebPage","@id":"https:\/\/mfinox.com\/de\/materialien\/titan-grad-7-w-3-7235-uns-r52400\/","url":"https:\/\/mfinox.com\/de\/materialien\/titan-grad-7-w-3-7235-uns-r52400\/","name":"Titan Grad 7 W 3.7235 UNS R52400 - M.F. INOX","isPartOf":{"@id":"https:\/\/mfinox.com\/de\/#website"},"datePublished":"2024-06-18T17:06:20+00:00","dateModified":"2024-09-06T10:08:31+00:00","breadcrumb":{"@id":"https:\/\/mfinox.com\/de\/materialien\/titan-grad-7-w-3-7235-uns-r52400\/#breadcrumb"},"inLanguage":"de","potentialAction":[{"@type":"ReadAction","target":["https:\/\/mfinox.com\/de\/materialien\/titan-grad-7-w-3-7235-uns-r52400\/"]}]},{"@type":"BreadcrumbList","@id":"https:\/\/mfinox.com\/de\/materialien\/titan-grad-7-w-3-7235-uns-r52400\/#breadcrumb","itemListElement":[{"@type":"ListItem","position":1,"name":"Home","item":"https:\/\/mfinox.com\/de\/"},{"@type":"ListItem","position":2,"name":"Materialien","item":"https:\/\/mfinox.com\/de\/materialien\/"},{"@type":"ListItem","position":3,"name":"Titan Grad 7 W 3.7235 UNS R52400"}]},{"@type":"WebSite","@id":"https:\/\/mfinox.com\/de\/#website","url":"https:\/\/mfinox.com\/de\/","name":"M.F. INOX","description":"","publisher":{"@id":"https:\/\/mfinox.com\/de\/#organization"},"potentialAction":[{"@type":"SearchAction","target":{"@type":"EntryPoint","urlTemplate":"https:\/\/mfinox.com\/de\/?s={search_term_string}"},"query-input":{"@type":"PropertyValueSpecification","valueRequired":true,"valueName":"search_term_string"}}],"inLanguage":"de"},{"@type":"Organization","@id":"https:\/\/mfinox.com\/de\/#organization","name":"M.F. INOX","url":"https:\/\/mfinox.com\/de\/","logo":{"@type":"ImageObject","inLanguage":"de","@id":"https:\/\/mfinox.com\/de\/#\/schema\/logo\/image\/","url":"https:\/\/mfinox.com\/wp-content\/uploads\/2024\/05\/mf-inox_logo_neg.png","contentUrl":"https:\/\/mfinox.com\/wp-content\/uploads\/2024\/05\/mf-inox_logo_neg.png","width":1949,"height":662,"caption":"M.F. INOX"},"image":{"@id":"https:\/\/mfinox.com\/de\/#\/schema\/logo\/image\/"}}]}},"_links":{"self":[{"href":"https:\/\/mfinox.com\/de\/wp-json\/wp\/v2\/pages\/5882","targetHints":{"allow":["GET"]}}],"collection":[{"href":"https:\/\/mfinox.com\/de\/wp-json\/wp\/v2\/pages"}],"about":[{"href":"https:\/\/mfinox.com\/de\/wp-json\/wp\/v2\/types\/page"}],"author":[{"embeddable":true,"href":"https:\/\/mfinox.com\/de\/wp-json\/wp\/v2\/users\/1"}],"replies":[{"embeddable":true,"href":"https:\/\/mfinox.com\/de\/wp-json\/wp\/v2\/comments?post=5882"}],"version-history":[{"count":0,"href":"https:\/\/mfinox.com\/de\/wp-json\/wp\/v2\/pages\/5882\/revisions"}],"up":[{"embeddable":true,"href":"https:\/\/mfinox.com\/de\/wp-json\/wp\/v2\/pages\/4508"}],"wp:attachment":[{"href":"https:\/\/mfinox.com\/de\/wp-json\/wp\/v2\/media?parent=5882"}],"curies":[{"name":"wp","href":"https:\/\/api.w.org\/{rel}","templated":true}]}}