{"id":5876,"date":"2024-06-18T17:13:02","date_gmt":"2024-06-18T17:13:02","guid":{"rendered":"https:\/\/mfinox.com\/materialien\/titan-grad-2-w-3-7035-uns-r50400\/"},"modified":"2024-09-06T10:05:48","modified_gmt":"2024-09-06T10:05:48","slug":"titan-grad-2-w-3-7035-uns-r50400","status":"publish","type":"page","link":"https:\/\/mfinox.com\/de\/materialien\/titan-grad-2-w-3-7035-uns-r50400\/","title":{"rendered":"Titan Grad 2 W 3.7035 UNS R50400"},"content":{"rendered":"\t\t<div data-elementor-type=\"wp-page\" data-elementor-id=\"5876\" class=\"elementor elementor-5876 elementor-2220\" data-elementor-post-type=\"page\">\n\t\t\t\t<div class=\"elementor-element elementor-element-7ed25694 e-flex e-con-boxed e-con e-parent\" data-id=\"7ed25694\" data-element_type=\"container\" data-e-type=\"container\" data-settings=\"{&quot;background_background&quot;:&quot;classic&quot;}\">\n\t\t\t\t\t<div class=\"e-con-inner\">\n\t\t\t\t<div class=\"elementor-element elementor-element-58b2d709 titolo-materiali elementor-invisible elementor-widget elementor-widget-heading\" data-id=\"58b2d709\" data-element_type=\"widget\" data-e-type=\"widget\" data-settings=\"{&quot;_animation&quot;:&quot;fadeIn&quot;}\" data-widget_type=\"heading.default\">\n\t\t\t\t<div class=\"elementor-widget-container\">\n\t\t\t\t\t<h1 class=\"elementor-heading-title elementor-size-default\">Titan Grad 2 W 3.7035 UNS R50400<\/h1>\t\t\t\t<\/div>\n\t\t\t\t<\/div>\n\t\t\t\t<div class=\"elementor-element elementor-element-298f5188 elementor-invisible elementor-widget elementor-widget-shortcode\" data-id=\"298f5188\" data-element_type=\"widget\" data-e-type=\"widget\" data-settings=\"{&quot;_animation&quot;:&quot;fadeIn&quot;}\" data-widget_type=\"shortcode.default\">\n\t\t\t\t<div class=\"elementor-widget-container\">\n\t\t\t\t\t\t\t<div class=\"elementor-shortcode\"><nav aria-label=\"breadcrumb\"><div class=\"breadcrumb\"><span class=\"breadcrumb-item\"><a href=\"https:\/\/mfinox.com\/de\/\" style=\"color: #F3912E;\">Home<\/a><\/span><\/div><\/nav><\/div>\n\t\t\t\t\t\t<\/div>\n\t\t\t\t<\/div>\n\t\t\t\t\t<\/div>\n\t\t\t\t<\/div>\n\t\t<div class=\"elementor-element elementor-element-4bacdbe4 e-flex e-con-boxed elementor-invisible e-con e-parent\" data-id=\"4bacdbe4\" data-element_type=\"container\" data-e-type=\"container\" data-settings=\"{&quot;animation&quot;:&quot;fadeInUp&quot;}\">\n\t\t\t\t\t<div class=\"e-con-inner\">\n\t\t\t\t<div class=\"elementor-element elementor-element-7e110ff2 elementor-widget elementor-widget-text-editor\" data-id=\"7e110ff2\" data-element_type=\"widget\" data-e-type=\"widget\" data-widget_type=\"text-editor.default\">\n\t\t\t\t<div class=\"elementor-widget-container\">\n\t\t\t\t\t\t\t\t\tTitan Grade 2 W 3.7035 UNS R50400 ist ein hervorragender Werkstoff, der f\u00fcr seine einzigartige Kombination aus geringem Gewicht, Korrosionsbest\u00e4ndigkeit und Festigkeit bekannt ist.\nTitan Grade 2 wird in zahlreichen Bereichen eingesetzt, von der Luft- und Raumfahrt bis zur Medizin, von industriellen Anwendungen bis zum Energiesektor, und bietet ein ideales Gleichgewicht zwischen Leistung und Zuverl\u00e4ssigkeit.\nDank seiner hohen Biokompatibilit\u00e4t wird es besonders im biomedizinischen Bereich f\u00fcr Implantate und Prothesen gesch\u00e4tzt.\nSeine Vielseitigkeit und seine au\u00dfergew\u00f6hnlichen Eigenschaften machen es zu einer unverzichtbaren Wahl f\u00fcr alle, die innovative und dauerhafte L\u00f6sungen suchen.     <h2><b>CHEMISCHE ZUSAMMENSETZUNG Titanium Grade 2 W 3.7035 UNS R50400<\/b><\/h2>\n<table class=\"responsive-table\">\n<tbody>\n<tr>\n<th>Element<\/th><th>Min<\/th><th>Max<\/th>\n<\/tr>\n<tr>\n<td>C max<\/td><td><\/td><td>0.08<\/td>\n<\/tr>\n<tr>\n<td>N<\/td><td><\/td><td>0.03<\/td>\n<\/tr>\n<tr>\n<td>H<\/td><td><\/td><td>0.03<\/td>\n<\/tr>\n<tr>\n<td>Fe max<\/td><td><\/td><td>0.30<\/td>\n<\/tr>\n<tr>\n<td>O<\/td><td><\/td><td>0.25<\/td>\n<\/tr>\n<tr>\n<td>Ti<\/td><td><\/td><td>bal<\/td>\n<\/tr>\n<\/tbody>\n<\/table>\n<h2><b>MECHANISCHE EIGENSCHAFTEN Titanium Grade 2 W 3.7035 UNS R50400<\/b><\/h2>\n<table class=\"responsive-table\">\n<tbody>\n<tr>\n<th>Material<\/th>\n<th>Liga<\/th>\n<th>Rm MPa<\/th>\n<th>Rp 0,2 MPa<\/th>\n<th>A% min<\/th>\n<th>Max. H\u00e4rte<\/th>\n<\/tr>\n<tr>\n<td>Titan Grad 2<\/td>\n<td>3.7035<\/td>\n<td>345<\/td>\n<td>276 &#8211; 448<\/td>\n<td>20<\/td>\n<td>160 HRB<\/td>\n<\/tr>\n<\/tbody>\n<\/table>\n<h2><b>PHYSISCHE MERKMALE<\/b><\/h2>\n<ul>\n \t<li>Massendichte: g\/cm\u00b3 20\u00b0C &#8211; 4.51<\/li>\n \t<li>Elastizit\u00e4tsmodul: N\/mm\u00b2 20\u00b0C &#8211; 105.000 &#8211; 120.000<\/li>\n \t<li>Amagnetisch<\/li>\n<\/ul>\n<h2><b>CURRENT Titan Grad 2 W 3.7035 UNS R50400<\/b><\/h2>\n<ul>\n \t<li>ASTM: B348 B381 F67<\/li>\n \t<li>W: 3.7035<\/li>\n \t<li>UNS: R50400<\/li>\n<\/ul>\n\t\t<div data-elementor-type=\"section\" data-elementor-id=\"2152\" class=\"elementor elementor-2152\" data-elementor-post-type=\"elementor_library\">\n\t\t\t<div class=\"elementor-element elementor-element-1a5312d e-flex e-con-boxed e-con e-parent\" data-id=\"1a5312d\" data-element_type=\"container\" data-e-type=\"container\">\n\t\t\t\t\t<div class=\"e-con-inner\">\n\t\t\t\t<div class=\"elementor-element elementor-element-703a4b7 elementor-widget elementor-widget-spacer\" data-id=\"703a4b7\" data-element_type=\"widget\" data-e-type=\"widget\" data-widget_type=\"spacer.default\">\n\t\t\t\t<div class=\"elementor-widget-container\">\n\t\t\t\t\t\t\t<div class=\"elementor-spacer\">\n\t\t\t<div class=\"elementor-spacer-inner\"><\/div>\n\t\t<\/div>\n\t\t\t\t\t\t<\/div>\n\t\t\t\t<\/div>\n\t\t\t\t\t<\/div>\n\t\t\t\t<\/div>\n\t\t\t\t<\/div>\n\t\t\t\t\t\t\t\t\t\t<\/div>\n\t\t\t\t<\/div>\n\t\t\t\t\t<\/div>\n\t\t\t\t<\/div>\n\t\t\t\t<\/div>\n\t\t","protected":false},"excerpt":{"rendered":"<p>Titan Grad 2 W 3.7035 UNS R50400 Titan Grade 2 W 3.7035 UNS R50400 ist ein hervorragender Werkstoff, der f\u00fcr seine einzigartige Kombination aus geringem Gewicht, Korrosionsbest\u00e4ndigkeit und Festigkeit bekannt ist. Titan Grade 2 wird in zahlreichen Bereichen eingesetzt, von der Luft- und Raumfahrt bis zur Medizin, von industriellen Anwendungen bis zum Energiesektor, und bietet [&hellip;]<\/p>\n","protected":false},"author":1,"featured_media":0,"parent":4508,"menu_order":0,"comment_status":"closed","ping_status":"closed","template":"","meta":{"footnotes":""},"class_list":["post-5876","page","type-page","status-publish","hentry"],"yoast_head":"<!-- This site is optimized with the Yoast SEO plugin v27.4 - https:\/\/yoast.com\/product\/yoast-seo-wordpress\/ -->\n<title>Titan Grad 2 W 3.7035 UNS R50400 - M.F. INOX<\/title>\n<meta name=\"robots\" content=\"index, follow, max-snippet:-1, max-image-preview:large, max-video-preview:-1\" \/>\n<link rel=\"canonical\" href=\"https:\/\/mfinox.com\/de\/materialien\/titan-grad-2-w-3-7035-uns-r50400\/\" \/>\n<meta property=\"og:locale\" content=\"de_DE\" \/>\n<meta property=\"og:type\" content=\"article\" \/>\n<meta property=\"og:title\" content=\"Titan Grad 2 W 3.7035 UNS R50400 - M.F. INOX\" \/>\n<meta property=\"og:description\" content=\"Titan Grad 2 W 3.7035 UNS R50400 Titan Grade 2 W 3.7035 UNS R50400 ist ein hervorragender Werkstoff, der f\u00fcr seine einzigartige Kombination aus geringem Gewicht, Korrosionsbest\u00e4ndigkeit und Festigkeit bekannt ist. Titan Grade 2 wird in zahlreichen Bereichen eingesetzt, von der Luft- und Raumfahrt bis zur Medizin, von industriellen Anwendungen bis zum Energiesektor, und bietet [&hellip;]\" \/>\n<meta property=\"og:url\" content=\"https:\/\/mfinox.com\/de\/materialien\/titan-grad-2-w-3-7035-uns-r50400\/\" \/>\n<meta property=\"og:site_name\" content=\"M.F. INOX\" \/>\n<meta property=\"article:modified_time\" content=\"2024-09-06T10:05:48+00:00\" \/>\n<meta name=\"twitter:card\" content=\"summary_large_image\" \/>\n<meta name=\"twitter:label1\" content=\"Gesch\u00e4tzte Lesezeit\" \/>\n\t<meta name=\"twitter:data1\" content=\"1\u00a0Minute\" \/>\n<script type=\"application\/ld+json\" class=\"yoast-schema-graph\">{\"@context\":\"https:\\\/\\\/schema.org\",\"@graph\":[{\"@type\":\"WebPage\",\"@id\":\"https:\\\/\\\/mfinox.com\\\/de\\\/materialien\\\/titan-grad-2-w-3-7035-uns-r50400\\\/\",\"url\":\"https:\\\/\\\/mfinox.com\\\/de\\\/materialien\\\/titan-grad-2-w-3-7035-uns-r50400\\\/\",\"name\":\"Titan Grad 2 W 3.7035 UNS R50400 - M.F. INOX\",\"isPartOf\":{\"@id\":\"https:\\\/\\\/mfinox.com\\\/de\\\/#website\"},\"datePublished\":\"2024-06-18T17:13:02+00:00\",\"dateModified\":\"2024-09-06T10:05:48+00:00\",\"breadcrumb\":{\"@id\":\"https:\\\/\\\/mfinox.com\\\/de\\\/materialien\\\/titan-grad-2-w-3-7035-uns-r50400\\\/#breadcrumb\"},\"inLanguage\":\"de\",\"potentialAction\":[{\"@type\":\"ReadAction\",\"target\":[\"https:\\\/\\\/mfinox.com\\\/de\\\/materialien\\\/titan-grad-2-w-3-7035-uns-r50400\\\/\"]}]},{\"@type\":\"BreadcrumbList\",\"@id\":\"https:\\\/\\\/mfinox.com\\\/de\\\/materialien\\\/titan-grad-2-w-3-7035-uns-r50400\\\/#breadcrumb\",\"itemListElement\":[{\"@type\":\"ListItem\",\"position\":1,\"name\":\"Home\",\"item\":\"https:\\\/\\\/mfinox.com\\\/de\\\/\"},{\"@type\":\"ListItem\",\"position\":2,\"name\":\"Materialien\",\"item\":\"https:\\\/\\\/mfinox.com\\\/de\\\/materialien\\\/\"},{\"@type\":\"ListItem\",\"position\":3,\"name\":\"Titan Grad 2 W 3.7035 UNS R50400\"}]},{\"@type\":\"WebSite\",\"@id\":\"https:\\\/\\\/mfinox.com\\\/de\\\/#website\",\"url\":\"https:\\\/\\\/mfinox.com\\\/de\\\/\",\"name\":\"M.F. INOX\",\"description\":\"\",\"publisher\":{\"@id\":\"https:\\\/\\\/mfinox.com\\\/de\\\/#organization\"},\"potentialAction\":[{\"@type\":\"SearchAction\",\"target\":{\"@type\":\"EntryPoint\",\"urlTemplate\":\"https:\\\/\\\/mfinox.com\\\/de\\\/?s={search_term_string}\"},\"query-input\":{\"@type\":\"PropertyValueSpecification\",\"valueRequired\":true,\"valueName\":\"search_term_string\"}}],\"inLanguage\":\"de\"},{\"@type\":\"Organization\",\"@id\":\"https:\\\/\\\/mfinox.com\\\/de\\\/#organization\",\"name\":\"M.F. INOX\",\"url\":\"https:\\\/\\\/mfinox.com\\\/de\\\/\",\"logo\":{\"@type\":\"ImageObject\",\"inLanguage\":\"de\",\"@id\":\"https:\\\/\\\/mfinox.com\\\/de\\\/#\\\/schema\\\/logo\\\/image\\\/\",\"url\":\"https:\\\/\\\/mfinox.com\\\/wp-content\\\/uploads\\\/2024\\\/05\\\/mf-inox_logo_neg.png\",\"contentUrl\":\"https:\\\/\\\/mfinox.com\\\/wp-content\\\/uploads\\\/2024\\\/05\\\/mf-inox_logo_neg.png\",\"width\":1949,\"height\":662,\"caption\":\"M.F. INOX\"},\"image\":{\"@id\":\"https:\\\/\\\/mfinox.com\\\/de\\\/#\\\/schema\\\/logo\\\/image\\\/\"}}]}<\/script>\n<!-- \/ Yoast SEO plugin. -->","yoast_head_json":{"title":"Titan Grad 2 W 3.7035 UNS R50400 - M.F. INOX","robots":{"index":"index","follow":"follow","max-snippet":"max-snippet:-1","max-image-preview":"max-image-preview:large","max-video-preview":"max-video-preview:-1"},"canonical":"https:\/\/mfinox.com\/de\/materialien\/titan-grad-2-w-3-7035-uns-r50400\/","og_locale":"de_DE","og_type":"article","og_title":"Titan Grad 2 W 3.7035 UNS R50400 - M.F. INOX","og_description":"Titan Grad 2 W 3.7035 UNS R50400 Titan Grade 2 W 3.7035 UNS R50400 ist ein hervorragender Werkstoff, der f\u00fcr seine einzigartige Kombination aus geringem Gewicht, Korrosionsbest\u00e4ndigkeit und Festigkeit bekannt ist. Titan Grade 2 wird in zahlreichen Bereichen eingesetzt, von der Luft- und Raumfahrt bis zur Medizin, von industriellen Anwendungen bis zum Energiesektor, und bietet [&hellip;]","og_url":"https:\/\/mfinox.com\/de\/materialien\/titan-grad-2-w-3-7035-uns-r50400\/","og_site_name":"M.F. INOX","article_modified_time":"2024-09-06T10:05:48+00:00","twitter_card":"summary_large_image","twitter_misc":{"Gesch\u00e4tzte Lesezeit":"1\u00a0Minute"},"schema":{"@context":"https:\/\/schema.org","@graph":[{"@type":"WebPage","@id":"https:\/\/mfinox.com\/de\/materialien\/titan-grad-2-w-3-7035-uns-r50400\/","url":"https:\/\/mfinox.com\/de\/materialien\/titan-grad-2-w-3-7035-uns-r50400\/","name":"Titan Grad 2 W 3.7035 UNS R50400 - M.F. INOX","isPartOf":{"@id":"https:\/\/mfinox.com\/de\/#website"},"datePublished":"2024-06-18T17:13:02+00:00","dateModified":"2024-09-06T10:05:48+00:00","breadcrumb":{"@id":"https:\/\/mfinox.com\/de\/materialien\/titan-grad-2-w-3-7035-uns-r50400\/#breadcrumb"},"inLanguage":"de","potentialAction":[{"@type":"ReadAction","target":["https:\/\/mfinox.com\/de\/materialien\/titan-grad-2-w-3-7035-uns-r50400\/"]}]},{"@type":"BreadcrumbList","@id":"https:\/\/mfinox.com\/de\/materialien\/titan-grad-2-w-3-7035-uns-r50400\/#breadcrumb","itemListElement":[{"@type":"ListItem","position":1,"name":"Home","item":"https:\/\/mfinox.com\/de\/"},{"@type":"ListItem","position":2,"name":"Materialien","item":"https:\/\/mfinox.com\/de\/materialien\/"},{"@type":"ListItem","position":3,"name":"Titan Grad 2 W 3.7035 UNS R50400"}]},{"@type":"WebSite","@id":"https:\/\/mfinox.com\/de\/#website","url":"https:\/\/mfinox.com\/de\/","name":"M.F. INOX","description":"","publisher":{"@id":"https:\/\/mfinox.com\/de\/#organization"},"potentialAction":[{"@type":"SearchAction","target":{"@type":"EntryPoint","urlTemplate":"https:\/\/mfinox.com\/de\/?s={search_term_string}"},"query-input":{"@type":"PropertyValueSpecification","valueRequired":true,"valueName":"search_term_string"}}],"inLanguage":"de"},{"@type":"Organization","@id":"https:\/\/mfinox.com\/de\/#organization","name":"M.F. INOX","url":"https:\/\/mfinox.com\/de\/","logo":{"@type":"ImageObject","inLanguage":"de","@id":"https:\/\/mfinox.com\/de\/#\/schema\/logo\/image\/","url":"https:\/\/mfinox.com\/wp-content\/uploads\/2024\/05\/mf-inox_logo_neg.png","contentUrl":"https:\/\/mfinox.com\/wp-content\/uploads\/2024\/05\/mf-inox_logo_neg.png","width":1949,"height":662,"caption":"M.F. INOX"},"image":{"@id":"https:\/\/mfinox.com\/de\/#\/schema\/logo\/image\/"}}]}},"_links":{"self":[{"href":"https:\/\/mfinox.com\/de\/wp-json\/wp\/v2\/pages\/5876","targetHints":{"allow":["GET"]}}],"collection":[{"href":"https:\/\/mfinox.com\/de\/wp-json\/wp\/v2\/pages"}],"about":[{"href":"https:\/\/mfinox.com\/de\/wp-json\/wp\/v2\/types\/page"}],"author":[{"embeddable":true,"href":"https:\/\/mfinox.com\/de\/wp-json\/wp\/v2\/users\/1"}],"replies":[{"embeddable":true,"href":"https:\/\/mfinox.com\/de\/wp-json\/wp\/v2\/comments?post=5876"}],"version-history":[{"count":0,"href":"https:\/\/mfinox.com\/de\/wp-json\/wp\/v2\/pages\/5876\/revisions"}],"up":[{"embeddable":true,"href":"https:\/\/mfinox.com\/de\/wp-json\/wp\/v2\/pages\/4508"}],"wp:attachment":[{"href":"https:\/\/mfinox.com\/de\/wp-json\/wp\/v2\/media?parent=5876"}],"curies":[{"name":"wp","href":"https:\/\/api.w.org\/{rel}","templated":true}]}}