{"id":5873,"date":"2024-06-18T17:16:32","date_gmt":"2024-06-18T17:16:32","guid":{"rendered":"https:\/\/mfinox.com\/materialien\/nitronic-60-a193-b8s-uns-s21800-alloy-218\/"},"modified":"2024-09-06T10:05:16","modified_gmt":"2024-09-06T10:05:16","slug":"nitronic-60-a193-b8s-uns-s21800-alloy-218","status":"publish","type":"page","link":"https:\/\/mfinox.com\/de\/materialien\/nitronic-60-a193-b8s-uns-s21800-alloy-218\/","title":{"rendered":"NITRONIC\u00ae 60 A193 B8S UNS S21800 ALLOY 218"},"content":{"rendered":"\t\t<div data-elementor-type=\"wp-page\" data-elementor-id=\"5873\" class=\"elementor elementor-5873 elementor-2222\" data-elementor-post-type=\"page\">\n\t\t\t\t<div class=\"elementor-element elementor-element-be8b89c e-flex e-con-boxed e-con e-parent\" data-id=\"be8b89c\" data-element_type=\"container\" data-e-type=\"container\" data-settings=\"{&quot;background_background&quot;:&quot;classic&quot;}\">\n\t\t\t\t\t<div class=\"e-con-inner\">\n\t\t\t\t<div class=\"elementor-element elementor-element-338127d titolo-materiali elementor-invisible elementor-widget elementor-widget-heading\" data-id=\"338127d\" data-element_type=\"widget\" data-e-type=\"widget\" data-settings=\"{&quot;_animation&quot;:&quot;fadeIn&quot;}\" data-widget_type=\"heading.default\">\n\t\t\t\t<div class=\"elementor-widget-container\">\n\t\t\t\t\t<h1 class=\"elementor-heading-title elementor-size-default\">NITRONIC\u00ae 60 A193 B8S UNS S21800 ALLOY 218  <\/h1>\t\t\t\t<\/div>\n\t\t\t\t<\/div>\n\t\t\t\t<div class=\"elementor-element elementor-element-3d983748 elementor-invisible elementor-widget elementor-widget-shortcode\" data-id=\"3d983748\" data-element_type=\"widget\" data-e-type=\"widget\" data-settings=\"{&quot;_animation&quot;:&quot;fadeIn&quot;}\" data-widget_type=\"shortcode.default\">\n\t\t\t\t<div class=\"elementor-widget-container\">\n\t\t\t\t\t\t\t<div class=\"elementor-shortcode\"><nav aria-label=\"breadcrumb\"><div class=\"breadcrumb\"><span class=\"breadcrumb-item\"><a href=\"https:\/\/mfinox.com\/de\/\" style=\"color: #F3912E;\">Home<\/a><\/span><\/div><\/nav><\/div>\n\t\t\t\t\t\t<\/div>\n\t\t\t\t<\/div>\n\t\t\t\t\t<\/div>\n\t\t\t\t<\/div>\n\t\t<div class=\"elementor-element elementor-element-2604736f e-flex e-con-boxed elementor-invisible e-con e-parent\" data-id=\"2604736f\" data-element_type=\"container\" data-e-type=\"container\" data-settings=\"{&quot;animation&quot;:&quot;fadeInUp&quot;}\">\n\t\t\t\t\t<div class=\"e-con-inner\">\n\t\t\t\t<div class=\"elementor-element elementor-element-255dec3c elementor-widget elementor-widget-text-editor\" data-id=\"255dec3c\" data-element_type=\"widget\" data-e-type=\"widget\" data-widget_type=\"text-editor.default\">\n\t\t\t\t<div class=\"elementor-widget-container\">\n\t\t\t\t\t\t\t\t\tNITRONIC\u00ae 60 A193 B8S UNS S21800 ALLOY 218 ist ein austenitischer rostfreier Stahl mit au\u00dfergew\u00f6hnlicher Fressfestigkeit sowohl bei Raumtemperatur als auch bei erh\u00f6hten Temperaturen.\nSeine Korrosionsbest\u00e4ndigkeit ist besser als die der Serie AISI 304, w\u00e4hrend seine Best\u00e4ndigkeit gegen Chloridpitting besser ist als die von AISI 316.\nAuch die Streckgrenze bei Raumtemperatur ist fast doppelt so hoch wie die von AISI 304 und AISI 316.\nDer rostfreie Stahl NITRONIC\u00ae 60 A193 B8S UNS S21800 ALLOY 218 ist ein erstklassiges Material, das f\u00fcr Ventilsch\u00e4fte, -sitze und -auskleidungen, Befestigungssysteme, Kettentriebe, Stifte, Buchsen und Rollenlager sowie allgemein f\u00fcr Pumpenkomponenten verwendet wird.     <h2><b>CHEMISCHE ZUSAMMENSETZUNG NITRONIC\u00ae 60 A193 B8S UNS S21800 ALLOY 218<\/b><\/h2>\n<table class=\"responsive-table\">\n<tbody>\n<tr>\n<th>Element<\/th><th>Min<\/th><th>Max<\/th>\n<\/tr>\n<tr>\n<td>Ni<\/td><td>8.00<\/td><td>9.00<\/td>\n<\/tr>\n<tr>\n<td>Cr<\/td><td>16.00<\/td><td>18.00<\/td>\n<\/tr>\n<tr>\n<td>Mo<\/td><td><\/td><td>0.75<\/td>\n<\/tr>\n<tr>\n<td>P<\/td><td><\/td><td>0.06<\/td>\n<\/tr>\n<tr>\n<td>N<\/td><td>0.08<\/td><td>0.18<\/td>\n<\/tr>\n<tr>\n<td>C<\/td><td><\/td><td>0.10<\/td>\n<\/tr>\n<tr>\n<td>Mn<\/td><td>7.00<\/td><td>9.00<\/td>\n<\/tr>\n<tr>\n<td>Ja<\/td><td>3.50<\/td><td>4.50<\/td>\n<\/tr>\n<tr>\n<td>P<\/td><td><\/td><td>0.040<\/td>\n<\/tr>\n<tr>\n<td>V<\/td>\n<td><\/td>\n<td><\/td>\n<\/tr>\n<tr>\n<td>S<\/td><td><\/td><td>0.030<\/td>\n<\/tr>\n<\/tbody>\n<\/table>\n<h2><b>MECHANISCHE EIGENSCHAFTEN NITRONIC\u00ae 60 A193 B8S UNS S21800 ALLOY 218<\/b><\/h2>\n<table class=\"responsive-table\">\n<tbody>\n<tr>\n<th>Material<\/th>\n<th>Liga<\/th>\n<th>Rm min (MPa)<\/th>\n<th>Rp 0,2 min (MPa)<\/th>\n<th>A% min<\/th>\n<th>Max. H\u00e4rte<\/th>\n<\/tr>\n<tr>\n<td>NITRONIC\u00ae 60 A193 B8S UNS S21800<\/td>\n<td>A218<\/td>\n<td>710<\/td>\n<td>414<\/td>\n<td>64<\/td>\n<td>241 HB<\/td>\n<\/tr>\n<\/tbody>\n<\/table>\n<h2><b>PHYSIKALISCHE EIGENSCHAFTEN NITRONIC\u00ae 60 A193 B8S UNS S21800 ALLOY 218<\/b><\/h2>\n<ul>\n \t<li>Dichte bei 20\u00b0C: 7,60 kg\/dm\u00b3<\/li>\n \t<li>Elastizit\u00e4tsmodul bei 20\u00b0C: 181.000 N\/mm\u00b2<\/li>\n \t<li>Linearer Ausdehnungskoeffizient: 158 \u00b5m\/m \u00b0C (20 &#8211; 93 \u00b0C)<\/li>\n<\/ul>\n<h2><b>PASSEND ZU NITRONIC\u00ae 60 A193 B8S UNS S21800 ALLOY 218<\/b><\/h2>\n<ul>\n \t<li>DE: UNS S21800<\/li>\n \t<li>AISI: 218<\/li>\n \t<li>ASTM: A193 B8S A194 8S<\/li>\n<\/ul>\n\t\t<div data-elementor-type=\"section\" data-elementor-id=\"2152\" class=\"elementor elementor-2152\" data-elementor-post-type=\"elementor_library\">\n\t\t\t<div class=\"elementor-element elementor-element-1a5312d e-flex e-con-boxed e-con e-parent\" data-id=\"1a5312d\" data-element_type=\"container\" data-e-type=\"container\">\n\t\t\t\t\t<div class=\"e-con-inner\">\n\t\t\t\t<div class=\"elementor-element elementor-element-703a4b7 elementor-widget elementor-widget-spacer\" data-id=\"703a4b7\" data-element_type=\"widget\" data-e-type=\"widget\" data-widget_type=\"spacer.default\">\n\t\t\t\t<div class=\"elementor-widget-container\">\n\t\t\t\t\t\t\t<div class=\"elementor-spacer\">\n\t\t\t<div class=\"elementor-spacer-inner\"><\/div>\n\t\t<\/div>\n\t\t\t\t\t\t<\/div>\n\t\t\t\t<\/div>\n\t\t\t\t\t<\/div>\n\t\t\t\t<\/div>\n\t\t\t\t<\/div>\n\t\t\t\t\t\t\t\t\t\t<\/div>\n\t\t\t\t<\/div>\n\t\t\t\t\t<\/div>\n\t\t\t\t<\/div>\n\t\t\t\t<\/div>\n\t\t","protected":false},"excerpt":{"rendered":"<p>NITRONIC\u00ae 60 A193 B8S UNS S21800 ALLOY 218 NITRONIC\u00ae 60 A193 B8S UNS S21800 ALLOY 218 ist ein austenitischer rostfreier Stahl mit au\u00dfergew\u00f6hnlicher Fressfestigkeit sowohl bei Raumtemperatur als auch bei erh\u00f6hten Temperaturen. Seine Korrosionsbest\u00e4ndigkeit ist besser als die der Serie AISI 304, w\u00e4hrend seine Best\u00e4ndigkeit gegen Chloridpitting besser ist als die von AISI 316. Auch [&hellip;]<\/p>\n","protected":false},"author":1,"featured_media":0,"parent":4508,"menu_order":0,"comment_status":"closed","ping_status":"closed","template":"","meta":{"footnotes":""},"class_list":["post-5873","page","type-page","status-publish","hentry"],"yoast_head":"<!-- This site is optimized with the Yoast SEO plugin v27.6 - https:\/\/yoast.com\/product\/yoast-seo-wordpress\/ -->\n<title>NITRONIC\u00ae 60 A193 B8S UNS S21800 ALLOY 218 - M.F. INOX<\/title>\n<meta name=\"robots\" content=\"index, follow, max-snippet:-1, max-image-preview:large, max-video-preview:-1\" \/>\n<link rel=\"canonical\" href=\"https:\/\/mfinox.com\/de\/materialien\/nitronic-60-a193-b8s-uns-s21800-alloy-218\/\" \/>\n<meta property=\"og:locale\" content=\"de_DE\" \/>\n<meta property=\"og:type\" content=\"article\" \/>\n<meta property=\"og:title\" content=\"NITRONIC\u00ae 60 A193 B8S UNS S21800 ALLOY 218 - M.F. INOX\" \/>\n<meta property=\"og:description\" content=\"NITRONIC\u00ae 60 A193 B8S UNS S21800 ALLOY 218 NITRONIC\u00ae 60 A193 B8S UNS S21800 ALLOY 218 ist ein austenitischer rostfreier Stahl mit au\u00dfergew\u00f6hnlicher Fressfestigkeit sowohl bei Raumtemperatur als auch bei erh\u00f6hten Temperaturen. Seine Korrosionsbest\u00e4ndigkeit ist besser als die der Serie AISI 304, w\u00e4hrend seine Best\u00e4ndigkeit gegen Chloridpitting besser ist als die von AISI 316. Auch [&hellip;]\" \/>\n<meta property=\"og:url\" content=\"https:\/\/mfinox.com\/de\/materialien\/nitronic-60-a193-b8s-uns-s21800-alloy-218\/\" \/>\n<meta property=\"og:site_name\" content=\"M.F. INOX\" \/>\n<meta property=\"article:modified_time\" content=\"2024-09-06T10:05:16+00:00\" \/>\n<meta name=\"twitter:card\" content=\"summary_large_image\" \/>\n<meta name=\"twitter:label1\" content=\"Gesch\u00e4tzte Lesezeit\" \/>\n\t<meta name=\"twitter:data1\" content=\"1\u00a0Minute\" \/>\n<script type=\"application\/ld+json\" class=\"yoast-schema-graph\">{\"@context\":\"https:\\\/\\\/schema.org\",\"@graph\":[{\"@type\":\"WebPage\",\"@id\":\"https:\\\/\\\/mfinox.com\\\/de\\\/materialien\\\/nitronic-60-a193-b8s-uns-s21800-alloy-218\\\/\",\"url\":\"https:\\\/\\\/mfinox.com\\\/de\\\/materialien\\\/nitronic-60-a193-b8s-uns-s21800-alloy-218\\\/\",\"name\":\"NITRONIC\u00ae 60 A193 B8S UNS S21800 ALLOY 218 - M.F. INOX\",\"isPartOf\":{\"@id\":\"https:\\\/\\\/mfinox.com\\\/de\\\/#website\"},\"datePublished\":\"2024-06-18T17:16:32+00:00\",\"dateModified\":\"2024-09-06T10:05:16+00:00\",\"breadcrumb\":{\"@id\":\"https:\\\/\\\/mfinox.com\\\/de\\\/materialien\\\/nitronic-60-a193-b8s-uns-s21800-alloy-218\\\/#breadcrumb\"},\"inLanguage\":\"de\",\"potentialAction\":[{\"@type\":\"ReadAction\",\"target\":[\"https:\\\/\\\/mfinox.com\\\/de\\\/materialien\\\/nitronic-60-a193-b8s-uns-s21800-alloy-218\\\/\"]}]},{\"@type\":\"BreadcrumbList\",\"@id\":\"https:\\\/\\\/mfinox.com\\\/de\\\/materialien\\\/nitronic-60-a193-b8s-uns-s21800-alloy-218\\\/#breadcrumb\",\"itemListElement\":[{\"@type\":\"ListItem\",\"position\":1,\"name\":\"Home\",\"item\":\"https:\\\/\\\/mfinox.com\\\/de\\\/\"},{\"@type\":\"ListItem\",\"position\":2,\"name\":\"Materialien\",\"item\":\"https:\\\/\\\/mfinox.com\\\/de\\\/materialien\\\/\"},{\"@type\":\"ListItem\",\"position\":3,\"name\":\"NITRONIC\u00ae 60 A193 B8S UNS S21800 ALLOY 218\"}]},{\"@type\":\"WebSite\",\"@id\":\"https:\\\/\\\/mfinox.com\\\/de\\\/#website\",\"url\":\"https:\\\/\\\/mfinox.com\\\/de\\\/\",\"name\":\"M.F. INOX\",\"description\":\"\",\"publisher\":{\"@id\":\"https:\\\/\\\/mfinox.com\\\/de\\\/#organization\"},\"potentialAction\":[{\"@type\":\"SearchAction\",\"target\":{\"@type\":\"EntryPoint\",\"urlTemplate\":\"https:\\\/\\\/mfinox.com\\\/de\\\/?s={search_term_string}\"},\"query-input\":{\"@type\":\"PropertyValueSpecification\",\"valueRequired\":true,\"valueName\":\"search_term_string\"}}],\"inLanguage\":\"de\"},{\"@type\":\"Organization\",\"@id\":\"https:\\\/\\\/mfinox.com\\\/de\\\/#organization\",\"name\":\"M.F. INOX\",\"url\":\"https:\\\/\\\/mfinox.com\\\/de\\\/\",\"logo\":{\"@type\":\"ImageObject\",\"inLanguage\":\"de\",\"@id\":\"https:\\\/\\\/mfinox.com\\\/de\\\/#\\\/schema\\\/logo\\\/image\\\/\",\"url\":\"https:\\\/\\\/mfinox.com\\\/wp-content\\\/uploads\\\/2024\\\/05\\\/mf-inox_logo_neg.png\",\"contentUrl\":\"https:\\\/\\\/mfinox.com\\\/wp-content\\\/uploads\\\/2024\\\/05\\\/mf-inox_logo_neg.png\",\"width\":1949,\"height\":662,\"caption\":\"M.F. INOX\"},\"image\":{\"@id\":\"https:\\\/\\\/mfinox.com\\\/de\\\/#\\\/schema\\\/logo\\\/image\\\/\"}}]}<\/script>\n<!-- \/ Yoast SEO plugin. -->","yoast_head_json":{"title":"NITRONIC\u00ae 60 A193 B8S UNS S21800 ALLOY 218 - M.F. INOX","robots":{"index":"index","follow":"follow","max-snippet":"max-snippet:-1","max-image-preview":"max-image-preview:large","max-video-preview":"max-video-preview:-1"},"canonical":"https:\/\/mfinox.com\/de\/materialien\/nitronic-60-a193-b8s-uns-s21800-alloy-218\/","og_locale":"de_DE","og_type":"article","og_title":"NITRONIC\u00ae 60 A193 B8S UNS S21800 ALLOY 218 - M.F. INOX","og_description":"NITRONIC\u00ae 60 A193 B8S UNS S21800 ALLOY 218 NITRONIC\u00ae 60 A193 B8S UNS S21800 ALLOY 218 ist ein austenitischer rostfreier Stahl mit au\u00dfergew\u00f6hnlicher Fressfestigkeit sowohl bei Raumtemperatur als auch bei erh\u00f6hten Temperaturen. Seine Korrosionsbest\u00e4ndigkeit ist besser als die der Serie AISI 304, w\u00e4hrend seine Best\u00e4ndigkeit gegen Chloridpitting besser ist als die von AISI 316. Auch [&hellip;]","og_url":"https:\/\/mfinox.com\/de\/materialien\/nitronic-60-a193-b8s-uns-s21800-alloy-218\/","og_site_name":"M.F. INOX","article_modified_time":"2024-09-06T10:05:16+00:00","twitter_card":"summary_large_image","twitter_misc":{"Gesch\u00e4tzte Lesezeit":"1\u00a0Minute"},"schema":{"@context":"https:\/\/schema.org","@graph":[{"@type":"WebPage","@id":"https:\/\/mfinox.com\/de\/materialien\/nitronic-60-a193-b8s-uns-s21800-alloy-218\/","url":"https:\/\/mfinox.com\/de\/materialien\/nitronic-60-a193-b8s-uns-s21800-alloy-218\/","name":"NITRONIC\u00ae 60 A193 B8S UNS S21800 ALLOY 218 - M.F. INOX","isPartOf":{"@id":"https:\/\/mfinox.com\/de\/#website"},"datePublished":"2024-06-18T17:16:32+00:00","dateModified":"2024-09-06T10:05:16+00:00","breadcrumb":{"@id":"https:\/\/mfinox.com\/de\/materialien\/nitronic-60-a193-b8s-uns-s21800-alloy-218\/#breadcrumb"},"inLanguage":"de","potentialAction":[{"@type":"ReadAction","target":["https:\/\/mfinox.com\/de\/materialien\/nitronic-60-a193-b8s-uns-s21800-alloy-218\/"]}]},{"@type":"BreadcrumbList","@id":"https:\/\/mfinox.com\/de\/materialien\/nitronic-60-a193-b8s-uns-s21800-alloy-218\/#breadcrumb","itemListElement":[{"@type":"ListItem","position":1,"name":"Home","item":"https:\/\/mfinox.com\/de\/"},{"@type":"ListItem","position":2,"name":"Materialien","item":"https:\/\/mfinox.com\/de\/materialien\/"},{"@type":"ListItem","position":3,"name":"NITRONIC\u00ae 60 A193 B8S UNS S21800 ALLOY 218"}]},{"@type":"WebSite","@id":"https:\/\/mfinox.com\/de\/#website","url":"https:\/\/mfinox.com\/de\/","name":"M.F. INOX","description":"","publisher":{"@id":"https:\/\/mfinox.com\/de\/#organization"},"potentialAction":[{"@type":"SearchAction","target":{"@type":"EntryPoint","urlTemplate":"https:\/\/mfinox.com\/de\/?s={search_term_string}"},"query-input":{"@type":"PropertyValueSpecification","valueRequired":true,"valueName":"search_term_string"}}],"inLanguage":"de"},{"@type":"Organization","@id":"https:\/\/mfinox.com\/de\/#organization","name":"M.F. INOX","url":"https:\/\/mfinox.com\/de\/","logo":{"@type":"ImageObject","inLanguage":"de","@id":"https:\/\/mfinox.com\/de\/#\/schema\/logo\/image\/","url":"https:\/\/mfinox.com\/wp-content\/uploads\/2024\/05\/mf-inox_logo_neg.png","contentUrl":"https:\/\/mfinox.com\/wp-content\/uploads\/2024\/05\/mf-inox_logo_neg.png","width":1949,"height":662,"caption":"M.F. INOX"},"image":{"@id":"https:\/\/mfinox.com\/de\/#\/schema\/logo\/image\/"}}]}},"_links":{"self":[{"href":"https:\/\/mfinox.com\/de\/wp-json\/wp\/v2\/pages\/5873","targetHints":{"allow":["GET"]}}],"collection":[{"href":"https:\/\/mfinox.com\/de\/wp-json\/wp\/v2\/pages"}],"about":[{"href":"https:\/\/mfinox.com\/de\/wp-json\/wp\/v2\/types\/page"}],"author":[{"embeddable":true,"href":"https:\/\/mfinox.com\/de\/wp-json\/wp\/v2\/users\/1"}],"replies":[{"embeddable":true,"href":"https:\/\/mfinox.com\/de\/wp-json\/wp\/v2\/comments?post=5873"}],"version-history":[{"count":0,"href":"https:\/\/mfinox.com\/de\/wp-json\/wp\/v2\/pages\/5873\/revisions"}],"up":[{"embeddable":true,"href":"https:\/\/mfinox.com\/de\/wp-json\/wp\/v2\/pages\/4508"}],"wp:attachment":[{"href":"https:\/\/mfinox.com\/de\/wp-json\/wp\/v2\/media?parent=5873"}],"curies":[{"name":"wp","href":"https:\/\/api.w.org\/{rel}","templated":true}]}}