{"id":5858,"date":"2024-07-28T12:55:01","date_gmt":"2024-07-28T12:55:01","guid":{"rendered":"https:\/\/mfinox.com\/materialien\/werkstoff-1-4542-aisi-630\/"},"modified":"2024-09-06T09:59:39","modified_gmt":"2024-09-06T09:59:39","slug":"werkstoff-1-4542-aisi-630","status":"publish","type":"page","link":"https:\/\/mfinox.com\/de\/materialien\/werkstoff-1-4542-aisi-630\/","title":{"rendered":"Werkstoff 1.4542 AISI 630"},"content":{"rendered":"\t\t<div data-elementor-type=\"wp-page\" data-elementor-id=\"5858\" class=\"elementor elementor-5858 elementor-5043\" data-elementor-post-type=\"page\">\n\t\t\t\t<div class=\"elementor-element elementor-element-6b1a673d e-flex e-con-boxed e-con e-parent\" data-id=\"6b1a673d\" data-element_type=\"container\" data-e-type=\"container\" data-settings=\"{&quot;background_background&quot;:&quot;classic&quot;}\">\n\t\t\t\t\t<div class=\"e-con-inner\">\n\t\t\t\t<div class=\"elementor-element elementor-element-20a3dd79 titolo-materiali elementor-invisible elementor-widget elementor-widget-heading\" data-id=\"20a3dd79\" data-element_type=\"widget\" data-e-type=\"widget\" data-settings=\"{&quot;_animation&quot;:&quot;fadeIn&quot;}\" data-widget_type=\"heading.default\">\n\t\t\t\t<div class=\"elementor-widget-container\">\n\t\t\t\t\t<h1 class=\"elementor-heading-title elementor-size-default\">Werkstoff 1.4542 AISI 630<\/h1>\t\t\t\t<\/div>\n\t\t\t\t<\/div>\n\t\t\t\t<div class=\"elementor-element elementor-element-59f47aeb elementor-invisible elementor-widget elementor-widget-shortcode\" data-id=\"59f47aeb\" data-element_type=\"widget\" data-e-type=\"widget\" data-settings=\"{&quot;_animation&quot;:&quot;fadeIn&quot;}\" data-widget_type=\"shortcode.default\">\n\t\t\t\t<div class=\"elementor-widget-container\">\n\t\t\t\t\t\t\t<div class=\"elementor-shortcode\"><nav aria-label=\"breadcrumb\"><div class=\"breadcrumb\"><span class=\"breadcrumb-item\"><a href=\"https:\/\/mfinox.com\/de\/\" style=\"color: #F3912E;\">Home<\/a><\/span><\/div><\/nav><\/div>\n\t\t\t\t\t\t<\/div>\n\t\t\t\t<\/div>\n\t\t\t\t\t<\/div>\n\t\t\t\t<\/div>\n\t\t<div class=\"elementor-element elementor-element-1d9944b6 e-flex e-con-boxed elementor-invisible e-con e-parent\" data-id=\"1d9944b6\" data-element_type=\"container\" data-e-type=\"container\" data-settings=\"{&quot;animation&quot;:&quot;fadeInUp&quot;}\">\n\t\t\t\t\t<div class=\"e-con-inner\">\n\t\t\t\t<div class=\"elementor-element elementor-element-1da7632e elementor-widget elementor-widget-text-editor\" data-id=\"1da7632e\" data-element_type=\"widget\" data-e-type=\"widget\" data-widget_type=\"text-editor.default\">\n\t\t\t\t<div class=\"elementor-widget-container\">\n\t\t\t\t\t\t\t\t\tDer 17-4 PH Werkstoff 1.4542 AISI 630 ist ein martensitischer rostfreier Stahl mit hervorragenden mechanischen Eigenschaften und betr\u00e4chtlicher Korrosionsbest\u00e4ndigkeit.\nDank seiner chemischen Zusammensetzung, die Chrom, Nickel und Kupfer enth\u00e4lt, kann dieser Werkstoff durch eine thermische Alterungsbehandlung (Ausscheidung) eine hohe H\u00e4rte und Festigkeit erreichen.\nDie Verwendung von 17-4 PH Werkstoff 1.4542 AISI 630 bei der Herstellung von Bolzen bietet mehrere Vorteile:    <ul>\n \t<li><b>Hohe mechanische Festigkeit<\/b>: Nach der Alterungsbehandlung kann es eine Zugfestigkeit von bis zu 1100-1300 MPa erreichen.<\/li>\n \t<li><b>Korrosionsbest\u00e4ndigkeit<\/b>: Das Vorhandensein von Chrom sorgt f\u00fcr eine gute Korrosionsbest\u00e4ndigkeit, die der von Kohlenstoffst\u00e4hlen und herk\u00f6mmlichen martensitischen Edelst\u00e4hlen \u00fcberlegen ist.<\/li>\n \t<li><b>Gute Verarbeitbarkeit<\/b>: Vor der Alterungsbehandlung ist das Material relativ weich und l\u00e4sst sich leicht verarbeiten.<\/li>\n<\/ul>  Dank dieser Eigenschaften eignet sich 17-4 PH Werkstoff 1.4542 AISI 630 ideal f\u00fcr Verschraubungen in Bereichen wie Energie und Maschinenbau, in denen mechanische Festigkeit und Korrosionsbest\u00e4ndigkeit von entscheidender Bedeutung sind.  <h2><b>CHEMISCHE ZUSAMMENSETZUNG 17-4 PH Werkstoff 1.4542 AISI 630<\/b><\/h2>\n<table class=\"responsive-table\">\n<tbody>\n<tr>\n<th>Element<\/th><th>Min<\/th><th>Max<\/th>\n<\/tr>\n<tr>\n<td>Ni<\/td><td>3.0<\/td><td>5.0<\/td>\n<\/tr>\n<tr>\n<td>Cr<\/td><td>15.0<\/td><td>17.5<\/td>\n<\/tr>\n<tr>\n<td>P<\/td><td><\/td><td>0.040<\/td>\n<\/tr>\n<tr>\n<td>Nb+Ta<\/td><td>0.15<\/td><td>0.45<\/td>\n<\/tr>\n<tr>\n<td>C<\/td><td><\/td><td>0.07<\/td>\n<\/tr>\n<tr>\n<td>Mn<\/td><td><\/td><td>1.00<\/td>\n<\/tr>\n<tr>\n<td>Ja<\/td><td><\/td><td>1.00<\/td>\n<\/tr>\n<tr>\n<td>P<\/td><td><\/td><td>0.040<\/td>\n<\/tr>\n<tr>\n<td>Cu<\/td><td>3.0<\/td><td>5.0<\/td>\n<\/tr>\n<tr>\n<td>S<\/td><td><\/td><td>0.03<\/td>\n<\/tr>\n<\/tbody>\n<\/table>\n<h2><b>MECHANISCHE EIGENSCHAFTEN 17-4 PH Werkstoff 1.4542 AISI 630<\/b><\/h2>\n<table class=\"responsive-table\">\n<tbody>\n<tr>\n<th>Zustand<\/th>\n<th>W\u00e4rmebehandlung (\u00b0C)<\/th>\n<th>Zeit (h)<\/th>\n<th>Rm MPa min<\/th>\n<th>Rp 0,2 MPa min<\/th>\n<th>Min. H\u00e4rte (HRC)<\/th>\n<\/tr>\n<tr>\n<td>H900<\/td>\n<td>480<\/td>\n<td>1<\/td>\n<td>1310<\/td>\n<td>1170<\/td>\n<td>40<\/td>\n<\/tr>\n<tr>\n<td>H925<\/td>\n<td>495<\/td>\n<td>4<\/td>\n<td>1170<\/td>\n<td>1070<\/td>\n<td>38<\/td>\n<\/tr>\n<tr>\n<td>H1025<\/td>\n<td>550<\/td>\n<td>4<\/td>\n<td>1070<\/td>\n<td>1000<\/td>\n<td>35<\/td>\n<\/tr>\n<tr>\n<td>H1075<\/td>\n<td>580<\/td>\n<td>4<\/td>\n<td>1000<\/td>\n<td>860<\/td>\n<td>32<\/td>\n<\/tr>\n<tr>\n<td>H1100<\/td>\n<td>595<\/td>\n<td>4<\/td>\n<td>965<\/td>\n<td>795<\/td>\n<td>31<\/td>\n<\/tr>\n<tr>\n<td>H1150<\/td>\n<td>620<\/td>\n<td>4<\/td>\n<td>930<\/td>\n<td>725<\/td>\n<td>28<\/td>\n<\/tr>\n<tr>\n<td>H1150M<\/td>\n<td>760 + 620<\/td>\n<td>2 + 4<\/td>\n<td>795<\/td>\n<td>520<\/td>\n<td>24<\/td>\n<\/tr>\n<tr>\n<td>H1150D<\/td>\n<td>620 + 620<\/td>\n<td>4 + 4<\/td>\n<td>860<\/td>\n<td>725<\/td>\n<td>24<\/td>\n<\/tr>\n<\/tbody>\n<\/table>\n<h2><b>PHYSIKALISCHE EIGENSCHAFTEN 17-4 PH Werkstoff 1.4542 AISI 630<\/b><\/h2>  Massendichte: bei 20\u00b0C 7,75 kg\/dm\n<sup>3<\/sup> Elastizit\u00e4tsmodul: bei 20\u00b0C 196.000 N\/mm\n<sup>2<\/sup> L\u00e4ngenausdehnungskoeffizient: 108 \u00b5m\/m \u00b0C (10 &#8211; 100\u00b0C)  <h2><b>KORRESPONDENZEN UND SPEZIFIKATIONEN 17-4 PH Werkstoff 1.4542 AISI 630<\/b><\/h2>\n<table class=\"responsive-table\">\n        <tr>\n            <th>Standard<\/th><th>Beschreibung<\/th>\n        <\/tr>\n        <tr><td>EN<\/td><td>10088-3<\/td><\/tr>\n        <tr><td>AISI<\/td><td>630<\/td><\/tr>\n        <tr><td>ASTM<\/td><td>A564<\/td><\/tr>\n        <tr><td>UNS<\/td><td>S17400<\/td><\/tr>\n        <tr><td>JIS<\/td><td>JUS630<\/td><\/tr>\n        <tr><td>NACE<\/td><td>MR0175<\/td><\/tr>\n    <\/table>\n\t\t<div data-elementor-type=\"section\" data-elementor-id=\"2152\" class=\"elementor elementor-2152\" data-elementor-post-type=\"elementor_library\">\n\t\t\t<div class=\"elementor-element elementor-element-1a5312d e-flex e-con-boxed e-con e-parent\" data-id=\"1a5312d\" data-element_type=\"container\" data-e-type=\"container\">\n\t\t\t\t\t<div class=\"e-con-inner\">\n\t\t\t\t<div class=\"elementor-element elementor-element-703a4b7 elementor-widget elementor-widget-spacer\" data-id=\"703a4b7\" data-element_type=\"widget\" data-e-type=\"widget\" data-widget_type=\"spacer.default\">\n\t\t\t\t<div class=\"elementor-widget-container\">\n\t\t\t\t\t\t\t<div class=\"elementor-spacer\">\n\t\t\t<div class=\"elementor-spacer-inner\"><\/div>\n\t\t<\/div>\n\t\t\t\t\t\t<\/div>\n\t\t\t\t<\/div>\n\t\t\t\t\t<\/div>\n\t\t\t\t<\/div>\n\t\t\t\t<\/div>\n\t\t\t\t\t\t\t\t\t\t<\/div>\n\t\t\t\t<\/div>\n\t\t\t\t\t<\/div>\n\t\t\t\t<\/div>\n\t\t\t\t<\/div>\n\t\t","protected":false},"excerpt":{"rendered":"<p>Werkstoff 1.4542 AISI 630 Der 17-4 PH Werkstoff 1.4542 AISI 630 ist ein martensitischer rostfreier Stahl mit hervorragenden mechanischen Eigenschaften und betr\u00e4chtlicher Korrosionsbest\u00e4ndigkeit. Dank seiner chemischen Zusammensetzung, die Chrom, Nickel und Kupfer enth\u00e4lt, kann dieser Werkstoff durch eine thermische Alterungsbehandlung (Ausscheidung) eine hohe H\u00e4rte und Festigkeit erreichen. Die Verwendung von 17-4 PH Werkstoff 1.4542 AISI [&hellip;]<\/p>\n","protected":false},"author":1,"featured_media":0,"parent":4508,"menu_order":0,"comment_status":"closed","ping_status":"closed","template":"","meta":{"footnotes":""},"class_list":["post-5858","page","type-page","status-publish","hentry"],"yoast_head":"<!-- This site is optimized with the Yoast SEO plugin v27.4 - https:\/\/yoast.com\/product\/yoast-seo-wordpress\/ -->\n<title>Werkstoff 1.4542 AISI 630 - M.F. INOX<\/title>\n<meta name=\"robots\" content=\"index, follow, max-snippet:-1, max-image-preview:large, max-video-preview:-1\" \/>\n<link rel=\"canonical\" href=\"https:\/\/mfinox.com\/de\/materialien\/werkstoff-1-4542-aisi-630\/\" \/>\n<meta property=\"og:locale\" content=\"de_DE\" \/>\n<meta property=\"og:type\" content=\"article\" \/>\n<meta property=\"og:title\" content=\"Werkstoff 1.4542 AISI 630 - M.F. INOX\" \/>\n<meta property=\"og:description\" content=\"Werkstoff 1.4542 AISI 630 Der 17-4 PH Werkstoff 1.4542 AISI 630 ist ein martensitischer rostfreier Stahl mit hervorragenden mechanischen Eigenschaften und betr\u00e4chtlicher Korrosionsbest\u00e4ndigkeit. Dank seiner chemischen Zusammensetzung, die Chrom, Nickel und Kupfer enth\u00e4lt, kann dieser Werkstoff durch eine thermische Alterungsbehandlung (Ausscheidung) eine hohe H\u00e4rte und Festigkeit erreichen. Die Verwendung von 17-4 PH Werkstoff 1.4542 AISI [&hellip;]\" \/>\n<meta property=\"og:url\" content=\"https:\/\/mfinox.com\/de\/materialien\/werkstoff-1-4542-aisi-630\/\" \/>\n<meta property=\"og:site_name\" content=\"M.F. INOX\" \/>\n<meta property=\"article:modified_time\" content=\"2024-09-06T09:59:39+00:00\" \/>\n<meta name=\"twitter:card\" content=\"summary_large_image\" \/>\n<meta name=\"twitter:label1\" content=\"Gesch\u00e4tzte Lesezeit\" \/>\n\t<meta name=\"twitter:data1\" content=\"1\u00a0Minute\" \/>\n<script type=\"application\/ld+json\" class=\"yoast-schema-graph\">{\"@context\":\"https:\\\/\\\/schema.org\",\"@graph\":[{\"@type\":\"WebPage\",\"@id\":\"https:\\\/\\\/mfinox.com\\\/de\\\/materialien\\\/werkstoff-1-4542-aisi-630\\\/\",\"url\":\"https:\\\/\\\/mfinox.com\\\/de\\\/materialien\\\/werkstoff-1-4542-aisi-630\\\/\",\"name\":\"Werkstoff 1.4542 AISI 630 - M.F. INOX\",\"isPartOf\":{\"@id\":\"https:\\\/\\\/mfinox.com\\\/de\\\/#website\"},\"datePublished\":\"2024-07-28T12:55:01+00:00\",\"dateModified\":\"2024-09-06T09:59:39+00:00\",\"breadcrumb\":{\"@id\":\"https:\\\/\\\/mfinox.com\\\/de\\\/materialien\\\/werkstoff-1-4542-aisi-630\\\/#breadcrumb\"},\"inLanguage\":\"de\",\"potentialAction\":[{\"@type\":\"ReadAction\",\"target\":[\"https:\\\/\\\/mfinox.com\\\/de\\\/materialien\\\/werkstoff-1-4542-aisi-630\\\/\"]}]},{\"@type\":\"BreadcrumbList\",\"@id\":\"https:\\\/\\\/mfinox.com\\\/de\\\/materialien\\\/werkstoff-1-4542-aisi-630\\\/#breadcrumb\",\"itemListElement\":[{\"@type\":\"ListItem\",\"position\":1,\"name\":\"Home\",\"item\":\"https:\\\/\\\/mfinox.com\\\/de\\\/\"},{\"@type\":\"ListItem\",\"position\":2,\"name\":\"Materialien\",\"item\":\"https:\\\/\\\/mfinox.com\\\/de\\\/materialien\\\/\"},{\"@type\":\"ListItem\",\"position\":3,\"name\":\"Werkstoff 1.4542 AISI 630\"}]},{\"@type\":\"WebSite\",\"@id\":\"https:\\\/\\\/mfinox.com\\\/de\\\/#website\",\"url\":\"https:\\\/\\\/mfinox.com\\\/de\\\/\",\"name\":\"M.F. INOX\",\"description\":\"\",\"publisher\":{\"@id\":\"https:\\\/\\\/mfinox.com\\\/de\\\/#organization\"},\"potentialAction\":[{\"@type\":\"SearchAction\",\"target\":{\"@type\":\"EntryPoint\",\"urlTemplate\":\"https:\\\/\\\/mfinox.com\\\/de\\\/?s={search_term_string}\"},\"query-input\":{\"@type\":\"PropertyValueSpecification\",\"valueRequired\":true,\"valueName\":\"search_term_string\"}}],\"inLanguage\":\"de\"},{\"@type\":\"Organization\",\"@id\":\"https:\\\/\\\/mfinox.com\\\/de\\\/#organization\",\"name\":\"M.F. INOX\",\"url\":\"https:\\\/\\\/mfinox.com\\\/de\\\/\",\"logo\":{\"@type\":\"ImageObject\",\"inLanguage\":\"de\",\"@id\":\"https:\\\/\\\/mfinox.com\\\/de\\\/#\\\/schema\\\/logo\\\/image\\\/\",\"url\":\"https:\\\/\\\/mfinox.com\\\/wp-content\\\/uploads\\\/2024\\\/05\\\/mf-inox_logo_neg.png\",\"contentUrl\":\"https:\\\/\\\/mfinox.com\\\/wp-content\\\/uploads\\\/2024\\\/05\\\/mf-inox_logo_neg.png\",\"width\":1949,\"height\":662,\"caption\":\"M.F. INOX\"},\"image\":{\"@id\":\"https:\\\/\\\/mfinox.com\\\/de\\\/#\\\/schema\\\/logo\\\/image\\\/\"}}]}<\/script>\n<!-- \/ Yoast SEO plugin. -->","yoast_head_json":{"title":"Werkstoff 1.4542 AISI 630 - M.F. INOX","robots":{"index":"index","follow":"follow","max-snippet":"max-snippet:-1","max-image-preview":"max-image-preview:large","max-video-preview":"max-video-preview:-1"},"canonical":"https:\/\/mfinox.com\/de\/materialien\/werkstoff-1-4542-aisi-630\/","og_locale":"de_DE","og_type":"article","og_title":"Werkstoff 1.4542 AISI 630 - M.F. INOX","og_description":"Werkstoff 1.4542 AISI 630 Der 17-4 PH Werkstoff 1.4542 AISI 630 ist ein martensitischer rostfreier Stahl mit hervorragenden mechanischen Eigenschaften und betr\u00e4chtlicher Korrosionsbest\u00e4ndigkeit. Dank seiner chemischen Zusammensetzung, die Chrom, Nickel und Kupfer enth\u00e4lt, kann dieser Werkstoff durch eine thermische Alterungsbehandlung (Ausscheidung) eine hohe H\u00e4rte und Festigkeit erreichen. Die Verwendung von 17-4 PH Werkstoff 1.4542 AISI [&hellip;]","og_url":"https:\/\/mfinox.com\/de\/materialien\/werkstoff-1-4542-aisi-630\/","og_site_name":"M.F. INOX","article_modified_time":"2024-09-06T09:59:39+00:00","twitter_card":"summary_large_image","twitter_misc":{"Gesch\u00e4tzte Lesezeit":"1\u00a0Minute"},"schema":{"@context":"https:\/\/schema.org","@graph":[{"@type":"WebPage","@id":"https:\/\/mfinox.com\/de\/materialien\/werkstoff-1-4542-aisi-630\/","url":"https:\/\/mfinox.com\/de\/materialien\/werkstoff-1-4542-aisi-630\/","name":"Werkstoff 1.4542 AISI 630 - M.F. INOX","isPartOf":{"@id":"https:\/\/mfinox.com\/de\/#website"},"datePublished":"2024-07-28T12:55:01+00:00","dateModified":"2024-09-06T09:59:39+00:00","breadcrumb":{"@id":"https:\/\/mfinox.com\/de\/materialien\/werkstoff-1-4542-aisi-630\/#breadcrumb"},"inLanguage":"de","potentialAction":[{"@type":"ReadAction","target":["https:\/\/mfinox.com\/de\/materialien\/werkstoff-1-4542-aisi-630\/"]}]},{"@type":"BreadcrumbList","@id":"https:\/\/mfinox.com\/de\/materialien\/werkstoff-1-4542-aisi-630\/#breadcrumb","itemListElement":[{"@type":"ListItem","position":1,"name":"Home","item":"https:\/\/mfinox.com\/de\/"},{"@type":"ListItem","position":2,"name":"Materialien","item":"https:\/\/mfinox.com\/de\/materialien\/"},{"@type":"ListItem","position":3,"name":"Werkstoff 1.4542 AISI 630"}]},{"@type":"WebSite","@id":"https:\/\/mfinox.com\/de\/#website","url":"https:\/\/mfinox.com\/de\/","name":"M.F. INOX","description":"","publisher":{"@id":"https:\/\/mfinox.com\/de\/#organization"},"potentialAction":[{"@type":"SearchAction","target":{"@type":"EntryPoint","urlTemplate":"https:\/\/mfinox.com\/de\/?s={search_term_string}"},"query-input":{"@type":"PropertyValueSpecification","valueRequired":true,"valueName":"search_term_string"}}],"inLanguage":"de"},{"@type":"Organization","@id":"https:\/\/mfinox.com\/de\/#organization","name":"M.F. INOX","url":"https:\/\/mfinox.com\/de\/","logo":{"@type":"ImageObject","inLanguage":"de","@id":"https:\/\/mfinox.com\/de\/#\/schema\/logo\/image\/","url":"https:\/\/mfinox.com\/wp-content\/uploads\/2024\/05\/mf-inox_logo_neg.png","contentUrl":"https:\/\/mfinox.com\/wp-content\/uploads\/2024\/05\/mf-inox_logo_neg.png","width":1949,"height":662,"caption":"M.F. INOX"},"image":{"@id":"https:\/\/mfinox.com\/de\/#\/schema\/logo\/image\/"}}]}},"_links":{"self":[{"href":"https:\/\/mfinox.com\/de\/wp-json\/wp\/v2\/pages\/5858","targetHints":{"allow":["GET"]}}],"collection":[{"href":"https:\/\/mfinox.com\/de\/wp-json\/wp\/v2\/pages"}],"about":[{"href":"https:\/\/mfinox.com\/de\/wp-json\/wp\/v2\/types\/page"}],"author":[{"embeddable":true,"href":"https:\/\/mfinox.com\/de\/wp-json\/wp\/v2\/users\/1"}],"replies":[{"embeddable":true,"href":"https:\/\/mfinox.com\/de\/wp-json\/wp\/v2\/comments?post=5858"}],"version-history":[{"count":0,"href":"https:\/\/mfinox.com\/de\/wp-json\/wp\/v2\/pages\/5858\/revisions"}],"up":[{"embeddable":true,"href":"https:\/\/mfinox.com\/de\/wp-json\/wp\/v2\/pages\/4508"}],"wp:attachment":[{"href":"https:\/\/mfinox.com\/de\/wp-json\/wp\/v2\/media?parent=5858"}],"curies":[{"name":"wp","href":"https:\/\/api.w.org\/{rel}","templated":true}]}}