{"id":5846,"date":"2024-09-06T06:07:57","date_gmt":"2024-09-06T06:07:57","guid":{"rendered":"https:\/\/mfinox.com\/whistleblowing\/"},"modified":"2024-09-06T09:35:47","modified_gmt":"2024-09-06T09:35:47","slug":"whistleblowing","status":"publish","type":"page","link":"https:\/\/mfinox.com\/de\/whistleblowing\/","title":{"rendered":"Whistleblowing"},"content":{"rendered":"\t\t<div data-elementor-type=\"wp-page\" data-elementor-id=\"5846\" class=\"elementor elementor-5846 elementor-5740\" data-elementor-post-type=\"page\">\n\t\t\t\t<div class=\"elementor-element elementor-element-dd517d6 e-flex e-con-boxed e-con e-parent\" data-id=\"dd517d6\" data-element_type=\"container\" data-e-type=\"container\" data-settings=\"{&quot;background_background&quot;:&quot;classic&quot;}\">\n\t\t\t\t\t<div class=\"e-con-inner\">\n\t\t\t\t<div class=\"elementor-element elementor-element-b322442 elementor-invisible elementor-widget elementor-widget-heading\" data-id=\"b322442\" data-element_type=\"widget\" data-e-type=\"widget\" data-settings=\"{&quot;_animation&quot;:&quot;fadeIn&quot;}\" data-widget_type=\"heading.default\">\n\t\t\t\t<div class=\"elementor-widget-container\">\n\t\t\t\t\t<h1 class=\"elementor-heading-title elementor-size-default\">Whistleblowing<\/h1>\t\t\t\t<\/div>\n\t\t\t\t<\/div>\n\t\t\t\t<div class=\"elementor-element elementor-element-f5ab11c elementor-invisible elementor-widget elementor-widget-shortcode\" data-id=\"f5ab11c\" data-element_type=\"widget\" data-e-type=\"widget\" data-settings=\"{&quot;_animation&quot;:&quot;fadeIn&quot;}\" data-widget_type=\"shortcode.default\">\n\t\t\t\t<div class=\"elementor-widget-container\">\n\t\t\t\t\t\t\t<div class=\"elementor-shortcode\"><nav aria-label=\"breadcrumb\"><div class=\"breadcrumb\"><span class=\"breadcrumb-item\"><a href=\"https:\/\/mfinox.com\/de\/\" style=\"color: #F3912E;\">Home<\/a><\/span><\/div><\/nav><\/div>\n\t\t\t\t\t\t<\/div>\n\t\t\t\t<\/div>\n\t\t\t\t\t<\/div>\n\t\t\t\t<\/div>\n\t\t<div class=\"elementor-element elementor-element-9fabeb7 e-flex e-con-boxed elementor-invisible e-con e-parent\" data-id=\"9fabeb7\" data-element_type=\"container\" data-e-type=\"container\" data-settings=\"{&quot;animation&quot;:&quot;fadeInUp&quot;}\">\n\t\t\t\t\t<div class=\"e-con-inner\">\n\t\t\t\t<div class=\"elementor-element elementor-element-ed0bd9d elementor-widget elementor-widget-text-editor\" data-id=\"ed0bd9d\" data-element_type=\"widget\" data-e-type=\"widget\" data-widget_type=\"text-editor.default\">\n\t\t\t\t<div class=\"elementor-widget-container\">\n\t\t\t\t\t\t\t\t\t<p>MF INOX Srl hat in \u00dcbereinstimmung mit den Bestimmungen des Dekrets Legislativo.<br \/>\n24\/2023, spezielle reservierte Kan\u00e4le eingerichtet (siehe unten), die genutzt werden k\u00f6nnen, um Verst\u00f6\u00dfe gegen nationale oder EU-Vorschriften zu melden, die innerhalb des Unternehmens auftreten k\u00f6nnen. <\/p>\n<p>Es wird hiermit klargestellt, dass die unten aufgef\u00fchrten vertraulichen Kan\u00e4le nicht f\u00fcr die Weiterleitung von Beschwerden, Anspr\u00fcchen, Anfragen pers\u00f6nlicher Natur oder f\u00fcr die Meldung von Streitigkeiten zwischen Kollegen, internen organisatorischen Problemen und \u00e4hnlichen Situationen genutzt werden d\u00fcrfen.<\/p>\n<p>Die Berichte m\u00fcssen dann auf genauen und \u00fcbereinstimmenden Indizien beruhen und so weit wie m\u00f6glich die notwendigen Informationen enthalten, um die T\u00e4ter zu identifizieren.<\/p>\n<p>Der Berichtspflichtige ist daher verpflichtet, klar und vollst\u00e4ndig alle Elemente zu melden, die f\u00fcr die Durchf\u00fchrung der Kontrollen und \u00dcberpr\u00fcfungen n\u00fctzlich sind, die notwendig sind, um die Verdienste und die Objektivit\u00e4t des Berichts zu beurteilen.<\/p>\n<p>Das unterzeichnende Unternehmen garantiert die Vertraulichkeit der Identit\u00e4t des Meldenden und der gemeldeten Person in der von der geltenden Gesetzgebung vorgesehenen Weise.<br \/>\nDie Meldung kann jedoch auch anonym erfolgen. <\/p>\n<p>Alle Meldungen, auch anonyme, werden sorgf\u00e4ltig gepr\u00fcft und von speziell autorisierten Personen bearbeitet.<br \/>\nWenn m\u00f6glich, wird dem Meldenden innerhalb der gesetzlichen Fristen eine angemessene R\u00fcckmeldung gegeben. <\/p>\n<p>Die Verarbeitung personenbezogener Daten erfolgt in \u00dcbereinstimmung mit der Europ\u00e4ischen Verordnung 2016\/679 und D. Lgs.<br \/>\n196\/2003, soweit diese noch anwendbar sind.<br \/>\nBitte lesen Sie diesbez\u00fcglich die nachstehenden Informationen sorgf\u00e4ltig durch.  <\/p>\n<p>Berichte k\u00f6nnen \u00fcber die folgenden vertraulichen, alternativen Kan\u00e4le erstellt\/weitergeleitet werden<\/p>\n<p>&#8211; unter der geb\u00fchrenfreien Nummer: 800.033.720 &#8211; von Montag bis Freitag von 9.30 bis 12.30 Uhr;<\/p>\n<p>&#8211; indem Sie das Formular auf dem Meldeportal ausf\u00fcllen, das Sie \u00fcber den folgenden Link erreichen: <a href=\"http:\/\/www.whistleblowingfacile.it\/\">www.whistleblowingfacile.it;<\/a><\/p>\n<p>&#8211; durch ein Schreiben an das externe Beratungsunternehmen: Winger S.r.l. &#8211; Ufficio Segnalazioni D. Lgs.<br \/>\n24\/2023 &#8211; Via Piccard 16\/G, 42124, Reggio Emilia (RE); <\/p>\n<p>&#8211; Sie vereinbaren einen Termin mit einem speziell beauftragten Fachmann in den B\u00fcror\u00e4umen des externen Unternehmens Winger S.r.l. in der Via Piccard 16\/G, Reggio Emilia (RE).<\/p><\/p>\n\t\t\t\t\t\t\t\t<\/div>\n\t\t\t\t<\/div>\n\t\t\t\t\t<\/div>\n\t\t\t\t<\/div>\n\t\t<div class=\"elementor-element elementor-element-68b32ad e-flex e-con-boxed e-con e-parent\" data-id=\"68b32ad\" data-element_type=\"container\" data-e-type=\"container\">\n\t\t\t\t\t<div class=\"e-con-inner\">\n\t\t\t\t<div class=\"elementor-element elementor-element-e236705 elementor-widget elementor-widget-text-editor\" data-id=\"e236705\" data-element_type=\"widget\" data-e-type=\"widget\" data-widget_type=\"text-editor.default\">\n\t\t\t\t<div class=\"elementor-widget-container\">\n\t\t\t\t\t\t\t\t\t<p class=\"testo-piccolo\">Informationen f\u00fcr den Berichterstatter gem\u00e4\u00df Art.\n13 Europ\u00e4ische Verordnung 2016\/679 <\/p>\n<p class=\"testo-piccolo\">IN DER ERW\u00c4GUNG, dass unser Unternehmen aufgrund der von Ihnen gem\u00e4\u00df den Bestimmungen des Leg.\n24\/2023, kann es sein, dass unser Unternehmen Ihre personenbezogenen Daten erhebt und verarbeitet. Der Klarheit halber geben wir hiermit die folgenden Definitionen aus der Europ\u00e4ischen Verordnung 2016\/679 an: <br>Personenbezogene Daten sind alle Informationen \u00fcber eine bestimmte oder bestimmbare nat\u00fcrliche Person (&#8222;betroffene Person&#8220;); als bestimmbar wird eine Person angesehen, die direkt oder indirekt identifiziert werden kann, insbesondere durch Zuordnung zu einer Kennung wie einem Namen, zu einer Kennnummer, zu Standortdaten, zu einer Online-Kennung oder zu einem oder mehreren besonderen Merkmalen, die Ausdruck ihrer physischen, physiologischen, genetischen, psychischen, wirtschaftlichen, kulturellen oder sozialen Identit\u00e4t sind. Jeder mit oder ohne Hilfe automatisierter Verfahren ausgef\u00fchrte Vorgang oder jede Vorgangsreihe im Zusammenhang mit personenbezogenen Daten oder einer Reihe personenbezogener Daten wie das Erheben, das Erfassen, die Organisation, das Ordnen, die Speicherung, die Anpassung oder Ver\u00e4nderung, das Auslesen, das Abfragen, die Benutzung, die Weitergabe durch \u00dcbermittlung, Verbreitung oder jede andere Form der Bereitstellung, den Abgleich oder die Verkn\u00fcpfung sowie das Einschr\u00e4nken, L\u00f6schen oder Vernichten.\n<br><br>In \u00dcbereinstimmung mit Artikel 13 der Europ\u00e4ischen Verordnung 2016\/679 informieren wir Sie dar\u00fcber, dass die Erhebung und Verarbeitung personenbezogener Daten durch das unterzeichnende Unternehmen wie folgt erfolgt: 1. Zweck: Die Daten werden ausschlie\u00dflich zum Zweck der Verwaltung des Berichts gem\u00e4\u00df den Bestimmungen des Gesetzesdekrets.\n24\/2023, zur Erf\u00fcllung Ihrer eventuellen Anfragen, zur korrekten Erf\u00fcllung b\u00fcrokratischer, rechtlicher und technischer Anforderungen und f\u00fcr weitere gesetzlich vorgeschriebene Aktivit\u00e4ten;  <br>2. Modalit\u00e4ten: Die Daten werden sowohl in Papierform als auch mit Hilfe elektronischer\/Computer\/telematischer Instrumente\/Unterst\u00fctzungen unter vollst\u00e4ndiger Einhaltung der gesetzlichen Bestimmungen, nach den Grunds\u00e4tzen der Rechtm\u00e4\u00dfigkeit und Korrektheit und unter Wahrung Ihrer Vertraulichkeit verarbeitet;<br>3. fakultative Bereitstellung von Daten: Die Bereitstellung von Daten ist fakultativ und nicht obligatorisch;<br>4. Folgen einer Weigerung: Die Weigerung, bestimmte Daten f\u00fcr die oben genannten Zwecke zur Verf\u00fcgung zu stellen, kann es uns unm\u00f6glich machen, Ihren Bericht bestm\u00f6glich zu bearbeiten, Ihnen ein angemessenes Feedback zu geben oder Ihre Anfragen zu erf\u00fcllen;<br>5. Subjekte oder Kategorien von Subjekten (Empf\u00e4nger), denen die Daten mitgeteilt oder verbreitet werden k\u00f6nnen: Die Daten, die sich aus der Meldung ergeben, werden an das Unternehmen Winger S.r.l. mit Sitz in Reggio Emilia, Via Piccard 16\/G, gesendet, das als externer Verwalter gem\u00e4\u00df Art.\n28 der Europ\u00e4ischen Verordnung 2016\/679 fungiert und den von unserem Unternehmen speziell beauftragten Personen mitgeteilt wird.\nDie Daten k\u00f6nnen dann m\u00f6glicherweise an Dritte weitergegeben werden, jedoch nur zur Erf\u00fcllung gesetzlicher Verpflichtungen und gem\u00e4\u00df den im Gesetzesdekret vorgesehenen Verfahren.\n24\/2023.\n<br><br><br>Die Daten werden unter keinen Umst\u00e4nden weitergegeben; 6. Personen, die zur Verarbeitung der Daten befugt sind: Die Daten werden ausschlie\u00dflich von einer sehr begrenzten Anzahl speziell befugter Mitarbeiter verarbeitet; 7. Automatisierte Entscheidungsprozesse (z.B. Profiling): Automatisierte Entscheidungsprozesse werden in keiner Weise verwaltet; 8. Rechte der betroffenen Person: Sie haben alle Rechte, die in der Europ\u00e4ischen Verordnung 2016\/679 verankert sind, wie z.B. das Recht auf Auskunft und Berichtigung Ihrer personenbezogenen Daten, deren L\u00f6schung, die Einschr\u00e4nkung der Verarbeitung, das Recht auf Widerspruch gegen ihre Verarbeitung sowie das Recht auf Daten\u00fcbertragbarkeit.\n<br><br>Sie haben au\u00dferdem das Recht, eine Beschwerde bei der Aufsichtsbeh\u00f6rde einzureichen; 9. \u00dcbermittlung an Drittl\u00e4nder: Die Daten werden nicht an Drittl\u00e4nder \u00fcbermittelt; 10. Aufbewahrungsfrist der Daten: Die Daten werden so lange aufbewahrt, wie es f\u00fcr die Verwaltung der Berichte unbedingt erforderlich ist, und in jedem Fall in \u00dcbereinstimmung mit den Bestimmungen des Gesetzesdekrets.\n<br>24\/2023 und der geltenden Vorschriften; 11. Verantwortlicher f\u00fcr die Datenverarbeitung: Der Verantwortliche f\u00fcr die Datenverarbeitung ist das unterzeichnende Unternehmen MF Inox Srl, mit Sitz in Albese con Cassano (CO), Via Meucci n.\n<br>12, in der Person ihres gesetzlichen Vertreters pro tempore. Diese Information kann m\u00fcndlich oder schriftlich durch weitere Elemente und Angaben erg\u00e4nzt werden, um Ihren Informationsbed\u00fcrfnissen zum Thema &#8222;Datenschutz&#8220; besser gerecht zu werden und um den Entwicklungen der gesetzlichen Vorschriften zu entsprechen.       <\/p>\n<p>MF Inox Srl<\/p>\t\t\t\t\t\t\t\t<\/div>\n\t\t\t\t<\/div>\n\t\t\t\t\t<\/div>\n\t\t\t\t<\/div>\n\t\t\t\t<\/div>\n\t\t","protected":false},"excerpt":{"rendered":"<p>Whistleblowing MF INOX Srl hat in \u00dcbereinstimmung mit den Bestimmungen des Dekrets Legislativo. 24\/2023, spezielle reservierte Kan\u00e4le eingerichtet (siehe unten), die genutzt werden k\u00f6nnen, um Verst\u00f6\u00dfe gegen nationale oder EU-Vorschriften zu melden, die innerhalb des Unternehmens auftreten k\u00f6nnen. Es wird hiermit klargestellt, dass die unten aufgef\u00fchrten vertraulichen Kan\u00e4le nicht f\u00fcr die Weiterleitung von Beschwerden, Anspr\u00fcchen, [&hellip;]<\/p>\n","protected":false},"author":1,"featured_media":0,"parent":0,"menu_order":0,"comment_status":"closed","ping_status":"closed","template":"","meta":{"footnotes":""},"class_list":["post-5846","page","type-page","status-publish","hentry"],"yoast_head":"<!-- This site is optimized with the Yoast SEO plugin v27.6 - https:\/\/yoast.com\/product\/yoast-seo-wordpress\/ -->\n<title>Whistleblowing - M.F. INOX<\/title>\n<meta name=\"robots\" content=\"index, follow, max-snippet:-1, max-image-preview:large, max-video-preview:-1\" \/>\n<link rel=\"canonical\" href=\"https:\/\/mfinox.com\/de\/whistleblowing\/\" \/>\n<meta property=\"og:locale\" content=\"de_DE\" \/>\n<meta property=\"og:type\" content=\"article\" \/>\n<meta property=\"og:title\" content=\"Whistleblowing - M.F. INOX\" \/>\n<meta property=\"og:description\" content=\"Whistleblowing MF INOX Srl hat in \u00dcbereinstimmung mit den Bestimmungen des Dekrets Legislativo. 24\/2023, spezielle reservierte Kan\u00e4le eingerichtet (siehe unten), die genutzt werden k\u00f6nnen, um Verst\u00f6\u00dfe gegen nationale oder EU-Vorschriften zu melden, die innerhalb des Unternehmens auftreten k\u00f6nnen. Es wird hiermit klargestellt, dass die unten aufgef\u00fchrten vertraulichen Kan\u00e4le nicht f\u00fcr die Weiterleitung von Beschwerden, Anspr\u00fcchen, [&hellip;]\" \/>\n<meta property=\"og:url\" content=\"https:\/\/mfinox.com\/de\/whistleblowing\/\" \/>\n<meta property=\"og:site_name\" content=\"M.F. INOX\" \/>\n<meta property=\"article:modified_time\" content=\"2024-09-06T09:35:47+00:00\" \/>\n<meta name=\"twitter:card\" content=\"summary_large_image\" \/>\n<meta name=\"twitter:label1\" content=\"Gesch\u00e4tzte Lesezeit\" \/>\n\t<meta name=\"twitter:data1\" content=\"5\u00a0Minuten\" \/>\n<script type=\"application\/ld+json\" class=\"yoast-schema-graph\">{\"@context\":\"https:\\\/\\\/schema.org\",\"@graph\":[{\"@type\":\"WebPage\",\"@id\":\"https:\\\/\\\/mfinox.com\\\/de\\\/whistleblowing\\\/\",\"url\":\"https:\\\/\\\/mfinox.com\\\/de\\\/whistleblowing\\\/\",\"name\":\"Whistleblowing - M.F. INOX\",\"isPartOf\":{\"@id\":\"https:\\\/\\\/mfinox.com\\\/de\\\/#website\"},\"datePublished\":\"2024-09-06T06:07:57+00:00\",\"dateModified\":\"2024-09-06T09:35:47+00:00\",\"breadcrumb\":{\"@id\":\"https:\\\/\\\/mfinox.com\\\/de\\\/whistleblowing\\\/#breadcrumb\"},\"inLanguage\":\"de\",\"potentialAction\":[{\"@type\":\"ReadAction\",\"target\":[\"https:\\\/\\\/mfinox.com\\\/de\\\/whistleblowing\\\/\"]}]},{\"@type\":\"BreadcrumbList\",\"@id\":\"https:\\\/\\\/mfinox.com\\\/de\\\/whistleblowing\\\/#breadcrumb\",\"itemListElement\":[{\"@type\":\"ListItem\",\"position\":1,\"name\":\"Home\",\"item\":\"https:\\\/\\\/mfinox.com\\\/de\\\/\"},{\"@type\":\"ListItem\",\"position\":2,\"name\":\"Whistleblowing\"}]},{\"@type\":\"WebSite\",\"@id\":\"https:\\\/\\\/mfinox.com\\\/de\\\/#website\",\"url\":\"https:\\\/\\\/mfinox.com\\\/de\\\/\",\"name\":\"M.F. INOX\",\"description\":\"\",\"publisher\":{\"@id\":\"https:\\\/\\\/mfinox.com\\\/de\\\/#organization\"},\"potentialAction\":[{\"@type\":\"SearchAction\",\"target\":{\"@type\":\"EntryPoint\",\"urlTemplate\":\"https:\\\/\\\/mfinox.com\\\/de\\\/?s={search_term_string}\"},\"query-input\":{\"@type\":\"PropertyValueSpecification\",\"valueRequired\":true,\"valueName\":\"search_term_string\"}}],\"inLanguage\":\"de\"},{\"@type\":\"Organization\",\"@id\":\"https:\\\/\\\/mfinox.com\\\/de\\\/#organization\",\"name\":\"M.F. INOX\",\"url\":\"https:\\\/\\\/mfinox.com\\\/de\\\/\",\"logo\":{\"@type\":\"ImageObject\",\"inLanguage\":\"de\",\"@id\":\"https:\\\/\\\/mfinox.com\\\/de\\\/#\\\/schema\\\/logo\\\/image\\\/\",\"url\":\"https:\\\/\\\/mfinox.com\\\/wp-content\\\/uploads\\\/2024\\\/05\\\/mf-inox_logo_neg.png\",\"contentUrl\":\"https:\\\/\\\/mfinox.com\\\/wp-content\\\/uploads\\\/2024\\\/05\\\/mf-inox_logo_neg.png\",\"width\":1949,\"height\":662,\"caption\":\"M.F. INOX\"},\"image\":{\"@id\":\"https:\\\/\\\/mfinox.com\\\/de\\\/#\\\/schema\\\/logo\\\/image\\\/\"}}]}<\/script>\n<!-- \/ Yoast SEO plugin. -->","yoast_head_json":{"title":"Whistleblowing - M.F. INOX","robots":{"index":"index","follow":"follow","max-snippet":"max-snippet:-1","max-image-preview":"max-image-preview:large","max-video-preview":"max-video-preview:-1"},"canonical":"https:\/\/mfinox.com\/de\/whistleblowing\/","og_locale":"de_DE","og_type":"article","og_title":"Whistleblowing - M.F. INOX","og_description":"Whistleblowing MF INOX Srl hat in \u00dcbereinstimmung mit den Bestimmungen des Dekrets Legislativo. 24\/2023, spezielle reservierte Kan\u00e4le eingerichtet (siehe unten), die genutzt werden k\u00f6nnen, um Verst\u00f6\u00dfe gegen nationale oder EU-Vorschriften zu melden, die innerhalb des Unternehmens auftreten k\u00f6nnen. Es wird hiermit klargestellt, dass die unten aufgef\u00fchrten vertraulichen Kan\u00e4le nicht f\u00fcr die Weiterleitung von Beschwerden, Anspr\u00fcchen, [&hellip;]","og_url":"https:\/\/mfinox.com\/de\/whistleblowing\/","og_site_name":"M.F. INOX","article_modified_time":"2024-09-06T09:35:47+00:00","twitter_card":"summary_large_image","twitter_misc":{"Gesch\u00e4tzte Lesezeit":"5\u00a0Minuten"},"schema":{"@context":"https:\/\/schema.org","@graph":[{"@type":"WebPage","@id":"https:\/\/mfinox.com\/de\/whistleblowing\/","url":"https:\/\/mfinox.com\/de\/whistleblowing\/","name":"Whistleblowing - M.F. INOX","isPartOf":{"@id":"https:\/\/mfinox.com\/de\/#website"},"datePublished":"2024-09-06T06:07:57+00:00","dateModified":"2024-09-06T09:35:47+00:00","breadcrumb":{"@id":"https:\/\/mfinox.com\/de\/whistleblowing\/#breadcrumb"},"inLanguage":"de","potentialAction":[{"@type":"ReadAction","target":["https:\/\/mfinox.com\/de\/whistleblowing\/"]}]},{"@type":"BreadcrumbList","@id":"https:\/\/mfinox.com\/de\/whistleblowing\/#breadcrumb","itemListElement":[{"@type":"ListItem","position":1,"name":"Home","item":"https:\/\/mfinox.com\/de\/"},{"@type":"ListItem","position":2,"name":"Whistleblowing"}]},{"@type":"WebSite","@id":"https:\/\/mfinox.com\/de\/#website","url":"https:\/\/mfinox.com\/de\/","name":"M.F. INOX","description":"","publisher":{"@id":"https:\/\/mfinox.com\/de\/#organization"},"potentialAction":[{"@type":"SearchAction","target":{"@type":"EntryPoint","urlTemplate":"https:\/\/mfinox.com\/de\/?s={search_term_string}"},"query-input":{"@type":"PropertyValueSpecification","valueRequired":true,"valueName":"search_term_string"}}],"inLanguage":"de"},{"@type":"Organization","@id":"https:\/\/mfinox.com\/de\/#organization","name":"M.F. INOX","url":"https:\/\/mfinox.com\/de\/","logo":{"@type":"ImageObject","inLanguage":"de","@id":"https:\/\/mfinox.com\/de\/#\/schema\/logo\/image\/","url":"https:\/\/mfinox.com\/wp-content\/uploads\/2024\/05\/mf-inox_logo_neg.png","contentUrl":"https:\/\/mfinox.com\/wp-content\/uploads\/2024\/05\/mf-inox_logo_neg.png","width":1949,"height":662,"caption":"M.F. INOX"},"image":{"@id":"https:\/\/mfinox.com\/de\/#\/schema\/logo\/image\/"}}]}},"_links":{"self":[{"href":"https:\/\/mfinox.com\/de\/wp-json\/wp\/v2\/pages\/5846","targetHints":{"allow":["GET"]}}],"collection":[{"href":"https:\/\/mfinox.com\/de\/wp-json\/wp\/v2\/pages"}],"about":[{"href":"https:\/\/mfinox.com\/de\/wp-json\/wp\/v2\/types\/page"}],"author":[{"embeddable":true,"href":"https:\/\/mfinox.com\/de\/wp-json\/wp\/v2\/users\/1"}],"replies":[{"embeddable":true,"href":"https:\/\/mfinox.com\/de\/wp-json\/wp\/v2\/comments?post=5846"}],"version-history":[{"count":0,"href":"https:\/\/mfinox.com\/de\/wp-json\/wp\/v2\/pages\/5846\/revisions"}],"wp:attachment":[{"href":"https:\/\/mfinox.com\/de\/wp-json\/wp\/v2\/media?parent=5846"}],"curies":[{"name":"wp","href":"https:\/\/api.w.org\/{rel}","templated":true}]}}