{"id":5791,"date":"2024-05-24T16:18:19","date_gmt":"2024-05-24T16:18:19","guid":{"rendered":"https:\/\/mfinox.com\/materialien\/hochwarmfester-stahl-1-4923-x22crmov12-1\/"},"modified":"2024-09-06T06:28:42","modified_gmt":"2024-09-06T06:28:42","slug":"hochwarmfester-stahl-1-4923-x22crmov12-1","status":"publish","type":"page","link":"https:\/\/mfinox.com\/de\/materialien\/hochwarmfester-stahl-1-4923-x22crmov12-1\/","title":{"rendered":"Hochwarmfester Stahl 1.4923 X22CrMoV12-1"},"content":{"rendered":"\t\t<div data-elementor-type=\"wp-page\" data-elementor-id=\"5791\" class=\"elementor elementor-5791 elementor-1707\" data-elementor-post-type=\"page\">\n\t\t\t\t<div class=\"elementor-element elementor-element-4efc7f72 e-flex e-con-boxed e-con e-parent\" data-id=\"4efc7f72\" data-element_type=\"container\" data-e-type=\"container\" data-settings=\"{&quot;background_background&quot;:&quot;classic&quot;}\">\n\t\t\t\t\t<div class=\"e-con-inner\">\n\t\t\t\t<div class=\"elementor-element elementor-element-45689073 titolo-materiali elementor-invisible elementor-widget elementor-widget-heading\" data-id=\"45689073\" data-element_type=\"widget\" data-e-type=\"widget\" data-settings=\"{&quot;_animation&quot;:&quot;fadeIn&quot;}\" data-widget_type=\"heading.default\">\n\t\t\t\t<div class=\"elementor-widget-container\">\n\t\t\t\t\t<h1 class=\"elementor-heading-title elementor-size-default\">1.4923 X22CrMoV12-1<\/h1>\t\t\t\t<\/div>\n\t\t\t\t<\/div>\n\t\t\t\t<div class=\"elementor-element elementor-element-4706bcd0 elementor-invisible elementor-widget elementor-widget-shortcode\" data-id=\"4706bcd0\" data-element_type=\"widget\" data-e-type=\"widget\" data-settings=\"{&quot;_animation&quot;:&quot;fadeIn&quot;}\" data-widget_type=\"shortcode.default\">\n\t\t\t\t<div class=\"elementor-widget-container\">\n\t\t\t\t\t\t\t<div class=\"elementor-shortcode\"><nav aria-label=\"breadcrumb\"><div class=\"breadcrumb\"><span class=\"breadcrumb-item\"><a href=\"https:\/\/mfinox.com\/de\/\" style=\"color: #F3912E;\">Home<\/a><\/span><\/div><\/nav><\/div>\n\t\t\t\t\t\t<\/div>\n\t\t\t\t<\/div>\n\t\t\t\t\t<\/div>\n\t\t\t\t<\/div>\n\t\t<div class=\"elementor-element elementor-element-670f8099 e-flex e-con-boxed elementor-invisible e-con e-parent\" data-id=\"670f8099\" data-element_type=\"container\" data-e-type=\"container\" data-settings=\"{&quot;animation&quot;:&quot;fadeInUp&quot;}\">\n\t\t\t\t\t<div class=\"e-con-inner\">\n\t\t\t\t<div class=\"elementor-element elementor-element-4de2f8f2 elementor-widget elementor-widget-text-editor\" data-id=\"4de2f8f2\" data-element_type=\"widget\" data-e-type=\"widget\" data-widget_type=\"text-editor.default\">\n\t\t\t\t<div class=\"elementor-widget-container\">\n\t\t\t\t\t\t\t\t\tDer Stahl 1.4923 X22CrMoV12-1 ist ein hochfester Verg\u00fctungsstahl, der sich f\u00fcr Hochtemperaturanwendungen eignet und nicht korrosionsbest\u00e4ndig ist. Es f\u00e4llt in den Bereich der Materialien, die f\u00fcr die Herstellung von Verbindungselementen f\u00fcr Anwendungen von -200\u00b0 bis +700\u00b0C geeignet sind, wie in ISO 267-13 und ISO EN 10269 definiert. Der Stahl 1.4923 X22CrMoV12-1 wird insbesondere f\u00fcr Anwendungen bis maximal 500 \u00b0C verwendet, nat\u00fcrlich mit einem erheblichen Abfall der mechanischen Eigenschaften (bei 500 \u00b0C Rm = 335 MPa). Diese Legierung wird insbesondere f\u00fcr endotherme Motorenteile, Pumpen, Rohrleitungen und Ventile verwendet.  <h2><b>CHEMISCHE ZUSAMMENSETZUNG 1.4923 X22CrMoV12-1<\/b><\/h2>\n<table class=\"responsive-table\">\n<tbody>\n<tr>\n<th>Element<\/th><th>Min<\/th><th>Max<\/th>\n<\/tr>\n<tr>\n<td>C<\/td><td>0.18<\/td><td>0.24<\/td>\n<\/tr>\n<tr>\n<td>Ja<\/td><td>0.40<\/td><td>0.50<\/td>\n<\/tr>\n<tr>\n<td>Mn<\/td><td>&#8212;<\/td><td>0.90<\/td>\n<\/tr>\n<tr>\n<td>P<\/td><td>&#8212;<\/td><td>0.025<\/td>\n<\/tr>\n<tr>\n<td>S<\/td><td>&#8212;<\/td><td>0.015<\/td>\n<\/tr>\n<tr>\n<td>Cr<\/td><td>11.00<\/td><td>12.50<\/td>\n<\/tr>\n<tr>\n<td>Mo<\/td><td>0.80<\/td><td>1.20<\/td>\n<\/tr>\n<tr>\n<td>Ni<\/td><td>0.30<\/td><td>0.80<\/td>\n<\/tr>\n<tr>\n<td>V<\/td><td>0.25<\/td><td>0.35<\/td>\n<\/tr>\n<\/tbody>\n<\/table>\n<h2><b>MECHANISCHE EIGENSCHAFTEN 1.4923 X22CrMoV12-1<\/b><\/h2>\n<table class=\"responsive-table\">\n<tbody>\n<tr>\n<th>Material<\/th>\n<th>Liga<\/th>\n<th>Rm (MPa)<\/th>\n<th>Rp 0,2 min (MPa)<\/th>\n<th>A% min<\/th>\n<th>Z% min<\/th>\n<th>H\u00e4rte<\/th>\n<th>Schlagpr\u00fcfung min (KV2) (J)<\/th>\n<\/tr>\n<tr>\n<td>1.4923 X22CrMoV12-1 + QT1<\/td>\n<td>1.4923<\/td>\n<td>800 &#8211; 950<\/td>\n<td>650<\/td>\n<td>14<\/td>\n<td>40<\/td>\n<td>22 &#8211; 29 HRC<\/td>\n<td>27J bei 20\u00b0C<\/td>\n<\/tr>\n<tr>\n<td>1.4923 X22CrMoV12-1 + QT2<\/td>\n<td>1.4923<\/td>\n<td>900 &#8211; 1050<\/td>\n<td>750<\/td>\n<td>11<\/td>\n<td>35<\/td>\n<td>26 &#8211; 33 HRC<\/td>\n<td>20J bei 20\u00b0C<\/td>\n<\/tr>\n<\/tbody>\n<\/table>\n<h2><b>PHYSIKALISCHE EIGENSCHAFTEN 1.4923 X22CrMoV12-1<\/b><\/h2>\n<ul>\n \t<li>Spezifisches Gewicht bei 20\u00b0C: 7,95 kg\/dm\u00b3<\/li>\n \t<li>Elastizit\u00e4tsmodul bei 20\u00b0C: 199.000 N\/mm\u00b2<\/li>\n<\/ul>\n<h2><b>KORRESPONDENZEN UND SPEZIFIKATIONEN 1.4923 X22CrMoV12-1<\/b><\/h2>\n<ul>\n \t<li>W.: 1.4923<\/li>\n \t<li>DE: 10269<\/li>\n \t<li>ISO: 267-13<\/li>\n \t<li>DIN: 2510<\/li>\n \t<li>DIN EN ISO: 898<\/li>\n \t<li>ISO: 3506<\/li>\n<\/ul>\n\t\t<div data-elementor-type=\"section\" data-elementor-id=\"2152\" class=\"elementor elementor-2152\" data-elementor-post-type=\"elementor_library\">\n\t\t\t<div class=\"elementor-element elementor-element-1a5312d e-flex e-con-boxed e-con e-parent\" data-id=\"1a5312d\" data-element_type=\"container\" data-e-type=\"container\">\n\t\t\t\t\t<div class=\"e-con-inner\">\n\t\t\t\t<div class=\"elementor-element elementor-element-703a4b7 elementor-widget elementor-widget-spacer\" data-id=\"703a4b7\" data-element_type=\"widget\" data-e-type=\"widget\" data-widget_type=\"spacer.default\">\n\t\t\t\t<div class=\"elementor-widget-container\">\n\t\t\t\t\t\t\t<div class=\"elementor-spacer\">\n\t\t\t<div class=\"elementor-spacer-inner\"><\/div>\n\t\t<\/div>\n\t\t\t\t\t\t<\/div>\n\t\t\t\t<\/div>\n\t\t\t\t\t<\/div>\n\t\t\t\t<\/div>\n\t\t\t\t<\/div>\n\t\t\t\t\t\t\t\t\t\t<\/div>\n\t\t\t\t<\/div>\n\t\t\t\t\t<\/div>\n\t\t\t\t<\/div>\n\t\t\t\t<\/div>\n\t\t","protected":false},"excerpt":{"rendered":"<p>1.4923 X22CrMoV12-1 Der Stahl 1.4923 X22CrMoV12-1 ist ein hochfester Verg\u00fctungsstahl, der sich f\u00fcr Hochtemperaturanwendungen eignet und nicht korrosionsbest\u00e4ndig ist. Es f\u00e4llt in den Bereich der Materialien, die f\u00fcr die Herstellung von Verbindungselementen f\u00fcr Anwendungen von -200\u00b0 bis +700\u00b0C geeignet sind, wie in ISO 267-13 und ISO EN 10269 definiert. Der Stahl 1.4923 X22CrMoV12-1 wird insbesondere [&hellip;]<\/p>\n","protected":false},"author":1,"featured_media":0,"parent":4508,"menu_order":0,"comment_status":"closed","ping_status":"closed","template":"","meta":{"footnotes":""},"class_list":["post-5791","page","type-page","status-publish","hentry"],"yoast_head":"<!-- This site is optimized with the Yoast SEO plugin v27.6 - https:\/\/yoast.com\/product\/yoast-seo-wordpress\/ -->\n<title>Hochwarmfester Stahl 1.4923 X22CrMoV12-1 - M.F. INOX<\/title>\n<meta name=\"robots\" content=\"index, follow, max-snippet:-1, max-image-preview:large, max-video-preview:-1\" \/>\n<link rel=\"canonical\" href=\"https:\/\/mfinox.com\/de\/materialien\/hochwarmfester-stahl-1-4923-x22crmov12-1\/\" \/>\n<meta property=\"og:locale\" content=\"de_DE\" \/>\n<meta property=\"og:type\" content=\"article\" \/>\n<meta property=\"og:title\" content=\"Hochwarmfester Stahl 1.4923 X22CrMoV12-1 - M.F. INOX\" \/>\n<meta property=\"og:description\" content=\"1.4923 X22CrMoV12-1 Der Stahl 1.4923 X22CrMoV12-1 ist ein hochfester Verg\u00fctungsstahl, der sich f\u00fcr Hochtemperaturanwendungen eignet und nicht korrosionsbest\u00e4ndig ist. Es f\u00e4llt in den Bereich der Materialien, die f\u00fcr die Herstellung von Verbindungselementen f\u00fcr Anwendungen von -200\u00b0 bis +700\u00b0C geeignet sind, wie in ISO 267-13 und ISO EN 10269 definiert. Der Stahl 1.4923 X22CrMoV12-1 wird insbesondere [&hellip;]\" \/>\n<meta property=\"og:url\" content=\"https:\/\/mfinox.com\/de\/materialien\/hochwarmfester-stahl-1-4923-x22crmov12-1\/\" \/>\n<meta property=\"og:site_name\" content=\"M.F. INOX\" \/>\n<meta property=\"article:modified_time\" content=\"2024-09-06T06:28:42+00:00\" \/>\n<meta name=\"twitter:card\" content=\"summary_large_image\" \/>\n<meta name=\"twitter:label1\" content=\"Gesch\u00e4tzte Lesezeit\" \/>\n\t<meta name=\"twitter:data1\" content=\"1\u00a0Minute\" \/>\n<script type=\"application\/ld+json\" class=\"yoast-schema-graph\">{\"@context\":\"https:\\\/\\\/schema.org\",\"@graph\":[{\"@type\":\"WebPage\",\"@id\":\"https:\\\/\\\/mfinox.com\\\/de\\\/materialien\\\/hochwarmfester-stahl-1-4923-x22crmov12-1\\\/\",\"url\":\"https:\\\/\\\/mfinox.com\\\/de\\\/materialien\\\/hochwarmfester-stahl-1-4923-x22crmov12-1\\\/\",\"name\":\"Hochwarmfester Stahl 1.4923 X22CrMoV12-1 - M.F. INOX\",\"isPartOf\":{\"@id\":\"https:\\\/\\\/mfinox.com\\\/de\\\/#website\"},\"datePublished\":\"2024-05-24T16:18:19+00:00\",\"dateModified\":\"2024-09-06T06:28:42+00:00\",\"breadcrumb\":{\"@id\":\"https:\\\/\\\/mfinox.com\\\/de\\\/materialien\\\/hochwarmfester-stahl-1-4923-x22crmov12-1\\\/#breadcrumb\"},\"inLanguage\":\"de\",\"potentialAction\":[{\"@type\":\"ReadAction\",\"target\":[\"https:\\\/\\\/mfinox.com\\\/de\\\/materialien\\\/hochwarmfester-stahl-1-4923-x22crmov12-1\\\/\"]}]},{\"@type\":\"BreadcrumbList\",\"@id\":\"https:\\\/\\\/mfinox.com\\\/de\\\/materialien\\\/hochwarmfester-stahl-1-4923-x22crmov12-1\\\/#breadcrumb\",\"itemListElement\":[{\"@type\":\"ListItem\",\"position\":1,\"name\":\"Home\",\"item\":\"https:\\\/\\\/mfinox.com\\\/de\\\/\"},{\"@type\":\"ListItem\",\"position\":2,\"name\":\"Materialien\",\"item\":\"https:\\\/\\\/mfinox.com\\\/de\\\/materialien\\\/\"},{\"@type\":\"ListItem\",\"position\":3,\"name\":\"Hochwarmfester Stahl 1.4923 X22CrMoV12-1\"}]},{\"@type\":\"WebSite\",\"@id\":\"https:\\\/\\\/mfinox.com\\\/de\\\/#website\",\"url\":\"https:\\\/\\\/mfinox.com\\\/de\\\/\",\"name\":\"M.F. INOX\",\"description\":\"\",\"publisher\":{\"@id\":\"https:\\\/\\\/mfinox.com\\\/de\\\/#organization\"},\"potentialAction\":[{\"@type\":\"SearchAction\",\"target\":{\"@type\":\"EntryPoint\",\"urlTemplate\":\"https:\\\/\\\/mfinox.com\\\/de\\\/?s={search_term_string}\"},\"query-input\":{\"@type\":\"PropertyValueSpecification\",\"valueRequired\":true,\"valueName\":\"search_term_string\"}}],\"inLanguage\":\"de\"},{\"@type\":\"Organization\",\"@id\":\"https:\\\/\\\/mfinox.com\\\/de\\\/#organization\",\"name\":\"M.F. INOX\",\"url\":\"https:\\\/\\\/mfinox.com\\\/de\\\/\",\"logo\":{\"@type\":\"ImageObject\",\"inLanguage\":\"de\",\"@id\":\"https:\\\/\\\/mfinox.com\\\/de\\\/#\\\/schema\\\/logo\\\/image\\\/\",\"url\":\"https:\\\/\\\/mfinox.com\\\/wp-content\\\/uploads\\\/2024\\\/05\\\/mf-inox_logo_neg.png\",\"contentUrl\":\"https:\\\/\\\/mfinox.com\\\/wp-content\\\/uploads\\\/2024\\\/05\\\/mf-inox_logo_neg.png\",\"width\":1949,\"height\":662,\"caption\":\"M.F. INOX\"},\"image\":{\"@id\":\"https:\\\/\\\/mfinox.com\\\/de\\\/#\\\/schema\\\/logo\\\/image\\\/\"}}]}<\/script>\n<!-- \/ Yoast SEO plugin. -->","yoast_head_json":{"title":"Hochwarmfester Stahl 1.4923 X22CrMoV12-1 - M.F. INOX","robots":{"index":"index","follow":"follow","max-snippet":"max-snippet:-1","max-image-preview":"max-image-preview:large","max-video-preview":"max-video-preview:-1"},"canonical":"https:\/\/mfinox.com\/de\/materialien\/hochwarmfester-stahl-1-4923-x22crmov12-1\/","og_locale":"de_DE","og_type":"article","og_title":"Hochwarmfester Stahl 1.4923 X22CrMoV12-1 - M.F. INOX","og_description":"1.4923 X22CrMoV12-1 Der Stahl 1.4923 X22CrMoV12-1 ist ein hochfester Verg\u00fctungsstahl, der sich f\u00fcr Hochtemperaturanwendungen eignet und nicht korrosionsbest\u00e4ndig ist. Es f\u00e4llt in den Bereich der Materialien, die f\u00fcr die Herstellung von Verbindungselementen f\u00fcr Anwendungen von -200\u00b0 bis +700\u00b0C geeignet sind, wie in ISO 267-13 und ISO EN 10269 definiert. Der Stahl 1.4923 X22CrMoV12-1 wird insbesondere [&hellip;]","og_url":"https:\/\/mfinox.com\/de\/materialien\/hochwarmfester-stahl-1-4923-x22crmov12-1\/","og_site_name":"M.F. INOX","article_modified_time":"2024-09-06T06:28:42+00:00","twitter_card":"summary_large_image","twitter_misc":{"Gesch\u00e4tzte Lesezeit":"1\u00a0Minute"},"schema":{"@context":"https:\/\/schema.org","@graph":[{"@type":"WebPage","@id":"https:\/\/mfinox.com\/de\/materialien\/hochwarmfester-stahl-1-4923-x22crmov12-1\/","url":"https:\/\/mfinox.com\/de\/materialien\/hochwarmfester-stahl-1-4923-x22crmov12-1\/","name":"Hochwarmfester Stahl 1.4923 X22CrMoV12-1 - M.F. INOX","isPartOf":{"@id":"https:\/\/mfinox.com\/de\/#website"},"datePublished":"2024-05-24T16:18:19+00:00","dateModified":"2024-09-06T06:28:42+00:00","breadcrumb":{"@id":"https:\/\/mfinox.com\/de\/materialien\/hochwarmfester-stahl-1-4923-x22crmov12-1\/#breadcrumb"},"inLanguage":"de","potentialAction":[{"@type":"ReadAction","target":["https:\/\/mfinox.com\/de\/materialien\/hochwarmfester-stahl-1-4923-x22crmov12-1\/"]}]},{"@type":"BreadcrumbList","@id":"https:\/\/mfinox.com\/de\/materialien\/hochwarmfester-stahl-1-4923-x22crmov12-1\/#breadcrumb","itemListElement":[{"@type":"ListItem","position":1,"name":"Home","item":"https:\/\/mfinox.com\/de\/"},{"@type":"ListItem","position":2,"name":"Materialien","item":"https:\/\/mfinox.com\/de\/materialien\/"},{"@type":"ListItem","position":3,"name":"Hochwarmfester Stahl 1.4923 X22CrMoV12-1"}]},{"@type":"WebSite","@id":"https:\/\/mfinox.com\/de\/#website","url":"https:\/\/mfinox.com\/de\/","name":"M.F. INOX","description":"","publisher":{"@id":"https:\/\/mfinox.com\/de\/#organization"},"potentialAction":[{"@type":"SearchAction","target":{"@type":"EntryPoint","urlTemplate":"https:\/\/mfinox.com\/de\/?s={search_term_string}"},"query-input":{"@type":"PropertyValueSpecification","valueRequired":true,"valueName":"search_term_string"}}],"inLanguage":"de"},{"@type":"Organization","@id":"https:\/\/mfinox.com\/de\/#organization","name":"M.F. INOX","url":"https:\/\/mfinox.com\/de\/","logo":{"@type":"ImageObject","inLanguage":"de","@id":"https:\/\/mfinox.com\/de\/#\/schema\/logo\/image\/","url":"https:\/\/mfinox.com\/wp-content\/uploads\/2024\/05\/mf-inox_logo_neg.png","contentUrl":"https:\/\/mfinox.com\/wp-content\/uploads\/2024\/05\/mf-inox_logo_neg.png","width":1949,"height":662,"caption":"M.F. INOX"},"image":{"@id":"https:\/\/mfinox.com\/de\/#\/schema\/logo\/image\/"}}]}},"_links":{"self":[{"href":"https:\/\/mfinox.com\/de\/wp-json\/wp\/v2\/pages\/5791","targetHints":{"allow":["GET"]}}],"collection":[{"href":"https:\/\/mfinox.com\/de\/wp-json\/wp\/v2\/pages"}],"about":[{"href":"https:\/\/mfinox.com\/de\/wp-json\/wp\/v2\/types\/page"}],"author":[{"embeddable":true,"href":"https:\/\/mfinox.com\/de\/wp-json\/wp\/v2\/users\/1"}],"replies":[{"embeddable":true,"href":"https:\/\/mfinox.com\/de\/wp-json\/wp\/v2\/comments?post=5791"}],"version-history":[{"count":0,"href":"https:\/\/mfinox.com\/de\/wp-json\/wp\/v2\/pages\/5791\/revisions"}],"up":[{"embeddable":true,"href":"https:\/\/mfinox.com\/de\/wp-json\/wp\/v2\/pages\/4508"}],"wp:attachment":[{"href":"https:\/\/mfinox.com\/de\/wp-json\/wp\/v2\/media?parent=5791"}],"curies":[{"name":"wp","href":"https:\/\/api.w.org\/{rel}","templated":true}]}}