{"id":5774,"date":"2024-05-24T16:13:54","date_gmt":"2024-05-24T16:13:54","guid":{"rendered":"https:\/\/mfinox.com\/materialien\/rostfreier-stahl-werkstoff-1-4841-aisi-314-uns-s31400\/"},"modified":"2024-09-06T06:25:33","modified_gmt":"2024-09-06T06:25:33","slug":"rostfreier-stahl-werkstoff-1-4841-aisi-314-uns-s31400","status":"publish","type":"page","link":"https:\/\/mfinox.com\/de\/materialien\/rostfreier-stahl-werkstoff-1-4841-aisi-314-uns-s31400\/","title":{"rendered":"Rostfreier Stahl Werkstoff 1.4841 AISI 314 UNS S31400"},"content":{"rendered":"\t\t<div data-elementor-type=\"wp-page\" data-elementor-id=\"5774\" class=\"elementor elementor-5774 elementor-1701\" data-elementor-post-type=\"page\">\n\t\t\t\t<div class=\"elementor-element elementor-element-716205b1 e-flex e-con-boxed e-con e-parent\" data-id=\"716205b1\" data-element_type=\"container\" data-e-type=\"container\" data-settings=\"{&quot;background_background&quot;:&quot;classic&quot;}\">\n\t\t\t\t\t<div class=\"e-con-inner\">\n\t\t\t\t<div class=\"elementor-element elementor-element-77da6f98 titolo-materiali elementor-invisible elementor-widget elementor-widget-heading\" data-id=\"77da6f98\" data-element_type=\"widget\" data-e-type=\"widget\" data-settings=\"{&quot;_animation&quot;:&quot;fadeIn&quot;}\" data-widget_type=\"heading.default\">\n\t\t\t\t<div class=\"elementor-widget-container\">\n\t\t\t\t\t<h1 class=\"elementor-heading-title elementor-size-default\">Werkstoff 1.4841 AISI 314 UNS S31400<\/h1>\t\t\t\t<\/div>\n\t\t\t\t<\/div>\n\t\t\t\t<div class=\"elementor-element elementor-element-46481508 elementor-invisible elementor-widget elementor-widget-shortcode\" data-id=\"46481508\" data-element_type=\"widget\" data-e-type=\"widget\" data-settings=\"{&quot;_animation&quot;:&quot;fadeIn&quot;}\" data-widget_type=\"shortcode.default\">\n\t\t\t\t<div class=\"elementor-widget-container\">\n\t\t\t\t\t\t\t<div class=\"elementor-shortcode\"><nav aria-label=\"breadcrumb\"><div class=\"breadcrumb\"><span class=\"breadcrumb-item\"><a href=\"https:\/\/mfinox.com\/de\/\" style=\"color: #F3912E;\">Home<\/a><\/span><\/div><\/nav><\/div>\n\t\t\t\t\t\t<\/div>\n\t\t\t\t<\/div>\n\t\t\t\t\t<\/div>\n\t\t\t\t<\/div>\n\t\t<div class=\"elementor-element elementor-element-508e3a47 e-flex e-con-boxed elementor-invisible e-con e-parent\" data-id=\"508e3a47\" data-element_type=\"container\" data-e-type=\"container\" data-settings=\"{&quot;animation&quot;:&quot;fadeInUp&quot;}\">\n\t\t\t\t\t<div class=\"e-con-inner\">\n\t\t\t\t<div class=\"elementor-element elementor-element-402d13ea elementor-widget elementor-widget-text-editor\" data-id=\"402d13ea\" data-element_type=\"widget\" data-e-type=\"widget\" data-widget_type=\"text-editor.default\">\n\t\t\t\t<div class=\"elementor-widget-container\">\n\t\t\t\t\t\t\t\t\tWerkstoff austenitischer rostfreier Stahl 1.4841 AISI 314 UNS S31400 ist ein Stahl, der sich f\u00fcr Hochtemperaturanwendungen bis zu etwa 1125 \u00b0C eignet.\nAufgrund seiner Eigenschaften ist er ideal f\u00fcr die Herstellung von industriellen Ofen- und Kesselbauteilen, Rohren und Faltenb\u00e4lgen, elektrischen Heizelementen, Luftfahrttechnik und Abgassystemen f\u00fcr die Automobilindustrie.   <h2><b>CHEMISCHE ZUSAMMENSETZUNG Werkstoff 1.4841 AISI 314 UNS S31400:<\/b><\/h2>\n&nbsp;\n<table class=\"responsive-table\">\n<tbody>\n<tr>\n<th>Element<\/th><th>Min<\/th><th>Max<\/th>\n<\/tr>\n<tr>\n<td>C max<\/td><td><\/td><td>0.20<\/td>\n<\/tr>\n<tr>\n<td>Ja<\/td><td>1.50<\/td><td>2.00<\/td>\n<\/tr>\n<tr>\n<td>Mn max<\/td><td><\/td><td>2.00<\/td>\n<\/tr>\n<tr>\n<td>Cr<\/td><td>24.00<\/td><td>26.00<\/td>\n<\/tr>\n<tr>\n<td>S max<\/td><td><\/td><td>0.015<\/td>\n<\/tr>\n<tr>\n<td>P max<\/td><td><\/td><td>0.045<\/td>\n<\/tr>\n<tr>\n<td>Ni<\/td><td>19.00<\/td><td>22.00<\/td>\n<\/tr>\n<\/tbody>\n<\/table>\n<h2><b>MECHANISCHE EIGENSCHAFTEN Werkstoff 1.4841 AISI 314 UNS S31400:<\/b><\/h2>\n&nbsp;\n<table class=\"responsive-table\">\n<tbody>\n<tr>\n<th>Material<\/th>\n<th>Liga<\/th>\n<th>Rm min (MPa)<\/th>\n<th>Rp 0,2 min (MPa)<\/th>\n<th>A% min<\/th>\n<th>Z% min<\/th>\n<th>Max. H\u00e4rte (HB)<\/th>\n<\/tr>\n<tr>\n<td>AISI 310<\/td>\n<td>1.4845<\/td>\n<td>500 &#8211; 700<\/td>\n<td>250<\/td>\n<td>35<\/td>\n<td>55<\/td>\n<td>192<\/td>\n<\/tr>\n<\/tbody>\n<\/table>\n<h2><b>PHYSIKALISCHE EIGENSCHAFTEN Werkstoff 1.4841 AISI 314 UNS S31400:<\/b><\/h2>\n&nbsp;\n<ul>\n \t<li>Spezifisches Gewicht: Kg\/cm\u00b3 bei 20\u00b0C &#8211; 7,9 Kg\/dm\u00b3<\/li>\n \t<li>Elastizit\u00e4tsmodul: N\/mm\u00b2 bei 20\u00b0C &#8211; 200.000<\/li>\n \t<li>W\u00e4rmeleitf\u00e4higkeit: W\/m.K bei 20\u00b0C &#8211; 14.0<\/li>\n \t<li>Spezifische W\u00e4rme: J\/g.K bei 20\u00b0C &#8211; 500<\/li>\n \t<li>Lineare Ausdehnungskoeffizienten: 17,0 (20\u00b0 &#8211; 200\u00b0C), 18,0 (20\u00b0 &#8211; 400\u00b0C), 19,0 (20\u00b0 &#8211; 600\u00b0C)<\/li>\n \t<li>Elektrischer Widerstand: \u03a9 mm\u00b2\/m bei 20\u00b0C 0.90<\/li>\n \t<li>Amagnetisch<\/li>\n<\/ul>\n<h2><b>KORRESPONDENZEN UND SPEZIFIKATIONEN Werkstoff 1.4841 AISI 314 UNS S31400:<\/b><\/h2>\n&nbsp;\n<ul>\n \t<li>EN 10095: X15CrNiSi25-21<\/li>\n \t<li>W: 1.4841<\/li>\n \t<li>JIS: SUH310<\/li>\n \t<li>AISI: 314<\/li>\n \t<li>AFNOR: Z15CNS25-20<\/li>\n \t<li>UNS: S31400<\/li>\n<\/ul>\n\t\t<div data-elementor-type=\"section\" data-elementor-id=\"2152\" class=\"elementor elementor-2152\" data-elementor-post-type=\"elementor_library\">\n\t\t\t<div class=\"elementor-element elementor-element-1a5312d e-flex e-con-boxed e-con e-parent\" data-id=\"1a5312d\" data-element_type=\"container\" data-e-type=\"container\">\n\t\t\t\t\t<div class=\"e-con-inner\">\n\t\t\t\t<div class=\"elementor-element elementor-element-703a4b7 elementor-widget elementor-widget-spacer\" data-id=\"703a4b7\" data-element_type=\"widget\" data-e-type=\"widget\" data-widget_type=\"spacer.default\">\n\t\t\t\t<div class=\"elementor-widget-container\">\n\t\t\t\t\t\t\t<div class=\"elementor-spacer\">\n\t\t\t<div class=\"elementor-spacer-inner\"><\/div>\n\t\t<\/div>\n\t\t\t\t\t\t<\/div>\n\t\t\t\t<\/div>\n\t\t\t\t\t<\/div>\n\t\t\t\t<\/div>\n\t\t\t\t<\/div>\n\t\t\t\t\t\t\t\t\t\t<\/div>\n\t\t\t\t<\/div>\n\t\t\t\t\t<\/div>\n\t\t\t\t<\/div>\n\t\t\t\t<\/div>\n\t\t","protected":false},"excerpt":{"rendered":"<p>Werkstoff 1.4841 AISI 314 UNS S31400 Werkstoff austenitischer rostfreier Stahl 1.4841 AISI 314 UNS S31400 ist ein Stahl, der sich f\u00fcr Hochtemperaturanwendungen bis zu etwa 1125 \u00b0C eignet. Aufgrund seiner Eigenschaften ist er ideal f\u00fcr die Herstellung von industriellen Ofen- und Kesselbauteilen, Rohren und Faltenb\u00e4lgen, elektrischen Heizelementen, Luftfahrttechnik und Abgassystemen f\u00fcr die Automobilindustrie. CHEMISCHE ZUSAMMENSETZUNG [&hellip;]<\/p>\n","protected":false},"author":1,"featured_media":0,"parent":4508,"menu_order":0,"comment_status":"closed","ping_status":"closed","template":"","meta":{"footnotes":""},"class_list":["post-5774","page","type-page","status-publish","hentry"],"yoast_head":"<!-- This site is optimized with the Yoast SEO plugin v27.6 - https:\/\/yoast.com\/product\/yoast-seo-wordpress\/ -->\n<title>Rostfreier Stahl Werkstoff 1.4841 AISI 314 UNS S31400 - M.F. INOX<\/title>\n<meta name=\"robots\" content=\"index, follow, max-snippet:-1, max-image-preview:large, max-video-preview:-1\" \/>\n<link rel=\"canonical\" href=\"https:\/\/mfinox.com\/de\/materialien\/rostfreier-stahl-werkstoff-1-4841-aisi-314-uns-s31400\/\" \/>\n<meta property=\"og:locale\" content=\"de_DE\" \/>\n<meta property=\"og:type\" content=\"article\" \/>\n<meta property=\"og:title\" content=\"Rostfreier Stahl Werkstoff 1.4841 AISI 314 UNS S31400 - M.F. INOX\" \/>\n<meta property=\"og:description\" content=\"Werkstoff 1.4841 AISI 314 UNS S31400 Werkstoff austenitischer rostfreier Stahl 1.4841 AISI 314 UNS S31400 ist ein Stahl, der sich f\u00fcr Hochtemperaturanwendungen bis zu etwa 1125 \u00b0C eignet. Aufgrund seiner Eigenschaften ist er ideal f\u00fcr die Herstellung von industriellen Ofen- und Kesselbauteilen, Rohren und Faltenb\u00e4lgen, elektrischen Heizelementen, Luftfahrttechnik und Abgassystemen f\u00fcr die Automobilindustrie. CHEMISCHE ZUSAMMENSETZUNG [&hellip;]\" \/>\n<meta property=\"og:url\" content=\"https:\/\/mfinox.com\/de\/materialien\/rostfreier-stahl-werkstoff-1-4841-aisi-314-uns-s31400\/\" \/>\n<meta property=\"og:site_name\" content=\"M.F. INOX\" \/>\n<meta property=\"article:modified_time\" content=\"2024-09-06T06:25:33+00:00\" \/>\n<meta name=\"twitter:card\" content=\"summary_large_image\" \/>\n<meta name=\"twitter:label1\" content=\"Gesch\u00e4tzte Lesezeit\" \/>\n\t<meta name=\"twitter:data1\" content=\"1\u00a0Minute\" \/>\n<script type=\"application\/ld+json\" class=\"yoast-schema-graph\">{\"@context\":\"https:\\\/\\\/schema.org\",\"@graph\":[{\"@type\":\"WebPage\",\"@id\":\"https:\\\/\\\/mfinox.com\\\/de\\\/materialien\\\/rostfreier-stahl-werkstoff-1-4841-aisi-314-uns-s31400\\\/\",\"url\":\"https:\\\/\\\/mfinox.com\\\/de\\\/materialien\\\/rostfreier-stahl-werkstoff-1-4841-aisi-314-uns-s31400\\\/\",\"name\":\"Rostfreier Stahl Werkstoff 1.4841 AISI 314 UNS S31400 - M.F. INOX\",\"isPartOf\":{\"@id\":\"https:\\\/\\\/mfinox.com\\\/de\\\/#website\"},\"datePublished\":\"2024-05-24T16:13:54+00:00\",\"dateModified\":\"2024-09-06T06:25:33+00:00\",\"breadcrumb\":{\"@id\":\"https:\\\/\\\/mfinox.com\\\/de\\\/materialien\\\/rostfreier-stahl-werkstoff-1-4841-aisi-314-uns-s31400\\\/#breadcrumb\"},\"inLanguage\":\"de\",\"potentialAction\":[{\"@type\":\"ReadAction\",\"target\":[\"https:\\\/\\\/mfinox.com\\\/de\\\/materialien\\\/rostfreier-stahl-werkstoff-1-4841-aisi-314-uns-s31400\\\/\"]}]},{\"@type\":\"BreadcrumbList\",\"@id\":\"https:\\\/\\\/mfinox.com\\\/de\\\/materialien\\\/rostfreier-stahl-werkstoff-1-4841-aisi-314-uns-s31400\\\/#breadcrumb\",\"itemListElement\":[{\"@type\":\"ListItem\",\"position\":1,\"name\":\"Home\",\"item\":\"https:\\\/\\\/mfinox.com\\\/de\\\/\"},{\"@type\":\"ListItem\",\"position\":2,\"name\":\"Materialien\",\"item\":\"https:\\\/\\\/mfinox.com\\\/de\\\/materialien\\\/\"},{\"@type\":\"ListItem\",\"position\":3,\"name\":\"Rostfreier Stahl Werkstoff 1.4841 AISI 314 UNS S31400\"}]},{\"@type\":\"WebSite\",\"@id\":\"https:\\\/\\\/mfinox.com\\\/de\\\/#website\",\"url\":\"https:\\\/\\\/mfinox.com\\\/de\\\/\",\"name\":\"M.F. INOX\",\"description\":\"\",\"publisher\":{\"@id\":\"https:\\\/\\\/mfinox.com\\\/de\\\/#organization\"},\"potentialAction\":[{\"@type\":\"SearchAction\",\"target\":{\"@type\":\"EntryPoint\",\"urlTemplate\":\"https:\\\/\\\/mfinox.com\\\/de\\\/?s={search_term_string}\"},\"query-input\":{\"@type\":\"PropertyValueSpecification\",\"valueRequired\":true,\"valueName\":\"search_term_string\"}}],\"inLanguage\":\"de\"},{\"@type\":\"Organization\",\"@id\":\"https:\\\/\\\/mfinox.com\\\/de\\\/#organization\",\"name\":\"M.F. INOX\",\"url\":\"https:\\\/\\\/mfinox.com\\\/de\\\/\",\"logo\":{\"@type\":\"ImageObject\",\"inLanguage\":\"de\",\"@id\":\"https:\\\/\\\/mfinox.com\\\/de\\\/#\\\/schema\\\/logo\\\/image\\\/\",\"url\":\"https:\\\/\\\/mfinox.com\\\/wp-content\\\/uploads\\\/2024\\\/05\\\/mf-inox_logo_neg.png\",\"contentUrl\":\"https:\\\/\\\/mfinox.com\\\/wp-content\\\/uploads\\\/2024\\\/05\\\/mf-inox_logo_neg.png\",\"width\":1949,\"height\":662,\"caption\":\"M.F. INOX\"},\"image\":{\"@id\":\"https:\\\/\\\/mfinox.com\\\/de\\\/#\\\/schema\\\/logo\\\/image\\\/\"}}]}<\/script>\n<!-- \/ Yoast SEO plugin. -->","yoast_head_json":{"title":"Rostfreier Stahl Werkstoff 1.4841 AISI 314 UNS S31400 - M.F. INOX","robots":{"index":"index","follow":"follow","max-snippet":"max-snippet:-1","max-image-preview":"max-image-preview:large","max-video-preview":"max-video-preview:-1"},"canonical":"https:\/\/mfinox.com\/de\/materialien\/rostfreier-stahl-werkstoff-1-4841-aisi-314-uns-s31400\/","og_locale":"de_DE","og_type":"article","og_title":"Rostfreier Stahl Werkstoff 1.4841 AISI 314 UNS S31400 - M.F. INOX","og_description":"Werkstoff 1.4841 AISI 314 UNS S31400 Werkstoff austenitischer rostfreier Stahl 1.4841 AISI 314 UNS S31400 ist ein Stahl, der sich f\u00fcr Hochtemperaturanwendungen bis zu etwa 1125 \u00b0C eignet. Aufgrund seiner Eigenschaften ist er ideal f\u00fcr die Herstellung von industriellen Ofen- und Kesselbauteilen, Rohren und Faltenb\u00e4lgen, elektrischen Heizelementen, Luftfahrttechnik und Abgassystemen f\u00fcr die Automobilindustrie. CHEMISCHE ZUSAMMENSETZUNG [&hellip;]","og_url":"https:\/\/mfinox.com\/de\/materialien\/rostfreier-stahl-werkstoff-1-4841-aisi-314-uns-s31400\/","og_site_name":"M.F. INOX","article_modified_time":"2024-09-06T06:25:33+00:00","twitter_card":"summary_large_image","twitter_misc":{"Gesch\u00e4tzte Lesezeit":"1\u00a0Minute"},"schema":{"@context":"https:\/\/schema.org","@graph":[{"@type":"WebPage","@id":"https:\/\/mfinox.com\/de\/materialien\/rostfreier-stahl-werkstoff-1-4841-aisi-314-uns-s31400\/","url":"https:\/\/mfinox.com\/de\/materialien\/rostfreier-stahl-werkstoff-1-4841-aisi-314-uns-s31400\/","name":"Rostfreier Stahl Werkstoff 1.4841 AISI 314 UNS S31400 - M.F. INOX","isPartOf":{"@id":"https:\/\/mfinox.com\/de\/#website"},"datePublished":"2024-05-24T16:13:54+00:00","dateModified":"2024-09-06T06:25:33+00:00","breadcrumb":{"@id":"https:\/\/mfinox.com\/de\/materialien\/rostfreier-stahl-werkstoff-1-4841-aisi-314-uns-s31400\/#breadcrumb"},"inLanguage":"de","potentialAction":[{"@type":"ReadAction","target":["https:\/\/mfinox.com\/de\/materialien\/rostfreier-stahl-werkstoff-1-4841-aisi-314-uns-s31400\/"]}]},{"@type":"BreadcrumbList","@id":"https:\/\/mfinox.com\/de\/materialien\/rostfreier-stahl-werkstoff-1-4841-aisi-314-uns-s31400\/#breadcrumb","itemListElement":[{"@type":"ListItem","position":1,"name":"Home","item":"https:\/\/mfinox.com\/de\/"},{"@type":"ListItem","position":2,"name":"Materialien","item":"https:\/\/mfinox.com\/de\/materialien\/"},{"@type":"ListItem","position":3,"name":"Rostfreier Stahl Werkstoff 1.4841 AISI 314 UNS S31400"}]},{"@type":"WebSite","@id":"https:\/\/mfinox.com\/de\/#website","url":"https:\/\/mfinox.com\/de\/","name":"M.F. INOX","description":"","publisher":{"@id":"https:\/\/mfinox.com\/de\/#organization"},"potentialAction":[{"@type":"SearchAction","target":{"@type":"EntryPoint","urlTemplate":"https:\/\/mfinox.com\/de\/?s={search_term_string}"},"query-input":{"@type":"PropertyValueSpecification","valueRequired":true,"valueName":"search_term_string"}}],"inLanguage":"de"},{"@type":"Organization","@id":"https:\/\/mfinox.com\/de\/#organization","name":"M.F. INOX","url":"https:\/\/mfinox.com\/de\/","logo":{"@type":"ImageObject","inLanguage":"de","@id":"https:\/\/mfinox.com\/de\/#\/schema\/logo\/image\/","url":"https:\/\/mfinox.com\/wp-content\/uploads\/2024\/05\/mf-inox_logo_neg.png","contentUrl":"https:\/\/mfinox.com\/wp-content\/uploads\/2024\/05\/mf-inox_logo_neg.png","width":1949,"height":662,"caption":"M.F. INOX"},"image":{"@id":"https:\/\/mfinox.com\/de\/#\/schema\/logo\/image\/"}}]}},"_links":{"self":[{"href":"https:\/\/mfinox.com\/de\/wp-json\/wp\/v2\/pages\/5774","targetHints":{"allow":["GET"]}}],"collection":[{"href":"https:\/\/mfinox.com\/de\/wp-json\/wp\/v2\/pages"}],"about":[{"href":"https:\/\/mfinox.com\/de\/wp-json\/wp\/v2\/types\/page"}],"author":[{"embeddable":true,"href":"https:\/\/mfinox.com\/de\/wp-json\/wp\/v2\/users\/1"}],"replies":[{"embeddable":true,"href":"https:\/\/mfinox.com\/de\/wp-json\/wp\/v2\/comments?post=5774"}],"version-history":[{"count":0,"href":"https:\/\/mfinox.com\/de\/wp-json\/wp\/v2\/pages\/5774\/revisions"}],"up":[{"embeddable":true,"href":"https:\/\/mfinox.com\/de\/wp-json\/wp\/v2\/pages\/4508"}],"wp:attachment":[{"href":"https:\/\/mfinox.com\/de\/wp-json\/wp\/v2\/media?parent=5774"}],"curies":[{"name":"wp","href":"https:\/\/api.w.org\/{rel}","templated":true}]}}