{"id":5770,"date":"2024-05-24T16:12:58","date_gmt":"2024-05-24T16:12:58","guid":{"rendered":"https:\/\/mfinox.com\/materialien\/rostfreier-stahl-werkstoff-1-4828-aisi-309-uns-s30900\/"},"modified":"2024-09-06T06:24:04","modified_gmt":"2024-09-06T06:24:04","slug":"rostfreier-stahl-werkstoff-1-4828-aisi-309-uns-s30900","status":"publish","type":"page","link":"https:\/\/mfinox.com\/de\/materialien\/rostfreier-stahl-werkstoff-1-4828-aisi-309-uns-s30900\/","title":{"rendered":"Rostfreier Stahl Werkstoff 1.4828 AISI 309 UNS S30900"},"content":{"rendered":"\t\t<div data-elementor-type=\"wp-page\" data-elementor-id=\"5770\" class=\"elementor elementor-5770 elementor-1699\" data-elementor-post-type=\"page\">\n\t\t\t\t<div class=\"elementor-element elementor-element-6d279710 e-flex e-con-boxed e-con e-parent\" data-id=\"6d279710\" data-element_type=\"container\" data-e-type=\"container\" data-settings=\"{&quot;background_background&quot;:&quot;classic&quot;}\">\n\t\t\t\t\t<div class=\"e-con-inner\">\n\t\t\t\t<div class=\"elementor-element elementor-element-455a39c1 elementor-invisible elementor-widget elementor-widget-heading\" data-id=\"455a39c1\" data-element_type=\"widget\" data-e-type=\"widget\" data-settings=\"{&quot;_animation&quot;:&quot;fadeIn&quot;}\" data-widget_type=\"heading.default\">\n\t\t\t\t<div class=\"elementor-widget-container\">\n\t\t\t\t\t<h1 class=\"elementor-heading-title elementor-size-default\">Werkstoff 1.4828 AISI 309 UNS S30900<\/h1>\t\t\t\t<\/div>\n\t\t\t\t<\/div>\n\t\t\t\t<div class=\"elementor-element elementor-element-121ded91 elementor-invisible elementor-widget elementor-widget-shortcode\" data-id=\"121ded91\" data-element_type=\"widget\" data-e-type=\"widget\" data-settings=\"{&quot;_animation&quot;:&quot;fadeIn&quot;}\" data-widget_type=\"shortcode.default\">\n\t\t\t\t<div class=\"elementor-widget-container\">\n\t\t\t\t\t\t\t<div class=\"elementor-shortcode\"><nav aria-label=\"breadcrumb\"><div class=\"breadcrumb\"><span class=\"breadcrumb-item\"><a href=\"https:\/\/mfinox.com\/de\/\" style=\"color: #F3912E;\">Home<\/a><\/span><\/div><\/nav><\/div>\n\t\t\t\t\t\t<\/div>\n\t\t\t\t<\/div>\n\t\t\t\t\t<\/div>\n\t\t\t\t<\/div>\n\t\t<div class=\"elementor-element elementor-element-7fbc54b3 e-flex e-con-boxed elementor-invisible e-con e-parent\" data-id=\"7fbc54b3\" data-element_type=\"container\" data-e-type=\"container\" data-settings=\"{&quot;animation&quot;:&quot;fadeInUp&quot;}\">\n\t\t\t\t\t<div class=\"e-con-inner\">\n\t\t\t\t<div class=\"elementor-element elementor-element-5b6488d9 elementor-widget elementor-widget-text-editor\" data-id=\"5b6488d9\" data-element_type=\"widget\" data-e-type=\"widget\" data-widget_type=\"text-editor.default\">\n\t\t\t\t<div class=\"elementor-widget-container\">\n\t\t\t\t\t\t\t\t\t    <p>Werkstoff austenitischer rostfreier Stahl 1.4828 AISI 309 UNS S30900 ist ein Stahl, der f\u00fcr Hochtemperaturanwendungen geeignet ist.\nMit einer maximalen Betriebstemperatur an der Luft von 1.000\u00b0C bietet dieser hitzebest\u00e4ndige austenitische Edelstahl eine ausgezeichnete Korrosionsbest\u00e4ndigkeit gegen Oxidation und Karbonisierung.\nAufgrund seiner Eigenschaften ist er ideal f\u00fcr Komponenten von Industrie\u00f6fen und Kesseln, Ausdehnungsrohre und Faltenb\u00e4lge, elektrische Heizelemente, Luftfahrttechnik und Abgassysteme von Kraftfahrzeugen.  <\/p>\n\n    <h2><b>CHEMISCHE ZUSAMMENSETZUNG Werkstoff 1.4828 AISI 309 UNS S30900<\/h2><\/b>\n    <table class=\"responsive-table\">\n        <tr>\n            <th>Element<\/th><th>Min<\/th><th>Max<\/th>\n        <\/tr>\n        <tr><td>C<\/td><td>&#8212;<\/td><td>0.20<\/td><\/tr>\n        <tr><td>S<\/td><td>&#8212;<\/td><td>0.015<\/td><\/tr>\n        <tr><td>P<\/td><td>&#8212;<\/td><td>0.045<\/td><\/tr>\n        <tr><td>Ja<\/td><td>1.50<\/td><td>2.00<\/td><\/tr>\n        <tr><td>Mn<\/td><td>&#8212;<\/td><td>2.00<\/td><\/tr>\n        <tr><td>Cr<\/td><td>19.00<\/td><td>21.00<\/td><\/tr>\n        <tr><td>Ni<\/td><td>11.00<\/td><td>13.00<\/td><\/tr>\n        <tr><td>N<\/td><td>&#8212;<\/td><td>0.11<\/td><\/tr>\n    <\/table>\n\n    <h2><b>MECHANISCHE EIGENSCHAFTEN Werkstoff 1.4828 AISI 309 UNS S30900<\/h2><\/b>\n    <table class=\"responsive-table\">\n        <tr>\n            <th>Material<\/th>\n            <th>Liga<\/th>\n            <th>Rm min (MPa)<\/th>\n            <th>Rp 0,2 min (MPa)<\/th>\n            <th>A% min<\/th>\n            <th>Z% min<\/th>\n            <th>Max. H\u00e4rte (HB)<\/th>\n        <\/tr>\n        <tr>\n            <td>AISI 309<\/td>\n            <td>1.4828<\/td>\n            <td>500 &#8211; 750<\/td>\n            <td>230<\/td>\n            <td>30<\/td>\n            <td>55<\/td>\n            <td>220<\/td>\n        <\/tr>\n    <\/table>\n\n    <h2><b>PHYSIKALISCHE EIGENSCHAFTEN Werkstoff 1.4828 AISI 309 UNS S30900<\/h2><\/b>\n    <ul>\n        <li>Spezifisches Gewicht: 7,9 kg\/dm\u00b3 bei 20\u00b0C<\/li>\n        <li>Elastizit\u00e4tsmodul: 206.000 N\/mm\u00b2 bei 20\u00b0C<\/li>\n        <li>W\u00e4rmeleitf\u00e4higkeit: 15 W\/m.K bei 20\u00b0C<\/li>\n        <li>Spezifische W\u00e4rme: 500 J\/g.K bei 20\u00b0C<\/li>\n        <li>Lineare Ausdehnungskoeffizienten: 16,5 (20\u00b0 &#8211; 200\u00b0C), 17,5 (20\u00b0 &#8211; 400\u00b0C), 18,0 (20\u00b0 &#8211; 600\u00b0C)<\/li>\n        <li>Elektrischer Widerstand: 0,85 \u03a9 mm\u00b2\/m bei 20\u00b0C<\/li>\n        <li>Amagnetisch<\/li>\n    <\/ul>\n\n    <h2><b>KORRESPONDENZEN UND SPEZIFIKATIONEN Werkstoff 1.4828 AISI 309 UNS S30900<\/h2><\/b>\n    <ul>\n        <li>EN 10095: X15 Cr Ni Si 20-12<\/li>\n        <li>W: 1.4828<\/li>\n        <li>JIS: SUH309<\/li>\n        <li>AISI: 309<\/li>\n        <li>UNS: S30900<\/li>\n    <\/ul>\n\t\t<div data-elementor-type=\"section\" data-elementor-id=\"2152\" class=\"elementor elementor-2152\" data-elementor-post-type=\"elementor_library\">\n\t\t\t<div class=\"elementor-element elementor-element-1a5312d e-flex e-con-boxed e-con e-parent\" data-id=\"1a5312d\" data-element_type=\"container\" data-e-type=\"container\">\n\t\t\t\t\t<div class=\"e-con-inner\">\n\t\t\t\t<div class=\"elementor-element elementor-element-703a4b7 elementor-widget elementor-widget-spacer\" data-id=\"703a4b7\" data-element_type=\"widget\" data-e-type=\"widget\" data-widget_type=\"spacer.default\">\n\t\t\t\t<div class=\"elementor-widget-container\">\n\t\t\t\t\t\t\t<div class=\"elementor-spacer\">\n\t\t\t<div class=\"elementor-spacer-inner\"><\/div>\n\t\t<\/div>\n\t\t\t\t\t\t<\/div>\n\t\t\t\t<\/div>\n\t\t\t\t\t<\/div>\n\t\t\t\t<\/div>\n\t\t\t\t<\/div>\n\t\t\t\t\t\t\t\t\t\t<\/div>\n\t\t\t\t<\/div>\n\t\t\t\t\t<\/div>\n\t\t\t\t<\/div>\n\t\t\t\t<\/div>\n\t\t","protected":false},"excerpt":{"rendered":"<p>Werkstoff 1.4828 AISI 309 UNS S30900 Werkstoff austenitischer rostfreier Stahl 1.4828 AISI 309 UNS S30900 ist ein Stahl, der f\u00fcr Hochtemperaturanwendungen geeignet ist. Mit einer maximalen Betriebstemperatur an der Luft von 1.000\u00b0C bietet dieser hitzebest\u00e4ndige austenitische Edelstahl eine ausgezeichnete Korrosionsbest\u00e4ndigkeit gegen Oxidation und Karbonisierung. Aufgrund seiner Eigenschaften ist er ideal f\u00fcr Komponenten von Industrie\u00f6fen und [&hellip;]<\/p>\n","protected":false},"author":1,"featured_media":0,"parent":4508,"menu_order":0,"comment_status":"closed","ping_status":"closed","template":"","meta":{"footnotes":""},"class_list":["post-5770","page","type-page","status-publish","hentry"],"yoast_head":"<!-- This site is optimized with the Yoast SEO plugin v27.6 - https:\/\/yoast.com\/product\/yoast-seo-wordpress\/ -->\n<title>Rostfreier Stahl Werkstoff 1.4828 AISI 309 UNS S30900 - M.F. INOX<\/title>\n<meta name=\"robots\" content=\"index, follow, max-snippet:-1, max-image-preview:large, max-video-preview:-1\" \/>\n<link rel=\"canonical\" href=\"https:\/\/mfinox.com\/de\/materialien\/rostfreier-stahl-werkstoff-1-4828-aisi-309-uns-s30900\/\" \/>\n<meta property=\"og:locale\" content=\"de_DE\" \/>\n<meta property=\"og:type\" content=\"article\" \/>\n<meta property=\"og:title\" content=\"Rostfreier Stahl Werkstoff 1.4828 AISI 309 UNS S30900 - M.F. INOX\" \/>\n<meta property=\"og:description\" content=\"Werkstoff 1.4828 AISI 309 UNS S30900 Werkstoff austenitischer rostfreier Stahl 1.4828 AISI 309 UNS S30900 ist ein Stahl, der f\u00fcr Hochtemperaturanwendungen geeignet ist. Mit einer maximalen Betriebstemperatur an der Luft von 1.000\u00b0C bietet dieser hitzebest\u00e4ndige austenitische Edelstahl eine ausgezeichnete Korrosionsbest\u00e4ndigkeit gegen Oxidation und Karbonisierung. Aufgrund seiner Eigenschaften ist er ideal f\u00fcr Komponenten von Industrie\u00f6fen und [&hellip;]\" \/>\n<meta property=\"og:url\" content=\"https:\/\/mfinox.com\/de\/materialien\/rostfreier-stahl-werkstoff-1-4828-aisi-309-uns-s30900\/\" \/>\n<meta property=\"og:site_name\" content=\"M.F. INOX\" \/>\n<meta property=\"article:modified_time\" content=\"2024-09-06T06:24:04+00:00\" \/>\n<meta name=\"twitter:card\" content=\"summary_large_image\" \/>\n<meta name=\"twitter:label1\" content=\"Gesch\u00e4tzte Lesezeit\" \/>\n\t<meta name=\"twitter:data1\" content=\"1\u00a0Minute\" \/>\n<script type=\"application\/ld+json\" class=\"yoast-schema-graph\">{\"@context\":\"https:\\\/\\\/schema.org\",\"@graph\":[{\"@type\":\"WebPage\",\"@id\":\"https:\\\/\\\/mfinox.com\\\/de\\\/materialien\\\/rostfreier-stahl-werkstoff-1-4828-aisi-309-uns-s30900\\\/\",\"url\":\"https:\\\/\\\/mfinox.com\\\/de\\\/materialien\\\/rostfreier-stahl-werkstoff-1-4828-aisi-309-uns-s30900\\\/\",\"name\":\"Rostfreier Stahl Werkstoff 1.4828 AISI 309 UNS S30900 - M.F. INOX\",\"isPartOf\":{\"@id\":\"https:\\\/\\\/mfinox.com\\\/de\\\/#website\"},\"datePublished\":\"2024-05-24T16:12:58+00:00\",\"dateModified\":\"2024-09-06T06:24:04+00:00\",\"breadcrumb\":{\"@id\":\"https:\\\/\\\/mfinox.com\\\/de\\\/materialien\\\/rostfreier-stahl-werkstoff-1-4828-aisi-309-uns-s30900\\\/#breadcrumb\"},\"inLanguage\":\"de\",\"potentialAction\":[{\"@type\":\"ReadAction\",\"target\":[\"https:\\\/\\\/mfinox.com\\\/de\\\/materialien\\\/rostfreier-stahl-werkstoff-1-4828-aisi-309-uns-s30900\\\/\"]}]},{\"@type\":\"BreadcrumbList\",\"@id\":\"https:\\\/\\\/mfinox.com\\\/de\\\/materialien\\\/rostfreier-stahl-werkstoff-1-4828-aisi-309-uns-s30900\\\/#breadcrumb\",\"itemListElement\":[{\"@type\":\"ListItem\",\"position\":1,\"name\":\"Home\",\"item\":\"https:\\\/\\\/mfinox.com\\\/de\\\/\"},{\"@type\":\"ListItem\",\"position\":2,\"name\":\"Materialien\",\"item\":\"https:\\\/\\\/mfinox.com\\\/de\\\/materialien\\\/\"},{\"@type\":\"ListItem\",\"position\":3,\"name\":\"Rostfreier Stahl Werkstoff 1.4828 AISI 309 UNS S30900\"}]},{\"@type\":\"WebSite\",\"@id\":\"https:\\\/\\\/mfinox.com\\\/de\\\/#website\",\"url\":\"https:\\\/\\\/mfinox.com\\\/de\\\/\",\"name\":\"M.F. INOX\",\"description\":\"\",\"publisher\":{\"@id\":\"https:\\\/\\\/mfinox.com\\\/de\\\/#organization\"},\"potentialAction\":[{\"@type\":\"SearchAction\",\"target\":{\"@type\":\"EntryPoint\",\"urlTemplate\":\"https:\\\/\\\/mfinox.com\\\/de\\\/?s={search_term_string}\"},\"query-input\":{\"@type\":\"PropertyValueSpecification\",\"valueRequired\":true,\"valueName\":\"search_term_string\"}}],\"inLanguage\":\"de\"},{\"@type\":\"Organization\",\"@id\":\"https:\\\/\\\/mfinox.com\\\/de\\\/#organization\",\"name\":\"M.F. INOX\",\"url\":\"https:\\\/\\\/mfinox.com\\\/de\\\/\",\"logo\":{\"@type\":\"ImageObject\",\"inLanguage\":\"de\",\"@id\":\"https:\\\/\\\/mfinox.com\\\/de\\\/#\\\/schema\\\/logo\\\/image\\\/\",\"url\":\"https:\\\/\\\/mfinox.com\\\/wp-content\\\/uploads\\\/2024\\\/05\\\/mf-inox_logo_neg.png\",\"contentUrl\":\"https:\\\/\\\/mfinox.com\\\/wp-content\\\/uploads\\\/2024\\\/05\\\/mf-inox_logo_neg.png\",\"width\":1949,\"height\":662,\"caption\":\"M.F. INOX\"},\"image\":{\"@id\":\"https:\\\/\\\/mfinox.com\\\/de\\\/#\\\/schema\\\/logo\\\/image\\\/\"}}]}<\/script>\n<!-- \/ Yoast SEO plugin. -->","yoast_head_json":{"title":"Rostfreier Stahl Werkstoff 1.4828 AISI 309 UNS S30900 - M.F. INOX","robots":{"index":"index","follow":"follow","max-snippet":"max-snippet:-1","max-image-preview":"max-image-preview:large","max-video-preview":"max-video-preview:-1"},"canonical":"https:\/\/mfinox.com\/de\/materialien\/rostfreier-stahl-werkstoff-1-4828-aisi-309-uns-s30900\/","og_locale":"de_DE","og_type":"article","og_title":"Rostfreier Stahl Werkstoff 1.4828 AISI 309 UNS S30900 - M.F. INOX","og_description":"Werkstoff 1.4828 AISI 309 UNS S30900 Werkstoff austenitischer rostfreier Stahl 1.4828 AISI 309 UNS S30900 ist ein Stahl, der f\u00fcr Hochtemperaturanwendungen geeignet ist. Mit einer maximalen Betriebstemperatur an der Luft von 1.000\u00b0C bietet dieser hitzebest\u00e4ndige austenitische Edelstahl eine ausgezeichnete Korrosionsbest\u00e4ndigkeit gegen Oxidation und Karbonisierung. Aufgrund seiner Eigenschaften ist er ideal f\u00fcr Komponenten von Industrie\u00f6fen und [&hellip;]","og_url":"https:\/\/mfinox.com\/de\/materialien\/rostfreier-stahl-werkstoff-1-4828-aisi-309-uns-s30900\/","og_site_name":"M.F. INOX","article_modified_time":"2024-09-06T06:24:04+00:00","twitter_card":"summary_large_image","twitter_misc":{"Gesch\u00e4tzte Lesezeit":"1\u00a0Minute"},"schema":{"@context":"https:\/\/schema.org","@graph":[{"@type":"WebPage","@id":"https:\/\/mfinox.com\/de\/materialien\/rostfreier-stahl-werkstoff-1-4828-aisi-309-uns-s30900\/","url":"https:\/\/mfinox.com\/de\/materialien\/rostfreier-stahl-werkstoff-1-4828-aisi-309-uns-s30900\/","name":"Rostfreier Stahl Werkstoff 1.4828 AISI 309 UNS S30900 - M.F. INOX","isPartOf":{"@id":"https:\/\/mfinox.com\/de\/#website"},"datePublished":"2024-05-24T16:12:58+00:00","dateModified":"2024-09-06T06:24:04+00:00","breadcrumb":{"@id":"https:\/\/mfinox.com\/de\/materialien\/rostfreier-stahl-werkstoff-1-4828-aisi-309-uns-s30900\/#breadcrumb"},"inLanguage":"de","potentialAction":[{"@type":"ReadAction","target":["https:\/\/mfinox.com\/de\/materialien\/rostfreier-stahl-werkstoff-1-4828-aisi-309-uns-s30900\/"]}]},{"@type":"BreadcrumbList","@id":"https:\/\/mfinox.com\/de\/materialien\/rostfreier-stahl-werkstoff-1-4828-aisi-309-uns-s30900\/#breadcrumb","itemListElement":[{"@type":"ListItem","position":1,"name":"Home","item":"https:\/\/mfinox.com\/de\/"},{"@type":"ListItem","position":2,"name":"Materialien","item":"https:\/\/mfinox.com\/de\/materialien\/"},{"@type":"ListItem","position":3,"name":"Rostfreier Stahl Werkstoff 1.4828 AISI 309 UNS S30900"}]},{"@type":"WebSite","@id":"https:\/\/mfinox.com\/de\/#website","url":"https:\/\/mfinox.com\/de\/","name":"M.F. INOX","description":"","publisher":{"@id":"https:\/\/mfinox.com\/de\/#organization"},"potentialAction":[{"@type":"SearchAction","target":{"@type":"EntryPoint","urlTemplate":"https:\/\/mfinox.com\/de\/?s={search_term_string}"},"query-input":{"@type":"PropertyValueSpecification","valueRequired":true,"valueName":"search_term_string"}}],"inLanguage":"de"},{"@type":"Organization","@id":"https:\/\/mfinox.com\/de\/#organization","name":"M.F. INOX","url":"https:\/\/mfinox.com\/de\/","logo":{"@type":"ImageObject","inLanguage":"de","@id":"https:\/\/mfinox.com\/de\/#\/schema\/logo\/image\/","url":"https:\/\/mfinox.com\/wp-content\/uploads\/2024\/05\/mf-inox_logo_neg.png","contentUrl":"https:\/\/mfinox.com\/wp-content\/uploads\/2024\/05\/mf-inox_logo_neg.png","width":1949,"height":662,"caption":"M.F. INOX"},"image":{"@id":"https:\/\/mfinox.com\/de\/#\/schema\/logo\/image\/"}}]}},"_links":{"self":[{"href":"https:\/\/mfinox.com\/de\/wp-json\/wp\/v2\/pages\/5770","targetHints":{"allow":["GET"]}}],"collection":[{"href":"https:\/\/mfinox.com\/de\/wp-json\/wp\/v2\/pages"}],"about":[{"href":"https:\/\/mfinox.com\/de\/wp-json\/wp\/v2\/types\/page"}],"author":[{"embeddable":true,"href":"https:\/\/mfinox.com\/de\/wp-json\/wp\/v2\/users\/1"}],"replies":[{"embeddable":true,"href":"https:\/\/mfinox.com\/de\/wp-json\/wp\/v2\/comments?post=5770"}],"version-history":[{"count":0,"href":"https:\/\/mfinox.com\/de\/wp-json\/wp\/v2\/pages\/5770\/revisions"}],"up":[{"embeddable":true,"href":"https:\/\/mfinox.com\/de\/wp-json\/wp\/v2\/pages\/4508"}],"wp:attachment":[{"href":"https:\/\/mfinox.com\/de\/wp-json\/wp\/v2\/media?parent=5770"}],"curies":[{"name":"wp","href":"https:\/\/api.w.org\/{rel}","templated":true}]}}