{"id":5761,"date":"2024-05-27T11:30:53","date_gmt":"2024-05-27T11:30:53","guid":{"rendered":"https:\/\/mfinox.com\/materialien\/rostfreier-stahl-werkstoff-1-4401-aisi-316-uns-s31600-2\/"},"modified":"2024-05-27T11:30:53","modified_gmt":"2024-05-27T11:30:53","slug":"rostfreier-stahl-werkstoff-1-4401-aisi-316-uns-s31600-2","status":"publish","type":"page","link":"https:\/\/mfinox.com\/de\/materialien\/rostfreier-stahl-werkstoff-1-4401-aisi-316-uns-s31600-2\/","title":{"rendered":"Rostfreier Stahl Werkstoff 1.4401 AISI 316 UNS S31600"},"content":{"rendered":"\n<p>Werkstoff Edelstahl 1.4401 AISI 316 UNS S31600 ist ein austenitischer Stahl, der aufgrund seiner hohen Korrosionsbest\u00e4ndigkeit in sauren Umgebungen und seiner guten mechanischen Eigenschaften weit verbreitet ist.<br \/>\nAufgrund seiner Eigenschaften kann er in einer Vielzahl von Sektoren und Anwendungen eingesetzt werden, wie z.B.: Schiffsausr\u00fcstung f\u00fcr die chemische Industrie Pharmazeutika Lebensmittel Textilien Papierindustrie Ofenteile W\u00e4rmetauscher und mehr. <\/p>\n<p>Dieses Material eignet sich f\u00fcr die Herstellung von Zugstangen, Muttern und Bolzen, die den Normen EN ISO 3506-1 (Link einf\u00fcgen) und EN ISO 3506-2 (Link einf\u00fcgen) in den verschiedenen mechanischen Festigkeitseigenschaften je nach Zustand des Fertigteils entsprechen (A4-50 A4-70 und A4-80).<\/p>\n<h2>CHEMISCHE ZUSAMMENSETZUNG Werkstoff 1.4401 AISI 316 UNS S31600<\/h2>\n<table class=\"responsive-table\">\n<tr>\n<th>Element<\/th>\n<th>Min<\/th>\n<th>Max<\/th>\n<\/tr>\n<tr>\n<td>C max<\/td>\n<td><\/td>\n<td>0.07<\/td>\n<\/tr>\n<tr>\n<td>S max<\/td>\n<td><\/td>\n<td>0.03<\/td>\n<\/tr>\n<tr>\n<td>P max<\/td>\n<td><\/td>\n<td>0.045<\/td>\n<\/tr>\n<tr>\n<td>Ja max.<\/td>\n<td><\/td>\n<td>1.0<\/td>\n<\/tr>\n<tr>\n<td>Mn max<\/td>\n<td><\/td>\n<td>2.0<\/td>\n<\/tr>\n<tr>\n<td>Cr<\/td>\n<td>16.5<\/td>\n<td>18.5<\/td>\n<\/tr>\n<tr>\n<td>Ni<\/td>\n<td>10.0<\/td>\n<td>13.0<\/td>\n<\/tr>\n<tr>\n<td>Mo<\/td>\n<td>2.0<\/td>\n<td>3.0<\/td>\n<\/tr>\n<\/table>\n<h2>MECHANISCHE EIGENSCHAFTEN Werkstoff 1.4401 AISI 316 UNS S31600<\/h2>\n<table class=\"responsive-table\">\n<tr>\n<th>Material<\/th>\n<th>Legierung<\/th>\n<th>Rm min (MPa)<\/th>\n<th>Rp 0,2 min (MPa)<\/th>\n<th>A% min<\/th>\n<\/tr>\n<tr>\n<td>AISI 316 A4-50<\/td>\n<td>1.4401<\/td>\n<td>500<\/td>\n<td>210<\/td>\n<td>0.6d<\/td>\n<\/tr>\n<tr>\n<td>AISI 316 A4-70<\/td>\n<td>1.4401<\/td>\n<td>700<\/td>\n<td>450<\/td>\n<td>0.4d<\/td>\n<\/tr>\n<tr>\n<td>AISI 316 A4-80<\/td>\n<td>1.4401<\/td>\n<td>800<\/td>\n<td>600<\/td>\n<td>0.3d<\/td>\n<\/tr>\n<\/table>\n<h2>PHYSIKALISCHE EIGENSCHAFTEN Werkstoff 1.4401 AISI 316 UNS S31600<\/h2>\n<ul>\n<li>Massendichte: Kg\/cm\u00b3 bei 20\u00b0C &#8211; 8.0<\/li>\n<li>Elastizit\u00e4tsmodul: N\/mm\u00b2 bei 20\u00b0C &#8211; 200.000<\/li>\n<li>W\u00e4rmeleitf\u00e4higkeit: W\/m.K. (20\u00b0C) &#8211; 14.6<\/li>\n<li>Spezifische W\u00e4rme: J\/g.K. (20\u00b0C) &#8211; 500<\/li>\n<li>Lineare Ausdehnungskoeffizienten: 20\u00b0 &#8211; 200\u00b0C &#8211; 16,5, 20\u00b0 &#8211; 400\u00b0C &#8211; 17,5, 20\u00b0 &#8211; 600\u00b0C &#8211; 19,0<\/li>\n<li>Elektrischer Widerstand: \u03a9 mm\u00b2\/m bei 20\u00b0C &#8211; 0.75<\/li>\n<li>Amagnetisch<\/li>\n<\/ul>\n<p>    &nbsp;&nbsp;<\/p>\n<h2>KORRESPONDENZEN UND SPEZIFIKATIONEN Werkstoff 1.4401 AISI 316 UNS S31600<\/h2>\n<ul>\n<li>EN 10088\/3: X 5 Cr Ni Mo 17-12-2<\/li>\n<li>W: 1.4401<\/li>\n<li>JIS: SUS316<\/li>\n<li>SAE: 316<\/li>\n<li>AISI: 316<\/li>\n<li>UNS: S31600<\/li>\n<li>ISO: 3506-1, 3506-2<\/li>\n<\/ul>\n","protected":false},"excerpt":{"rendered":"<p>Werkstoff Edelstahl 1.4401 AISI 316 UNS S31600 ist ein austenitischer Stahl, der aufgrund seiner hohen Korrosionsbest\u00e4ndigkeit in sauren Umgebungen und seiner guten mechanischen Eigenschaften weit verbreitet ist. Aufgrund seiner Eigenschaften kann er in einer Vielzahl von Sektoren und Anwendungen eingesetzt werden, wie z.B.: Schiffsausr\u00fcstung f\u00fcr die chemische Industrie Pharmazeutika Lebensmittel Textilien Papierindustrie Ofenteile W\u00e4rmetauscher und [&hellip;]<\/p>\n","protected":false},"author":1,"featured_media":0,"parent":4508,"menu_order":0,"comment_status":"closed","ping_status":"closed","template":"","meta":{"footnotes":""},"class_list":["post-5761","page","type-page","status-publish","hentry"],"yoast_head":"<!-- This site is optimized with the Yoast SEO plugin v27.6 - https:\/\/yoast.com\/product\/yoast-seo-wordpress\/ -->\n<title>Rostfreier Stahl Werkstoff 1.4401 AISI 316 UNS S31600 - M.F. INOX<\/title>\n<meta name=\"robots\" content=\"index, follow, max-snippet:-1, max-image-preview:large, max-video-preview:-1\" \/>\n<link rel=\"canonical\" href=\"https:\/\/mfinox.com\/de\/materialien\/rostfreier-stahl-werkstoff-1-4401-aisi-316-uns-s31600-2\/\" \/>\n<meta property=\"og:locale\" content=\"de_DE\" \/>\n<meta property=\"og:type\" content=\"article\" \/>\n<meta property=\"og:title\" content=\"Rostfreier Stahl Werkstoff 1.4401 AISI 316 UNS S31600 - M.F. INOX\" \/>\n<meta property=\"og:description\" content=\"Werkstoff Edelstahl 1.4401 AISI 316 UNS S31600 ist ein austenitischer Stahl, der aufgrund seiner hohen Korrosionsbest\u00e4ndigkeit in sauren Umgebungen und seiner guten mechanischen Eigenschaften weit verbreitet ist. Aufgrund seiner Eigenschaften kann er in einer Vielzahl von Sektoren und Anwendungen eingesetzt werden, wie z.B.: Schiffsausr\u00fcstung f\u00fcr die chemische Industrie Pharmazeutika Lebensmittel Textilien Papierindustrie Ofenteile W\u00e4rmetauscher und [&hellip;]\" \/>\n<meta property=\"og:url\" content=\"https:\/\/mfinox.com\/de\/materialien\/rostfreier-stahl-werkstoff-1-4401-aisi-316-uns-s31600-2\/\" \/>\n<meta property=\"og:site_name\" content=\"M.F. INOX\" \/>\n<meta name=\"twitter:card\" content=\"summary_large_image\" \/>\n<meta name=\"twitter:label1\" content=\"Gesch\u00e4tzte Lesezeit\" \/>\n\t<meta name=\"twitter:data1\" content=\"1\u00a0Minute\" \/>\n<script type=\"application\/ld+json\" class=\"yoast-schema-graph\">{\"@context\":\"https:\\\/\\\/schema.org\",\"@graph\":[{\"@type\":\"WebPage\",\"@id\":\"https:\\\/\\\/mfinox.com\\\/de\\\/materialien\\\/rostfreier-stahl-werkstoff-1-4401-aisi-316-uns-s31600-2\\\/\",\"url\":\"https:\\\/\\\/mfinox.com\\\/de\\\/materialien\\\/rostfreier-stahl-werkstoff-1-4401-aisi-316-uns-s31600-2\\\/\",\"name\":\"Rostfreier Stahl Werkstoff 1.4401 AISI 316 UNS S31600 - M.F. INOX\",\"isPartOf\":{\"@id\":\"https:\\\/\\\/mfinox.com\\\/de\\\/#website\"},\"datePublished\":\"2024-05-27T11:30:53+00:00\",\"breadcrumb\":{\"@id\":\"https:\\\/\\\/mfinox.com\\\/de\\\/materialien\\\/rostfreier-stahl-werkstoff-1-4401-aisi-316-uns-s31600-2\\\/#breadcrumb\"},\"inLanguage\":\"de\",\"potentialAction\":[{\"@type\":\"ReadAction\",\"target\":[\"https:\\\/\\\/mfinox.com\\\/de\\\/materialien\\\/rostfreier-stahl-werkstoff-1-4401-aisi-316-uns-s31600-2\\\/\"]}]},{\"@type\":\"BreadcrumbList\",\"@id\":\"https:\\\/\\\/mfinox.com\\\/de\\\/materialien\\\/rostfreier-stahl-werkstoff-1-4401-aisi-316-uns-s31600-2\\\/#breadcrumb\",\"itemListElement\":[{\"@type\":\"ListItem\",\"position\":1,\"name\":\"Home\",\"item\":\"https:\\\/\\\/mfinox.com\\\/de\\\/\"},{\"@type\":\"ListItem\",\"position\":2,\"name\":\"Materialien\",\"item\":\"https:\\\/\\\/mfinox.com\\\/de\\\/materialien\\\/\"},{\"@type\":\"ListItem\",\"position\":3,\"name\":\"Rostfreier Stahl Werkstoff 1.4401 AISI 316 UNS S31600\"}]},{\"@type\":\"WebSite\",\"@id\":\"https:\\\/\\\/mfinox.com\\\/de\\\/#website\",\"url\":\"https:\\\/\\\/mfinox.com\\\/de\\\/\",\"name\":\"M.F. INOX\",\"description\":\"\",\"publisher\":{\"@id\":\"https:\\\/\\\/mfinox.com\\\/de\\\/#organization\"},\"potentialAction\":[{\"@type\":\"SearchAction\",\"target\":{\"@type\":\"EntryPoint\",\"urlTemplate\":\"https:\\\/\\\/mfinox.com\\\/de\\\/?s={search_term_string}\"},\"query-input\":{\"@type\":\"PropertyValueSpecification\",\"valueRequired\":true,\"valueName\":\"search_term_string\"}}],\"inLanguage\":\"de\"},{\"@type\":\"Organization\",\"@id\":\"https:\\\/\\\/mfinox.com\\\/de\\\/#organization\",\"name\":\"M.F. INOX\",\"url\":\"https:\\\/\\\/mfinox.com\\\/de\\\/\",\"logo\":{\"@type\":\"ImageObject\",\"inLanguage\":\"de\",\"@id\":\"https:\\\/\\\/mfinox.com\\\/de\\\/#\\\/schema\\\/logo\\\/image\\\/\",\"url\":\"https:\\\/\\\/mfinox.com\\\/wp-content\\\/uploads\\\/2024\\\/05\\\/mf-inox_logo_neg.png\",\"contentUrl\":\"https:\\\/\\\/mfinox.com\\\/wp-content\\\/uploads\\\/2024\\\/05\\\/mf-inox_logo_neg.png\",\"width\":1949,\"height\":662,\"caption\":\"M.F. INOX\"},\"image\":{\"@id\":\"https:\\\/\\\/mfinox.com\\\/de\\\/#\\\/schema\\\/logo\\\/image\\\/\"}}]}<\/script>\n<!-- \/ Yoast SEO plugin. -->","yoast_head_json":{"title":"Rostfreier Stahl Werkstoff 1.4401 AISI 316 UNS S31600 - M.F. INOX","robots":{"index":"index","follow":"follow","max-snippet":"max-snippet:-1","max-image-preview":"max-image-preview:large","max-video-preview":"max-video-preview:-1"},"canonical":"https:\/\/mfinox.com\/de\/materialien\/rostfreier-stahl-werkstoff-1-4401-aisi-316-uns-s31600-2\/","og_locale":"de_DE","og_type":"article","og_title":"Rostfreier Stahl Werkstoff 1.4401 AISI 316 UNS S31600 - M.F. INOX","og_description":"Werkstoff Edelstahl 1.4401 AISI 316 UNS S31600 ist ein austenitischer Stahl, der aufgrund seiner hohen Korrosionsbest\u00e4ndigkeit in sauren Umgebungen und seiner guten mechanischen Eigenschaften weit verbreitet ist. Aufgrund seiner Eigenschaften kann er in einer Vielzahl von Sektoren und Anwendungen eingesetzt werden, wie z.B.: Schiffsausr\u00fcstung f\u00fcr die chemische Industrie Pharmazeutika Lebensmittel Textilien Papierindustrie Ofenteile W\u00e4rmetauscher und [&hellip;]","og_url":"https:\/\/mfinox.com\/de\/materialien\/rostfreier-stahl-werkstoff-1-4401-aisi-316-uns-s31600-2\/","og_site_name":"M.F. INOX","twitter_card":"summary_large_image","twitter_misc":{"Gesch\u00e4tzte Lesezeit":"1\u00a0Minute"},"schema":{"@context":"https:\/\/schema.org","@graph":[{"@type":"WebPage","@id":"https:\/\/mfinox.com\/de\/materialien\/rostfreier-stahl-werkstoff-1-4401-aisi-316-uns-s31600-2\/","url":"https:\/\/mfinox.com\/de\/materialien\/rostfreier-stahl-werkstoff-1-4401-aisi-316-uns-s31600-2\/","name":"Rostfreier Stahl Werkstoff 1.4401 AISI 316 UNS S31600 - M.F. INOX","isPartOf":{"@id":"https:\/\/mfinox.com\/de\/#website"},"datePublished":"2024-05-27T11:30:53+00:00","breadcrumb":{"@id":"https:\/\/mfinox.com\/de\/materialien\/rostfreier-stahl-werkstoff-1-4401-aisi-316-uns-s31600-2\/#breadcrumb"},"inLanguage":"de","potentialAction":[{"@type":"ReadAction","target":["https:\/\/mfinox.com\/de\/materialien\/rostfreier-stahl-werkstoff-1-4401-aisi-316-uns-s31600-2\/"]}]},{"@type":"BreadcrumbList","@id":"https:\/\/mfinox.com\/de\/materialien\/rostfreier-stahl-werkstoff-1-4401-aisi-316-uns-s31600-2\/#breadcrumb","itemListElement":[{"@type":"ListItem","position":1,"name":"Home","item":"https:\/\/mfinox.com\/de\/"},{"@type":"ListItem","position":2,"name":"Materialien","item":"https:\/\/mfinox.com\/de\/materialien\/"},{"@type":"ListItem","position":3,"name":"Rostfreier Stahl Werkstoff 1.4401 AISI 316 UNS S31600"}]},{"@type":"WebSite","@id":"https:\/\/mfinox.com\/de\/#website","url":"https:\/\/mfinox.com\/de\/","name":"M.F. INOX","description":"","publisher":{"@id":"https:\/\/mfinox.com\/de\/#organization"},"potentialAction":[{"@type":"SearchAction","target":{"@type":"EntryPoint","urlTemplate":"https:\/\/mfinox.com\/de\/?s={search_term_string}"},"query-input":{"@type":"PropertyValueSpecification","valueRequired":true,"valueName":"search_term_string"}}],"inLanguage":"de"},{"@type":"Organization","@id":"https:\/\/mfinox.com\/de\/#organization","name":"M.F. INOX","url":"https:\/\/mfinox.com\/de\/","logo":{"@type":"ImageObject","inLanguage":"de","@id":"https:\/\/mfinox.com\/de\/#\/schema\/logo\/image\/","url":"https:\/\/mfinox.com\/wp-content\/uploads\/2024\/05\/mf-inox_logo_neg.png","contentUrl":"https:\/\/mfinox.com\/wp-content\/uploads\/2024\/05\/mf-inox_logo_neg.png","width":1949,"height":662,"caption":"M.F. INOX"},"image":{"@id":"https:\/\/mfinox.com\/de\/#\/schema\/logo\/image\/"}}]}},"_links":{"self":[{"href":"https:\/\/mfinox.com\/de\/wp-json\/wp\/v2\/pages\/5761","targetHints":{"allow":["GET"]}}],"collection":[{"href":"https:\/\/mfinox.com\/de\/wp-json\/wp\/v2\/pages"}],"about":[{"href":"https:\/\/mfinox.com\/de\/wp-json\/wp\/v2\/types\/page"}],"author":[{"embeddable":true,"href":"https:\/\/mfinox.com\/de\/wp-json\/wp\/v2\/users\/1"}],"replies":[{"embeddable":true,"href":"https:\/\/mfinox.com\/de\/wp-json\/wp\/v2\/comments?post=5761"}],"version-history":[{"count":0,"href":"https:\/\/mfinox.com\/de\/wp-json\/wp\/v2\/pages\/5761\/revisions"}],"up":[{"embeddable":true,"href":"https:\/\/mfinox.com\/de\/wp-json\/wp\/v2\/pages\/4508"}],"wp:attachment":[{"href":"https:\/\/mfinox.com\/de\/wp-json\/wp\/v2\/media?parent=5761"}],"curies":[{"name":"wp","href":"https:\/\/api.w.org\/{rel}","templated":true}]}}