{"id":5732,"date":"2024-05-24T16:05:45","date_gmt":"2024-05-24T16:05:45","guid":{"rendered":"https:\/\/mfinox.com\/materialien\/rostfreier-stahl-werkstoff-1-4401-aisi-316-uns-s31600\/"},"modified":"2024-09-05T17:25:07","modified_gmt":"2024-09-05T17:25:07","slug":"rostfreier-stahl-werkstoff-1-4401-aisi-316-uns-s31600","status":"publish","type":"page","link":"https:\/\/mfinox.com\/de\/materialien\/rostfreier-stahl-werkstoff-1-4401-aisi-316-uns-s31600\/","title":{"rendered":"Rostfreier Stahl Werkstoff 1.4401 AISI 316 UNS S31600"},"content":{"rendered":"\t\t<div data-elementor-type=\"wp-page\" data-elementor-id=\"5732\" class=\"elementor elementor-5732 elementor-1691\" data-elementor-post-type=\"page\">\n\t\t\t\t<div class=\"elementor-element elementor-element-6e72b744 e-flex e-con-boxed e-con e-parent\" data-id=\"6e72b744\" data-element_type=\"container\" data-e-type=\"container\" data-settings=\"{&quot;background_background&quot;:&quot;classic&quot;}\">\n\t\t\t\t\t<div class=\"e-con-inner\">\n\t\t\t\t<div class=\"elementor-element elementor-element-4b4191cc titolo-materiali elementor-invisible elementor-widget elementor-widget-heading\" data-id=\"4b4191cc\" data-element_type=\"widget\" data-e-type=\"widget\" data-settings=\"{&quot;_animation&quot;:&quot;fadeIn&quot;}\" data-widget_type=\"heading.default\">\n\t\t\t\t<div class=\"elementor-widget-container\">\n\t\t\t\t\t<h1 class=\"elementor-heading-title elementor-size-default\">Werkstoff 1.4401 AISI 316 UNS S31600<\/h1>\t\t\t\t<\/div>\n\t\t\t\t<\/div>\n\t\t\t\t<div class=\"elementor-element elementor-element-17971621 elementor-invisible elementor-widget elementor-widget-shortcode\" data-id=\"17971621\" data-element_type=\"widget\" data-e-type=\"widget\" data-settings=\"{&quot;_animation&quot;:&quot;fadeIn&quot;}\" data-widget_type=\"shortcode.default\">\n\t\t\t\t<div class=\"elementor-widget-container\">\n\t\t\t\t\t\t\t<div class=\"elementor-shortcode\"><nav aria-label=\"breadcrumb\"><div class=\"breadcrumb\"><span class=\"breadcrumb-item\"><a href=\"https:\/\/mfinox.com\/de\/\" style=\"color: #F3912E;\">Home<\/a><\/span><\/div><\/nav><\/div>\n\t\t\t\t\t\t<\/div>\n\t\t\t\t<\/div>\n\t\t\t\t\t<\/div>\n\t\t\t\t<\/div>\n\t\t<div class=\"elementor-element elementor-element-760e5a5f e-flex e-con-boxed elementor-invisible e-con e-parent\" data-id=\"760e5a5f\" data-element_type=\"container\" data-e-type=\"container\" data-settings=\"{&quot;animation&quot;:&quot;fadeInUp&quot;}\">\n\t\t\t\t\t<div class=\"e-con-inner\">\n\t\t\t\t<div class=\"elementor-element elementor-element-35190fd3 elementor-widget elementor-widget-text-editor\" data-id=\"35190fd3\" data-element_type=\"widget\" data-e-type=\"widget\" data-widget_type=\"text-editor.default\">\n\t\t\t\t<div class=\"elementor-widget-container\">\n\t\t\t\t\t\t\t\t\tWerkstoff Edelstahl 1.4401 AISI 316 UNS S31600 ist ein austenitischer Stahl, der aufgrund seiner hohen Korrosionsbest\u00e4ndigkeit in sauren Umgebungen und seiner guten mechanischen Eigenschaften weit verbreitet ist.\nAufgrund seiner Eigenschaften kann er in einer Vielzahl von Sektoren und Anwendungen eingesetzt werden, wie z.B.: Schiffsausr\u00fcstung f\u00fcr die chemische Industrie Pharmazeutika Lebensmittel Textilien Papierindustrie Ofenteile W\u00e4rmetauscher und mehr.  Dieses Material eignet sich f\u00fcr die Herstellung von Schrauben, Bolzen, Muttern und Stehbolzen, die die EN ISO 3506-1 und EN ISO 3506-2 in den verschiedenen mechanischen Festigkeitseigenschaften je nach Zustand des Fertigteils erf\u00fcllen (A4-50 A4-70 und A4-80).  <h2><b>CHEMISCHE ZUSAMMENSETZUNG Werkstoff 1.4401 AISI 316 UNS S31600<\/b><\/h2>\n<table class=\"responsive-table\">\n<tbody>\n<tr>\n<th>Element<\/th><th>Min<\/th><th>Max<\/th>\n<\/tr>\n<tr>\n<td>C max<\/td><td><\/td><td>0.07<\/td>\n<\/tr>\n<tr>\n<td>S max<\/td><td><\/td><td>0.03<\/td>\n<\/tr>\n<tr>\n<td>P max<\/td><td><\/td><td>0.045<\/td>\n<\/tr>\n<tr>\n<td>Ja max.<\/td><td><\/td><td>1.0<\/td>\n<\/tr>\n<tr>\n<td>Mn max<\/td><td><\/td><td>2.0<\/td>\n<\/tr>\n<tr>\n<td>Cr<\/td><td>16.5<\/td><td>18.5<\/td>\n<\/tr>\n<tr>\n<td>Ni<\/td><td>10.0<\/td><td>13.0<\/td>\n<\/tr>\n<tr>\n<td>Mo<\/td><td>2.0<\/td><td>3.0<\/td>\n<\/tr>\n<\/tbody>\n<\/table>\n<h2><b>MECHANISCHE EIGENSCHAFTEN Werkstoff 1.4401 AISI 316 UNS S31600<\/b><\/h2>\n<table class=\"responsive-table\">\n<tbody>\n<tr>\n<th>Material<\/th><th>Legierung<\/th><th>Rm min (MPa)<\/th><th>Rp 0,2 min (MPa)<\/th><th>A% min<\/th>\n<\/tr>\n<tr>\n<td>AISI 316 A4-50<\/td><td>1.4401<\/td><td>500<\/td><td>210<\/td><td>0.6d<\/td>\n<\/tr>\n<tr>\n<td>AISI 316 A4-70<\/td><td>1.4401<\/td><td>700<\/td><td>450<\/td><td>0.4d<\/td>\n<\/tr>\n<tr>\n<td>AISI 316 A4-80<\/td><td>1.4401<\/td><td>800<\/td><td>600<\/td><td>0.3d<\/td>\n<\/tr>\n<\/tbody>\n<\/table>\n<h2><b>PHYSIKALISCHE EIGENSCHAFTEN Werkstoff 1.4401 AISI 316 UNS S31600<\/b><\/h2>\n&nbsp;\n<ul>\n \t<li>Sch\u00fcttdichte: 8,0 kg\/dm\u00b3 bei 20\u00b0C<\/li>\n \t<li>Elastizit\u00e4tsmodul: 200.000 N\/mm\u00b2 bei 20\u00b0C<\/li>\n \t<li>W\u00e4rmeleitf\u00e4higkeit: 14,6 W\/m.K bei 20\u00b0C<\/li>\n \t<li>Spezifische W\u00e4rme: 500 J\/g.K bei 20\u00b0C<\/li>\n \t<li>Lineare Ausdehnungskoeffizienten: 16,5 (20\u00b0 &#8211; 200\u00b0C), 17,5 (20\u00b0 &#8211; 400\u00b0C), 19,0 (20\u00b0 &#8211; 600\u00b0C)<\/li>\n \t<li>Elektrischer Widerstand: 0,75 \u03a9 mm\u00b2\/m bei 20\u00b0C<\/li>\n \t<li>Magnetisch: Ja<\/li>\n<\/ul>\n<h2><b>KORRESPONDENZEN UND SPEZIFIKATIONEN Werkstoff 1.4401 AISI 316 UNS S31600<\/b><\/h2>\n&nbsp;\n<ul>\n \t<li>EN 10088\/3: X 5 Cr Ni Mo 17-12-2<\/li>\n \t<li>W: 1.4401<\/li>\n \t<li>JIS: SUS316<\/li>\n \t<li>SAE: 316<\/li>\n \t<li>AISI: 316<\/li>\n \t<li>UNS: S31600<\/li>\n \t<li>ISO: 3506-1, 3506-2<\/li>\n<\/ul>\n\t\t<div data-elementor-type=\"section\" data-elementor-id=\"2152\" class=\"elementor elementor-2152\" data-elementor-post-type=\"elementor_library\">\n\t\t\t<div class=\"elementor-element elementor-element-1a5312d e-flex e-con-boxed e-con e-parent\" data-id=\"1a5312d\" data-element_type=\"container\" data-e-type=\"container\">\n\t\t\t\t\t<div class=\"e-con-inner\">\n\t\t\t\t<div class=\"elementor-element elementor-element-703a4b7 elementor-widget elementor-widget-spacer\" data-id=\"703a4b7\" data-element_type=\"widget\" data-e-type=\"widget\" data-widget_type=\"spacer.default\">\n\t\t\t\t<div class=\"elementor-widget-container\">\n\t\t\t\t\t\t\t<div class=\"elementor-spacer\">\n\t\t\t<div class=\"elementor-spacer-inner\"><\/div>\n\t\t<\/div>\n\t\t\t\t\t\t<\/div>\n\t\t\t\t<\/div>\n\t\t\t\t\t<\/div>\n\t\t\t\t<\/div>\n\t\t\t\t<\/div>\n\t\t\t\t\t\t\t\t\t\t<\/div>\n\t\t\t\t<\/div>\n\t\t\t\t\t<\/div>\n\t\t\t\t<\/div>\n\t\t\t\t<\/div>\n\t\t","protected":false},"excerpt":{"rendered":"<p>Werkstoff 1.4401 AISI 316 UNS S31600 Werkstoff Edelstahl 1.4401 AISI 316 UNS S31600 ist ein austenitischer Stahl, der aufgrund seiner hohen Korrosionsbest\u00e4ndigkeit in sauren Umgebungen und seiner guten mechanischen Eigenschaften weit verbreitet ist. Aufgrund seiner Eigenschaften kann er in einer Vielzahl von Sektoren und Anwendungen eingesetzt werden, wie z.B.: Schiffsausr\u00fcstung f\u00fcr die chemische Industrie Pharmazeutika [&hellip;]<\/p>\n","protected":false},"author":1,"featured_media":0,"parent":4508,"menu_order":0,"comment_status":"closed","ping_status":"closed","template":"","meta":{"footnotes":""},"class_list":["post-5732","page","type-page","status-publish","hentry"],"yoast_head":"<!-- This site is optimized with the Yoast SEO plugin v27.6 - https:\/\/yoast.com\/product\/yoast-seo-wordpress\/ -->\n<title>Rostfreier Stahl Werkstoff 1.4401 AISI 316 UNS S31600 - M.F. INOX<\/title>\n<meta name=\"robots\" content=\"index, follow, max-snippet:-1, max-image-preview:large, max-video-preview:-1\" \/>\n<link rel=\"canonical\" href=\"https:\/\/mfinox.com\/de\/materialien\/rostfreier-stahl-werkstoff-1-4401-aisi-316-uns-s31600\/\" \/>\n<meta property=\"og:locale\" content=\"de_DE\" \/>\n<meta property=\"og:type\" content=\"article\" \/>\n<meta property=\"og:title\" content=\"Rostfreier Stahl Werkstoff 1.4401 AISI 316 UNS S31600 - M.F. INOX\" \/>\n<meta property=\"og:description\" content=\"Werkstoff 1.4401 AISI 316 UNS S31600 Werkstoff Edelstahl 1.4401 AISI 316 UNS S31600 ist ein austenitischer Stahl, der aufgrund seiner hohen Korrosionsbest\u00e4ndigkeit in sauren Umgebungen und seiner guten mechanischen Eigenschaften weit verbreitet ist. Aufgrund seiner Eigenschaften kann er in einer Vielzahl von Sektoren und Anwendungen eingesetzt werden, wie z.B.: Schiffsausr\u00fcstung f\u00fcr die chemische Industrie Pharmazeutika [&hellip;]\" \/>\n<meta property=\"og:url\" content=\"https:\/\/mfinox.com\/de\/materialien\/rostfreier-stahl-werkstoff-1-4401-aisi-316-uns-s31600\/\" \/>\n<meta property=\"og:site_name\" content=\"M.F. INOX\" \/>\n<meta property=\"article:modified_time\" content=\"2024-09-05T17:25:07+00:00\" \/>\n<meta name=\"twitter:card\" content=\"summary_large_image\" \/>\n<meta name=\"twitter:label1\" content=\"Gesch\u00e4tzte Lesezeit\" \/>\n\t<meta name=\"twitter:data1\" content=\"1\u00a0Minute\" \/>\n<script type=\"application\/ld+json\" class=\"yoast-schema-graph\">{\"@context\":\"https:\\\/\\\/schema.org\",\"@graph\":[{\"@type\":\"WebPage\",\"@id\":\"https:\\\/\\\/mfinox.com\\\/de\\\/materialien\\\/rostfreier-stahl-werkstoff-1-4401-aisi-316-uns-s31600\\\/\",\"url\":\"https:\\\/\\\/mfinox.com\\\/de\\\/materialien\\\/rostfreier-stahl-werkstoff-1-4401-aisi-316-uns-s31600\\\/\",\"name\":\"Rostfreier Stahl Werkstoff 1.4401 AISI 316 UNS S31600 - M.F. INOX\",\"isPartOf\":{\"@id\":\"https:\\\/\\\/mfinox.com\\\/de\\\/#website\"},\"datePublished\":\"2024-05-24T16:05:45+00:00\",\"dateModified\":\"2024-09-05T17:25:07+00:00\",\"breadcrumb\":{\"@id\":\"https:\\\/\\\/mfinox.com\\\/de\\\/materialien\\\/rostfreier-stahl-werkstoff-1-4401-aisi-316-uns-s31600\\\/#breadcrumb\"},\"inLanguage\":\"de\",\"potentialAction\":[{\"@type\":\"ReadAction\",\"target\":[\"https:\\\/\\\/mfinox.com\\\/de\\\/materialien\\\/rostfreier-stahl-werkstoff-1-4401-aisi-316-uns-s31600\\\/\"]}]},{\"@type\":\"BreadcrumbList\",\"@id\":\"https:\\\/\\\/mfinox.com\\\/de\\\/materialien\\\/rostfreier-stahl-werkstoff-1-4401-aisi-316-uns-s31600\\\/#breadcrumb\",\"itemListElement\":[{\"@type\":\"ListItem\",\"position\":1,\"name\":\"Home\",\"item\":\"https:\\\/\\\/mfinox.com\\\/de\\\/\"},{\"@type\":\"ListItem\",\"position\":2,\"name\":\"Materialien\",\"item\":\"https:\\\/\\\/mfinox.com\\\/de\\\/materialien\\\/\"},{\"@type\":\"ListItem\",\"position\":3,\"name\":\"Rostfreier Stahl Werkstoff 1.4401 AISI 316 UNS S31600\"}]},{\"@type\":\"WebSite\",\"@id\":\"https:\\\/\\\/mfinox.com\\\/de\\\/#website\",\"url\":\"https:\\\/\\\/mfinox.com\\\/de\\\/\",\"name\":\"M.F. INOX\",\"description\":\"\",\"publisher\":{\"@id\":\"https:\\\/\\\/mfinox.com\\\/de\\\/#organization\"},\"potentialAction\":[{\"@type\":\"SearchAction\",\"target\":{\"@type\":\"EntryPoint\",\"urlTemplate\":\"https:\\\/\\\/mfinox.com\\\/de\\\/?s={search_term_string}\"},\"query-input\":{\"@type\":\"PropertyValueSpecification\",\"valueRequired\":true,\"valueName\":\"search_term_string\"}}],\"inLanguage\":\"de\"},{\"@type\":\"Organization\",\"@id\":\"https:\\\/\\\/mfinox.com\\\/de\\\/#organization\",\"name\":\"M.F. INOX\",\"url\":\"https:\\\/\\\/mfinox.com\\\/de\\\/\",\"logo\":{\"@type\":\"ImageObject\",\"inLanguage\":\"de\",\"@id\":\"https:\\\/\\\/mfinox.com\\\/de\\\/#\\\/schema\\\/logo\\\/image\\\/\",\"url\":\"https:\\\/\\\/mfinox.com\\\/wp-content\\\/uploads\\\/2024\\\/05\\\/mf-inox_logo_neg.png\",\"contentUrl\":\"https:\\\/\\\/mfinox.com\\\/wp-content\\\/uploads\\\/2024\\\/05\\\/mf-inox_logo_neg.png\",\"width\":1949,\"height\":662,\"caption\":\"M.F. INOX\"},\"image\":{\"@id\":\"https:\\\/\\\/mfinox.com\\\/de\\\/#\\\/schema\\\/logo\\\/image\\\/\"}}]}<\/script>\n<!-- \/ Yoast SEO plugin. -->","yoast_head_json":{"title":"Rostfreier Stahl Werkstoff 1.4401 AISI 316 UNS S31600 - M.F. INOX","robots":{"index":"index","follow":"follow","max-snippet":"max-snippet:-1","max-image-preview":"max-image-preview:large","max-video-preview":"max-video-preview:-1"},"canonical":"https:\/\/mfinox.com\/de\/materialien\/rostfreier-stahl-werkstoff-1-4401-aisi-316-uns-s31600\/","og_locale":"de_DE","og_type":"article","og_title":"Rostfreier Stahl Werkstoff 1.4401 AISI 316 UNS S31600 - M.F. INOX","og_description":"Werkstoff 1.4401 AISI 316 UNS S31600 Werkstoff Edelstahl 1.4401 AISI 316 UNS S31600 ist ein austenitischer Stahl, der aufgrund seiner hohen Korrosionsbest\u00e4ndigkeit in sauren Umgebungen und seiner guten mechanischen Eigenschaften weit verbreitet ist. Aufgrund seiner Eigenschaften kann er in einer Vielzahl von Sektoren und Anwendungen eingesetzt werden, wie z.B.: Schiffsausr\u00fcstung f\u00fcr die chemische Industrie Pharmazeutika [&hellip;]","og_url":"https:\/\/mfinox.com\/de\/materialien\/rostfreier-stahl-werkstoff-1-4401-aisi-316-uns-s31600\/","og_site_name":"M.F. INOX","article_modified_time":"2024-09-05T17:25:07+00:00","twitter_card":"summary_large_image","twitter_misc":{"Gesch\u00e4tzte Lesezeit":"1\u00a0Minute"},"schema":{"@context":"https:\/\/schema.org","@graph":[{"@type":"WebPage","@id":"https:\/\/mfinox.com\/de\/materialien\/rostfreier-stahl-werkstoff-1-4401-aisi-316-uns-s31600\/","url":"https:\/\/mfinox.com\/de\/materialien\/rostfreier-stahl-werkstoff-1-4401-aisi-316-uns-s31600\/","name":"Rostfreier Stahl Werkstoff 1.4401 AISI 316 UNS S31600 - M.F. INOX","isPartOf":{"@id":"https:\/\/mfinox.com\/de\/#website"},"datePublished":"2024-05-24T16:05:45+00:00","dateModified":"2024-09-05T17:25:07+00:00","breadcrumb":{"@id":"https:\/\/mfinox.com\/de\/materialien\/rostfreier-stahl-werkstoff-1-4401-aisi-316-uns-s31600\/#breadcrumb"},"inLanguage":"de","potentialAction":[{"@type":"ReadAction","target":["https:\/\/mfinox.com\/de\/materialien\/rostfreier-stahl-werkstoff-1-4401-aisi-316-uns-s31600\/"]}]},{"@type":"BreadcrumbList","@id":"https:\/\/mfinox.com\/de\/materialien\/rostfreier-stahl-werkstoff-1-4401-aisi-316-uns-s31600\/#breadcrumb","itemListElement":[{"@type":"ListItem","position":1,"name":"Home","item":"https:\/\/mfinox.com\/de\/"},{"@type":"ListItem","position":2,"name":"Materialien","item":"https:\/\/mfinox.com\/de\/materialien\/"},{"@type":"ListItem","position":3,"name":"Rostfreier Stahl Werkstoff 1.4401 AISI 316 UNS S31600"}]},{"@type":"WebSite","@id":"https:\/\/mfinox.com\/de\/#website","url":"https:\/\/mfinox.com\/de\/","name":"M.F. INOX","description":"","publisher":{"@id":"https:\/\/mfinox.com\/de\/#organization"},"potentialAction":[{"@type":"SearchAction","target":{"@type":"EntryPoint","urlTemplate":"https:\/\/mfinox.com\/de\/?s={search_term_string}"},"query-input":{"@type":"PropertyValueSpecification","valueRequired":true,"valueName":"search_term_string"}}],"inLanguage":"de"},{"@type":"Organization","@id":"https:\/\/mfinox.com\/de\/#organization","name":"M.F. INOX","url":"https:\/\/mfinox.com\/de\/","logo":{"@type":"ImageObject","inLanguage":"de","@id":"https:\/\/mfinox.com\/de\/#\/schema\/logo\/image\/","url":"https:\/\/mfinox.com\/wp-content\/uploads\/2024\/05\/mf-inox_logo_neg.png","contentUrl":"https:\/\/mfinox.com\/wp-content\/uploads\/2024\/05\/mf-inox_logo_neg.png","width":1949,"height":662,"caption":"M.F. INOX"},"image":{"@id":"https:\/\/mfinox.com\/de\/#\/schema\/logo\/image\/"}}]}},"_links":{"self":[{"href":"https:\/\/mfinox.com\/de\/wp-json\/wp\/v2\/pages\/5732","targetHints":{"allow":["GET"]}}],"collection":[{"href":"https:\/\/mfinox.com\/de\/wp-json\/wp\/v2\/pages"}],"about":[{"href":"https:\/\/mfinox.com\/de\/wp-json\/wp\/v2\/types\/page"}],"author":[{"embeddable":true,"href":"https:\/\/mfinox.com\/de\/wp-json\/wp\/v2\/users\/1"}],"replies":[{"embeddable":true,"href":"https:\/\/mfinox.com\/de\/wp-json\/wp\/v2\/comments?post=5732"}],"version-history":[{"count":0,"href":"https:\/\/mfinox.com\/de\/wp-json\/wp\/v2\/pages\/5732\/revisions"}],"up":[{"embeddable":true,"href":"https:\/\/mfinox.com\/de\/wp-json\/wp\/v2\/pages\/4508"}],"wp:attachment":[{"href":"https:\/\/mfinox.com\/de\/wp-json\/wp\/v2\/media?parent=5732"}],"curies":[{"name":"wp","href":"https:\/\/api.w.org\/{rel}","templated":true}]}}