{"id":5723,"date":"2024-05-24T16:09:26","date_gmt":"2024-05-24T16:09:26","guid":{"rendered":"https:\/\/mfinox.com\/materialien\/edelstahl-w-1-4529-aisi-926-uns-n08926\/"},"modified":"2024-05-24T16:09:26","modified_gmt":"2024-05-24T16:09:26","slug":"edelstahl-w-1-4529-aisi-926-uns-n08926","status":"publish","type":"page","link":"https:\/\/mfinox.com\/de\/materialien\/edelstahl-w-1-4529-aisi-926-uns-n08926\/","title":{"rendered":"EDELSTAHL W 1.4529 AISI 926 UNS N08926"},"content":{"rendered":"\n<p>Der superaustenitische rostfreie Stahl W 1.4529 AISI 926 UNS N08926 \u00e4hnelt 316L, enth\u00e4lt aber zus\u00e4tzlich Molybd\u00e4n, das ihm eine bessere Best\u00e4ndigkeit gegen lokale Korrosionsangriffe (Lochfra\u00df und Spaltkorrosion) verleiht.<br \/>\nMit einem PREN-Wert zwischen 41 und 48 ist er f\u00fcr Anwendungen in hei\u00dfem Meerwasser und anderen Umgebungen mit hohem Chloridgehalt geeignet.  Der hohe Nickelgehalt f\u00fchrt zu einer besseren Best\u00e4ndigkeit gegen Spannungskorrosion als bei austenitischen Standardsorten. Das Kupfer in der Legierung erh\u00f6ht die Widerstandsf\u00e4higkeit gegen Schwefels\u00e4ure und andere reduzierende S\u00e4uren, insbesondere im sehr aggressiven &#8218;mittleren Konzentrationsbereich&#8216;. In den meisten Umgebungen liegt das Korrosionsverhalten des Stahls W 1.4529 AISI 926 UNS N08926 zwischen dem austenitischen Standardstahl 316L und den molybd\u00e4nreichen (ca. 6%) oder superaustenitischen Sorten.<\/p>\n<p>EN ISO 3506-1 und EN 3506-2 klassifizieren dieses Material als A8, geeignet f\u00fcr strukturelle Anwendungen gem\u00e4\u00df DIN-EN 1993-1-4:2015-10\/EUROCODE 3-ANNEX A Klassen CRC. Es findet Anwendung in Rohrleitungssystemen, Anlagen zur Bek\u00e4mpfung der Umweltverschmutzung, W\u00e4rmetauschern und Bleichsystemen.<\/p>\n<h2><b>CHEMISCHE ZUSAMMENSETZUNG W 1.4529 AISI 926 UNS N08926<\/b><\/h2>\n<table class=\"responsive-table\">\n<tr>\n<th>Element<\/th>\n<th>Min<\/th>\n<th>Max<\/th>\n<\/tr>\n<tr>\n<td>C<\/td>\n<td><\/td>\n<td>0.020<\/td>\n<\/tr>\n<tr>\n<td>S<\/td>\n<td><\/td>\n<td>0.010<\/td>\n<\/tr>\n<tr>\n<td>P<\/td>\n<td><\/td>\n<td>0.030<\/td>\n<\/tr>\n<tr>\n<td>Ja<\/td>\n<td><\/td>\n<td>0.50<\/td>\n<\/tr>\n<tr>\n<td>Mn<\/td>\n<td><\/td>\n<td>1.00<\/td>\n<\/tr>\n<tr>\n<td>Cr<\/td>\n<td>19.00<\/td>\n<td>21.00<\/td>\n<\/tr>\n<tr>\n<td>Ni<\/td>\n<td>24.00<\/td>\n<td>26.00<\/td>\n<\/tr>\n<tr>\n<td>Mo<\/td>\n<td>6.00<\/td>\n<td>7.00<\/td>\n<\/tr>\n<tr>\n<td>Cu<\/td>\n<td>1.00<\/td>\n<td>1.50<\/td>\n<\/tr>\n<tr>\n<td>N<\/td>\n<td>0.15<\/td>\n<td>0.25<\/td>\n<\/tr>\n<\/table>\n<h2><b>MECHANISCHE EIGENSCHAFTEN W 1.4529 AISI 926 UNS N08926<\/b><\/h2>\n<table class=\"responsive-table\">\n<tr>\n<th>Material<\/th>\n<th>Liga<\/th>\n<th>Rm min (MPa)<\/th>\n<th>Rp 0,2 min (MPa)<\/th>\n<th>A% min<\/th>\n<th>Max. H\u00e4rte<\/th>\n<\/tr>\n<tr>\n<td>AISI 926 UNS N08926<\/td>\n<td>1.4529<\/td>\n<td>650-850<\/td>\n<td>300<\/td>\n<td>35<\/td>\n<td>250<\/td>\n<\/tr>\n<\/table>\n<h2><b>PHYSIKALISCHE EIGENSCHAFTEN W 1.4529 AISI 926 UNS N08926<\/b><\/h2>\n<ul>\n<li>Spezifisches Gewicht: Kg\/cm\u00b3 20\u00b0C &#8211; 8.1 Kg\/dm\u00b3<\/li>\n<li>Elastizit\u00e4tsmodul: N\/mm\u00b2 20\u00b0C &#8211; 195.000<\/li>\n<li>W\u00e4rmeleitf\u00e4higkeit: W\/m.K. (20\u00b0C) &#8211; 12<\/li>\n<li>Spezifische W\u00e4rme: J\/g.K. (20\u00b0C) &#8211; 450<\/li>\n<li>Amagnetisch<\/li>\n<\/ul>\n<h2><b>SPEZIFIKATION UND BEZEICHNUNGEN W 1.4529 AISI 926 UNS N08926<\/b><\/h2>\n<ul>\n<li>W.: 1.4529<\/li>\n<li>UNS: N08926<\/li>\n<li>AISI: 926<\/li>\n<li>DE: X1NiCrMoCuN25-20-7<\/li>\n<li>ASME: SB649<\/li>\n<li>BRAND: Cronifer\u00ae 1925hMo<\/li>\n<li>DE: 3506<\/li>\n<li>DIN EN: 1993-1-4:2015-10<\/li>\n<li>NACE: MR0175<\/li>\n<\/ul>\n\t\t<div data-elementor-type=\"section\" data-elementor-id=\"2152\" class=\"elementor elementor-2152\" data-elementor-post-type=\"elementor_library\">\n\t\t\t<div class=\"elementor-element elementor-element-1a5312d e-flex e-con-boxed e-con e-parent\" data-id=\"1a5312d\" data-element_type=\"container\" data-e-type=\"container\">\n\t\t\t\t\t<div class=\"e-con-inner\">\n\t\t\t\t<div class=\"elementor-element elementor-element-703a4b7 elementor-widget elementor-widget-spacer\" data-id=\"703a4b7\" data-element_type=\"widget\" data-e-type=\"widget\" data-widget_type=\"spacer.default\">\n\t\t\t\t<div class=\"elementor-widget-container\">\n\t\t\t\t\t\t\t<div class=\"elementor-spacer\">\n\t\t\t<div class=\"elementor-spacer-inner\"><\/div>\n\t\t<\/div>\n\t\t\t\t\t\t<\/div>\n\t\t\t\t<\/div>\n\t\t\t\t\t<\/div>\n\t\t\t\t<\/div>\n\t\t\t\t<\/div>\n\t\t\n","protected":false},"excerpt":{"rendered":"<p>Der superaustenitische rostfreie Stahl W 1.4529 AISI 926 UNS N08926 \u00e4hnelt 316L, enth\u00e4lt aber zus\u00e4tzlich Molybd\u00e4n, das ihm eine bessere Best\u00e4ndigkeit gegen lokale Korrosionsangriffe (Lochfra\u00df und Spaltkorrosion) verleiht. Mit einem PREN-Wert zwischen 41 und 48 ist er f\u00fcr Anwendungen in hei\u00dfem Meerwasser und anderen Umgebungen mit hohem Chloridgehalt geeignet. Der hohe Nickelgehalt f\u00fchrt zu einer [&hellip;]<\/p>\n","protected":false},"author":1,"featured_media":0,"parent":4508,"menu_order":0,"comment_status":"closed","ping_status":"closed","template":"","meta":{"footnotes":""},"class_list":["post-5723","page","type-page","status-publish","hentry"],"yoast_head":"<!-- This site is optimized with the Yoast SEO plugin v27.6 - https:\/\/yoast.com\/product\/yoast-seo-wordpress\/ -->\n<title>EDELSTAHL W 1.4529 AISI 926 UNS N08926 - M.F. INOX<\/title>\n<meta name=\"robots\" content=\"index, follow, max-snippet:-1, max-image-preview:large, max-video-preview:-1\" \/>\n<link rel=\"canonical\" href=\"https:\/\/mfinox.com\/de\/materialien\/edelstahl-w-1-4529-aisi-926-uns-n08926\/\" \/>\n<meta property=\"og:locale\" content=\"de_DE\" \/>\n<meta property=\"og:type\" content=\"article\" \/>\n<meta property=\"og:title\" content=\"EDELSTAHL W 1.4529 AISI 926 UNS N08926 - M.F. INOX\" \/>\n<meta property=\"og:description\" content=\"Der superaustenitische rostfreie Stahl W 1.4529 AISI 926 UNS N08926 \u00e4hnelt 316L, enth\u00e4lt aber zus\u00e4tzlich Molybd\u00e4n, das ihm eine bessere Best\u00e4ndigkeit gegen lokale Korrosionsangriffe (Lochfra\u00df und Spaltkorrosion) verleiht. Mit einem PREN-Wert zwischen 41 und 48 ist er f\u00fcr Anwendungen in hei\u00dfem Meerwasser und anderen Umgebungen mit hohem Chloridgehalt geeignet. Der hohe Nickelgehalt f\u00fchrt zu einer [&hellip;]\" \/>\n<meta property=\"og:url\" content=\"https:\/\/mfinox.com\/de\/materialien\/edelstahl-w-1-4529-aisi-926-uns-n08926\/\" \/>\n<meta property=\"og:site_name\" content=\"M.F. INOX\" \/>\n<meta name=\"twitter:card\" content=\"summary_large_image\" \/>\n<meta name=\"twitter:label1\" content=\"Gesch\u00e4tzte Lesezeit\" \/>\n\t<meta name=\"twitter:data1\" content=\"1\u00a0Minute\" \/>\n<script type=\"application\/ld+json\" class=\"yoast-schema-graph\">{\"@context\":\"https:\\\/\\\/schema.org\",\"@graph\":[{\"@type\":\"WebPage\",\"@id\":\"https:\\\/\\\/mfinox.com\\\/de\\\/materialien\\\/edelstahl-w-1-4529-aisi-926-uns-n08926\\\/\",\"url\":\"https:\\\/\\\/mfinox.com\\\/de\\\/materialien\\\/edelstahl-w-1-4529-aisi-926-uns-n08926\\\/\",\"name\":\"EDELSTAHL W 1.4529 AISI 926 UNS N08926 - M.F. INOX\",\"isPartOf\":{\"@id\":\"https:\\\/\\\/mfinox.com\\\/de\\\/#website\"},\"datePublished\":\"2024-05-24T16:09:26+00:00\",\"breadcrumb\":{\"@id\":\"https:\\\/\\\/mfinox.com\\\/de\\\/materialien\\\/edelstahl-w-1-4529-aisi-926-uns-n08926\\\/#breadcrumb\"},\"inLanguage\":\"de\",\"potentialAction\":[{\"@type\":\"ReadAction\",\"target\":[\"https:\\\/\\\/mfinox.com\\\/de\\\/materialien\\\/edelstahl-w-1-4529-aisi-926-uns-n08926\\\/\"]}]},{\"@type\":\"BreadcrumbList\",\"@id\":\"https:\\\/\\\/mfinox.com\\\/de\\\/materialien\\\/edelstahl-w-1-4529-aisi-926-uns-n08926\\\/#breadcrumb\",\"itemListElement\":[{\"@type\":\"ListItem\",\"position\":1,\"name\":\"Home\",\"item\":\"https:\\\/\\\/mfinox.com\\\/de\\\/\"},{\"@type\":\"ListItem\",\"position\":2,\"name\":\"Materialien\",\"item\":\"https:\\\/\\\/mfinox.com\\\/de\\\/materialien\\\/\"},{\"@type\":\"ListItem\",\"position\":3,\"name\":\"EDELSTAHL W 1.4529 AISI 926 UNS N08926\"}]},{\"@type\":\"WebSite\",\"@id\":\"https:\\\/\\\/mfinox.com\\\/de\\\/#website\",\"url\":\"https:\\\/\\\/mfinox.com\\\/de\\\/\",\"name\":\"M.F. INOX\",\"description\":\"\",\"publisher\":{\"@id\":\"https:\\\/\\\/mfinox.com\\\/de\\\/#organization\"},\"potentialAction\":[{\"@type\":\"SearchAction\",\"target\":{\"@type\":\"EntryPoint\",\"urlTemplate\":\"https:\\\/\\\/mfinox.com\\\/de\\\/?s={search_term_string}\"},\"query-input\":{\"@type\":\"PropertyValueSpecification\",\"valueRequired\":true,\"valueName\":\"search_term_string\"}}],\"inLanguage\":\"de\"},{\"@type\":\"Organization\",\"@id\":\"https:\\\/\\\/mfinox.com\\\/de\\\/#organization\",\"name\":\"M.F. INOX\",\"url\":\"https:\\\/\\\/mfinox.com\\\/de\\\/\",\"logo\":{\"@type\":\"ImageObject\",\"inLanguage\":\"de\",\"@id\":\"https:\\\/\\\/mfinox.com\\\/de\\\/#\\\/schema\\\/logo\\\/image\\\/\",\"url\":\"https:\\\/\\\/mfinox.com\\\/wp-content\\\/uploads\\\/2024\\\/05\\\/mf-inox_logo_neg.png\",\"contentUrl\":\"https:\\\/\\\/mfinox.com\\\/wp-content\\\/uploads\\\/2024\\\/05\\\/mf-inox_logo_neg.png\",\"width\":1949,\"height\":662,\"caption\":\"M.F. INOX\"},\"image\":{\"@id\":\"https:\\\/\\\/mfinox.com\\\/de\\\/#\\\/schema\\\/logo\\\/image\\\/\"}}]}<\/script>\n<!-- \/ Yoast SEO plugin. -->","yoast_head_json":{"title":"EDELSTAHL W 1.4529 AISI 926 UNS N08926 - M.F. INOX","robots":{"index":"index","follow":"follow","max-snippet":"max-snippet:-1","max-image-preview":"max-image-preview:large","max-video-preview":"max-video-preview:-1"},"canonical":"https:\/\/mfinox.com\/de\/materialien\/edelstahl-w-1-4529-aisi-926-uns-n08926\/","og_locale":"de_DE","og_type":"article","og_title":"EDELSTAHL W 1.4529 AISI 926 UNS N08926 - M.F. INOX","og_description":"Der superaustenitische rostfreie Stahl W 1.4529 AISI 926 UNS N08926 \u00e4hnelt 316L, enth\u00e4lt aber zus\u00e4tzlich Molybd\u00e4n, das ihm eine bessere Best\u00e4ndigkeit gegen lokale Korrosionsangriffe (Lochfra\u00df und Spaltkorrosion) verleiht. Mit einem PREN-Wert zwischen 41 und 48 ist er f\u00fcr Anwendungen in hei\u00dfem Meerwasser und anderen Umgebungen mit hohem Chloridgehalt geeignet. Der hohe Nickelgehalt f\u00fchrt zu einer [&hellip;]","og_url":"https:\/\/mfinox.com\/de\/materialien\/edelstahl-w-1-4529-aisi-926-uns-n08926\/","og_site_name":"M.F. INOX","twitter_card":"summary_large_image","twitter_misc":{"Gesch\u00e4tzte Lesezeit":"1\u00a0Minute"},"schema":{"@context":"https:\/\/schema.org","@graph":[{"@type":"WebPage","@id":"https:\/\/mfinox.com\/de\/materialien\/edelstahl-w-1-4529-aisi-926-uns-n08926\/","url":"https:\/\/mfinox.com\/de\/materialien\/edelstahl-w-1-4529-aisi-926-uns-n08926\/","name":"EDELSTAHL W 1.4529 AISI 926 UNS N08926 - M.F. INOX","isPartOf":{"@id":"https:\/\/mfinox.com\/de\/#website"},"datePublished":"2024-05-24T16:09:26+00:00","breadcrumb":{"@id":"https:\/\/mfinox.com\/de\/materialien\/edelstahl-w-1-4529-aisi-926-uns-n08926\/#breadcrumb"},"inLanguage":"de","potentialAction":[{"@type":"ReadAction","target":["https:\/\/mfinox.com\/de\/materialien\/edelstahl-w-1-4529-aisi-926-uns-n08926\/"]}]},{"@type":"BreadcrumbList","@id":"https:\/\/mfinox.com\/de\/materialien\/edelstahl-w-1-4529-aisi-926-uns-n08926\/#breadcrumb","itemListElement":[{"@type":"ListItem","position":1,"name":"Home","item":"https:\/\/mfinox.com\/de\/"},{"@type":"ListItem","position":2,"name":"Materialien","item":"https:\/\/mfinox.com\/de\/materialien\/"},{"@type":"ListItem","position":3,"name":"EDELSTAHL W 1.4529 AISI 926 UNS N08926"}]},{"@type":"WebSite","@id":"https:\/\/mfinox.com\/de\/#website","url":"https:\/\/mfinox.com\/de\/","name":"M.F. INOX","description":"","publisher":{"@id":"https:\/\/mfinox.com\/de\/#organization"},"potentialAction":[{"@type":"SearchAction","target":{"@type":"EntryPoint","urlTemplate":"https:\/\/mfinox.com\/de\/?s={search_term_string}"},"query-input":{"@type":"PropertyValueSpecification","valueRequired":true,"valueName":"search_term_string"}}],"inLanguage":"de"},{"@type":"Organization","@id":"https:\/\/mfinox.com\/de\/#organization","name":"M.F. INOX","url":"https:\/\/mfinox.com\/de\/","logo":{"@type":"ImageObject","inLanguage":"de","@id":"https:\/\/mfinox.com\/de\/#\/schema\/logo\/image\/","url":"https:\/\/mfinox.com\/wp-content\/uploads\/2024\/05\/mf-inox_logo_neg.png","contentUrl":"https:\/\/mfinox.com\/wp-content\/uploads\/2024\/05\/mf-inox_logo_neg.png","width":1949,"height":662,"caption":"M.F. INOX"},"image":{"@id":"https:\/\/mfinox.com\/de\/#\/schema\/logo\/image\/"}}]}},"_links":{"self":[{"href":"https:\/\/mfinox.com\/de\/wp-json\/wp\/v2\/pages\/5723","targetHints":{"allow":["GET"]}}],"collection":[{"href":"https:\/\/mfinox.com\/de\/wp-json\/wp\/v2\/pages"}],"about":[{"href":"https:\/\/mfinox.com\/de\/wp-json\/wp\/v2\/types\/page"}],"author":[{"embeddable":true,"href":"https:\/\/mfinox.com\/de\/wp-json\/wp\/v2\/users\/1"}],"replies":[{"embeddable":true,"href":"https:\/\/mfinox.com\/de\/wp-json\/wp\/v2\/comments?post=5723"}],"version-history":[{"count":0,"href":"https:\/\/mfinox.com\/de\/wp-json\/wp\/v2\/pages\/5723\/revisions"}],"up":[{"embeddable":true,"href":"https:\/\/mfinox.com\/de\/wp-json\/wp\/v2\/pages\/4508"}],"wp:attachment":[{"href":"https:\/\/mfinox.com\/de\/wp-json\/wp\/v2\/media?parent=5723"}],"curies":[{"name":"wp","href":"https:\/\/api.w.org\/{rel}","templated":true}]}}