{"id":5711,"date":"2024-05-21T15:51:12","date_gmt":"2024-05-21T15:51:12","guid":{"rendered":"https:\/\/mfinox.com\/materialien\/rostfreier-stahl-nitronic-50-a193-b8r-a479-s20910-xm-19-w-1-3964\/"},"modified":"2024-09-05T10:47:23","modified_gmt":"2024-09-05T10:47:23","slug":"rostfreier-stahl-nitronic-50-a193-b8r-a479-s20910-xm-19-w-1-3964","status":"publish","type":"page","link":"https:\/\/mfinox.com\/de\/materialien\/rostfreier-stahl-nitronic-50-a193-b8r-a479-s20910-xm-19-w-1-3964\/","title":{"rendered":"Rostfreier Stahl NITRONIC\u00ae 50 A193 B8R A479-S20910 XM-19 W 1.3964"},"content":{"rendered":"\t\t<div data-elementor-type=\"wp-page\" data-elementor-id=\"5711\" class=\"elementor elementor-5711 elementor-803\" data-elementor-post-type=\"page\">\n\t\t\t\t<div class=\"elementor-element elementor-element-7e4b2ff0 e-flex e-con-boxed e-con e-parent\" data-id=\"7e4b2ff0\" data-element_type=\"container\" data-e-type=\"container\" data-settings=\"{&quot;background_background&quot;:&quot;classic&quot;}\">\n\t\t\t\t\t<div class=\"e-con-inner\">\n\t\t\t\t<div class=\"elementor-element elementor-element-5ea199ad titolo-materiali elementor-invisible elementor-widget elementor-widget-heading\" data-id=\"5ea199ad\" data-element_type=\"widget\" data-e-type=\"widget\" data-settings=\"{&quot;_animation&quot;:&quot;fadeIn&quot;}\" data-widget_type=\"heading.default\">\n\t\t\t\t<div class=\"elementor-widget-container\">\n\t\t\t\t\t<h1 class=\"elementor-heading-title elementor-size-default\">NITRONIC\u00ae 50 A193 B8R A479-S20910 XM-19 W 1.3964<\/h1>\t\t\t\t<\/div>\n\t\t\t\t<\/div>\n\t\t\t\t<div class=\"elementor-element elementor-element-5b3561ab elementor-invisible elementor-widget elementor-widget-shortcode\" data-id=\"5b3561ab\" data-element_type=\"widget\" data-e-type=\"widget\" data-settings=\"{&quot;_animation&quot;:&quot;fadeIn&quot;}\" data-widget_type=\"shortcode.default\">\n\t\t\t\t<div class=\"elementor-widget-container\">\n\t\t\t\t\t\t\t<div class=\"elementor-shortcode\"><nav aria-label=\"breadcrumb\"><div class=\"breadcrumb\"><span class=\"breadcrumb-item\"><a href=\"https:\/\/mfinox.com\/de\/\" style=\"color: #F3912E;\">Home<\/a><\/span><\/div><\/nav><\/div>\n\t\t\t\t\t\t<\/div>\n\t\t\t\t<\/div>\n\t\t\t\t\t<\/div>\n\t\t\t\t<\/div>\n\t\t<div class=\"elementor-element elementor-element-604aa9e2 e-flex e-con-boxed elementor-invisible e-con e-parent\" data-id=\"604aa9e2\" data-element_type=\"container\" data-e-type=\"container\" data-settings=\"{&quot;animation&quot;:&quot;fadeInUp&quot;}\">\n\t\t\t\t\t<div class=\"e-con-inner\">\n\t\t\t\t<div class=\"elementor-element elementor-element-40ba194b elementor-widget elementor-widget-text-editor\" data-id=\"40ba194b\" data-element_type=\"widget\" data-e-type=\"widget\" data-widget_type=\"text-editor.default\">\n\t\t\t\t<div class=\"elementor-widget-container\">\n\t\t\t\t\t\t\t\t\tNitronic\u00ae 50 A193 B8R A479-S20910 XM-19 ist ein rostfreier Stahl, der ausgezeichnete Korrosionsbest\u00e4ndigkeit und mechanische Festigkeit vereint.\nEr ist ein austenitischer rostfreier Stahl, der eine h\u00f6here Korrosionsbest\u00e4ndigkeit als die klassischeren AISI 316 und AISI 316L sowie eine etwa doppelt so hohe Streckgrenze bei Raumtemperatur aufweist.\nDar\u00fcber hinaus verf\u00fcgt Nitronic\u00ae 50 UNS S20910 XM 19 \u00fcber ausgezeichnete mechanische Eigenschaften sowohl bei hohen Temperaturen als auch bei Temperaturen unter dem Gefrierpunkt.\nIm Gegensatz zu vielen austenitischen rostfreien St\u00e4hlen wird Nitronic\u00ae 50 A193 B8R A479-S20910 XM-19 bei Kaltverformung nicht magnetisch.\nDie au\u00dfergew\u00f6hnliche Korrosionsbest\u00e4ndigkeit von Nitronic\u00ae 50 A193 B8R A479-S20910 XM-19 macht es f\u00fcr Anwendungen geeignet, f\u00fcr die g\u00e4ngigere St\u00e4hle wie AISI 316 316L 317L oder 17-4PH ungeeignet sind.\nDie Legierung eignet sich f\u00fcr verschiedene Anwendungsbereiche wie \u00d6l und Gas, Petrochemie, Chemie, D\u00fcngemittel, Kernbrennstoffrecycling, Zellstoff und Papier, Textilien, Lebensmittel und die Schiffsindustrie.\nDurch die Kombination von hervorragender Korrosionsbest\u00e4ndigkeit und hoher mechanischer Festigkeit wird sie f\u00fcr die Herstellung von Pumpen-, Ventil- und Armaturenkomponenten, Befestigungselementen, Kabeln, Ketten, Schilden und Drahtgeweben, Schiffsbeschl\u00e4gen, Boots- und Pumpenwellenleitungen und W\u00e4rmetauscherteilen verwendet.        <h2><b>CHEMISCHE ZUSAMMENSETZUNG NITRONIC\u00ae 50 A193 B8R A479-S20910 XM-19 W 1.3964<\/b><\/h2>\n<table class=\"responsive-table\">\n<thead>\n<tr>\n<th>Element<\/th><th>Min<\/th><th>Max<\/th>\n<\/tr>\n<\/thead>\n<tbody>\n<tr>\n<td data-label=\"Elemento\">Ni<\/td><td data-label=\"Min\">11.50<\/td><td data-label=\"Max\">13.50<\/td>\n<\/tr>\n<tr>\n<td data-label=\"Elemento\">Cr<\/td><td data-label=\"Min\">20.50<\/td><td data-label=\"Max\">23.50<\/td>\n<\/tr>\n<tr>\n<td data-label=\"Elemento\">Mo<\/td><td data-label=\"Min\">1.50<\/td><td data-label=\"Max\">3.00<\/td>\n<\/tr>\n<tr>\n<td data-label=\"Elemento\">Nb<\/td><td data-label=\"Min\">0.10<\/td><td data-label=\"Max\">0.30<\/td>\n<\/tr>\n<tr>\n<td data-label=\"Elemento\">N<\/td><td data-label=\"Min\">0.20<\/td><td data-label=\"Max\">0.40<\/td>\n<\/tr>\n<tr>\n<td data-label=\"Elemento\">C<\/td><td data-label=\"Min\">&#8212;<\/td><td data-label=\"Max\">0.06<\/td>\n<\/tr>\n<tr>\n<td data-label=\"Elemento\">Mn<\/td><td data-label=\"Min\">4.00<\/td><td data-label=\"Max\">6.00<\/td>\n<\/tr>\n<tr>\n<td data-label=\"Elemento\">Ja<\/td><td data-label=\"Min\">&#8212;<\/td><td data-label=\"Max\">1.00<\/td>\n<\/tr>\n<tr>\n<td data-label=\"Elemento\">P<\/td><td data-label=\"Min\">&#8212;<\/td><td data-label=\"Max\">0.04<\/td>\n<\/tr>\n<tr>\n<td data-label=\"Elemento\">V<\/td><td data-label=\"Min\">&#8212;<\/td><td data-label=\"Max\">0.30<\/td>\n<\/tr>\n<tr>\n<td data-label=\"Elemento\">S<\/td><td data-label=\"Min\">&#8212;<\/td><td data-label=\"Max\">0.04<\/td>\n<\/tr>\n<\/tbody>\n<\/table>\n<h2><b>NITRONIC\u00ae MECHANISCHE EIGENSCHAFTEN 50 A193 B8R A479-S20910 XM-19 W 1.3964<\/b><\/h2>\n<table class=\"responsive-table\">\n<thead>\n<tr>\n<th>Material<\/th>\n<th>Liga<\/th>\n<th>Rm min (MPa)<\/th>\n<th>Rp 0,2 min (MPa)<\/th>\n<th>A% min<\/th>\n<th>Z% min<\/th>\n<th>H\u00e4rte<\/th>\n<\/tr>\n<\/thead>\n<tbody>\n<tr>\n<td data-label=\"Materiale\">NITRONIC\u00ae 50 A193 B8R A479-20910 XM-19 W 1.3964<\/td>\n<td data-label=\"Lega\">1.3964<\/td>\n<td data-label=\"Rm min (MPa)\">655-690<\/td>\n<td data-label=\"Rp 0.2 min (MPa)\">379-345<\/td>\n<td data-label=\"A% min\">30-35<\/td>\n<td data-label=\"Z% min\">45-55<\/td>\n<td data-label=\"Durezza\"><\/td>\n<\/tr>\n<\/tbody>\n<\/table>\n<h2><b>PHYSIKALISCHE EIGENSCHAFTEN NITRONIC\u00ae 50 A193 B8R A479-S20910 XM-19 W 1.3964<\/b><\/h2>\n<ul>\n \t<li><strong>Sch\u00fcttdichte<\/strong>: bei 20\u00b0C 8,19 kg\/dm\u00b3<\/li>\n \t<li><strong>Elastizit\u00e4tsmodul<\/strong>: bei 20\u00b0C 199.000 N\/mm\u00b2<\/li>\n \t<li><strong>Linearer Ausdehnungskoeffizient<\/strong>: 162 \u00b5m\/m \u00b0C (20 &#8211; 93 \u00b0C)<\/li>\n<\/ul>\n<h2><b>PASSEND ZU NITRONIC\u00ae 50 A193 B8R A479-S20910 XM-19 W 1.3964<\/b><\/h2>\n<ul>\n \t<li>DE: UNS S20910<\/li>\n \t<li>W.: 1.3964<\/li>\n \t<li>ASTM: A479-S20910 XM-19<\/li>\n<\/ul>\n\t\t<div data-elementor-type=\"section\" data-elementor-id=\"2152\" class=\"elementor elementor-2152\" data-elementor-post-type=\"elementor_library\">\n\t\t\t<div class=\"elementor-element elementor-element-1a5312d e-flex e-con-boxed e-con e-parent\" data-id=\"1a5312d\" data-element_type=\"container\" data-e-type=\"container\">\n\t\t\t\t\t<div class=\"e-con-inner\">\n\t\t\t\t<div class=\"elementor-element elementor-element-703a4b7 elementor-widget elementor-widget-spacer\" data-id=\"703a4b7\" data-element_type=\"widget\" data-e-type=\"widget\" data-widget_type=\"spacer.default\">\n\t\t\t\t<div class=\"elementor-widget-container\">\n\t\t\t\t\t\t\t<div class=\"elementor-spacer\">\n\t\t\t<div class=\"elementor-spacer-inner\"><\/div>\n\t\t<\/div>\n\t\t\t\t\t\t<\/div>\n\t\t\t\t<\/div>\n\t\t\t\t\t<\/div>\n\t\t\t\t<\/div>\n\t\t\t\t<\/div>\n\t\t\t\t\t\t\t\t\t\t<\/div>\n\t\t\t\t<\/div>\n\t\t\t\t\t<\/div>\n\t\t\t\t<\/div>\n\t\t\t\t<\/div>\n\t\t","protected":false},"excerpt":{"rendered":"<p>NITRONIC\u00ae 50 A193 B8R A479-S20910 XM-19 W 1.3964 Nitronic\u00ae 50 A193 B8R A479-S20910 XM-19 ist ein rostfreier Stahl, der ausgezeichnete Korrosionsbest\u00e4ndigkeit und mechanische Festigkeit vereint. Er ist ein austenitischer rostfreier Stahl, der eine h\u00f6here Korrosionsbest\u00e4ndigkeit als die klassischeren AISI 316 und AISI 316L sowie eine etwa doppelt so hohe Streckgrenze bei Raumtemperatur aufweist. Dar\u00fcber hinaus [&hellip;]<\/p>\n","protected":false},"author":1,"featured_media":0,"parent":4508,"menu_order":0,"comment_status":"closed","ping_status":"closed","template":"","meta":{"footnotes":""},"class_list":["post-5711","page","type-page","status-publish","hentry"],"yoast_head":"<!-- This site is optimized with the Yoast SEO plugin v27.6 - https:\/\/yoast.com\/product\/yoast-seo-wordpress\/ -->\n<title>Rostfreier Stahl NITRONIC\u00ae 50 A193 B8R A479-S20910 XM-19 W 1.3964 - M.F. INOX<\/title>\n<meta name=\"robots\" content=\"index, follow, max-snippet:-1, max-image-preview:large, max-video-preview:-1\" \/>\n<link rel=\"canonical\" href=\"https:\/\/mfinox.com\/de\/materialien\/rostfreier-stahl-nitronic-50-a193-b8r-a479-s20910-xm-19-w-1-3964\/\" \/>\n<meta property=\"og:locale\" content=\"de_DE\" \/>\n<meta property=\"og:type\" content=\"article\" \/>\n<meta property=\"og:title\" content=\"Rostfreier Stahl NITRONIC\u00ae 50 A193 B8R A479-S20910 XM-19 W 1.3964 - M.F. INOX\" \/>\n<meta property=\"og:description\" content=\"NITRONIC\u00ae 50 A193 B8R A479-S20910 XM-19 W 1.3964 Nitronic\u00ae 50 A193 B8R A479-S20910 XM-19 ist ein rostfreier Stahl, der ausgezeichnete Korrosionsbest\u00e4ndigkeit und mechanische Festigkeit vereint. Er ist ein austenitischer rostfreier Stahl, der eine h\u00f6here Korrosionsbest\u00e4ndigkeit als die klassischeren AISI 316 und AISI 316L sowie eine etwa doppelt so hohe Streckgrenze bei Raumtemperatur aufweist. Dar\u00fcber hinaus [&hellip;]\" \/>\n<meta property=\"og:url\" content=\"https:\/\/mfinox.com\/de\/materialien\/rostfreier-stahl-nitronic-50-a193-b8r-a479-s20910-xm-19-w-1-3964\/\" \/>\n<meta property=\"og:site_name\" content=\"M.F. INOX\" \/>\n<meta property=\"article:modified_time\" content=\"2024-09-05T10:47:23+00:00\" \/>\n<meta name=\"twitter:card\" content=\"summary_large_image\" \/>\n<meta name=\"twitter:label1\" content=\"Gesch\u00e4tzte Lesezeit\" \/>\n\t<meta name=\"twitter:data1\" content=\"2\u00a0Minuten\" \/>\n<script type=\"application\/ld+json\" class=\"yoast-schema-graph\">{\"@context\":\"https:\\\/\\\/schema.org\",\"@graph\":[{\"@type\":\"WebPage\",\"@id\":\"https:\\\/\\\/mfinox.com\\\/de\\\/materialien\\\/rostfreier-stahl-nitronic-50-a193-b8r-a479-s20910-xm-19-w-1-3964\\\/\",\"url\":\"https:\\\/\\\/mfinox.com\\\/de\\\/materialien\\\/rostfreier-stahl-nitronic-50-a193-b8r-a479-s20910-xm-19-w-1-3964\\\/\",\"name\":\"Rostfreier Stahl NITRONIC\u00ae 50 A193 B8R A479-S20910 XM-19 W 1.3964 - M.F. INOX\",\"isPartOf\":{\"@id\":\"https:\\\/\\\/mfinox.com\\\/de\\\/#website\"},\"datePublished\":\"2024-05-21T15:51:12+00:00\",\"dateModified\":\"2024-09-05T10:47:23+00:00\",\"breadcrumb\":{\"@id\":\"https:\\\/\\\/mfinox.com\\\/de\\\/materialien\\\/rostfreier-stahl-nitronic-50-a193-b8r-a479-s20910-xm-19-w-1-3964\\\/#breadcrumb\"},\"inLanguage\":\"de\",\"potentialAction\":[{\"@type\":\"ReadAction\",\"target\":[\"https:\\\/\\\/mfinox.com\\\/de\\\/materialien\\\/rostfreier-stahl-nitronic-50-a193-b8r-a479-s20910-xm-19-w-1-3964\\\/\"]}]},{\"@type\":\"BreadcrumbList\",\"@id\":\"https:\\\/\\\/mfinox.com\\\/de\\\/materialien\\\/rostfreier-stahl-nitronic-50-a193-b8r-a479-s20910-xm-19-w-1-3964\\\/#breadcrumb\",\"itemListElement\":[{\"@type\":\"ListItem\",\"position\":1,\"name\":\"Home\",\"item\":\"https:\\\/\\\/mfinox.com\\\/de\\\/\"},{\"@type\":\"ListItem\",\"position\":2,\"name\":\"Materialien\",\"item\":\"https:\\\/\\\/mfinox.com\\\/de\\\/materialien\\\/\"},{\"@type\":\"ListItem\",\"position\":3,\"name\":\"Rostfreier Stahl NITRONIC\u00ae 50 A193 B8R A479-S20910 XM-19 W 1.3964\"}]},{\"@type\":\"WebSite\",\"@id\":\"https:\\\/\\\/mfinox.com\\\/de\\\/#website\",\"url\":\"https:\\\/\\\/mfinox.com\\\/de\\\/\",\"name\":\"M.F. INOX\",\"description\":\"\",\"publisher\":{\"@id\":\"https:\\\/\\\/mfinox.com\\\/de\\\/#organization\"},\"potentialAction\":[{\"@type\":\"SearchAction\",\"target\":{\"@type\":\"EntryPoint\",\"urlTemplate\":\"https:\\\/\\\/mfinox.com\\\/de\\\/?s={search_term_string}\"},\"query-input\":{\"@type\":\"PropertyValueSpecification\",\"valueRequired\":true,\"valueName\":\"search_term_string\"}}],\"inLanguage\":\"de\"},{\"@type\":\"Organization\",\"@id\":\"https:\\\/\\\/mfinox.com\\\/de\\\/#organization\",\"name\":\"M.F. INOX\",\"url\":\"https:\\\/\\\/mfinox.com\\\/de\\\/\",\"logo\":{\"@type\":\"ImageObject\",\"inLanguage\":\"de\",\"@id\":\"https:\\\/\\\/mfinox.com\\\/de\\\/#\\\/schema\\\/logo\\\/image\\\/\",\"url\":\"https:\\\/\\\/mfinox.com\\\/wp-content\\\/uploads\\\/2024\\\/05\\\/mf-inox_logo_neg.png\",\"contentUrl\":\"https:\\\/\\\/mfinox.com\\\/wp-content\\\/uploads\\\/2024\\\/05\\\/mf-inox_logo_neg.png\",\"width\":1949,\"height\":662,\"caption\":\"M.F. INOX\"},\"image\":{\"@id\":\"https:\\\/\\\/mfinox.com\\\/de\\\/#\\\/schema\\\/logo\\\/image\\\/\"}}]}<\/script>\n<!-- \/ Yoast SEO plugin. -->","yoast_head_json":{"title":"Rostfreier Stahl NITRONIC\u00ae 50 A193 B8R A479-S20910 XM-19 W 1.3964 - M.F. INOX","robots":{"index":"index","follow":"follow","max-snippet":"max-snippet:-1","max-image-preview":"max-image-preview:large","max-video-preview":"max-video-preview:-1"},"canonical":"https:\/\/mfinox.com\/de\/materialien\/rostfreier-stahl-nitronic-50-a193-b8r-a479-s20910-xm-19-w-1-3964\/","og_locale":"de_DE","og_type":"article","og_title":"Rostfreier Stahl NITRONIC\u00ae 50 A193 B8R A479-S20910 XM-19 W 1.3964 - M.F. INOX","og_description":"NITRONIC\u00ae 50 A193 B8R A479-S20910 XM-19 W 1.3964 Nitronic\u00ae 50 A193 B8R A479-S20910 XM-19 ist ein rostfreier Stahl, der ausgezeichnete Korrosionsbest\u00e4ndigkeit und mechanische Festigkeit vereint. Er ist ein austenitischer rostfreier Stahl, der eine h\u00f6here Korrosionsbest\u00e4ndigkeit als die klassischeren AISI 316 und AISI 316L sowie eine etwa doppelt so hohe Streckgrenze bei Raumtemperatur aufweist. Dar\u00fcber hinaus [&hellip;]","og_url":"https:\/\/mfinox.com\/de\/materialien\/rostfreier-stahl-nitronic-50-a193-b8r-a479-s20910-xm-19-w-1-3964\/","og_site_name":"M.F. INOX","article_modified_time":"2024-09-05T10:47:23+00:00","twitter_card":"summary_large_image","twitter_misc":{"Gesch\u00e4tzte Lesezeit":"2\u00a0Minuten"},"schema":{"@context":"https:\/\/schema.org","@graph":[{"@type":"WebPage","@id":"https:\/\/mfinox.com\/de\/materialien\/rostfreier-stahl-nitronic-50-a193-b8r-a479-s20910-xm-19-w-1-3964\/","url":"https:\/\/mfinox.com\/de\/materialien\/rostfreier-stahl-nitronic-50-a193-b8r-a479-s20910-xm-19-w-1-3964\/","name":"Rostfreier Stahl NITRONIC\u00ae 50 A193 B8R A479-S20910 XM-19 W 1.3964 - M.F. INOX","isPartOf":{"@id":"https:\/\/mfinox.com\/de\/#website"},"datePublished":"2024-05-21T15:51:12+00:00","dateModified":"2024-09-05T10:47:23+00:00","breadcrumb":{"@id":"https:\/\/mfinox.com\/de\/materialien\/rostfreier-stahl-nitronic-50-a193-b8r-a479-s20910-xm-19-w-1-3964\/#breadcrumb"},"inLanguage":"de","potentialAction":[{"@type":"ReadAction","target":["https:\/\/mfinox.com\/de\/materialien\/rostfreier-stahl-nitronic-50-a193-b8r-a479-s20910-xm-19-w-1-3964\/"]}]},{"@type":"BreadcrumbList","@id":"https:\/\/mfinox.com\/de\/materialien\/rostfreier-stahl-nitronic-50-a193-b8r-a479-s20910-xm-19-w-1-3964\/#breadcrumb","itemListElement":[{"@type":"ListItem","position":1,"name":"Home","item":"https:\/\/mfinox.com\/de\/"},{"@type":"ListItem","position":2,"name":"Materialien","item":"https:\/\/mfinox.com\/de\/materialien\/"},{"@type":"ListItem","position":3,"name":"Rostfreier Stahl NITRONIC\u00ae 50 A193 B8R A479-S20910 XM-19 W 1.3964"}]},{"@type":"WebSite","@id":"https:\/\/mfinox.com\/de\/#website","url":"https:\/\/mfinox.com\/de\/","name":"M.F. INOX","description":"","publisher":{"@id":"https:\/\/mfinox.com\/de\/#organization"},"potentialAction":[{"@type":"SearchAction","target":{"@type":"EntryPoint","urlTemplate":"https:\/\/mfinox.com\/de\/?s={search_term_string}"},"query-input":{"@type":"PropertyValueSpecification","valueRequired":true,"valueName":"search_term_string"}}],"inLanguage":"de"},{"@type":"Organization","@id":"https:\/\/mfinox.com\/de\/#organization","name":"M.F. INOX","url":"https:\/\/mfinox.com\/de\/","logo":{"@type":"ImageObject","inLanguage":"de","@id":"https:\/\/mfinox.com\/de\/#\/schema\/logo\/image\/","url":"https:\/\/mfinox.com\/wp-content\/uploads\/2024\/05\/mf-inox_logo_neg.png","contentUrl":"https:\/\/mfinox.com\/wp-content\/uploads\/2024\/05\/mf-inox_logo_neg.png","width":1949,"height":662,"caption":"M.F. INOX"},"image":{"@id":"https:\/\/mfinox.com\/de\/#\/schema\/logo\/image\/"}}]}},"_links":{"self":[{"href":"https:\/\/mfinox.com\/de\/wp-json\/wp\/v2\/pages\/5711","targetHints":{"allow":["GET"]}}],"collection":[{"href":"https:\/\/mfinox.com\/de\/wp-json\/wp\/v2\/pages"}],"about":[{"href":"https:\/\/mfinox.com\/de\/wp-json\/wp\/v2\/types\/page"}],"author":[{"embeddable":true,"href":"https:\/\/mfinox.com\/de\/wp-json\/wp\/v2\/users\/1"}],"replies":[{"embeddable":true,"href":"https:\/\/mfinox.com\/de\/wp-json\/wp\/v2\/comments?post=5711"}],"version-history":[{"count":0,"href":"https:\/\/mfinox.com\/de\/wp-json\/wp\/v2\/pages\/5711\/revisions"}],"up":[{"embeddable":true,"href":"https:\/\/mfinox.com\/de\/wp-json\/wp\/v2\/pages\/4508"}],"wp:attachment":[{"href":"https:\/\/mfinox.com\/de\/wp-json\/wp\/v2\/media?parent=5711"}],"curies":[{"name":"wp","href":"https:\/\/api.w.org\/{rel}","templated":true}]}}