{"id":5703,"date":"2024-06-18T16:46:26","date_gmt":"2024-06-18T16:46:26","guid":{"rendered":"https:\/\/mfinox.com\/materialien\/austenitischer-rostfreier-stahl-werkstoff-1-4550-aisi-347-uns-s34700\/"},"modified":"2024-09-05T10:44:43","modified_gmt":"2024-09-05T10:44:43","slug":"austenitischer-rostfreier-stahl-werkstoff-1-4550-aisi-347-uns-s34700","status":"publish","type":"page","link":"https:\/\/mfinox.com\/de\/materialien\/austenitischer-rostfreier-stahl-werkstoff-1-4550-aisi-347-uns-s34700\/","title":{"rendered":"Austenitischer rostfreier Stahl Werkstoff 1.4550 AISI 347 UNS S34700"},"content":{"rendered":"\t\t<div data-elementor-type=\"wp-page\" data-elementor-id=\"5703\" class=\"elementor elementor-5703 elementor-2204\" data-elementor-post-type=\"page\">\n\t\t\t\t<div class=\"elementor-element elementor-element-5ba9879e e-flex e-con-boxed e-con e-parent\" data-id=\"5ba9879e\" data-element_type=\"container\" data-e-type=\"container\" data-settings=\"{&quot;background_background&quot;:&quot;classic&quot;}\">\n\t\t\t\t\t<div class=\"e-con-inner\">\n\t\t\t\t<div class=\"elementor-element elementor-element-32f6ae titolo-materiali elementor-invisible elementor-widget elementor-widget-heading\" data-id=\"32f6ae\" data-element_type=\"widget\" data-e-type=\"widget\" data-settings=\"{&quot;_animation&quot;:&quot;fadeIn&quot;}\" data-widget_type=\"heading.default\">\n\t\t\t\t<div class=\"elementor-widget-container\">\n\t\t\t\t\t<h1 class=\"elementor-heading-title elementor-size-default\">Werkstoff 1.4550 AISI 347 UNS S34700<\/h1>\t\t\t\t<\/div>\n\t\t\t\t<\/div>\n\t\t\t\t<div class=\"elementor-element elementor-element-2abb9dd2 elementor-invisible elementor-widget elementor-widget-shortcode\" data-id=\"2abb9dd2\" data-element_type=\"widget\" data-e-type=\"widget\" data-settings=\"{&quot;_animation&quot;:&quot;fadeIn&quot;}\" data-widget_type=\"shortcode.default\">\n\t\t\t\t<div class=\"elementor-widget-container\">\n\t\t\t\t\t\t\t<div class=\"elementor-shortcode\"><nav aria-label=\"breadcrumb\"><div class=\"breadcrumb\"><span class=\"breadcrumb-item\"><a href=\"https:\/\/mfinox.com\/de\/\" style=\"color: #F3912E;\">Home<\/a><\/span><\/div><\/nav><\/div>\n\t\t\t\t\t\t<\/div>\n\t\t\t\t<\/div>\n\t\t\t\t\t<\/div>\n\t\t\t\t<\/div>\n\t\t<div class=\"elementor-element elementor-element-48a514ff e-flex e-con-boxed elementor-invisible e-con e-parent\" data-id=\"48a514ff\" data-element_type=\"container\" data-e-type=\"container\" data-settings=\"{&quot;animation&quot;:&quot;fadeInUp&quot;}\">\n\t\t\t\t\t<div class=\"e-con-inner\">\n\t\t\t\t<div class=\"elementor-element elementor-element-6440ca42 elementor-widget elementor-widget-text-editor\" data-id=\"6440ca42\" data-element_type=\"widget\" data-e-type=\"widget\" data-widget_type=\"text-editor.default\">\n\t\t\t\t<div class=\"elementor-widget-container\">\n\t\t\t\t\t\t\t\t\tWerkstoff austenitischer rostfreier Stahl AISI 347 UNS S34700 ist eine chrom- und nickelhaltige Eisenlegierung, die f\u00fcr Hochtemperaturanwendungen geeignet ist.\nDieser Werkstoff enth\u00e4lt auch geringe Mengen an Titan und Niob, was ihn resistent gegen interkristalline Korrosion macht, die durch Schwei\u00dfen oder Erhitzen bei hohen Temperaturen entsteht.\nDer Stahl Werkstoff 1.4550 AISI 347 UNS S34700 hat eine gute Korrosionsbest\u00e4ndigkeit unter vielen Umweltbedingungen, insbesondere in Gegenwart von Salzs\u00e4ure, Schwefels\u00e4ure und Laugen.\nAufgrund dieser besonderen Eigenschaften wird er haupts\u00e4chlich f\u00fcr die Herstellung von Befestigungssystemen f\u00fcr \u00d6fen, W\u00e4rmetauscher, Abgaskr\u00fcmmer, Dampfturbinen und nat\u00fcrlich in petrochemischen Anlagen verwendet.     <h2><b>CHEMISCHE ZUSAMMENSETZUNG Werkstoff 1.4550 AISI 347 UNS S34700<\/b><\/h2>\n<table class=\"responsive-table\">\n<tbody>\n<tr>\n<th>Element<\/th><th>Min<\/th><th>Max<\/th>\n<\/tr>\n<tr>\n<td>C max<\/td><td><\/td><td>0.08<\/td>\n<\/tr>\n<tr>\n<td>Ja max<\/td><td><\/td><td>1.00<\/td>\n<\/tr>\n<tr>\n<td>Mn max<\/td><td><\/td><td>2.0<\/td>\n<\/tr>\n<tr>\n<td>Cr<\/td><td>17.0<\/td><td>19.0<\/td>\n<\/tr>\n<tr>\n<td>Mo<\/td><td>3.00<\/td><td>4.00<\/td>\n<\/tr>\n<tr>\n<td>S max<\/td><td><\/td><td>0.015<\/td>\n<\/tr>\n<tr>\n<td>P max<\/td><td><\/td><td>0.045<\/td>\n<\/tr>\n<tr>\n<td>Ni<\/td><td>9.0<\/td><td>26.0<\/td>\n<\/tr>\n<tr>\n<td>Nb<\/td><td><\/td><td>&lt;1.00<\/td>\n<\/tr>\n<\/tbody>\n<\/table>\n<h2><b>MECHANISCHE EIGENSCHAFTEN Werkstoff 1.4550 AISI 347 UNS S34700<\/b><\/h2>\n<table class=\"responsive-table\">\n<tbody>\n<tr>\n<th>Material<\/th>\n<th>Liga<\/th>\n<th>Rm MPa<\/th>\n<th>Rp 0,2 min MPa<\/th>\n<th>A% min<\/th>\n<th>H\u00e4rte<\/th>\n<\/tr>\n<tr>\n<td>AISI 347 UNS S34700<\/td>\n<td>1.4450<\/td>\n<td>500 &#8211; 700<\/td>\n<td>205<\/td>\n<td>40-30<\/td>\n<td>&lt;  215 HB<\/td>\n<\/tr>\n<\/tbody>\n<\/table>\n<h2><b>PHYSIKALISCHE EIGENSCHAFTEN Werkstoff 1.4550 AISI 347 UNS S34700<\/b><\/h2>\n<ul>\n \t<li>Spezifisches Gewicht: Kg\/cm\u00b3 20\u00b0C &#8211; 79 Kg\/dm\u00b3<\/li>\n \t<li>Elastizit\u00e4tsmodul: N\/mm\u00b2 20\u00b0C &#8211; 215.000<\/li>\n \t<li>W\u00e4rmeleitf\u00e4higkeit: W\/m.K. (20\u00b0C) &#8211; 14.0<\/li>\n \t<li>Nicht-magnetisch<\/li>\n<\/ul>\n&nbsp;\n<h2><b>KORRESPONDENZEN UND SPEZIFIKATIONEN Werkstoff 1.4550 AISI 347 UNS S34700<\/b><\/h2>\n<ul>\n \t<li>EN 10088\/3: X6CrNiNb18-10<\/li>\n \t<li>W: 1.4438<\/li>\n \t<li>AISI: 347<\/li>\n \t<li>UNS: S34700<\/li>\n \t<li>ASTM: A182 A479 A276<\/li>\n<\/ul>\n\t\t<div data-elementor-type=\"section\" data-elementor-id=\"2152\" class=\"elementor elementor-2152\" data-elementor-post-type=\"elementor_library\">\n\t\t\t<div class=\"elementor-element elementor-element-1a5312d e-flex e-con-boxed e-con e-parent\" data-id=\"1a5312d\" data-element_type=\"container\" data-e-type=\"container\">\n\t\t\t\t\t<div class=\"e-con-inner\">\n\t\t\t\t<div class=\"elementor-element elementor-element-703a4b7 elementor-widget elementor-widget-spacer\" data-id=\"703a4b7\" data-element_type=\"widget\" data-e-type=\"widget\" data-widget_type=\"spacer.default\">\n\t\t\t\t<div class=\"elementor-widget-container\">\n\t\t\t\t\t\t\t<div class=\"elementor-spacer\">\n\t\t\t<div class=\"elementor-spacer-inner\"><\/div>\n\t\t<\/div>\n\t\t\t\t\t\t<\/div>\n\t\t\t\t<\/div>\n\t\t\t\t\t<\/div>\n\t\t\t\t<\/div>\n\t\t\t\t<\/div>\n\t\t\t\t\t\t\t\t\t\t<\/div>\n\t\t\t\t<\/div>\n\t\t\t\t\t<\/div>\n\t\t\t\t<\/div>\n\t\t\t\t<\/div>\n\t\t","protected":false},"excerpt":{"rendered":"<p>Werkstoff 1.4550 AISI 347 UNS S34700 Werkstoff austenitischer rostfreier Stahl AISI 347 UNS S34700 ist eine chrom- und nickelhaltige Eisenlegierung, die f\u00fcr Hochtemperaturanwendungen geeignet ist. Dieser Werkstoff enth\u00e4lt auch geringe Mengen an Titan und Niob, was ihn resistent gegen interkristalline Korrosion macht, die durch Schwei\u00dfen oder Erhitzen bei hohen Temperaturen entsteht. Der Stahl Werkstoff 1.4550 [&hellip;]<\/p>\n","protected":false},"author":1,"featured_media":0,"parent":4508,"menu_order":0,"comment_status":"closed","ping_status":"closed","template":"","meta":{"footnotes":""},"class_list":["post-5703","page","type-page","status-publish","hentry"],"yoast_head":"<!-- This site is optimized with the Yoast SEO plugin v27.6 - https:\/\/yoast.com\/product\/yoast-seo-wordpress\/ -->\n<title>Austenitischer rostfreier Stahl Werkstoff 1.4550 AISI 347 UNS S34700 - M.F. INOX<\/title>\n<meta name=\"robots\" content=\"index, follow, max-snippet:-1, max-image-preview:large, max-video-preview:-1\" \/>\n<link rel=\"canonical\" href=\"https:\/\/mfinox.com\/de\/materialien\/austenitischer-rostfreier-stahl-werkstoff-1-4550-aisi-347-uns-s34700\/\" \/>\n<meta property=\"og:locale\" content=\"de_DE\" \/>\n<meta property=\"og:type\" content=\"article\" \/>\n<meta property=\"og:title\" content=\"Austenitischer rostfreier Stahl Werkstoff 1.4550 AISI 347 UNS S34700 - M.F. INOX\" \/>\n<meta property=\"og:description\" content=\"Werkstoff 1.4550 AISI 347 UNS S34700 Werkstoff austenitischer rostfreier Stahl AISI 347 UNS S34700 ist eine chrom- und nickelhaltige Eisenlegierung, die f\u00fcr Hochtemperaturanwendungen geeignet ist. Dieser Werkstoff enth\u00e4lt auch geringe Mengen an Titan und Niob, was ihn resistent gegen interkristalline Korrosion macht, die durch Schwei\u00dfen oder Erhitzen bei hohen Temperaturen entsteht. Der Stahl Werkstoff 1.4550 [&hellip;]\" \/>\n<meta property=\"og:url\" content=\"https:\/\/mfinox.com\/de\/materialien\/austenitischer-rostfreier-stahl-werkstoff-1-4550-aisi-347-uns-s34700\/\" \/>\n<meta property=\"og:site_name\" content=\"M.F. INOX\" \/>\n<meta property=\"article:modified_time\" content=\"2024-09-05T10:44:43+00:00\" \/>\n<meta name=\"twitter:card\" content=\"summary_large_image\" \/>\n<meta name=\"twitter:label1\" content=\"Gesch\u00e4tzte Lesezeit\" \/>\n\t<meta name=\"twitter:data1\" content=\"1\u00a0Minute\" \/>\n<script type=\"application\/ld+json\" class=\"yoast-schema-graph\">{\"@context\":\"https:\\\/\\\/schema.org\",\"@graph\":[{\"@type\":\"WebPage\",\"@id\":\"https:\\\/\\\/mfinox.com\\\/de\\\/materialien\\\/austenitischer-rostfreier-stahl-werkstoff-1-4550-aisi-347-uns-s34700\\\/\",\"url\":\"https:\\\/\\\/mfinox.com\\\/de\\\/materialien\\\/austenitischer-rostfreier-stahl-werkstoff-1-4550-aisi-347-uns-s34700\\\/\",\"name\":\"Austenitischer rostfreier Stahl Werkstoff 1.4550 AISI 347 UNS S34700 - M.F. INOX\",\"isPartOf\":{\"@id\":\"https:\\\/\\\/mfinox.com\\\/de\\\/#website\"},\"datePublished\":\"2024-06-18T16:46:26+00:00\",\"dateModified\":\"2024-09-05T10:44:43+00:00\",\"breadcrumb\":{\"@id\":\"https:\\\/\\\/mfinox.com\\\/de\\\/materialien\\\/austenitischer-rostfreier-stahl-werkstoff-1-4550-aisi-347-uns-s34700\\\/#breadcrumb\"},\"inLanguage\":\"de\",\"potentialAction\":[{\"@type\":\"ReadAction\",\"target\":[\"https:\\\/\\\/mfinox.com\\\/de\\\/materialien\\\/austenitischer-rostfreier-stahl-werkstoff-1-4550-aisi-347-uns-s34700\\\/\"]}]},{\"@type\":\"BreadcrumbList\",\"@id\":\"https:\\\/\\\/mfinox.com\\\/de\\\/materialien\\\/austenitischer-rostfreier-stahl-werkstoff-1-4550-aisi-347-uns-s34700\\\/#breadcrumb\",\"itemListElement\":[{\"@type\":\"ListItem\",\"position\":1,\"name\":\"Home\",\"item\":\"https:\\\/\\\/mfinox.com\\\/de\\\/\"},{\"@type\":\"ListItem\",\"position\":2,\"name\":\"Materialien\",\"item\":\"https:\\\/\\\/mfinox.com\\\/de\\\/materialien\\\/\"},{\"@type\":\"ListItem\",\"position\":3,\"name\":\"Austenitischer rostfreier Stahl Werkstoff 1.4550 AISI 347 UNS S34700\"}]},{\"@type\":\"WebSite\",\"@id\":\"https:\\\/\\\/mfinox.com\\\/de\\\/#website\",\"url\":\"https:\\\/\\\/mfinox.com\\\/de\\\/\",\"name\":\"M.F. INOX\",\"description\":\"\",\"publisher\":{\"@id\":\"https:\\\/\\\/mfinox.com\\\/de\\\/#organization\"},\"potentialAction\":[{\"@type\":\"SearchAction\",\"target\":{\"@type\":\"EntryPoint\",\"urlTemplate\":\"https:\\\/\\\/mfinox.com\\\/de\\\/?s={search_term_string}\"},\"query-input\":{\"@type\":\"PropertyValueSpecification\",\"valueRequired\":true,\"valueName\":\"search_term_string\"}}],\"inLanguage\":\"de\"},{\"@type\":\"Organization\",\"@id\":\"https:\\\/\\\/mfinox.com\\\/de\\\/#organization\",\"name\":\"M.F. INOX\",\"url\":\"https:\\\/\\\/mfinox.com\\\/de\\\/\",\"logo\":{\"@type\":\"ImageObject\",\"inLanguage\":\"de\",\"@id\":\"https:\\\/\\\/mfinox.com\\\/de\\\/#\\\/schema\\\/logo\\\/image\\\/\",\"url\":\"https:\\\/\\\/mfinox.com\\\/wp-content\\\/uploads\\\/2024\\\/05\\\/mf-inox_logo_neg.png\",\"contentUrl\":\"https:\\\/\\\/mfinox.com\\\/wp-content\\\/uploads\\\/2024\\\/05\\\/mf-inox_logo_neg.png\",\"width\":1949,\"height\":662,\"caption\":\"M.F. INOX\"},\"image\":{\"@id\":\"https:\\\/\\\/mfinox.com\\\/de\\\/#\\\/schema\\\/logo\\\/image\\\/\"}}]}<\/script>\n<!-- \/ Yoast SEO plugin. -->","yoast_head_json":{"title":"Austenitischer rostfreier Stahl Werkstoff 1.4550 AISI 347 UNS S34700 - M.F. INOX","robots":{"index":"index","follow":"follow","max-snippet":"max-snippet:-1","max-image-preview":"max-image-preview:large","max-video-preview":"max-video-preview:-1"},"canonical":"https:\/\/mfinox.com\/de\/materialien\/austenitischer-rostfreier-stahl-werkstoff-1-4550-aisi-347-uns-s34700\/","og_locale":"de_DE","og_type":"article","og_title":"Austenitischer rostfreier Stahl Werkstoff 1.4550 AISI 347 UNS S34700 - M.F. INOX","og_description":"Werkstoff 1.4550 AISI 347 UNS S34700 Werkstoff austenitischer rostfreier Stahl AISI 347 UNS S34700 ist eine chrom- und nickelhaltige Eisenlegierung, die f\u00fcr Hochtemperaturanwendungen geeignet ist. Dieser Werkstoff enth\u00e4lt auch geringe Mengen an Titan und Niob, was ihn resistent gegen interkristalline Korrosion macht, die durch Schwei\u00dfen oder Erhitzen bei hohen Temperaturen entsteht. Der Stahl Werkstoff 1.4550 [&hellip;]","og_url":"https:\/\/mfinox.com\/de\/materialien\/austenitischer-rostfreier-stahl-werkstoff-1-4550-aisi-347-uns-s34700\/","og_site_name":"M.F. INOX","article_modified_time":"2024-09-05T10:44:43+00:00","twitter_card":"summary_large_image","twitter_misc":{"Gesch\u00e4tzte Lesezeit":"1\u00a0Minute"},"schema":{"@context":"https:\/\/schema.org","@graph":[{"@type":"WebPage","@id":"https:\/\/mfinox.com\/de\/materialien\/austenitischer-rostfreier-stahl-werkstoff-1-4550-aisi-347-uns-s34700\/","url":"https:\/\/mfinox.com\/de\/materialien\/austenitischer-rostfreier-stahl-werkstoff-1-4550-aisi-347-uns-s34700\/","name":"Austenitischer rostfreier Stahl Werkstoff 1.4550 AISI 347 UNS S34700 - M.F. INOX","isPartOf":{"@id":"https:\/\/mfinox.com\/de\/#website"},"datePublished":"2024-06-18T16:46:26+00:00","dateModified":"2024-09-05T10:44:43+00:00","breadcrumb":{"@id":"https:\/\/mfinox.com\/de\/materialien\/austenitischer-rostfreier-stahl-werkstoff-1-4550-aisi-347-uns-s34700\/#breadcrumb"},"inLanguage":"de","potentialAction":[{"@type":"ReadAction","target":["https:\/\/mfinox.com\/de\/materialien\/austenitischer-rostfreier-stahl-werkstoff-1-4550-aisi-347-uns-s34700\/"]}]},{"@type":"BreadcrumbList","@id":"https:\/\/mfinox.com\/de\/materialien\/austenitischer-rostfreier-stahl-werkstoff-1-4550-aisi-347-uns-s34700\/#breadcrumb","itemListElement":[{"@type":"ListItem","position":1,"name":"Home","item":"https:\/\/mfinox.com\/de\/"},{"@type":"ListItem","position":2,"name":"Materialien","item":"https:\/\/mfinox.com\/de\/materialien\/"},{"@type":"ListItem","position":3,"name":"Austenitischer rostfreier Stahl Werkstoff 1.4550 AISI 347 UNS S34700"}]},{"@type":"WebSite","@id":"https:\/\/mfinox.com\/de\/#website","url":"https:\/\/mfinox.com\/de\/","name":"M.F. INOX","description":"","publisher":{"@id":"https:\/\/mfinox.com\/de\/#organization"},"potentialAction":[{"@type":"SearchAction","target":{"@type":"EntryPoint","urlTemplate":"https:\/\/mfinox.com\/de\/?s={search_term_string}"},"query-input":{"@type":"PropertyValueSpecification","valueRequired":true,"valueName":"search_term_string"}}],"inLanguage":"de"},{"@type":"Organization","@id":"https:\/\/mfinox.com\/de\/#organization","name":"M.F. INOX","url":"https:\/\/mfinox.com\/de\/","logo":{"@type":"ImageObject","inLanguage":"de","@id":"https:\/\/mfinox.com\/de\/#\/schema\/logo\/image\/","url":"https:\/\/mfinox.com\/wp-content\/uploads\/2024\/05\/mf-inox_logo_neg.png","contentUrl":"https:\/\/mfinox.com\/wp-content\/uploads\/2024\/05\/mf-inox_logo_neg.png","width":1949,"height":662,"caption":"M.F. INOX"},"image":{"@id":"https:\/\/mfinox.com\/de\/#\/schema\/logo\/image\/"}}]}},"_links":{"self":[{"href":"https:\/\/mfinox.com\/de\/wp-json\/wp\/v2\/pages\/5703","targetHints":{"allow":["GET"]}}],"collection":[{"href":"https:\/\/mfinox.com\/de\/wp-json\/wp\/v2\/pages"}],"about":[{"href":"https:\/\/mfinox.com\/de\/wp-json\/wp\/v2\/types\/page"}],"author":[{"embeddable":true,"href":"https:\/\/mfinox.com\/de\/wp-json\/wp\/v2\/users\/1"}],"replies":[{"embeddable":true,"href":"https:\/\/mfinox.com\/de\/wp-json\/wp\/v2\/comments?post=5703"}],"version-history":[{"count":0,"href":"https:\/\/mfinox.com\/de\/wp-json\/wp\/v2\/pages\/5703\/revisions"}],"up":[{"embeddable":true,"href":"https:\/\/mfinox.com\/de\/wp-json\/wp\/v2\/pages\/4508"}],"wp:attachment":[{"href":"https:\/\/mfinox.com\/de\/wp-json\/wp\/v2\/media?parent=5703"}],"curies":[{"name":"wp","href":"https:\/\/api.w.org\/{rel}","templated":true}]}}