{"id":5699,"date":"2024-06-18T16:54:20","date_gmt":"2024-06-18T16:54:20","guid":{"rendered":"https:\/\/mfinox.com\/materialien\/austenitischer-rostfreier-stahl-werkstoff-1-4438-aisi-317l-uns-s31703\/"},"modified":"2024-09-05T10:43:44","modified_gmt":"2024-09-05T10:43:44","slug":"austenitischer-rostfreier-stahl-werkstoff-1-4438-aisi-317l-uns-s31703","status":"publish","type":"page","link":"https:\/\/mfinox.com\/de\/materialien\/austenitischer-rostfreier-stahl-werkstoff-1-4438-aisi-317l-uns-s31703\/","title":{"rendered":"Austenitischer rostfreier Stahl Werkstoff 1.4438 AISI 317L UNS S31703"},"content":{"rendered":"\t\t<div data-elementor-type=\"wp-page\" data-elementor-id=\"5699\" class=\"elementor elementor-5699 elementor-2210\" data-elementor-post-type=\"page\">\n\t\t\t\t<div class=\"elementor-element elementor-element-71106dee e-flex e-con-boxed e-con e-parent\" data-id=\"71106dee\" data-element_type=\"container\" data-e-type=\"container\" data-settings=\"{&quot;background_background&quot;:&quot;classic&quot;}\">\n\t\t\t\t\t<div class=\"e-con-inner\">\n\t\t\t\t<div class=\"elementor-element elementor-element-43600111 titolo-materiali elementor-invisible elementor-widget elementor-widget-heading\" data-id=\"43600111\" data-element_type=\"widget\" data-e-type=\"widget\" data-settings=\"{&quot;_animation&quot;:&quot;fadeIn&quot;}\" data-widget_type=\"heading.default\">\n\t\t\t\t<div class=\"elementor-widget-container\">\n\t\t\t\t\t<h1 class=\"elementor-heading-title elementor-size-default\">Werkstoff 1.4438 AISI 317L UNS S31703<\/h1>\t\t\t\t<\/div>\n\t\t\t\t<\/div>\n\t\t\t\t<div class=\"elementor-element elementor-element-6833dbbe elementor-invisible elementor-widget elementor-widget-shortcode\" data-id=\"6833dbbe\" data-element_type=\"widget\" data-e-type=\"widget\" data-settings=\"{&quot;_animation&quot;:&quot;fadeIn&quot;}\" data-widget_type=\"shortcode.default\">\n\t\t\t\t<div class=\"elementor-widget-container\">\n\t\t\t\t\t\t\t<div class=\"elementor-shortcode\"><nav aria-label=\"breadcrumb\"><div class=\"breadcrumb\"><span class=\"breadcrumb-item\"><a href=\"https:\/\/mfinox.com\/de\/\" style=\"color: #F3912E;\">Home<\/a><\/span><\/div><\/nav><\/div>\n\t\t\t\t\t\t<\/div>\n\t\t\t\t<\/div>\n\t\t\t\t\t<\/div>\n\t\t\t\t<\/div>\n\t\t<div class=\"elementor-element elementor-element-5b8e5fae e-flex e-con-boxed elementor-invisible e-con e-parent\" data-id=\"5b8e5fae\" data-element_type=\"container\" data-e-type=\"container\" data-settings=\"{&quot;animation&quot;:&quot;fadeInUp&quot;}\">\n\t\t\t\t\t<div class=\"e-con-inner\">\n\t\t\t\t<div class=\"elementor-element elementor-element-63235af5 elementor-widget elementor-widget-text-editor\" data-id=\"63235af5\" data-element_type=\"widget\" data-e-type=\"widget\" data-widget_type=\"text-editor.default\">\n\t\t\t\t<div class=\"elementor-widget-container\">\n\t\t\t\t\t\t\t\t\tDas Hauptmerkmal des austenitischen rostfreien Werkstoffs AISI 317L UNS S31703 ist der hohe Anteil an Molybd\u00e4n in seiner chemischen Zusammensetzung; dies sorgt f\u00fcr eine gr\u00f6\u00dfere Widerstandsf\u00e4higkeit gegen chemische Angriffe als bei der austenitischen Chrom-Nickel-Molybd\u00e4n-Stahlsorte AISI 316L.\nDiese Sorte enth\u00e4lt etwa 1% mehr Chrom, Nickel und Molybd\u00e4n als der austenitische Stahl AISI 316L.\nAufgrund dieser besonderen Eigenschaften wird sie haupts\u00e4chlich in der chemischen und petrochemischen Zellstoff- und Papierindustrie sowie im Energiesektor, insbesondere in fossilen und nuklearen Kraftwerken, verwendet.    <h2><b>CHEMISCHE ZUSAMMENSETZUNG Werkstoff 1.4438 AISI 317L UNS S31703<\/b><\/h2>\n<table class=\"responsive-table\">\n<tbody>\n<tr>\n<th>Element<\/th><th>Min<\/th><th>Max<\/th>\n<\/tr>\n<tr>\n<td>C<\/td><td>&#8212;<\/td><td>0.03<\/td>\n<\/tr>\n<tr>\n<td>Ja<\/td><td>&#8212;<\/td><td>1.00<\/td>\n<\/tr>\n<tr>\n<td>Mn<\/td><td>&#8212;<\/td><td>2.0<\/td>\n<\/tr>\n<tr>\n<td>Cr<\/td><td>17.5<\/td><td>19.5<\/td>\n<\/tr>\n<tr>\n<td>Mo<\/td><td>3.00<\/td><td>4.00<\/td>\n<\/tr>\n<tr>\n<td>S<\/td><td>&#8212;<\/td><td>0.015<\/td>\n<\/tr>\n<tr>\n<td>P<\/td><td>&#8212;<\/td><td>0.045<\/td>\n<\/tr>\n<tr>\n<td>Ni<\/td><td>13.0<\/td><td>16.0<\/td>\n<\/tr>\n<tr>\n<td>N<\/td><td>&#8212;<\/td><td>0.11<\/td>\n<\/tr>\n<\/tbody>\n<\/table>\n<h2><b>MECHANISCHE EIGENSCHAFTEN Werkstoff 1.4438 AISI 317L UNS S31703<\/b><\/h2>\n<table class=\"responsive-table\">\n<tbody>\n<tr>\n<th>Material<\/th>\n<th>Liga<\/th>\n<th>Rm min (MPa)<\/th>\n<th>Rp 0,2 min (MPa)<\/th>\n<th>A% min<\/th>\n<th>Max. H\u00e4rte (HB)<\/th>\n<\/tr>\n<tr>\n<td>AISI 317L UNS S31703<\/td>\n<td>1.4438<\/td>\n<td>500 &#8211; 700<\/td>\n<td>200<\/td>\n<td>40-30<\/td>\n<td>&lt;  215<\/td>\n<\/tr>\n<\/tbody>\n<\/table>\n<h2><b>PHYSIKALISCHE EIGENSCHAFTEN Werkstoff 1.4438 AISI 317L UNS S31703<\/b><\/h2>\n<ul>\n \t<li>Spezifisches Gewicht bei 20\u00b0C: 798 kg\/dm3<\/li>\n \t<li>Elastizit\u00e4tsmodul bei 20\u00b0C: 200.000 N\/mm\u00b2<\/li>\n \t<li>W\u00e4rmeleitf\u00e4higkeit bei 20\u00b0C: 14,0 W\/m.K<\/li>\n \t<li>Nicht-magnetisch<\/li>\n<\/ul>\n<h2><b>KORRESPONDENZEN UND SPEZIFIKATIONEN Werkstoff 1.4438 AISI 317L UNS S31703<\/b><\/h2>\n<ul>\n \t<li>EN 10088\/3: X2CrNiMo18-15-4<\/li>\n \t<li>W: 1.4438<\/li>\n \t<li>AISI: 317L<\/li>\n \t<li>UNS: S31703<\/li>\n \t<li>ASTM: A182 A479 A276<\/li>\n<\/ul>\n\t\t<div data-elementor-type=\"section\" data-elementor-id=\"2152\" class=\"elementor elementor-2152\" data-elementor-post-type=\"elementor_library\">\n\t\t\t<div class=\"elementor-element elementor-element-1a5312d e-flex e-con-boxed e-con e-parent\" data-id=\"1a5312d\" data-element_type=\"container\" data-e-type=\"container\">\n\t\t\t\t\t<div class=\"e-con-inner\">\n\t\t\t\t<div class=\"elementor-element elementor-element-703a4b7 elementor-widget elementor-widget-spacer\" data-id=\"703a4b7\" data-element_type=\"widget\" data-e-type=\"widget\" data-widget_type=\"spacer.default\">\n\t\t\t\t<div class=\"elementor-widget-container\">\n\t\t\t\t\t\t\t<div class=\"elementor-spacer\">\n\t\t\t<div class=\"elementor-spacer-inner\"><\/div>\n\t\t<\/div>\n\t\t\t\t\t\t<\/div>\n\t\t\t\t<\/div>\n\t\t\t\t\t<\/div>\n\t\t\t\t<\/div>\n\t\t\t\t<\/div>\n\t\t\t\t\t\t\t\t\t\t<\/div>\n\t\t\t\t<\/div>\n\t\t\t\t\t<\/div>\n\t\t\t\t<\/div>\n\t\t\t\t<\/div>\n\t\t","protected":false},"excerpt":{"rendered":"<p>Werkstoff 1.4438 AISI 317L UNS S31703 Das Hauptmerkmal des austenitischen rostfreien Werkstoffs AISI 317L UNS S31703 ist der hohe Anteil an Molybd\u00e4n in seiner chemischen Zusammensetzung; dies sorgt f\u00fcr eine gr\u00f6\u00dfere Widerstandsf\u00e4higkeit gegen chemische Angriffe als bei der austenitischen Chrom-Nickel-Molybd\u00e4n-Stahlsorte AISI 316L. Diese Sorte enth\u00e4lt etwa 1% mehr Chrom, Nickel und Molybd\u00e4n als der austenitische [&hellip;]<\/p>\n","protected":false},"author":1,"featured_media":0,"parent":4508,"menu_order":0,"comment_status":"closed","ping_status":"closed","template":"","meta":{"footnotes":""},"class_list":["post-5699","page","type-page","status-publish","hentry"],"yoast_head":"<!-- This site is optimized with the Yoast SEO plugin v27.4 - https:\/\/yoast.com\/product\/yoast-seo-wordpress\/ -->\n<title>Austenitischer rostfreier Stahl Werkstoff 1.4438 AISI 317L UNS S31703 - M.F. INOX<\/title>\n<meta name=\"robots\" content=\"index, follow, max-snippet:-1, max-image-preview:large, max-video-preview:-1\" \/>\n<link rel=\"canonical\" href=\"https:\/\/mfinox.com\/de\/materialien\/austenitischer-rostfreier-stahl-werkstoff-1-4438-aisi-317l-uns-s31703\/\" \/>\n<meta property=\"og:locale\" content=\"de_DE\" \/>\n<meta property=\"og:type\" content=\"article\" \/>\n<meta property=\"og:title\" content=\"Austenitischer rostfreier Stahl Werkstoff 1.4438 AISI 317L UNS S31703 - M.F. INOX\" \/>\n<meta property=\"og:description\" content=\"Werkstoff 1.4438 AISI 317L UNS S31703 Das Hauptmerkmal des austenitischen rostfreien Werkstoffs AISI 317L UNS S31703 ist der hohe Anteil an Molybd\u00e4n in seiner chemischen Zusammensetzung; dies sorgt f\u00fcr eine gr\u00f6\u00dfere Widerstandsf\u00e4higkeit gegen chemische Angriffe als bei der austenitischen Chrom-Nickel-Molybd\u00e4n-Stahlsorte AISI 316L. Diese Sorte enth\u00e4lt etwa 1% mehr Chrom, Nickel und Molybd\u00e4n als der austenitische [&hellip;]\" \/>\n<meta property=\"og:url\" content=\"https:\/\/mfinox.com\/de\/materialien\/austenitischer-rostfreier-stahl-werkstoff-1-4438-aisi-317l-uns-s31703\/\" \/>\n<meta property=\"og:site_name\" content=\"M.F. INOX\" \/>\n<meta property=\"article:modified_time\" content=\"2024-09-05T10:43:44+00:00\" \/>\n<meta name=\"twitter:card\" content=\"summary_large_image\" \/>\n<meta name=\"twitter:label1\" content=\"Gesch\u00e4tzte Lesezeit\" \/>\n\t<meta name=\"twitter:data1\" content=\"1\u00a0Minute\" \/>\n<script type=\"application\/ld+json\" class=\"yoast-schema-graph\">{\"@context\":\"https:\\\/\\\/schema.org\",\"@graph\":[{\"@type\":\"WebPage\",\"@id\":\"https:\\\/\\\/mfinox.com\\\/de\\\/materialien\\\/austenitischer-rostfreier-stahl-werkstoff-1-4438-aisi-317l-uns-s31703\\\/\",\"url\":\"https:\\\/\\\/mfinox.com\\\/de\\\/materialien\\\/austenitischer-rostfreier-stahl-werkstoff-1-4438-aisi-317l-uns-s31703\\\/\",\"name\":\"Austenitischer rostfreier Stahl Werkstoff 1.4438 AISI 317L UNS S31703 - M.F. INOX\",\"isPartOf\":{\"@id\":\"https:\\\/\\\/mfinox.com\\\/de\\\/#website\"},\"datePublished\":\"2024-06-18T16:54:20+00:00\",\"dateModified\":\"2024-09-05T10:43:44+00:00\",\"breadcrumb\":{\"@id\":\"https:\\\/\\\/mfinox.com\\\/de\\\/materialien\\\/austenitischer-rostfreier-stahl-werkstoff-1-4438-aisi-317l-uns-s31703\\\/#breadcrumb\"},\"inLanguage\":\"de\",\"potentialAction\":[{\"@type\":\"ReadAction\",\"target\":[\"https:\\\/\\\/mfinox.com\\\/de\\\/materialien\\\/austenitischer-rostfreier-stahl-werkstoff-1-4438-aisi-317l-uns-s31703\\\/\"]}]},{\"@type\":\"BreadcrumbList\",\"@id\":\"https:\\\/\\\/mfinox.com\\\/de\\\/materialien\\\/austenitischer-rostfreier-stahl-werkstoff-1-4438-aisi-317l-uns-s31703\\\/#breadcrumb\",\"itemListElement\":[{\"@type\":\"ListItem\",\"position\":1,\"name\":\"Home\",\"item\":\"https:\\\/\\\/mfinox.com\\\/de\\\/\"},{\"@type\":\"ListItem\",\"position\":2,\"name\":\"Materialien\",\"item\":\"https:\\\/\\\/mfinox.com\\\/de\\\/materialien\\\/\"},{\"@type\":\"ListItem\",\"position\":3,\"name\":\"Austenitischer rostfreier Stahl Werkstoff 1.4438 AISI 317L UNS S31703\"}]},{\"@type\":\"WebSite\",\"@id\":\"https:\\\/\\\/mfinox.com\\\/de\\\/#website\",\"url\":\"https:\\\/\\\/mfinox.com\\\/de\\\/\",\"name\":\"M.F. INOX\",\"description\":\"\",\"publisher\":{\"@id\":\"https:\\\/\\\/mfinox.com\\\/de\\\/#organization\"},\"potentialAction\":[{\"@type\":\"SearchAction\",\"target\":{\"@type\":\"EntryPoint\",\"urlTemplate\":\"https:\\\/\\\/mfinox.com\\\/de\\\/?s={search_term_string}\"},\"query-input\":{\"@type\":\"PropertyValueSpecification\",\"valueRequired\":true,\"valueName\":\"search_term_string\"}}],\"inLanguage\":\"de\"},{\"@type\":\"Organization\",\"@id\":\"https:\\\/\\\/mfinox.com\\\/de\\\/#organization\",\"name\":\"M.F. INOX\",\"url\":\"https:\\\/\\\/mfinox.com\\\/de\\\/\",\"logo\":{\"@type\":\"ImageObject\",\"inLanguage\":\"de\",\"@id\":\"https:\\\/\\\/mfinox.com\\\/de\\\/#\\\/schema\\\/logo\\\/image\\\/\",\"url\":\"https:\\\/\\\/mfinox.com\\\/wp-content\\\/uploads\\\/2024\\\/05\\\/mf-inox_logo_neg.png\",\"contentUrl\":\"https:\\\/\\\/mfinox.com\\\/wp-content\\\/uploads\\\/2024\\\/05\\\/mf-inox_logo_neg.png\",\"width\":1949,\"height\":662,\"caption\":\"M.F. INOX\"},\"image\":{\"@id\":\"https:\\\/\\\/mfinox.com\\\/de\\\/#\\\/schema\\\/logo\\\/image\\\/\"}}]}<\/script>\n<!-- \/ Yoast SEO plugin. -->","yoast_head_json":{"title":"Austenitischer rostfreier Stahl Werkstoff 1.4438 AISI 317L UNS S31703 - M.F. INOX","robots":{"index":"index","follow":"follow","max-snippet":"max-snippet:-1","max-image-preview":"max-image-preview:large","max-video-preview":"max-video-preview:-1"},"canonical":"https:\/\/mfinox.com\/de\/materialien\/austenitischer-rostfreier-stahl-werkstoff-1-4438-aisi-317l-uns-s31703\/","og_locale":"de_DE","og_type":"article","og_title":"Austenitischer rostfreier Stahl Werkstoff 1.4438 AISI 317L UNS S31703 - M.F. INOX","og_description":"Werkstoff 1.4438 AISI 317L UNS S31703 Das Hauptmerkmal des austenitischen rostfreien Werkstoffs AISI 317L UNS S31703 ist der hohe Anteil an Molybd\u00e4n in seiner chemischen Zusammensetzung; dies sorgt f\u00fcr eine gr\u00f6\u00dfere Widerstandsf\u00e4higkeit gegen chemische Angriffe als bei der austenitischen Chrom-Nickel-Molybd\u00e4n-Stahlsorte AISI 316L. Diese Sorte enth\u00e4lt etwa 1% mehr Chrom, Nickel und Molybd\u00e4n als der austenitische [&hellip;]","og_url":"https:\/\/mfinox.com\/de\/materialien\/austenitischer-rostfreier-stahl-werkstoff-1-4438-aisi-317l-uns-s31703\/","og_site_name":"M.F. INOX","article_modified_time":"2024-09-05T10:43:44+00:00","twitter_card":"summary_large_image","twitter_misc":{"Gesch\u00e4tzte Lesezeit":"1\u00a0Minute"},"schema":{"@context":"https:\/\/schema.org","@graph":[{"@type":"WebPage","@id":"https:\/\/mfinox.com\/de\/materialien\/austenitischer-rostfreier-stahl-werkstoff-1-4438-aisi-317l-uns-s31703\/","url":"https:\/\/mfinox.com\/de\/materialien\/austenitischer-rostfreier-stahl-werkstoff-1-4438-aisi-317l-uns-s31703\/","name":"Austenitischer rostfreier Stahl Werkstoff 1.4438 AISI 317L UNS S31703 - M.F. INOX","isPartOf":{"@id":"https:\/\/mfinox.com\/de\/#website"},"datePublished":"2024-06-18T16:54:20+00:00","dateModified":"2024-09-05T10:43:44+00:00","breadcrumb":{"@id":"https:\/\/mfinox.com\/de\/materialien\/austenitischer-rostfreier-stahl-werkstoff-1-4438-aisi-317l-uns-s31703\/#breadcrumb"},"inLanguage":"de","potentialAction":[{"@type":"ReadAction","target":["https:\/\/mfinox.com\/de\/materialien\/austenitischer-rostfreier-stahl-werkstoff-1-4438-aisi-317l-uns-s31703\/"]}]},{"@type":"BreadcrumbList","@id":"https:\/\/mfinox.com\/de\/materialien\/austenitischer-rostfreier-stahl-werkstoff-1-4438-aisi-317l-uns-s31703\/#breadcrumb","itemListElement":[{"@type":"ListItem","position":1,"name":"Home","item":"https:\/\/mfinox.com\/de\/"},{"@type":"ListItem","position":2,"name":"Materialien","item":"https:\/\/mfinox.com\/de\/materialien\/"},{"@type":"ListItem","position":3,"name":"Austenitischer rostfreier Stahl Werkstoff 1.4438 AISI 317L UNS S31703"}]},{"@type":"WebSite","@id":"https:\/\/mfinox.com\/de\/#website","url":"https:\/\/mfinox.com\/de\/","name":"M.F. INOX","description":"","publisher":{"@id":"https:\/\/mfinox.com\/de\/#organization"},"potentialAction":[{"@type":"SearchAction","target":{"@type":"EntryPoint","urlTemplate":"https:\/\/mfinox.com\/de\/?s={search_term_string}"},"query-input":{"@type":"PropertyValueSpecification","valueRequired":true,"valueName":"search_term_string"}}],"inLanguage":"de"},{"@type":"Organization","@id":"https:\/\/mfinox.com\/de\/#organization","name":"M.F. INOX","url":"https:\/\/mfinox.com\/de\/","logo":{"@type":"ImageObject","inLanguage":"de","@id":"https:\/\/mfinox.com\/de\/#\/schema\/logo\/image\/","url":"https:\/\/mfinox.com\/wp-content\/uploads\/2024\/05\/mf-inox_logo_neg.png","contentUrl":"https:\/\/mfinox.com\/wp-content\/uploads\/2024\/05\/mf-inox_logo_neg.png","width":1949,"height":662,"caption":"M.F. INOX"},"image":{"@id":"https:\/\/mfinox.com\/de\/#\/schema\/logo\/image\/"}}]}},"_links":{"self":[{"href":"https:\/\/mfinox.com\/de\/wp-json\/wp\/v2\/pages\/5699","targetHints":{"allow":["GET"]}}],"collection":[{"href":"https:\/\/mfinox.com\/de\/wp-json\/wp\/v2\/pages"}],"about":[{"href":"https:\/\/mfinox.com\/de\/wp-json\/wp\/v2\/types\/page"}],"author":[{"embeddable":true,"href":"https:\/\/mfinox.com\/de\/wp-json\/wp\/v2\/users\/1"}],"replies":[{"embeddable":true,"href":"https:\/\/mfinox.com\/de\/wp-json\/wp\/v2\/comments?post=5699"}],"version-history":[{"count":0,"href":"https:\/\/mfinox.com\/de\/wp-json\/wp\/v2\/pages\/5699\/revisions"}],"up":[{"embeddable":true,"href":"https:\/\/mfinox.com\/de\/wp-json\/wp\/v2\/pages\/4508"}],"wp:attachment":[{"href":"https:\/\/mfinox.com\/de\/wp-json\/wp\/v2\/media?parent=5699"}],"curies":[{"name":"wp","href":"https:\/\/api.w.org\/{rel}","templated":true}]}}