{"id":4547,"date":"2024-06-04T11:10:06","date_gmt":"2024-06-04T11:10:06","guid":{"rendered":"https:\/\/mf.alexcappello.eu\/materialien\/a193-b6-werkstoff-1-4006-aisi-410-uns-s41000-x12cr13\/"},"modified":"2024-07-16T14:01:17","modified_gmt":"2024-07-16T14:01:17","slug":"a193-b6-werkstoff-1-4006-aisi-410-uns-s41000-x12cr13","status":"publish","type":"page","link":"https:\/\/mfinox.com\/de\/materialien\/a193-b6-werkstoff-1-4006-aisi-410-uns-s41000-x12cr13\/","title":{"rendered":"A193 B6 Werkstoff 1.4006 AISI 410 UNS S41000 X12Cr13"},"content":{"rendered":"\t\t<div data-elementor-type=\"wp-page\" data-elementor-id=\"4547\" class=\"elementor elementor-4547 elementor-1813\" data-elementor-post-type=\"page\">\n\t\t\t\t<div class=\"elementor-element elementor-element-40ff4f26 e-flex e-con-boxed e-con e-parent\" data-id=\"40ff4f26\" data-element_type=\"container\" data-e-type=\"container\" data-settings=\"{&quot;background_background&quot;:&quot;classic&quot;}\">\n\t\t\t\t\t<div class=\"e-con-inner\">\n\t\t\t\t<div class=\"elementor-element elementor-element-502013e8 titolo-materiali elementor-invisible elementor-widget elementor-widget-heading\" data-id=\"502013e8\" data-element_type=\"widget\" data-e-type=\"widget\" data-settings=\"{&quot;_animation&quot;:&quot;fadeIn&quot;}\" data-widget_type=\"heading.default\">\n\t\t\t\t<div class=\"elementor-widget-container\">\n\t\t\t\t\t<h1 class=\"elementor-heading-title elementor-size-default\">A193 B6 Werkstoff 1.4006 AISI 410 UNS S41000 X12Cr13<\/h1>\t\t\t\t<\/div>\n\t\t\t\t<\/div>\n\t\t\t\t<div class=\"elementor-element elementor-element-7a083d9f elementor-invisible elementor-widget elementor-widget-shortcode\" data-id=\"7a083d9f\" data-element_type=\"widget\" data-e-type=\"widget\" data-settings=\"{&quot;_animation&quot;:&quot;fadeIn&quot;}\" data-widget_type=\"shortcode.default\">\n\t\t\t\t<div class=\"elementor-widget-container\">\n\t\t\t\t\t\t\t<div class=\"elementor-shortcode\"><nav aria-label=\"breadcrumb\"><div class=\"breadcrumb\"><span class=\"breadcrumb-item\"><a href=\"https:\/\/mfinox.com\/de\/\" style=\"color: #F3912E;\">Home<\/a><\/span><\/div><\/nav><\/div>\n\t\t\t\t\t\t<\/div>\n\t\t\t\t<\/div>\n\t\t\t\t\t<\/div>\n\t\t\t\t<\/div>\n\t\t<div class=\"elementor-element elementor-element-2e33d983 e-flex e-con-boxed elementor-invisible e-con e-parent\" data-id=\"2e33d983\" data-element_type=\"container\" data-e-type=\"container\" data-settings=\"{&quot;animation&quot;:&quot;fadeInUp&quot;}\">\n\t\t\t\t\t<div class=\"e-con-inner\">\n\t\t\t\t<div class=\"elementor-element elementor-element-2a1fcc5a elementor-widget elementor-widget-text-editor\" data-id=\"2a1fcc5a\" data-element_type=\"widget\" data-e-type=\"widget\" data-widget_type=\"text-editor.default\">\n\t\t\t\t<div class=\"elementor-widget-container\">\n\t\t\t\t\t\t\t\t\tDer martensitische Edelstahl A193 B6 Werkstoff 1.4006 AISI 410 UNS S41000 X12Cr13 ist h\u00e4rtbar und hat eine gute Korrosionsbest\u00e4ndigkeit in m\u00e4\u00dfig korrosiven und chloridfreien Umgebungen wie organischen S\u00e4uren, Seifen und L\u00f6sungsmitteln. Dank dieser Eigenschaften ist es f\u00fcr Hochtemperaturanwendungen in Gegenwart von Wasser oder Dampf geeignet.\n<h2><b>CHEMISCHE ZUSAMMENSETZUNG Werkstoff 1.4006 AISI 410 UNS S41000 X12Cr13<\/b><\/h2>\n<table class=\"responsive-table\">\n<tbody>\n<tr>\n<th>Element<\/th>\n<th>Min<\/th>\n<th>Max<\/th>\n<\/tr>\n<tr>\n<td>C<\/td>\n<td>0.08<\/td>\n<td>0.15<\/td>\n<\/tr>\n<tr>\n<td>Ja max<\/td>\n<td><\/td>\n<td>1.0<\/td>\n<\/tr>\n<tr>\n<td>Mn max<\/td>\n<td><\/td>\n<td>1.5<\/td>\n<\/tr>\n<tr>\n<td>Cr<\/td>\n<td>11.5<\/td>\n<td>13.5<\/td>\n<\/tr>\n<tr>\n<td>S max<\/td>\n<td><\/td>\n<td>0.015<\/td>\n<\/tr>\n<tr>\n<td>P max<\/td>\n<td><\/td>\n<td>0.04<\/td>\n<\/tr>\n<tr>\n<td>Ni<\/td>\n<td><\/td>\n<td>0.75<\/td>\n<\/tr>\n<\/tbody>\n<\/table>\n<h2><b>MECHANISCHE EIGENSCHAFTEN Werkstoff 1.4006 AISI 420 UNS S42000 X12Cr13<\/b><\/h2>\n<table class=\"responsive-table\">\n<tbody>\n<tr>\n<th>Material<\/th>\n<th>Liga<\/th>\n<th>Rm min (MPa)<\/th>\n<th>Rp 0,2 min (MPa)<\/th>\n<th>A% min<\/th>\n<th>H\u00e4rte<\/th>\n<\/tr>\n<tr>\n<td>A193 B6 AISI 410 X12Cr13<\/td>\n<td>1.4006<\/td>\n<td>700 &#8211; 1000<\/td>\n<td>550<\/td>\n<td><\/td>\n<td>250 &#8211; 280 HB<\/td>\n<\/tr>\n<\/tbody>\n<\/table>\n<h2><b>PHYSIKALISCHE EIGENSCHAFTEN A193 B6 Werkstoff 1.4006 AISI 410 UNS S41000 X12Cr13:<\/b><\/h2>\n<ul>\n \t<li>Spezifisches Gewicht: <sup>Kg\/cm3<\/sup> 20\u00b0C &#8211; 77 <sup>Kg\/dm3<\/sup><\/li>\n \t<li>Elastizit\u00e4tsmodul: <sup>N\/mm2<\/sup> 20\u00b0C &#8211; 216.000<\/li>\n \t<li>W\u00e4rmeleitf\u00e4higkeit: W\/m.K. (20\u00b0C) &#8211; 25.0<\/li>\n \t<li>Magnetisch<\/li>\n<\/ul>\n<h2><b>KORRESPONDENZEN UND SPEZIFIKATIONEN A193 B6 Werkstoff 1.4006 AISI 410 UNS S41000 X12Cr13<\/b><\/h2>\n<ul>\n \t<li>EN 10088\/3: X12Cr13<\/li>\n \t<li>W: 1.4006<\/li>\n \t<li>JIS: SUS 410<\/li>\n \t<li>AISI: 410<\/li>\n \t<li>UNS: S41000<\/li>\n \t<li>ASTM: A193 A182 A276<\/li>\n<\/ul>\n\t\t<div data-elementor-type=\"section\" data-elementor-id=\"2152\" class=\"elementor elementor-2152\" data-elementor-post-type=\"elementor_library\">\n\t\t\t<div class=\"elementor-element elementor-element-1a5312d e-flex e-con-boxed e-con e-parent\" data-id=\"1a5312d\" data-element_type=\"container\" data-e-type=\"container\">\n\t\t\t\t\t<div class=\"e-con-inner\">\n\t\t\t\t<div class=\"elementor-element elementor-element-703a4b7 elementor-widget elementor-widget-spacer\" data-id=\"703a4b7\" data-element_type=\"widget\" data-e-type=\"widget\" data-widget_type=\"spacer.default\">\n\t\t\t\t<div class=\"elementor-widget-container\">\n\t\t\t\t\t\t\t<div class=\"elementor-spacer\">\n\t\t\t<div class=\"elementor-spacer-inner\"><\/div>\n\t\t<\/div>\n\t\t\t\t\t\t<\/div>\n\t\t\t\t<\/div>\n\t\t\t\t\t<\/div>\n\t\t\t\t<\/div>\n\t\t\t\t<\/div>\n\t\t\t\t\t\t\t\t\t\t<\/div>\n\t\t\t\t<\/div>\n\t\t\t\t\t<\/div>\n\t\t\t\t<\/div>\n\t\t\t\t<\/div>\n\t\t","protected":false},"excerpt":{"rendered":"<p>A193 B6 Werkstoff 1.4006 AISI 410 UNS S41000 X12Cr13 Der martensitische Edelstahl A193 B6 Werkstoff 1.4006 AISI 410 UNS S41000 X12Cr13 ist h\u00e4rtbar und hat eine gute Korrosionsbest\u00e4ndigkeit in m\u00e4\u00dfig korrosiven und chloridfreien Umgebungen wie organischen S\u00e4uren, Seifen und L\u00f6sungsmitteln. Dank dieser Eigenschaften ist es f\u00fcr Hochtemperaturanwendungen in Gegenwart von Wasser oder Dampf geeignet. CHEMISCHE [&hellip;]<\/p>\n","protected":false},"author":1,"featured_media":0,"parent":4508,"menu_order":0,"comment_status":"closed","ping_status":"closed","template":"","meta":{"footnotes":""},"class_list":["post-4547","page","type-page","status-publish","hentry"],"yoast_head":"<!-- This site is optimized with the Yoast SEO plugin v27.6 - https:\/\/yoast.com\/product\/yoast-seo-wordpress\/ -->\n<title>A193 B6 Werkstoff 1.4006 AISI 410 UNS S41000 X12Cr13 - M.F. INOX<\/title>\n<meta name=\"robots\" content=\"index, follow, max-snippet:-1, max-image-preview:large, max-video-preview:-1\" \/>\n<link rel=\"canonical\" href=\"https:\/\/mfinox.com\/de\/materialien\/a193-b6-werkstoff-1-4006-aisi-410-uns-s41000-x12cr13\/\" \/>\n<meta property=\"og:locale\" content=\"de_DE\" \/>\n<meta property=\"og:type\" content=\"article\" \/>\n<meta property=\"og:title\" content=\"A193 B6 Werkstoff 1.4006 AISI 410 UNS S41000 X12Cr13 - M.F. INOX\" \/>\n<meta property=\"og:description\" content=\"A193 B6 Werkstoff 1.4006 AISI 410 UNS S41000 X12Cr13 Der martensitische Edelstahl A193 B6 Werkstoff 1.4006 AISI 410 UNS S41000 X12Cr13 ist h\u00e4rtbar und hat eine gute Korrosionsbest\u00e4ndigkeit in m\u00e4\u00dfig korrosiven und chloridfreien Umgebungen wie organischen S\u00e4uren, Seifen und L\u00f6sungsmitteln. Dank dieser Eigenschaften ist es f\u00fcr Hochtemperaturanwendungen in Gegenwart von Wasser oder Dampf geeignet. CHEMISCHE [&hellip;]\" \/>\n<meta property=\"og:url\" content=\"https:\/\/mfinox.com\/de\/materialien\/a193-b6-werkstoff-1-4006-aisi-410-uns-s41000-x12cr13\/\" \/>\n<meta property=\"og:site_name\" content=\"M.F. INOX\" \/>\n<meta property=\"article:modified_time\" content=\"2024-07-16T14:01:17+00:00\" \/>\n<meta name=\"twitter:card\" content=\"summary_large_image\" \/>\n<meta name=\"twitter:label1\" content=\"Gesch\u00e4tzte Lesezeit\" \/>\n\t<meta name=\"twitter:data1\" content=\"1\u00a0Minute\" \/>\n<script type=\"application\/ld+json\" class=\"yoast-schema-graph\">{\"@context\":\"https:\\\/\\\/schema.org\",\"@graph\":[{\"@type\":\"WebPage\",\"@id\":\"https:\\\/\\\/mfinox.com\\\/de\\\/materialien\\\/a193-b6-werkstoff-1-4006-aisi-410-uns-s41000-x12cr13\\\/\",\"url\":\"https:\\\/\\\/mfinox.com\\\/de\\\/materialien\\\/a193-b6-werkstoff-1-4006-aisi-410-uns-s41000-x12cr13\\\/\",\"name\":\"A193 B6 Werkstoff 1.4006 AISI 410 UNS S41000 X12Cr13 - M.F. INOX\",\"isPartOf\":{\"@id\":\"https:\\\/\\\/mfinox.com\\\/de\\\/#website\"},\"datePublished\":\"2024-06-04T11:10:06+00:00\",\"dateModified\":\"2024-07-16T14:01:17+00:00\",\"breadcrumb\":{\"@id\":\"https:\\\/\\\/mfinox.com\\\/de\\\/materialien\\\/a193-b6-werkstoff-1-4006-aisi-410-uns-s41000-x12cr13\\\/#breadcrumb\"},\"inLanguage\":\"de\",\"potentialAction\":[{\"@type\":\"ReadAction\",\"target\":[\"https:\\\/\\\/mfinox.com\\\/de\\\/materialien\\\/a193-b6-werkstoff-1-4006-aisi-410-uns-s41000-x12cr13\\\/\"]}]},{\"@type\":\"BreadcrumbList\",\"@id\":\"https:\\\/\\\/mfinox.com\\\/de\\\/materialien\\\/a193-b6-werkstoff-1-4006-aisi-410-uns-s41000-x12cr13\\\/#breadcrumb\",\"itemListElement\":[{\"@type\":\"ListItem\",\"position\":1,\"name\":\"Home\",\"item\":\"https:\\\/\\\/mfinox.com\\\/de\\\/\"},{\"@type\":\"ListItem\",\"position\":2,\"name\":\"Materialien\",\"item\":\"https:\\\/\\\/mfinox.com\\\/de\\\/materialien\\\/\"},{\"@type\":\"ListItem\",\"position\":3,\"name\":\"A193 B6 Werkstoff 1.4006 AISI 410 UNS S41000 X12Cr13\"}]},{\"@type\":\"WebSite\",\"@id\":\"https:\\\/\\\/mfinox.com\\\/de\\\/#website\",\"url\":\"https:\\\/\\\/mfinox.com\\\/de\\\/\",\"name\":\"M.F. INOX\",\"description\":\"\",\"publisher\":{\"@id\":\"https:\\\/\\\/mfinox.com\\\/de\\\/#organization\"},\"potentialAction\":[{\"@type\":\"SearchAction\",\"target\":{\"@type\":\"EntryPoint\",\"urlTemplate\":\"https:\\\/\\\/mfinox.com\\\/de\\\/?s={search_term_string}\"},\"query-input\":{\"@type\":\"PropertyValueSpecification\",\"valueRequired\":true,\"valueName\":\"search_term_string\"}}],\"inLanguage\":\"de\"},{\"@type\":\"Organization\",\"@id\":\"https:\\\/\\\/mfinox.com\\\/de\\\/#organization\",\"name\":\"M.F. INOX\",\"url\":\"https:\\\/\\\/mfinox.com\\\/de\\\/\",\"logo\":{\"@type\":\"ImageObject\",\"inLanguage\":\"de\",\"@id\":\"https:\\\/\\\/mfinox.com\\\/de\\\/#\\\/schema\\\/logo\\\/image\\\/\",\"url\":\"https:\\\/\\\/mfinox.com\\\/wp-content\\\/uploads\\\/2024\\\/05\\\/mf-inox_logo_neg.png\",\"contentUrl\":\"https:\\\/\\\/mfinox.com\\\/wp-content\\\/uploads\\\/2024\\\/05\\\/mf-inox_logo_neg.png\",\"width\":1949,\"height\":662,\"caption\":\"M.F. INOX\"},\"image\":{\"@id\":\"https:\\\/\\\/mfinox.com\\\/de\\\/#\\\/schema\\\/logo\\\/image\\\/\"}}]}<\/script>\n<!-- \/ Yoast SEO plugin. -->","yoast_head_json":{"title":"A193 B6 Werkstoff 1.4006 AISI 410 UNS S41000 X12Cr13 - M.F. INOX","robots":{"index":"index","follow":"follow","max-snippet":"max-snippet:-1","max-image-preview":"max-image-preview:large","max-video-preview":"max-video-preview:-1"},"canonical":"https:\/\/mfinox.com\/de\/materialien\/a193-b6-werkstoff-1-4006-aisi-410-uns-s41000-x12cr13\/","og_locale":"de_DE","og_type":"article","og_title":"A193 B6 Werkstoff 1.4006 AISI 410 UNS S41000 X12Cr13 - M.F. INOX","og_description":"A193 B6 Werkstoff 1.4006 AISI 410 UNS S41000 X12Cr13 Der martensitische Edelstahl A193 B6 Werkstoff 1.4006 AISI 410 UNS S41000 X12Cr13 ist h\u00e4rtbar und hat eine gute Korrosionsbest\u00e4ndigkeit in m\u00e4\u00dfig korrosiven und chloridfreien Umgebungen wie organischen S\u00e4uren, Seifen und L\u00f6sungsmitteln. Dank dieser Eigenschaften ist es f\u00fcr Hochtemperaturanwendungen in Gegenwart von Wasser oder Dampf geeignet. CHEMISCHE [&hellip;]","og_url":"https:\/\/mfinox.com\/de\/materialien\/a193-b6-werkstoff-1-4006-aisi-410-uns-s41000-x12cr13\/","og_site_name":"M.F. INOX","article_modified_time":"2024-07-16T14:01:17+00:00","twitter_card":"summary_large_image","twitter_misc":{"Gesch\u00e4tzte Lesezeit":"1\u00a0Minute"},"schema":{"@context":"https:\/\/schema.org","@graph":[{"@type":"WebPage","@id":"https:\/\/mfinox.com\/de\/materialien\/a193-b6-werkstoff-1-4006-aisi-410-uns-s41000-x12cr13\/","url":"https:\/\/mfinox.com\/de\/materialien\/a193-b6-werkstoff-1-4006-aisi-410-uns-s41000-x12cr13\/","name":"A193 B6 Werkstoff 1.4006 AISI 410 UNS S41000 X12Cr13 - M.F. INOX","isPartOf":{"@id":"https:\/\/mfinox.com\/de\/#website"},"datePublished":"2024-06-04T11:10:06+00:00","dateModified":"2024-07-16T14:01:17+00:00","breadcrumb":{"@id":"https:\/\/mfinox.com\/de\/materialien\/a193-b6-werkstoff-1-4006-aisi-410-uns-s41000-x12cr13\/#breadcrumb"},"inLanguage":"de","potentialAction":[{"@type":"ReadAction","target":["https:\/\/mfinox.com\/de\/materialien\/a193-b6-werkstoff-1-4006-aisi-410-uns-s41000-x12cr13\/"]}]},{"@type":"BreadcrumbList","@id":"https:\/\/mfinox.com\/de\/materialien\/a193-b6-werkstoff-1-4006-aisi-410-uns-s41000-x12cr13\/#breadcrumb","itemListElement":[{"@type":"ListItem","position":1,"name":"Home","item":"https:\/\/mfinox.com\/de\/"},{"@type":"ListItem","position":2,"name":"Materialien","item":"https:\/\/mfinox.com\/de\/materialien\/"},{"@type":"ListItem","position":3,"name":"A193 B6 Werkstoff 1.4006 AISI 410 UNS S41000 X12Cr13"}]},{"@type":"WebSite","@id":"https:\/\/mfinox.com\/de\/#website","url":"https:\/\/mfinox.com\/de\/","name":"M.F. INOX","description":"","publisher":{"@id":"https:\/\/mfinox.com\/de\/#organization"},"potentialAction":[{"@type":"SearchAction","target":{"@type":"EntryPoint","urlTemplate":"https:\/\/mfinox.com\/de\/?s={search_term_string}"},"query-input":{"@type":"PropertyValueSpecification","valueRequired":true,"valueName":"search_term_string"}}],"inLanguage":"de"},{"@type":"Organization","@id":"https:\/\/mfinox.com\/de\/#organization","name":"M.F. INOX","url":"https:\/\/mfinox.com\/de\/","logo":{"@type":"ImageObject","inLanguage":"de","@id":"https:\/\/mfinox.com\/de\/#\/schema\/logo\/image\/","url":"https:\/\/mfinox.com\/wp-content\/uploads\/2024\/05\/mf-inox_logo_neg.png","contentUrl":"https:\/\/mfinox.com\/wp-content\/uploads\/2024\/05\/mf-inox_logo_neg.png","width":1949,"height":662,"caption":"M.F. INOX"},"image":{"@id":"https:\/\/mfinox.com\/de\/#\/schema\/logo\/image\/"}}]}},"_links":{"self":[{"href":"https:\/\/mfinox.com\/de\/wp-json\/wp\/v2\/pages\/4547","targetHints":{"allow":["GET"]}}],"collection":[{"href":"https:\/\/mfinox.com\/de\/wp-json\/wp\/v2\/pages"}],"about":[{"href":"https:\/\/mfinox.com\/de\/wp-json\/wp\/v2\/types\/page"}],"author":[{"embeddable":true,"href":"https:\/\/mfinox.com\/de\/wp-json\/wp\/v2\/users\/1"}],"replies":[{"embeddable":true,"href":"https:\/\/mfinox.com\/de\/wp-json\/wp\/v2\/comments?post=4547"}],"version-history":[{"count":0,"href":"https:\/\/mfinox.com\/de\/wp-json\/wp\/v2\/pages\/4547\/revisions"}],"up":[{"embeddable":true,"href":"https:\/\/mfinox.com\/de\/wp-json\/wp\/v2\/pages\/4508"}],"wp:attachment":[{"href":"https:\/\/mfinox.com\/de\/wp-json\/wp\/v2\/media?parent=4547"}],"curies":[{"name":"wp","href":"https:\/\/api.w.org\/{rel}","templated":true}]}}