{"id":4539,"date":"2024-05-21T15:08:24","date_gmt":"2024-05-21T13:08:24","guid":{"rendered":"https:\/\/mf.alexcappello.eu\/materialien\/a182-f44-254-smo-w-1-4547\/"},"modified":"2025-08-28T10:27:24","modified_gmt":"2025-08-28T08:27:24","slug":"a182-f44-254-smo-w-1-4547","status":"publish","type":"page","link":"https:\/\/mfinox.com\/de\/materialien\/a182-f44-254-smo-w-1-4547\/","title":{"rendered":"A182 F44 254 SMO\u00ae W. 1.4547"},"content":{"rendered":"\t\t<div data-elementor-type=\"wp-page\" data-elementor-id=\"4539\" class=\"elementor elementor-4539 elementor-754\" data-elementor-post-type=\"page\">\n\t\t\t\t<div class=\"elementor-element elementor-element-2a2b644b e-flex e-con-boxed e-con e-parent\" data-id=\"2a2b644b\" data-element_type=\"container\" data-e-type=\"container\" data-settings=\"{&quot;background_background&quot;:&quot;classic&quot;}\">\n\t\t\t\t\t<div class=\"e-con-inner\">\n\t\t\t\t<div class=\"elementor-element elementor-element-6494b67e titolo-materiali elementor-invisible elementor-widget elementor-widget-heading\" data-id=\"6494b67e\" data-element_type=\"widget\" data-e-type=\"widget\" data-settings=\"{&quot;_animation&quot;:&quot;fadeIn&quot;}\" data-widget_type=\"heading.default\">\n\t\t\t\t<div class=\"elementor-widget-container\">\n\t\t\t\t\t<h1 class=\"elementor-heading-title elementor-size-default\">A182 F44 254 SMO\u00ae W. 1.4547\n<\/h1>\t\t\t\t<\/div>\n\t\t\t\t<\/div>\n\t\t\t\t<div class=\"elementor-element elementor-element-3f76c8f1 elementor-invisible elementor-widget elementor-widget-shortcode\" data-id=\"3f76c8f1\" data-element_type=\"widget\" data-e-type=\"widget\" data-settings=\"{&quot;_animation&quot;:&quot;fadeIn&quot;}\" data-widget_type=\"shortcode.default\">\n\t\t\t\t<div class=\"elementor-widget-container\">\n\t\t\t\t\t\t\t<div class=\"elementor-shortcode\"><nav aria-label=\"breadcrumb\"><div class=\"breadcrumb\"><span class=\"breadcrumb-item\"><a href=\"https:\/\/mfinox.com\/de\/\" style=\"color: #F3912E;\">Home<\/a><\/span><\/div><\/nav><\/div>\n\t\t\t\t\t\t<\/div>\n\t\t\t\t<\/div>\n\t\t\t\t\t<\/div>\n\t\t\t\t<\/div>\n\t\t<div class=\"elementor-element elementor-element-59c78317 e-flex e-con-boxed elementor-invisible e-con e-parent\" data-id=\"59c78317\" data-element_type=\"container\" data-e-type=\"container\" data-settings=\"{&quot;animation&quot;:&quot;fadeInUp&quot;}\">\n\t\t\t\t\t<div class=\"e-con-inner\">\n\t\t\t\t<div class=\"elementor-element elementor-element-6f7d05dd elementor-widget elementor-widget-text-editor\" data-id=\"6f7d05dd\" data-element_type=\"widget\" data-e-type=\"widget\" data-widget_type=\"text-editor.default\">\n\t\t\t\t<div class=\"elementor-widget-container\">\n\t\t\t\t\t\t\t\t\t<p>Der superustenitische rostfreie Stahl A182 F44 254 SMO\u00ae W 1.4547 eignet sich hervorragend f\u00fcr den Einsatz unter Wasser in der Marine und in anderen aggressiven, chloridhaltigen Umgebungen. A182 F44 &#8211; 254 SMO\u00ae W 1.4547 ist ein mit 6% Molybd\u00e4n und Stickstoff legierter austenitischer rostfreier Stahl mit sehr hoher Best\u00e4ndigkeit gegen gleichm\u00e4\u00dfige und \u00f6rtliche Korrosion. Dieses Produkt wurde speziell f\u00fcr Offshore-\u00d6l- und -Gasplattformen und die Zellstoff- und Papierindustrie entwickelt und f\u00fcr folgende Anwendungen: Best\u00e4ndigkeit gegen chlorierte Meerwasserkomponenten, Reinigung von Schiffsabgasen, Bleichanlagen in der Zellstoff- und Papierindustrie, Flansche und Ventile, Befestigungselemente. &gt;Die Korrosionsbest\u00e4ndigkeit von A182 F44 &#8211; 254 SMO\u00ae ist optimal im gel\u00f6sten Zustand und mit hohen Korrosionsbest\u00e4ndigkeitsindexwerten (Pitting Resistance Equivalent Number &#8211; PREN = %Cr + 33-%Mo + 16-%N); PREN 425.<\/p><h2><b>CHEMISCHE ZUSAMMENSETZUNG A182 F44 254 SMO\u00ae W 1.4547<\/b><\/h2><table class=\"responsive-table\"><thead><tr><th>Element<\/th><th>Min<\/th><th>Max<\/th><\/tr><\/thead><tbody><tr><td data-label=\"Elemento\">C<\/td><td data-label=\"Min\">\u00a0<\/td><td data-label=\"Max\">0.02<\/td><\/tr><tr><td data-label=\"Elemento\">S<\/td><td data-label=\"Min\">\u00a0<\/td><td data-label=\"Max\">0.01<\/td><\/tr><tr><td data-label=\"Elemento\">P<\/td><td data-label=\"Min\">\u00a0<\/td><td data-label=\"Max\">0.03<\/td><\/tr><tr><td data-label=\"Elemento\">Ja<\/td><td data-label=\"Min\">\u00a0<\/td><td data-label=\"Max\">0.7<\/td><\/tr><tr><td data-label=\"Elemento\">Mn<\/td><td data-label=\"Min\">\u00a0<\/td><td data-label=\"Max\">1.0<\/td><\/tr><tr><td data-label=\"Elemento\">Cr<\/td><td data-label=\"Min\">19.5<\/td><td data-label=\"Max\">20.5<\/td><\/tr><tr><td data-label=\"Elemento\">Ni<\/td><td data-label=\"Min\">17.5<\/td><td data-label=\"Max\">18.5<\/td><\/tr><tr><td data-label=\"Elemento\">Mo<\/td><td data-label=\"Min\">6.0<\/td><td data-label=\"Max\">7.0<\/td><\/tr><tr><td data-label=\"Elemento\">Cu<\/td><td data-label=\"Min\">0.5<\/td><td data-label=\"Max\">1.0<\/td><\/tr><tr><td data-label=\"Elemento\">N<\/td><td data-label=\"Min\">0.18<\/td><td data-label=\"Max\">0.25<\/td><\/tr><\/tbody><\/table><h2><b>MECHANISCHE EIGENSCHAFTEN A182 F44 254 SMO\u00ae W 1.4547<\/b><\/h2><table class=\"responsive-table\"><thead><tr><th>Material<\/th><th>Liga<\/th><th>Rm Min (MPa)<\/th><th>Rp 0,2 Min (MPa)<\/th><th>A% min<\/th><th>Max. H\u00e4rte<\/th><\/tr><\/thead><tbody><tr><td data-label=\"Materiale\">A182 F44 254 SMO\u00ae<\/td><td data-label=\"Lega\">1.4547<\/td><td data-label=\"Rm Min (MPa)\">650<\/td><td data-label=\"Rp 0.2 Min (MPa)\">300<\/td><td data-label=\"A% min\">35<\/td><td data-label=\"Durezza max\">270<\/td><\/tr><\/tbody><\/table><h2><b>PHYSIKALISCHE EIGENSCHAFTEN A182 F44 254 SMO\u00ae W 1.4547<\/b><\/h2><ul><li><strong>Sch\u00fcttdichte<\/strong>: bei 20\u00b0C 7,8 g\/cm\u00b3<\/li><li><strong>Elastizit\u00e4tsmodul<\/strong>: bei 20\u00b0C 195.000 N\/mm\u00b2<\/li><li><strong>W\u00e4rmeleitf\u00e4higkeit<\/strong>: W\/m.K. (20\u00b0C) &#8211; 14<\/li><li><strong>Spezifische W\u00e4rme<\/strong>: J\/g.K. (20\u00b0C) &#8211; 500<\/li><li><strong>Lineare Ausdehnungskoeffizienten<\/strong>: 20\u00b0 &#8211; 200\u00b0C &#8211; 16,0, 20\u00b0 &#8211; 400\u00b0C &#8211; 17,0<\/li><li><strong>Elektrischer Widerstand<\/strong>: \u03a9 mm\u00b2\/m 20\u00b0C &#8211; 0.85<\/li><\/ul><h2><b>KORRESPONDENZ A182 F44 254 SMO\u00ae W 1.4547<\/b><\/h2><ul><li>W.: 1.4547<\/li><li>UNS: UNS S31254<\/li><li>AISI: F44 A182<\/li><li>MARKE: 254 SMO\u00ae<\/li><\/ul>\t\t<div data-elementor-type=\"section\" data-elementor-id=\"2152\" class=\"elementor elementor-2152\" data-elementor-post-type=\"elementor_library\">\n\t\t\t<div class=\"elementor-element elementor-element-1a5312d e-flex e-con-boxed e-con e-parent\" data-id=\"1a5312d\" data-element_type=\"container\" data-e-type=\"container\">\n\t\t\t\t\t<div class=\"e-con-inner\">\n\t\t\t\t<div class=\"elementor-element elementor-element-703a4b7 elementor-widget elementor-widget-spacer\" data-id=\"703a4b7\" data-element_type=\"widget\" data-e-type=\"widget\" data-widget_type=\"spacer.default\">\n\t\t\t\t<div class=\"elementor-widget-container\">\n\t\t\t\t\t\t\t<div class=\"elementor-spacer\">\n\t\t\t<div class=\"elementor-spacer-inner\"><\/div>\n\t\t<\/div>\n\t\t\t\t\t\t<\/div>\n\t\t\t\t<\/div>\n\t\t\t\t\t<\/div>\n\t\t\t\t<\/div>\n\t\t\t\t<\/div>\n\t\t\t\t\t\t\t\t\t\t<\/div>\n\t\t\t\t<\/div>\n\t\t\t\t\t<\/div>\n\t\t\t\t<\/div>\n\t\t\t\t<\/div>\n\t\t","protected":false},"excerpt":{"rendered":"<p>A182 F44 254 SMO\u00ae W. 1.4547 Der superustenitische rostfreie Stahl A182 F44 254 SMO\u00ae W 1.4547 eignet sich hervorragend f\u00fcr den Einsatz unter Wasser in der Marine und in anderen aggressiven, chloridhaltigen Umgebungen. A182 F44 &#8211; 254 SMO\u00ae W 1.4547 ist ein mit 6% Molybd\u00e4n und Stickstoff legierter austenitischer rostfreier Stahl mit sehr hoher Best\u00e4ndigkeit [&hellip;]<\/p>\n","protected":false},"author":1,"featured_media":0,"parent":4508,"menu_order":0,"comment_status":"closed","ping_status":"closed","template":"","meta":{"footnotes":""},"class_list":["post-4539","page","type-page","status-publish","hentry"],"yoast_head":"<!-- This site is optimized with the Yoast SEO plugin v27.6 - https:\/\/yoast.com\/product\/yoast-seo-wordpress\/ -->\n<title>A182 F44 254 SMO\u00ae W. 1.4547 - M.F. INOX<\/title>\n<meta name=\"robots\" content=\"index, follow, max-snippet:-1, max-image-preview:large, max-video-preview:-1\" \/>\n<link rel=\"canonical\" href=\"https:\/\/mfinox.com\/de\/materialien\/a182-f44-254-smo-w-1-4547\/\" \/>\n<meta property=\"og:locale\" content=\"de_DE\" \/>\n<meta property=\"og:type\" content=\"article\" \/>\n<meta property=\"og:title\" content=\"A182 F44 254 SMO\u00ae W. 1.4547 - M.F. INOX\" \/>\n<meta property=\"og:description\" content=\"A182 F44 254 SMO\u00ae W. 1.4547 Der superustenitische rostfreie Stahl A182 F44 254 SMO\u00ae W 1.4547 eignet sich hervorragend f\u00fcr den Einsatz unter Wasser in der Marine und in anderen aggressiven, chloridhaltigen Umgebungen. A182 F44 &#8211; 254 SMO\u00ae W 1.4547 ist ein mit 6% Molybd\u00e4n und Stickstoff legierter austenitischer rostfreier Stahl mit sehr hoher Best\u00e4ndigkeit [&hellip;]\" \/>\n<meta property=\"og:url\" content=\"https:\/\/mfinox.com\/de\/materialien\/a182-f44-254-smo-w-1-4547\/\" \/>\n<meta property=\"og:site_name\" content=\"M.F. INOX\" \/>\n<meta property=\"article:modified_time\" content=\"2025-08-28T08:27:24+00:00\" \/>\n<meta name=\"twitter:card\" content=\"summary_large_image\" \/>\n<meta name=\"twitter:label1\" content=\"Gesch\u00e4tzte Lesezeit\" \/>\n\t<meta name=\"twitter:data1\" content=\"2\u00a0Minuten\" \/>\n<script type=\"application\/ld+json\" class=\"yoast-schema-graph\">{\"@context\":\"https:\\\/\\\/schema.org\",\"@graph\":[{\"@type\":\"WebPage\",\"@id\":\"https:\\\/\\\/mfinox.com\\\/de\\\/materialien\\\/a182-f44-254-smo-w-1-4547\\\/\",\"url\":\"https:\\\/\\\/mfinox.com\\\/de\\\/materialien\\\/a182-f44-254-smo-w-1-4547\\\/\",\"name\":\"A182 F44 254 SMO\u00ae W. 1.4547 - M.F. INOX\",\"isPartOf\":{\"@id\":\"https:\\\/\\\/mfinox.com\\\/de\\\/#website\"},\"datePublished\":\"2024-05-21T13:08:24+00:00\",\"dateModified\":\"2025-08-28T08:27:24+00:00\",\"breadcrumb\":{\"@id\":\"https:\\\/\\\/mfinox.com\\\/de\\\/materialien\\\/a182-f44-254-smo-w-1-4547\\\/#breadcrumb\"},\"inLanguage\":\"de\",\"potentialAction\":[{\"@type\":\"ReadAction\",\"target\":[\"https:\\\/\\\/mfinox.com\\\/de\\\/materialien\\\/a182-f44-254-smo-w-1-4547\\\/\"]}]},{\"@type\":\"BreadcrumbList\",\"@id\":\"https:\\\/\\\/mfinox.com\\\/de\\\/materialien\\\/a182-f44-254-smo-w-1-4547\\\/#breadcrumb\",\"itemListElement\":[{\"@type\":\"ListItem\",\"position\":1,\"name\":\"Home\",\"item\":\"https:\\\/\\\/mfinox.com\\\/de\\\/\"},{\"@type\":\"ListItem\",\"position\":2,\"name\":\"Materialien\",\"item\":\"https:\\\/\\\/mfinox.com\\\/de\\\/materialien\\\/\"},{\"@type\":\"ListItem\",\"position\":3,\"name\":\"A182 F44 254 SMO\u00ae W. 1.4547\"}]},{\"@type\":\"WebSite\",\"@id\":\"https:\\\/\\\/mfinox.com\\\/de\\\/#website\",\"url\":\"https:\\\/\\\/mfinox.com\\\/de\\\/\",\"name\":\"M.F. INOX\",\"description\":\"\",\"publisher\":{\"@id\":\"https:\\\/\\\/mfinox.com\\\/de\\\/#organization\"},\"potentialAction\":[{\"@type\":\"SearchAction\",\"target\":{\"@type\":\"EntryPoint\",\"urlTemplate\":\"https:\\\/\\\/mfinox.com\\\/de\\\/?s={search_term_string}\"},\"query-input\":{\"@type\":\"PropertyValueSpecification\",\"valueRequired\":true,\"valueName\":\"search_term_string\"}}],\"inLanguage\":\"de\"},{\"@type\":\"Organization\",\"@id\":\"https:\\\/\\\/mfinox.com\\\/de\\\/#organization\",\"name\":\"M.F. INOX\",\"url\":\"https:\\\/\\\/mfinox.com\\\/de\\\/\",\"logo\":{\"@type\":\"ImageObject\",\"inLanguage\":\"de\",\"@id\":\"https:\\\/\\\/mfinox.com\\\/de\\\/#\\\/schema\\\/logo\\\/image\\\/\",\"url\":\"https:\\\/\\\/mfinox.com\\\/wp-content\\\/uploads\\\/2024\\\/05\\\/mf-inox_logo_neg.png\",\"contentUrl\":\"https:\\\/\\\/mfinox.com\\\/wp-content\\\/uploads\\\/2024\\\/05\\\/mf-inox_logo_neg.png\",\"width\":1949,\"height\":662,\"caption\":\"M.F. INOX\"},\"image\":{\"@id\":\"https:\\\/\\\/mfinox.com\\\/de\\\/#\\\/schema\\\/logo\\\/image\\\/\"}}]}<\/script>\n<!-- \/ Yoast SEO plugin. -->","yoast_head_json":{"title":"A182 F44 254 SMO\u00ae W. 1.4547 - M.F. INOX","robots":{"index":"index","follow":"follow","max-snippet":"max-snippet:-1","max-image-preview":"max-image-preview:large","max-video-preview":"max-video-preview:-1"},"canonical":"https:\/\/mfinox.com\/de\/materialien\/a182-f44-254-smo-w-1-4547\/","og_locale":"de_DE","og_type":"article","og_title":"A182 F44 254 SMO\u00ae W. 1.4547 - M.F. INOX","og_description":"A182 F44 254 SMO\u00ae W. 1.4547 Der superustenitische rostfreie Stahl A182 F44 254 SMO\u00ae W 1.4547 eignet sich hervorragend f\u00fcr den Einsatz unter Wasser in der Marine und in anderen aggressiven, chloridhaltigen Umgebungen. A182 F44 &#8211; 254 SMO\u00ae W 1.4547 ist ein mit 6% Molybd\u00e4n und Stickstoff legierter austenitischer rostfreier Stahl mit sehr hoher Best\u00e4ndigkeit [&hellip;]","og_url":"https:\/\/mfinox.com\/de\/materialien\/a182-f44-254-smo-w-1-4547\/","og_site_name":"M.F. INOX","article_modified_time":"2025-08-28T08:27:24+00:00","twitter_card":"summary_large_image","twitter_misc":{"Gesch\u00e4tzte Lesezeit":"2\u00a0Minuten"},"schema":{"@context":"https:\/\/schema.org","@graph":[{"@type":"WebPage","@id":"https:\/\/mfinox.com\/de\/materialien\/a182-f44-254-smo-w-1-4547\/","url":"https:\/\/mfinox.com\/de\/materialien\/a182-f44-254-smo-w-1-4547\/","name":"A182 F44 254 SMO\u00ae W. 1.4547 - M.F. INOX","isPartOf":{"@id":"https:\/\/mfinox.com\/de\/#website"},"datePublished":"2024-05-21T13:08:24+00:00","dateModified":"2025-08-28T08:27:24+00:00","breadcrumb":{"@id":"https:\/\/mfinox.com\/de\/materialien\/a182-f44-254-smo-w-1-4547\/#breadcrumb"},"inLanguage":"de","potentialAction":[{"@type":"ReadAction","target":["https:\/\/mfinox.com\/de\/materialien\/a182-f44-254-smo-w-1-4547\/"]}]},{"@type":"BreadcrumbList","@id":"https:\/\/mfinox.com\/de\/materialien\/a182-f44-254-smo-w-1-4547\/#breadcrumb","itemListElement":[{"@type":"ListItem","position":1,"name":"Home","item":"https:\/\/mfinox.com\/de\/"},{"@type":"ListItem","position":2,"name":"Materialien","item":"https:\/\/mfinox.com\/de\/materialien\/"},{"@type":"ListItem","position":3,"name":"A182 F44 254 SMO\u00ae W. 1.4547"}]},{"@type":"WebSite","@id":"https:\/\/mfinox.com\/de\/#website","url":"https:\/\/mfinox.com\/de\/","name":"M.F. INOX","description":"","publisher":{"@id":"https:\/\/mfinox.com\/de\/#organization"},"potentialAction":[{"@type":"SearchAction","target":{"@type":"EntryPoint","urlTemplate":"https:\/\/mfinox.com\/de\/?s={search_term_string}"},"query-input":{"@type":"PropertyValueSpecification","valueRequired":true,"valueName":"search_term_string"}}],"inLanguage":"de"},{"@type":"Organization","@id":"https:\/\/mfinox.com\/de\/#organization","name":"M.F. INOX","url":"https:\/\/mfinox.com\/de\/","logo":{"@type":"ImageObject","inLanguage":"de","@id":"https:\/\/mfinox.com\/de\/#\/schema\/logo\/image\/","url":"https:\/\/mfinox.com\/wp-content\/uploads\/2024\/05\/mf-inox_logo_neg.png","contentUrl":"https:\/\/mfinox.com\/wp-content\/uploads\/2024\/05\/mf-inox_logo_neg.png","width":1949,"height":662,"caption":"M.F. INOX"},"image":{"@id":"https:\/\/mfinox.com\/de\/#\/schema\/logo\/image\/"}}]}},"_links":{"self":[{"href":"https:\/\/mfinox.com\/de\/wp-json\/wp\/v2\/pages\/4539","targetHints":{"allow":["GET"]}}],"collection":[{"href":"https:\/\/mfinox.com\/de\/wp-json\/wp\/v2\/pages"}],"about":[{"href":"https:\/\/mfinox.com\/de\/wp-json\/wp\/v2\/types\/page"}],"author":[{"embeddable":true,"href":"https:\/\/mfinox.com\/de\/wp-json\/wp\/v2\/users\/1"}],"replies":[{"embeddable":true,"href":"https:\/\/mfinox.com\/de\/wp-json\/wp\/v2\/comments?post=4539"}],"version-history":[{"count":0,"href":"https:\/\/mfinox.com\/de\/wp-json\/wp\/v2\/pages\/4539\/revisions"}],"up":[{"embeddable":true,"href":"https:\/\/mfinox.com\/de\/wp-json\/wp\/v2\/pages\/4508"}],"wp:attachment":[{"href":"https:\/\/mfinox.com\/de\/wp-json\/wp\/v2\/media?parent=4539"}],"curies":[{"name":"wp","href":"https:\/\/api.w.org\/{rel}","templated":true}]}}