{"id":4526,"date":"2024-05-21T15:03:28","date_gmt":"2024-05-21T15:03:28","guid":{"rendered":"https:\/\/mf.alexcappello.eu\/materialien\/1-4923-x22crmov12-1\/"},"modified":"2024-05-21T15:03:28","modified_gmt":"2024-05-21T15:03:28","slug":"1-4923-x22crmov12-1","status":"publish","type":"page","link":"https:\/\/mfinox.com\/de\/materialien\/1-4923-x22crmov12-1\/","title":{"rendered":"1.4923 X22CrMoV12-1"},"content":{"rendered":"<p>Der Stahl 1.4923 X22CrMoV12-1 ist ein hochfester Verg\u00fctungsstahl, der sich f\u00fcr Hochtemperaturanwendungen eignet und nicht korrosionsbest\u00e4ndig ist. Es f\u00e4llt in den Bereich der Materialien, die f\u00fcr die Herstellung von Verbindungselementen f\u00fcr Anwendungen von -200\u00b0 bis +700\u00b0C geeignet sind, wie in ISO 267-13 und ISO EN 10269 definiert. Der Stahl 1.4923 X22CrMoV12-1 wird insbesondere f\u00fcr Anwendungen bis maximal 500 \u00b0C verwendet, nat\u00fcrlich mit einem erheblichen Abfall der mechanischen Eigenschaften (bei 500 \u00b0C Rm = 335 MPa). Diese Legierung wird insbesondere f\u00fcr endotherme Motorenteile, Pumpen, Rohrleitungen und Ventile verwendet.<\/p>\n<p><b>CHEMISCHE ZUSAMMENSETZUNG 1.4923 X22CrMoV12-1:<\/b><\/p>\n<table class=\"responsive-table\">\n<tr>\n<th>Element<\/th>\n<th>Min<\/th>\n<th>Max<\/th>\n<\/tr>\n<tr>\n<td>C<\/td>\n<td>0.18<\/td>\n<td>0.24<\/td>\n<\/tr>\n<tr>\n<td>Ja<\/td>\n<td>0.40<\/td>\n<td>0.50<\/td>\n<\/tr>\n<tr>\n<td>Mn<\/td>\n<td>&#8212;<\/td>\n<td>0.90<\/td>\n<\/tr>\n<tr>\n<td>P<\/td>\n<td>&#8212;<\/td>\n<td>0.025<\/td>\n<\/tr>\n<tr>\n<td>S<\/td>\n<td>&#8212;<\/td>\n<td>0.015<\/td>\n<\/tr>\n<tr>\n<td>Cr<\/td>\n<td>1.10<\/td>\n<td>1.25<\/td>\n<\/tr>\n<tr>\n<td>Mo<\/td>\n<td>0.80<\/td>\n<td>1.20<\/td>\n<\/tr>\n<tr>\n<td>Ni<\/td>\n<td>0.30<\/td>\n<td>0.80<\/td>\n<\/tr>\n<tr>\n<td>V<\/td>\n<td>0.25<\/td>\n<td>0.35<\/td>\n<\/tr>\n<\/table>\n<p><b>MECHANISCHE EIGENSCHAFTEN 1.4923 X22CrMoV12-1:<\/b><\/p>\n<table class=\"responsive-table\">\n<tr>\n<th>Material<\/th>\n<th>Liga<\/th>\n<th>Rm (MPa)<\/th>\n<th>Rp 0,2 min (MPa)<\/th>\n<th>A% min<\/th>\n<th>Z% min<\/th>\n<th>H\u00e4rte<\/th>\n<th>Schlagpr\u00fcfung min (KV2) (J)<\/th>\n<\/tr>\n<tr>\n<td>1.4923 X22CrMoV12-1 + QT1<\/td>\n<td>1.4923<\/td>\n<td>800 &#8211; 950<\/td>\n<td>650<\/td>\n<td>14<\/td>\n<td>40<\/td>\n<td>22 &#8211; 29 HRC<\/td>\n<td>27J bei 20\u00b0C<\/td>\n<\/tr>\n<tr>\n<td>1.4923 X22CrMoV12-1 + QT2<\/td>\n<td>1.4923<\/td>\n<td>900 &#8211; 1050<\/td>\n<td>750<\/td>\n<td>11<\/td>\n<td>35<\/td>\n<td>26 &#8211; 33 HRC<\/td>\n<td>20J bei 20\u00b0C<\/td>\n<\/tr>\n<\/table>\n<p><b>PHYSIKALISCHE EIGENSCHAFTEN 1.4923 X22CrMoV12-1:<\/b><\/p>\n<ul>\n<li>Spezifisches Gewicht bei 20\u00b0C: 795 kg\/dm\u00b3<\/li>\n<li>Elastizit\u00e4tsmodul bei 20\u00b0C: 199.000 N\/mm\u00b2<\/li>\n<\/ul>\n<p><b>KORRESPONDENZEN UND SPEZIFIKATIONEN 1.4923 X22CrMoV12-1:<\/b><\/p>\n<ul>\n<li>W.: 1.4923<\/li>\n<li>DE: 10269<\/li>\n<li>ISO: 267-13<\/li>\n<li>DIN: 2510<\/li>\n<li>DIN EN ISO: 898<\/li>\n<li>ISO: 3506<\/li>\n<\/ul>\n<p>&nbsp;&nbsp;<\/p>\n","protected":false},"excerpt":{"rendered":"<p>Der Stahl 1.4923 X22CrMoV12-1 ist ein hochfester Verg\u00fctungsstahl, der sich f\u00fcr Hochtemperaturanwendungen eignet und nicht korrosionsbest\u00e4ndig ist. Es f\u00e4llt in den Bereich der Materialien, die f\u00fcr die Herstellung von Verbindungselementen f\u00fcr Anwendungen von -200\u00b0 bis +700\u00b0C geeignet sind, wie in ISO 267-13 und ISO EN 10269 definiert. Der Stahl 1.4923 X22CrMoV12-1 wird insbesondere f\u00fcr Anwendungen [&hellip;]<\/p>\n","protected":false},"author":1,"featured_media":0,"parent":4508,"menu_order":0,"comment_status":"closed","ping_status":"closed","template":"","meta":{"footnotes":""},"class_list":["post-4526","page","type-page","status-publish","hentry"],"yoast_head":"<!-- This site is optimized with the Yoast SEO plugin v27.4 - https:\/\/yoast.com\/product\/yoast-seo-wordpress\/ -->\n<title>1.4923 X22CrMoV12-1 - M.F. INOX<\/title>\n<meta name=\"robots\" content=\"index, follow, max-snippet:-1, max-image-preview:large, max-video-preview:-1\" \/>\n<link rel=\"canonical\" href=\"https:\/\/mfinox.com\/de\/materialien\/1-4923-x22crmov12-1\/\" \/>\n<meta property=\"og:locale\" content=\"de_DE\" \/>\n<meta property=\"og:type\" content=\"article\" \/>\n<meta property=\"og:title\" content=\"1.4923 X22CrMoV12-1 - M.F. INOX\" \/>\n<meta property=\"og:description\" content=\"Der Stahl 1.4923 X22CrMoV12-1 ist ein hochfester Verg\u00fctungsstahl, der sich f\u00fcr Hochtemperaturanwendungen eignet und nicht korrosionsbest\u00e4ndig ist. Es f\u00e4llt in den Bereich der Materialien, die f\u00fcr die Herstellung von Verbindungselementen f\u00fcr Anwendungen von -200\u00b0 bis +700\u00b0C geeignet sind, wie in ISO 267-13 und ISO EN 10269 definiert. Der Stahl 1.4923 X22CrMoV12-1 wird insbesondere f\u00fcr Anwendungen [&hellip;]\" \/>\n<meta property=\"og:url\" content=\"https:\/\/mfinox.com\/de\/materialien\/1-4923-x22crmov12-1\/\" \/>\n<meta property=\"og:site_name\" content=\"M.F. INOX\" \/>\n<meta name=\"twitter:card\" content=\"summary_large_image\" \/>\n<meta name=\"twitter:label1\" content=\"Gesch\u00e4tzte Lesezeit\" \/>\n\t<meta name=\"twitter:data1\" content=\"1\u00a0Minute\" \/>\n<script type=\"application\/ld+json\" class=\"yoast-schema-graph\">{\"@context\":\"https:\\\/\\\/schema.org\",\"@graph\":[{\"@type\":\"WebPage\",\"@id\":\"https:\\\/\\\/mfinox.com\\\/de\\\/materialien\\\/1-4923-x22crmov12-1\\\/\",\"url\":\"https:\\\/\\\/mfinox.com\\\/de\\\/materialien\\\/1-4923-x22crmov12-1\\\/\",\"name\":\"1.4923 X22CrMoV12-1 - M.F. INOX\",\"isPartOf\":{\"@id\":\"https:\\\/\\\/mfinox.com\\\/de\\\/#website\"},\"datePublished\":\"2024-05-21T15:03:28+00:00\",\"breadcrumb\":{\"@id\":\"https:\\\/\\\/mfinox.com\\\/de\\\/materialien\\\/1-4923-x22crmov12-1\\\/#breadcrumb\"},\"inLanguage\":\"de\",\"potentialAction\":[{\"@type\":\"ReadAction\",\"target\":[\"https:\\\/\\\/mfinox.com\\\/de\\\/materialien\\\/1-4923-x22crmov12-1\\\/\"]}]},{\"@type\":\"BreadcrumbList\",\"@id\":\"https:\\\/\\\/mfinox.com\\\/de\\\/materialien\\\/1-4923-x22crmov12-1\\\/#breadcrumb\",\"itemListElement\":[{\"@type\":\"ListItem\",\"position\":1,\"name\":\"Home\",\"item\":\"https:\\\/\\\/mfinox.com\\\/de\\\/\"},{\"@type\":\"ListItem\",\"position\":2,\"name\":\"Materialien\",\"item\":\"https:\\\/\\\/mfinox.com\\\/de\\\/materialien\\\/\"},{\"@type\":\"ListItem\",\"position\":3,\"name\":\"1.4923 X22CrMoV12-1\"}]},{\"@type\":\"WebSite\",\"@id\":\"https:\\\/\\\/mfinox.com\\\/de\\\/#website\",\"url\":\"https:\\\/\\\/mfinox.com\\\/de\\\/\",\"name\":\"M.F. INOX\",\"description\":\"\",\"publisher\":{\"@id\":\"https:\\\/\\\/mfinox.com\\\/de\\\/#organization\"},\"potentialAction\":[{\"@type\":\"SearchAction\",\"target\":{\"@type\":\"EntryPoint\",\"urlTemplate\":\"https:\\\/\\\/mfinox.com\\\/de\\\/?s={search_term_string}\"},\"query-input\":{\"@type\":\"PropertyValueSpecification\",\"valueRequired\":true,\"valueName\":\"search_term_string\"}}],\"inLanguage\":\"de\"},{\"@type\":\"Organization\",\"@id\":\"https:\\\/\\\/mfinox.com\\\/de\\\/#organization\",\"name\":\"M.F. INOX\",\"url\":\"https:\\\/\\\/mfinox.com\\\/de\\\/\",\"logo\":{\"@type\":\"ImageObject\",\"inLanguage\":\"de\",\"@id\":\"https:\\\/\\\/mfinox.com\\\/de\\\/#\\\/schema\\\/logo\\\/image\\\/\",\"url\":\"https:\\\/\\\/mfinox.com\\\/wp-content\\\/uploads\\\/2024\\\/05\\\/mf-inox_logo_neg.png\",\"contentUrl\":\"https:\\\/\\\/mfinox.com\\\/wp-content\\\/uploads\\\/2024\\\/05\\\/mf-inox_logo_neg.png\",\"width\":1949,\"height\":662,\"caption\":\"M.F. INOX\"},\"image\":{\"@id\":\"https:\\\/\\\/mfinox.com\\\/de\\\/#\\\/schema\\\/logo\\\/image\\\/\"}}]}<\/script>\n<!-- \/ Yoast SEO plugin. -->","yoast_head_json":{"title":"1.4923 X22CrMoV12-1 - M.F. INOX","robots":{"index":"index","follow":"follow","max-snippet":"max-snippet:-1","max-image-preview":"max-image-preview:large","max-video-preview":"max-video-preview:-1"},"canonical":"https:\/\/mfinox.com\/de\/materialien\/1-4923-x22crmov12-1\/","og_locale":"de_DE","og_type":"article","og_title":"1.4923 X22CrMoV12-1 - M.F. INOX","og_description":"Der Stahl 1.4923 X22CrMoV12-1 ist ein hochfester Verg\u00fctungsstahl, der sich f\u00fcr Hochtemperaturanwendungen eignet und nicht korrosionsbest\u00e4ndig ist. Es f\u00e4llt in den Bereich der Materialien, die f\u00fcr die Herstellung von Verbindungselementen f\u00fcr Anwendungen von -200\u00b0 bis +700\u00b0C geeignet sind, wie in ISO 267-13 und ISO EN 10269 definiert. Der Stahl 1.4923 X22CrMoV12-1 wird insbesondere f\u00fcr Anwendungen [&hellip;]","og_url":"https:\/\/mfinox.com\/de\/materialien\/1-4923-x22crmov12-1\/","og_site_name":"M.F. INOX","twitter_card":"summary_large_image","twitter_misc":{"Gesch\u00e4tzte Lesezeit":"1\u00a0Minute"},"schema":{"@context":"https:\/\/schema.org","@graph":[{"@type":"WebPage","@id":"https:\/\/mfinox.com\/de\/materialien\/1-4923-x22crmov12-1\/","url":"https:\/\/mfinox.com\/de\/materialien\/1-4923-x22crmov12-1\/","name":"1.4923 X22CrMoV12-1 - M.F. INOX","isPartOf":{"@id":"https:\/\/mfinox.com\/de\/#website"},"datePublished":"2024-05-21T15:03:28+00:00","breadcrumb":{"@id":"https:\/\/mfinox.com\/de\/materialien\/1-4923-x22crmov12-1\/#breadcrumb"},"inLanguage":"de","potentialAction":[{"@type":"ReadAction","target":["https:\/\/mfinox.com\/de\/materialien\/1-4923-x22crmov12-1\/"]}]},{"@type":"BreadcrumbList","@id":"https:\/\/mfinox.com\/de\/materialien\/1-4923-x22crmov12-1\/#breadcrumb","itemListElement":[{"@type":"ListItem","position":1,"name":"Home","item":"https:\/\/mfinox.com\/de\/"},{"@type":"ListItem","position":2,"name":"Materialien","item":"https:\/\/mfinox.com\/de\/materialien\/"},{"@type":"ListItem","position":3,"name":"1.4923 X22CrMoV12-1"}]},{"@type":"WebSite","@id":"https:\/\/mfinox.com\/de\/#website","url":"https:\/\/mfinox.com\/de\/","name":"M.F. INOX","description":"","publisher":{"@id":"https:\/\/mfinox.com\/de\/#organization"},"potentialAction":[{"@type":"SearchAction","target":{"@type":"EntryPoint","urlTemplate":"https:\/\/mfinox.com\/de\/?s={search_term_string}"},"query-input":{"@type":"PropertyValueSpecification","valueRequired":true,"valueName":"search_term_string"}}],"inLanguage":"de"},{"@type":"Organization","@id":"https:\/\/mfinox.com\/de\/#organization","name":"M.F. INOX","url":"https:\/\/mfinox.com\/de\/","logo":{"@type":"ImageObject","inLanguage":"de","@id":"https:\/\/mfinox.com\/de\/#\/schema\/logo\/image\/","url":"https:\/\/mfinox.com\/wp-content\/uploads\/2024\/05\/mf-inox_logo_neg.png","contentUrl":"https:\/\/mfinox.com\/wp-content\/uploads\/2024\/05\/mf-inox_logo_neg.png","width":1949,"height":662,"caption":"M.F. INOX"},"image":{"@id":"https:\/\/mfinox.com\/de\/#\/schema\/logo\/image\/"}}]}},"_links":{"self":[{"href":"https:\/\/mfinox.com\/de\/wp-json\/wp\/v2\/pages\/4526","targetHints":{"allow":["GET"]}}],"collection":[{"href":"https:\/\/mfinox.com\/de\/wp-json\/wp\/v2\/pages"}],"about":[{"href":"https:\/\/mfinox.com\/de\/wp-json\/wp\/v2\/types\/page"}],"author":[{"embeddable":true,"href":"https:\/\/mfinox.com\/de\/wp-json\/wp\/v2\/users\/1"}],"replies":[{"embeddable":true,"href":"https:\/\/mfinox.com\/de\/wp-json\/wp\/v2\/comments?post=4526"}],"version-history":[{"count":0,"href":"https:\/\/mfinox.com\/de\/wp-json\/wp\/v2\/pages\/4526\/revisions"}],"up":[{"embeddable":true,"href":"https:\/\/mfinox.com\/de\/wp-json\/wp\/v2\/pages\/4508"}],"wp:attachment":[{"href":"https:\/\/mfinox.com\/de\/wp-json\/wp\/v2\/media?parent=4526"}],"curies":[{"name":"wp","href":"https:\/\/api.w.org\/{rel}","templated":true}]}}